{"id":11910,"date":"2023-01-24T15:06:23","date_gmt":"2023-01-24T15:06:23","guid":{"rendered":"https:\/libro\/el-gos-dels-baskerville\/"},"modified":"2023-01-24T15:06:23","modified_gmt":"2023-01-24T15:06:23","slug":"el-gos-dels-baskerville","status":"publish","type":"product","link":"https:\/\/www.laertes.es\/ca\/llibre\/el-gos-dels-baskerville\/","title":{"rendered":"El gos dels Baskerville"},"content":{"rendered":"","protected":false},"excerpt":{"rendered":"<p>El gos dels Baskerville \u00e9s la quarta i \u00faltima novel\u00b7la, i tamb\u00e9 la hist\u00f2ria m\u00e9s coherent, de Sherlock Holmes. Es tracta d&#8217;un cas gens dif\u00edcil de resoldre, en el qual es revela la identitat de l&#8217;assass\u00ed un cop recorreguts uns dos ter\u00e7os de l&#8217;obra. En ella es fa palesa la grapa de Sir Arthur Conan Doyle per fer sentir tot el terror i la solitud dels erms de Devon, revelats a trav\u00e9s dels controbats sentiments del metge abstemi. A partir d\u2019aquesta novel\u00b7la, Conan Doyle ja no escriuria m\u00e9s contes o narracions breus, per\u00f2 la parella formada per Holmes i el seu amic el doctor Watson encara perviuran en la seva literatura, fins i tot un sic a contracor del propi autor, que es veur\u00e0 impel\u00b7lit a fer-los protagonistes de m\u00faltiples misteris i aventures.<\/p>\n","protected":false},"featured_media":9942,"template":"","meta":[],"product_brand":[],"product_cat":[296],"product_tag":[],"autores":[388],"formatos":[355],"materias":[356],"class_list":{"0":"post-11910","1":"product","2":"type-product","3":"status-publish","4":"has-post-thumbnail","6":"product_cat-larca-ca","7":"autores-doyle-sir-arthur-conan-ca","8":"formatos-llibre","9":"materias-cuentos-clasicos-de-generos-fantasticos-ca","11":"first","12":"instock","13":"purchasable","14":"product-type-simple"},"yoast_head":"<!-- This site is optimized with the Yoast SEO plugin v27.3 - https:\/\/yoast.com\/product\/yoast-seo-wordpress\/ -->\n<title>El gos dels Baskerville | Laertes ediciones<\/title>\n<meta name=\"robots\" content=\"index, follow, max-snippet:-1, max-image-preview:large, max-video-preview:-1\" \/>\n<link rel=\"canonical\" href=\"https:\/\/www.laertes.es\/ca\/llibre\/el-gos-dels-baskerville\/\" \/>\n<meta property=\"og:locale\" content=\"ca_ES\" \/>\n<meta property=\"og:type\" content=\"article\" \/>\n<meta property=\"og:title\" content=\"El gos dels Baskerville | Laertes ediciones\" \/>\n<meta property=\"og:description\" content=\"El gos dels Baskerville \u00e9s la quarta i \u00faltima novel\u00b7la, i tamb\u00e9 la hist\u00f2ria m\u00e9s coherent, de Sherlock Holmes. Es tracta d&#039;un cas gens dif\u00edcil de resoldre, en el qual es revela la identitat de l&#039;assass\u00ed un cop recorreguts uns dos ter\u00e7os de l&#039;obra. En ella es fa palesa la grapa de Sir Arthur Conan Doyle per fer sentir tot el terror i la solitud dels erms de Devon, revelats a trav\u00e9s dels controbats sentiments del metge abstemi. A partir d\u2019aquesta novel\u00b7la, Conan Doyle ja no escriuria m\u00e9s contes o narracions breus, per\u00f2 la parella formada per Holmes i el seu amic el doctor Watson encara perviuran en la seva literatura, fins i tot un sic a contracor del propi autor, que es veur\u00e0 impel\u00b7lit a fer-los protagonistes de m\u00faltiples misteris i aventures.\" \/>\n<meta property=\"og:url\" content=\"https:\/\/www.laertes.es\/ca\/llibre\/el-gos-dels-baskerville\/\" \/>\n<meta property=\"og:site_name\" content=\"Laertes ediciones\" \/>\n<meta property=\"og:image\" content=\"https:\/\/www.laertes.es\/wp-content\/uploads\/2023\/01\/9788475841212.jpg\" \/>\n\t<meta property=\"og:image:width\" content=\"721\" \/>\n\t<meta property=\"og:image:height\" content=\"1166\" \/>\n\t<meta property=\"og:image:type\" content=\"image\/jpeg\" \/>\n<script type=\"application\/ld+json\" class=\"yoast-schema-graph\">{\"@context\":\"https:\\\/\\\/schema.org\",\"@graph\":[{\"@type\":\"WebPage\",\"@id\":\"https:\\\/\\\/www.laertes.es\\\/ca\\\/llibre\\\/el-gos-dels-baskerville\\\/\",\"url\":\"https:\\\/\\\/www.laertes.es\\\/ca\\\/llibre\\\/el-gos-dels-baskerville\\\/\",\"name\":\"El gos dels Baskerville | Laertes ediciones\",\"isPartOf\":{\"@id\":\"https:\\\/\\\/www.laertes.es\\\/ca\\\/#website\"},\"primaryImageOfPage\":{\"@id\":\"https:\\\/\\\/www.laertes.es\\\/ca\\\/llibre\\\/el-gos-dels-baskerville\\\/#primaryimage\"},\"image\":{\"@id\":\"https:\\\/\\\/www.laertes.es\\\/ca\\\/llibre\\\/el-gos-dels-baskerville\\\/#primaryimage\"},\"thumbnailUrl\":\"https:\\\/\\\/www.laertes.es\\\/wp-content\\\/uploads\\\/2023\\\/01\\\/9788475841212.jpg\",\"datePublished\":\"2023-01-24T15:06:23+00:00\",\"breadcrumb\":{\"@id\":\"https:\\\/\\\/www.laertes.es\\\/ca\\\/llibre\\\/el-gos-dels-baskerville\\\/#breadcrumb\"},\"inLanguage\":\"ca\",\"potentialAction\":[{\"@type\":\"ReadAction\",\"target\":[\"https:\\\/\\\/www.laertes.es\\\/ca\\\/llibre\\\/el-gos-dels-baskerville\\\/\"]}]},{\"@type\":\"ImageObject\",\"inLanguage\":\"ca\",\"@id\":\"https:\\\/\\\/www.laertes.es\\\/ca\\\/llibre\\\/el-gos-dels-baskerville\\\/#primaryimage\",\"url\":\"https:\\\/\\\/www.laertes.es\\\/wp-content\\\/uploads\\\/2023\\\/01\\\/9788475841212.jpg\",\"contentUrl\":\"https:\\\/\\\/www.laertes.es\\\/wp-content\\\/uploads\\\/2023\\\/01\\\/9788475841212.jpg\",\"width\":721,\"height\":1166},{\"@type\":\"BreadcrumbList\",\"@id\":\"https:\\\/\\\/www.laertes.es\\\/ca\\\/llibre\\\/el-gos-dels-baskerville\\\/#breadcrumb\",\"itemListElement\":[{\"@type\":\"ListItem\",\"position\":1,\"name\":\"Portada\",\"item\":\"https:\\\/\\\/www.laertes.es\\\/ca\\\/\"},{\"@type\":\"ListItem\",\"position\":2,\"name\":\"Tienda\",\"item\":\"https:\\\/\\\/www.laertes.es\\\/tienda\\\/\"},{\"@type\":\"ListItem\",\"position\":3,\"name\":\"El gos dels Baskerville\"}]},{\"@type\":\"WebSite\",\"@id\":\"https:\\\/\\\/www.laertes.es\\\/ca\\\/#website\",\"url\":\"https:\\\/\\\/www.laertes.es\\\/ca\\\/\",\"name\":\"Laertes Ediciones\",\"description\":\"Editorial independiente desde 1975\",\"alternateName\":\"Laertes\",\"potentialAction\":[{\"@type\":\"SearchAction\",\"target\":{\"@type\":\"EntryPoint\",\"urlTemplate\":\"https:\\\/\\\/www.laertes.es\\\/ca\\\/?s={search_term_string}\"},\"query-input\":{\"@type\":\"PropertyValueSpecification\",\"valueRequired\":true,\"valueName\":\"search_term_string\"}}],\"inLanguage\":\"ca\"}]}<\/script>\n<!-- \/ Yoast SEO plugin. -->","yoast_head_json":{"title":"El gos dels Baskerville | Laertes ediciones","robots":{"index":"index","follow":"follow","max-snippet":"max-snippet:-1","max-image-preview":"max-image-preview:large","max-video-preview":"max-video-preview:-1"},"canonical":"https:\/\/www.laertes.es\/ca\/llibre\/el-gos-dels-baskerville\/","og_locale":"ca_ES","og_type":"article","og_title":"El gos dels Baskerville | Laertes ediciones","og_description":"El gos dels Baskerville \u00e9s la quarta i \u00faltima novel\u00b7la, i tamb\u00e9 la hist\u00f2ria m\u00e9s coherent, de Sherlock Holmes. Es tracta d'un cas gens dif\u00edcil de resoldre, en el qual es revela la identitat de l'assass\u00ed un cop recorreguts uns dos ter\u00e7os de l'obra. En ella es fa palesa la grapa de Sir Arthur Conan Doyle per fer sentir tot el terror i la solitud dels erms de Devon, revelats a trav\u00e9s dels controbats sentiments del metge abstemi. A partir d\u2019aquesta novel\u00b7la, Conan Doyle ja no escriuria m\u00e9s contes o narracions breus, per\u00f2 la parella formada per Holmes i el seu amic el doctor Watson encara perviuran en la seva literatura, fins i tot un sic a contracor del propi autor, que es veur\u00e0 impel\u00b7lit a fer-los protagonistes de m\u00faltiples misteris i aventures.","og_url":"https:\/\/www.laertes.es\/ca\/llibre\/el-gos-dels-baskerville\/","og_site_name":"Laertes ediciones","og_image":[{"width":721,"height":1166,"url":"https:\/\/www.laertes.es\/wp-content\/uploads\/2023\/01\/9788475841212.jpg","type":"image\/jpeg"}],"schema":{"@context":"https:\/\/schema.org","@graph":[{"@type":"WebPage","@id":"https:\/\/www.laertes.es\/ca\/llibre\/el-gos-dels-baskerville\/","url":"https:\/\/www.laertes.es\/ca\/llibre\/el-gos-dels-baskerville\/","name":"El gos dels Baskerville | Laertes ediciones","isPartOf":{"@id":"https:\/\/www.laertes.es\/ca\/#website"},"primaryImageOfPage":{"@id":"https:\/\/www.laertes.es\/ca\/llibre\/el-gos-dels-baskerville\/#primaryimage"},"image":{"@id":"https:\/\/www.laertes.es\/ca\/llibre\/el-gos-dels-baskerville\/#primaryimage"},"thumbnailUrl":"https:\/\/www.laertes.es\/wp-content\/uploads\/2023\/01\/9788475841212.jpg","datePublished":"2023-01-24T15:06:23+00:00","breadcrumb":{"@id":"https:\/\/www.laertes.es\/ca\/llibre\/el-gos-dels-baskerville\/#breadcrumb"},"inLanguage":"ca","potentialAction":[{"@type":"ReadAction","target":["https:\/\/www.laertes.es\/ca\/llibre\/el-gos-dels-baskerville\/"]}]},{"@type":"ImageObject","inLanguage":"ca","@id":"https:\/\/www.laertes.es\/ca\/llibre\/el-gos-dels-baskerville\/#primaryimage","url":"https:\/\/www.laertes.es\/wp-content\/uploads\/2023\/01\/9788475841212.jpg","contentUrl":"https:\/\/www.laertes.es\/wp-content\/uploads\/2023\/01\/9788475841212.jpg","width":721,"height":1166},{"@type":"BreadcrumbList","@id":"https:\/\/www.laertes.es\/ca\/llibre\/el-gos-dels-baskerville\/#breadcrumb","itemListElement":[{"@type":"ListItem","position":1,"name":"Portada","item":"https:\/\/www.laertes.es\/ca\/"},{"@type":"ListItem","position":2,"name":"Tienda","item":"https:\/\/www.laertes.es\/tienda\/"},{"@type":"ListItem","position":3,"name":"El gos dels Baskerville"}]},{"@type":"WebSite","@id":"https:\/\/www.laertes.es\/ca\/#website","url":"https:\/\/www.laertes.es\/ca\/","name":"Laertes Ediciones","description":"Editorial independiente desde 1975","alternateName":"Laertes","potentialAction":[{"@type":"SearchAction","target":{"@type":"EntryPoint","urlTemplate":"https:\/\/www.laertes.es\/ca\/?s={search_term_string}"},"query-input":{"@type":"PropertyValueSpecification","valueRequired":true,"valueName":"search_term_string"}}],"inLanguage":"ca"}]}},"_links":{"self":[{"href":"https:\/\/www.laertes.es\/ca\/wp-json\/wp\/v2\/product\/11910","targetHints":{"allow":["GET"]}}],"collection":[{"href":"https:\/\/www.laertes.es\/ca\/wp-json\/wp\/v2\/product"}],"about":[{"href":"https:\/\/www.laertes.es\/ca\/wp-json\/wp\/v2\/types\/product"}],"version-history":[{"count":0,"href":"https:\/\/www.laertes.es\/ca\/wp-json\/wp\/v2\/product\/11910\/revisions"}],"wp:featuredmedia":[{"embeddable":true,"href":"https:\/\/www.laertes.es\/ca\/wp-json\/wp\/v2\/media\/9942"}],"wp:attachment":[{"href":"https:\/\/www.laertes.es\/ca\/wp-json\/wp\/v2\/media?parent=11910"}],"wp:term":[{"taxonomy":"product_brand","embeddable":true,"href":"https:\/\/www.laertes.es\/ca\/wp-json\/wp\/v2\/product_brand?post=11910"},{"taxonomy":"product_cat","embeddable":true,"href":"https:\/\/www.laertes.es\/ca\/wp-json\/wp\/v2\/product_cat?post=11910"},{"taxonomy":"product_tag","embeddable":true,"href":"https:\/\/www.laertes.es\/ca\/wp-json\/wp\/v2\/product_tag?post=11910"},{"taxonomy":"autores","embeddable":true,"href":"https:\/\/www.laertes.es\/ca\/wp-json\/wp\/v2\/autores?post=11910"},{"taxonomy":"formatos","embeddable":true,"href":"https:\/\/www.laertes.es\/ca\/wp-json\/wp\/v2\/formatos?post=11910"},{"taxonomy":"materias","embeddable":true,"href":"https:\/\/www.laertes.es\/ca\/wp-json\/wp\/v2\/materias?post=11910"}],"curies":[{"name":"wp","href":"https:\/\/api.w.org\/{rel}","templated":true}]}}