{"id":11907,"date":"2023-01-24T15:06:23","date_gmt":"2023-01-24T15:06:23","guid":{"rendered":"https:\/libro\/dracula\/"},"modified":"2023-05-09T09:58:07","modified_gmt":"2023-05-09T09:58:07","slug":"dracula","status":"publish","type":"product","link":"https:\/\/www.laertes.es\/ca\/llibre\/dracula\/","title":{"rendered":"Dr\u00e0cula"},"content":{"rendered":"<h1>Dr\u00e0cula<\/h1>\n<p>Dr\u00e0cula Des de 1867, en qu\u00e8 coneix l\u2019actor Henry Irving i es converteix en el seu secretari, fins que public\u00e0 <em>Dr\u00e0cula<\/em> (1897), transcorren trenta anys dels quals ben poca cosa sabem de la vida de Bram Stoker. Se sap que pertanyia a la societat \u201cGolden Dawn\u201d, de la qual eren membres tamb\u00e9 altres destacats escriptors de terror: Arthur Machen, Algernon Balckwood, Sax Rohmer&#8230;; se sap que de la lectura de la novel\u00b7la de Sheridan Le fanu, <em>Carmilla<\/em>, va influir-lo fins al punt de voler escriure una novel\u00b7la sobre vampirisme, i sabem, igualment, que el fal\u00b7la\u00e7 esc\u00e8ptic que era Sir Henry Irving va apostar-li que no l\u2019acabaria. Resultat d\u2019aquesta juguesca, <em>Dr\u00e0cula<\/em> \u00e9s una novel\u00b7la que mereix des del judici m\u00e9s elogi\u00f3s. Oscar wilde la qualific\u00e0 d&#8217;una de les millors novel\u00b7les de tots els temps fins a la valoraci\u00f3 m\u00e9s moderada, Montague Summer deia que \u00abest\u00e0 admirablement elaborada i, si tota l\u2019obra hagu\u00e9s mantingut el mateix nivell que la primera part, estar\u00edem davant d\u2019una aut\u00e8ntica obra mestra\u00bb. Ha estat tradu\u00efda a les lleng\u00fces m\u00e9s importants del m\u00f3n i sobre la qual s\u2019han fet nombroses versions cinematogr\u00e0fiques i diverses representacions teatrals.<\/p>\n<p>Des de 1867, en qu\u00e8 coneix l\u2019actor Henry Irving i es converteix en el seu secretari, fins que public\u00e0 <em>Dr\u00e0cula<\/em> (1897), transcorren trenta anys dels quals ben poca cosa sabem de la vida de Bram Stoker. Se sap que pertanyia a la societat \u201cGolden Dawn\u201d, de la qual eren membres tamb\u00e9 altres destacats escriptors de terror: Arthur Machen, Algernon Balckwood, Sax Rohmer&#8230;; se sap que de la lectura de la novel\u00b7la de Sheridan Le fanu, <em>Carmilla<\/em>, va influir-lo fins al punt de voler escriure una novel\u00b7la sobre vampirisme, i sabem, igualment, que el fal\u00b7la\u00e7 esc\u00e8ptic que era Sir Henry Irving va apostar-li que no l\u2019acabaria. Resultat d\u2019aquesta juguesca, <em>Dr\u00e0cula<\/em> \u00e9s una novel\u00b7la que mereix des del judici m\u00e9s elogi\u00f3s. Oscar wilde la qualific\u00e0 d&#8217;una de les millors novel\u00b7les de tots els temps fins a la valoraci\u00f3 m\u00e9s moderada, Montague Summer deia que \u00abest\u00e0 admirablement elaborada i, si tota l\u2019obra hagu\u00e9s mantingut el mateix nivell que la primera part, estar\u00edem davant d\u2019una aut\u00e8ntica obra mestra\u00bb. Ha estat tradu\u00efda a les lleng\u00fces m\u00e9s importants del m\u00f3n i sobre la qual s\u2019han fet nombroses versions cinematogr\u00e0fiques i diverses representacions teatrals.<\/p>\n","protected":false},"excerpt":{"rendered":"<p>Des de 1867, en qu\u00e8 coneix l\u2019actor Henry Irving i es converteix en el seu secretari, fins que public\u00e0 Dr\u00e1cula (1897), transcorren trenta anys dels quals ben poca cosa sabem de la vida de Bram Stoker. Se sap que pertanyia a la societat \u201cGolden Dawn\u201d, de la qual eren membres tamb\u00e9 altres destacats escriptors de terror: Arthur Machen, Algernon Balckwood, Sax Rohmer&#8230;; se sap que de la lectura de la novel\u00b7la de Sheridan Le fanu, Carmilla, va influir-lo fins al punt de voler escriure una novel\u00b7la sobre vampirisme, i sabem, igualment, que el fal\u00b7la\u00e7 esc\u00e8ptic que era Sir Henry Irving va apostar-li que no l\u2019acabaria. Resultat d\u2019aquesta juguesca, Dr\u00e1cula \u00e9s una novel\u00b7la que mereix des del judici m\u00e9s elogi\u00f3s. Oscar wilde la qualific\u00e0 com una de les millors novel\u00b7les de tots els temps fins a la valoraci\u00f3 m\u00e9s moderada, Montague Summer deia que \u00abest\u00e0 admirablement elaborada i, si tota l\u2019obra hagu\u00e9s mantingut el mateix nivell que la primera part, estar\u00edem davant d\u2019una aut\u00e8ntica obra mestra\u00bb. Ha estat tradu\u00efda a les lleng\u00fces m\u00e9s importants del m\u00f3n i sobre la qual s\u2019han fet nombroses verisons cinematogr\u00e0fiques i diverses representacions teatrals.<\/p>\n","protected":false},"featured_media":13712,"template":"","meta":[],"product_brand":[],"product_cat":[296],"product_tag":[672,1038],"autores":[391],"formatos":[355],"materias":[357],"class_list":{"0":"post-11907","1":"product","2":"type-product","3":"status-publish","4":"has-post-thumbnail","6":"product_cat-larca-ca","7":"product_tag-literatura-fantastica-ca","8":"product_tag-vampirs-ca","9":"autores-stoker-bram-ca","10":"formatos-llibre","11":"materias-terror-ca-ca","13":"first","14":"instock","15":"purchasable","16":"product-type-simple"},"yoast_head":"<!-- This site is optimized with the Yoast SEO plugin v27.3 - https:\/\/yoast.com\/product\/yoast-seo-wordpress\/ -->\n<title>Dr\u00e0cula | Laertes ediciones<\/title>\n<meta name=\"description\" content=\"Dr\u00e0cula | Oscar wilde la qualific\u00e0 d&#039;una de les millors novel\u00b7les de tots els temps, Dr\u00e0cula \u00e9s una novel\u00b7la que mereix des del judici m\u00e9s elogi\u00f3s.\" \/>\n<meta name=\"robots\" content=\"index, follow, max-snippet:-1, max-image-preview:large, max-video-preview:-1\" \/>\n<link rel=\"canonical\" href=\"https:\/\/www.laertes.es\/ca\/llibre\/dracula\/\" \/>\n<meta property=\"og:locale\" content=\"ca_ES\" \/>\n<meta property=\"og:type\" content=\"article\" \/>\n<meta property=\"og:title\" content=\"Dr\u00e0cula | Laertes ediciones\" \/>\n<meta property=\"og:description\" content=\"Dr\u00e0cula | Oscar wilde la qualific\u00e0 d&#039;una de les millors novel\u00b7les de tots els temps, Dr\u00e0cula \u00e9s una novel\u00b7la que mereix des del judici m\u00e9s elogi\u00f3s.\" \/>\n<meta property=\"og:url\" content=\"https:\/\/www.laertes.es\/ca\/llibre\/dracula\/\" \/>\n<meta property=\"og:site_name\" content=\"Laertes ediciones\" \/>\n<meta property=\"article:modified_time\" content=\"2023-05-09T09:58:07+00:00\" \/>\n<meta property=\"og:image\" content=\"https:\/\/www.laertes.es\/wp-content\/uploads\/2023\/01\/ARC008.webp\" \/>\n\t<meta property=\"og:image:width\" content=\"802\" \/>\n\t<meta property=\"og:image:height\" content=\"1200\" \/>\n\t<meta property=\"og:image:type\" content=\"image\/webp\" \/>\n<meta name=\"twitter:label1\" content=\"Temps estimat de lectura\" \/>\n\t<meta name=\"twitter:data1\" content=\"2 minuts\" \/>\n<script type=\"application\/ld+json\" class=\"yoast-schema-graph\">{\"@context\":\"https:\\\/\\\/schema.org\",\"@graph\":[{\"@type\":\"WebPage\",\"@id\":\"https:\\\/\\\/www.laertes.es\\\/ca\\\/llibre\\\/dracula\\\/\",\"url\":\"https:\\\/\\\/www.laertes.es\\\/ca\\\/llibre\\\/dracula\\\/\",\"name\":\"Dr\u00e0cula | Laertes ediciones\",\"isPartOf\":{\"@id\":\"https:\\\/\\\/www.laertes.es\\\/ca\\\/#website\"},\"primaryImageOfPage\":{\"@id\":\"https:\\\/\\\/www.laertes.es\\\/ca\\\/llibre\\\/dracula\\\/#primaryimage\"},\"image\":{\"@id\":\"https:\\\/\\\/www.laertes.es\\\/ca\\\/llibre\\\/dracula\\\/#primaryimage\"},\"thumbnailUrl\":\"https:\\\/\\\/www.laertes.es\\\/wp-content\\\/uploads\\\/2023\\\/01\\\/ARC008.webp\",\"datePublished\":\"2023-01-24T15:06:23+00:00\",\"dateModified\":\"2023-05-09T09:58:07+00:00\",\"description\":\"Dr\u00e0cula | Oscar wilde la qualific\u00e0 d'una de les millors novel\u00b7les de tots els temps, Dr\u00e0cula \u00e9s una novel\u00b7la que mereix des del judici m\u00e9s elogi\u00f3s.\",\"breadcrumb\":{\"@id\":\"https:\\\/\\\/www.laertes.es\\\/ca\\\/llibre\\\/dracula\\\/#breadcrumb\"},\"inLanguage\":\"ca\",\"potentialAction\":[{\"@type\":\"ReadAction\",\"target\":[\"https:\\\/\\\/www.laertes.es\\\/ca\\\/llibre\\\/dracula\\\/\"]}]},{\"@type\":\"ImageObject\",\"inLanguage\":\"ca\",\"@id\":\"https:\\\/\\\/www.laertes.es\\\/ca\\\/llibre\\\/dracula\\\/#primaryimage\",\"url\":\"https:\\\/\\\/www.laertes.es\\\/wp-content\\\/uploads\\\/2023\\\/01\\\/ARC008.webp\",\"contentUrl\":\"https:\\\/\\\/www.laertes.es\\\/wp-content\\\/uploads\\\/2023\\\/01\\\/ARC008.webp\",\"width\":802,\"height\":1200,\"caption\":\"Dr\u00e0cula\"},{\"@type\":\"BreadcrumbList\",\"@id\":\"https:\\\/\\\/www.laertes.es\\\/ca\\\/llibre\\\/dracula\\\/#breadcrumb\",\"itemListElement\":[{\"@type\":\"ListItem\",\"position\":1,\"name\":\"Portada\",\"item\":\"https:\\\/\\\/www.laertes.es\\\/ca\\\/\"},{\"@type\":\"ListItem\",\"position\":2,\"name\":\"Tienda\",\"item\":\"https:\\\/\\\/www.laertes.es\\\/tienda\\\/\"},{\"@type\":\"ListItem\",\"position\":3,\"name\":\"Dr\u00e0cula\"}]},{\"@type\":\"WebSite\",\"@id\":\"https:\\\/\\\/www.laertes.es\\\/ca\\\/#website\",\"url\":\"https:\\\/\\\/www.laertes.es\\\/ca\\\/\",\"name\":\"Laertes Ediciones\",\"description\":\"Editorial independiente desde 1975\",\"alternateName\":\"Laertes\",\"potentialAction\":[{\"@type\":\"SearchAction\",\"target\":{\"@type\":\"EntryPoint\",\"urlTemplate\":\"https:\\\/\\\/www.laertes.es\\\/ca\\\/?s={search_term_string}\"},\"query-input\":{\"@type\":\"PropertyValueSpecification\",\"valueRequired\":true,\"valueName\":\"search_term_string\"}}],\"inLanguage\":\"ca\"}]}<\/script>\n<!-- \/ Yoast SEO plugin. -->","yoast_head_json":{"title":"Dr\u00e0cula | Laertes ediciones","description":"Dr\u00e0cula | Oscar wilde la qualific\u00e0 d'una de les millors novel\u00b7les de tots els temps, Dr\u00e0cula \u00e9s una novel\u00b7la que mereix des del judici m\u00e9s elogi\u00f3s.","robots":{"index":"index","follow":"follow","max-snippet":"max-snippet:-1","max-image-preview":"max-image-preview:large","max-video-preview":"max-video-preview:-1"},"canonical":"https:\/\/www.laertes.es\/ca\/llibre\/dracula\/","og_locale":"ca_ES","og_type":"article","og_title":"Dr\u00e0cula | Laertes ediciones","og_description":"Dr\u00e0cula | Oscar wilde la qualific\u00e0 d'una de les millors novel\u00b7les de tots els temps, Dr\u00e0cula \u00e9s una novel\u00b7la que mereix des del judici m\u00e9s elogi\u00f3s.","og_url":"https:\/\/www.laertes.es\/ca\/llibre\/dracula\/","og_site_name":"Laertes ediciones","article_modified_time":"2023-05-09T09:58:07+00:00","og_image":[{"width":802,"height":1200,"url":"https:\/\/www.laertes.es\/wp-content\/uploads\/2023\/01\/ARC008.webp","type":"image\/webp"}],"twitter_misc":{"Temps estimat de lectura":"2 minuts"},"schema":{"@context":"https:\/\/schema.org","@graph":[{"@type":"WebPage","@id":"https:\/\/www.laertes.es\/ca\/llibre\/dracula\/","url":"https:\/\/www.laertes.es\/ca\/llibre\/dracula\/","name":"Dr\u00e0cula | Laertes ediciones","isPartOf":{"@id":"https:\/\/www.laertes.es\/ca\/#website"},"primaryImageOfPage":{"@id":"https:\/\/www.laertes.es\/ca\/llibre\/dracula\/#primaryimage"},"image":{"@id":"https:\/\/www.laertes.es\/ca\/llibre\/dracula\/#primaryimage"},"thumbnailUrl":"https:\/\/www.laertes.es\/wp-content\/uploads\/2023\/01\/ARC008.webp","datePublished":"2023-01-24T15:06:23+00:00","dateModified":"2023-05-09T09:58:07+00:00","description":"Dr\u00e0cula | Oscar wilde la qualific\u00e0 d'una de les millors novel\u00b7les de tots els temps, Dr\u00e0cula \u00e9s una novel\u00b7la que mereix des del judici m\u00e9s elogi\u00f3s.","breadcrumb":{"@id":"https:\/\/www.laertes.es\/ca\/llibre\/dracula\/#breadcrumb"},"inLanguage":"ca","potentialAction":[{"@type":"ReadAction","target":["https:\/\/www.laertes.es\/ca\/llibre\/dracula\/"]}]},{"@type":"ImageObject","inLanguage":"ca","@id":"https:\/\/www.laertes.es\/ca\/llibre\/dracula\/#primaryimage","url":"https:\/\/www.laertes.es\/wp-content\/uploads\/2023\/01\/ARC008.webp","contentUrl":"https:\/\/www.laertes.es\/wp-content\/uploads\/2023\/01\/ARC008.webp","width":802,"height":1200,"caption":"Dr\u00e0cula"},{"@type":"BreadcrumbList","@id":"https:\/\/www.laertes.es\/ca\/llibre\/dracula\/#breadcrumb","itemListElement":[{"@type":"ListItem","position":1,"name":"Portada","item":"https:\/\/www.laertes.es\/ca\/"},{"@type":"ListItem","position":2,"name":"Tienda","item":"https:\/\/www.laertes.es\/tienda\/"},{"@type":"ListItem","position":3,"name":"Dr\u00e0cula"}]},{"@type":"WebSite","@id":"https:\/\/www.laertes.es\/ca\/#website","url":"https:\/\/www.laertes.es\/ca\/","name":"Laertes Ediciones","description":"Editorial independiente desde 1975","alternateName":"Laertes","potentialAction":[{"@type":"SearchAction","target":{"@type":"EntryPoint","urlTemplate":"https:\/\/www.laertes.es\/ca\/?s={search_term_string}"},"query-input":{"@type":"PropertyValueSpecification","valueRequired":true,"valueName":"search_term_string"}}],"inLanguage":"ca"}]}},"_links":{"self":[{"href":"https:\/\/www.laertes.es\/ca\/wp-json\/wp\/v2\/product\/11907","targetHints":{"allow":["GET"]}}],"collection":[{"href":"https:\/\/www.laertes.es\/ca\/wp-json\/wp\/v2\/product"}],"about":[{"href":"https:\/\/www.laertes.es\/ca\/wp-json\/wp\/v2\/types\/product"}],"version-history":[{"count":1,"href":"https:\/\/www.laertes.es\/ca\/wp-json\/wp\/v2\/product\/11907\/revisions"}],"predecessor-version":[{"id":13714,"href":"https:\/\/www.laertes.es\/ca\/wp-json\/wp\/v2\/product\/11907\/revisions\/13714"}],"wp:featuredmedia":[{"embeddable":true,"href":"https:\/\/www.laertes.es\/ca\/wp-json\/wp\/v2\/media\/13712"}],"wp:attachment":[{"href":"https:\/\/www.laertes.es\/ca\/wp-json\/wp\/v2\/media?parent=11907"}],"wp:term":[{"taxonomy":"product_brand","embeddable":true,"href":"https:\/\/www.laertes.es\/ca\/wp-json\/wp\/v2\/product_brand?post=11907"},{"taxonomy":"product_cat","embeddable":true,"href":"https:\/\/www.laertes.es\/ca\/wp-json\/wp\/v2\/product_cat?post=11907"},{"taxonomy":"product_tag","embeddable":true,"href":"https:\/\/www.laertes.es\/ca\/wp-json\/wp\/v2\/product_tag?post=11907"},{"taxonomy":"autores","embeddable":true,"href":"https:\/\/www.laertes.es\/ca\/wp-json\/wp\/v2\/autores?post=11907"},{"taxonomy":"formatos","embeddable":true,"href":"https:\/\/www.laertes.es\/ca\/wp-json\/wp\/v2\/formatos?post=11907"},{"taxonomy":"materias","embeddable":true,"href":"https:\/\/www.laertes.es\/ca\/wp-json\/wp\/v2\/materias?post=11907"}],"curies":[{"name":"wp","href":"https:\/\/api.w.org\/{rel}","templated":true}]}}