{"id":11906,"date":"2023-01-24T15:06:43","date_gmt":"2023-01-24T15:06:43","guid":{"rendered":"https:\/libro\/el-fantasma-enamorat\/"},"modified":"2023-01-24T15:06:43","modified_gmt":"2023-01-24T15:06:43","slug":"el-fantasma-enamorat","status":"publish","type":"product","link":"https:\/\/www.laertes.es\/ca\/llibre\/el-fantasma-enamorat\/","title":{"rendered":"El fantasma enamorat"},"content":{"rendered":"","protected":false},"excerpt":{"rendered":"<p>Per als amants de la literatura fant\u00e0stica, Vernon Lee ha aconseguit un p\u00fablic d&#8217;adeptes incondicionals gr\u00e0cies a la seva petita obra mestra El fantasma enamorat (The Phantom Lover, 1886), que la col\u00b7lecci\u00f3 \u00abL&#8217;Arc\u00e0\u00bb posa ara a l&#8217;abast del lector catal\u00e0 actual. Formada en la millor escola narrativa del segle XIX, Vernon Lee aconsegueix de donar un sentit estructural a aquest relat, fins al punt que avui, m\u00e9s d&#8217;un segle despr\u00e9s, sorprendr\u00e0 m\u00e9s d&#8217;un lector per l&#8217;habilitat dels seus recursos i per la mateixa qualitat liter\u00e0ria. Un tipus de recursos que han sabut aprofitar molt b\u00e9 novel\u00b7listes com Daphne du Maurier. Un terratinent, all\u00e0 a Okehurst, encarrega a un pintor desvagat \u2014narrador al mateix temps del relat\u2014 que faci el retrat de la seva esposa. El pintor, d&#8217;entrada, accepta la proposta amb una certa desgana i indifer\u00e8ncia, ja que va curt de feina. Per\u00f2 aviat aquesta indifer\u00e8ncia inicial es transforma en el comen\u00e7 d&#8217;una folla passi\u00f3 \u2014amorosa?\u2014 que acabar\u00e0 fascinant-lo, i fascinant-nos, d&#8217;una manera irremissible.<\/p>\n","protected":false},"featured_media":10080,"template":"","meta":[],"product_brand":[],"product_cat":[296],"product_tag":[],"autores":[407],"formatos":[355],"materias":[356],"class_list":{"0":"post-11906","1":"product","2":"type-product","3":"status-publish","4":"has-post-thumbnail","6":"product_cat-larca-ca","7":"autores-lee-vernon-ca","8":"formatos-llibre","9":"materias-cuentos-clasicos-de-generos-fantasticos-ca","11":"first","12":"instock","13":"product-type-simple"},"yoast_head":"<!-- This site is optimized with the Yoast SEO plugin v27.3 - https:\/\/yoast.com\/product\/yoast-seo-wordpress\/ -->\n<title>El fantasma enamorat | Laertes ediciones<\/title>\n<meta name=\"robots\" content=\"index, follow, max-snippet:-1, max-image-preview:large, max-video-preview:-1\" \/>\n<link rel=\"canonical\" href=\"https:\/\/www.laertes.es\/ca\/llibre\/el-fantasma-enamorat\/\" \/>\n<meta property=\"og:locale\" content=\"ca_ES\" \/>\n<meta property=\"og:type\" content=\"article\" \/>\n<meta property=\"og:title\" content=\"El fantasma enamorat | Laertes ediciones\" \/>\n<meta property=\"og:description\" content=\"Per als amants de la literatura fant\u00e0stica, Vernon Lee ha aconseguit un p\u00fablic d&#039;adeptes incondicionals gr\u00e0cies a la seva petita obra mestra El fantasma enamorat (The Phantom Lover, 1886), que la col\u00b7lecci\u00f3 \u00abL&#039;Arc\u00e0\u00bb posa ara a l&#039;abast del lector catal\u00e0 actual. Formada en la millor escola narrativa del segle XIX, Vernon Lee aconsegueix de donar un sentit estructural a aquest relat, fins al punt que avui, m\u00e9s d&#039;un segle despr\u00e9s, sorprendr\u00e0 m\u00e9s d&#039;un lector per l&#039;habilitat dels seus recursos i per la mateixa qualitat liter\u00e0ria. Un tipus de recursos que han sabut aprofitar molt b\u00e9 novel\u00b7listes com Daphne du Maurier. Un terratinent, all\u00e0 a Okehurst, encarrega a un pintor desvagat \u2014narrador al mateix temps del relat\u2014 que faci el retrat de la seva esposa. El pintor, d&#039;entrada, accepta la proposta amb una certa desgana i indifer\u00e8ncia, ja que va curt de feina. Per\u00f2 aviat aquesta indifer\u00e8ncia inicial es transforma en el comen\u00e7 d&#039;una folla passi\u00f3 \u2014amorosa?\u2014 que acabar\u00e0 fascinant-lo, i fascinant-nos, d&#039;una manera irremissible.\" \/>\n<meta property=\"og:url\" content=\"https:\/\/www.laertes.es\/ca\/llibre\/el-fantasma-enamorat\/\" \/>\n<meta property=\"og:site_name\" content=\"Laertes ediciones\" \/>\n<meta property=\"og:image\" content=\"https:\/\/www.laertes.es\/wp-content\/uploads\/2023\/01\/9788476120491.jpg\" \/>\n\t<meta property=\"og:image:width\" content=\"502\" \/>\n\t<meta property=\"og:image:height\" content=\"800\" \/>\n\t<meta property=\"og:image:type\" content=\"image\/jpeg\" \/>\n<script type=\"application\/ld+json\" class=\"yoast-schema-graph\">{\"@context\":\"https:\\\/\\\/schema.org\",\"@graph\":[{\"@type\":\"WebPage\",\"@id\":\"https:\\\/\\\/www.laertes.es\\\/ca\\\/llibre\\\/el-fantasma-enamorat\\\/\",\"url\":\"https:\\\/\\\/www.laertes.es\\\/ca\\\/llibre\\\/el-fantasma-enamorat\\\/\",\"name\":\"El fantasma enamorat | Laertes ediciones\",\"isPartOf\":{\"@id\":\"https:\\\/\\\/www.laertes.es\\\/ca\\\/#website\"},\"primaryImageOfPage\":{\"@id\":\"https:\\\/\\\/www.laertes.es\\\/ca\\\/llibre\\\/el-fantasma-enamorat\\\/#primaryimage\"},\"image\":{\"@id\":\"https:\\\/\\\/www.laertes.es\\\/ca\\\/llibre\\\/el-fantasma-enamorat\\\/#primaryimage\"},\"thumbnailUrl\":\"https:\\\/\\\/www.laertes.es\\\/wp-content\\\/uploads\\\/2023\\\/01\\\/9788476120491.jpg\",\"datePublished\":\"2023-01-24T15:06:43+00:00\",\"breadcrumb\":{\"@id\":\"https:\\\/\\\/www.laertes.es\\\/ca\\\/llibre\\\/el-fantasma-enamorat\\\/#breadcrumb\"},\"inLanguage\":\"ca\",\"potentialAction\":[{\"@type\":\"ReadAction\",\"target\":[\"https:\\\/\\\/www.laertes.es\\\/ca\\\/llibre\\\/el-fantasma-enamorat\\\/\"]}]},{\"@type\":\"ImageObject\",\"inLanguage\":\"ca\",\"@id\":\"https:\\\/\\\/www.laertes.es\\\/ca\\\/llibre\\\/el-fantasma-enamorat\\\/#primaryimage\",\"url\":\"https:\\\/\\\/www.laertes.es\\\/wp-content\\\/uploads\\\/2023\\\/01\\\/9788476120491.jpg\",\"contentUrl\":\"https:\\\/\\\/www.laertes.es\\\/wp-content\\\/uploads\\\/2023\\\/01\\\/9788476120491.jpg\",\"width\":502,\"height\":800},{\"@type\":\"BreadcrumbList\",\"@id\":\"https:\\\/\\\/www.laertes.es\\\/ca\\\/llibre\\\/el-fantasma-enamorat\\\/#breadcrumb\",\"itemListElement\":[{\"@type\":\"ListItem\",\"position\":1,\"name\":\"Portada\",\"item\":\"https:\\\/\\\/www.laertes.es\\\/ca\\\/\"},{\"@type\":\"ListItem\",\"position\":2,\"name\":\"Tienda\",\"item\":\"https:\\\/\\\/www.laertes.es\\\/tienda\\\/\"},{\"@type\":\"ListItem\",\"position\":3,\"name\":\"El fantasma enamorat\"}]},{\"@type\":\"WebSite\",\"@id\":\"https:\\\/\\\/www.laertes.es\\\/ca\\\/#website\",\"url\":\"https:\\\/\\\/www.laertes.es\\\/ca\\\/\",\"name\":\"Laertes Ediciones\",\"description\":\"Editorial independiente desde 1975\",\"alternateName\":\"Laertes\",\"potentialAction\":[{\"@type\":\"SearchAction\",\"target\":{\"@type\":\"EntryPoint\",\"urlTemplate\":\"https:\\\/\\\/www.laertes.es\\\/ca\\\/?s={search_term_string}\"},\"query-input\":{\"@type\":\"PropertyValueSpecification\",\"valueRequired\":true,\"valueName\":\"search_term_string\"}}],\"inLanguage\":\"ca\"}]}<\/script>\n<!-- \/ Yoast SEO plugin. -->","yoast_head_json":{"title":"El fantasma enamorat | Laertes ediciones","robots":{"index":"index","follow":"follow","max-snippet":"max-snippet:-1","max-image-preview":"max-image-preview:large","max-video-preview":"max-video-preview:-1"},"canonical":"https:\/\/www.laertes.es\/ca\/llibre\/el-fantasma-enamorat\/","og_locale":"ca_ES","og_type":"article","og_title":"El fantasma enamorat | Laertes ediciones","og_description":"Per als amants de la literatura fant\u00e0stica, Vernon Lee ha aconseguit un p\u00fablic d'adeptes incondicionals gr\u00e0cies a la seva petita obra mestra El fantasma enamorat (The Phantom Lover, 1886), que la col\u00b7lecci\u00f3 \u00abL'Arc\u00e0\u00bb posa ara a l'abast del lector catal\u00e0 actual. Formada en la millor escola narrativa del segle XIX, Vernon Lee aconsegueix de donar un sentit estructural a aquest relat, fins al punt que avui, m\u00e9s d'un segle despr\u00e9s, sorprendr\u00e0 m\u00e9s d'un lector per l'habilitat dels seus recursos i per la mateixa qualitat liter\u00e0ria. Un tipus de recursos que han sabut aprofitar molt b\u00e9 novel\u00b7listes com Daphne du Maurier. Un terratinent, all\u00e0 a Okehurst, encarrega a un pintor desvagat \u2014narrador al mateix temps del relat\u2014 que faci el retrat de la seva esposa. El pintor, d'entrada, accepta la proposta amb una certa desgana i indifer\u00e8ncia, ja que va curt de feina. Per\u00f2 aviat aquesta indifer\u00e8ncia inicial es transforma en el comen\u00e7 d'una folla passi\u00f3 \u2014amorosa?\u2014 que acabar\u00e0 fascinant-lo, i fascinant-nos, d'una manera irremissible.","og_url":"https:\/\/www.laertes.es\/ca\/llibre\/el-fantasma-enamorat\/","og_site_name":"Laertes ediciones","og_image":[{"width":502,"height":800,"url":"https:\/\/www.laertes.es\/wp-content\/uploads\/2023\/01\/9788476120491.jpg","type":"image\/jpeg"}],"schema":{"@context":"https:\/\/schema.org","@graph":[{"@type":"WebPage","@id":"https:\/\/www.laertes.es\/ca\/llibre\/el-fantasma-enamorat\/","url":"https:\/\/www.laertes.es\/ca\/llibre\/el-fantasma-enamorat\/","name":"El fantasma enamorat | Laertes ediciones","isPartOf":{"@id":"https:\/\/www.laertes.es\/ca\/#website"},"primaryImageOfPage":{"@id":"https:\/\/www.laertes.es\/ca\/llibre\/el-fantasma-enamorat\/#primaryimage"},"image":{"@id":"https:\/\/www.laertes.es\/ca\/llibre\/el-fantasma-enamorat\/#primaryimage"},"thumbnailUrl":"https:\/\/www.laertes.es\/wp-content\/uploads\/2023\/01\/9788476120491.jpg","datePublished":"2023-01-24T15:06:43+00:00","breadcrumb":{"@id":"https:\/\/www.laertes.es\/ca\/llibre\/el-fantasma-enamorat\/#breadcrumb"},"inLanguage":"ca","potentialAction":[{"@type":"ReadAction","target":["https:\/\/www.laertes.es\/ca\/llibre\/el-fantasma-enamorat\/"]}]},{"@type":"ImageObject","inLanguage":"ca","@id":"https:\/\/www.laertes.es\/ca\/llibre\/el-fantasma-enamorat\/#primaryimage","url":"https:\/\/www.laertes.es\/wp-content\/uploads\/2023\/01\/9788476120491.jpg","contentUrl":"https:\/\/www.laertes.es\/wp-content\/uploads\/2023\/01\/9788476120491.jpg","width":502,"height":800},{"@type":"BreadcrumbList","@id":"https:\/\/www.laertes.es\/ca\/llibre\/el-fantasma-enamorat\/#breadcrumb","itemListElement":[{"@type":"ListItem","position":1,"name":"Portada","item":"https:\/\/www.laertes.es\/ca\/"},{"@type":"ListItem","position":2,"name":"Tienda","item":"https:\/\/www.laertes.es\/tienda\/"},{"@type":"ListItem","position":3,"name":"El fantasma enamorat"}]},{"@type":"WebSite","@id":"https:\/\/www.laertes.es\/ca\/#website","url":"https:\/\/www.laertes.es\/ca\/","name":"Laertes Ediciones","description":"Editorial independiente desde 1975","alternateName":"Laertes","potentialAction":[{"@type":"SearchAction","target":{"@type":"EntryPoint","urlTemplate":"https:\/\/www.laertes.es\/ca\/?s={search_term_string}"},"query-input":{"@type":"PropertyValueSpecification","valueRequired":true,"valueName":"search_term_string"}}],"inLanguage":"ca"}]}},"_links":{"self":[{"href":"https:\/\/www.laertes.es\/ca\/wp-json\/wp\/v2\/product\/11906","targetHints":{"allow":["GET"]}}],"collection":[{"href":"https:\/\/www.laertes.es\/ca\/wp-json\/wp\/v2\/product"}],"about":[{"href":"https:\/\/www.laertes.es\/ca\/wp-json\/wp\/v2\/types\/product"}],"version-history":[{"count":0,"href":"https:\/\/www.laertes.es\/ca\/wp-json\/wp\/v2\/product\/11906\/revisions"}],"wp:featuredmedia":[{"embeddable":true,"href":"https:\/\/www.laertes.es\/ca\/wp-json\/wp\/v2\/media\/10080"}],"wp:attachment":[{"href":"https:\/\/www.laertes.es\/ca\/wp-json\/wp\/v2\/media?parent=11906"}],"wp:term":[{"taxonomy":"product_brand","embeddable":true,"href":"https:\/\/www.laertes.es\/ca\/wp-json\/wp\/v2\/product_brand?post=11906"},{"taxonomy":"product_cat","embeddable":true,"href":"https:\/\/www.laertes.es\/ca\/wp-json\/wp\/v2\/product_cat?post=11906"},{"taxonomy":"product_tag","embeddable":true,"href":"https:\/\/www.laertes.es\/ca\/wp-json\/wp\/v2\/product_tag?post=11906"},{"taxonomy":"autores","embeddable":true,"href":"https:\/\/www.laertes.es\/ca\/wp-json\/wp\/v2\/autores?post=11906"},{"taxonomy":"formatos","embeddable":true,"href":"https:\/\/www.laertes.es\/ca\/wp-json\/wp\/v2\/formatos?post=11906"},{"taxonomy":"materias","embeddable":true,"href":"https:\/\/www.laertes.es\/ca\/wp-json\/wp\/v2\/materias?post=11906"}],"curies":[{"name":"wp","href":"https:\/\/api.w.org\/{rel}","templated":true}]}}