{"id":11905,"date":"2023-01-24T15:06:43","date_gmt":"2023-01-24T15:06:43","guid":{"rendered":"https:\/libro\/escac-i-mat\/"},"modified":"2024-08-20T20:51:06","modified_gmt":"2024-08-20T20:51:06","slug":"escac-i-mat","status":"publish","type":"product","link":"https:\/\/www.laertes.es\/ca\/llibre\/escac-i-mat\/","title":{"rendered":"Escac i mat!"},"content":{"rendered":"","protected":false},"excerpt":{"rendered":"<p>En aquest volum presentem, per primera vegada en catal\u00e0, una petita mostra dels innombrables contes d&#8217;\u0092horror que Bierce escriv\u00ed. S\u00f3n relats que van des de la concreci\u00f3, amb el tema del robot, com en el cas del conte, quasi de ci\u00e8ncia ficci\u00f3, fins a la inconcreci\u00f3, amb el tema del monstre invisible, com \u0093La cosa male\u00efda\u0094, passant pel model g\u00f2tic, com en \u0093El cam\u00ed a la lluna\u0094. I un conte magistral: \u0093Un succ\u00e9s en el pont sobre el riu Owl\u0094, que f\u00e9u declarar a Crane: \u0093Aquest conte ho cont\u00e9 tot.<\/p>\n","protected":false},"featured_media":9958,"template":"","meta":[],"product_brand":[],"product_cat":[296],"product_tag":[],"autores":[408],"formatos":[355],"materias":[356],"class_list":{"0":"post-11905","1":"product","2":"type-product","3":"status-publish","4":"has-post-thumbnail","6":"product_cat-larca-ca","7":"autores-bierce-ambrose-ca","8":"formatos-llibre","9":"materias-cuentos-clasicos-de-generos-fantasticos-ca","11":"first","12":"outofstock","13":"product-type-simple"},"yoast_head":"<!-- This site is optimized with the Yoast SEO plugin v27.4 - https:\/\/yoast.com\/product\/yoast-seo-wordpress\/ -->\n<title>Escac i mat! | Laertes ediciones<\/title>\n<meta name=\"robots\" content=\"index, follow, max-snippet:-1, max-image-preview:large, max-video-preview:-1\" \/>\n<link rel=\"canonical\" href=\"https:\/\/www.laertes.es\/ca\/llibre\/escac-i-mat\/\" \/>\n<meta property=\"og:locale\" content=\"ca_ES\" \/>\n<meta property=\"og:type\" content=\"article\" \/>\n<meta property=\"og:title\" content=\"Escac i mat! | Laertes ediciones\" \/>\n<meta property=\"og:description\" content=\"En aquest volum presentem, per primera vegada en catal\u00e0, una petita mostra dels innombrables contes d&#039;\u0092horror que Bierce escriv\u00ed. S\u00f3n relats que van des de la concreci\u00f3, amb el tema del robot, com en el cas del conte, quasi de ci\u00e8ncia ficci\u00f3, fins a la inconcreci\u00f3, amb el tema del monstre invisible, com \u0093La cosa male\u00efda\u0094, passant pel model g\u00f2tic, com en \u0093El cam\u00ed a la lluna\u0094. I un conte magistral: \u0093Un succ\u00e9s en el pont sobre el riu Owl\u0094, que f\u00e9u declarar a Crane: \u0093Aquest conte ho cont\u00e9 tot.\" \/>\n<meta property=\"og:url\" content=\"https:\/\/www.laertes.es\/ca\/llibre\/escac-i-mat\/\" \/>\n<meta property=\"og:site_name\" content=\"Laertes ediciones\" \/>\n<meta property=\"article:modified_time\" content=\"2024-08-20T20:51:06+00:00\" \/>\n<meta property=\"og:image\" content=\"https:\/\/www.laertes.es\/wp-content\/uploads\/2023\/01\/9788476120484.jpg\" \/>\n\t<meta property=\"og:image:width\" content=\"712\" \/>\n\t<meta property=\"og:image:height\" content=\"1148\" \/>\n\t<meta property=\"og:image:type\" content=\"image\/jpeg\" \/>\n<script type=\"application\/ld+json\" class=\"yoast-schema-graph\">{\"@context\":\"https:\\\/\\\/schema.org\",\"@graph\":[{\"@type\":\"WebPage\",\"@id\":\"https:\\\/\\\/www.laertes.es\\\/ca\\\/llibre\\\/escac-i-mat\\\/\",\"url\":\"https:\\\/\\\/www.laertes.es\\\/ca\\\/llibre\\\/escac-i-mat\\\/\",\"name\":\"Escac i mat! | Laertes ediciones\",\"isPartOf\":{\"@id\":\"https:\\\/\\\/www.laertes.es\\\/ca\\\/#website\"},\"primaryImageOfPage\":{\"@id\":\"https:\\\/\\\/www.laertes.es\\\/ca\\\/llibre\\\/escac-i-mat\\\/#primaryimage\"},\"image\":{\"@id\":\"https:\\\/\\\/www.laertes.es\\\/ca\\\/llibre\\\/escac-i-mat\\\/#primaryimage\"},\"thumbnailUrl\":\"https:\\\/\\\/www.laertes.es\\\/wp-content\\\/uploads\\\/2023\\\/01\\\/9788476120484.jpg\",\"datePublished\":\"2023-01-24T15:06:43+00:00\",\"dateModified\":\"2024-08-20T20:51:06+00:00\",\"breadcrumb\":{\"@id\":\"https:\\\/\\\/www.laertes.es\\\/ca\\\/llibre\\\/escac-i-mat\\\/#breadcrumb\"},\"inLanguage\":\"ca\",\"potentialAction\":[{\"@type\":\"ReadAction\",\"target\":[\"https:\\\/\\\/www.laertes.es\\\/ca\\\/llibre\\\/escac-i-mat\\\/\"]}]},{\"@type\":\"ImageObject\",\"inLanguage\":\"ca\",\"@id\":\"https:\\\/\\\/www.laertes.es\\\/ca\\\/llibre\\\/escac-i-mat\\\/#primaryimage\",\"url\":\"https:\\\/\\\/www.laertes.es\\\/wp-content\\\/uploads\\\/2023\\\/01\\\/9788476120484.jpg\",\"contentUrl\":\"https:\\\/\\\/www.laertes.es\\\/wp-content\\\/uploads\\\/2023\\\/01\\\/9788476120484.jpg\",\"width\":712,\"height\":1148},{\"@type\":\"BreadcrumbList\",\"@id\":\"https:\\\/\\\/www.laertes.es\\\/ca\\\/llibre\\\/escac-i-mat\\\/#breadcrumb\",\"itemListElement\":[{\"@type\":\"ListItem\",\"position\":1,\"name\":\"Portada\",\"item\":\"https:\\\/\\\/www.laertes.es\\\/ca\\\/\"},{\"@type\":\"ListItem\",\"position\":2,\"name\":\"Tienda\",\"item\":\"https:\\\/\\\/www.laertes.es\\\/tienda\\\/\"},{\"@type\":\"ListItem\",\"position\":3,\"name\":\"Escac i mat!\"}]},{\"@type\":\"WebSite\",\"@id\":\"https:\\\/\\\/www.laertes.es\\\/ca\\\/#website\",\"url\":\"https:\\\/\\\/www.laertes.es\\\/ca\\\/\",\"name\":\"Laertes Ediciones\",\"description\":\"Editorial independiente desde 1975\",\"alternateName\":\"Laertes\",\"potentialAction\":[{\"@type\":\"SearchAction\",\"target\":{\"@type\":\"EntryPoint\",\"urlTemplate\":\"https:\\\/\\\/www.laertes.es\\\/ca\\\/?s={search_term_string}\"},\"query-input\":{\"@type\":\"PropertyValueSpecification\",\"valueRequired\":true,\"valueName\":\"search_term_string\"}}],\"inLanguage\":\"ca\"}]}<\/script>\n<!-- \/ Yoast SEO plugin. -->","yoast_head_json":{"title":"Escac i mat! | Laertes ediciones","robots":{"index":"index","follow":"follow","max-snippet":"max-snippet:-1","max-image-preview":"max-image-preview:large","max-video-preview":"max-video-preview:-1"},"canonical":"https:\/\/www.laertes.es\/ca\/llibre\/escac-i-mat\/","og_locale":"ca_ES","og_type":"article","og_title":"Escac i mat! | Laertes ediciones","og_description":"En aquest volum presentem, per primera vegada en catal\u00e0, una petita mostra dels innombrables contes d'\u0092horror que Bierce escriv\u00ed. S\u00f3n relats que van des de la concreci\u00f3, amb el tema del robot, com en el cas del conte, quasi de ci\u00e8ncia ficci\u00f3, fins a la inconcreci\u00f3, amb el tema del monstre invisible, com \u0093La cosa male\u00efda\u0094, passant pel model g\u00f2tic, com en \u0093El cam\u00ed a la lluna\u0094. I un conte magistral: \u0093Un succ\u00e9s en el pont sobre el riu Owl\u0094, que f\u00e9u declarar a Crane: \u0093Aquest conte ho cont\u00e9 tot.","og_url":"https:\/\/www.laertes.es\/ca\/llibre\/escac-i-mat\/","og_site_name":"Laertes ediciones","article_modified_time":"2024-08-20T20:51:06+00:00","og_image":[{"width":712,"height":1148,"url":"https:\/\/www.laertes.es\/wp-content\/uploads\/2023\/01\/9788476120484.jpg","type":"image\/jpeg"}],"schema":{"@context":"https:\/\/schema.org","@graph":[{"@type":"WebPage","@id":"https:\/\/www.laertes.es\/ca\/llibre\/escac-i-mat\/","url":"https:\/\/www.laertes.es\/ca\/llibre\/escac-i-mat\/","name":"Escac i mat! | Laertes ediciones","isPartOf":{"@id":"https:\/\/www.laertes.es\/ca\/#website"},"primaryImageOfPage":{"@id":"https:\/\/www.laertes.es\/ca\/llibre\/escac-i-mat\/#primaryimage"},"image":{"@id":"https:\/\/www.laertes.es\/ca\/llibre\/escac-i-mat\/#primaryimage"},"thumbnailUrl":"https:\/\/www.laertes.es\/wp-content\/uploads\/2023\/01\/9788476120484.jpg","datePublished":"2023-01-24T15:06:43+00:00","dateModified":"2024-08-20T20:51:06+00:00","breadcrumb":{"@id":"https:\/\/www.laertes.es\/ca\/llibre\/escac-i-mat\/#breadcrumb"},"inLanguage":"ca","potentialAction":[{"@type":"ReadAction","target":["https:\/\/www.laertes.es\/ca\/llibre\/escac-i-mat\/"]}]},{"@type":"ImageObject","inLanguage":"ca","@id":"https:\/\/www.laertes.es\/ca\/llibre\/escac-i-mat\/#primaryimage","url":"https:\/\/www.laertes.es\/wp-content\/uploads\/2023\/01\/9788476120484.jpg","contentUrl":"https:\/\/www.laertes.es\/wp-content\/uploads\/2023\/01\/9788476120484.jpg","width":712,"height":1148},{"@type":"BreadcrumbList","@id":"https:\/\/www.laertes.es\/ca\/llibre\/escac-i-mat\/#breadcrumb","itemListElement":[{"@type":"ListItem","position":1,"name":"Portada","item":"https:\/\/www.laertes.es\/ca\/"},{"@type":"ListItem","position":2,"name":"Tienda","item":"https:\/\/www.laertes.es\/tienda\/"},{"@type":"ListItem","position":3,"name":"Escac i mat!"}]},{"@type":"WebSite","@id":"https:\/\/www.laertes.es\/ca\/#website","url":"https:\/\/www.laertes.es\/ca\/","name":"Laertes Ediciones","description":"Editorial independiente desde 1975","alternateName":"Laertes","potentialAction":[{"@type":"SearchAction","target":{"@type":"EntryPoint","urlTemplate":"https:\/\/www.laertes.es\/ca\/?s={search_term_string}"},"query-input":{"@type":"PropertyValueSpecification","valueRequired":true,"valueName":"search_term_string"}}],"inLanguage":"ca"}]}},"_links":{"self":[{"href":"https:\/\/www.laertes.es\/ca\/wp-json\/wp\/v2\/product\/11905","targetHints":{"allow":["GET"]}}],"collection":[{"href":"https:\/\/www.laertes.es\/ca\/wp-json\/wp\/v2\/product"}],"about":[{"href":"https:\/\/www.laertes.es\/ca\/wp-json\/wp\/v2\/types\/product"}],"version-history":[{"count":1,"href":"https:\/\/www.laertes.es\/ca\/wp-json\/wp\/v2\/product\/11905\/revisions"}],"predecessor-version":[{"id":15260,"href":"https:\/\/www.laertes.es\/ca\/wp-json\/wp\/v2\/product\/11905\/revisions\/15260"}],"wp:featuredmedia":[{"embeddable":true,"href":"https:\/\/www.laertes.es\/ca\/wp-json\/wp\/v2\/media\/9958"}],"wp:attachment":[{"href":"https:\/\/www.laertes.es\/ca\/wp-json\/wp\/v2\/media?parent=11905"}],"wp:term":[{"taxonomy":"product_brand","embeddable":true,"href":"https:\/\/www.laertes.es\/ca\/wp-json\/wp\/v2\/product_brand?post=11905"},{"taxonomy":"product_cat","embeddable":true,"href":"https:\/\/www.laertes.es\/ca\/wp-json\/wp\/v2\/product_cat?post=11905"},{"taxonomy":"product_tag","embeddable":true,"href":"https:\/\/www.laertes.es\/ca\/wp-json\/wp\/v2\/product_tag?post=11905"},{"taxonomy":"autores","embeddable":true,"href":"https:\/\/www.laertes.es\/ca\/wp-json\/wp\/v2\/autores?post=11905"},{"taxonomy":"formatos","embeddable":true,"href":"https:\/\/www.laertes.es\/ca\/wp-json\/wp\/v2\/formatos?post=11905"},{"taxonomy":"materias","embeddable":true,"href":"https:\/\/www.laertes.es\/ca\/wp-json\/wp\/v2\/materias?post=11905"}],"curies":[{"name":"wp","href":"https:\/\/api.w.org\/{rel}","templated":true}]}}