{"id":11903,"date":"2023-01-24T15:06:43","date_gmt":"2023-01-24T15:06:43","guid":{"rendered":"https:\/libro\/mes-histories-de-fantasmes-dun-arqueoleg\/"},"modified":"2024-02-26T11:10:17","modified_gmt":"2024-02-26T11:10:17","slug":"mes-histories-de-fantasmes-dun-arqueoleg","status":"publish","type":"product","link":"https:\/\/www.laertes.es\/ca\/llibre\/mes-histories-de-fantasmes-dun-arqueoleg\/","title":{"rendered":"M\u00e9s hist\u00f2ries de fantasmes d&#8217;un arque\u00f2leg"},"content":{"rendered":"","protected":false},"excerpt":{"rendered":"<p>Erudit, excavador d&#8217;antiguitats, pale\u00f2graf, estudi\u00f3s dels Evangelis ap\u00f2crifs, Montague Rhode James (1882-1936) no t\u00e9 res a veure amb les figures torturades de Poe, Maupassant, Le Fanu o altres escriptors d&#8217;hist\u00f2ries de terror. M.R. James escrivia pel simple plaer de l&#8217;entretenimet a fi de distreure&#8217;s de les seves doctes activitats, per\u00f2 va saber donar un tomb al conte de fantasmes, conferint-li un toc humor\u00edstic, distant, i alhora farcint-lo de refer\u00e8ncies liter\u00e0ries i hist\u00f2riques sense caure, per\u00f2, en la pedanteria. Els contes reunits en aquest volum corresponen al seu segon recull, More ghost stories of an antiquary, publicat el 1911 i que compr\u00e8n els seus contes escrits a partir de 1904 (any de la publicaci\u00f3 de Ghost stories of an antiquary, tradu\u00eft al catal\u00e0 amb el t\u00edtol Hist\u00f2ries de fantasmes d&#8217;un arque\u00f2leg (col. \u00abL&#8217;Arc\u00e0\u00bb, num. 23) i que aparegueren origin\u00e0riament als almanacs o anuaris que s&#8217;editaven per Nadal i que inclo\u00efen contes de diversos autors en els quals no faltava el tema del sobrenatural.<\/p>\n","protected":false},"featured_media":10082,"template":"","meta":[],"product_brand":[],"product_cat":[296],"product_tag":[],"autores":[401],"formatos":[355],"materias":[356],"class_list":{"0":"post-11903","1":"product","2":"type-product","3":"status-publish","4":"has-post-thumbnail","6":"product_cat-larca-ca","7":"autores-james-montague-rhodes-ca","8":"formatos-llibre","9":"materias-cuentos-clasicos-de-generos-fantasticos-ca","11":"first","12":"outofstock","13":"purchasable","14":"product-type-simple"},"yoast_head":"<!-- This site is optimized with the Yoast SEO plugin v27.3 - https:\/\/yoast.com\/product\/yoast-seo-wordpress\/ -->\n<title>M\u00e9s hist\u00f2ries de fantasmes d&#039;un arque\u00f2leg | Laertes ediciones<\/title>\n<meta name=\"robots\" content=\"index, follow, max-snippet:-1, max-image-preview:large, max-video-preview:-1\" \/>\n<link rel=\"canonical\" href=\"https:\/\/www.laertes.es\/ca\/llibre\/mes-histories-de-fantasmes-dun-arqueoleg\/\" \/>\n<meta property=\"og:locale\" content=\"ca_ES\" \/>\n<meta property=\"og:type\" content=\"article\" \/>\n<meta property=\"og:title\" content=\"M\u00e9s hist\u00f2ries de fantasmes d&#039;un arque\u00f2leg | Laertes ediciones\" \/>\n<meta property=\"og:description\" content=\"Erudit, excavador d&#039;antiguitats, pale\u00f2graf, estudi\u00f3s dels Evangelis ap\u00f2crifs, Montague Rhode James (1882-1936) no t\u00e9 res a veure amb les figures torturades de Poe, Maupassant, Le Fanu o altres escriptors d&#039;hist\u00f2ries de terror. M.R. James escrivia pel simple plaer de l&#039;entretenimet a fi de distreure&#039;s de les seves doctes activitats, per\u00f2 va saber donar un tomb al conte de fantasmes, conferint-li un toc humor\u00edstic, distant, i alhora farcint-lo de refer\u00e8ncies liter\u00e0ries i hist\u00f2riques sense caure, per\u00f2, en la pedanteria. Els contes reunits en aquest volum corresponen al seu segon recull, More ghost stories of an antiquary, publicat el 1911 i que compr\u00e8n els seus contes escrits a partir de 1904 (any de la publicaci\u00f3 de Ghost stories of an antiquary, tradu\u00eft al catal\u00e0 amb el t\u00edtol Hist\u00f2ries de fantasmes d&#039;un arque\u00f2leg (col. \u00abL&#039;Arc\u00e0\u00bb, num. 23) i que aparegueren origin\u00e0riament als almanacs o anuaris que s&#039;editaven per Nadal i que inclo\u00efen contes de diversos autors en els quals no faltava el tema del sobrenatural.\" \/>\n<meta property=\"og:url\" content=\"https:\/\/www.laertes.es\/ca\/llibre\/mes-histories-de-fantasmes-dun-arqueoleg\/\" \/>\n<meta property=\"og:site_name\" content=\"Laertes ediciones\" \/>\n<meta property=\"article:modified_time\" content=\"2024-02-26T11:10:17+00:00\" \/>\n<meta property=\"og:image\" content=\"https:\/\/www.laertes.es\/wp-content\/uploads\/2023\/01\/9788476120545.jpg\" \/>\n\t<meta property=\"og:image:width\" content=\"724\" \/>\n\t<meta property=\"og:image:height\" content=\"1148\" \/>\n\t<meta property=\"og:image:type\" content=\"image\/jpeg\" \/>\n<script type=\"application\/ld+json\" class=\"yoast-schema-graph\">{\"@context\":\"https:\\\/\\\/schema.org\",\"@graph\":[{\"@type\":\"WebPage\",\"@id\":\"https:\\\/\\\/www.laertes.es\\\/ca\\\/llibre\\\/mes-histories-de-fantasmes-dun-arqueoleg\\\/\",\"url\":\"https:\\\/\\\/www.laertes.es\\\/ca\\\/llibre\\\/mes-histories-de-fantasmes-dun-arqueoleg\\\/\",\"name\":\"M\u00e9s hist\u00f2ries de fantasmes d'un arque\u00f2leg | Laertes ediciones\",\"isPartOf\":{\"@id\":\"https:\\\/\\\/www.laertes.es\\\/ca\\\/#website\"},\"primaryImageOfPage\":{\"@id\":\"https:\\\/\\\/www.laertes.es\\\/ca\\\/llibre\\\/mes-histories-de-fantasmes-dun-arqueoleg\\\/#primaryimage\"},\"image\":{\"@id\":\"https:\\\/\\\/www.laertes.es\\\/ca\\\/llibre\\\/mes-histories-de-fantasmes-dun-arqueoleg\\\/#primaryimage\"},\"thumbnailUrl\":\"https:\\\/\\\/www.laertes.es\\\/wp-content\\\/uploads\\\/2023\\\/01\\\/9788476120545.jpg\",\"datePublished\":\"2023-01-24T15:06:43+00:00\",\"dateModified\":\"2024-02-26T11:10:17+00:00\",\"breadcrumb\":{\"@id\":\"https:\\\/\\\/www.laertes.es\\\/ca\\\/llibre\\\/mes-histories-de-fantasmes-dun-arqueoleg\\\/#breadcrumb\"},\"inLanguage\":\"ca\",\"potentialAction\":[{\"@type\":\"ReadAction\",\"target\":[\"https:\\\/\\\/www.laertes.es\\\/ca\\\/llibre\\\/mes-histories-de-fantasmes-dun-arqueoleg\\\/\"]}]},{\"@type\":\"ImageObject\",\"inLanguage\":\"ca\",\"@id\":\"https:\\\/\\\/www.laertes.es\\\/ca\\\/llibre\\\/mes-histories-de-fantasmes-dun-arqueoleg\\\/#primaryimage\",\"url\":\"https:\\\/\\\/www.laertes.es\\\/wp-content\\\/uploads\\\/2023\\\/01\\\/9788476120545.jpg\",\"contentUrl\":\"https:\\\/\\\/www.laertes.es\\\/wp-content\\\/uploads\\\/2023\\\/01\\\/9788476120545.jpg\",\"width\":724,\"height\":1148},{\"@type\":\"BreadcrumbList\",\"@id\":\"https:\\\/\\\/www.laertes.es\\\/ca\\\/llibre\\\/mes-histories-de-fantasmes-dun-arqueoleg\\\/#breadcrumb\",\"itemListElement\":[{\"@type\":\"ListItem\",\"position\":1,\"name\":\"Portada\",\"item\":\"https:\\\/\\\/www.laertes.es\\\/ca\\\/\"},{\"@type\":\"ListItem\",\"position\":2,\"name\":\"Tienda\",\"item\":\"https:\\\/\\\/www.laertes.es\\\/tienda\\\/\"},{\"@type\":\"ListItem\",\"position\":3,\"name\":\"M\u00e9s hist\u00f2ries de fantasmes d&#8217;un arque\u00f2leg\"}]},{\"@type\":\"WebSite\",\"@id\":\"https:\\\/\\\/www.laertes.es\\\/ca\\\/#website\",\"url\":\"https:\\\/\\\/www.laertes.es\\\/ca\\\/\",\"name\":\"Laertes Ediciones\",\"description\":\"Editorial independiente desde 1975\",\"alternateName\":\"Laertes\",\"potentialAction\":[{\"@type\":\"SearchAction\",\"target\":{\"@type\":\"EntryPoint\",\"urlTemplate\":\"https:\\\/\\\/www.laertes.es\\\/ca\\\/?s={search_term_string}\"},\"query-input\":{\"@type\":\"PropertyValueSpecification\",\"valueRequired\":true,\"valueName\":\"search_term_string\"}}],\"inLanguage\":\"ca\"}]}<\/script>\n<!-- \/ Yoast SEO plugin. -->","yoast_head_json":{"title":"M\u00e9s hist\u00f2ries de fantasmes d'un arque\u00f2leg | Laertes ediciones","robots":{"index":"index","follow":"follow","max-snippet":"max-snippet:-1","max-image-preview":"max-image-preview:large","max-video-preview":"max-video-preview:-1"},"canonical":"https:\/\/www.laertes.es\/ca\/llibre\/mes-histories-de-fantasmes-dun-arqueoleg\/","og_locale":"ca_ES","og_type":"article","og_title":"M\u00e9s hist\u00f2ries de fantasmes d'un arque\u00f2leg | Laertes ediciones","og_description":"Erudit, excavador d'antiguitats, pale\u00f2graf, estudi\u00f3s dels Evangelis ap\u00f2crifs, Montague Rhode James (1882-1936) no t\u00e9 res a veure amb les figures torturades de Poe, Maupassant, Le Fanu o altres escriptors d'hist\u00f2ries de terror. M.R. James escrivia pel simple plaer de l'entretenimet a fi de distreure's de les seves doctes activitats, per\u00f2 va saber donar un tomb al conte de fantasmes, conferint-li un toc humor\u00edstic, distant, i alhora farcint-lo de refer\u00e8ncies liter\u00e0ries i hist\u00f2riques sense caure, per\u00f2, en la pedanteria. Els contes reunits en aquest volum corresponen al seu segon recull, More ghost stories of an antiquary, publicat el 1911 i que compr\u00e8n els seus contes escrits a partir de 1904 (any de la publicaci\u00f3 de Ghost stories of an antiquary, tradu\u00eft al catal\u00e0 amb el t\u00edtol Hist\u00f2ries de fantasmes d'un arque\u00f2leg (col. \u00abL'Arc\u00e0\u00bb, num. 23) i que aparegueren origin\u00e0riament als almanacs o anuaris que s'editaven per Nadal i que inclo\u00efen contes de diversos autors en els quals no faltava el tema del sobrenatural.","og_url":"https:\/\/www.laertes.es\/ca\/llibre\/mes-histories-de-fantasmes-dun-arqueoleg\/","og_site_name":"Laertes ediciones","article_modified_time":"2024-02-26T11:10:17+00:00","og_image":[{"width":724,"height":1148,"url":"https:\/\/www.laertes.es\/wp-content\/uploads\/2023\/01\/9788476120545.jpg","type":"image\/jpeg"}],"schema":{"@context":"https:\/\/schema.org","@graph":[{"@type":"WebPage","@id":"https:\/\/www.laertes.es\/ca\/llibre\/mes-histories-de-fantasmes-dun-arqueoleg\/","url":"https:\/\/www.laertes.es\/ca\/llibre\/mes-histories-de-fantasmes-dun-arqueoleg\/","name":"M\u00e9s hist\u00f2ries de fantasmes d'un arque\u00f2leg | Laertes ediciones","isPartOf":{"@id":"https:\/\/www.laertes.es\/ca\/#website"},"primaryImageOfPage":{"@id":"https:\/\/www.laertes.es\/ca\/llibre\/mes-histories-de-fantasmes-dun-arqueoleg\/#primaryimage"},"image":{"@id":"https:\/\/www.laertes.es\/ca\/llibre\/mes-histories-de-fantasmes-dun-arqueoleg\/#primaryimage"},"thumbnailUrl":"https:\/\/www.laertes.es\/wp-content\/uploads\/2023\/01\/9788476120545.jpg","datePublished":"2023-01-24T15:06:43+00:00","dateModified":"2024-02-26T11:10:17+00:00","breadcrumb":{"@id":"https:\/\/www.laertes.es\/ca\/llibre\/mes-histories-de-fantasmes-dun-arqueoleg\/#breadcrumb"},"inLanguage":"ca","potentialAction":[{"@type":"ReadAction","target":["https:\/\/www.laertes.es\/ca\/llibre\/mes-histories-de-fantasmes-dun-arqueoleg\/"]}]},{"@type":"ImageObject","inLanguage":"ca","@id":"https:\/\/www.laertes.es\/ca\/llibre\/mes-histories-de-fantasmes-dun-arqueoleg\/#primaryimage","url":"https:\/\/www.laertes.es\/wp-content\/uploads\/2023\/01\/9788476120545.jpg","contentUrl":"https:\/\/www.laertes.es\/wp-content\/uploads\/2023\/01\/9788476120545.jpg","width":724,"height":1148},{"@type":"BreadcrumbList","@id":"https:\/\/www.laertes.es\/ca\/llibre\/mes-histories-de-fantasmes-dun-arqueoleg\/#breadcrumb","itemListElement":[{"@type":"ListItem","position":1,"name":"Portada","item":"https:\/\/www.laertes.es\/ca\/"},{"@type":"ListItem","position":2,"name":"Tienda","item":"https:\/\/www.laertes.es\/tienda\/"},{"@type":"ListItem","position":3,"name":"M\u00e9s hist\u00f2ries de fantasmes d&#8217;un arque\u00f2leg"}]},{"@type":"WebSite","@id":"https:\/\/www.laertes.es\/ca\/#website","url":"https:\/\/www.laertes.es\/ca\/","name":"Laertes Ediciones","description":"Editorial independiente desde 1975","alternateName":"Laertes","potentialAction":[{"@type":"SearchAction","target":{"@type":"EntryPoint","urlTemplate":"https:\/\/www.laertes.es\/ca\/?s={search_term_string}"},"query-input":{"@type":"PropertyValueSpecification","valueRequired":true,"valueName":"search_term_string"}}],"inLanguage":"ca"}]}},"_links":{"self":[{"href":"https:\/\/www.laertes.es\/ca\/wp-json\/wp\/v2\/product\/11903","targetHints":{"allow":["GET"]}}],"collection":[{"href":"https:\/\/www.laertes.es\/ca\/wp-json\/wp\/v2\/product"}],"about":[{"href":"https:\/\/www.laertes.es\/ca\/wp-json\/wp\/v2\/types\/product"}],"version-history":[{"count":1,"href":"https:\/\/www.laertes.es\/ca\/wp-json\/wp\/v2\/product\/11903\/revisions"}],"predecessor-version":[{"id":15115,"href":"https:\/\/www.laertes.es\/ca\/wp-json\/wp\/v2\/product\/11903\/revisions\/15115"}],"wp:featuredmedia":[{"embeddable":true,"href":"https:\/\/www.laertes.es\/ca\/wp-json\/wp\/v2\/media\/10082"}],"wp:attachment":[{"href":"https:\/\/www.laertes.es\/ca\/wp-json\/wp\/v2\/media?parent=11903"}],"wp:term":[{"taxonomy":"product_brand","embeddable":true,"href":"https:\/\/www.laertes.es\/ca\/wp-json\/wp\/v2\/product_brand?post=11903"},{"taxonomy":"product_cat","embeddable":true,"href":"https:\/\/www.laertes.es\/ca\/wp-json\/wp\/v2\/product_cat?post=11903"},{"taxonomy":"product_tag","embeddable":true,"href":"https:\/\/www.laertes.es\/ca\/wp-json\/wp\/v2\/product_tag?post=11903"},{"taxonomy":"autores","embeddable":true,"href":"https:\/\/www.laertes.es\/ca\/wp-json\/wp\/v2\/autores?post=11903"},{"taxonomy":"formatos","embeddable":true,"href":"https:\/\/www.laertes.es\/ca\/wp-json\/wp\/v2\/formatos?post=11903"},{"taxonomy":"materias","embeddable":true,"href":"https:\/\/www.laertes.es\/ca\/wp-json\/wp\/v2\/materias?post=11903"}],"curies":[{"name":"wp","href":"https:\/\/api.w.org\/{rel}","templated":true}]}}