{"id":11900,"date":"2023-01-24T15:06:43","date_gmt":"2023-01-24T15:06:43","guid":{"rendered":"https:\/libro\/les-aventures-de-sherlock-holmes-ii\/"},"modified":"2024-08-21T06:05:28","modified_gmt":"2024-08-21T06:05:28","slug":"les-aventures-de-sherlock-holmes-ii","status":"publish","type":"product","link":"https:\/\/www.laertes.es\/ca\/llibre\/les-aventures-de-sherlock-holmes-ii\/","title":{"rendered":"Les aventures de Sherlock Holmes (II)"},"content":{"rendered":"","protected":false},"excerpt":{"rendered":"<p>En aquest segon volum de Les aventures de Sherlock Holmes s&#8217;inclouen els sis \u00faltims dels dotze relats que Sir Arthur Conan Doyle (1859-1930) va publicar, el 1894, amb el t\u00edtol The Adventures of Sherlock Holmes. La distribuci\u00f3 que la col\u00b7lecci\u00f3 \u00abL&#8217;Arc\u00e0\u00bb ha fet d&#8217;aquesta dotzena de relats en dos volums no \u00e9s pas arbitr\u00e0ria. Per una banda, permet de presentar-los en sengles volums d&#8217;un gruix m\u00e9s modest. Per l&#8217;altra, sabem que l&#8217;autor, despr\u00e9s d&#8217;escriure els sis primers relats, estava ja tip del personatge Holmes i se&#8217;n volia desempallegar d&#8217;una vegada per totes; per\u00f2, com a bon literat indec\u00eds que era, Conan Doyle, no volgu\u00e9 prendre ell la iniciativa, sin\u00f3 que ho deix\u00e0 en mans del seu editor, el propietari de l&#8217;Strand Magazine, exigint-li seixanta lliures per relat (quantitat exorbitada, pel que sembla, en aquell temps), fos quina fos l&#8217;extensi\u00f3 que tingu\u00e9s. Per \u00e0 sorpresa del mateix Conan Doyle, el seu editor Va acceptar-li les exig\u00e8ncies, de manera que el futur baronet no tingu\u00e9 altre remei que escriure sis aventures m\u00e9s protagonitzades pel fam\u00f3s Sherlock Holmes. Els dos primers, &#8220;El rob\u00ed blau&#8221; i &#8220;La banda clapejada&#8221;, els va escriure en una setmana: el primer narra l&#8217;aventura del lladre que roba un rob\u00ed i, temer\u00f3s que no l&#8217;enxampin amb el rob\u00ed a les mans, el d\u00f3na a una oca, per\u00f2 despr\u00e9s, \u00e9s clar, agafa l&#8217;oca que no \u00e9s. Posteriorment, en cosa d&#8217;uns deu dies, Conan Doyle va posar fi a &#8220;El polze de l&#8217;enginyer&#8221;, en qu\u00e8 es presenta un enginyer sense feina que \u00e9s contractat per uns misteriosos personatges perqu\u00e8 adobi una m\u00e0quina d&#8217;extreure un mineral preci\u00f3s perqu\u00e8 \u00e9s esc\u00e0s, operaci\u00f3 en el curs de la qual l&#8217;enginyer perdr\u00e0 el polze; &#8220;El noble solter&#8221;, on conta la hist\u00f2ria d&#8217;una n\u00favia que desapareix durant l&#8217;\u00e0pat de noces, i &#8220;La diadema de beril\u00b7les&#8221;, sobre l&#8217;aventura del deshonor que causa un fill a un banquer dipositari d&#8217;una diadema d&#8217;un valor incalculable. Sir Arthur Conan Doyle, que feia temps que barrinava la forma d&#8217;eliminar Holmes i Watson, perqu\u00e8 volia dedicar-se a la novel\u00b7la hist\u00f2rica, estava decidit a matar Holmes, per\u00f2 la seva mare, que s&#8217;havia convertit ja en una fan incondicional del detectiu, no sols li ho va prohibir sin\u00f3 que li va aconsellar que escriv\u00eds &#8220;La finca de Copper Beeches&#8221;, la hist\u00f2ria d&#8217;una donzella de companyia que accepta un enc\u00e0rrec que no fa m\u00e9s que aixecar tota mena de sospites, de tal manera que es veu obligada a tallar-se els cabells i a lluir en certs moments un vestit que li va que ni pintat.<\/p>\n","protected":false},"featured_media":9920,"template":"","meta":[],"product_brand":[],"product_cat":[296],"product_tag":[],"autores":[388],"formatos":[355],"materias":[356],"class_list":{"0":"post-11900","1":"product","2":"type-product","3":"status-publish","4":"has-post-thumbnail","6":"product_cat-larca-ca","7":"autores-doyle-sir-arthur-conan-ca","8":"formatos-llibre","9":"materias-cuentos-clasicos-de-generos-fantasticos-ca","11":"first","12":"outofstock","13":"purchasable","14":"product-type-simple"},"yoast_head":"<!-- This site is optimized with the Yoast SEO plugin v27.4 - https:\/\/yoast.com\/product\/yoast-seo-wordpress\/ -->\n<title>Les aventures de Sherlock Holmes (II) | Laertes ediciones<\/title>\n<meta name=\"robots\" content=\"index, follow, max-snippet:-1, max-image-preview:large, max-video-preview:-1\" \/>\n<link rel=\"canonical\" href=\"https:\/\/www.laertes.es\/ca\/llibre\/les-aventures-de-sherlock-holmes-ii\/\" \/>\n<meta property=\"og:locale\" content=\"ca_ES\" \/>\n<meta property=\"og:type\" content=\"article\" \/>\n<meta property=\"og:title\" content=\"Les aventures de Sherlock Holmes (II) | Laertes ediciones\" \/>\n<meta property=\"og:description\" content=\"En aquest segon volum de Les aventures de Sherlock Holmes s&#039;inclouen els sis \u00faltims dels dotze relats que Sir Arthur Conan Doyle (1859-1930) va publicar, el 1894, amb el t\u00edtol The Adventures of Sherlock Holmes. La distribuci\u00f3 que la col\u00b7lecci\u00f3 \u00abL&#039;Arc\u00e0\u00bb ha fet d&#039;aquesta dotzena de relats en dos volums no \u00e9s pas arbitr\u00e0ria. Per una banda, permet de presentar-los en sengles volums d&#039;un gruix m\u00e9s modest. Per l&#039;altra, sabem que l&#039;autor, despr\u00e9s d&#039;escriure els sis primers relats, estava ja tip del personatge Holmes i se&#039;n volia desempallegar d&#039;una vegada per totes; per\u00f2, com a bon literat indec\u00eds que era, Conan Doyle, no volgu\u00e9 prendre ell la iniciativa, sin\u00f3 que ho deix\u00e0 en mans del seu editor, el propietari de l&#039;Strand Magazine, exigint-li seixanta lliures per relat (quantitat exorbitada, pel que sembla, en aquell temps), fos quina fos l&#039;extensi\u00f3 que tingu\u00e9s. Per \u00e0 sorpresa del mateix Conan Doyle, el seu editor Va acceptar-li les exig\u00e8ncies, de manera que el futur baronet no tingu\u00e9 altre remei que escriure sis aventures m\u00e9s protagonitzades pel fam\u00f3s Sherlock Holmes. Els dos primers, &quot;El rob\u00ed blau&quot; i &quot;La banda clapejada&quot;, els va escriure en una setmana: el primer narra l&#039;aventura del lladre que roba un rob\u00ed i, temer\u00f3s que no l&#039;enxampin amb el rob\u00ed a les mans, el d\u00f3na a una oca, per\u00f2 despr\u00e9s, \u00e9s clar, agafa l&#039;oca que no \u00e9s. Posteriorment, en cosa d&#039;uns deu dies, Conan Doyle va posar fi a &quot;El polze de l&#039;enginyer&quot;, en qu\u00e8 es presenta un enginyer sense feina que \u00e9s contractat per uns misteriosos personatges perqu\u00e8 adobi una m\u00e0quina d&#039;extreure un mineral preci\u00f3s perqu\u00e8 \u00e9s esc\u00e0s, operaci\u00f3 en el curs de la qual l&#039;enginyer perdr\u00e0 el polze; &quot;El noble solter&quot;, on conta la hist\u00f2ria d&#039;una n\u00favia que desapareix durant l&#039;\u00e0pat de noces, i &quot;La diadema de beril\u00b7les&quot;, sobre l&#039;aventura del deshonor que causa un fill a un banquer dipositari d&#039;una diadema d&#039;un valor incalculable. Sir Arthur Conan Doyle, que feia temps que barrinava la forma d&#039;eliminar Holmes i Watson, perqu\u00e8 volia dedicar-se a la novel\u00b7la hist\u00f2rica, estava decidit a matar Holmes, per\u00f2 la seva mare, que s&#039;havia convertit ja en una fan incondicional del detectiu, no sols li ho va prohibir sin\u00f3 que li va aconsellar que escriv\u00eds &quot;La finca de Copper Beeches&quot;, la hist\u00f2ria d&#039;una donzella de companyia que accepta un enc\u00e0rrec que no fa m\u00e9s que aixecar tota mena de sospites, de tal manera que es veu obligada a tallar-se els cabells i a lluir en certs moments un vestit que li va que ni pintat.\" \/>\n<meta property=\"og:url\" content=\"https:\/\/www.laertes.es\/ca\/llibre\/les-aventures-de-sherlock-holmes-ii\/\" \/>\n<meta property=\"og:site_name\" content=\"Laertes ediciones\" \/>\n<meta property=\"article:modified_time\" content=\"2024-08-21T06:05:28+00:00\" \/>\n<meta property=\"og:image\" content=\"https:\/\/www.laertes.es\/wp-content\/uploads\/2023\/01\/9788475840741.jpg\" \/>\n\t<meta property=\"og:image:width\" content=\"718\" \/>\n\t<meta property=\"og:image:height\" content=\"1163\" \/>\n\t<meta property=\"og:image:type\" content=\"image\/jpeg\" \/>\n<script type=\"application\/ld+json\" class=\"yoast-schema-graph\">{\"@context\":\"https:\\\/\\\/schema.org\",\"@graph\":[{\"@type\":\"WebPage\",\"@id\":\"https:\\\/\\\/www.laertes.es\\\/ca\\\/llibre\\\/les-aventures-de-sherlock-holmes-ii\\\/\",\"url\":\"https:\\\/\\\/www.laertes.es\\\/ca\\\/llibre\\\/les-aventures-de-sherlock-holmes-ii\\\/\",\"name\":\"Les aventures de Sherlock Holmes (II) | Laertes ediciones\",\"isPartOf\":{\"@id\":\"https:\\\/\\\/www.laertes.es\\\/ca\\\/#website\"},\"primaryImageOfPage\":{\"@id\":\"https:\\\/\\\/www.laertes.es\\\/ca\\\/llibre\\\/les-aventures-de-sherlock-holmes-ii\\\/#primaryimage\"},\"image\":{\"@id\":\"https:\\\/\\\/www.laertes.es\\\/ca\\\/llibre\\\/les-aventures-de-sherlock-holmes-ii\\\/#primaryimage\"},\"thumbnailUrl\":\"https:\\\/\\\/www.laertes.es\\\/wp-content\\\/uploads\\\/2023\\\/01\\\/9788475840741.jpg\",\"datePublished\":\"2023-01-24T15:06:43+00:00\",\"dateModified\":\"2024-08-21T06:05:28+00:00\",\"breadcrumb\":{\"@id\":\"https:\\\/\\\/www.laertes.es\\\/ca\\\/llibre\\\/les-aventures-de-sherlock-holmes-ii\\\/#breadcrumb\"},\"inLanguage\":\"ca\",\"potentialAction\":[{\"@type\":\"ReadAction\",\"target\":[\"https:\\\/\\\/www.laertes.es\\\/ca\\\/llibre\\\/les-aventures-de-sherlock-holmes-ii\\\/\"]}]},{\"@type\":\"ImageObject\",\"inLanguage\":\"ca\",\"@id\":\"https:\\\/\\\/www.laertes.es\\\/ca\\\/llibre\\\/les-aventures-de-sherlock-holmes-ii\\\/#primaryimage\",\"url\":\"https:\\\/\\\/www.laertes.es\\\/wp-content\\\/uploads\\\/2023\\\/01\\\/9788475840741.jpg\",\"contentUrl\":\"https:\\\/\\\/www.laertes.es\\\/wp-content\\\/uploads\\\/2023\\\/01\\\/9788475840741.jpg\",\"width\":718,\"height\":1163},{\"@type\":\"BreadcrumbList\",\"@id\":\"https:\\\/\\\/www.laertes.es\\\/ca\\\/llibre\\\/les-aventures-de-sherlock-holmes-ii\\\/#breadcrumb\",\"itemListElement\":[{\"@type\":\"ListItem\",\"position\":1,\"name\":\"Portada\",\"item\":\"https:\\\/\\\/www.laertes.es\\\/ca\\\/\"},{\"@type\":\"ListItem\",\"position\":2,\"name\":\"Tienda\",\"item\":\"https:\\\/\\\/www.laertes.es\\\/tienda\\\/\"},{\"@type\":\"ListItem\",\"position\":3,\"name\":\"Les aventures de Sherlock Holmes (II)\"}]},{\"@type\":\"WebSite\",\"@id\":\"https:\\\/\\\/www.laertes.es\\\/ca\\\/#website\",\"url\":\"https:\\\/\\\/www.laertes.es\\\/ca\\\/\",\"name\":\"Laertes Ediciones\",\"description\":\"Editorial independiente desde 1975\",\"alternateName\":\"Laertes\",\"potentialAction\":[{\"@type\":\"SearchAction\",\"target\":{\"@type\":\"EntryPoint\",\"urlTemplate\":\"https:\\\/\\\/www.laertes.es\\\/ca\\\/?s={search_term_string}\"},\"query-input\":{\"@type\":\"PropertyValueSpecification\",\"valueRequired\":true,\"valueName\":\"search_term_string\"}}],\"inLanguage\":\"ca\"}]}<\/script>\n<!-- \/ Yoast SEO plugin. -->","yoast_head_json":{"title":"Les aventures de Sherlock Holmes (II) | Laertes ediciones","robots":{"index":"index","follow":"follow","max-snippet":"max-snippet:-1","max-image-preview":"max-image-preview:large","max-video-preview":"max-video-preview:-1"},"canonical":"https:\/\/www.laertes.es\/ca\/llibre\/les-aventures-de-sherlock-holmes-ii\/","og_locale":"ca_ES","og_type":"article","og_title":"Les aventures de Sherlock Holmes (II) | Laertes ediciones","og_description":"En aquest segon volum de Les aventures de Sherlock Holmes s'inclouen els sis \u00faltims dels dotze relats que Sir Arthur Conan Doyle (1859-1930) va publicar, el 1894, amb el t\u00edtol The Adventures of Sherlock Holmes. La distribuci\u00f3 que la col\u00b7lecci\u00f3 \u00abL'Arc\u00e0\u00bb ha fet d'aquesta dotzena de relats en dos volums no \u00e9s pas arbitr\u00e0ria. Per una banda, permet de presentar-los en sengles volums d'un gruix m\u00e9s modest. Per l'altra, sabem que l'autor, despr\u00e9s d'escriure els sis primers relats, estava ja tip del personatge Holmes i se'n volia desempallegar d'una vegada per totes; per\u00f2, com a bon literat indec\u00eds que era, Conan Doyle, no volgu\u00e9 prendre ell la iniciativa, sin\u00f3 que ho deix\u00e0 en mans del seu editor, el propietari de l'Strand Magazine, exigint-li seixanta lliures per relat (quantitat exorbitada, pel que sembla, en aquell temps), fos quina fos l'extensi\u00f3 que tingu\u00e9s. Per \u00e0 sorpresa del mateix Conan Doyle, el seu editor Va acceptar-li les exig\u00e8ncies, de manera que el futur baronet no tingu\u00e9 altre remei que escriure sis aventures m\u00e9s protagonitzades pel fam\u00f3s Sherlock Holmes. Els dos primers, \"El rob\u00ed blau\" i \"La banda clapejada\", els va escriure en una setmana: el primer narra l'aventura del lladre que roba un rob\u00ed i, temer\u00f3s que no l'enxampin amb el rob\u00ed a les mans, el d\u00f3na a una oca, per\u00f2 despr\u00e9s, \u00e9s clar, agafa l'oca que no \u00e9s. Posteriorment, en cosa d'uns deu dies, Conan Doyle va posar fi a \"El polze de l'enginyer\", en qu\u00e8 es presenta un enginyer sense feina que \u00e9s contractat per uns misteriosos personatges perqu\u00e8 adobi una m\u00e0quina d'extreure un mineral preci\u00f3s perqu\u00e8 \u00e9s esc\u00e0s, operaci\u00f3 en el curs de la qual l'enginyer perdr\u00e0 el polze; \"El noble solter\", on conta la hist\u00f2ria d'una n\u00favia que desapareix durant l'\u00e0pat de noces, i \"La diadema de beril\u00b7les\", sobre l'aventura del deshonor que causa un fill a un banquer dipositari d'una diadema d'un valor incalculable. Sir Arthur Conan Doyle, que feia temps que barrinava la forma d'eliminar Holmes i Watson, perqu\u00e8 volia dedicar-se a la novel\u00b7la hist\u00f2rica, estava decidit a matar Holmes, per\u00f2 la seva mare, que s'havia convertit ja en una fan incondicional del detectiu, no sols li ho va prohibir sin\u00f3 que li va aconsellar que escriv\u00eds \"La finca de Copper Beeches\", la hist\u00f2ria d'una donzella de companyia que accepta un enc\u00e0rrec que no fa m\u00e9s que aixecar tota mena de sospites, de tal manera que es veu obligada a tallar-se els cabells i a lluir en certs moments un vestit que li va que ni pintat.","og_url":"https:\/\/www.laertes.es\/ca\/llibre\/les-aventures-de-sherlock-holmes-ii\/","og_site_name":"Laertes ediciones","article_modified_time":"2024-08-21T06:05:28+00:00","og_image":[{"width":718,"height":1163,"url":"https:\/\/www.laertes.es\/wp-content\/uploads\/2023\/01\/9788475840741.jpg","type":"image\/jpeg"}],"schema":{"@context":"https:\/\/schema.org","@graph":[{"@type":"WebPage","@id":"https:\/\/www.laertes.es\/ca\/llibre\/les-aventures-de-sherlock-holmes-ii\/","url":"https:\/\/www.laertes.es\/ca\/llibre\/les-aventures-de-sherlock-holmes-ii\/","name":"Les aventures de Sherlock Holmes (II) | Laertes ediciones","isPartOf":{"@id":"https:\/\/www.laertes.es\/ca\/#website"},"primaryImageOfPage":{"@id":"https:\/\/www.laertes.es\/ca\/llibre\/les-aventures-de-sherlock-holmes-ii\/#primaryimage"},"image":{"@id":"https:\/\/www.laertes.es\/ca\/llibre\/les-aventures-de-sherlock-holmes-ii\/#primaryimage"},"thumbnailUrl":"https:\/\/www.laertes.es\/wp-content\/uploads\/2023\/01\/9788475840741.jpg","datePublished":"2023-01-24T15:06:43+00:00","dateModified":"2024-08-21T06:05:28+00:00","breadcrumb":{"@id":"https:\/\/www.laertes.es\/ca\/llibre\/les-aventures-de-sherlock-holmes-ii\/#breadcrumb"},"inLanguage":"ca","potentialAction":[{"@type":"ReadAction","target":["https:\/\/www.laertes.es\/ca\/llibre\/les-aventures-de-sherlock-holmes-ii\/"]}]},{"@type":"ImageObject","inLanguage":"ca","@id":"https:\/\/www.laertes.es\/ca\/llibre\/les-aventures-de-sherlock-holmes-ii\/#primaryimage","url":"https:\/\/www.laertes.es\/wp-content\/uploads\/2023\/01\/9788475840741.jpg","contentUrl":"https:\/\/www.laertes.es\/wp-content\/uploads\/2023\/01\/9788475840741.jpg","width":718,"height":1163},{"@type":"BreadcrumbList","@id":"https:\/\/www.laertes.es\/ca\/llibre\/les-aventures-de-sherlock-holmes-ii\/#breadcrumb","itemListElement":[{"@type":"ListItem","position":1,"name":"Portada","item":"https:\/\/www.laertes.es\/ca\/"},{"@type":"ListItem","position":2,"name":"Tienda","item":"https:\/\/www.laertes.es\/tienda\/"},{"@type":"ListItem","position":3,"name":"Les aventures de Sherlock Holmes (II)"}]},{"@type":"WebSite","@id":"https:\/\/www.laertes.es\/ca\/#website","url":"https:\/\/www.laertes.es\/ca\/","name":"Laertes Ediciones","description":"Editorial independiente desde 1975","alternateName":"Laertes","potentialAction":[{"@type":"SearchAction","target":{"@type":"EntryPoint","urlTemplate":"https:\/\/www.laertes.es\/ca\/?s={search_term_string}"},"query-input":{"@type":"PropertyValueSpecification","valueRequired":true,"valueName":"search_term_string"}}],"inLanguage":"ca"}]}},"_links":{"self":[{"href":"https:\/\/www.laertes.es\/ca\/wp-json\/wp\/v2\/product\/11900","targetHints":{"allow":["GET"]}}],"collection":[{"href":"https:\/\/www.laertes.es\/ca\/wp-json\/wp\/v2\/product"}],"about":[{"href":"https:\/\/www.laertes.es\/ca\/wp-json\/wp\/v2\/types\/product"}],"version-history":[{"count":1,"href":"https:\/\/www.laertes.es\/ca\/wp-json\/wp\/v2\/product\/11900\/revisions"}],"predecessor-version":[{"id":15290,"href":"https:\/\/www.laertes.es\/ca\/wp-json\/wp\/v2\/product\/11900\/revisions\/15290"}],"wp:featuredmedia":[{"embeddable":true,"href":"https:\/\/www.laertes.es\/ca\/wp-json\/wp\/v2\/media\/9920"}],"wp:attachment":[{"href":"https:\/\/www.laertes.es\/ca\/wp-json\/wp\/v2\/media?parent=11900"}],"wp:term":[{"taxonomy":"product_brand","embeddable":true,"href":"https:\/\/www.laertes.es\/ca\/wp-json\/wp\/v2\/product_brand?post=11900"},{"taxonomy":"product_cat","embeddable":true,"href":"https:\/\/www.laertes.es\/ca\/wp-json\/wp\/v2\/product_cat?post=11900"},{"taxonomy":"product_tag","embeddable":true,"href":"https:\/\/www.laertes.es\/ca\/wp-json\/wp\/v2\/product_tag?post=11900"},{"taxonomy":"autores","embeddable":true,"href":"https:\/\/www.laertes.es\/ca\/wp-json\/wp\/v2\/autores?post=11900"},{"taxonomy":"formatos","embeddable":true,"href":"https:\/\/www.laertes.es\/ca\/wp-json\/wp\/v2\/formatos?post=11900"},{"taxonomy":"materias","embeddable":true,"href":"https:\/\/www.laertes.es\/ca\/wp-json\/wp\/v2\/materias?post=11900"}],"curies":[{"name":"wp","href":"https:\/\/api.w.org\/{rel}","templated":true}]}}