{"id":11899,"date":"2023-01-24T15:06:43","date_gmt":"2023-01-24T15:06:43","guid":{"rendered":"https:\/libro\/lestigma-de-la-bestia\/"},"modified":"2024-08-20T20:53:31","modified_gmt":"2024-08-20T20:53:31","slug":"lestigma-de-la-bestia","status":"publish","type":"product","link":"https:\/\/www.laertes.es\/ca\/llibre\/lestigma-de-la-bestia\/","title":{"rendered":"L&#8217;estigma de la B\u00e8stia"},"content":{"rendered":"","protected":false},"excerpt":{"rendered":"<p>Per a la majoria de lectors catalans, Rudyard Kipling (Bombai 1865 &#8211; Londres 1936) \u00e9s nom\u00e9s l&#8217;autor del popular Llibre de la jungla (tan magn\u00edficament tradu\u00eft ja fa anys per Mari\u00e0 Manent, i reeditat moltes vegades) i, darrerament, de Kim, dues novel\u00b7les ambientades a l&#8217;\u00edndia, on aquest premi Nobel 1907 havia nascut i passat bona part de la seva vida. Curiosament, Kipling \u00e9s entre nosaltres encara un autor desconegut. Millor dit, injustament desconegut, perqu\u00e8 se&#8217;l coneix parcialment i encara amb perjudici. En efecte: se l&#8217;acostuma a reservar tan sols a la lectura dels infants, o se&#8217;l menysprea des del punt de vista literari per motius ideol\u00f2gics, quan en realitat \u00e9s un estupend narrador per a adults i les seves obres tenen un sentit cr\u00edtic i ir\u00f2nic que ja voldrien per a ells molts autors d&#8217;ideologia oposada, per exemple. Per b\u00e9 que no hi ha cap antologia de la literatura fant\u00e0stica que s&#8217;abstingui d&#8217;incloure&#8217;n algun conte o relat, el vessant fant\u00e0stic de Kipling \u00e9s for\u00e7a desconegut del p\u00fablic en general, i fins i tot dels admiradors de les seves novel\u00b7les m\u00e9s llegides. Amb aquest volum, la col\u00b7lecci\u00f3 \u00abL&#8217;Arc\u00e0\u00bb intenta omplir aquesta llacuna. Es tracta d&#8217;una breu mostra del gran creador d&#8217;atmosferes i d&#8217;emocions que fou Kipling en els seus relats, entre els quals destaca el titulat Ells, ambientat en una comarca anglesa (lluny, doncs, de la seva \u00edndia estimada), arrelada en el seu cor perqu\u00e8 all\u00ed, a Sussex, va morir-se-li un fill. Ells remet, inevitablement, a The Tum of the Screw (Un pas m\u00e9s de rosca) de Henry James, i ha estat descrit com un \u00abhimne d&#8217;amor\u00bb. Ben segur que aquesta selecci\u00f3 contribuir\u00e0 a crear encara m\u00e9s lectors i admiradors de Kipling, i descobrir\u00e0 per a molts un aspecte in\u00e8dit de la seva personalitat liter\u00e0ria.<\/p>\n","protected":false},"featured_media":10076,"template":"","meta":[],"product_brand":[],"product_cat":[296],"product_tag":[],"autores":[406],"formatos":[355],"materias":[356],"class_list":{"0":"post-11899","1":"product","2":"type-product","3":"status-publish","4":"has-post-thumbnail","6":"product_cat-larca-ca","7":"autores-kipling-rudyard-ca","8":"formatos-llibre","9":"materias-cuentos-clasicos-de-generos-fantasticos-ca","11":"first","12":"instock","13":"purchasable","14":"product-type-simple"},"yoast_head":"<!-- This site is optimized with the Yoast SEO plugin v27.3 - https:\/\/yoast.com\/product\/yoast-seo-wordpress\/ -->\n<title>L&#039;estigma de la B\u00e8stia | Laertes ediciones<\/title>\n<meta name=\"robots\" content=\"index, follow, max-snippet:-1, max-image-preview:large, max-video-preview:-1\" \/>\n<link rel=\"canonical\" href=\"https:\/\/www.laertes.es\/ca\/llibre\/lestigma-de-la-bestia\/\" \/>\n<meta property=\"og:locale\" content=\"ca_ES\" \/>\n<meta property=\"og:type\" content=\"article\" \/>\n<meta property=\"og:title\" content=\"L&#039;estigma de la B\u00e8stia | Laertes ediciones\" \/>\n<meta property=\"og:description\" content=\"Per a la majoria de lectors catalans, Rudyard Kipling (Bombai 1865 - Londres 1936) \u00e9s nom\u00e9s l&#039;autor del popular Llibre de la jungla (tan magn\u00edficament tradu\u00eft ja fa anys per Mari\u00e0 Manent, i reeditat moltes vegades) i, darrerament, de Kim, dues novel\u00b7les ambientades a l&#039;\u00edndia, on aquest premi Nobel 1907 havia nascut i passat bona part de la seva vida. Curiosament, Kipling \u00e9s entre nosaltres encara un autor desconegut. Millor dit, injustament desconegut, perqu\u00e8 se&#039;l coneix parcialment i encara amb perjudici. En efecte: se l&#039;acostuma a reservar tan sols a la lectura dels infants, o se&#039;l menysprea des del punt de vista literari per motius ideol\u00f2gics, quan en realitat \u00e9s un estupend narrador per a adults i les seves obres tenen un sentit cr\u00edtic i ir\u00f2nic que ja voldrien per a ells molts autors d&#039;ideologia oposada, per exemple. Per b\u00e9 que no hi ha cap antologia de la literatura fant\u00e0stica que s&#039;abstingui d&#039;incloure&#039;n algun conte o relat, el vessant fant\u00e0stic de Kipling \u00e9s for\u00e7a desconegut del p\u00fablic en general, i fins i tot dels admiradors de les seves novel\u00b7les m\u00e9s llegides. Amb aquest volum, la col\u00b7lecci\u00f3 \u00abL&#039;Arc\u00e0\u00bb intenta omplir aquesta llacuna. Es tracta d&#039;una breu mostra del gran creador d&#039;atmosferes i d&#039;emocions que fou Kipling en els seus relats, entre els quals destaca el titulat Ells, ambientat en una comarca anglesa (lluny, doncs, de la seva \u00edndia estimada), arrelada en el seu cor perqu\u00e8 all\u00ed, a Sussex, va morir-se-li un fill. Ells remet, inevitablement, a The Tum of the Screw (Un pas m\u00e9s de rosca) de Henry James, i ha estat descrit com un \u00abhimne d&#039;amor\u00bb. Ben segur que aquesta selecci\u00f3 contribuir\u00e0 a crear encara m\u00e9s lectors i admiradors de Kipling, i descobrir\u00e0 per a molts un aspecte in\u00e8dit de la seva personalitat liter\u00e0ria.\" \/>\n<meta property=\"og:url\" content=\"https:\/\/www.laertes.es\/ca\/llibre\/lestigma-de-la-bestia\/\" \/>\n<meta property=\"og:site_name\" content=\"Laertes ediciones\" \/>\n<meta property=\"article:modified_time\" content=\"2024-08-20T20:53:31+00:00\" \/>\n<meta property=\"og:image\" content=\"https:\/\/www.laertes.es\/wp-content\/uploads\/2023\/01\/9788476120460.jpg\" \/>\n\t<meta property=\"og:image:width\" content=\"502\" \/>\n\t<meta property=\"og:image:height\" content=\"800\" \/>\n\t<meta property=\"og:image:type\" content=\"image\/jpeg\" \/>\n<script type=\"application\/ld+json\" class=\"yoast-schema-graph\">{\"@context\":\"https:\\\/\\\/schema.org\",\"@graph\":[{\"@type\":\"WebPage\",\"@id\":\"https:\\\/\\\/www.laertes.es\\\/ca\\\/llibre\\\/lestigma-de-la-bestia\\\/\",\"url\":\"https:\\\/\\\/www.laertes.es\\\/ca\\\/llibre\\\/lestigma-de-la-bestia\\\/\",\"name\":\"L'estigma de la B\u00e8stia | Laertes ediciones\",\"isPartOf\":{\"@id\":\"https:\\\/\\\/www.laertes.es\\\/ca\\\/#website\"},\"primaryImageOfPage\":{\"@id\":\"https:\\\/\\\/www.laertes.es\\\/ca\\\/llibre\\\/lestigma-de-la-bestia\\\/#primaryimage\"},\"image\":{\"@id\":\"https:\\\/\\\/www.laertes.es\\\/ca\\\/llibre\\\/lestigma-de-la-bestia\\\/#primaryimage\"},\"thumbnailUrl\":\"https:\\\/\\\/www.laertes.es\\\/wp-content\\\/uploads\\\/2023\\\/01\\\/9788476120460.jpg\",\"datePublished\":\"2023-01-24T15:06:43+00:00\",\"dateModified\":\"2024-08-20T20:53:31+00:00\",\"breadcrumb\":{\"@id\":\"https:\\\/\\\/www.laertes.es\\\/ca\\\/llibre\\\/lestigma-de-la-bestia\\\/#breadcrumb\"},\"inLanguage\":\"ca\",\"potentialAction\":[{\"@type\":\"ReadAction\",\"target\":[\"https:\\\/\\\/www.laertes.es\\\/ca\\\/llibre\\\/lestigma-de-la-bestia\\\/\"]}]},{\"@type\":\"ImageObject\",\"inLanguage\":\"ca\",\"@id\":\"https:\\\/\\\/www.laertes.es\\\/ca\\\/llibre\\\/lestigma-de-la-bestia\\\/#primaryimage\",\"url\":\"https:\\\/\\\/www.laertes.es\\\/wp-content\\\/uploads\\\/2023\\\/01\\\/9788476120460.jpg\",\"contentUrl\":\"https:\\\/\\\/www.laertes.es\\\/wp-content\\\/uploads\\\/2023\\\/01\\\/9788476120460.jpg\",\"width\":502,\"height\":800},{\"@type\":\"BreadcrumbList\",\"@id\":\"https:\\\/\\\/www.laertes.es\\\/ca\\\/llibre\\\/lestigma-de-la-bestia\\\/#breadcrumb\",\"itemListElement\":[{\"@type\":\"ListItem\",\"position\":1,\"name\":\"Portada\",\"item\":\"https:\\\/\\\/www.laertes.es\\\/ca\\\/\"},{\"@type\":\"ListItem\",\"position\":2,\"name\":\"Tienda\",\"item\":\"https:\\\/\\\/www.laertes.es\\\/tienda\\\/\"},{\"@type\":\"ListItem\",\"position\":3,\"name\":\"L&#8217;estigma de la B\u00e8stia\"}]},{\"@type\":\"WebSite\",\"@id\":\"https:\\\/\\\/www.laertes.es\\\/ca\\\/#website\",\"url\":\"https:\\\/\\\/www.laertes.es\\\/ca\\\/\",\"name\":\"Laertes Ediciones\",\"description\":\"Editorial independiente desde 1975\",\"alternateName\":\"Laertes\",\"potentialAction\":[{\"@type\":\"SearchAction\",\"target\":{\"@type\":\"EntryPoint\",\"urlTemplate\":\"https:\\\/\\\/www.laertes.es\\\/ca\\\/?s={search_term_string}\"},\"query-input\":{\"@type\":\"PropertyValueSpecification\",\"valueRequired\":true,\"valueName\":\"search_term_string\"}}],\"inLanguage\":\"ca\"}]}<\/script>\n<!-- \/ Yoast SEO plugin. -->","yoast_head_json":{"title":"L'estigma de la B\u00e8stia | Laertes ediciones","robots":{"index":"index","follow":"follow","max-snippet":"max-snippet:-1","max-image-preview":"max-image-preview:large","max-video-preview":"max-video-preview:-1"},"canonical":"https:\/\/www.laertes.es\/ca\/llibre\/lestigma-de-la-bestia\/","og_locale":"ca_ES","og_type":"article","og_title":"L'estigma de la B\u00e8stia | Laertes ediciones","og_description":"Per a la majoria de lectors catalans, Rudyard Kipling (Bombai 1865 - Londres 1936) \u00e9s nom\u00e9s l'autor del popular Llibre de la jungla (tan magn\u00edficament tradu\u00eft ja fa anys per Mari\u00e0 Manent, i reeditat moltes vegades) i, darrerament, de Kim, dues novel\u00b7les ambientades a l'\u00edndia, on aquest premi Nobel 1907 havia nascut i passat bona part de la seva vida. Curiosament, Kipling \u00e9s entre nosaltres encara un autor desconegut. Millor dit, injustament desconegut, perqu\u00e8 se'l coneix parcialment i encara amb perjudici. En efecte: se l'acostuma a reservar tan sols a la lectura dels infants, o se'l menysprea des del punt de vista literari per motius ideol\u00f2gics, quan en realitat \u00e9s un estupend narrador per a adults i les seves obres tenen un sentit cr\u00edtic i ir\u00f2nic que ja voldrien per a ells molts autors d'ideologia oposada, per exemple. Per b\u00e9 que no hi ha cap antologia de la literatura fant\u00e0stica que s'abstingui d'incloure'n algun conte o relat, el vessant fant\u00e0stic de Kipling \u00e9s for\u00e7a desconegut del p\u00fablic en general, i fins i tot dels admiradors de les seves novel\u00b7les m\u00e9s llegides. Amb aquest volum, la col\u00b7lecci\u00f3 \u00abL'Arc\u00e0\u00bb intenta omplir aquesta llacuna. Es tracta d'una breu mostra del gran creador d'atmosferes i d'emocions que fou Kipling en els seus relats, entre els quals destaca el titulat Ells, ambientat en una comarca anglesa (lluny, doncs, de la seva \u00edndia estimada), arrelada en el seu cor perqu\u00e8 all\u00ed, a Sussex, va morir-se-li un fill. Ells remet, inevitablement, a The Tum of the Screw (Un pas m\u00e9s de rosca) de Henry James, i ha estat descrit com un \u00abhimne d'amor\u00bb. Ben segur que aquesta selecci\u00f3 contribuir\u00e0 a crear encara m\u00e9s lectors i admiradors de Kipling, i descobrir\u00e0 per a molts un aspecte in\u00e8dit de la seva personalitat liter\u00e0ria.","og_url":"https:\/\/www.laertes.es\/ca\/llibre\/lestigma-de-la-bestia\/","og_site_name":"Laertes ediciones","article_modified_time":"2024-08-20T20:53:31+00:00","og_image":[{"width":502,"height":800,"url":"https:\/\/www.laertes.es\/wp-content\/uploads\/2023\/01\/9788476120460.jpg","type":"image\/jpeg"}],"schema":{"@context":"https:\/\/schema.org","@graph":[{"@type":"WebPage","@id":"https:\/\/www.laertes.es\/ca\/llibre\/lestigma-de-la-bestia\/","url":"https:\/\/www.laertes.es\/ca\/llibre\/lestigma-de-la-bestia\/","name":"L'estigma de la B\u00e8stia | Laertes ediciones","isPartOf":{"@id":"https:\/\/www.laertes.es\/ca\/#website"},"primaryImageOfPage":{"@id":"https:\/\/www.laertes.es\/ca\/llibre\/lestigma-de-la-bestia\/#primaryimage"},"image":{"@id":"https:\/\/www.laertes.es\/ca\/llibre\/lestigma-de-la-bestia\/#primaryimage"},"thumbnailUrl":"https:\/\/www.laertes.es\/wp-content\/uploads\/2023\/01\/9788476120460.jpg","datePublished":"2023-01-24T15:06:43+00:00","dateModified":"2024-08-20T20:53:31+00:00","breadcrumb":{"@id":"https:\/\/www.laertes.es\/ca\/llibre\/lestigma-de-la-bestia\/#breadcrumb"},"inLanguage":"ca","potentialAction":[{"@type":"ReadAction","target":["https:\/\/www.laertes.es\/ca\/llibre\/lestigma-de-la-bestia\/"]}]},{"@type":"ImageObject","inLanguage":"ca","@id":"https:\/\/www.laertes.es\/ca\/llibre\/lestigma-de-la-bestia\/#primaryimage","url":"https:\/\/www.laertes.es\/wp-content\/uploads\/2023\/01\/9788476120460.jpg","contentUrl":"https:\/\/www.laertes.es\/wp-content\/uploads\/2023\/01\/9788476120460.jpg","width":502,"height":800},{"@type":"BreadcrumbList","@id":"https:\/\/www.laertes.es\/ca\/llibre\/lestigma-de-la-bestia\/#breadcrumb","itemListElement":[{"@type":"ListItem","position":1,"name":"Portada","item":"https:\/\/www.laertes.es\/ca\/"},{"@type":"ListItem","position":2,"name":"Tienda","item":"https:\/\/www.laertes.es\/tienda\/"},{"@type":"ListItem","position":3,"name":"L&#8217;estigma de la B\u00e8stia"}]},{"@type":"WebSite","@id":"https:\/\/www.laertes.es\/ca\/#website","url":"https:\/\/www.laertes.es\/ca\/","name":"Laertes Ediciones","description":"Editorial independiente desde 1975","alternateName":"Laertes","potentialAction":[{"@type":"SearchAction","target":{"@type":"EntryPoint","urlTemplate":"https:\/\/www.laertes.es\/ca\/?s={search_term_string}"},"query-input":{"@type":"PropertyValueSpecification","valueRequired":true,"valueName":"search_term_string"}}],"inLanguage":"ca"}]}},"_links":{"self":[{"href":"https:\/\/www.laertes.es\/ca\/wp-json\/wp\/v2\/product\/11899","targetHints":{"allow":["GET"]}}],"collection":[{"href":"https:\/\/www.laertes.es\/ca\/wp-json\/wp\/v2\/product"}],"about":[{"href":"https:\/\/www.laertes.es\/ca\/wp-json\/wp\/v2\/types\/product"}],"version-history":[{"count":1,"href":"https:\/\/www.laertes.es\/ca\/wp-json\/wp\/v2\/product\/11899\/revisions"}],"predecessor-version":[{"id":15258,"href":"https:\/\/www.laertes.es\/ca\/wp-json\/wp\/v2\/product\/11899\/revisions\/15258"}],"wp:featuredmedia":[{"embeddable":true,"href":"https:\/\/www.laertes.es\/ca\/wp-json\/wp\/v2\/media\/10076"}],"wp:attachment":[{"href":"https:\/\/www.laertes.es\/ca\/wp-json\/wp\/v2\/media?parent=11899"}],"wp:term":[{"taxonomy":"product_brand","embeddable":true,"href":"https:\/\/www.laertes.es\/ca\/wp-json\/wp\/v2\/product_brand?post=11899"},{"taxonomy":"product_cat","embeddable":true,"href":"https:\/\/www.laertes.es\/ca\/wp-json\/wp\/v2\/product_cat?post=11899"},{"taxonomy":"product_tag","embeddable":true,"href":"https:\/\/www.laertes.es\/ca\/wp-json\/wp\/v2\/product_tag?post=11899"},{"taxonomy":"autores","embeddable":true,"href":"https:\/\/www.laertes.es\/ca\/wp-json\/wp\/v2\/autores?post=11899"},{"taxonomy":"formatos","embeddable":true,"href":"https:\/\/www.laertes.es\/ca\/wp-json\/wp\/v2\/formatos?post=11899"},{"taxonomy":"materias","embeddable":true,"href":"https:\/\/www.laertes.es\/ca\/wp-json\/wp\/v2\/materias?post=11899"}],"curies":[{"name":"wp","href":"https:\/\/api.w.org\/{rel}","templated":true}]}}