{"id":11898,"date":"2023-01-24T15:06:43","date_gmt":"2023-01-24T15:06:43","guid":{"rendered":"https:\/libro\/la-vall-de-la-por\/"},"modified":"2023-05-17T12:10:58","modified_gmt":"2023-05-17T12:10:58","slug":"la-vall-de-la-por","status":"publish","type":"product","link":"https:\/\/www.laertes.es\/ca\/llibre\/la-vall-de-la-por\/","title":{"rendered":"La vall de la por"},"content":{"rendered":"","protected":false},"excerpt":{"rendered":"<p>La vall de la por s&#8217;inicia amb una conversa entre Holmes i Watson sobre un an\u00f2nim que han rebut. Amb la seva perspic\u00e0cia habitual, valent-se del m\u00e8tode deductiu, i amb l&#8217;ajut dial\u00e8ctic del doctor Watson, Sherlock Holmes desxifra el \u00abmisteri\u00bb, just en el moment en qu\u00e8 entra un inspector de policia per anunciar l&#8217;assassinat de qu\u00e8 parla l&#8217;an\u00f2nim. Darrera seu, omnipresent, hi ha el sinistre professor Moriarty. El crim \u00e9s el t\u00edpic assassinat que t\u00e9 lloc en una habitaci\u00f3 tancada. Evidentment, Sherlock resol el cas en el primer ter\u00e7 de la novel\u00b7la. Per\u00f2, igual que ocorre a Estudi en escarlata (n\u00fam. 5 d&#8217;aquesta mateixa col\u00b7lecci\u00f3), aquell assassinat t\u00e9 el seu origen (una hist\u00f2ria de venjan\u00e7a) als Estats Units, a Vermissa, a la vall de la por \u2014aix\u00ed anomenada per la tirania que una societat secreta exerceix sobre els seus habitants. Al final, a l&#8217;ep\u00edleg, el diab\u00f2lic professor Moriartry; s&#8217;encarrega de la venjan\u00e7a.<\/p>\n","protected":false},"featured_media":9964,"template":"","meta":[],"product_brand":[],"product_cat":[296],"product_tag":[],"autores":[388],"formatos":[355],"materias":[356],"class_list":{"0":"post-11898","1":"product","2":"type-product","3":"status-publish","4":"has-post-thumbnail","6":"product_cat-larca-ca","7":"autores-doyle-sir-arthur-conan-ca","8":"formatos-llibre","9":"materias-cuentos-clasicos-de-generos-fantasticos-ca","11":"first","12":"outofstock","13":"purchasable","14":"product-type-simple"},"yoast_head":"<!-- This site is optimized with the Yoast SEO plugin v27.4 - https:\/\/yoast.com\/product\/yoast-seo-wordpress\/ -->\n<title>La vall de la por | Laertes ediciones<\/title>\n<meta name=\"robots\" content=\"index, follow, max-snippet:-1, max-image-preview:large, max-video-preview:-1\" \/>\n<link rel=\"canonical\" href=\"https:\/\/www.laertes.es\/ca\/llibre\/la-vall-de-la-por\/\" \/>\n<meta property=\"og:locale\" content=\"ca_ES\" \/>\n<meta property=\"og:type\" content=\"article\" \/>\n<meta property=\"og:title\" content=\"La vall de la por | Laertes ediciones\" \/>\n<meta property=\"og:description\" content=\"La vall de la por s&#039;inicia amb una conversa entre Holmes i Watson sobre un an\u00f2nim que han rebut. Amb la seva perspic\u00e0cia habitual, valent-se del m\u00e8tode deductiu, i amb l&#039;ajut dial\u00e8ctic del doctor Watson, Sherlock Holmes desxifra el \u00abmisteri\u00bb, just en el moment en qu\u00e8 entra un inspector de policia per anunciar l&#039;assassinat de qu\u00e8 parla l&#039;an\u00f2nim. Darrera seu, omnipresent, hi ha el sinistre professor Moriarty. El crim \u00e9s el t\u00edpic assassinat que t\u00e9 lloc en una habitaci\u00f3 tancada. Evidentment, Sherlock resol el cas en el primer ter\u00e7 de la novel\u00b7la. Per\u00f2, igual que ocorre a Estudi en escarlata (n\u00fam. 5 d&#039;aquesta mateixa col\u00b7lecci\u00f3), aquell assassinat t\u00e9 el seu origen (una hist\u00f2ria de venjan\u00e7a) als Estats Units, a Vermissa, a la vall de la por \u2014aix\u00ed anomenada per la tirania que una societat secreta exerceix sobre els seus habitants. Al final, a l&#039;ep\u00edleg, el diab\u00f2lic professor Moriartry; s&#039;encarrega de la venjan\u00e7a.\" \/>\n<meta property=\"og:url\" content=\"https:\/\/www.laertes.es\/ca\/llibre\/la-vall-de-la-por\/\" \/>\n<meta property=\"og:site_name\" content=\"Laertes ediciones\" \/>\n<meta property=\"article:modified_time\" content=\"2023-05-17T12:10:58+00:00\" \/>\n<meta property=\"og:image\" content=\"https:\/\/www.laertes.es\/wp-content\/uploads\/2023\/01\/9788475841496.jpg\" \/>\n\t<meta property=\"og:image:width\" content=\"502\" \/>\n\t<meta property=\"og:image:height\" content=\"800\" \/>\n\t<meta property=\"og:image:type\" content=\"image\/jpeg\" \/>\n<script type=\"application\/ld+json\" class=\"yoast-schema-graph\">{\"@context\":\"https:\\\/\\\/schema.org\",\"@graph\":[{\"@type\":\"WebPage\",\"@id\":\"https:\\\/\\\/www.laertes.es\\\/ca\\\/llibre\\\/la-vall-de-la-por\\\/\",\"url\":\"https:\\\/\\\/www.laertes.es\\\/ca\\\/llibre\\\/la-vall-de-la-por\\\/\",\"name\":\"La vall de la por | Laertes ediciones\",\"isPartOf\":{\"@id\":\"https:\\\/\\\/www.laertes.es\\\/ca\\\/#website\"},\"primaryImageOfPage\":{\"@id\":\"https:\\\/\\\/www.laertes.es\\\/ca\\\/llibre\\\/la-vall-de-la-por\\\/#primaryimage\"},\"image\":{\"@id\":\"https:\\\/\\\/www.laertes.es\\\/ca\\\/llibre\\\/la-vall-de-la-por\\\/#primaryimage\"},\"thumbnailUrl\":\"https:\\\/\\\/www.laertes.es\\\/wp-content\\\/uploads\\\/2023\\\/01\\\/9788475841496.jpg\",\"datePublished\":\"2023-01-24T15:06:43+00:00\",\"dateModified\":\"2023-05-17T12:10:58+00:00\",\"breadcrumb\":{\"@id\":\"https:\\\/\\\/www.laertes.es\\\/ca\\\/llibre\\\/la-vall-de-la-por\\\/#breadcrumb\"},\"inLanguage\":\"ca\",\"potentialAction\":[{\"@type\":\"ReadAction\",\"target\":[\"https:\\\/\\\/www.laertes.es\\\/ca\\\/llibre\\\/la-vall-de-la-por\\\/\"]}]},{\"@type\":\"ImageObject\",\"inLanguage\":\"ca\",\"@id\":\"https:\\\/\\\/www.laertes.es\\\/ca\\\/llibre\\\/la-vall-de-la-por\\\/#primaryimage\",\"url\":\"https:\\\/\\\/www.laertes.es\\\/wp-content\\\/uploads\\\/2023\\\/01\\\/9788475841496.jpg\",\"contentUrl\":\"https:\\\/\\\/www.laertes.es\\\/wp-content\\\/uploads\\\/2023\\\/01\\\/9788475841496.jpg\",\"width\":502,\"height\":800},{\"@type\":\"BreadcrumbList\",\"@id\":\"https:\\\/\\\/www.laertes.es\\\/ca\\\/llibre\\\/la-vall-de-la-por\\\/#breadcrumb\",\"itemListElement\":[{\"@type\":\"ListItem\",\"position\":1,\"name\":\"Portada\",\"item\":\"https:\\\/\\\/www.laertes.es\\\/ca\\\/\"},{\"@type\":\"ListItem\",\"position\":2,\"name\":\"Tienda\",\"item\":\"https:\\\/\\\/www.laertes.es\\\/tienda\\\/\"},{\"@type\":\"ListItem\",\"position\":3,\"name\":\"La vall de la por\"}]},{\"@type\":\"WebSite\",\"@id\":\"https:\\\/\\\/www.laertes.es\\\/ca\\\/#website\",\"url\":\"https:\\\/\\\/www.laertes.es\\\/ca\\\/\",\"name\":\"Laertes Ediciones\",\"description\":\"Editorial independiente desde 1975\",\"alternateName\":\"Laertes\",\"potentialAction\":[{\"@type\":\"SearchAction\",\"target\":{\"@type\":\"EntryPoint\",\"urlTemplate\":\"https:\\\/\\\/www.laertes.es\\\/ca\\\/?s={search_term_string}\"},\"query-input\":{\"@type\":\"PropertyValueSpecification\",\"valueRequired\":true,\"valueName\":\"search_term_string\"}}],\"inLanguage\":\"ca\"}]}<\/script>\n<!-- \/ Yoast SEO plugin. -->","yoast_head_json":{"title":"La vall de la por | Laertes ediciones","robots":{"index":"index","follow":"follow","max-snippet":"max-snippet:-1","max-image-preview":"max-image-preview:large","max-video-preview":"max-video-preview:-1"},"canonical":"https:\/\/www.laertes.es\/ca\/llibre\/la-vall-de-la-por\/","og_locale":"ca_ES","og_type":"article","og_title":"La vall de la por | Laertes ediciones","og_description":"La vall de la por s'inicia amb una conversa entre Holmes i Watson sobre un an\u00f2nim que han rebut. Amb la seva perspic\u00e0cia habitual, valent-se del m\u00e8tode deductiu, i amb l'ajut dial\u00e8ctic del doctor Watson, Sherlock Holmes desxifra el \u00abmisteri\u00bb, just en el moment en qu\u00e8 entra un inspector de policia per anunciar l'assassinat de qu\u00e8 parla l'an\u00f2nim. Darrera seu, omnipresent, hi ha el sinistre professor Moriarty. El crim \u00e9s el t\u00edpic assassinat que t\u00e9 lloc en una habitaci\u00f3 tancada. Evidentment, Sherlock resol el cas en el primer ter\u00e7 de la novel\u00b7la. Per\u00f2, igual que ocorre a Estudi en escarlata (n\u00fam. 5 d'aquesta mateixa col\u00b7lecci\u00f3), aquell assassinat t\u00e9 el seu origen (una hist\u00f2ria de venjan\u00e7a) als Estats Units, a Vermissa, a la vall de la por \u2014aix\u00ed anomenada per la tirania que una societat secreta exerceix sobre els seus habitants. Al final, a l'ep\u00edleg, el diab\u00f2lic professor Moriartry; s'encarrega de la venjan\u00e7a.","og_url":"https:\/\/www.laertes.es\/ca\/llibre\/la-vall-de-la-por\/","og_site_name":"Laertes ediciones","article_modified_time":"2023-05-17T12:10:58+00:00","og_image":[{"width":502,"height":800,"url":"https:\/\/www.laertes.es\/wp-content\/uploads\/2023\/01\/9788475841496.jpg","type":"image\/jpeg"}],"schema":{"@context":"https:\/\/schema.org","@graph":[{"@type":"WebPage","@id":"https:\/\/www.laertes.es\/ca\/llibre\/la-vall-de-la-por\/","url":"https:\/\/www.laertes.es\/ca\/llibre\/la-vall-de-la-por\/","name":"La vall de la por | Laertes ediciones","isPartOf":{"@id":"https:\/\/www.laertes.es\/ca\/#website"},"primaryImageOfPage":{"@id":"https:\/\/www.laertes.es\/ca\/llibre\/la-vall-de-la-por\/#primaryimage"},"image":{"@id":"https:\/\/www.laertes.es\/ca\/llibre\/la-vall-de-la-por\/#primaryimage"},"thumbnailUrl":"https:\/\/www.laertes.es\/wp-content\/uploads\/2023\/01\/9788475841496.jpg","datePublished":"2023-01-24T15:06:43+00:00","dateModified":"2023-05-17T12:10:58+00:00","breadcrumb":{"@id":"https:\/\/www.laertes.es\/ca\/llibre\/la-vall-de-la-por\/#breadcrumb"},"inLanguage":"ca","potentialAction":[{"@type":"ReadAction","target":["https:\/\/www.laertes.es\/ca\/llibre\/la-vall-de-la-por\/"]}]},{"@type":"ImageObject","inLanguage":"ca","@id":"https:\/\/www.laertes.es\/ca\/llibre\/la-vall-de-la-por\/#primaryimage","url":"https:\/\/www.laertes.es\/wp-content\/uploads\/2023\/01\/9788475841496.jpg","contentUrl":"https:\/\/www.laertes.es\/wp-content\/uploads\/2023\/01\/9788475841496.jpg","width":502,"height":800},{"@type":"BreadcrumbList","@id":"https:\/\/www.laertes.es\/ca\/llibre\/la-vall-de-la-por\/#breadcrumb","itemListElement":[{"@type":"ListItem","position":1,"name":"Portada","item":"https:\/\/www.laertes.es\/ca\/"},{"@type":"ListItem","position":2,"name":"Tienda","item":"https:\/\/www.laertes.es\/tienda\/"},{"@type":"ListItem","position":3,"name":"La vall de la por"}]},{"@type":"WebSite","@id":"https:\/\/www.laertes.es\/ca\/#website","url":"https:\/\/www.laertes.es\/ca\/","name":"Laertes Ediciones","description":"Editorial independiente desde 1975","alternateName":"Laertes","potentialAction":[{"@type":"SearchAction","target":{"@type":"EntryPoint","urlTemplate":"https:\/\/www.laertes.es\/ca\/?s={search_term_string}"},"query-input":{"@type":"PropertyValueSpecification","valueRequired":true,"valueName":"search_term_string"}}],"inLanguage":"ca"}]}},"_links":{"self":[{"href":"https:\/\/www.laertes.es\/ca\/wp-json\/wp\/v2\/product\/11898","targetHints":{"allow":["GET"]}}],"collection":[{"href":"https:\/\/www.laertes.es\/ca\/wp-json\/wp\/v2\/product"}],"about":[{"href":"https:\/\/www.laertes.es\/ca\/wp-json\/wp\/v2\/types\/product"}],"version-history":[{"count":1,"href":"https:\/\/www.laertes.es\/ca\/wp-json\/wp\/v2\/product\/11898\/revisions"}],"predecessor-version":[{"id":13932,"href":"https:\/\/www.laertes.es\/ca\/wp-json\/wp\/v2\/product\/11898\/revisions\/13932"}],"wp:featuredmedia":[{"embeddable":true,"href":"https:\/\/www.laertes.es\/ca\/wp-json\/wp\/v2\/media\/9964"}],"wp:attachment":[{"href":"https:\/\/www.laertes.es\/ca\/wp-json\/wp\/v2\/media?parent=11898"}],"wp:term":[{"taxonomy":"product_brand","embeddable":true,"href":"https:\/\/www.laertes.es\/ca\/wp-json\/wp\/v2\/product_brand?post=11898"},{"taxonomy":"product_cat","embeddable":true,"href":"https:\/\/www.laertes.es\/ca\/wp-json\/wp\/v2\/product_cat?post=11898"},{"taxonomy":"product_tag","embeddable":true,"href":"https:\/\/www.laertes.es\/ca\/wp-json\/wp\/v2\/product_tag?post=11898"},{"taxonomy":"autores","embeddable":true,"href":"https:\/\/www.laertes.es\/ca\/wp-json\/wp\/v2\/autores?post=11898"},{"taxonomy":"formatos","embeddable":true,"href":"https:\/\/www.laertes.es\/ca\/wp-json\/wp\/v2\/formatos?post=11898"},{"taxonomy":"materias","embeddable":true,"href":"https:\/\/www.laertes.es\/ca\/wp-json\/wp\/v2\/materias?post=11898"}],"curies":[{"name":"wp","href":"https:\/\/api.w.org\/{rel}","templated":true}]}}