{"id":11896,"date":"2023-01-24T15:06:43","date_gmt":"2023-01-24T15:06:43","guid":{"rendered":"https:\/libro\/el-signe-dels-quatre\/"},"modified":"2023-05-17T12:08:11","modified_gmt":"2023-05-17T12:08:11","slug":"el-signe-dels-quatre","status":"publish","type":"product","link":"https:\/\/www.laertes.es\/ca\/llibre\/el-signe-dels-quatre\/","title":{"rendered":"El signe dels quatre"},"content":{"rendered":"","protected":false},"excerpt":{"rendered":"<p>El signe dels quatre, de Sir Arthur Conan Doyle (1859-1930), aparegu\u00e9 simult\u00e0niament a les edicions anglesa i nord-americana del \u00abLippincott&#8217;s Magazine\u00bb del febrer de 1890, i el mateix any es public\u00e0 en llibre a Anglaterra, i a l&#8217;any seg\u00fcent als EUA. Aquesta novel\u00b7la representa precisamente la consagraci\u00f3 de Sir Arthur Conan Doyle com a narrador. Mary Morstan truca a la porta del 221 B de Baker Street per demanar ajut. Watson queda del tot fascinat per aquesta atractiva senyoreta, amb qui al final es casa. Miss Morstan \u00e9s filla d&#8217;un capit\u00e0 de l&#8217;ex\u00e8rcit de l&#8217;\u00edndia que havia desaparegut misteriosament deu anys abans i de qui no s&#8217;havia tornat a sentir a parlar des d&#8217;aleshores. Quatre anys despr\u00e9s de la desaparici\u00f3, Miss Morstan rep un regal an\u00f2nim, una enorme perla brillant, i en toma a rebre una altra cada any a partir de llavors. Holmes i Watson l&#8217;acompanyen a una cita amb l&#8217;exc\u00e8ntric Thaddeus Sholto, germ\u00e0 bess\u00f3 de Bartholomew Sholto i fill d&#8217;un comandant que havia estat nom\u00e9s amic del capit\u00e0 Morstan a Londres. Holmes es posa en marxa per tal de trobar el tresor fabul\u00f3s i aviat es veu comprom\u00e8s amb l&#8217;estrany Jonathan Small i Tonga. Una vegada m\u00e9s el lector catal\u00e0 t\u00e9 la possibilitat de seguir i admirar Sherlock Holmes en les seves investigacions detectivesques. Unes investigacions guiades per l&#8217;estudi, el talent, l&#8217;observaci\u00f3 i el raonament. Per\u00f2 tamb\u00e9 plenes de sorpreses i tenyides d&#8217;ironia.<\/p>\n","protected":false},"featured_media":9922,"template":"","meta":[],"product_brand":[],"product_cat":[296],"product_tag":[],"autores":[388],"formatos":[355],"materias":[356],"class_list":{"0":"post-11896","1":"product","2":"type-product","3":"status-publish","4":"has-post-thumbnail","6":"product_cat-larca-ca","7":"autores-doyle-sir-arthur-conan-ca","8":"formatos-llibre","9":"materias-cuentos-clasicos-de-generos-fantasticos-ca","11":"first","12":"outofstock","13":"purchasable","14":"product-type-simple"},"yoast_head":"<!-- This site is optimized with the Yoast SEO plugin v27.4 - https:\/\/yoast.com\/product\/yoast-seo-wordpress\/ -->\n<title>El signe dels quatre | Laertes ediciones<\/title>\n<meta name=\"robots\" content=\"index, follow, max-snippet:-1, max-image-preview:large, max-video-preview:-1\" \/>\n<link rel=\"canonical\" href=\"https:\/\/www.laertes.es\/ca\/llibre\/el-signe-dels-quatre\/\" \/>\n<meta property=\"og:locale\" content=\"ca_ES\" \/>\n<meta property=\"og:type\" content=\"article\" \/>\n<meta property=\"og:title\" content=\"El signe dels quatre | Laertes ediciones\" \/>\n<meta property=\"og:description\" content=\"El signe dels quatre, de Sir Arthur Conan Doyle (1859-1930), aparegu\u00e9 simult\u00e0niament a les edicions anglesa i nord-americana del \u00abLippincott&#039;s Magazine\u00bb del febrer de 1890, i el mateix any es public\u00e0 en llibre a Anglaterra, i a l&#039;any seg\u00fcent als EUA. Aquesta novel\u00b7la representa precisamente la consagraci\u00f3 de Sir Arthur Conan Doyle com a narrador. Mary Morstan truca a la porta del 221 B de Baker Street per demanar ajut. Watson queda del tot fascinat per aquesta atractiva senyoreta, amb qui al final es casa. Miss Morstan \u00e9s filla d&#039;un capit\u00e0 de l&#039;ex\u00e8rcit de l&#039;\u00edndia que havia desaparegut misteriosament deu anys abans i de qui no s&#039;havia tornat a sentir a parlar des d&#039;aleshores. Quatre anys despr\u00e9s de la desaparici\u00f3, Miss Morstan rep un regal an\u00f2nim, una enorme perla brillant, i en toma a rebre una altra cada any a partir de llavors. Holmes i Watson l&#039;acompanyen a una cita amb l&#039;exc\u00e8ntric Thaddeus Sholto, germ\u00e0 bess\u00f3 de Bartholomew Sholto i fill d&#039;un comandant que havia estat nom\u00e9s amic del capit\u00e0 Morstan a Londres. Holmes es posa en marxa per tal de trobar el tresor fabul\u00f3s i aviat es veu comprom\u00e8s amb l&#039;estrany Jonathan Small i Tonga. Una vegada m\u00e9s el lector catal\u00e0 t\u00e9 la possibilitat de seguir i admirar Sherlock Holmes en les seves investigacions detectivesques. Unes investigacions guiades per l&#039;estudi, el talent, l&#039;observaci\u00f3 i el raonament. Per\u00f2 tamb\u00e9 plenes de sorpreses i tenyides d&#039;ironia.\" \/>\n<meta property=\"og:url\" content=\"https:\/\/www.laertes.es\/ca\/llibre\/el-signe-dels-quatre\/\" \/>\n<meta property=\"og:site_name\" content=\"Laertes ediciones\" \/>\n<meta property=\"article:modified_time\" content=\"2023-05-17T12:08:11+00:00\" \/>\n<meta property=\"og:image\" content=\"https:\/\/www.laertes.es\/wp-content\/uploads\/2023\/01\/9788475840758.jpg\" \/>\n\t<meta property=\"og:image:width\" content=\"715\" \/>\n\t<meta property=\"og:image:height\" content=\"1151\" \/>\n\t<meta property=\"og:image:type\" content=\"image\/jpeg\" \/>\n<script type=\"application\/ld+json\" class=\"yoast-schema-graph\">{\"@context\":\"https:\\\/\\\/schema.org\",\"@graph\":[{\"@type\":\"WebPage\",\"@id\":\"https:\\\/\\\/www.laertes.es\\\/ca\\\/llibre\\\/el-signe-dels-quatre\\\/\",\"url\":\"https:\\\/\\\/www.laertes.es\\\/ca\\\/llibre\\\/el-signe-dels-quatre\\\/\",\"name\":\"El signe dels quatre | Laertes ediciones\",\"isPartOf\":{\"@id\":\"https:\\\/\\\/www.laertes.es\\\/ca\\\/#website\"},\"primaryImageOfPage\":{\"@id\":\"https:\\\/\\\/www.laertes.es\\\/ca\\\/llibre\\\/el-signe-dels-quatre\\\/#primaryimage\"},\"image\":{\"@id\":\"https:\\\/\\\/www.laertes.es\\\/ca\\\/llibre\\\/el-signe-dels-quatre\\\/#primaryimage\"},\"thumbnailUrl\":\"https:\\\/\\\/www.laertes.es\\\/wp-content\\\/uploads\\\/2023\\\/01\\\/9788475840758.jpg\",\"datePublished\":\"2023-01-24T15:06:43+00:00\",\"dateModified\":\"2023-05-17T12:08:11+00:00\",\"breadcrumb\":{\"@id\":\"https:\\\/\\\/www.laertes.es\\\/ca\\\/llibre\\\/el-signe-dels-quatre\\\/#breadcrumb\"},\"inLanguage\":\"ca\",\"potentialAction\":[{\"@type\":\"ReadAction\",\"target\":[\"https:\\\/\\\/www.laertes.es\\\/ca\\\/llibre\\\/el-signe-dels-quatre\\\/\"]}]},{\"@type\":\"ImageObject\",\"inLanguage\":\"ca\",\"@id\":\"https:\\\/\\\/www.laertes.es\\\/ca\\\/llibre\\\/el-signe-dels-quatre\\\/#primaryimage\",\"url\":\"https:\\\/\\\/www.laertes.es\\\/wp-content\\\/uploads\\\/2023\\\/01\\\/9788475840758.jpg\",\"contentUrl\":\"https:\\\/\\\/www.laertes.es\\\/wp-content\\\/uploads\\\/2023\\\/01\\\/9788475840758.jpg\",\"width\":715,\"height\":1151},{\"@type\":\"BreadcrumbList\",\"@id\":\"https:\\\/\\\/www.laertes.es\\\/ca\\\/llibre\\\/el-signe-dels-quatre\\\/#breadcrumb\",\"itemListElement\":[{\"@type\":\"ListItem\",\"position\":1,\"name\":\"Portada\",\"item\":\"https:\\\/\\\/www.laertes.es\\\/ca\\\/\"},{\"@type\":\"ListItem\",\"position\":2,\"name\":\"Tienda\",\"item\":\"https:\\\/\\\/www.laertes.es\\\/tienda\\\/\"},{\"@type\":\"ListItem\",\"position\":3,\"name\":\"El signe dels quatre\"}]},{\"@type\":\"WebSite\",\"@id\":\"https:\\\/\\\/www.laertes.es\\\/ca\\\/#website\",\"url\":\"https:\\\/\\\/www.laertes.es\\\/ca\\\/\",\"name\":\"Laertes Ediciones\",\"description\":\"Editorial independiente desde 1975\",\"alternateName\":\"Laertes\",\"potentialAction\":[{\"@type\":\"SearchAction\",\"target\":{\"@type\":\"EntryPoint\",\"urlTemplate\":\"https:\\\/\\\/www.laertes.es\\\/ca\\\/?s={search_term_string}\"},\"query-input\":{\"@type\":\"PropertyValueSpecification\",\"valueRequired\":true,\"valueName\":\"search_term_string\"}}],\"inLanguage\":\"ca\"}]}<\/script>\n<!-- \/ Yoast SEO plugin. -->","yoast_head_json":{"title":"El signe dels quatre | Laertes ediciones","robots":{"index":"index","follow":"follow","max-snippet":"max-snippet:-1","max-image-preview":"max-image-preview:large","max-video-preview":"max-video-preview:-1"},"canonical":"https:\/\/www.laertes.es\/ca\/llibre\/el-signe-dels-quatre\/","og_locale":"ca_ES","og_type":"article","og_title":"El signe dels quatre | Laertes ediciones","og_description":"El signe dels quatre, de Sir Arthur Conan Doyle (1859-1930), aparegu\u00e9 simult\u00e0niament a les edicions anglesa i nord-americana del \u00abLippincott's Magazine\u00bb del febrer de 1890, i el mateix any es public\u00e0 en llibre a Anglaterra, i a l'any seg\u00fcent als EUA. Aquesta novel\u00b7la representa precisamente la consagraci\u00f3 de Sir Arthur Conan Doyle com a narrador. Mary Morstan truca a la porta del 221 B de Baker Street per demanar ajut. Watson queda del tot fascinat per aquesta atractiva senyoreta, amb qui al final es casa. Miss Morstan \u00e9s filla d'un capit\u00e0 de l'ex\u00e8rcit de l'\u00edndia que havia desaparegut misteriosament deu anys abans i de qui no s'havia tornat a sentir a parlar des d'aleshores. Quatre anys despr\u00e9s de la desaparici\u00f3, Miss Morstan rep un regal an\u00f2nim, una enorme perla brillant, i en toma a rebre una altra cada any a partir de llavors. Holmes i Watson l'acompanyen a una cita amb l'exc\u00e8ntric Thaddeus Sholto, germ\u00e0 bess\u00f3 de Bartholomew Sholto i fill d'un comandant que havia estat nom\u00e9s amic del capit\u00e0 Morstan a Londres. Holmes es posa en marxa per tal de trobar el tresor fabul\u00f3s i aviat es veu comprom\u00e8s amb l'estrany Jonathan Small i Tonga. Una vegada m\u00e9s el lector catal\u00e0 t\u00e9 la possibilitat de seguir i admirar Sherlock Holmes en les seves investigacions detectivesques. Unes investigacions guiades per l'estudi, el talent, l'observaci\u00f3 i el raonament. Per\u00f2 tamb\u00e9 plenes de sorpreses i tenyides d'ironia.","og_url":"https:\/\/www.laertes.es\/ca\/llibre\/el-signe-dels-quatre\/","og_site_name":"Laertes ediciones","article_modified_time":"2023-05-17T12:08:11+00:00","og_image":[{"width":715,"height":1151,"url":"https:\/\/www.laertes.es\/wp-content\/uploads\/2023\/01\/9788475840758.jpg","type":"image\/jpeg"}],"schema":{"@context":"https:\/\/schema.org","@graph":[{"@type":"WebPage","@id":"https:\/\/www.laertes.es\/ca\/llibre\/el-signe-dels-quatre\/","url":"https:\/\/www.laertes.es\/ca\/llibre\/el-signe-dels-quatre\/","name":"El signe dels quatre | Laertes ediciones","isPartOf":{"@id":"https:\/\/www.laertes.es\/ca\/#website"},"primaryImageOfPage":{"@id":"https:\/\/www.laertes.es\/ca\/llibre\/el-signe-dels-quatre\/#primaryimage"},"image":{"@id":"https:\/\/www.laertes.es\/ca\/llibre\/el-signe-dels-quatre\/#primaryimage"},"thumbnailUrl":"https:\/\/www.laertes.es\/wp-content\/uploads\/2023\/01\/9788475840758.jpg","datePublished":"2023-01-24T15:06:43+00:00","dateModified":"2023-05-17T12:08:11+00:00","breadcrumb":{"@id":"https:\/\/www.laertes.es\/ca\/llibre\/el-signe-dels-quatre\/#breadcrumb"},"inLanguage":"ca","potentialAction":[{"@type":"ReadAction","target":["https:\/\/www.laertes.es\/ca\/llibre\/el-signe-dels-quatre\/"]}]},{"@type":"ImageObject","inLanguage":"ca","@id":"https:\/\/www.laertes.es\/ca\/llibre\/el-signe-dels-quatre\/#primaryimage","url":"https:\/\/www.laertes.es\/wp-content\/uploads\/2023\/01\/9788475840758.jpg","contentUrl":"https:\/\/www.laertes.es\/wp-content\/uploads\/2023\/01\/9788475840758.jpg","width":715,"height":1151},{"@type":"BreadcrumbList","@id":"https:\/\/www.laertes.es\/ca\/llibre\/el-signe-dels-quatre\/#breadcrumb","itemListElement":[{"@type":"ListItem","position":1,"name":"Portada","item":"https:\/\/www.laertes.es\/ca\/"},{"@type":"ListItem","position":2,"name":"Tienda","item":"https:\/\/www.laertes.es\/tienda\/"},{"@type":"ListItem","position":3,"name":"El signe dels quatre"}]},{"@type":"WebSite","@id":"https:\/\/www.laertes.es\/ca\/#website","url":"https:\/\/www.laertes.es\/ca\/","name":"Laertes Ediciones","description":"Editorial independiente desde 1975","alternateName":"Laertes","potentialAction":[{"@type":"SearchAction","target":{"@type":"EntryPoint","urlTemplate":"https:\/\/www.laertes.es\/ca\/?s={search_term_string}"},"query-input":{"@type":"PropertyValueSpecification","valueRequired":true,"valueName":"search_term_string"}}],"inLanguage":"ca"}]}},"_links":{"self":[{"href":"https:\/\/www.laertes.es\/ca\/wp-json\/wp\/v2\/product\/11896","targetHints":{"allow":["GET"]}}],"collection":[{"href":"https:\/\/www.laertes.es\/ca\/wp-json\/wp\/v2\/product"}],"about":[{"href":"https:\/\/www.laertes.es\/ca\/wp-json\/wp\/v2\/types\/product"}],"version-history":[{"count":1,"href":"https:\/\/www.laertes.es\/ca\/wp-json\/wp\/v2\/product\/11896\/revisions"}],"predecessor-version":[{"id":13930,"href":"https:\/\/www.laertes.es\/ca\/wp-json\/wp\/v2\/product\/11896\/revisions\/13930"}],"wp:featuredmedia":[{"embeddable":true,"href":"https:\/\/www.laertes.es\/ca\/wp-json\/wp\/v2\/media\/9922"}],"wp:attachment":[{"href":"https:\/\/www.laertes.es\/ca\/wp-json\/wp\/v2\/media?parent=11896"}],"wp:term":[{"taxonomy":"product_brand","embeddable":true,"href":"https:\/\/www.laertes.es\/ca\/wp-json\/wp\/v2\/product_brand?post=11896"},{"taxonomy":"product_cat","embeddable":true,"href":"https:\/\/www.laertes.es\/ca\/wp-json\/wp\/v2\/product_cat?post=11896"},{"taxonomy":"product_tag","embeddable":true,"href":"https:\/\/www.laertes.es\/ca\/wp-json\/wp\/v2\/product_tag?post=11896"},{"taxonomy":"autores","embeddable":true,"href":"https:\/\/www.laertes.es\/ca\/wp-json\/wp\/v2\/autores?post=11896"},{"taxonomy":"formatos","embeddable":true,"href":"https:\/\/www.laertes.es\/ca\/wp-json\/wp\/v2\/formatos?post=11896"},{"taxonomy":"materias","embeddable":true,"href":"https:\/\/www.laertes.es\/ca\/wp-json\/wp\/v2\/materias?post=11896"}],"curies":[{"name":"wp","href":"https:\/\/api.w.org\/{rel}","templated":true}]}}