{"id":11895,"date":"2023-01-24T15:06:43","date_gmt":"2023-01-24T15:06:43","guid":{"rendered":"https:\/libro\/benito-cereno\/"},"modified":"2024-08-20T20:50:07","modified_gmt":"2024-08-20T20:50:07","slug":"benito-cereno","status":"publish","type":"product","link":"https:\/\/www.laertes.es\/ca\/llibre\/benito-cereno\/","title":{"rendered":"Benito Cereno"},"content":{"rendered":"","protected":false},"excerpt":{"rendered":"<p>Estant ancorat el seu vaixell a la badia de Santa Maria, el capit\u00e0 Amasa Delano veu com s&#8217;acosta un altre vaixell que fa tota la cara de necessitar ajuda. Com a bon i gener\u00f3s capit\u00e0 que \u00e9s, Delano s&#8217;hi acosta i puja a bord. A partir d&#8217;aqu\u00ed, Melville ens va explicant l&#8217;ambient que Delano troba dalt d&#8217;aquest misteri\u00f3s vaixell capitanejat pel turmentat Benito Cereno, acompanyat sempre del fidel negre Babo&#8230; Per\u00f2 potser no tot \u00e9s el que sembla.Una lectura molt recomanable i r\u00e0pida per la brevetat del relat. Comparable a El cor de les tenebres de Conrad pel que fa al tractament de l&#8217;antin\u00f2mia barb\u00e0rie-civilitzaci\u00f3.<\/p>\n","protected":false},"featured_media":10074,"template":"","meta":[],"product_brand":[],"product_cat":[296],"product_tag":[],"autores":[400],"formatos":[355],"materias":[356],"class_list":{"0":"post-11895","1":"product","2":"type-product","3":"status-publish","4":"has-post-thumbnail","6":"product_cat-larca-ca","7":"autores-melville-herman-ca","8":"formatos-llibre","9":"materias-cuentos-clasicos-de-generos-fantasticos-ca","11":"first","12":"outofstock","13":"product-type-simple"},"yoast_head":"<!-- This site is optimized with the Yoast SEO plugin v27.4 - https:\/\/yoast.com\/product\/yoast-seo-wordpress\/ -->\n<title>Benito Cereno | Laertes ediciones<\/title>\n<meta name=\"robots\" content=\"index, follow, max-snippet:-1, max-image-preview:large, max-video-preview:-1\" \/>\n<link rel=\"canonical\" href=\"https:\/\/www.laertes.es\/ca\/llibre\/benito-cereno\/\" \/>\n<meta property=\"og:locale\" content=\"ca_ES\" \/>\n<meta property=\"og:type\" content=\"article\" \/>\n<meta property=\"og:title\" content=\"Benito Cereno | Laertes ediciones\" \/>\n<meta property=\"og:description\" content=\"Estant ancorat el seu vaixell a la badia de Santa Maria, el capit\u00e0 Amasa Delano veu com s&#039;acosta un altre vaixell que fa tota la cara de necessitar ajuda. Com a bon i gener\u00f3s capit\u00e0 que \u00e9s, Delano s&#039;hi acosta i puja a bord. A partir d&#039;aqu\u00ed, Melville ens va explicant l&#039;ambient que Delano troba dalt d&#039;aquest misteri\u00f3s vaixell capitanejat pel turmentat Benito Cereno, acompanyat sempre del fidel negre Babo... Per\u00f2 potser no tot \u00e9s el que sembla.Una lectura molt recomanable i r\u00e0pida per la brevetat del relat. Comparable a El cor de les tenebres de Conrad pel que fa al tractament de l&#039;antin\u00f2mia barb\u00e0rie-civilitzaci\u00f3.\" \/>\n<meta property=\"og:url\" content=\"https:\/\/www.laertes.es\/ca\/llibre\/benito-cereno\/\" \/>\n<meta property=\"og:site_name\" content=\"Laertes ediciones\" \/>\n<meta property=\"article:modified_time\" content=\"2024-08-20T20:50:07+00:00\" \/>\n<meta property=\"og:image\" content=\"https:\/\/www.laertes.es\/wp-content\/uploads\/2023\/01\/9788476120422.jpg\" \/>\n\t<meta property=\"og:image:width\" content=\"715\" \/>\n\t<meta property=\"og:image:height\" content=\"1151\" \/>\n\t<meta property=\"og:image:type\" content=\"image\/jpeg\" \/>\n<script type=\"application\/ld+json\" class=\"yoast-schema-graph\">{\"@context\":\"https:\\\/\\\/schema.org\",\"@graph\":[{\"@type\":\"WebPage\",\"@id\":\"https:\\\/\\\/www.laertes.es\\\/ca\\\/llibre\\\/benito-cereno\\\/\",\"url\":\"https:\\\/\\\/www.laertes.es\\\/ca\\\/llibre\\\/benito-cereno\\\/\",\"name\":\"Benito Cereno | Laertes ediciones\",\"isPartOf\":{\"@id\":\"https:\\\/\\\/www.laertes.es\\\/ca\\\/#website\"},\"primaryImageOfPage\":{\"@id\":\"https:\\\/\\\/www.laertes.es\\\/ca\\\/llibre\\\/benito-cereno\\\/#primaryimage\"},\"image\":{\"@id\":\"https:\\\/\\\/www.laertes.es\\\/ca\\\/llibre\\\/benito-cereno\\\/#primaryimage\"},\"thumbnailUrl\":\"https:\\\/\\\/www.laertes.es\\\/wp-content\\\/uploads\\\/2023\\\/01\\\/9788476120422.jpg\",\"datePublished\":\"2023-01-24T15:06:43+00:00\",\"dateModified\":\"2024-08-20T20:50:07+00:00\",\"breadcrumb\":{\"@id\":\"https:\\\/\\\/www.laertes.es\\\/ca\\\/llibre\\\/benito-cereno\\\/#breadcrumb\"},\"inLanguage\":\"ca\",\"potentialAction\":[{\"@type\":\"ReadAction\",\"target\":[\"https:\\\/\\\/www.laertes.es\\\/ca\\\/llibre\\\/benito-cereno\\\/\"]}]},{\"@type\":\"ImageObject\",\"inLanguage\":\"ca\",\"@id\":\"https:\\\/\\\/www.laertes.es\\\/ca\\\/llibre\\\/benito-cereno\\\/#primaryimage\",\"url\":\"https:\\\/\\\/www.laertes.es\\\/wp-content\\\/uploads\\\/2023\\\/01\\\/9788476120422.jpg\",\"contentUrl\":\"https:\\\/\\\/www.laertes.es\\\/wp-content\\\/uploads\\\/2023\\\/01\\\/9788476120422.jpg\",\"width\":715,\"height\":1151},{\"@type\":\"BreadcrumbList\",\"@id\":\"https:\\\/\\\/www.laertes.es\\\/ca\\\/llibre\\\/benito-cereno\\\/#breadcrumb\",\"itemListElement\":[{\"@type\":\"ListItem\",\"position\":1,\"name\":\"Portada\",\"item\":\"https:\\\/\\\/www.laertes.es\\\/ca\\\/\"},{\"@type\":\"ListItem\",\"position\":2,\"name\":\"Tienda\",\"item\":\"https:\\\/\\\/www.laertes.es\\\/tienda\\\/\"},{\"@type\":\"ListItem\",\"position\":3,\"name\":\"Benito Cereno\"}]},{\"@type\":\"WebSite\",\"@id\":\"https:\\\/\\\/www.laertes.es\\\/ca\\\/#website\",\"url\":\"https:\\\/\\\/www.laertes.es\\\/ca\\\/\",\"name\":\"Laertes Ediciones\",\"description\":\"Editorial independiente desde 1975\",\"alternateName\":\"Laertes\",\"potentialAction\":[{\"@type\":\"SearchAction\",\"target\":{\"@type\":\"EntryPoint\",\"urlTemplate\":\"https:\\\/\\\/www.laertes.es\\\/ca\\\/?s={search_term_string}\"},\"query-input\":{\"@type\":\"PropertyValueSpecification\",\"valueRequired\":true,\"valueName\":\"search_term_string\"}}],\"inLanguage\":\"ca\"}]}<\/script>\n<!-- \/ Yoast SEO plugin. -->","yoast_head_json":{"title":"Benito Cereno | Laertes ediciones","robots":{"index":"index","follow":"follow","max-snippet":"max-snippet:-1","max-image-preview":"max-image-preview:large","max-video-preview":"max-video-preview:-1"},"canonical":"https:\/\/www.laertes.es\/ca\/llibre\/benito-cereno\/","og_locale":"ca_ES","og_type":"article","og_title":"Benito Cereno | Laertes ediciones","og_description":"Estant ancorat el seu vaixell a la badia de Santa Maria, el capit\u00e0 Amasa Delano veu com s'acosta un altre vaixell que fa tota la cara de necessitar ajuda. Com a bon i gener\u00f3s capit\u00e0 que \u00e9s, Delano s'hi acosta i puja a bord. A partir d'aqu\u00ed, Melville ens va explicant l'ambient que Delano troba dalt d'aquest misteri\u00f3s vaixell capitanejat pel turmentat Benito Cereno, acompanyat sempre del fidel negre Babo... Per\u00f2 potser no tot \u00e9s el que sembla.Una lectura molt recomanable i r\u00e0pida per la brevetat del relat. Comparable a El cor de les tenebres de Conrad pel que fa al tractament de l'antin\u00f2mia barb\u00e0rie-civilitzaci\u00f3.","og_url":"https:\/\/www.laertes.es\/ca\/llibre\/benito-cereno\/","og_site_name":"Laertes ediciones","article_modified_time":"2024-08-20T20:50:07+00:00","og_image":[{"width":715,"height":1151,"url":"https:\/\/www.laertes.es\/wp-content\/uploads\/2023\/01\/9788476120422.jpg","type":"image\/jpeg"}],"schema":{"@context":"https:\/\/schema.org","@graph":[{"@type":"WebPage","@id":"https:\/\/www.laertes.es\/ca\/llibre\/benito-cereno\/","url":"https:\/\/www.laertes.es\/ca\/llibre\/benito-cereno\/","name":"Benito Cereno | Laertes ediciones","isPartOf":{"@id":"https:\/\/www.laertes.es\/ca\/#website"},"primaryImageOfPage":{"@id":"https:\/\/www.laertes.es\/ca\/llibre\/benito-cereno\/#primaryimage"},"image":{"@id":"https:\/\/www.laertes.es\/ca\/llibre\/benito-cereno\/#primaryimage"},"thumbnailUrl":"https:\/\/www.laertes.es\/wp-content\/uploads\/2023\/01\/9788476120422.jpg","datePublished":"2023-01-24T15:06:43+00:00","dateModified":"2024-08-20T20:50:07+00:00","breadcrumb":{"@id":"https:\/\/www.laertes.es\/ca\/llibre\/benito-cereno\/#breadcrumb"},"inLanguage":"ca","potentialAction":[{"@type":"ReadAction","target":["https:\/\/www.laertes.es\/ca\/llibre\/benito-cereno\/"]}]},{"@type":"ImageObject","inLanguage":"ca","@id":"https:\/\/www.laertes.es\/ca\/llibre\/benito-cereno\/#primaryimage","url":"https:\/\/www.laertes.es\/wp-content\/uploads\/2023\/01\/9788476120422.jpg","contentUrl":"https:\/\/www.laertes.es\/wp-content\/uploads\/2023\/01\/9788476120422.jpg","width":715,"height":1151},{"@type":"BreadcrumbList","@id":"https:\/\/www.laertes.es\/ca\/llibre\/benito-cereno\/#breadcrumb","itemListElement":[{"@type":"ListItem","position":1,"name":"Portada","item":"https:\/\/www.laertes.es\/ca\/"},{"@type":"ListItem","position":2,"name":"Tienda","item":"https:\/\/www.laertes.es\/tienda\/"},{"@type":"ListItem","position":3,"name":"Benito Cereno"}]},{"@type":"WebSite","@id":"https:\/\/www.laertes.es\/ca\/#website","url":"https:\/\/www.laertes.es\/ca\/","name":"Laertes Ediciones","description":"Editorial independiente desde 1975","alternateName":"Laertes","potentialAction":[{"@type":"SearchAction","target":{"@type":"EntryPoint","urlTemplate":"https:\/\/www.laertes.es\/ca\/?s={search_term_string}"},"query-input":{"@type":"PropertyValueSpecification","valueRequired":true,"valueName":"search_term_string"}}],"inLanguage":"ca"}]}},"_links":{"self":[{"href":"https:\/\/www.laertes.es\/ca\/wp-json\/wp\/v2\/product\/11895","targetHints":{"allow":["GET"]}}],"collection":[{"href":"https:\/\/www.laertes.es\/ca\/wp-json\/wp\/v2\/product"}],"about":[{"href":"https:\/\/www.laertes.es\/ca\/wp-json\/wp\/v2\/types\/product"}],"version-history":[{"count":1,"href":"https:\/\/www.laertes.es\/ca\/wp-json\/wp\/v2\/product\/11895\/revisions"}],"predecessor-version":[{"id":15256,"href":"https:\/\/www.laertes.es\/ca\/wp-json\/wp\/v2\/product\/11895\/revisions\/15256"}],"wp:featuredmedia":[{"embeddable":true,"href":"https:\/\/www.laertes.es\/ca\/wp-json\/wp\/v2\/media\/10074"}],"wp:attachment":[{"href":"https:\/\/www.laertes.es\/ca\/wp-json\/wp\/v2\/media?parent=11895"}],"wp:term":[{"taxonomy":"product_brand","embeddable":true,"href":"https:\/\/www.laertes.es\/ca\/wp-json\/wp\/v2\/product_brand?post=11895"},{"taxonomy":"product_cat","embeddable":true,"href":"https:\/\/www.laertes.es\/ca\/wp-json\/wp\/v2\/product_cat?post=11895"},{"taxonomy":"product_tag","embeddable":true,"href":"https:\/\/www.laertes.es\/ca\/wp-json\/wp\/v2\/product_tag?post=11895"},{"taxonomy":"autores","embeddable":true,"href":"https:\/\/www.laertes.es\/ca\/wp-json\/wp\/v2\/autores?post=11895"},{"taxonomy":"formatos","embeddable":true,"href":"https:\/\/www.laertes.es\/ca\/wp-json\/wp\/v2\/formatos?post=11895"},{"taxonomy":"materias","embeddable":true,"href":"https:\/\/www.laertes.es\/ca\/wp-json\/wp\/v2\/materias?post=11895"}],"curies":[{"name":"wp","href":"https:\/\/api.w.org\/{rel}","templated":true}]}}