{"id":11894,"date":"2023-01-24T15:06:43","date_gmt":"2023-01-24T15:06:43","guid":{"rendered":"https:\/libro\/histories-de-fantasmes-dun-arqueoleg\/"},"modified":"2026-01-20T13:24:53","modified_gmt":"2026-01-20T13:24:53","slug":"histories-de-fantasmes-dun-arqueoleg","status":"publish","type":"product","link":"https:\/\/www.laertes.es\/ca\/llibre\/histories-de-fantasmes-dun-arqueoleg\/","title":{"rendered":"Hist\u00f2ries de fantasmes d&#8217;un antiquari"},"content":{"rendered":"","protected":false},"excerpt":{"rendered":"<p>\u00abL\u2019erudit Montague Rhodes James (1862-1936), arque\u00f2leg de renom i reconeguda autoritat en manuscrits medievals i hist\u00f2ria de les catedrals, seguint la seva vella afici\u00f3 a explicar relats de fantasmes durant el Nadal, s\u2019ha convertit a poc a poc en un cultivador de primera fila de la literatura espectral, com a model a una llarga s\u00e8rie de deixebles\u00bb. Aix\u00ed presenta un altre geni del terror, H.P. Lovecraft, a l\u2019indiscutible mestre del relat de fantasmes victori\u00e0.<br \/>\nEls vuit relats reunits aqu\u00ed van apar\u00e8ixer plegats per primer cop el 1904 i des d\u2019aleshores no han deixat de fascinar generacions. S\u00f3n contes plens d\u2019atmosfera, d\u2019ironia fina i d\u2019aparicions memorables que han consagrat James com el gran renovador del fantasma victori\u00e0.<br \/>\nHist\u00f2ries de fantasmes d\u2019un antiquari \u00e9s un llibre fundacional del g\u00e8nere, amb eleg\u00e0ncia i capacitat per fer-nos mirar amb desconfian\u00e7a els objectes antics, els passadissos deserts i les habitacions d\u2019hotel on el n\u00famero de la porta potser no \u00e9s el que sembla.<\/p>\n<p>Montague Rhodes James (1862-1936) va ser un erudit, pale\u00f2graf i el mestre indiscutible del conte de fantasmes a la literatura anglesa. La seva obra va redefinir el g\u00e8nere de terror, allunyant-se del g\u00f2tic victori\u00e0 per centrar-se en una por subtil, psicol\u00f2gica i atmosf\u00e8rica.<br \/>\nLa seva formaci\u00f3 acad\u00e8mica en hist\u00f2ria medieval i manuscrits antics va influir profundament en les seves ficcions, atorgant-los un realisme i una credibilitat \u00fanics. L\u2019impacte de James en el terror modern \u00e9s innegable, sent considerat una influ\u00e8ncia clau per a nombrosos autors del g\u00e8nere, des d\u2019H.P. Lovecraft fins a les generacions posteriors.<\/p>\n","protected":false},"featured_media":15740,"template":"","meta":[],"product_brand":[],"product_cat":[296],"product_tag":[],"autores":[401],"formatos":[355],"materias":[356],"class_list":{"0":"post-11894","1":"product","2":"type-product","3":"status-publish","4":"has-post-thumbnail","6":"product_cat-larca-ca","7":"autores-james-montague-rhodes-ca","8":"formatos-llibre","9":"materias-cuentos-clasicos-de-generos-fantasticos-ca","11":"first","12":"instock","13":"purchasable","14":"product-type-simple"},"yoast_head":"<!-- This site is optimized with the Yoast SEO plugin v27.3 - https:\/\/yoast.com\/product\/yoast-seo-wordpress\/ -->\n<title>Hist\u00f2ries de fantasmes d&#039;un antiquari | Laertes ediciones<\/title>\n<meta name=\"robots\" content=\"index, follow, max-snippet:-1, max-image-preview:large, max-video-preview:-1\" \/>\n<link rel=\"canonical\" href=\"https:\/\/www.laertes.es\/ca\/llibre\/histories-de-fantasmes-dun-arqueoleg\/\" \/>\n<meta property=\"og:locale\" content=\"ca_ES\" \/>\n<meta property=\"og:type\" content=\"article\" \/>\n<meta property=\"og:title\" content=\"Hist\u00f2ries de fantasmes d&#039;un antiquari | Laertes ediciones\" \/>\n<meta property=\"og:description\" content=\"\u00abL\u2019erudit Montague Rhodes James (1862-1936), arque\u00f2leg de renom i reconeguda autoritat en manuscrits medievals i hist\u00f2ria de les catedrals, seguint la seva vella afici\u00f3 a explicar relats de fantasmes durant el Nadal, s\u2019ha convertit a poc a poc en un cultivador de primera fila de la literatura espectral, com a model a una llarga s\u00e8rie de deixebles\u00bb. Aix\u00ed presenta un altre geni del terror, H.P. Lovecraft, a l\u2019indiscutible mestre del relat de fantasmes victori\u00e0. Els vuit relats reunits aqu\u00ed van apar\u00e8ixer plegats per primer cop el 1904 i des d\u2019aleshores no han deixat de fascinar generacions. S\u00f3n contes plens d\u2019atmosfera, d\u2019ironia fina i d\u2019aparicions memorables que han consagrat James com el gran renovador del fantasma victori\u00e0. Hist\u00f2ries de fantasmes d\u2019un antiquari \u00e9s un llibre fundacional del g\u00e8nere, amb eleg\u00e0ncia i capacitat per fer-nos mirar amb desconfian\u00e7a els objectes antics, els passadissos deserts i les habitacions d\u2019hotel on el n\u00famero de la porta potser no \u00e9s el que sembla.  Montague Rhodes James (1862-1936) va ser un erudit, pale\u00f2graf i el mestre indiscutible del conte de fantasmes a la literatura anglesa. La seva obra va redefinir el g\u00e8nere de terror, allunyant-se del g\u00f2tic victori\u00e0 per centrar-se en una por subtil, psicol\u00f2gica i atmosf\u00e8rica.  La seva formaci\u00f3 acad\u00e8mica en hist\u00f2ria medieval i manuscrits antics va influir profundament en les seves ficcions, atorgant-los un realisme i una credibilitat \u00fanics. L\u2019impacte de James en el terror modern \u00e9s innegable, sent considerat una influ\u00e8ncia clau per a nombrosos autors del g\u00e8nere, des d\u2019H.P. Lovecraft fins a les generacions posteriors.\" \/>\n<meta property=\"og:url\" content=\"https:\/\/www.laertes.es\/ca\/llibre\/histories-de-fantasmes-dun-arqueoleg\/\" \/>\n<meta property=\"og:site_name\" content=\"Laertes ediciones\" \/>\n<meta property=\"article:modified_time\" content=\"2026-01-20T13:24:53+00:00\" \/>\n<meta property=\"og:image\" content=\"https:\/\/www.laertes.es\/wp-content\/uploads\/2023\/01\/ARC023b.webp\" \/>\n\t<meta property=\"og:image:width\" content=\"802\" \/>\n\t<meta property=\"og:image:height\" content=\"1200\" \/>\n\t<meta property=\"og:image:type\" content=\"image\/webp\" \/>\n<meta name=\"twitter:label1\" content=\"Temps estimat de lectura\" \/>\n\t<meta name=\"twitter:data1\" content=\"1 minut\" \/>\n<script type=\"application\/ld+json\" class=\"yoast-schema-graph\">{\"@context\":\"https:\\\/\\\/schema.org\",\"@graph\":[{\"@type\":\"WebPage\",\"@id\":\"https:\\\/\\\/www.laertes.es\\\/ca\\\/llibre\\\/histories-de-fantasmes-dun-arqueoleg\\\/\",\"url\":\"https:\\\/\\\/www.laertes.es\\\/ca\\\/llibre\\\/histories-de-fantasmes-dun-arqueoleg\\\/\",\"name\":\"Hist\u00f2ries de fantasmes d'un antiquari | Laertes ediciones\",\"isPartOf\":{\"@id\":\"https:\\\/\\\/www.laertes.es\\\/ca\\\/#website\"},\"primaryImageOfPage\":{\"@id\":\"https:\\\/\\\/www.laertes.es\\\/ca\\\/llibre\\\/histories-de-fantasmes-dun-arqueoleg\\\/#primaryimage\"},\"image\":{\"@id\":\"https:\\\/\\\/www.laertes.es\\\/ca\\\/llibre\\\/histories-de-fantasmes-dun-arqueoleg\\\/#primaryimage\"},\"thumbnailUrl\":\"https:\\\/\\\/www.laertes.es\\\/wp-content\\\/uploads\\\/2023\\\/01\\\/ARC023b.webp\",\"datePublished\":\"2023-01-24T15:06:43+00:00\",\"dateModified\":\"2026-01-20T13:24:53+00:00\",\"breadcrumb\":{\"@id\":\"https:\\\/\\\/www.laertes.es\\\/ca\\\/llibre\\\/histories-de-fantasmes-dun-arqueoleg\\\/#breadcrumb\"},\"inLanguage\":\"ca\",\"potentialAction\":[{\"@type\":\"ReadAction\",\"target\":[\"https:\\\/\\\/www.laertes.es\\\/ca\\\/llibre\\\/histories-de-fantasmes-dun-arqueoleg\\\/\"]}]},{\"@type\":\"ImageObject\",\"inLanguage\":\"ca\",\"@id\":\"https:\\\/\\\/www.laertes.es\\\/ca\\\/llibre\\\/histories-de-fantasmes-dun-arqueoleg\\\/#primaryimage\",\"url\":\"https:\\\/\\\/www.laertes.es\\\/wp-content\\\/uploads\\\/2023\\\/01\\\/ARC023b.webp\",\"contentUrl\":\"https:\\\/\\\/www.laertes.es\\\/wp-content\\\/uploads\\\/2023\\\/01\\\/ARC023b.webp\",\"width\":802,\"height\":1200,\"caption\":\"d'un antiquari\"},{\"@type\":\"BreadcrumbList\",\"@id\":\"https:\\\/\\\/www.laertes.es\\\/ca\\\/llibre\\\/histories-de-fantasmes-dun-arqueoleg\\\/#breadcrumb\",\"itemListElement\":[{\"@type\":\"ListItem\",\"position\":1,\"name\":\"Portada\",\"item\":\"https:\\\/\\\/www.laertes.es\\\/ca\\\/\"},{\"@type\":\"ListItem\",\"position\":2,\"name\":\"Tienda\",\"item\":\"https:\\\/\\\/www.laertes.es\\\/tienda\\\/\"},{\"@type\":\"ListItem\",\"position\":3,\"name\":\"Hist\u00f2ries de fantasmes d&#8217;un antiquari\"}]},{\"@type\":\"WebSite\",\"@id\":\"https:\\\/\\\/www.laertes.es\\\/ca\\\/#website\",\"url\":\"https:\\\/\\\/www.laertes.es\\\/ca\\\/\",\"name\":\"Laertes Ediciones\",\"description\":\"Editorial independiente desde 1975\",\"alternateName\":\"Laertes\",\"potentialAction\":[{\"@type\":\"SearchAction\",\"target\":{\"@type\":\"EntryPoint\",\"urlTemplate\":\"https:\\\/\\\/www.laertes.es\\\/ca\\\/?s={search_term_string}\"},\"query-input\":{\"@type\":\"PropertyValueSpecification\",\"valueRequired\":true,\"valueName\":\"search_term_string\"}}],\"inLanguage\":\"ca\"}]}<\/script>\n<!-- \/ Yoast SEO plugin. -->","yoast_head_json":{"title":"Hist\u00f2ries de fantasmes d'un antiquari | Laertes ediciones","robots":{"index":"index","follow":"follow","max-snippet":"max-snippet:-1","max-image-preview":"max-image-preview:large","max-video-preview":"max-video-preview:-1"},"canonical":"https:\/\/www.laertes.es\/ca\/llibre\/histories-de-fantasmes-dun-arqueoleg\/","og_locale":"ca_ES","og_type":"article","og_title":"Hist\u00f2ries de fantasmes d'un antiquari | Laertes ediciones","og_description":"\u00abL\u2019erudit Montague Rhodes James (1862-1936), arque\u00f2leg de renom i reconeguda autoritat en manuscrits medievals i hist\u00f2ria de les catedrals, seguint la seva vella afici\u00f3 a explicar relats de fantasmes durant el Nadal, s\u2019ha convertit a poc a poc en un cultivador de primera fila de la literatura espectral, com a model a una llarga s\u00e8rie de deixebles\u00bb. Aix\u00ed presenta un altre geni del terror, H.P. Lovecraft, a l\u2019indiscutible mestre del relat de fantasmes victori\u00e0. Els vuit relats reunits aqu\u00ed van apar\u00e8ixer plegats per primer cop el 1904 i des d\u2019aleshores no han deixat de fascinar generacions. S\u00f3n contes plens d\u2019atmosfera, d\u2019ironia fina i d\u2019aparicions memorables que han consagrat James com el gran renovador del fantasma victori\u00e0. Hist\u00f2ries de fantasmes d\u2019un antiquari \u00e9s un llibre fundacional del g\u00e8nere, amb eleg\u00e0ncia i capacitat per fer-nos mirar amb desconfian\u00e7a els objectes antics, els passadissos deserts i les habitacions d\u2019hotel on el n\u00famero de la porta potser no \u00e9s el que sembla.  Montague Rhodes James (1862-1936) va ser un erudit, pale\u00f2graf i el mestre indiscutible del conte de fantasmes a la literatura anglesa. La seva obra va redefinir el g\u00e8nere de terror, allunyant-se del g\u00f2tic victori\u00e0 per centrar-se en una por subtil, psicol\u00f2gica i atmosf\u00e8rica.  La seva formaci\u00f3 acad\u00e8mica en hist\u00f2ria medieval i manuscrits antics va influir profundament en les seves ficcions, atorgant-los un realisme i una credibilitat \u00fanics. L\u2019impacte de James en el terror modern \u00e9s innegable, sent considerat una influ\u00e8ncia clau per a nombrosos autors del g\u00e8nere, des d\u2019H.P. Lovecraft fins a les generacions posteriors.","og_url":"https:\/\/www.laertes.es\/ca\/llibre\/histories-de-fantasmes-dun-arqueoleg\/","og_site_name":"Laertes ediciones","article_modified_time":"2026-01-20T13:24:53+00:00","og_image":[{"width":802,"height":1200,"url":"https:\/\/www.laertes.es\/wp-content\/uploads\/2023\/01\/ARC023b.webp","type":"image\/webp"}],"twitter_misc":{"Temps estimat de lectura":"1 minut"},"schema":{"@context":"https:\/\/schema.org","@graph":[{"@type":"WebPage","@id":"https:\/\/www.laertes.es\/ca\/llibre\/histories-de-fantasmes-dun-arqueoleg\/","url":"https:\/\/www.laertes.es\/ca\/llibre\/histories-de-fantasmes-dun-arqueoleg\/","name":"Hist\u00f2ries de fantasmes d'un antiquari | Laertes ediciones","isPartOf":{"@id":"https:\/\/www.laertes.es\/ca\/#website"},"primaryImageOfPage":{"@id":"https:\/\/www.laertes.es\/ca\/llibre\/histories-de-fantasmes-dun-arqueoleg\/#primaryimage"},"image":{"@id":"https:\/\/www.laertes.es\/ca\/llibre\/histories-de-fantasmes-dun-arqueoleg\/#primaryimage"},"thumbnailUrl":"https:\/\/www.laertes.es\/wp-content\/uploads\/2023\/01\/ARC023b.webp","datePublished":"2023-01-24T15:06:43+00:00","dateModified":"2026-01-20T13:24:53+00:00","breadcrumb":{"@id":"https:\/\/www.laertes.es\/ca\/llibre\/histories-de-fantasmes-dun-arqueoleg\/#breadcrumb"},"inLanguage":"ca","potentialAction":[{"@type":"ReadAction","target":["https:\/\/www.laertes.es\/ca\/llibre\/histories-de-fantasmes-dun-arqueoleg\/"]}]},{"@type":"ImageObject","inLanguage":"ca","@id":"https:\/\/www.laertes.es\/ca\/llibre\/histories-de-fantasmes-dun-arqueoleg\/#primaryimage","url":"https:\/\/www.laertes.es\/wp-content\/uploads\/2023\/01\/ARC023b.webp","contentUrl":"https:\/\/www.laertes.es\/wp-content\/uploads\/2023\/01\/ARC023b.webp","width":802,"height":1200,"caption":"d'un antiquari"},{"@type":"BreadcrumbList","@id":"https:\/\/www.laertes.es\/ca\/llibre\/histories-de-fantasmes-dun-arqueoleg\/#breadcrumb","itemListElement":[{"@type":"ListItem","position":1,"name":"Portada","item":"https:\/\/www.laertes.es\/ca\/"},{"@type":"ListItem","position":2,"name":"Tienda","item":"https:\/\/www.laertes.es\/tienda\/"},{"@type":"ListItem","position":3,"name":"Hist\u00f2ries de fantasmes d&#8217;un antiquari"}]},{"@type":"WebSite","@id":"https:\/\/www.laertes.es\/ca\/#website","url":"https:\/\/www.laertes.es\/ca\/","name":"Laertes Ediciones","description":"Editorial independiente desde 1975","alternateName":"Laertes","potentialAction":[{"@type":"SearchAction","target":{"@type":"EntryPoint","urlTemplate":"https:\/\/www.laertes.es\/ca\/?s={search_term_string}"},"query-input":{"@type":"PropertyValueSpecification","valueRequired":true,"valueName":"search_term_string"}}],"inLanguage":"ca"}]}},"_links":{"self":[{"href":"https:\/\/www.laertes.es\/ca\/wp-json\/wp\/v2\/product\/11894","targetHints":{"allow":["GET"]}}],"collection":[{"href":"https:\/\/www.laertes.es\/ca\/wp-json\/wp\/v2\/product"}],"about":[{"href":"https:\/\/www.laertes.es\/ca\/wp-json\/wp\/v2\/types\/product"}],"version-history":[{"count":2,"href":"https:\/\/www.laertes.es\/ca\/wp-json\/wp\/v2\/product\/11894\/revisions"}],"predecessor-version":[{"id":15741,"href":"https:\/\/www.laertes.es\/ca\/wp-json\/wp\/v2\/product\/11894\/revisions\/15741"}],"wp:featuredmedia":[{"embeddable":true,"href":"https:\/\/www.laertes.es\/ca\/wp-json\/wp\/v2\/media\/15740"}],"wp:attachment":[{"href":"https:\/\/www.laertes.es\/ca\/wp-json\/wp\/v2\/media?parent=11894"}],"wp:term":[{"taxonomy":"product_brand","embeddable":true,"href":"https:\/\/www.laertes.es\/ca\/wp-json\/wp\/v2\/product_brand?post=11894"},{"taxonomy":"product_cat","embeddable":true,"href":"https:\/\/www.laertes.es\/ca\/wp-json\/wp\/v2\/product_cat?post=11894"},{"taxonomy":"product_tag","embeddable":true,"href":"https:\/\/www.laertes.es\/ca\/wp-json\/wp\/v2\/product_tag?post=11894"},{"taxonomy":"autores","embeddable":true,"href":"https:\/\/www.laertes.es\/ca\/wp-json\/wp\/v2\/autores?post=11894"},{"taxonomy":"formatos","embeddable":true,"href":"https:\/\/www.laertes.es\/ca\/wp-json\/wp\/v2\/formatos?post=11894"},{"taxonomy":"materias","embeddable":true,"href":"https:\/\/www.laertes.es\/ca\/wp-json\/wp\/v2\/materias?post=11894"}],"curies":[{"name":"wp","href":"https:\/\/api.w.org\/{rel}","templated":true}]}}