{"id":11893,"date":"2023-01-24T15:06:43","date_gmt":"2023-01-24T15:06:43","guid":{"rendered":"https:\/libro\/el-rei-del-riu-dor\/"},"modified":"2024-08-20T20:53:06","modified_gmt":"2024-08-20T20:53:06","slug":"el-rei-del-riu-dor","status":"publish","type":"product","link":"https:\/\/www.laertes.es\/ca\/llibre\/el-rei-del-riu-dor\/","title":{"rendered":"El rei del riu d&#8217;or"},"content":{"rendered":"","protected":false},"excerpt":{"rendered":"<p>Escrita quan Ruskin tenia 22 anys, aquesta novel\u00b7la \u00e9s, fent-ne una lectura r\u00e0pida, un conte fant\u00e0stic per a infants; tanmateix, i com molt b\u00e9 s\u0092assenyala en el pr\u00f2leg, una lectura m\u00e9s atenta i aprofundida hi descobreix una s\u00e8rie d&#8217;\u0092arcans que connecten amb l&#8217;\u0092estructura narrativa de l&#8217;\u0092imaginari. Basat en una llegenda dels Alps austr\u00edacs, el relat transcorre com una \u0093suite\u0094 esot\u00e8rica on el sistema dial\u00e8ctic, inherent a la simbologia arquet\u00edpica, anuncia un escriptor ut\u00f2pic, pedag\u00f2gic i, el que encara \u00e9s m\u00e9s significatiu, ecologista \u0093avant la lettre\u0094.<\/p>\n","protected":false},"featured_media":10066,"template":"","meta":[],"product_brand":[],"product_cat":[296],"product_tag":[],"autores":[],"formatos":[355],"materias":[356],"class_list":{"0":"post-11893","1":"product","2":"type-product","3":"status-publish","4":"has-post-thumbnail","6":"product_cat-larca-ca","7":"formatos-llibre","8":"materias-cuentos-clasicos-de-generos-fantasticos-ca","10":"first","11":"outofstock","12":"product-type-simple"},"yoast_head":"<!-- This site is optimized with the Yoast SEO plugin v27.4 - https:\/\/yoast.com\/product\/yoast-seo-wordpress\/ -->\n<title>El rei del riu d&#039;or | Laertes ediciones<\/title>\n<meta name=\"robots\" content=\"index, follow, max-snippet:-1, max-image-preview:large, max-video-preview:-1\" \/>\n<link rel=\"canonical\" href=\"https:\/\/www.laertes.es\/ca\/llibre\/el-rei-del-riu-dor\/\" \/>\n<meta property=\"og:locale\" content=\"ca_ES\" \/>\n<meta property=\"og:type\" content=\"article\" \/>\n<meta property=\"og:title\" content=\"El rei del riu d&#039;or | Laertes ediciones\" \/>\n<meta property=\"og:description\" content=\"Escrita quan Ruskin tenia 22 anys, aquesta novel\u00b7la \u00e9s, fent-ne una lectura r\u00e0pida, un conte fant\u00e0stic per a infants; tanmateix, i com molt b\u00e9 s\u0092assenyala en el pr\u00f2leg, una lectura m\u00e9s atenta i aprofundida hi descobreix una s\u00e8rie d&#039;\u0092arcans que connecten amb l&#039;\u0092estructura narrativa de l&#039;\u0092imaginari. Basat en una llegenda dels Alps austr\u00edacs, el relat transcorre com una \u0093suite\u0094 esot\u00e8rica on el sistema dial\u00e8ctic, inherent a la simbologia arquet\u00edpica, anuncia un escriptor ut\u00f2pic, pedag\u00f2gic i, el que encara \u00e9s m\u00e9s significatiu, ecologista \u0093avant la lettre\u0094.\" \/>\n<meta property=\"og:url\" content=\"https:\/\/www.laertes.es\/ca\/llibre\/el-rei-del-riu-dor\/\" \/>\n<meta property=\"og:site_name\" content=\"Laertes ediciones\" \/>\n<meta property=\"article:modified_time\" content=\"2024-08-20T20:53:06+00:00\" \/>\n<meta property=\"og:image\" content=\"https:\/\/www.laertes.es\/wp-content\/uploads\/2023\/01\/9788476120303.jpg\" \/>\n\t<meta property=\"og:image:width\" content=\"715\" \/>\n\t<meta property=\"og:image:height\" content=\"1151\" \/>\n\t<meta property=\"og:image:type\" content=\"image\/jpeg\" \/>\n<script type=\"application\/ld+json\" class=\"yoast-schema-graph\">{\"@context\":\"https:\\\/\\\/schema.org\",\"@graph\":[{\"@type\":\"WebPage\",\"@id\":\"https:\\\/\\\/www.laertes.es\\\/ca\\\/llibre\\\/el-rei-del-riu-dor\\\/\",\"url\":\"https:\\\/\\\/www.laertes.es\\\/ca\\\/llibre\\\/el-rei-del-riu-dor\\\/\",\"name\":\"El rei del riu d'or | Laertes ediciones\",\"isPartOf\":{\"@id\":\"https:\\\/\\\/www.laertes.es\\\/ca\\\/#website\"},\"primaryImageOfPage\":{\"@id\":\"https:\\\/\\\/www.laertes.es\\\/ca\\\/llibre\\\/el-rei-del-riu-dor\\\/#primaryimage\"},\"image\":{\"@id\":\"https:\\\/\\\/www.laertes.es\\\/ca\\\/llibre\\\/el-rei-del-riu-dor\\\/#primaryimage\"},\"thumbnailUrl\":\"https:\\\/\\\/www.laertes.es\\\/wp-content\\\/uploads\\\/2023\\\/01\\\/9788476120303.jpg\",\"datePublished\":\"2023-01-24T15:06:43+00:00\",\"dateModified\":\"2024-08-20T20:53:06+00:00\",\"breadcrumb\":{\"@id\":\"https:\\\/\\\/www.laertes.es\\\/ca\\\/llibre\\\/el-rei-del-riu-dor\\\/#breadcrumb\"},\"inLanguage\":\"ca\",\"potentialAction\":[{\"@type\":\"ReadAction\",\"target\":[\"https:\\\/\\\/www.laertes.es\\\/ca\\\/llibre\\\/el-rei-del-riu-dor\\\/\"]}]},{\"@type\":\"ImageObject\",\"inLanguage\":\"ca\",\"@id\":\"https:\\\/\\\/www.laertes.es\\\/ca\\\/llibre\\\/el-rei-del-riu-dor\\\/#primaryimage\",\"url\":\"https:\\\/\\\/www.laertes.es\\\/wp-content\\\/uploads\\\/2023\\\/01\\\/9788476120303.jpg\",\"contentUrl\":\"https:\\\/\\\/www.laertes.es\\\/wp-content\\\/uploads\\\/2023\\\/01\\\/9788476120303.jpg\",\"width\":715,\"height\":1151},{\"@type\":\"BreadcrumbList\",\"@id\":\"https:\\\/\\\/www.laertes.es\\\/ca\\\/llibre\\\/el-rei-del-riu-dor\\\/#breadcrumb\",\"itemListElement\":[{\"@type\":\"ListItem\",\"position\":1,\"name\":\"Portada\",\"item\":\"https:\\\/\\\/www.laertes.es\\\/ca\\\/\"},{\"@type\":\"ListItem\",\"position\":2,\"name\":\"Tienda\",\"item\":\"https:\\\/\\\/www.laertes.es\\\/tienda\\\/\"},{\"@type\":\"ListItem\",\"position\":3,\"name\":\"El rei del riu d&#8217;or\"}]},{\"@type\":\"WebSite\",\"@id\":\"https:\\\/\\\/www.laertes.es\\\/ca\\\/#website\",\"url\":\"https:\\\/\\\/www.laertes.es\\\/ca\\\/\",\"name\":\"Laertes Ediciones\",\"description\":\"Editorial independiente desde 1975\",\"alternateName\":\"Laertes\",\"potentialAction\":[{\"@type\":\"SearchAction\",\"target\":{\"@type\":\"EntryPoint\",\"urlTemplate\":\"https:\\\/\\\/www.laertes.es\\\/ca\\\/?s={search_term_string}\"},\"query-input\":{\"@type\":\"PropertyValueSpecification\",\"valueRequired\":true,\"valueName\":\"search_term_string\"}}],\"inLanguage\":\"ca\"}]}<\/script>\n<!-- \/ Yoast SEO plugin. -->","yoast_head_json":{"title":"El rei del riu d'or | Laertes ediciones","robots":{"index":"index","follow":"follow","max-snippet":"max-snippet:-1","max-image-preview":"max-image-preview:large","max-video-preview":"max-video-preview:-1"},"canonical":"https:\/\/www.laertes.es\/ca\/llibre\/el-rei-del-riu-dor\/","og_locale":"ca_ES","og_type":"article","og_title":"El rei del riu d'or | Laertes ediciones","og_description":"Escrita quan Ruskin tenia 22 anys, aquesta novel\u00b7la \u00e9s, fent-ne una lectura r\u00e0pida, un conte fant\u00e0stic per a infants; tanmateix, i com molt b\u00e9 s\u0092assenyala en el pr\u00f2leg, una lectura m\u00e9s atenta i aprofundida hi descobreix una s\u00e8rie d'\u0092arcans que connecten amb l'\u0092estructura narrativa de l'\u0092imaginari. Basat en una llegenda dels Alps austr\u00edacs, el relat transcorre com una \u0093suite\u0094 esot\u00e8rica on el sistema dial\u00e8ctic, inherent a la simbologia arquet\u00edpica, anuncia un escriptor ut\u00f2pic, pedag\u00f2gic i, el que encara \u00e9s m\u00e9s significatiu, ecologista \u0093avant la lettre\u0094.","og_url":"https:\/\/www.laertes.es\/ca\/llibre\/el-rei-del-riu-dor\/","og_site_name":"Laertes ediciones","article_modified_time":"2024-08-20T20:53:06+00:00","og_image":[{"width":715,"height":1151,"url":"https:\/\/www.laertes.es\/wp-content\/uploads\/2023\/01\/9788476120303.jpg","type":"image\/jpeg"}],"schema":{"@context":"https:\/\/schema.org","@graph":[{"@type":"WebPage","@id":"https:\/\/www.laertes.es\/ca\/llibre\/el-rei-del-riu-dor\/","url":"https:\/\/www.laertes.es\/ca\/llibre\/el-rei-del-riu-dor\/","name":"El rei del riu d'or | Laertes ediciones","isPartOf":{"@id":"https:\/\/www.laertes.es\/ca\/#website"},"primaryImageOfPage":{"@id":"https:\/\/www.laertes.es\/ca\/llibre\/el-rei-del-riu-dor\/#primaryimage"},"image":{"@id":"https:\/\/www.laertes.es\/ca\/llibre\/el-rei-del-riu-dor\/#primaryimage"},"thumbnailUrl":"https:\/\/www.laertes.es\/wp-content\/uploads\/2023\/01\/9788476120303.jpg","datePublished":"2023-01-24T15:06:43+00:00","dateModified":"2024-08-20T20:53:06+00:00","breadcrumb":{"@id":"https:\/\/www.laertes.es\/ca\/llibre\/el-rei-del-riu-dor\/#breadcrumb"},"inLanguage":"ca","potentialAction":[{"@type":"ReadAction","target":["https:\/\/www.laertes.es\/ca\/llibre\/el-rei-del-riu-dor\/"]}]},{"@type":"ImageObject","inLanguage":"ca","@id":"https:\/\/www.laertes.es\/ca\/llibre\/el-rei-del-riu-dor\/#primaryimage","url":"https:\/\/www.laertes.es\/wp-content\/uploads\/2023\/01\/9788476120303.jpg","contentUrl":"https:\/\/www.laertes.es\/wp-content\/uploads\/2023\/01\/9788476120303.jpg","width":715,"height":1151},{"@type":"BreadcrumbList","@id":"https:\/\/www.laertes.es\/ca\/llibre\/el-rei-del-riu-dor\/#breadcrumb","itemListElement":[{"@type":"ListItem","position":1,"name":"Portada","item":"https:\/\/www.laertes.es\/ca\/"},{"@type":"ListItem","position":2,"name":"Tienda","item":"https:\/\/www.laertes.es\/tienda\/"},{"@type":"ListItem","position":3,"name":"El rei del riu d&#8217;or"}]},{"@type":"WebSite","@id":"https:\/\/www.laertes.es\/ca\/#website","url":"https:\/\/www.laertes.es\/ca\/","name":"Laertes Ediciones","description":"Editorial independiente desde 1975","alternateName":"Laertes","potentialAction":[{"@type":"SearchAction","target":{"@type":"EntryPoint","urlTemplate":"https:\/\/www.laertes.es\/ca\/?s={search_term_string}"},"query-input":{"@type":"PropertyValueSpecification","valueRequired":true,"valueName":"search_term_string"}}],"inLanguage":"ca"}]}},"_links":{"self":[{"href":"https:\/\/www.laertes.es\/ca\/wp-json\/wp\/v2\/product\/11893","targetHints":{"allow":["GET"]}}],"collection":[{"href":"https:\/\/www.laertes.es\/ca\/wp-json\/wp\/v2\/product"}],"about":[{"href":"https:\/\/www.laertes.es\/ca\/wp-json\/wp\/v2\/types\/product"}],"version-history":[{"count":1,"href":"https:\/\/www.laertes.es\/ca\/wp-json\/wp\/v2\/product\/11893\/revisions"}],"predecessor-version":[{"id":15264,"href":"https:\/\/www.laertes.es\/ca\/wp-json\/wp\/v2\/product\/11893\/revisions\/15264"}],"wp:featuredmedia":[{"embeddable":true,"href":"https:\/\/www.laertes.es\/ca\/wp-json\/wp\/v2\/media\/10066"}],"wp:attachment":[{"href":"https:\/\/www.laertes.es\/ca\/wp-json\/wp\/v2\/media?parent=11893"}],"wp:term":[{"taxonomy":"product_brand","embeddable":true,"href":"https:\/\/www.laertes.es\/ca\/wp-json\/wp\/v2\/product_brand?post=11893"},{"taxonomy":"product_cat","embeddable":true,"href":"https:\/\/www.laertes.es\/ca\/wp-json\/wp\/v2\/product_cat?post=11893"},{"taxonomy":"product_tag","embeddable":true,"href":"https:\/\/www.laertes.es\/ca\/wp-json\/wp\/v2\/product_tag?post=11893"},{"taxonomy":"autores","embeddable":true,"href":"https:\/\/www.laertes.es\/ca\/wp-json\/wp\/v2\/autores?post=11893"},{"taxonomy":"formatos","embeddable":true,"href":"https:\/\/www.laertes.es\/ca\/wp-json\/wp\/v2\/formatos?post=11893"},{"taxonomy":"materias","embeddable":true,"href":"https:\/\/www.laertes.es\/ca\/wp-json\/wp\/v2\/materias?post=11893"}],"curies":[{"name":"wp","href":"https:\/\/api.w.org\/{rel}","templated":true}]}}