{"id":11892,"date":"2023-01-24T15:06:43","date_gmt":"2023-01-24T15:06:43","guid":{"rendered":"https:\/libro\/la-momia\/"},"modified":"2023-05-08T05:28:10","modified_gmt":"2023-05-08T05:28:10","slug":"la-momia","status":"publish","type":"product","link":"https:\/\/www.laertes.es\/ca\/llibre\/la-momia\/","title":{"rendered":"La m\u00f2mia"},"content":{"rendered":"<h1>La m\u00f2mia<\/h1>\n<p>La m\u00f2mia. Les dues hist\u00f2ries que es presenten en aquest llibre s\u00f3n subsidi\u00e0ries de l&#8217;inter\u00e8s que els descobriments de l&#8217;Egypt Exploration Society \u2014de la qual era secret\u00e0ria Amelia B. Edwards, una altra excel\u00b7lent escriptora de llibres de fantasmes\u2014 van despertar en la societat anglesa. Ambdues hist\u00f2ries formen part de la breu, per\u00f2 interessant obra fant\u00e0stica de Sir Arthur Conan Doyle i demostren la perfecci\u00f3 del seu art de narrar. Aquesta edici\u00f3 compta amb un interessant i am\u00e8 estudi de Juli\u00e0 Guillamon (La venjan\u00e7a de l&#8217;arque\u00f2leg).<\/p>\n<p>La m\u00f2mia. Les dues hist\u00f2ries que es presenten en aquest llibre s\u00f3n subsidi\u00e0ries de l&#8217;inter\u00e8s que els descobriments de l&#8217;Egypt Exploration Society \u2014de la qual era secret\u00e0ria Amelia B. Edwards, una altra excel\u00b7lent escriptora de llibres de fantasmes\u2014 van despertar en la societat anglesa. Ambdues hist\u00f2ries formen part de la breu, per\u00f2 interessant obra fant\u00e0stica de Sir Arthur Conan Doyle i demostren la perfecci\u00f3 del seu art de narrar. Aquesta edici\u00f3 compta amb un interessant i am\u00e8 estudi de Juli\u00e0 Guillamon (La venjan\u00e7a de l&#8217;arque\u00f2leg).<\/p>\n<p>La m\u00f2mia. Les dues hist\u00f2ries que es presenten en aquest llibre s\u00f3n subsidi\u00e0ries de l&#8217;inter\u00e8s que els descobriments de l&#8217;Egypt Exploration Society \u2014de la qual era secret\u00e0ria Amelia B. Edwards, una altra excel\u00b7lent escriptora de llibres de fantasmes\u2014 van despertar en la societat anglesa. Ambdues hist\u00f2ries formen part de la breu, per\u00f2 interessant obra fant\u00e0stica de Sir Arthur Conan Doyle i demostren la perfecci\u00f3 del seu art de narrar. Aquesta edici\u00f3 compta amb un interessant i am\u00e8 estudi de Juli\u00e0 Guillamon (La venjan\u00e7a de l&#8217;arque\u00f2leg).<\/p>\n<p>La m\u00f2mia. Les dues hist\u00f2ries que es presenten en aquest llibre s\u00f3n subsidi\u00e0ries de l&#8217;inter\u00e8s que els descobriments de l&#8217;Egypt Exploration Society \u2014de la qual era secret\u00e0ria Amelia B. Edwards, una altra excel\u00b7lent escriptora de llibres de fantasmes\u2014 van despertar en la societat anglesa. Ambdues hist\u00f2ries formen part de la breu, per\u00f2 interessant obra fant\u00e0stica de Sir Arthur Conan Doyle i demostren la perfecci\u00f3 del seu art de narrar. Aquesta edici\u00f3 compta amb un interessant i am\u00e8 estudi de Juli\u00e0 Guillamon (La venjan\u00e7a de l&#8217;arque\u00f2leg).<\/p>\n","protected":false},"excerpt":{"rendered":"<p>Les dues hist\u00f2ries que es presenten en aquest llibre s\u00f3n subsidi\u00e0ries de l&#8217;inter\u00e8s que els descobriments de l&#8217;Egypt Exploration Society \u2014de la qual era secret\u00e0ria Amelia B. Edwards, una altra excel\u00b7lent escriptora de llibres de fantasmes\u2014 van despertar en la societat anglesa. Ambdues hist\u00f2ries formen part de la breu per\u00f2 interessant obra fant\u00e0stica de Sir Arthur Conan Doyle i demonstren la perfecci\u00f3 del seu art de narrar. Aquesta edici\u00f3 compta amb d&#8217;un interessant i am\u00e8 estudi de Juli\u00e0 Guillamon (La venjan\u00e7a de l&#8217;arque\u00f2leg).<\/p>\n","protected":false},"featured_media":13551,"template":"","meta":[],"product_brand":[],"product_cat":[296],"product_tag":[629,1093,677,1094,673],"autores":[388],"formatos":[355],"materias":[356],"class_list":{"0":"post-11892","1":"product","2":"type-product","3":"status-publish","4":"has-post-thumbnail","6":"product_cat-larca-ca","7":"product_tag-arqueologia-ca","8":"product_tag-egipte-ca","9":"product_tag-misteri-ca","10":"product_tag-momies-ca","11":"product_tag-terror-ca","12":"autores-doyle-sir-arthur-conan-ca","13":"formatos-llibre","14":"materias-cuentos-clasicos-de-generos-fantasticos-ca","16":"first","17":"instock","18":"purchasable","19":"product-type-simple"},"yoast_head":"<!-- This site is optimized with the Yoast SEO plugin v27.4 - https:\/\/yoast.com\/product\/yoast-seo-wordpress\/ -->\n<title>La m\u00f2mia | Laertes ediciones<\/title>\n<meta name=\"description\" content=\"La m\u00f2mia | Dues hist\u00f2ries que formen part de l&#039;obra fant\u00e0stica de Arthur Conan Doyle. Amb un estudi de Juli\u00e0 Guillamon (La venjan\u00e7a de l&#039;arque\u00f2leg).\" \/>\n<meta name=\"robots\" content=\"index, follow, max-snippet:-1, max-image-preview:large, max-video-preview:-1\" \/>\n<link rel=\"canonical\" href=\"https:\/\/www.laertes.es\/ca\/llibre\/la-momia\/\" \/>\n<meta property=\"og:locale\" content=\"ca_ES\" \/>\n<meta property=\"og:type\" content=\"article\" \/>\n<meta property=\"og:title\" content=\"La m\u00f2mia | Laertes ediciones\" \/>\n<meta property=\"og:description\" content=\"La m\u00f2mia | Dues hist\u00f2ries que formen part de l&#039;obra fant\u00e0stica de Arthur Conan Doyle. Amb un estudi de Juli\u00e0 Guillamon (La venjan\u00e7a de l&#039;arque\u00f2leg).\" \/>\n<meta property=\"og:url\" content=\"https:\/\/www.laertes.es\/ca\/llibre\/la-momia\/\" \/>\n<meta property=\"og:site_name\" content=\"Laertes ediciones\" \/>\n<meta property=\"article:modified_time\" content=\"2023-05-08T05:28:10+00:00\" \/>\n<meta property=\"og:image\" content=\"https:\/\/www.laertes.es\/wp-content\/uploads\/2023\/01\/ARC026.webp\" \/>\n\t<meta property=\"og:image:width\" content=\"802\" \/>\n\t<meta property=\"og:image:height\" content=\"1200\" \/>\n\t<meta property=\"og:image:type\" content=\"image\/webp\" \/>\n<meta name=\"twitter:label1\" content=\"Temps estimat de lectura\" \/>\n\t<meta name=\"twitter:data1\" content=\"2 minuts\" \/>\n<script type=\"application\/ld+json\" class=\"yoast-schema-graph\">{\"@context\":\"https:\\\/\\\/schema.org\",\"@graph\":[{\"@type\":\"WebPage\",\"@id\":\"https:\\\/\\\/www.laertes.es\\\/ca\\\/llibre\\\/la-momia\\\/\",\"url\":\"https:\\\/\\\/www.laertes.es\\\/ca\\\/llibre\\\/la-momia\\\/\",\"name\":\"La m\u00f2mia | Laertes ediciones\",\"isPartOf\":{\"@id\":\"https:\\\/\\\/www.laertes.es\\\/ca\\\/#website\"},\"primaryImageOfPage\":{\"@id\":\"https:\\\/\\\/www.laertes.es\\\/ca\\\/llibre\\\/la-momia\\\/#primaryimage\"},\"image\":{\"@id\":\"https:\\\/\\\/www.laertes.es\\\/ca\\\/llibre\\\/la-momia\\\/#primaryimage\"},\"thumbnailUrl\":\"https:\\\/\\\/www.laertes.es\\\/wp-content\\\/uploads\\\/2023\\\/01\\\/ARC026.webp\",\"datePublished\":\"2023-01-24T15:06:43+00:00\",\"dateModified\":\"2023-05-08T05:28:10+00:00\",\"description\":\"La m\u00f2mia | Dues hist\u00f2ries que formen part de l'obra fant\u00e0stica de Arthur Conan Doyle. Amb un estudi de Juli\u00e0 Guillamon (La venjan\u00e7a de l'arque\u00f2leg).\",\"breadcrumb\":{\"@id\":\"https:\\\/\\\/www.laertes.es\\\/ca\\\/llibre\\\/la-momia\\\/#breadcrumb\"},\"inLanguage\":\"ca\",\"potentialAction\":[{\"@type\":\"ReadAction\",\"target\":[\"https:\\\/\\\/www.laertes.es\\\/ca\\\/llibre\\\/la-momia\\\/\"]}]},{\"@type\":\"ImageObject\",\"inLanguage\":\"ca\",\"@id\":\"https:\\\/\\\/www.laertes.es\\\/ca\\\/llibre\\\/la-momia\\\/#primaryimage\",\"url\":\"https:\\\/\\\/www.laertes.es\\\/wp-content\\\/uploads\\\/2023\\\/01\\\/ARC026.webp\",\"contentUrl\":\"https:\\\/\\\/www.laertes.es\\\/wp-content\\\/uploads\\\/2023\\\/01\\\/ARC026.webp\",\"width\":802,\"height\":1200,\"caption\":\"La m\u00f2mia\"},{\"@type\":\"BreadcrumbList\",\"@id\":\"https:\\\/\\\/www.laertes.es\\\/ca\\\/llibre\\\/la-momia\\\/#breadcrumb\",\"itemListElement\":[{\"@type\":\"ListItem\",\"position\":1,\"name\":\"Portada\",\"item\":\"https:\\\/\\\/www.laertes.es\\\/ca\\\/\"},{\"@type\":\"ListItem\",\"position\":2,\"name\":\"Tienda\",\"item\":\"https:\\\/\\\/www.laertes.es\\\/tienda\\\/\"},{\"@type\":\"ListItem\",\"position\":3,\"name\":\"La m\u00f2mia\"}]},{\"@type\":\"WebSite\",\"@id\":\"https:\\\/\\\/www.laertes.es\\\/ca\\\/#website\",\"url\":\"https:\\\/\\\/www.laertes.es\\\/ca\\\/\",\"name\":\"Laertes Ediciones\",\"description\":\"Editorial independiente desde 1975\",\"alternateName\":\"Laertes\",\"potentialAction\":[{\"@type\":\"SearchAction\",\"target\":{\"@type\":\"EntryPoint\",\"urlTemplate\":\"https:\\\/\\\/www.laertes.es\\\/ca\\\/?s={search_term_string}\"},\"query-input\":{\"@type\":\"PropertyValueSpecification\",\"valueRequired\":true,\"valueName\":\"search_term_string\"}}],\"inLanguage\":\"ca\"}]}<\/script>\n<!-- \/ Yoast SEO plugin. -->","yoast_head_json":{"title":"La m\u00f2mia | Laertes ediciones","description":"La m\u00f2mia | Dues hist\u00f2ries que formen part de l'obra fant\u00e0stica de Arthur Conan Doyle. Amb un estudi de Juli\u00e0 Guillamon (La venjan\u00e7a de l'arque\u00f2leg).","robots":{"index":"index","follow":"follow","max-snippet":"max-snippet:-1","max-image-preview":"max-image-preview:large","max-video-preview":"max-video-preview:-1"},"canonical":"https:\/\/www.laertes.es\/ca\/llibre\/la-momia\/","og_locale":"ca_ES","og_type":"article","og_title":"La m\u00f2mia | Laertes ediciones","og_description":"La m\u00f2mia | Dues hist\u00f2ries que formen part de l'obra fant\u00e0stica de Arthur Conan Doyle. Amb un estudi de Juli\u00e0 Guillamon (La venjan\u00e7a de l'arque\u00f2leg).","og_url":"https:\/\/www.laertes.es\/ca\/llibre\/la-momia\/","og_site_name":"Laertes ediciones","article_modified_time":"2023-05-08T05:28:10+00:00","og_image":[{"width":802,"height":1200,"url":"https:\/\/www.laertes.es\/wp-content\/uploads\/2023\/01\/ARC026.webp","type":"image\/webp"}],"twitter_misc":{"Temps estimat de lectura":"2 minuts"},"schema":{"@context":"https:\/\/schema.org","@graph":[{"@type":"WebPage","@id":"https:\/\/www.laertes.es\/ca\/llibre\/la-momia\/","url":"https:\/\/www.laertes.es\/ca\/llibre\/la-momia\/","name":"La m\u00f2mia | Laertes ediciones","isPartOf":{"@id":"https:\/\/www.laertes.es\/ca\/#website"},"primaryImageOfPage":{"@id":"https:\/\/www.laertes.es\/ca\/llibre\/la-momia\/#primaryimage"},"image":{"@id":"https:\/\/www.laertes.es\/ca\/llibre\/la-momia\/#primaryimage"},"thumbnailUrl":"https:\/\/www.laertes.es\/wp-content\/uploads\/2023\/01\/ARC026.webp","datePublished":"2023-01-24T15:06:43+00:00","dateModified":"2023-05-08T05:28:10+00:00","description":"La m\u00f2mia | Dues hist\u00f2ries que formen part de l'obra fant\u00e0stica de Arthur Conan Doyle. Amb un estudi de Juli\u00e0 Guillamon (La venjan\u00e7a de l'arque\u00f2leg).","breadcrumb":{"@id":"https:\/\/www.laertes.es\/ca\/llibre\/la-momia\/#breadcrumb"},"inLanguage":"ca","potentialAction":[{"@type":"ReadAction","target":["https:\/\/www.laertes.es\/ca\/llibre\/la-momia\/"]}]},{"@type":"ImageObject","inLanguage":"ca","@id":"https:\/\/www.laertes.es\/ca\/llibre\/la-momia\/#primaryimage","url":"https:\/\/www.laertes.es\/wp-content\/uploads\/2023\/01\/ARC026.webp","contentUrl":"https:\/\/www.laertes.es\/wp-content\/uploads\/2023\/01\/ARC026.webp","width":802,"height":1200,"caption":"La m\u00f2mia"},{"@type":"BreadcrumbList","@id":"https:\/\/www.laertes.es\/ca\/llibre\/la-momia\/#breadcrumb","itemListElement":[{"@type":"ListItem","position":1,"name":"Portada","item":"https:\/\/www.laertes.es\/ca\/"},{"@type":"ListItem","position":2,"name":"Tienda","item":"https:\/\/www.laertes.es\/tienda\/"},{"@type":"ListItem","position":3,"name":"La m\u00f2mia"}]},{"@type":"WebSite","@id":"https:\/\/www.laertes.es\/ca\/#website","url":"https:\/\/www.laertes.es\/ca\/","name":"Laertes Ediciones","description":"Editorial independiente desde 1975","alternateName":"Laertes","potentialAction":[{"@type":"SearchAction","target":{"@type":"EntryPoint","urlTemplate":"https:\/\/www.laertes.es\/ca\/?s={search_term_string}"},"query-input":{"@type":"PropertyValueSpecification","valueRequired":true,"valueName":"search_term_string"}}],"inLanguage":"ca"}]}},"_links":{"self":[{"href":"https:\/\/www.laertes.es\/ca\/wp-json\/wp\/v2\/product\/11892","targetHints":{"allow":["GET"]}}],"collection":[{"href":"https:\/\/www.laertes.es\/ca\/wp-json\/wp\/v2\/product"}],"about":[{"href":"https:\/\/www.laertes.es\/ca\/wp-json\/wp\/v2\/types\/product"}],"version-history":[{"count":1,"href":"https:\/\/www.laertes.es\/ca\/wp-json\/wp\/v2\/product\/11892\/revisions"}],"predecessor-version":[{"id":13554,"href":"https:\/\/www.laertes.es\/ca\/wp-json\/wp\/v2\/product\/11892\/revisions\/13554"}],"wp:featuredmedia":[{"embeddable":true,"href":"https:\/\/www.laertes.es\/ca\/wp-json\/wp\/v2\/media\/13551"}],"wp:attachment":[{"href":"https:\/\/www.laertes.es\/ca\/wp-json\/wp\/v2\/media?parent=11892"}],"wp:term":[{"taxonomy":"product_brand","embeddable":true,"href":"https:\/\/www.laertes.es\/ca\/wp-json\/wp\/v2\/product_brand?post=11892"},{"taxonomy":"product_cat","embeddable":true,"href":"https:\/\/www.laertes.es\/ca\/wp-json\/wp\/v2\/product_cat?post=11892"},{"taxonomy":"product_tag","embeddable":true,"href":"https:\/\/www.laertes.es\/ca\/wp-json\/wp\/v2\/product_tag?post=11892"},{"taxonomy":"autores","embeddable":true,"href":"https:\/\/www.laertes.es\/ca\/wp-json\/wp\/v2\/autores?post=11892"},{"taxonomy":"formatos","embeddable":true,"href":"https:\/\/www.laertes.es\/ca\/wp-json\/wp\/v2\/formatos?post=11892"},{"taxonomy":"materias","embeddable":true,"href":"https:\/\/www.laertes.es\/ca\/wp-json\/wp\/v2\/materias?post=11892"}],"curies":[{"name":"wp","href":"https:\/\/api.w.org\/{rel}","templated":true}]}}