{"id":11890,"date":"2023-01-24T15:07:00","date_gmt":"2023-01-24T15:07:00","guid":{"rendered":"https:\/libro\/el-niu-mes-enlla-de-lombra\/"},"modified":"2024-08-20T20:52:01","modified_gmt":"2024-08-20T20:52:01","slug":"el-niu-mes-enlla-de-lombra","status":"publish","type":"product","link":"https:\/\/www.laertes.es\/ca\/llibre\/el-niu-mes-enlla-de-lombra\/","title":{"rendered":"El niu m\u00e9s enll\u00e0 de l&#8217;ombra"},"content":{"rendered":"","protected":false},"excerpt":{"rendered":"<p>Un dia, en la inda d&#8217;un home qualsevol, amb esposa i filla i una feina normal, arriba la \u00abcrida\u00bb: un destacat personatge mund\u00e0 el convoca per una ra\u00f3 no ben clara. Aix\u00ed, s&#8217;inicia l&#8217;aventura de Valerio Sagredo, una persona com tantes altres, que un telegrama de l&#8217;antiquari Marcandrea Canal reclama a Ven\u00e8cia. A la ciutat de la llacuna, misteriosa i surreal, comencen una s\u00e8rie de fets que menaran el protagonista, home racional d&#8217;avui, al contacte amb una Altra Realitat, de la qual la nostra no \u00e9s sin\u00f3 un p\u00e0l\u00b7lid reflex. Valerio Sagredo es trobar\u00e0 aix\u00ed implicat, com una mena de pe\u00f3 d&#8217;escacs potser insignificant, potser fonamental, en una guerra metaf\u00edsica que es lliura d&#8217;en\u00e7\u00e0 de l&#8217;origen del Temps, i de la qual ell veu nom\u00e9s l&#8217;\u00faltima batalla en qu\u00e8 participa inexplicablement. Per\u00f2 \u00bfqui \u00e9s, i qui representa, Canal? i \u00bfqui \u00e9s, o qui representa, Serena, la noia que Valerio coneix quan tot just acaba d&#8217;arribar a Ven\u00e8cia? \u00bfQuin significat t\u00e9 la seva crida? \u00bfI qu\u00e8 hi t\u00e9 a veure, amb tot aquest seguit d&#8217;esdeveniments, un impressionant tr\u00edptic que un antic pintor an\u00f2nim va titular \u00abLes tres morts d&#8217;Aloysius Sagredi\u00bb? Renato Pestriniero (n. a Ven\u00e8cia el 1933), un dels escriptors italians de ci\u00e8ncia-ficci\u00f3 m\u00e9s destacats i de m\u00e9s experi\u00e8ncia d&#8217;avui dia, ha aconseguit potser, amb \u00abEl niu m\u00e9s enll\u00e0 de l&#8217;ombra\u00bb (Premi Nacional de Narrativa Fant\u00e0stica \u00abJ.R.R. Tolkien\u00bb 1984), una novel\u00b7la meitat de cam\u00ed entre la fantasia esot\u00e8rica i l&#8217;horror lovecrafti\u00e0, la seva millor obra, pel fet que es tracta de la m\u00e9s sentida. Hi figuren alguns temes constants d&#8217;aquest novel\u00b7lista: el xoc entre la banalitat quotidiana i la possibilitat d&#8217;\u00fcna realitat superior; la hip\u00f2tesi de la manca de lliure albir en les accions humanes, i el rerafons permanent de Ven\u00e8cia, la ciutat m\u00e9s misteriosa i estranya d&#8217;It\u00e0lia.<\/p>\n","protected":false},"featured_media":9956,"template":"","meta":[],"product_brand":[],"product_cat":[296],"product_tag":[],"autores":[419],"formatos":[355],"materias":[356],"class_list":{"0":"post-11890","1":"product","2":"type-product","3":"status-publish","4":"has-post-thumbnail","6":"product_cat-larca-ca","7":"autores-pestriniero-renato-ca","8":"formatos-llibre","9":"materias-cuentos-clasicos-de-generos-fantasticos-ca","11":"first","12":"outofstock","13":"product-type-simple"},"yoast_head":"<!-- This site is optimized with the Yoast SEO plugin v27.4 - https:\/\/yoast.com\/product\/yoast-seo-wordpress\/ -->\n<title>El niu m\u00e9s enll\u00e0 de l&#039;ombra | Laertes ediciones<\/title>\n<meta name=\"robots\" content=\"index, follow, max-snippet:-1, max-image-preview:large, max-video-preview:-1\" \/>\n<link rel=\"canonical\" href=\"https:\/\/www.laertes.es\/ca\/llibre\/el-niu-mes-enlla-de-lombra\/\" \/>\n<meta property=\"og:locale\" content=\"ca_ES\" \/>\n<meta property=\"og:type\" content=\"article\" \/>\n<meta property=\"og:title\" content=\"El niu m\u00e9s enll\u00e0 de l&#039;ombra | Laertes ediciones\" \/>\n<meta property=\"og:description\" content=\"Un dia, en la inda d&#039;un home qualsevol, amb esposa i filla i una feina normal, arriba la \u00abcrida\u00bb: un destacat personatge mund\u00e0 el convoca per una ra\u00f3 no ben clara. Aix\u00ed, s&#039;inicia l&#039;aventura de Valerio Sagredo, una persona com tantes altres, que un telegrama de l&#039;antiquari Marcandrea Canal reclama a Ven\u00e8cia. A la ciutat de la llacuna, misteriosa i surreal, comencen una s\u00e8rie de fets que menaran el protagonista, home racional d&#039;avui, al contacte amb una Altra Realitat, de la qual la nostra no \u00e9s sin\u00f3 un p\u00e0l\u00b7lid reflex. Valerio Sagredo es trobar\u00e0 aix\u00ed implicat, com una mena de pe\u00f3 d&#039;escacs potser insignificant, potser fonamental, en una guerra metaf\u00edsica que es lliura d&#039;en\u00e7\u00e0 de l&#039;origen del Temps, i de la qual ell veu nom\u00e9s l&#039;\u00faltima batalla en qu\u00e8 participa inexplicablement. Per\u00f2 \u00bfqui \u00e9s, i qui representa, Canal? i \u00bfqui \u00e9s, o qui representa, Serena, la noia que Valerio coneix quan tot just acaba d&#039;arribar a Ven\u00e8cia? \u00bfQuin significat t\u00e9 la seva crida? \u00bfI qu\u00e8 hi t\u00e9 a veure, amb tot aquest seguit d&#039;esdeveniments, un impressionant tr\u00edptic que un antic pintor an\u00f2nim va titular \u00abLes tres morts d&#039;Aloysius Sagredi\u00bb? Renato Pestriniero (n. a Ven\u00e8cia el 1933), un dels escriptors italians de ci\u00e8ncia-ficci\u00f3 m\u00e9s destacats i de m\u00e9s experi\u00e8ncia d&#039;avui dia, ha aconseguit potser, amb \u00abEl niu m\u00e9s enll\u00e0 de l&#039;ombra\u00bb (Premi Nacional de Narrativa Fant\u00e0stica \u00abJ.R.R. Tolkien\u00bb 1984), una novel\u00b7la meitat de cam\u00ed entre la fantasia esot\u00e8rica i l&#039;horror lovecrafti\u00e0, la seva millor obra, pel fet que es tracta de la m\u00e9s sentida. Hi figuren alguns temes constants d&#039;aquest novel\u00b7lista: el xoc entre la banalitat quotidiana i la possibilitat d&#039;\u00fcna realitat superior; la hip\u00f2tesi de la manca de lliure albir en les accions humanes, i el rerafons permanent de Ven\u00e8cia, la ciutat m\u00e9s misteriosa i estranya d&#039;It\u00e0lia.\" \/>\n<meta property=\"og:url\" content=\"https:\/\/www.laertes.es\/ca\/llibre\/el-niu-mes-enlla-de-lombra\/\" \/>\n<meta property=\"og:site_name\" content=\"Laertes ediciones\" \/>\n<meta property=\"article:modified_time\" content=\"2024-08-20T20:52:01+00:00\" \/>\n<meta property=\"og:image\" content=\"https:\/\/aliceblue-magpie-467488.hostingersite.com\/wp-content\/uploads\/2023\/01\/9788475841410.jpg\" \/>\n\t<meta property=\"og:image:width\" content=\"727\" \/>\n\t<meta property=\"og:image:height\" content=\"1163\" \/>\n\t<meta property=\"og:image:type\" content=\"image\/jpeg\" \/>\n<script type=\"application\/ld+json\" class=\"yoast-schema-graph\">{\"@context\":\"https:\\\/\\\/schema.org\",\"@graph\":[{\"@type\":\"WebPage\",\"@id\":\"https:\\\/\\\/www.laertes.es\\\/ca\\\/llibre\\\/el-niu-mes-enlla-de-lombra\\\/\",\"url\":\"https:\\\/\\\/www.laertes.es\\\/ca\\\/llibre\\\/el-niu-mes-enlla-de-lombra\\\/\",\"name\":\"El niu m\u00e9s enll\u00e0 de l'ombra | Laertes ediciones\",\"isPartOf\":{\"@id\":\"https:\\\/\\\/www.laertes.es\\\/ca\\\/#website\"},\"primaryImageOfPage\":{\"@id\":\"https:\\\/\\\/www.laertes.es\\\/ca\\\/llibre\\\/el-niu-mes-enlla-de-lombra\\\/#primaryimage\"},\"image\":{\"@id\":\"https:\\\/\\\/www.laertes.es\\\/ca\\\/llibre\\\/el-niu-mes-enlla-de-lombra\\\/#primaryimage\"},\"thumbnailUrl\":\"https:\\\/\\\/www.laertes.es\\\/wp-content\\\/uploads\\\/2023\\\/01\\\/9788475841410.jpg\",\"datePublished\":\"2023-01-24T15:07:00+00:00\",\"dateModified\":\"2024-08-20T20:52:01+00:00\",\"breadcrumb\":{\"@id\":\"https:\\\/\\\/www.laertes.es\\\/ca\\\/llibre\\\/el-niu-mes-enlla-de-lombra\\\/#breadcrumb\"},\"inLanguage\":\"ca\",\"potentialAction\":[{\"@type\":\"ReadAction\",\"target\":[\"https:\\\/\\\/www.laertes.es\\\/ca\\\/llibre\\\/el-niu-mes-enlla-de-lombra\\\/\"]}]},{\"@type\":\"ImageObject\",\"inLanguage\":\"ca\",\"@id\":\"https:\\\/\\\/www.laertes.es\\\/ca\\\/llibre\\\/el-niu-mes-enlla-de-lombra\\\/#primaryimage\",\"url\":\"https:\\\/\\\/www.laertes.es\\\/wp-content\\\/uploads\\\/2023\\\/01\\\/9788475841410.jpg\",\"contentUrl\":\"https:\\\/\\\/www.laertes.es\\\/wp-content\\\/uploads\\\/2023\\\/01\\\/9788475841410.jpg\",\"width\":727,\"height\":1163},{\"@type\":\"BreadcrumbList\",\"@id\":\"https:\\\/\\\/www.laertes.es\\\/ca\\\/llibre\\\/el-niu-mes-enlla-de-lombra\\\/#breadcrumb\",\"itemListElement\":[{\"@type\":\"ListItem\",\"position\":1,\"name\":\"Portada\",\"item\":\"https:\\\/\\\/www.laertes.es\\\/ca\\\/\"},{\"@type\":\"ListItem\",\"position\":2,\"name\":\"Tienda\",\"item\":\"https:\\\/\\\/www.laertes.es\\\/tienda\\\/\"},{\"@type\":\"ListItem\",\"position\":3,\"name\":\"El niu m\u00e9s enll\u00e0 de l&#8217;ombra\"}]},{\"@type\":\"WebSite\",\"@id\":\"https:\\\/\\\/www.laertes.es\\\/ca\\\/#website\",\"url\":\"https:\\\/\\\/www.laertes.es\\\/ca\\\/\",\"name\":\"Laertes Ediciones\",\"description\":\"Editorial independiente desde 1975\",\"alternateName\":\"Laertes\",\"potentialAction\":[{\"@type\":\"SearchAction\",\"target\":{\"@type\":\"EntryPoint\",\"urlTemplate\":\"https:\\\/\\\/www.laertes.es\\\/ca\\\/?s={search_term_string}\"},\"query-input\":{\"@type\":\"PropertyValueSpecification\",\"valueRequired\":true,\"valueName\":\"search_term_string\"}}],\"inLanguage\":\"ca\"}]}<\/script>\n<!-- \/ Yoast SEO plugin. -->","yoast_head_json":{"title":"El niu m\u00e9s enll\u00e0 de l'ombra | Laertes ediciones","robots":{"index":"index","follow":"follow","max-snippet":"max-snippet:-1","max-image-preview":"max-image-preview:large","max-video-preview":"max-video-preview:-1"},"canonical":"https:\/\/www.laertes.es\/ca\/llibre\/el-niu-mes-enlla-de-lombra\/","og_locale":"ca_ES","og_type":"article","og_title":"El niu m\u00e9s enll\u00e0 de l'ombra | Laertes ediciones","og_description":"Un dia, en la inda d'un home qualsevol, amb esposa i filla i una feina normal, arriba la \u00abcrida\u00bb: un destacat personatge mund\u00e0 el convoca per una ra\u00f3 no ben clara. Aix\u00ed, s'inicia l'aventura de Valerio Sagredo, una persona com tantes altres, que un telegrama de l'antiquari Marcandrea Canal reclama a Ven\u00e8cia. A la ciutat de la llacuna, misteriosa i surreal, comencen una s\u00e8rie de fets que menaran el protagonista, home racional d'avui, al contacte amb una Altra Realitat, de la qual la nostra no \u00e9s sin\u00f3 un p\u00e0l\u00b7lid reflex. Valerio Sagredo es trobar\u00e0 aix\u00ed implicat, com una mena de pe\u00f3 d'escacs potser insignificant, potser fonamental, en una guerra metaf\u00edsica que es lliura d'en\u00e7\u00e0 de l'origen del Temps, i de la qual ell veu nom\u00e9s l'\u00faltima batalla en qu\u00e8 participa inexplicablement. Per\u00f2 \u00bfqui \u00e9s, i qui representa, Canal? i \u00bfqui \u00e9s, o qui representa, Serena, la noia que Valerio coneix quan tot just acaba d'arribar a Ven\u00e8cia? \u00bfQuin significat t\u00e9 la seva crida? \u00bfI qu\u00e8 hi t\u00e9 a veure, amb tot aquest seguit d'esdeveniments, un impressionant tr\u00edptic que un antic pintor an\u00f2nim va titular \u00abLes tres morts d'Aloysius Sagredi\u00bb? Renato Pestriniero (n. a Ven\u00e8cia el 1933), un dels escriptors italians de ci\u00e8ncia-ficci\u00f3 m\u00e9s destacats i de m\u00e9s experi\u00e8ncia d'avui dia, ha aconseguit potser, amb \u00abEl niu m\u00e9s enll\u00e0 de l'ombra\u00bb (Premi Nacional de Narrativa Fant\u00e0stica \u00abJ.R.R. Tolkien\u00bb 1984), una novel\u00b7la meitat de cam\u00ed entre la fantasia esot\u00e8rica i l'horror lovecrafti\u00e0, la seva millor obra, pel fet que es tracta de la m\u00e9s sentida. Hi figuren alguns temes constants d'aquest novel\u00b7lista: el xoc entre la banalitat quotidiana i la possibilitat d'\u00fcna realitat superior; la hip\u00f2tesi de la manca de lliure albir en les accions humanes, i el rerafons permanent de Ven\u00e8cia, la ciutat m\u00e9s misteriosa i estranya d'It\u00e0lia.","og_url":"https:\/\/www.laertes.es\/ca\/llibre\/el-niu-mes-enlla-de-lombra\/","og_site_name":"Laertes ediciones","article_modified_time":"2024-08-20T20:52:01+00:00","og_image":[{"width":727,"height":1163,"url":"https:\/\/aliceblue-magpie-467488.hostingersite.com\/wp-content\/uploads\/2023\/01\/9788475841410.jpg","type":"image\/jpeg"}],"schema":{"@context":"https:\/\/schema.org","@graph":[{"@type":"WebPage","@id":"https:\/\/www.laertes.es\/ca\/llibre\/el-niu-mes-enlla-de-lombra\/","url":"https:\/\/www.laertes.es\/ca\/llibre\/el-niu-mes-enlla-de-lombra\/","name":"El niu m\u00e9s enll\u00e0 de l'ombra | Laertes ediciones","isPartOf":{"@id":"https:\/\/www.laertes.es\/ca\/#website"},"primaryImageOfPage":{"@id":"https:\/\/www.laertes.es\/ca\/llibre\/el-niu-mes-enlla-de-lombra\/#primaryimage"},"image":{"@id":"https:\/\/www.laertes.es\/ca\/llibre\/el-niu-mes-enlla-de-lombra\/#primaryimage"},"thumbnailUrl":"https:\/\/www.laertes.es\/wp-content\/uploads\/2023\/01\/9788475841410.jpg","datePublished":"2023-01-24T15:07:00+00:00","dateModified":"2024-08-20T20:52:01+00:00","breadcrumb":{"@id":"https:\/\/www.laertes.es\/ca\/llibre\/el-niu-mes-enlla-de-lombra\/#breadcrumb"},"inLanguage":"ca","potentialAction":[{"@type":"ReadAction","target":["https:\/\/www.laertes.es\/ca\/llibre\/el-niu-mes-enlla-de-lombra\/"]}]},{"@type":"ImageObject","inLanguage":"ca","@id":"https:\/\/www.laertes.es\/ca\/llibre\/el-niu-mes-enlla-de-lombra\/#primaryimage","url":"https:\/\/www.laertes.es\/wp-content\/uploads\/2023\/01\/9788475841410.jpg","contentUrl":"https:\/\/www.laertes.es\/wp-content\/uploads\/2023\/01\/9788475841410.jpg","width":727,"height":1163},{"@type":"BreadcrumbList","@id":"https:\/\/www.laertes.es\/ca\/llibre\/el-niu-mes-enlla-de-lombra\/#breadcrumb","itemListElement":[{"@type":"ListItem","position":1,"name":"Portada","item":"https:\/\/www.laertes.es\/ca\/"},{"@type":"ListItem","position":2,"name":"Tienda","item":"https:\/\/www.laertes.es\/tienda\/"},{"@type":"ListItem","position":3,"name":"El niu m\u00e9s enll\u00e0 de l&#8217;ombra"}]},{"@type":"WebSite","@id":"https:\/\/www.laertes.es\/ca\/#website","url":"https:\/\/www.laertes.es\/ca\/","name":"Laertes Ediciones","description":"Editorial independiente desde 1975","alternateName":"Laertes","potentialAction":[{"@type":"SearchAction","target":{"@type":"EntryPoint","urlTemplate":"https:\/\/www.laertes.es\/ca\/?s={search_term_string}"},"query-input":{"@type":"PropertyValueSpecification","valueRequired":true,"valueName":"search_term_string"}}],"inLanguage":"ca"}]}},"_links":{"self":[{"href":"https:\/\/www.laertes.es\/ca\/wp-json\/wp\/v2\/product\/11890","targetHints":{"allow":["GET"]}}],"collection":[{"href":"https:\/\/www.laertes.es\/ca\/wp-json\/wp\/v2\/product"}],"about":[{"href":"https:\/\/www.laertes.es\/ca\/wp-json\/wp\/v2\/types\/product"}],"version-history":[{"count":1,"href":"https:\/\/www.laertes.es\/ca\/wp-json\/wp\/v2\/product\/11890\/revisions"}],"predecessor-version":[{"id":15262,"href":"https:\/\/www.laertes.es\/ca\/wp-json\/wp\/v2\/product\/11890\/revisions\/15262"}],"wp:featuredmedia":[{"embeddable":true,"href":"https:\/\/www.laertes.es\/ca\/wp-json\/wp\/v2\/media\/9956"}],"wp:attachment":[{"href":"https:\/\/www.laertes.es\/ca\/wp-json\/wp\/v2\/media?parent=11890"}],"wp:term":[{"taxonomy":"product_brand","embeddable":true,"href":"https:\/\/www.laertes.es\/ca\/wp-json\/wp\/v2\/product_brand?post=11890"},{"taxonomy":"product_cat","embeddable":true,"href":"https:\/\/www.laertes.es\/ca\/wp-json\/wp\/v2\/product_cat?post=11890"},{"taxonomy":"product_tag","embeddable":true,"href":"https:\/\/www.laertes.es\/ca\/wp-json\/wp\/v2\/product_tag?post=11890"},{"taxonomy":"autores","embeddable":true,"href":"https:\/\/www.laertes.es\/ca\/wp-json\/wp\/v2\/autores?post=11890"},{"taxonomy":"formatos","embeddable":true,"href":"https:\/\/www.laertes.es\/ca\/wp-json\/wp\/v2\/formatos?post=11890"},{"taxonomy":"materias","embeddable":true,"href":"https:\/\/www.laertes.es\/ca\/wp-json\/wp\/v2\/materias?post=11890"}],"curies":[{"name":"wp","href":"https:\/\/api.w.org\/{rel}","templated":true}]}}