{"id":11889,"date":"2023-01-24T15:07:00","date_gmt":"2023-01-24T15:07:00","guid":{"rendered":"https:\/libro\/els-39-esglaons\/"},"modified":"2024-08-20T20:49:37","modified_gmt":"2024-08-20T20:49:37","slug":"els-39-esglaons","status":"publish","type":"product","link":"https:\/\/www.laertes.es\/ca\/llibre\/els-39-esglaons\/","title":{"rendered":"Els 39 esglaons"},"content":{"rendered":"","protected":false},"excerpt":{"rendered":"<p>John Buchan, fill d&#8217;un clergue, va n\u00e9ixer a finals d&#8217;agost de 1875, a Perth (Esc\u00f2cia), i va estudiar Dret a les universitats de Glasgow i d&#8217;Oxford. Als vint anys va publicar&#8217;el primer llibre, &#8220;Sir Quixote of the Moors&#8221;, i es va convertir en un escriptor professional. Va ser, a m\u00e9s a m\u00e9s, advocat, editor, periodista, director de l&#8217;Ag\u00e8ncia Reuter, i parlamentari. Despr\u00e9s de ser nomenat Bar\u00f3 de Tweedsmuir, va morir quan era governador del Canad\u00e0, el 1940. La seva extens\u00edssima obra liter\u00e0ria compr\u00e8n biografies, i novel\u00b7les d&#8217;aventures. Representa el prototipus d&#8217;angl\u00e8s amant i defensor de la ideq. de l&#8217;Imperi Brit\u00e0nic. Coetani de G.K. . Chesterton i d&#8217;E.C. Bentley, va rebre la influ\u00e8ncia de Sir Walter Scott i era admirador de R.L. Stevenson, Rudyard Kipling i, per descomptat, de Sir Arthur Conan Doyle. Per altra banda, \u00e9s evident que tant Graham Greene com John Le Carr\u00e9, han vegut de,la mateixa deu. Richard Hannay, el protagonista d&#8217;Els 39 esglaons, respon al prototipus de ciutad\u00e0 de l&#8217;Imperi Brit\u00e0nic tal com l&#8217;imagina el seu autor: natural de Canad\u00e0, fill d&#8217;escocesos, ha estat vivint a Sud-A frica i a Rod\u00e8sia, ha participat a la guerra de Matabele i es troba desenfeinat, oci\u00f3s i, per tant, avorrit a la capital, Londres. Una intriga i un assassinat posterior el portaran a rec\u00f3rrer amb gran dinamisme el pa\u00eds i a salvar l&#8217;Imperi d&#8217;una amena\u00e7a que t\u00e9 accent alemany.<\/p>\n","protected":false},"featured_media":9970,"template":"","meta":[],"product_brand":[],"product_cat":[296],"product_tag":[],"autores":[418],"formatos":[355],"materias":[356],"class_list":{"0":"post-11889","1":"product","2":"type-product","3":"status-publish","4":"has-post-thumbnail","6":"product_cat-larca-ca","7":"autores-buchan-john-ca","8":"formatos-llibre","9":"materias-cuentos-clasicos-de-generos-fantasticos-ca","11":"first","12":"outofstock","13":"purchasable","14":"product-type-simple"},"yoast_head":"<!-- This site is optimized with the Yoast SEO plugin v27.4 - https:\/\/yoast.com\/product\/yoast-seo-wordpress\/ -->\n<title>Els 39 esglaons | Laertes ediciones<\/title>\n<meta name=\"robots\" content=\"index, follow, max-snippet:-1, max-image-preview:large, max-video-preview:-1\" \/>\n<link rel=\"canonical\" href=\"https:\/\/www.laertes.es\/ca\/llibre\/els-39-esglaons\/\" \/>\n<meta property=\"og:locale\" content=\"ca_ES\" \/>\n<meta property=\"og:type\" content=\"article\" \/>\n<meta property=\"og:title\" content=\"Els 39 esglaons | Laertes ediciones\" \/>\n<meta property=\"og:description\" content=\"John Buchan, fill d&#039;un clergue, va n\u00e9ixer a finals d&#039;agost de 1875, a Perth (Esc\u00f2cia), i va estudiar Dret a les universitats de Glasgow i d&#039;Oxford. Als vint anys va publicar&#039;el primer llibre, &quot;Sir Quixote of the Moors&quot;, i es va convertir en un escriptor professional. Va ser, a m\u00e9s a m\u00e9s, advocat, editor, periodista, director de l&#039;Ag\u00e8ncia Reuter, i parlamentari. Despr\u00e9s de ser nomenat Bar\u00f3 de Tweedsmuir, va morir quan era governador del Canad\u00e0, el 1940. La seva extens\u00edssima obra liter\u00e0ria compr\u00e8n biografies, i novel\u00b7les d&#039;aventures. Representa el prototipus d&#039;angl\u00e8s amant i defensor de la ideq. de l&#039;Imperi Brit\u00e0nic. Coetani de G.K. . Chesterton i d&#039;E.C. Bentley, va rebre la influ\u00e8ncia de Sir Walter Scott i era admirador de R.L. Stevenson, Rudyard Kipling i, per descomptat, de Sir Arthur Conan Doyle. Per altra banda, \u00e9s evident que tant Graham Greene com John Le Carr\u00e9, han vegut de,la mateixa deu. Richard Hannay, el protagonista d&#039;Els 39 esglaons, respon al prototipus de ciutad\u00e0 de l&#039;Imperi Brit\u00e0nic tal com l&#039;imagina el seu autor: natural de Canad\u00e0, fill d&#039;escocesos, ha estat vivint a Sud-A frica i a Rod\u00e8sia, ha participat a la guerra de Matabele i es troba desenfeinat, oci\u00f3s i, per tant, avorrit a la capital, Londres. Una intriga i un assassinat posterior el portaran a rec\u00f3rrer amb gran dinamisme el pa\u00eds i a salvar l&#039;Imperi d&#039;una amena\u00e7a que t\u00e9 accent alemany.\" \/>\n<meta property=\"og:url\" content=\"https:\/\/www.laertes.es\/ca\/llibre\/els-39-esglaons\/\" \/>\n<meta property=\"og:site_name\" content=\"Laertes ediciones\" \/>\n<meta property=\"article:modified_time\" content=\"2024-08-20T20:49:37+00:00\" \/>\n<meta property=\"og:image\" content=\"https:\/\/aliceblue-magpie-467488.hostingersite.com\/wp-content\/uploads\/2023\/01\/9788475841649.jpg\" \/>\n\t<meta property=\"og:image:width\" content=\"727\" \/>\n\t<meta property=\"og:image:height\" content=\"1163\" \/>\n\t<meta property=\"og:image:type\" content=\"image\/jpeg\" \/>\n<script type=\"application\/ld+json\" class=\"yoast-schema-graph\">{\"@context\":\"https:\\\/\\\/schema.org\",\"@graph\":[{\"@type\":\"WebPage\",\"@id\":\"https:\\\/\\\/www.laertes.es\\\/ca\\\/llibre\\\/els-39-esglaons\\\/\",\"url\":\"https:\\\/\\\/www.laertes.es\\\/ca\\\/llibre\\\/els-39-esglaons\\\/\",\"name\":\"Els 39 esglaons | Laertes ediciones\",\"isPartOf\":{\"@id\":\"https:\\\/\\\/www.laertes.es\\\/ca\\\/#website\"},\"primaryImageOfPage\":{\"@id\":\"https:\\\/\\\/www.laertes.es\\\/ca\\\/llibre\\\/els-39-esglaons\\\/#primaryimage\"},\"image\":{\"@id\":\"https:\\\/\\\/www.laertes.es\\\/ca\\\/llibre\\\/els-39-esglaons\\\/#primaryimage\"},\"thumbnailUrl\":\"https:\\\/\\\/www.laertes.es\\\/wp-content\\\/uploads\\\/2023\\\/01\\\/9788475841649.jpg\",\"datePublished\":\"2023-01-24T15:07:00+00:00\",\"dateModified\":\"2024-08-20T20:49:37+00:00\",\"breadcrumb\":{\"@id\":\"https:\\\/\\\/www.laertes.es\\\/ca\\\/llibre\\\/els-39-esglaons\\\/#breadcrumb\"},\"inLanguage\":\"ca\",\"potentialAction\":[{\"@type\":\"ReadAction\",\"target\":[\"https:\\\/\\\/www.laertes.es\\\/ca\\\/llibre\\\/els-39-esglaons\\\/\"]}]},{\"@type\":\"ImageObject\",\"inLanguage\":\"ca\",\"@id\":\"https:\\\/\\\/www.laertes.es\\\/ca\\\/llibre\\\/els-39-esglaons\\\/#primaryimage\",\"url\":\"https:\\\/\\\/www.laertes.es\\\/wp-content\\\/uploads\\\/2023\\\/01\\\/9788475841649.jpg\",\"contentUrl\":\"https:\\\/\\\/www.laertes.es\\\/wp-content\\\/uploads\\\/2023\\\/01\\\/9788475841649.jpg\",\"width\":727,\"height\":1163},{\"@type\":\"BreadcrumbList\",\"@id\":\"https:\\\/\\\/www.laertes.es\\\/ca\\\/llibre\\\/els-39-esglaons\\\/#breadcrumb\",\"itemListElement\":[{\"@type\":\"ListItem\",\"position\":1,\"name\":\"Portada\",\"item\":\"https:\\\/\\\/www.laertes.es\\\/ca\\\/\"},{\"@type\":\"ListItem\",\"position\":2,\"name\":\"Tienda\",\"item\":\"https:\\\/\\\/www.laertes.es\\\/tienda\\\/\"},{\"@type\":\"ListItem\",\"position\":3,\"name\":\"Els 39 esglaons\"}]},{\"@type\":\"WebSite\",\"@id\":\"https:\\\/\\\/www.laertes.es\\\/ca\\\/#website\",\"url\":\"https:\\\/\\\/www.laertes.es\\\/ca\\\/\",\"name\":\"Laertes Ediciones\",\"description\":\"Editorial independiente desde 1975\",\"alternateName\":\"Laertes\",\"potentialAction\":[{\"@type\":\"SearchAction\",\"target\":{\"@type\":\"EntryPoint\",\"urlTemplate\":\"https:\\\/\\\/www.laertes.es\\\/ca\\\/?s={search_term_string}\"},\"query-input\":{\"@type\":\"PropertyValueSpecification\",\"valueRequired\":true,\"valueName\":\"search_term_string\"}}],\"inLanguage\":\"ca\"}]}<\/script>\n<!-- \/ Yoast SEO plugin. -->","yoast_head_json":{"title":"Els 39 esglaons | Laertes ediciones","robots":{"index":"index","follow":"follow","max-snippet":"max-snippet:-1","max-image-preview":"max-image-preview:large","max-video-preview":"max-video-preview:-1"},"canonical":"https:\/\/www.laertes.es\/ca\/llibre\/els-39-esglaons\/","og_locale":"ca_ES","og_type":"article","og_title":"Els 39 esglaons | Laertes ediciones","og_description":"John Buchan, fill d'un clergue, va n\u00e9ixer a finals d'agost de 1875, a Perth (Esc\u00f2cia), i va estudiar Dret a les universitats de Glasgow i d'Oxford. Als vint anys va publicar'el primer llibre, \"Sir Quixote of the Moors\", i es va convertir en un escriptor professional. Va ser, a m\u00e9s a m\u00e9s, advocat, editor, periodista, director de l'Ag\u00e8ncia Reuter, i parlamentari. Despr\u00e9s de ser nomenat Bar\u00f3 de Tweedsmuir, va morir quan era governador del Canad\u00e0, el 1940. La seva extens\u00edssima obra liter\u00e0ria compr\u00e8n biografies, i novel\u00b7les d'aventures. Representa el prototipus d'angl\u00e8s amant i defensor de la ideq. de l'Imperi Brit\u00e0nic. Coetani de G.K. . Chesterton i d'E.C. Bentley, va rebre la influ\u00e8ncia de Sir Walter Scott i era admirador de R.L. Stevenson, Rudyard Kipling i, per descomptat, de Sir Arthur Conan Doyle. Per altra banda, \u00e9s evident que tant Graham Greene com John Le Carr\u00e9, han vegut de,la mateixa deu. Richard Hannay, el protagonista d'Els 39 esglaons, respon al prototipus de ciutad\u00e0 de l'Imperi Brit\u00e0nic tal com l'imagina el seu autor: natural de Canad\u00e0, fill d'escocesos, ha estat vivint a Sud-A frica i a Rod\u00e8sia, ha participat a la guerra de Matabele i es troba desenfeinat, oci\u00f3s i, per tant, avorrit a la capital, Londres. Una intriga i un assassinat posterior el portaran a rec\u00f3rrer amb gran dinamisme el pa\u00eds i a salvar l'Imperi d'una amena\u00e7a que t\u00e9 accent alemany.","og_url":"https:\/\/www.laertes.es\/ca\/llibre\/els-39-esglaons\/","og_site_name":"Laertes ediciones","article_modified_time":"2024-08-20T20:49:37+00:00","og_image":[{"width":727,"height":1163,"url":"https:\/\/aliceblue-magpie-467488.hostingersite.com\/wp-content\/uploads\/2023\/01\/9788475841649.jpg","type":"image\/jpeg"}],"schema":{"@context":"https:\/\/schema.org","@graph":[{"@type":"WebPage","@id":"https:\/\/www.laertes.es\/ca\/llibre\/els-39-esglaons\/","url":"https:\/\/www.laertes.es\/ca\/llibre\/els-39-esglaons\/","name":"Els 39 esglaons | Laertes ediciones","isPartOf":{"@id":"https:\/\/www.laertes.es\/ca\/#website"},"primaryImageOfPage":{"@id":"https:\/\/www.laertes.es\/ca\/llibre\/els-39-esglaons\/#primaryimage"},"image":{"@id":"https:\/\/www.laertes.es\/ca\/llibre\/els-39-esglaons\/#primaryimage"},"thumbnailUrl":"https:\/\/www.laertes.es\/wp-content\/uploads\/2023\/01\/9788475841649.jpg","datePublished":"2023-01-24T15:07:00+00:00","dateModified":"2024-08-20T20:49:37+00:00","breadcrumb":{"@id":"https:\/\/www.laertes.es\/ca\/llibre\/els-39-esglaons\/#breadcrumb"},"inLanguage":"ca","potentialAction":[{"@type":"ReadAction","target":["https:\/\/www.laertes.es\/ca\/llibre\/els-39-esglaons\/"]}]},{"@type":"ImageObject","inLanguage":"ca","@id":"https:\/\/www.laertes.es\/ca\/llibre\/els-39-esglaons\/#primaryimage","url":"https:\/\/www.laertes.es\/wp-content\/uploads\/2023\/01\/9788475841649.jpg","contentUrl":"https:\/\/www.laertes.es\/wp-content\/uploads\/2023\/01\/9788475841649.jpg","width":727,"height":1163},{"@type":"BreadcrumbList","@id":"https:\/\/www.laertes.es\/ca\/llibre\/els-39-esglaons\/#breadcrumb","itemListElement":[{"@type":"ListItem","position":1,"name":"Portada","item":"https:\/\/www.laertes.es\/ca\/"},{"@type":"ListItem","position":2,"name":"Tienda","item":"https:\/\/www.laertes.es\/tienda\/"},{"@type":"ListItem","position":3,"name":"Els 39 esglaons"}]},{"@type":"WebSite","@id":"https:\/\/www.laertes.es\/ca\/#website","url":"https:\/\/www.laertes.es\/ca\/","name":"Laertes Ediciones","description":"Editorial independiente desde 1975","alternateName":"Laertes","potentialAction":[{"@type":"SearchAction","target":{"@type":"EntryPoint","urlTemplate":"https:\/\/www.laertes.es\/ca\/?s={search_term_string}"},"query-input":{"@type":"PropertyValueSpecification","valueRequired":true,"valueName":"search_term_string"}}],"inLanguage":"ca"}]}},"_links":{"self":[{"href":"https:\/\/www.laertes.es\/ca\/wp-json\/wp\/v2\/product\/11889","targetHints":{"allow":["GET"]}}],"collection":[{"href":"https:\/\/www.laertes.es\/ca\/wp-json\/wp\/v2\/product"}],"about":[{"href":"https:\/\/www.laertes.es\/ca\/wp-json\/wp\/v2\/types\/product"}],"version-history":[{"count":1,"href":"https:\/\/www.laertes.es\/ca\/wp-json\/wp\/v2\/product\/11889\/revisions"}],"predecessor-version":[{"id":15254,"href":"https:\/\/www.laertes.es\/ca\/wp-json\/wp\/v2\/product\/11889\/revisions\/15254"}],"wp:featuredmedia":[{"embeddable":true,"href":"https:\/\/www.laertes.es\/ca\/wp-json\/wp\/v2\/media\/9970"}],"wp:attachment":[{"href":"https:\/\/www.laertes.es\/ca\/wp-json\/wp\/v2\/media?parent=11889"}],"wp:term":[{"taxonomy":"product_brand","embeddable":true,"href":"https:\/\/www.laertes.es\/ca\/wp-json\/wp\/v2\/product_brand?post=11889"},{"taxonomy":"product_cat","embeddable":true,"href":"https:\/\/www.laertes.es\/ca\/wp-json\/wp\/v2\/product_cat?post=11889"},{"taxonomy":"product_tag","embeddable":true,"href":"https:\/\/www.laertes.es\/ca\/wp-json\/wp\/v2\/product_tag?post=11889"},{"taxonomy":"autores","embeddable":true,"href":"https:\/\/www.laertes.es\/ca\/wp-json\/wp\/v2\/autores?post=11889"},{"taxonomy":"formatos","embeddable":true,"href":"https:\/\/www.laertes.es\/ca\/wp-json\/wp\/v2\/formatos?post=11889"},{"taxonomy":"materias","embeddable":true,"href":"https:\/\/www.laertes.es\/ca\/wp-json\/wp\/v2\/materias?post=11889"}],"curies":[{"name":"wp","href":"https:\/\/api.w.org\/{rel}","templated":true}]}}