{"id":11888,"date":"2023-01-24T15:07:00","date_gmt":"2023-01-24T15:07:00","guid":{"rendered":"https:\/libro\/el-misteri-de-lhabitacio-groga\/"},"modified":"2023-05-05T07:03:57","modified_gmt":"2023-05-05T07:03:57","slug":"el-misteri-de-lhabitacio-groga","status":"publish","type":"product","link":"https:\/\/www.laertes.es\/ca\/llibre\/el-misteri-de-lhabitacio-groga\/","title":{"rendered":"El misteri de l&#8217;habitaci\u00f3 groga"},"content":{"rendered":"","protected":false},"excerpt":{"rendered":"<p>El misteri de l&#8217;\u0092Habitaci\u00f3 Groga \u00e9s considerada avui dia com una novel\u00b7la de misteri cl\u00e0ssica, d&#8217;\u0092un valor indiscutible; no podia faltar, doncs, en una col\u00b7lecci\u00f3 com \u00e9s ara \u0093l&#8217;\u0092Arc\u00e0\u0094. Aquesta obra de Gaston Leroux t\u00e9 com a punt de partida el t\u00f2pic del \u0093recinte tancat\u0094, t\u00edpic de la novel\u00b7la g\u00f2tica anglesa i portada al grau de perfecci\u00f3 m\u00e9s alt per Edgar A. Poe. Tot l\u0092&#8217;inter\u00e8s i la gr\u00e0cia de la novel\u00b7la \u00e9s veure com se les va compondre el criminal per escapolir-se d\u0092&#8217;un \u00e0mbit en que totes les obertures apareixen tancades en el moment de descobrir-se el crim.<\/p>\n","protected":false},"featured_media":13278,"template":"","meta":[],"product_brand":[],"product_cat":[296],"product_tag":[677,673],"autores":[417],"formatos":[355],"materias":[356],"class_list":{"0":"post-11888","1":"product","2":"type-product","3":"status-publish","4":"has-post-thumbnail","6":"product_cat-larca-ca","7":"product_tag-misteri-ca","8":"product_tag-terror-ca","9":"autores-leroux-gaston-ca","10":"formatos-llibre","11":"materias-cuentos-clasicos-de-generos-fantasticos-ca","13":"first","14":"instock","15":"product-type-simple"},"yoast_head":"<!-- This site is optimized with the Yoast SEO plugin v27.4 - https:\/\/yoast.com\/product\/yoast-seo-wordpress\/ -->\n<title>El misteri de l&#039;habitaci\u00f3 groga | Laertes ediciones<\/title>\n<meta name=\"robots\" content=\"index, follow, max-snippet:-1, max-image-preview:large, max-video-preview:-1\" \/>\n<link rel=\"canonical\" href=\"https:\/\/www.laertes.es\/ca\/llibre\/el-misteri-de-lhabitacio-groga\/\" \/>\n<meta property=\"og:locale\" content=\"ca_ES\" \/>\n<meta property=\"og:type\" content=\"article\" \/>\n<meta property=\"og:title\" content=\"El misteri de l&#039;habitaci\u00f3 groga | Laertes ediciones\" \/>\n<meta property=\"og:description\" content=\"El misteri de l&#039;\u0092Habitaci\u00f3 Groga \u00e9s considerada avui dia com una novel\u00b7la de misteri cl\u00e0ssica, d&#039;\u0092un valor indiscutible; no podia faltar, doncs, en una col\u00b7lecci\u00f3 com \u00e9s ara \u0093l&#039;\u0092Arc\u00e0\u0094. Aquesta obra de Gaston Leroux t\u00e9 com a punt de partida el t\u00f2pic del \u0093recinte tancat\u0094, t\u00edpic de la novel\u00b7la g\u00f2tica anglesa i portada al grau de perfecci\u00f3 m\u00e9s alt per Edgar A. Poe. Tot l\u0092&#039;inter\u00e8s i la gr\u00e0cia de la novel\u00b7la \u00e9s veure com se les va compondre el criminal per escapolir-se d\u0092&#039;un \u00e0mbit en que totes les obertures apareixen tancades en el moment de descobrir-se el crim.\" \/>\n<meta property=\"og:url\" content=\"https:\/\/www.laertes.es\/ca\/llibre\/el-misteri-de-lhabitacio-groga\/\" \/>\n<meta property=\"og:site_name\" content=\"Laertes ediciones\" \/>\n<meta property=\"article:modified_time\" content=\"2023-05-05T07:03:57+00:00\" \/>\n<meta property=\"og:image\" content=\"https:\/\/www.laertes.es\/wp-content\/uploads\/2023\/01\/ARC051.webp\" \/>\n\t<meta property=\"og:image:width\" content=\"802\" \/>\n\t<meta property=\"og:image:height\" content=\"1200\" \/>\n\t<meta property=\"og:image:type\" content=\"image\/webp\" \/>\n<script type=\"application\/ld+json\" class=\"yoast-schema-graph\">{\"@context\":\"https:\\\/\\\/schema.org\",\"@graph\":[{\"@type\":\"WebPage\",\"@id\":\"https:\\\/\\\/www.laertes.es\\\/ca\\\/llibre\\\/el-misteri-de-lhabitacio-groga\\\/\",\"url\":\"https:\\\/\\\/www.laertes.es\\\/ca\\\/llibre\\\/el-misteri-de-lhabitacio-groga\\\/\",\"name\":\"El misteri de l'habitaci\u00f3 groga | Laertes ediciones\",\"isPartOf\":{\"@id\":\"https:\\\/\\\/www.laertes.es\\\/ca\\\/#website\"},\"primaryImageOfPage\":{\"@id\":\"https:\\\/\\\/www.laertes.es\\\/ca\\\/llibre\\\/el-misteri-de-lhabitacio-groga\\\/#primaryimage\"},\"image\":{\"@id\":\"https:\\\/\\\/www.laertes.es\\\/ca\\\/llibre\\\/el-misteri-de-lhabitacio-groga\\\/#primaryimage\"},\"thumbnailUrl\":\"https:\\\/\\\/www.laertes.es\\\/wp-content\\\/uploads\\\/2023\\\/01\\\/ARC051.webp\",\"datePublished\":\"2023-01-24T15:07:00+00:00\",\"dateModified\":\"2023-05-05T07:03:57+00:00\",\"breadcrumb\":{\"@id\":\"https:\\\/\\\/www.laertes.es\\\/ca\\\/llibre\\\/el-misteri-de-lhabitacio-groga\\\/#breadcrumb\"},\"inLanguage\":\"ca\",\"potentialAction\":[{\"@type\":\"ReadAction\",\"target\":[\"https:\\\/\\\/www.laertes.es\\\/ca\\\/llibre\\\/el-misteri-de-lhabitacio-groga\\\/\"]}]},{\"@type\":\"ImageObject\",\"inLanguage\":\"ca\",\"@id\":\"https:\\\/\\\/www.laertes.es\\\/ca\\\/llibre\\\/el-misteri-de-lhabitacio-groga\\\/#primaryimage\",\"url\":\"https:\\\/\\\/www.laertes.es\\\/wp-content\\\/uploads\\\/2023\\\/01\\\/ARC051.webp\",\"contentUrl\":\"https:\\\/\\\/www.laertes.es\\\/wp-content\\\/uploads\\\/2023\\\/01\\\/ARC051.webp\",\"width\":802,\"height\":1200,\"caption\":\"El misteri de l\u2019habitaci\u00f3 groga\"},{\"@type\":\"BreadcrumbList\",\"@id\":\"https:\\\/\\\/www.laertes.es\\\/ca\\\/llibre\\\/el-misteri-de-lhabitacio-groga\\\/#breadcrumb\",\"itemListElement\":[{\"@type\":\"ListItem\",\"position\":1,\"name\":\"Portada\",\"item\":\"https:\\\/\\\/www.laertes.es\\\/ca\\\/\"},{\"@type\":\"ListItem\",\"position\":2,\"name\":\"Tienda\",\"item\":\"https:\\\/\\\/www.laertes.es\\\/tienda\\\/\"},{\"@type\":\"ListItem\",\"position\":3,\"name\":\"El misteri de l&#8217;habitaci\u00f3 groga\"}]},{\"@type\":\"WebSite\",\"@id\":\"https:\\\/\\\/www.laertes.es\\\/ca\\\/#website\",\"url\":\"https:\\\/\\\/www.laertes.es\\\/ca\\\/\",\"name\":\"Laertes Ediciones\",\"description\":\"Editorial independiente desde 1975\",\"alternateName\":\"Laertes\",\"potentialAction\":[{\"@type\":\"SearchAction\",\"target\":{\"@type\":\"EntryPoint\",\"urlTemplate\":\"https:\\\/\\\/www.laertes.es\\\/ca\\\/?s={search_term_string}\"},\"query-input\":{\"@type\":\"PropertyValueSpecification\",\"valueRequired\":true,\"valueName\":\"search_term_string\"}}],\"inLanguage\":\"ca\"}]}<\/script>\n<!-- \/ Yoast SEO plugin. -->","yoast_head_json":{"title":"El misteri de l'habitaci\u00f3 groga | Laertes ediciones","robots":{"index":"index","follow":"follow","max-snippet":"max-snippet:-1","max-image-preview":"max-image-preview:large","max-video-preview":"max-video-preview:-1"},"canonical":"https:\/\/www.laertes.es\/ca\/llibre\/el-misteri-de-lhabitacio-groga\/","og_locale":"ca_ES","og_type":"article","og_title":"El misteri de l'habitaci\u00f3 groga | Laertes ediciones","og_description":"El misteri de l'\u0092Habitaci\u00f3 Groga \u00e9s considerada avui dia com una novel\u00b7la de misteri cl\u00e0ssica, d'\u0092un valor indiscutible; no podia faltar, doncs, en una col\u00b7lecci\u00f3 com \u00e9s ara \u0093l'\u0092Arc\u00e0\u0094. Aquesta obra de Gaston Leroux t\u00e9 com a punt de partida el t\u00f2pic del \u0093recinte tancat\u0094, t\u00edpic de la novel\u00b7la g\u00f2tica anglesa i portada al grau de perfecci\u00f3 m\u00e9s alt per Edgar A. Poe. Tot l\u0092'inter\u00e8s i la gr\u00e0cia de la novel\u00b7la \u00e9s veure com se les va compondre el criminal per escapolir-se d\u0092'un \u00e0mbit en que totes les obertures apareixen tancades en el moment de descobrir-se el crim.","og_url":"https:\/\/www.laertes.es\/ca\/llibre\/el-misteri-de-lhabitacio-groga\/","og_site_name":"Laertes ediciones","article_modified_time":"2023-05-05T07:03:57+00:00","og_image":[{"width":802,"height":1200,"url":"https:\/\/www.laertes.es\/wp-content\/uploads\/2023\/01\/ARC051.webp","type":"image\/webp"}],"schema":{"@context":"https:\/\/schema.org","@graph":[{"@type":"WebPage","@id":"https:\/\/www.laertes.es\/ca\/llibre\/el-misteri-de-lhabitacio-groga\/","url":"https:\/\/www.laertes.es\/ca\/llibre\/el-misteri-de-lhabitacio-groga\/","name":"El misteri de l'habitaci\u00f3 groga | Laertes ediciones","isPartOf":{"@id":"https:\/\/www.laertes.es\/ca\/#website"},"primaryImageOfPage":{"@id":"https:\/\/www.laertes.es\/ca\/llibre\/el-misteri-de-lhabitacio-groga\/#primaryimage"},"image":{"@id":"https:\/\/www.laertes.es\/ca\/llibre\/el-misteri-de-lhabitacio-groga\/#primaryimage"},"thumbnailUrl":"https:\/\/www.laertes.es\/wp-content\/uploads\/2023\/01\/ARC051.webp","datePublished":"2023-01-24T15:07:00+00:00","dateModified":"2023-05-05T07:03:57+00:00","breadcrumb":{"@id":"https:\/\/www.laertes.es\/ca\/llibre\/el-misteri-de-lhabitacio-groga\/#breadcrumb"},"inLanguage":"ca","potentialAction":[{"@type":"ReadAction","target":["https:\/\/www.laertes.es\/ca\/llibre\/el-misteri-de-lhabitacio-groga\/"]}]},{"@type":"ImageObject","inLanguage":"ca","@id":"https:\/\/www.laertes.es\/ca\/llibre\/el-misteri-de-lhabitacio-groga\/#primaryimage","url":"https:\/\/www.laertes.es\/wp-content\/uploads\/2023\/01\/ARC051.webp","contentUrl":"https:\/\/www.laertes.es\/wp-content\/uploads\/2023\/01\/ARC051.webp","width":802,"height":1200,"caption":"El misteri de l\u2019habitaci\u00f3 groga"},{"@type":"BreadcrumbList","@id":"https:\/\/www.laertes.es\/ca\/llibre\/el-misteri-de-lhabitacio-groga\/#breadcrumb","itemListElement":[{"@type":"ListItem","position":1,"name":"Portada","item":"https:\/\/www.laertes.es\/ca\/"},{"@type":"ListItem","position":2,"name":"Tienda","item":"https:\/\/www.laertes.es\/tienda\/"},{"@type":"ListItem","position":3,"name":"El misteri de l&#8217;habitaci\u00f3 groga"}]},{"@type":"WebSite","@id":"https:\/\/www.laertes.es\/ca\/#website","url":"https:\/\/www.laertes.es\/ca\/","name":"Laertes Ediciones","description":"Editorial independiente desde 1975","alternateName":"Laertes","potentialAction":[{"@type":"SearchAction","target":{"@type":"EntryPoint","urlTemplate":"https:\/\/www.laertes.es\/ca\/?s={search_term_string}"},"query-input":{"@type":"PropertyValueSpecification","valueRequired":true,"valueName":"search_term_string"}}],"inLanguage":"ca"}]}},"_links":{"self":[{"href":"https:\/\/www.laertes.es\/ca\/wp-json\/wp\/v2\/product\/11888","targetHints":{"allow":["GET"]}}],"collection":[{"href":"https:\/\/www.laertes.es\/ca\/wp-json\/wp\/v2\/product"}],"about":[{"href":"https:\/\/www.laertes.es\/ca\/wp-json\/wp\/v2\/types\/product"}],"version-history":[{"count":1,"href":"https:\/\/www.laertes.es\/ca\/wp-json\/wp\/v2\/product\/11888\/revisions"}],"predecessor-version":[{"id":13280,"href":"https:\/\/www.laertes.es\/ca\/wp-json\/wp\/v2\/product\/11888\/revisions\/13280"}],"wp:featuredmedia":[{"embeddable":true,"href":"https:\/\/www.laertes.es\/ca\/wp-json\/wp\/v2\/media\/13278"}],"wp:attachment":[{"href":"https:\/\/www.laertes.es\/ca\/wp-json\/wp\/v2\/media?parent=11888"}],"wp:term":[{"taxonomy":"product_brand","embeddable":true,"href":"https:\/\/www.laertes.es\/ca\/wp-json\/wp\/v2\/product_brand?post=11888"},{"taxonomy":"product_cat","embeddable":true,"href":"https:\/\/www.laertes.es\/ca\/wp-json\/wp\/v2\/product_cat?post=11888"},{"taxonomy":"product_tag","embeddable":true,"href":"https:\/\/www.laertes.es\/ca\/wp-json\/wp\/v2\/product_tag?post=11888"},{"taxonomy":"autores","embeddable":true,"href":"https:\/\/www.laertes.es\/ca\/wp-json\/wp\/v2\/autores?post=11888"},{"taxonomy":"formatos","embeddable":true,"href":"https:\/\/www.laertes.es\/ca\/wp-json\/wp\/v2\/formatos?post=11888"},{"taxonomy":"materias","embeddable":true,"href":"https:\/\/www.laertes.es\/ca\/wp-json\/wp\/v2\/materias?post=11888"}],"curies":[{"name":"wp","href":"https:\/\/api.w.org\/{rel}","templated":true}]}}