{"id":11887,"date":"2023-01-24T15:07:00","date_gmt":"2023-01-24T15:07:00","guid":{"rendered":"https:\/libro\/les-aventures-del-professor-challenger\/"},"modified":"2023-01-24T15:07:00","modified_gmt":"2023-01-24T15:07:00","slug":"les-aventures-del-professor-challenger","status":"publish","type":"product","link":"https:\/\/www.laertes.es\/ca\/llibre\/les-aventures-del-professor-challenger\/","title":{"rendered":"Les aventures del professor Challenger"},"content":{"rendered":"","protected":false},"excerpt":{"rendered":"<p>Sir Arthur Conan Doyle (1859-1930) t\u00e9 a la seva galeria de personatges, a&#8217; m\u00e9s de l&#8217;insuperable Sherlock Holmes, l&#8217;exc\u00e8ntric professor Challenger, de qui, tal com li havia passat amb el fam\u00f3s detectiu de Baker Street, pressionat per editors i lectores, no va poder evitar d&#8217;allargar-ne les aventures. En aquestes que es presenten aqu\u00ed, el singular professor Challenger reuneix una vegada m\u00e9s unes caracter\u00edstiques semblants a les del seu il\u00b7lustre predecessor: mal humor cr\u00f2nic, \u00abjustificat> menyspreu envers els periodistes \u2014cosa que, paradoxalment, no impedeix que sigui precisament un periodista, Ted Malone, el cronista de les seves estrafol\u00e0ries aventures\u2014, divertit racisme, vocaci\u00f3 redemptora del g\u00e8nere hum\u00e0 i megalomania carism\u00e0tica. Amb tot, i a pesar d&#8217;ell mateix, el professor Challenger esdev\u00e9, als ulls del lector, un personatge entranyable, potser per l&#8217;obstinat distanciament de la vida real tan car al tarann\u00e0 brit\u00e0nic, assimilat al mode de ser victori\u00e0. En aquestes Aventures del professor Challenger, tornem a trobar-nos amb dos vells amics: l&#8217;esc\u00e8ptic i antag\u00f2nic professor Summerlee i l&#8217;aristocr\u00e0tic aventurer Lord John Roxton, que ajudar\u00e0 el protagonista \u2014igual que en El m\u00f3n perdut\u2014 a aclarir els misteris \u2014uns udols que provenen del fons m\u00e9s profund de la Terra\u2014 i els perills \u2014una intoxicaci\u00f3 general de Londres i una m\u00e0quina desintegradora\u2014 que amenacen la societat.<\/p>\n","protected":false},"featured_media":9954,"template":"","meta":[],"product_brand":[],"product_cat":[296],"product_tag":[],"autores":[388],"formatos":[355],"materias":[356],"class_list":{"0":"post-11887","1":"product","2":"type-product","3":"status-publish","4":"has-post-thumbnail","6":"product_cat-larca-ca","7":"autores-doyle-sir-arthur-conan-ca","8":"formatos-llibre","9":"materias-cuentos-clasicos-de-generos-fantasticos-ca","11":"first","12":"instock","13":"purchasable","14":"product-type-simple"},"yoast_head":"<!-- This site is optimized with the Yoast SEO plugin v27.4 - https:\/\/yoast.com\/product\/yoast-seo-wordpress\/ -->\n<title>Les aventures del professor Challenger | Laertes ediciones<\/title>\n<meta name=\"robots\" content=\"index, follow, max-snippet:-1, max-image-preview:large, max-video-preview:-1\" \/>\n<link rel=\"canonical\" href=\"https:\/\/www.laertes.es\/ca\/llibre\/les-aventures-del-professor-challenger\/\" \/>\n<meta property=\"og:locale\" content=\"ca_ES\" \/>\n<meta property=\"og:type\" content=\"article\" \/>\n<meta property=\"og:title\" content=\"Les aventures del professor Challenger | Laertes ediciones\" \/>\n<meta property=\"og:description\" content=\"Sir Arthur Conan Doyle (1859-1930) t\u00e9 a la seva galeria de personatges, a&#039; m\u00e9s de l&#039;insuperable Sherlock Holmes, l&#039;exc\u00e8ntric professor Challenger, de qui, tal com li havia passat amb el fam\u00f3s detectiu de Baker Street, pressionat per editors i lectores, no va poder evitar d&#039;allargar-ne les aventures. En aquestes que es presenten aqu\u00ed, el singular professor Challenger reuneix una vegada m\u00e9s unes caracter\u00edstiques semblants a les del seu il\u00b7lustre predecessor: mal humor cr\u00f2nic, \u00abjustificat&gt; menyspreu envers els periodistes \u2014cosa que, paradoxalment, no impedeix que sigui precisament un periodista, Ted Malone, el cronista de les seves estrafol\u00e0ries aventures\u2014, divertit racisme, vocaci\u00f3 redemptora del g\u00e8nere hum\u00e0 i megalomania carism\u00e0tica. Amb tot, i a pesar d&#039;ell mateix, el professor Challenger esdev\u00e9, als ulls del lector, un personatge entranyable, potser per l&#039;obstinat distanciament de la vida real tan car al tarann\u00e0 brit\u00e0nic, assimilat al mode de ser victori\u00e0. En aquestes Aventures del professor Challenger, tornem a trobar-nos amb dos vells amics: l&#039;esc\u00e8ptic i antag\u00f2nic professor Summerlee i l&#039;aristocr\u00e0tic aventurer Lord John Roxton, que ajudar\u00e0 el protagonista \u2014igual que en El m\u00f3n perdut\u2014 a aclarir els misteris \u2014uns udols que provenen del fons m\u00e9s profund de la Terra\u2014 i els perills \u2014una intoxicaci\u00f3 general de Londres i una m\u00e0quina desintegradora\u2014 que amenacen la societat.\" \/>\n<meta property=\"og:url\" content=\"https:\/\/www.laertes.es\/ca\/llibre\/les-aventures-del-professor-challenger\/\" \/>\n<meta property=\"og:site_name\" content=\"Laertes ediciones\" \/>\n<meta property=\"og:image\" content=\"https:\/\/aliceblue-magpie-467488.hostingersite.com\/wp-content\/uploads\/2023\/01\/9788475841359.jpg\" \/>\n\t<meta property=\"og:image:width\" content=\"727\" \/>\n\t<meta property=\"og:image:height\" content=\"1142\" \/>\n\t<meta property=\"og:image:type\" content=\"image\/jpeg\" \/>\n<script type=\"application\/ld+json\" class=\"yoast-schema-graph\">{\"@context\":\"https:\\\/\\\/schema.org\",\"@graph\":[{\"@type\":\"WebPage\",\"@id\":\"https:\\\/\\\/www.laertes.es\\\/ca\\\/llibre\\\/les-aventures-del-professor-challenger\\\/\",\"url\":\"https:\\\/\\\/www.laertes.es\\\/ca\\\/llibre\\\/les-aventures-del-professor-challenger\\\/\",\"name\":\"Les aventures del professor Challenger | Laertes ediciones\",\"isPartOf\":{\"@id\":\"https:\\\/\\\/www.laertes.es\\\/ca\\\/#website\"},\"primaryImageOfPage\":{\"@id\":\"https:\\\/\\\/www.laertes.es\\\/ca\\\/llibre\\\/les-aventures-del-professor-challenger\\\/#primaryimage\"},\"image\":{\"@id\":\"https:\\\/\\\/www.laertes.es\\\/ca\\\/llibre\\\/les-aventures-del-professor-challenger\\\/#primaryimage\"},\"thumbnailUrl\":\"https:\\\/\\\/www.laertes.es\\\/wp-content\\\/uploads\\\/2023\\\/01\\\/9788475841359.jpg\",\"datePublished\":\"2023-01-24T15:07:00+00:00\",\"breadcrumb\":{\"@id\":\"https:\\\/\\\/www.laertes.es\\\/ca\\\/llibre\\\/les-aventures-del-professor-challenger\\\/#breadcrumb\"},\"inLanguage\":\"ca\",\"potentialAction\":[{\"@type\":\"ReadAction\",\"target\":[\"https:\\\/\\\/www.laertes.es\\\/ca\\\/llibre\\\/les-aventures-del-professor-challenger\\\/\"]}]},{\"@type\":\"ImageObject\",\"inLanguage\":\"ca\",\"@id\":\"https:\\\/\\\/www.laertes.es\\\/ca\\\/llibre\\\/les-aventures-del-professor-challenger\\\/#primaryimage\",\"url\":\"https:\\\/\\\/www.laertes.es\\\/wp-content\\\/uploads\\\/2023\\\/01\\\/9788475841359.jpg\",\"contentUrl\":\"https:\\\/\\\/www.laertes.es\\\/wp-content\\\/uploads\\\/2023\\\/01\\\/9788475841359.jpg\",\"width\":727,\"height\":1142},{\"@type\":\"BreadcrumbList\",\"@id\":\"https:\\\/\\\/www.laertes.es\\\/ca\\\/llibre\\\/les-aventures-del-professor-challenger\\\/#breadcrumb\",\"itemListElement\":[{\"@type\":\"ListItem\",\"position\":1,\"name\":\"Portada\",\"item\":\"https:\\\/\\\/www.laertes.es\\\/ca\\\/\"},{\"@type\":\"ListItem\",\"position\":2,\"name\":\"Tienda\",\"item\":\"https:\\\/\\\/www.laertes.es\\\/tienda\\\/\"},{\"@type\":\"ListItem\",\"position\":3,\"name\":\"Les aventures del professor Challenger\"}]},{\"@type\":\"WebSite\",\"@id\":\"https:\\\/\\\/www.laertes.es\\\/ca\\\/#website\",\"url\":\"https:\\\/\\\/www.laertes.es\\\/ca\\\/\",\"name\":\"Laertes Ediciones\",\"description\":\"Editorial independiente desde 1975\",\"alternateName\":\"Laertes\",\"potentialAction\":[{\"@type\":\"SearchAction\",\"target\":{\"@type\":\"EntryPoint\",\"urlTemplate\":\"https:\\\/\\\/www.laertes.es\\\/ca\\\/?s={search_term_string}\"},\"query-input\":{\"@type\":\"PropertyValueSpecification\",\"valueRequired\":true,\"valueName\":\"search_term_string\"}}],\"inLanguage\":\"ca\"}]}<\/script>\n<!-- \/ Yoast SEO plugin. -->","yoast_head_json":{"title":"Les aventures del professor Challenger | Laertes ediciones","robots":{"index":"index","follow":"follow","max-snippet":"max-snippet:-1","max-image-preview":"max-image-preview:large","max-video-preview":"max-video-preview:-1"},"canonical":"https:\/\/www.laertes.es\/ca\/llibre\/les-aventures-del-professor-challenger\/","og_locale":"ca_ES","og_type":"article","og_title":"Les aventures del professor Challenger | Laertes ediciones","og_description":"Sir Arthur Conan Doyle (1859-1930) t\u00e9 a la seva galeria de personatges, a' m\u00e9s de l'insuperable Sherlock Holmes, l'exc\u00e8ntric professor Challenger, de qui, tal com li havia passat amb el fam\u00f3s detectiu de Baker Street, pressionat per editors i lectores, no va poder evitar d'allargar-ne les aventures. En aquestes que es presenten aqu\u00ed, el singular professor Challenger reuneix una vegada m\u00e9s unes caracter\u00edstiques semblants a les del seu il\u00b7lustre predecessor: mal humor cr\u00f2nic, \u00abjustificat> menyspreu envers els periodistes \u2014cosa que, paradoxalment, no impedeix que sigui precisament un periodista, Ted Malone, el cronista de les seves estrafol\u00e0ries aventures\u2014, divertit racisme, vocaci\u00f3 redemptora del g\u00e8nere hum\u00e0 i megalomania carism\u00e0tica. Amb tot, i a pesar d'ell mateix, el professor Challenger esdev\u00e9, als ulls del lector, un personatge entranyable, potser per l'obstinat distanciament de la vida real tan car al tarann\u00e0 brit\u00e0nic, assimilat al mode de ser victori\u00e0. En aquestes Aventures del professor Challenger, tornem a trobar-nos amb dos vells amics: l'esc\u00e8ptic i antag\u00f2nic professor Summerlee i l'aristocr\u00e0tic aventurer Lord John Roxton, que ajudar\u00e0 el protagonista \u2014igual que en El m\u00f3n perdut\u2014 a aclarir els misteris \u2014uns udols que provenen del fons m\u00e9s profund de la Terra\u2014 i els perills \u2014una intoxicaci\u00f3 general de Londres i una m\u00e0quina desintegradora\u2014 que amenacen la societat.","og_url":"https:\/\/www.laertes.es\/ca\/llibre\/les-aventures-del-professor-challenger\/","og_site_name":"Laertes ediciones","og_image":[{"width":727,"height":1142,"url":"https:\/\/aliceblue-magpie-467488.hostingersite.com\/wp-content\/uploads\/2023\/01\/9788475841359.jpg","type":"image\/jpeg"}],"schema":{"@context":"https:\/\/schema.org","@graph":[{"@type":"WebPage","@id":"https:\/\/www.laertes.es\/ca\/llibre\/les-aventures-del-professor-challenger\/","url":"https:\/\/www.laertes.es\/ca\/llibre\/les-aventures-del-professor-challenger\/","name":"Les aventures del professor Challenger | Laertes ediciones","isPartOf":{"@id":"https:\/\/www.laertes.es\/ca\/#website"},"primaryImageOfPage":{"@id":"https:\/\/www.laertes.es\/ca\/llibre\/les-aventures-del-professor-challenger\/#primaryimage"},"image":{"@id":"https:\/\/www.laertes.es\/ca\/llibre\/les-aventures-del-professor-challenger\/#primaryimage"},"thumbnailUrl":"https:\/\/www.laertes.es\/wp-content\/uploads\/2023\/01\/9788475841359.jpg","datePublished":"2023-01-24T15:07:00+00:00","breadcrumb":{"@id":"https:\/\/www.laertes.es\/ca\/llibre\/les-aventures-del-professor-challenger\/#breadcrumb"},"inLanguage":"ca","potentialAction":[{"@type":"ReadAction","target":["https:\/\/www.laertes.es\/ca\/llibre\/les-aventures-del-professor-challenger\/"]}]},{"@type":"ImageObject","inLanguage":"ca","@id":"https:\/\/www.laertes.es\/ca\/llibre\/les-aventures-del-professor-challenger\/#primaryimage","url":"https:\/\/www.laertes.es\/wp-content\/uploads\/2023\/01\/9788475841359.jpg","contentUrl":"https:\/\/www.laertes.es\/wp-content\/uploads\/2023\/01\/9788475841359.jpg","width":727,"height":1142},{"@type":"BreadcrumbList","@id":"https:\/\/www.laertes.es\/ca\/llibre\/les-aventures-del-professor-challenger\/#breadcrumb","itemListElement":[{"@type":"ListItem","position":1,"name":"Portada","item":"https:\/\/www.laertes.es\/ca\/"},{"@type":"ListItem","position":2,"name":"Tienda","item":"https:\/\/www.laertes.es\/tienda\/"},{"@type":"ListItem","position":3,"name":"Les aventures del professor Challenger"}]},{"@type":"WebSite","@id":"https:\/\/www.laertes.es\/ca\/#website","url":"https:\/\/www.laertes.es\/ca\/","name":"Laertes Ediciones","description":"Editorial independiente desde 1975","alternateName":"Laertes","potentialAction":[{"@type":"SearchAction","target":{"@type":"EntryPoint","urlTemplate":"https:\/\/www.laertes.es\/ca\/?s={search_term_string}"},"query-input":{"@type":"PropertyValueSpecification","valueRequired":true,"valueName":"search_term_string"}}],"inLanguage":"ca"}]}},"_links":{"self":[{"href":"https:\/\/www.laertes.es\/ca\/wp-json\/wp\/v2\/product\/11887","targetHints":{"allow":["GET"]}}],"collection":[{"href":"https:\/\/www.laertes.es\/ca\/wp-json\/wp\/v2\/product"}],"about":[{"href":"https:\/\/www.laertes.es\/ca\/wp-json\/wp\/v2\/types\/product"}],"version-history":[{"count":0,"href":"https:\/\/www.laertes.es\/ca\/wp-json\/wp\/v2\/product\/11887\/revisions"}],"wp:featuredmedia":[{"embeddable":true,"href":"https:\/\/www.laertes.es\/ca\/wp-json\/wp\/v2\/media\/9954"}],"wp:attachment":[{"href":"https:\/\/www.laertes.es\/ca\/wp-json\/wp\/v2\/media?parent=11887"}],"wp:term":[{"taxonomy":"product_brand","embeddable":true,"href":"https:\/\/www.laertes.es\/ca\/wp-json\/wp\/v2\/product_brand?post=11887"},{"taxonomy":"product_cat","embeddable":true,"href":"https:\/\/www.laertes.es\/ca\/wp-json\/wp\/v2\/product_cat?post=11887"},{"taxonomy":"product_tag","embeddable":true,"href":"https:\/\/www.laertes.es\/ca\/wp-json\/wp\/v2\/product_tag?post=11887"},{"taxonomy":"autores","embeddable":true,"href":"https:\/\/www.laertes.es\/ca\/wp-json\/wp\/v2\/autores?post=11887"},{"taxonomy":"formatos","embeddable":true,"href":"https:\/\/www.laertes.es\/ca\/wp-json\/wp\/v2\/formatos?post=11887"},{"taxonomy":"materias","embeddable":true,"href":"https:\/\/www.laertes.es\/ca\/wp-json\/wp\/v2\/materias?post=11887"}],"curies":[{"name":"wp","href":"https:\/\/api.w.org\/{rel}","templated":true}]}}