{"id":11886,"date":"2023-01-24T15:07:00","date_gmt":"2023-01-24T15:07:00","guid":{"rendered":"https:\/libro\/els-darrers-aplaudiments\/"},"modified":"2023-12-14T08:23:56","modified_gmt":"2023-12-14T08:23:56","slug":"els-darrers-aplaudiments","status":"publish","type":"product","link":"https:\/\/www.laertes.es\/ca\/llibre\/els-darrers-aplaudiments\/","title":{"rendered":"Els darrers aplaudiments"},"content":{"rendered":"","protected":false},"excerpt":{"rendered":"<p>El 1917, dotze anys despr\u00e9s de la publicaci\u00f3 del seu \u00faltim llibre de relats. El retorn de Sherlock Holmes (n\u00fams. 45 i 48 d&#8217;aquesta mateixa col\u00b7lecci\u00f3), Sir Arthur Conan Doyle recopila els \u00faltims vuit casos sota el t\u00edtol d&#8217;Els darrers aplaudiments (His Last Bow), en clara refer\u00e8ncia a l&#8217;\u00faltima sortida d&#8217;un actor Conan Doyle) a rebre els \u00faltims aplaudiments dels espectadors (els seus lectors) i anunciant-los la seva retirada, i prometent-los que en el futur no tornar\u00e0 a apar\u00e8ixer m\u00e9s en p\u00fablic (fi de la s\u00e8rie Sherlock Holmes). Com sabem molt b\u00e9, per\u00f2, la cosa no va ser pas aix\u00ed, ja que aquesta retirada definitiva no es produiria fins al cap de deu anys, en qu\u00e8 nen fregaria la darrera part amb els Diaris de Sherlock Holmes.  En aquests relats \u00abWisteria Lodge\u00bb, \u00abLa capsa de cartolina\u00bb (on una dama rep una estranya capsa amb dues orelles a  dins), \u00abEl cercle roig\u00bb (amb un estrany llogater que no surt de l&#8217;habitaci\u00f3 i demana les coses per escrit), \u00abEls pl\u00e0nols del Bruce- Partington\u00bb (sobre la desaparici\u00f3 dels pl\u00e0nols d&#8217;un submar\u00ed), \u00abEl detectiu moribund\u00bb, \u00abLa desaparici\u00f3 de Lady Franc\u00e9s Carfax\u00bb, \u00abEl peu del diable\u00bb i \u00abEls darrers aplaudiments\u00bb, Sherlock Holmes se situa, en algun cas, clarament en els l\u00edmits de la llei, deixant de banda el fair play que se li suposa a un detectiu a les postrimeries victorianes. Premonici\u00f3 dels futurs detectius que actuaran segons el dictat de la seva consci\u00e8ncia professional per damunt de les normes policials, Sherlock Holmes no dubta, i no ens ha pas d&#8217;estranyar a nosaltres m\u00e9s que a Watson, de crear proves noves quan creu que el seu client \u00e9s innocent, o b\u00e9 de manipular-les, si es tracta de castigar un culpable.<\/p>\n","protected":false},"featured_media":9972,"template":"","meta":[],"product_brand":[],"product_cat":[296],"product_tag":[],"autores":[388],"formatos":[355],"materias":[356],"class_list":{"0":"post-11886","1":"product","2":"type-product","3":"status-publish","4":"has-post-thumbnail","6":"product_cat-larca-ca","7":"autores-doyle-sir-arthur-conan-ca","8":"formatos-llibre","9":"materias-cuentos-clasicos-de-generos-fantasticos-ca","11":"first","12":"outofstock","13":"purchasable","14":"product-type-simple"},"yoast_head":"<!-- This site is optimized with the Yoast SEO plugin v27.4 - https:\/\/yoast.com\/product\/yoast-seo-wordpress\/ -->\n<title>Els darrers aplaudiments | Laertes ediciones<\/title>\n<meta name=\"robots\" content=\"index, follow, max-snippet:-1, max-image-preview:large, max-video-preview:-1\" \/>\n<link rel=\"canonical\" href=\"https:\/\/www.laertes.es\/ca\/llibre\/els-darrers-aplaudiments\/\" \/>\n<meta property=\"og:locale\" content=\"ca_ES\" \/>\n<meta property=\"og:type\" content=\"article\" \/>\n<meta property=\"og:title\" content=\"Els darrers aplaudiments | Laertes ediciones\" \/>\n<meta property=\"og:description\" content=\"El 1917, dotze anys despr\u00e9s de la publicaci\u00f3 del seu \u00faltim llibre de relats. El retorn de Sherlock Holmes (n\u00fams. 45 i 48 d&#039;aquesta mateixa col\u00b7lecci\u00f3), Sir Arthur Conan Doyle recopila els \u00faltims vuit casos sota el t\u00edtol d&#039;Els darrers aplaudiments (His Last Bow), en clara refer\u00e8ncia a l&#039;\u00faltima sortida d&#039;un actor Conan Doyle) a rebre els \u00faltims aplaudiments dels espectadors (els seus lectors) i anunciant-los la seva retirada, i prometent-los que en el futur no tornar\u00e0 a apar\u00e8ixer m\u00e9s en p\u00fablic (fi de la s\u00e8rie Sherlock Holmes). Com sabem molt b\u00e9, per\u00f2, la cosa no va ser pas aix\u00ed, ja que aquesta retirada definitiva no es produiria fins al cap de deu anys, en qu\u00e8 nen fregaria la darrera part amb els Diaris de Sherlock Holmes. En aquests relats \u00abWisteria Lodge\u00bb, \u00abLa capsa de cartolina\u00bb (on una dama rep una estranya capsa amb dues orelles a dins), \u00abEl cercle roig\u00bb (amb un estrany llogater que no surt de l&#039;habitaci\u00f3 i demana les coses per escrit), \u00abEls pl\u00e0nols del Bruce- Partington\u00bb (sobre la desaparici\u00f3 dels pl\u00e0nols d&#039;un submar\u00ed), \u00abEl detectiu moribund\u00bb, \u00abLa desaparici\u00f3 de Lady Franc\u00e9s Carfax\u00bb, \u00abEl peu del diable\u00bb i \u00abEls darrers aplaudiments\u00bb, Sherlock Holmes se situa, en algun cas, clarament en els l\u00edmits de la llei, deixant de banda el fair play que se li suposa a un detectiu a les postrimeries victorianes. Premonici\u00f3 dels futurs detectius que actuaran segons el dictat de la seva consci\u00e8ncia professional per damunt de les normes policials, Sherlock Holmes no dubta, i no ens ha pas d&#039;estranyar a nosaltres m\u00e9s que a Watson, de crear proves noves quan creu que el seu client \u00e9s innocent, o b\u00e9 de manipular-les, si es tracta de castigar un culpable.\" \/>\n<meta property=\"og:url\" content=\"https:\/\/www.laertes.es\/ca\/llibre\/els-darrers-aplaudiments\/\" \/>\n<meta property=\"og:site_name\" content=\"Laertes ediciones\" \/>\n<meta property=\"article:modified_time\" content=\"2023-12-14T08:23:56+00:00\" \/>\n<meta property=\"og:image\" content=\"https:\/\/aliceblue-magpie-467488.hostingersite.com\/wp-content\/uploads\/2023\/01\/9788475841670.jpg\" \/>\n\t<meta property=\"og:image:width\" content=\"727\" \/>\n\t<meta property=\"og:image:height\" content=\"1163\" \/>\n\t<meta property=\"og:image:type\" content=\"image\/jpeg\" \/>\n<script type=\"application\/ld+json\" class=\"yoast-schema-graph\">{\"@context\":\"https:\\\/\\\/schema.org\",\"@graph\":[{\"@type\":\"WebPage\",\"@id\":\"https:\\\/\\\/www.laertes.es\\\/ca\\\/llibre\\\/els-darrers-aplaudiments\\\/\",\"url\":\"https:\\\/\\\/www.laertes.es\\\/ca\\\/llibre\\\/els-darrers-aplaudiments\\\/\",\"name\":\"Els darrers aplaudiments | Laertes ediciones\",\"isPartOf\":{\"@id\":\"https:\\\/\\\/www.laertes.es\\\/ca\\\/#website\"},\"primaryImageOfPage\":{\"@id\":\"https:\\\/\\\/www.laertes.es\\\/ca\\\/llibre\\\/els-darrers-aplaudiments\\\/#primaryimage\"},\"image\":{\"@id\":\"https:\\\/\\\/www.laertes.es\\\/ca\\\/llibre\\\/els-darrers-aplaudiments\\\/#primaryimage\"},\"thumbnailUrl\":\"https:\\\/\\\/www.laertes.es\\\/wp-content\\\/uploads\\\/2023\\\/01\\\/9788475841670.jpg\",\"datePublished\":\"2023-01-24T15:07:00+00:00\",\"dateModified\":\"2023-12-14T08:23:56+00:00\",\"breadcrumb\":{\"@id\":\"https:\\\/\\\/www.laertes.es\\\/ca\\\/llibre\\\/els-darrers-aplaudiments\\\/#breadcrumb\"},\"inLanguage\":\"ca\",\"potentialAction\":[{\"@type\":\"ReadAction\",\"target\":[\"https:\\\/\\\/www.laertes.es\\\/ca\\\/llibre\\\/els-darrers-aplaudiments\\\/\"]}]},{\"@type\":\"ImageObject\",\"inLanguage\":\"ca\",\"@id\":\"https:\\\/\\\/www.laertes.es\\\/ca\\\/llibre\\\/els-darrers-aplaudiments\\\/#primaryimage\",\"url\":\"https:\\\/\\\/www.laertes.es\\\/wp-content\\\/uploads\\\/2023\\\/01\\\/9788475841670.jpg\",\"contentUrl\":\"https:\\\/\\\/www.laertes.es\\\/wp-content\\\/uploads\\\/2023\\\/01\\\/9788475841670.jpg\",\"width\":727,\"height\":1163},{\"@type\":\"BreadcrumbList\",\"@id\":\"https:\\\/\\\/www.laertes.es\\\/ca\\\/llibre\\\/els-darrers-aplaudiments\\\/#breadcrumb\",\"itemListElement\":[{\"@type\":\"ListItem\",\"position\":1,\"name\":\"Portada\",\"item\":\"https:\\\/\\\/www.laertes.es\\\/ca\\\/\"},{\"@type\":\"ListItem\",\"position\":2,\"name\":\"Tienda\",\"item\":\"https:\\\/\\\/www.laertes.es\\\/tienda\\\/\"},{\"@type\":\"ListItem\",\"position\":3,\"name\":\"Els darrers aplaudiments\"}]},{\"@type\":\"WebSite\",\"@id\":\"https:\\\/\\\/www.laertes.es\\\/ca\\\/#website\",\"url\":\"https:\\\/\\\/www.laertes.es\\\/ca\\\/\",\"name\":\"Laertes Ediciones\",\"description\":\"Editorial independiente desde 1975\",\"alternateName\":\"Laertes\",\"potentialAction\":[{\"@type\":\"SearchAction\",\"target\":{\"@type\":\"EntryPoint\",\"urlTemplate\":\"https:\\\/\\\/www.laertes.es\\\/ca\\\/?s={search_term_string}\"},\"query-input\":{\"@type\":\"PropertyValueSpecification\",\"valueRequired\":true,\"valueName\":\"search_term_string\"}}],\"inLanguage\":\"ca\"}]}<\/script>\n<!-- \/ Yoast SEO plugin. -->","yoast_head_json":{"title":"Els darrers aplaudiments | Laertes ediciones","robots":{"index":"index","follow":"follow","max-snippet":"max-snippet:-1","max-image-preview":"max-image-preview:large","max-video-preview":"max-video-preview:-1"},"canonical":"https:\/\/www.laertes.es\/ca\/llibre\/els-darrers-aplaudiments\/","og_locale":"ca_ES","og_type":"article","og_title":"Els darrers aplaudiments | Laertes ediciones","og_description":"El 1917, dotze anys despr\u00e9s de la publicaci\u00f3 del seu \u00faltim llibre de relats. El retorn de Sherlock Holmes (n\u00fams. 45 i 48 d'aquesta mateixa col\u00b7lecci\u00f3), Sir Arthur Conan Doyle recopila els \u00faltims vuit casos sota el t\u00edtol d'Els darrers aplaudiments (His Last Bow), en clara refer\u00e8ncia a l'\u00faltima sortida d'un actor Conan Doyle) a rebre els \u00faltims aplaudiments dels espectadors (els seus lectors) i anunciant-los la seva retirada, i prometent-los que en el futur no tornar\u00e0 a apar\u00e8ixer m\u00e9s en p\u00fablic (fi de la s\u00e8rie Sherlock Holmes). Com sabem molt b\u00e9, per\u00f2, la cosa no va ser pas aix\u00ed, ja que aquesta retirada definitiva no es produiria fins al cap de deu anys, en qu\u00e8 nen fregaria la darrera part amb els Diaris de Sherlock Holmes. En aquests relats \u00abWisteria Lodge\u00bb, \u00abLa capsa de cartolina\u00bb (on una dama rep una estranya capsa amb dues orelles a dins), \u00abEl cercle roig\u00bb (amb un estrany llogater que no surt de l'habitaci\u00f3 i demana les coses per escrit), \u00abEls pl\u00e0nols del Bruce- Partington\u00bb (sobre la desaparici\u00f3 dels pl\u00e0nols d'un submar\u00ed), \u00abEl detectiu moribund\u00bb, \u00abLa desaparici\u00f3 de Lady Franc\u00e9s Carfax\u00bb, \u00abEl peu del diable\u00bb i \u00abEls darrers aplaudiments\u00bb, Sherlock Holmes se situa, en algun cas, clarament en els l\u00edmits de la llei, deixant de banda el fair play que se li suposa a un detectiu a les postrimeries victorianes. Premonici\u00f3 dels futurs detectius que actuaran segons el dictat de la seva consci\u00e8ncia professional per damunt de les normes policials, Sherlock Holmes no dubta, i no ens ha pas d'estranyar a nosaltres m\u00e9s que a Watson, de crear proves noves quan creu que el seu client \u00e9s innocent, o b\u00e9 de manipular-les, si es tracta de castigar un culpable.","og_url":"https:\/\/www.laertes.es\/ca\/llibre\/els-darrers-aplaudiments\/","og_site_name":"Laertes ediciones","article_modified_time":"2023-12-14T08:23:56+00:00","og_image":[{"width":727,"height":1163,"url":"https:\/\/aliceblue-magpie-467488.hostingersite.com\/wp-content\/uploads\/2023\/01\/9788475841670.jpg","type":"image\/jpeg"}],"schema":{"@context":"https:\/\/schema.org","@graph":[{"@type":"WebPage","@id":"https:\/\/www.laertes.es\/ca\/llibre\/els-darrers-aplaudiments\/","url":"https:\/\/www.laertes.es\/ca\/llibre\/els-darrers-aplaudiments\/","name":"Els darrers aplaudiments | Laertes ediciones","isPartOf":{"@id":"https:\/\/www.laertes.es\/ca\/#website"},"primaryImageOfPage":{"@id":"https:\/\/www.laertes.es\/ca\/llibre\/els-darrers-aplaudiments\/#primaryimage"},"image":{"@id":"https:\/\/www.laertes.es\/ca\/llibre\/els-darrers-aplaudiments\/#primaryimage"},"thumbnailUrl":"https:\/\/www.laertes.es\/wp-content\/uploads\/2023\/01\/9788475841670.jpg","datePublished":"2023-01-24T15:07:00+00:00","dateModified":"2023-12-14T08:23:56+00:00","breadcrumb":{"@id":"https:\/\/www.laertes.es\/ca\/llibre\/els-darrers-aplaudiments\/#breadcrumb"},"inLanguage":"ca","potentialAction":[{"@type":"ReadAction","target":["https:\/\/www.laertes.es\/ca\/llibre\/els-darrers-aplaudiments\/"]}]},{"@type":"ImageObject","inLanguage":"ca","@id":"https:\/\/www.laertes.es\/ca\/llibre\/els-darrers-aplaudiments\/#primaryimage","url":"https:\/\/www.laertes.es\/wp-content\/uploads\/2023\/01\/9788475841670.jpg","contentUrl":"https:\/\/www.laertes.es\/wp-content\/uploads\/2023\/01\/9788475841670.jpg","width":727,"height":1163},{"@type":"BreadcrumbList","@id":"https:\/\/www.laertes.es\/ca\/llibre\/els-darrers-aplaudiments\/#breadcrumb","itemListElement":[{"@type":"ListItem","position":1,"name":"Portada","item":"https:\/\/www.laertes.es\/ca\/"},{"@type":"ListItem","position":2,"name":"Tienda","item":"https:\/\/www.laertes.es\/tienda\/"},{"@type":"ListItem","position":3,"name":"Els darrers aplaudiments"}]},{"@type":"WebSite","@id":"https:\/\/www.laertes.es\/ca\/#website","url":"https:\/\/www.laertes.es\/ca\/","name":"Laertes Ediciones","description":"Editorial independiente desde 1975","alternateName":"Laertes","potentialAction":[{"@type":"SearchAction","target":{"@type":"EntryPoint","urlTemplate":"https:\/\/www.laertes.es\/ca\/?s={search_term_string}"},"query-input":{"@type":"PropertyValueSpecification","valueRequired":true,"valueName":"search_term_string"}}],"inLanguage":"ca"}]}},"_links":{"self":[{"href":"https:\/\/www.laertes.es\/ca\/wp-json\/wp\/v2\/product\/11886","targetHints":{"allow":["GET"]}}],"collection":[{"href":"https:\/\/www.laertes.es\/ca\/wp-json\/wp\/v2\/product"}],"about":[{"href":"https:\/\/www.laertes.es\/ca\/wp-json\/wp\/v2\/types\/product"}],"version-history":[{"count":1,"href":"https:\/\/www.laertes.es\/ca\/wp-json\/wp\/v2\/product\/11886\/revisions"}],"predecessor-version":[{"id":15074,"href":"https:\/\/www.laertes.es\/ca\/wp-json\/wp\/v2\/product\/11886\/revisions\/15074"}],"wp:featuredmedia":[{"embeddable":true,"href":"https:\/\/www.laertes.es\/ca\/wp-json\/wp\/v2\/media\/9972"}],"wp:attachment":[{"href":"https:\/\/www.laertes.es\/ca\/wp-json\/wp\/v2\/media?parent=11886"}],"wp:term":[{"taxonomy":"product_brand","embeddable":true,"href":"https:\/\/www.laertes.es\/ca\/wp-json\/wp\/v2\/product_brand?post=11886"},{"taxonomy":"product_cat","embeddable":true,"href":"https:\/\/www.laertes.es\/ca\/wp-json\/wp\/v2\/product_cat?post=11886"},{"taxonomy":"product_tag","embeddable":true,"href":"https:\/\/www.laertes.es\/ca\/wp-json\/wp\/v2\/product_tag?post=11886"},{"taxonomy":"autores","embeddable":true,"href":"https:\/\/www.laertes.es\/ca\/wp-json\/wp\/v2\/autores?post=11886"},{"taxonomy":"formatos","embeddable":true,"href":"https:\/\/www.laertes.es\/ca\/wp-json\/wp\/v2\/formatos?post=11886"},{"taxonomy":"materias","embeddable":true,"href":"https:\/\/www.laertes.es\/ca\/wp-json\/wp\/v2\/materias?post=11886"}],"curies":[{"name":"wp","href":"https:\/\/api.w.org\/{rel}","templated":true}]}}