{"id":11885,"date":"2023-01-24T15:07:00","date_gmt":"2023-01-24T15:07:00","guid":{"rendered":"https:\/libro\/el-catau-del-cuc-blanc\/"},"modified":"2024-08-20T20:38:17","modified_gmt":"2024-08-20T20:38:17","slug":"el-catau-del-cuc-blanc","status":"publish","type":"product","link":"https:\/\/www.laertes.es\/ca\/llibre\/el-catau-del-cuc-blanc\/","title":{"rendered":"El catau del cuc blanc"},"content":{"rendered":"","protected":false},"excerpt":{"rendered":"<p>El catau del cuc blanc (The Lair of the White Worm), eclipsada potser per la popularitat del c\u00e8lebre vampir de Transilv\u00e0nia. Una primera lectura d\u2019aquesta novel\u00b7la satisfar\u00e0, de ben segur, els amants de les novel\u00b7les de terror. Per\u00f2 una lectura m\u00e9s detinguda pot fer descobrir m\u00e9s d\u2019una analogia entre aquesta novel\u00b7la i Dr\u00e0cula. En les negres nits apareixen torbadores criatures, transformacions de personatges fascinants: si a Bucovina era un inquietant i atractiu Dr\u00e0cula, aqu\u00ed \u00e9s l\u2019espl\u00e8ndida i misteriosa Lady Arabella. Si Dr\u00e0cula posseeix una forta c\u00e0rrega erotitzant, Lady Arabella, per la seva banda, amb els seus sinuosos moviments hipnotitza i captiva no sols Adam Salt\u00f3n sin\u00f3. tamb\u00e9 Oolanga, el misteri\u00f3s criat negre del terratinent Edgar Caswall. I en totes dues novel\u00b7les les portes de l\u2019infern es troben en un subs\u00f2l \u2014els soterranis on dorm Dr\u00e0cula\u2014 de pudors f\u00e8tides i nauseabundes semblants a \u00abla sentina d\u2019un vaixell inundat amb una pila de rates ofegades\u00bb.<\/p>\n","protected":false},"featured_media":9976,"template":"","meta":[],"product_brand":[],"product_cat":[296],"product_tag":[],"autores":[391],"formatos":[355],"materias":[356],"class_list":{"0":"post-11885","1":"product","2":"type-product","3":"status-publish","4":"has-post-thumbnail","6":"product_cat-larca-ca","7":"autores-stoker-bram-ca","8":"formatos-llibre","9":"materias-cuentos-clasicos-de-generos-fantasticos-ca","11":"first","12":"outofstock","13":"purchasable","14":"product-type-simple"},"yoast_head":"<!-- This site is optimized with the Yoast SEO plugin v27.4 - https:\/\/yoast.com\/product\/yoast-seo-wordpress\/ -->\n<title>El catau del cuc blanc | Laertes ediciones<\/title>\n<meta name=\"robots\" content=\"index, follow, max-snippet:-1, max-image-preview:large, max-video-preview:-1\" \/>\n<link rel=\"canonical\" href=\"https:\/\/www.laertes.es\/ca\/llibre\/el-catau-del-cuc-blanc\/\" \/>\n<meta property=\"og:locale\" content=\"ca_ES\" \/>\n<meta property=\"og:type\" content=\"article\" \/>\n<meta property=\"og:title\" content=\"El catau del cuc blanc | Laertes ediciones\" \/>\n<meta property=\"og:description\" content=\"El catau del cuc blanc (The Lair of the White Worm), eclipsada potser per la popularitat del c\u00e8lebre vampir de Transilv\u00e0nia. Una primera lectura d\u2019aquesta novel\u00b7la satisfar\u00e0, de ben segur, els amants de les novel\u00b7les de terror. Per\u00f2 una lectura m\u00e9s detinguda pot fer descobrir m\u00e9s d\u2019una analogia entre aquesta novel\u00b7la i Dr\u00e0cula. En les negres nits apareixen torbadores criatures, transformacions de personatges fascinants: si a Bucovina era un inquietant i atractiu Dr\u00e0cula, aqu\u00ed \u00e9s l\u2019espl\u00e8ndida i misteriosa Lady Arabella. Si Dr\u00e0cula posseeix una forta c\u00e0rrega erotitzant, Lady Arabella, per la seva banda, amb els seus sinuosos moviments hipnotitza i captiva no sols Adam Salt\u00f3n sin\u00f3. tamb\u00e9 Oolanga, el misteri\u00f3s criat negre del terratinent Edgar Caswall. I en totes dues novel\u00b7les les portes de l\u2019infern es troben en un subs\u00f2l \u2014els soterranis on dorm Dr\u00e0cula\u2014 de pudors f\u00e8tides i nauseabundes semblants a \u00abla sentina d\u2019un vaixell inundat amb una pila de rates ofegades\u00bb.\" \/>\n<meta property=\"og:url\" content=\"https:\/\/www.laertes.es\/ca\/llibre\/el-catau-del-cuc-blanc\/\" \/>\n<meta property=\"og:site_name\" content=\"Laertes ediciones\" \/>\n<meta property=\"article:modified_time\" content=\"2024-08-20T20:38:17+00:00\" \/>\n<meta property=\"og:image\" content=\"https:\/\/www.laertes.es\/wp-content\/uploads\/2023\/01\/9788475841847.jpg\" \/>\n\t<meta property=\"og:image:width\" content=\"709\" \/>\n\t<meta property=\"og:image:height\" content=\"1163\" \/>\n\t<meta property=\"og:image:type\" content=\"image\/jpeg\" \/>\n<script type=\"application\/ld+json\" class=\"yoast-schema-graph\">{\"@context\":\"https:\\\/\\\/schema.org\",\"@graph\":[{\"@type\":\"WebPage\",\"@id\":\"https:\\\/\\\/www.laertes.es\\\/ca\\\/llibre\\\/el-catau-del-cuc-blanc\\\/\",\"url\":\"https:\\\/\\\/www.laertes.es\\\/ca\\\/llibre\\\/el-catau-del-cuc-blanc\\\/\",\"name\":\"El catau del cuc blanc | Laertes ediciones\",\"isPartOf\":{\"@id\":\"https:\\\/\\\/www.laertes.es\\\/ca\\\/#website\"},\"primaryImageOfPage\":{\"@id\":\"https:\\\/\\\/www.laertes.es\\\/ca\\\/llibre\\\/el-catau-del-cuc-blanc\\\/#primaryimage\"},\"image\":{\"@id\":\"https:\\\/\\\/www.laertes.es\\\/ca\\\/llibre\\\/el-catau-del-cuc-blanc\\\/#primaryimage\"},\"thumbnailUrl\":\"https:\\\/\\\/www.laertes.es\\\/wp-content\\\/uploads\\\/2023\\\/01\\\/9788475841847.jpg\",\"datePublished\":\"2023-01-24T15:07:00+00:00\",\"dateModified\":\"2024-08-20T20:38:17+00:00\",\"breadcrumb\":{\"@id\":\"https:\\\/\\\/www.laertes.es\\\/ca\\\/llibre\\\/el-catau-del-cuc-blanc\\\/#breadcrumb\"},\"inLanguage\":\"ca\",\"potentialAction\":[{\"@type\":\"ReadAction\",\"target\":[\"https:\\\/\\\/www.laertes.es\\\/ca\\\/llibre\\\/el-catau-del-cuc-blanc\\\/\"]}]},{\"@type\":\"ImageObject\",\"inLanguage\":\"ca\",\"@id\":\"https:\\\/\\\/www.laertes.es\\\/ca\\\/llibre\\\/el-catau-del-cuc-blanc\\\/#primaryimage\",\"url\":\"https:\\\/\\\/www.laertes.es\\\/wp-content\\\/uploads\\\/2023\\\/01\\\/9788475841847.jpg\",\"contentUrl\":\"https:\\\/\\\/www.laertes.es\\\/wp-content\\\/uploads\\\/2023\\\/01\\\/9788475841847.jpg\",\"width\":709,\"height\":1163},{\"@type\":\"BreadcrumbList\",\"@id\":\"https:\\\/\\\/www.laertes.es\\\/ca\\\/llibre\\\/el-catau-del-cuc-blanc\\\/#breadcrumb\",\"itemListElement\":[{\"@type\":\"ListItem\",\"position\":1,\"name\":\"Portada\",\"item\":\"https:\\\/\\\/www.laertes.es\\\/ca\\\/\"},{\"@type\":\"ListItem\",\"position\":2,\"name\":\"Tienda\",\"item\":\"https:\\\/\\\/www.laertes.es\\\/tienda\\\/\"},{\"@type\":\"ListItem\",\"position\":3,\"name\":\"El catau del cuc blanc\"}]},{\"@type\":\"WebSite\",\"@id\":\"https:\\\/\\\/www.laertes.es\\\/ca\\\/#website\",\"url\":\"https:\\\/\\\/www.laertes.es\\\/ca\\\/\",\"name\":\"Laertes Ediciones\",\"description\":\"Editorial independiente desde 1975\",\"alternateName\":\"Laertes\",\"potentialAction\":[{\"@type\":\"SearchAction\",\"target\":{\"@type\":\"EntryPoint\",\"urlTemplate\":\"https:\\\/\\\/www.laertes.es\\\/ca\\\/?s={search_term_string}\"},\"query-input\":{\"@type\":\"PropertyValueSpecification\",\"valueRequired\":true,\"valueName\":\"search_term_string\"}}],\"inLanguage\":\"ca\"}]}<\/script>\n<!-- \/ Yoast SEO plugin. -->","yoast_head_json":{"title":"El catau del cuc blanc | Laertes ediciones","robots":{"index":"index","follow":"follow","max-snippet":"max-snippet:-1","max-image-preview":"max-image-preview:large","max-video-preview":"max-video-preview:-1"},"canonical":"https:\/\/www.laertes.es\/ca\/llibre\/el-catau-del-cuc-blanc\/","og_locale":"ca_ES","og_type":"article","og_title":"El catau del cuc blanc | Laertes ediciones","og_description":"El catau del cuc blanc (The Lair of the White Worm), eclipsada potser per la popularitat del c\u00e8lebre vampir de Transilv\u00e0nia. Una primera lectura d\u2019aquesta novel\u00b7la satisfar\u00e0, de ben segur, els amants de les novel\u00b7les de terror. Per\u00f2 una lectura m\u00e9s detinguda pot fer descobrir m\u00e9s d\u2019una analogia entre aquesta novel\u00b7la i Dr\u00e0cula. En les negres nits apareixen torbadores criatures, transformacions de personatges fascinants: si a Bucovina era un inquietant i atractiu Dr\u00e0cula, aqu\u00ed \u00e9s l\u2019espl\u00e8ndida i misteriosa Lady Arabella. Si Dr\u00e0cula posseeix una forta c\u00e0rrega erotitzant, Lady Arabella, per la seva banda, amb els seus sinuosos moviments hipnotitza i captiva no sols Adam Salt\u00f3n sin\u00f3. tamb\u00e9 Oolanga, el misteri\u00f3s criat negre del terratinent Edgar Caswall. I en totes dues novel\u00b7les les portes de l\u2019infern es troben en un subs\u00f2l \u2014els soterranis on dorm Dr\u00e0cula\u2014 de pudors f\u00e8tides i nauseabundes semblants a \u00abla sentina d\u2019un vaixell inundat amb una pila de rates ofegades\u00bb.","og_url":"https:\/\/www.laertes.es\/ca\/llibre\/el-catau-del-cuc-blanc\/","og_site_name":"Laertes ediciones","article_modified_time":"2024-08-20T20:38:17+00:00","og_image":[{"width":709,"height":1163,"url":"https:\/\/www.laertes.es\/wp-content\/uploads\/2023\/01\/9788475841847.jpg","type":"image\/jpeg"}],"schema":{"@context":"https:\/\/schema.org","@graph":[{"@type":"WebPage","@id":"https:\/\/www.laertes.es\/ca\/llibre\/el-catau-del-cuc-blanc\/","url":"https:\/\/www.laertes.es\/ca\/llibre\/el-catau-del-cuc-blanc\/","name":"El catau del cuc blanc | Laertes ediciones","isPartOf":{"@id":"https:\/\/www.laertes.es\/ca\/#website"},"primaryImageOfPage":{"@id":"https:\/\/www.laertes.es\/ca\/llibre\/el-catau-del-cuc-blanc\/#primaryimage"},"image":{"@id":"https:\/\/www.laertes.es\/ca\/llibre\/el-catau-del-cuc-blanc\/#primaryimage"},"thumbnailUrl":"https:\/\/www.laertes.es\/wp-content\/uploads\/2023\/01\/9788475841847.jpg","datePublished":"2023-01-24T15:07:00+00:00","dateModified":"2024-08-20T20:38:17+00:00","breadcrumb":{"@id":"https:\/\/www.laertes.es\/ca\/llibre\/el-catau-del-cuc-blanc\/#breadcrumb"},"inLanguage":"ca","potentialAction":[{"@type":"ReadAction","target":["https:\/\/www.laertes.es\/ca\/llibre\/el-catau-del-cuc-blanc\/"]}]},{"@type":"ImageObject","inLanguage":"ca","@id":"https:\/\/www.laertes.es\/ca\/llibre\/el-catau-del-cuc-blanc\/#primaryimage","url":"https:\/\/www.laertes.es\/wp-content\/uploads\/2023\/01\/9788475841847.jpg","contentUrl":"https:\/\/www.laertes.es\/wp-content\/uploads\/2023\/01\/9788475841847.jpg","width":709,"height":1163},{"@type":"BreadcrumbList","@id":"https:\/\/www.laertes.es\/ca\/llibre\/el-catau-del-cuc-blanc\/#breadcrumb","itemListElement":[{"@type":"ListItem","position":1,"name":"Portada","item":"https:\/\/www.laertes.es\/ca\/"},{"@type":"ListItem","position":2,"name":"Tienda","item":"https:\/\/www.laertes.es\/tienda\/"},{"@type":"ListItem","position":3,"name":"El catau del cuc blanc"}]},{"@type":"WebSite","@id":"https:\/\/www.laertes.es\/ca\/#website","url":"https:\/\/www.laertes.es\/ca\/","name":"Laertes Ediciones","description":"Editorial independiente desde 1975","alternateName":"Laertes","potentialAction":[{"@type":"SearchAction","target":{"@type":"EntryPoint","urlTemplate":"https:\/\/www.laertes.es\/ca\/?s={search_term_string}"},"query-input":{"@type":"PropertyValueSpecification","valueRequired":true,"valueName":"search_term_string"}}],"inLanguage":"ca"}]}},"_links":{"self":[{"href":"https:\/\/www.laertes.es\/ca\/wp-json\/wp\/v2\/product\/11885","targetHints":{"allow":["GET"]}}],"collection":[{"href":"https:\/\/www.laertes.es\/ca\/wp-json\/wp\/v2\/product"}],"about":[{"href":"https:\/\/www.laertes.es\/ca\/wp-json\/wp\/v2\/types\/product"}],"version-history":[{"count":1,"href":"https:\/\/www.laertes.es\/ca\/wp-json\/wp\/v2\/product\/11885\/revisions"}],"predecessor-version":[{"id":15235,"href":"https:\/\/www.laertes.es\/ca\/wp-json\/wp\/v2\/product\/11885\/revisions\/15235"}],"wp:featuredmedia":[{"embeddable":true,"href":"https:\/\/www.laertes.es\/ca\/wp-json\/wp\/v2\/media\/9976"}],"wp:attachment":[{"href":"https:\/\/www.laertes.es\/ca\/wp-json\/wp\/v2\/media?parent=11885"}],"wp:term":[{"taxonomy":"product_brand","embeddable":true,"href":"https:\/\/www.laertes.es\/ca\/wp-json\/wp\/v2\/product_brand?post=11885"},{"taxonomy":"product_cat","embeddable":true,"href":"https:\/\/www.laertes.es\/ca\/wp-json\/wp\/v2\/product_cat?post=11885"},{"taxonomy":"product_tag","embeddable":true,"href":"https:\/\/www.laertes.es\/ca\/wp-json\/wp\/v2\/product_tag?post=11885"},{"taxonomy":"autores","embeddable":true,"href":"https:\/\/www.laertes.es\/ca\/wp-json\/wp\/v2\/autores?post=11885"},{"taxonomy":"formatos","embeddable":true,"href":"https:\/\/www.laertes.es\/ca\/wp-json\/wp\/v2\/formatos?post=11885"},{"taxonomy":"materias","embeddable":true,"href":"https:\/\/www.laertes.es\/ca\/wp-json\/wp\/v2\/materias?post=11885"}],"curies":[{"name":"wp","href":"https:\/\/api.w.org\/{rel}","templated":true}]}}