{"id":11884,"date":"2023-01-24T15:07:00","date_gmt":"2023-01-24T15:07:00","guid":{"rendered":"https:\/libro\/labisme-de-maracot\/"},"modified":"2024-08-20T20:49:02","modified_gmt":"2024-08-20T20:49:02","slug":"labisme-de-maracot","status":"publish","type":"product","link":"https:\/\/www.laertes.es\/ca\/llibre\/labisme-de-maracot\/","title":{"rendered":"L&#8217;abisme de Maracot"},"content":{"rendered":"","protected":false},"excerpt":{"rendered":"<p>Un equip de cient\u00edfics, dirigits pel doctor Maracot, s\u00f2sia del professor Challenger (Les aventures del professor Challenger, col. L&#8217;Arc\u00e0, n\u00fam. 50), s&#8217;embarquen per fer una recerca amb la m\u00e0xima discreci\u00f3 possible (\u00abja que temia que alg\u00fa altre se m&#8217;avanc\u00e9s\u00bb) amb l&#8217;objectiu d&#8217;\u00abarribar al fons de l&#8217;Oce\u00e0 Atl\u00e0ntic\u00bb. Dintre d&#8217;una g\u00e0bia d&#8217;acer connectada al barco inicien el descens a les obscures profunditats oce\u00e0niques, per\u00f2 un pop gegant trencar\u00e0 els cables i llan\u00e7ar\u00e0 els protagonistes a una s\u00e8rie d&#8217;aventures i descobertes sorprenents, com ara la m\u00edtica Atl\u00e0ntida, la mateixa que el nostre gran poeta Verdaguer havia cantat \u00e8picament m\u00e9s de cinquanta anys abans. Sir Arthur Conan Doyle (1859-1930) va escriure L&#8217;abisme de Maracot (The Maracot Deep, 1929) al final de la seva brillant carrera d&#8217;escriptor, una obra en la qual demostra una vegada m\u00e9s la seva capacitat narrativa, ja que \u00abcada escena adquireix una mena d&#8217;intensitat m\u00e0gica\u00bb (Fernando Savater), i el seu gran do per a la inventiva. A aix\u00f2 cal afegir-hi el fet que al cap de cinc anys de ser publicada aquesta novel\u00b7la es va inventar la batisfera, que el lector reconeixer\u00e0 com l&#8217;artilugi de curi\u00f3s disseny amb el qual el doctor Maracot i el seu equip, i nosaltres els lectors, inicien el seu viatge al m\u00f3n de la fantasia.<\/p>\n","protected":false},"featured_media":9978,"template":"","meta":[],"product_brand":[],"product_cat":[296],"product_tag":[],"autores":[388],"formatos":[355],"materias":[356],"class_list":{"0":"post-11884","1":"product","2":"type-product","3":"status-publish","4":"has-post-thumbnail","6":"product_cat-larca-ca","7":"autores-doyle-sir-arthur-conan-ca","8":"formatos-llibre","9":"materias-cuentos-clasicos-de-generos-fantasticos-ca","11":"first","12":"outofstock","13":"product-type-simple"},"yoast_head":"<!-- This site is optimized with the Yoast SEO plugin v27.4 - https:\/\/yoast.com\/product\/yoast-seo-wordpress\/ -->\n<title>L&#039;abisme de Maracot | Laertes ediciones<\/title>\n<meta name=\"robots\" content=\"index, follow, max-snippet:-1, max-image-preview:large, max-video-preview:-1\" \/>\n<link rel=\"canonical\" href=\"https:\/\/www.laertes.es\/ca\/llibre\/labisme-de-maracot\/\" \/>\n<meta property=\"og:locale\" content=\"ca_ES\" \/>\n<meta property=\"og:type\" content=\"article\" \/>\n<meta property=\"og:title\" content=\"L&#039;abisme de Maracot | Laertes ediciones\" \/>\n<meta property=\"og:description\" content=\"Un equip de cient\u00edfics, dirigits pel doctor Maracot, s\u00f2sia del professor Challenger (Les aventures del professor Challenger, col. L&#039;Arc\u00e0, n\u00fam. 50), s&#039;embarquen per fer una recerca amb la m\u00e0xima discreci\u00f3 possible (\u00abja que temia que alg\u00fa altre se m&#039;avanc\u00e9s\u00bb) amb l&#039;objectiu d&#039;\u00abarribar al fons de l&#039;Oce\u00e0 Atl\u00e0ntic\u00bb. Dintre d&#039;una g\u00e0bia d&#039;acer connectada al barco inicien el descens a les obscures profunditats oce\u00e0niques, per\u00f2 un pop gegant trencar\u00e0 els cables i llan\u00e7ar\u00e0 els protagonistes a una s\u00e8rie d&#039;aventures i descobertes sorprenents, com ara la m\u00edtica Atl\u00e0ntida, la mateixa que el nostre gran poeta Verdaguer havia cantat \u00e8picament m\u00e9s de cinquanta anys abans. Sir Arthur Conan Doyle (1859-1930) va escriure L&#039;abisme de Maracot (The Maracot Deep, 1929) al final de la seva brillant carrera d&#039;escriptor, una obra en la qual demostra una vegada m\u00e9s la seva capacitat narrativa, ja que \u00abcada escena adquireix una mena d&#039;intensitat m\u00e0gica\u00bb (Fernando Savater), i el seu gran do per a la inventiva. A aix\u00f2 cal afegir-hi el fet que al cap de cinc anys de ser publicada aquesta novel\u00b7la es va inventar la batisfera, que el lector reconeixer\u00e0 com l&#039;artilugi de curi\u00f3s disseny amb el qual el doctor Maracot i el seu equip, i nosaltres els lectors, inicien el seu viatge al m\u00f3n de la fantasia.\" \/>\n<meta property=\"og:url\" content=\"https:\/\/www.laertes.es\/ca\/llibre\/labisme-de-maracot\/\" \/>\n<meta property=\"og:site_name\" content=\"Laertes ediciones\" \/>\n<meta property=\"article:modified_time\" content=\"2024-08-20T20:49:02+00:00\" \/>\n<meta property=\"og:image\" content=\"https:\/\/www.laertes.es\/wp-content\/uploads\/2023\/01\/9788475841908.jpg\" \/>\n\t<meta property=\"og:image:width\" content=\"502\" \/>\n\t<meta property=\"og:image:height\" content=\"800\" \/>\n\t<meta property=\"og:image:type\" content=\"image\/jpeg\" \/>\n<script type=\"application\/ld+json\" class=\"yoast-schema-graph\">{\"@context\":\"https:\\\/\\\/schema.org\",\"@graph\":[{\"@type\":\"WebPage\",\"@id\":\"https:\\\/\\\/www.laertes.es\\\/ca\\\/llibre\\\/labisme-de-maracot\\\/\",\"url\":\"https:\\\/\\\/www.laertes.es\\\/ca\\\/llibre\\\/labisme-de-maracot\\\/\",\"name\":\"L'abisme de Maracot | Laertes ediciones\",\"isPartOf\":{\"@id\":\"https:\\\/\\\/www.laertes.es\\\/ca\\\/#website\"},\"primaryImageOfPage\":{\"@id\":\"https:\\\/\\\/www.laertes.es\\\/ca\\\/llibre\\\/labisme-de-maracot\\\/#primaryimage\"},\"image\":{\"@id\":\"https:\\\/\\\/www.laertes.es\\\/ca\\\/llibre\\\/labisme-de-maracot\\\/#primaryimage\"},\"thumbnailUrl\":\"https:\\\/\\\/www.laertes.es\\\/wp-content\\\/uploads\\\/2023\\\/01\\\/9788475841908.jpg\",\"datePublished\":\"2023-01-24T15:07:00+00:00\",\"dateModified\":\"2024-08-20T20:49:02+00:00\",\"breadcrumb\":{\"@id\":\"https:\\\/\\\/www.laertes.es\\\/ca\\\/llibre\\\/labisme-de-maracot\\\/#breadcrumb\"},\"inLanguage\":\"ca\",\"potentialAction\":[{\"@type\":\"ReadAction\",\"target\":[\"https:\\\/\\\/www.laertes.es\\\/ca\\\/llibre\\\/labisme-de-maracot\\\/\"]}]},{\"@type\":\"ImageObject\",\"inLanguage\":\"ca\",\"@id\":\"https:\\\/\\\/www.laertes.es\\\/ca\\\/llibre\\\/labisme-de-maracot\\\/#primaryimage\",\"url\":\"https:\\\/\\\/www.laertes.es\\\/wp-content\\\/uploads\\\/2023\\\/01\\\/9788475841908.jpg\",\"contentUrl\":\"https:\\\/\\\/www.laertes.es\\\/wp-content\\\/uploads\\\/2023\\\/01\\\/9788475841908.jpg\",\"width\":502,\"height\":800},{\"@type\":\"BreadcrumbList\",\"@id\":\"https:\\\/\\\/www.laertes.es\\\/ca\\\/llibre\\\/labisme-de-maracot\\\/#breadcrumb\",\"itemListElement\":[{\"@type\":\"ListItem\",\"position\":1,\"name\":\"Portada\",\"item\":\"https:\\\/\\\/www.laertes.es\\\/ca\\\/\"},{\"@type\":\"ListItem\",\"position\":2,\"name\":\"Tienda\",\"item\":\"https:\\\/\\\/www.laertes.es\\\/tienda\\\/\"},{\"@type\":\"ListItem\",\"position\":3,\"name\":\"L&#8217;abisme de Maracot\"}]},{\"@type\":\"WebSite\",\"@id\":\"https:\\\/\\\/www.laertes.es\\\/ca\\\/#website\",\"url\":\"https:\\\/\\\/www.laertes.es\\\/ca\\\/\",\"name\":\"Laertes Ediciones\",\"description\":\"Editorial independiente desde 1975\",\"alternateName\":\"Laertes\",\"potentialAction\":[{\"@type\":\"SearchAction\",\"target\":{\"@type\":\"EntryPoint\",\"urlTemplate\":\"https:\\\/\\\/www.laertes.es\\\/ca\\\/?s={search_term_string}\"},\"query-input\":{\"@type\":\"PropertyValueSpecification\",\"valueRequired\":true,\"valueName\":\"search_term_string\"}}],\"inLanguage\":\"ca\"}]}<\/script>\n<!-- \/ Yoast SEO plugin. -->","yoast_head_json":{"title":"L'abisme de Maracot | Laertes ediciones","robots":{"index":"index","follow":"follow","max-snippet":"max-snippet:-1","max-image-preview":"max-image-preview:large","max-video-preview":"max-video-preview:-1"},"canonical":"https:\/\/www.laertes.es\/ca\/llibre\/labisme-de-maracot\/","og_locale":"ca_ES","og_type":"article","og_title":"L'abisme de Maracot | Laertes ediciones","og_description":"Un equip de cient\u00edfics, dirigits pel doctor Maracot, s\u00f2sia del professor Challenger (Les aventures del professor Challenger, col. L'Arc\u00e0, n\u00fam. 50), s'embarquen per fer una recerca amb la m\u00e0xima discreci\u00f3 possible (\u00abja que temia que alg\u00fa altre se m'avanc\u00e9s\u00bb) amb l'objectiu d'\u00abarribar al fons de l'Oce\u00e0 Atl\u00e0ntic\u00bb. Dintre d'una g\u00e0bia d'acer connectada al barco inicien el descens a les obscures profunditats oce\u00e0niques, per\u00f2 un pop gegant trencar\u00e0 els cables i llan\u00e7ar\u00e0 els protagonistes a una s\u00e8rie d'aventures i descobertes sorprenents, com ara la m\u00edtica Atl\u00e0ntida, la mateixa que el nostre gran poeta Verdaguer havia cantat \u00e8picament m\u00e9s de cinquanta anys abans. Sir Arthur Conan Doyle (1859-1930) va escriure L'abisme de Maracot (The Maracot Deep, 1929) al final de la seva brillant carrera d'escriptor, una obra en la qual demostra una vegada m\u00e9s la seva capacitat narrativa, ja que \u00abcada escena adquireix una mena d'intensitat m\u00e0gica\u00bb (Fernando Savater), i el seu gran do per a la inventiva. A aix\u00f2 cal afegir-hi el fet que al cap de cinc anys de ser publicada aquesta novel\u00b7la es va inventar la batisfera, que el lector reconeixer\u00e0 com l'artilugi de curi\u00f3s disseny amb el qual el doctor Maracot i el seu equip, i nosaltres els lectors, inicien el seu viatge al m\u00f3n de la fantasia.","og_url":"https:\/\/www.laertes.es\/ca\/llibre\/labisme-de-maracot\/","og_site_name":"Laertes ediciones","article_modified_time":"2024-08-20T20:49:02+00:00","og_image":[{"width":502,"height":800,"url":"https:\/\/www.laertes.es\/wp-content\/uploads\/2023\/01\/9788475841908.jpg","type":"image\/jpeg"}],"schema":{"@context":"https:\/\/schema.org","@graph":[{"@type":"WebPage","@id":"https:\/\/www.laertes.es\/ca\/llibre\/labisme-de-maracot\/","url":"https:\/\/www.laertes.es\/ca\/llibre\/labisme-de-maracot\/","name":"L'abisme de Maracot | Laertes ediciones","isPartOf":{"@id":"https:\/\/www.laertes.es\/ca\/#website"},"primaryImageOfPage":{"@id":"https:\/\/www.laertes.es\/ca\/llibre\/labisme-de-maracot\/#primaryimage"},"image":{"@id":"https:\/\/www.laertes.es\/ca\/llibre\/labisme-de-maracot\/#primaryimage"},"thumbnailUrl":"https:\/\/www.laertes.es\/wp-content\/uploads\/2023\/01\/9788475841908.jpg","datePublished":"2023-01-24T15:07:00+00:00","dateModified":"2024-08-20T20:49:02+00:00","breadcrumb":{"@id":"https:\/\/www.laertes.es\/ca\/llibre\/labisme-de-maracot\/#breadcrumb"},"inLanguage":"ca","potentialAction":[{"@type":"ReadAction","target":["https:\/\/www.laertes.es\/ca\/llibre\/labisme-de-maracot\/"]}]},{"@type":"ImageObject","inLanguage":"ca","@id":"https:\/\/www.laertes.es\/ca\/llibre\/labisme-de-maracot\/#primaryimage","url":"https:\/\/www.laertes.es\/wp-content\/uploads\/2023\/01\/9788475841908.jpg","contentUrl":"https:\/\/www.laertes.es\/wp-content\/uploads\/2023\/01\/9788475841908.jpg","width":502,"height":800},{"@type":"BreadcrumbList","@id":"https:\/\/www.laertes.es\/ca\/llibre\/labisme-de-maracot\/#breadcrumb","itemListElement":[{"@type":"ListItem","position":1,"name":"Portada","item":"https:\/\/www.laertes.es\/ca\/"},{"@type":"ListItem","position":2,"name":"Tienda","item":"https:\/\/www.laertes.es\/tienda\/"},{"@type":"ListItem","position":3,"name":"L&#8217;abisme de Maracot"}]},{"@type":"WebSite","@id":"https:\/\/www.laertes.es\/ca\/#website","url":"https:\/\/www.laertes.es\/ca\/","name":"Laertes Ediciones","description":"Editorial independiente desde 1975","alternateName":"Laertes","potentialAction":[{"@type":"SearchAction","target":{"@type":"EntryPoint","urlTemplate":"https:\/\/www.laertes.es\/ca\/?s={search_term_string}"},"query-input":{"@type":"PropertyValueSpecification","valueRequired":true,"valueName":"search_term_string"}}],"inLanguage":"ca"}]}},"_links":{"self":[{"href":"https:\/\/www.laertes.es\/ca\/wp-json\/wp\/v2\/product\/11884","targetHints":{"allow":["GET"]}}],"collection":[{"href":"https:\/\/www.laertes.es\/ca\/wp-json\/wp\/v2\/product"}],"about":[{"href":"https:\/\/www.laertes.es\/ca\/wp-json\/wp\/v2\/types\/product"}],"version-history":[{"count":1,"href":"https:\/\/www.laertes.es\/ca\/wp-json\/wp\/v2\/product\/11884\/revisions"}],"predecessor-version":[{"id":15252,"href":"https:\/\/www.laertes.es\/ca\/wp-json\/wp\/v2\/product\/11884\/revisions\/15252"}],"wp:featuredmedia":[{"embeddable":true,"href":"https:\/\/www.laertes.es\/ca\/wp-json\/wp\/v2\/media\/9978"}],"wp:attachment":[{"href":"https:\/\/www.laertes.es\/ca\/wp-json\/wp\/v2\/media?parent=11884"}],"wp:term":[{"taxonomy":"product_brand","embeddable":true,"href":"https:\/\/www.laertes.es\/ca\/wp-json\/wp\/v2\/product_brand?post=11884"},{"taxonomy":"product_cat","embeddable":true,"href":"https:\/\/www.laertes.es\/ca\/wp-json\/wp\/v2\/product_cat?post=11884"},{"taxonomy":"product_tag","embeddable":true,"href":"https:\/\/www.laertes.es\/ca\/wp-json\/wp\/v2\/product_tag?post=11884"},{"taxonomy":"autores","embeddable":true,"href":"https:\/\/www.laertes.es\/ca\/wp-json\/wp\/v2\/autores?post=11884"},{"taxonomy":"formatos","embeddable":true,"href":"https:\/\/www.laertes.es\/ca\/wp-json\/wp\/v2\/formatos?post=11884"},{"taxonomy":"materias","embeddable":true,"href":"https:\/\/www.laertes.es\/ca\/wp-json\/wp\/v2\/materias?post=11884"}],"curies":[{"name":"wp","href":"https:\/\/api.w.org\/{rel}","templated":true}]}}