{"id":11882,"date":"2023-01-24T15:07:00","date_gmt":"2023-01-24T15:07:00","guid":{"rendered":"https:\/libro\/els-arxius-de-sherlock-holmes\/"},"modified":"2024-08-21T06:01:42","modified_gmt":"2024-08-21T06:01:42","slug":"els-arxius-de-sherlock-holmes","status":"publish","type":"product","link":"https:\/\/www.laertes.es\/ca\/llibre\/els-arxius-de-sherlock-holmes\/","title":{"rendered":"Els arxius de Sherlock Holmes"},"content":{"rendered":"","protected":false},"excerpt":{"rendered":"<p>Publicat el 1927, Els arxius de Sherlock Holmes posa punt final, amb les seves dotze hist\u00f2ries, a l&#8217;obra completa (seixanta hist\u00f2ries: quatre novel\u00b7les i cinquanta-sis contes) del perspica\u00e7 i irrepetible Holmes. Han transcorregut deu anys d&#8217;en\u00e7\u00e0 de la publicaci\u00f3 de Els darrers aplaudiments, i Sir Arthur Conan Doyle (1859-1930), a contracor, ha anat publicant en diferents revistes les aventures i habilitats del detectiu m\u00e9s fam\u00f3s de la hist\u00f2ria. Aventures en les quals el lector es troba amb elements que recorden altres hist\u00f2ries ja resoltes: clients que li encarreguen que trobi persones desaparegudes (El soldat p\u00e0l\u00b7lid, Els tres Garridebs, El colorista jubilat), esclareixi obscures intencions d&#8217;estranyes personalitats (El client il\u00b7lustre, Els tres frontons, Thor Bridge, L&#8217;home que s&#8217;arrossegava, Shoscombe O\u00edd Place) i intervencions en casos que es mouen en el terreny del fant\u00e0stic (La cabellera de lle\u00f3, L&#8217;hostessa del vel) i una sorprenent hist\u00f2ria de vampirs (El vampir de Sussex). Conan Doyle no va poder imaginar-se mai la dimensi\u00f3 social i cultural que el seu detectiu arribaria a tenir: estudis de semi\u00f2tica, clubs de lectors en els racons m\u00e9s insospitats, un museu en el domicili de Baker Street, frases habituals (\u00abElemental, estimat Watson\u00bb), centenars de pel\u00b7l\u00edcules, etc. I si mai s&#8217;ho va imaginar devia pensar que els lectors de les seves novel\u00b7les (i de novel\u00b7la en general), a finals d&#8217;aquest mil\u00b7leni, segurament serien tan innocents, i se sentirien tan indefensos, com els personatges que acudien al despatx de Sherlock Holmes a aclarir uns misteris que per a una ment tan l\u00facida com la seva resultaven d&#8217;all\u00f2 m\u00e9s molestos en la mesura que el feien arribar tard a una \u00f2pera de Wagner al Covent Garden, o \u00e9l distreien de l&#8217;estudi de les arrels caldees en la llengua celta.<\/p>\n","protected":false},"featured_media":9982,"template":"","meta":[],"product_brand":[],"product_cat":[296],"product_tag":[],"autores":[388],"formatos":[355],"materias":[356],"class_list":{"0":"post-11882","1":"product","2":"type-product","3":"status-publish","4":"has-post-thumbnail","6":"product_cat-larca-ca","7":"autores-doyle-sir-arthur-conan-ca","8":"formatos-llibre","9":"materias-cuentos-clasicos-de-generos-fantasticos-ca","11":"first","12":"outofstock","13":"product-type-simple"},"yoast_head":"<!-- This site is optimized with the Yoast SEO plugin v27.4 - https:\/\/yoast.com\/product\/yoast-seo-wordpress\/ -->\n<title>Els arxius de Sherlock Holmes | Laertes ediciones<\/title>\n<meta name=\"robots\" content=\"index, follow, max-snippet:-1, max-image-preview:large, max-video-preview:-1\" \/>\n<link rel=\"canonical\" href=\"https:\/\/www.laertes.es\/ca\/llibre\/els-arxius-de-sherlock-holmes\/\" \/>\n<meta property=\"og:locale\" content=\"ca_ES\" \/>\n<meta property=\"og:type\" content=\"article\" \/>\n<meta property=\"og:title\" content=\"Els arxius de Sherlock Holmes | Laertes ediciones\" \/>\n<meta property=\"og:description\" content=\"Publicat el 1927, Els arxius de Sherlock Holmes posa punt final, amb les seves dotze hist\u00f2ries, a l&#039;obra completa (seixanta hist\u00f2ries: quatre novel\u00b7les i cinquanta-sis contes) del perspica\u00e7 i irrepetible Holmes. Han transcorregut deu anys d&#039;en\u00e7\u00e0 de la publicaci\u00f3 de Els darrers aplaudiments, i Sir Arthur Conan Doyle (1859-1930), a contracor, ha anat publicant en diferents revistes les aventures i habilitats del detectiu m\u00e9s fam\u00f3s de la hist\u00f2ria. Aventures en les quals el lector es troba amb elements que recorden altres hist\u00f2ries ja resoltes: clients que li encarreguen que trobi persones desaparegudes (El soldat p\u00e0l\u00b7lid, Els tres Garridebs, El colorista jubilat), esclareixi obscures intencions d&#039;estranyes personalitats (El client il\u00b7lustre, Els tres frontons, Thor Bridge, L&#039;home que s&#039;arrossegava, Shoscombe O\u00edd Place) i intervencions en casos que es mouen en el terreny del fant\u00e0stic (La cabellera de lle\u00f3, L&#039;hostessa del vel) i una sorprenent hist\u00f2ria de vampirs (El vampir de Sussex). Conan Doyle no va poder imaginar-se mai la dimensi\u00f3 social i cultural que el seu detectiu arribaria a tenir: estudis de semi\u00f2tica, clubs de lectors en els racons m\u00e9s insospitats, un museu en el domicili de Baker Street, frases habituals (\u00abElemental, estimat Watson\u00bb), centenars de pel\u00b7l\u00edcules, etc. I si mai s&#039;ho va imaginar devia pensar que els lectors de les seves novel\u00b7les (i de novel\u00b7la en general), a finals d&#039;aquest mil\u00b7leni, segurament serien tan innocents, i se sentirien tan indefensos, com els personatges que acudien al despatx de Sherlock Holmes a aclarir uns misteris que per a una ment tan l\u00facida com la seva resultaven d&#039;all\u00f2 m\u00e9s molestos en la mesura que el feien arribar tard a una \u00f2pera de Wagner al Covent Garden, o \u00e9l distreien de l&#039;estudi de les arrels caldees en la llengua celta.\" \/>\n<meta property=\"og:url\" content=\"https:\/\/www.laertes.es\/ca\/llibre\/els-arxius-de-sherlock-holmes\/\" \/>\n<meta property=\"og:site_name\" content=\"Laertes ediciones\" \/>\n<meta property=\"article:modified_time\" content=\"2024-08-21T06:01:42+00:00\" \/>\n<meta property=\"og:image\" content=\"https:\/\/www.laertes.es\/wp-content\/uploads\/2023\/01\/9788475842059.jpg\" \/>\n\t<meta property=\"og:image:width\" content=\"727\" \/>\n\t<meta property=\"og:image:height\" content=\"1157\" \/>\n\t<meta property=\"og:image:type\" content=\"image\/jpeg\" \/>\n<script type=\"application\/ld+json\" class=\"yoast-schema-graph\">{\"@context\":\"https:\\\/\\\/schema.org\",\"@graph\":[{\"@type\":\"WebPage\",\"@id\":\"https:\\\/\\\/www.laertes.es\\\/ca\\\/llibre\\\/els-arxius-de-sherlock-holmes\\\/\",\"url\":\"https:\\\/\\\/www.laertes.es\\\/ca\\\/llibre\\\/els-arxius-de-sherlock-holmes\\\/\",\"name\":\"Els arxius de Sherlock Holmes | Laertes ediciones\",\"isPartOf\":{\"@id\":\"https:\\\/\\\/www.laertes.es\\\/ca\\\/#website\"},\"primaryImageOfPage\":{\"@id\":\"https:\\\/\\\/www.laertes.es\\\/ca\\\/llibre\\\/els-arxius-de-sherlock-holmes\\\/#primaryimage\"},\"image\":{\"@id\":\"https:\\\/\\\/www.laertes.es\\\/ca\\\/llibre\\\/els-arxius-de-sherlock-holmes\\\/#primaryimage\"},\"thumbnailUrl\":\"https:\\\/\\\/www.laertes.es\\\/wp-content\\\/uploads\\\/2023\\\/01\\\/9788475842059.jpg\",\"datePublished\":\"2023-01-24T15:07:00+00:00\",\"dateModified\":\"2024-08-21T06:01:42+00:00\",\"breadcrumb\":{\"@id\":\"https:\\\/\\\/www.laertes.es\\\/ca\\\/llibre\\\/els-arxius-de-sherlock-holmes\\\/#breadcrumb\"},\"inLanguage\":\"ca\",\"potentialAction\":[{\"@type\":\"ReadAction\",\"target\":[\"https:\\\/\\\/www.laertes.es\\\/ca\\\/llibre\\\/els-arxius-de-sherlock-holmes\\\/\"]}]},{\"@type\":\"ImageObject\",\"inLanguage\":\"ca\",\"@id\":\"https:\\\/\\\/www.laertes.es\\\/ca\\\/llibre\\\/els-arxius-de-sherlock-holmes\\\/#primaryimage\",\"url\":\"https:\\\/\\\/www.laertes.es\\\/wp-content\\\/uploads\\\/2023\\\/01\\\/9788475842059.jpg\",\"contentUrl\":\"https:\\\/\\\/www.laertes.es\\\/wp-content\\\/uploads\\\/2023\\\/01\\\/9788475842059.jpg\",\"width\":727,\"height\":1157},{\"@type\":\"BreadcrumbList\",\"@id\":\"https:\\\/\\\/www.laertes.es\\\/ca\\\/llibre\\\/els-arxius-de-sherlock-holmes\\\/#breadcrumb\",\"itemListElement\":[{\"@type\":\"ListItem\",\"position\":1,\"name\":\"Portada\",\"item\":\"https:\\\/\\\/www.laertes.es\\\/ca\\\/\"},{\"@type\":\"ListItem\",\"position\":2,\"name\":\"Tienda\",\"item\":\"https:\\\/\\\/www.laertes.es\\\/tienda\\\/\"},{\"@type\":\"ListItem\",\"position\":3,\"name\":\"Els arxius de Sherlock Holmes\"}]},{\"@type\":\"WebSite\",\"@id\":\"https:\\\/\\\/www.laertes.es\\\/ca\\\/#website\",\"url\":\"https:\\\/\\\/www.laertes.es\\\/ca\\\/\",\"name\":\"Laertes Ediciones\",\"description\":\"Editorial independiente desde 1975\",\"alternateName\":\"Laertes\",\"potentialAction\":[{\"@type\":\"SearchAction\",\"target\":{\"@type\":\"EntryPoint\",\"urlTemplate\":\"https:\\\/\\\/www.laertes.es\\\/ca\\\/?s={search_term_string}\"},\"query-input\":{\"@type\":\"PropertyValueSpecification\",\"valueRequired\":true,\"valueName\":\"search_term_string\"}}],\"inLanguage\":\"ca\"}]}<\/script>\n<!-- \/ Yoast SEO plugin. -->","yoast_head_json":{"title":"Els arxius de Sherlock Holmes | Laertes ediciones","robots":{"index":"index","follow":"follow","max-snippet":"max-snippet:-1","max-image-preview":"max-image-preview:large","max-video-preview":"max-video-preview:-1"},"canonical":"https:\/\/www.laertes.es\/ca\/llibre\/els-arxius-de-sherlock-holmes\/","og_locale":"ca_ES","og_type":"article","og_title":"Els arxius de Sherlock Holmes | Laertes ediciones","og_description":"Publicat el 1927, Els arxius de Sherlock Holmes posa punt final, amb les seves dotze hist\u00f2ries, a l'obra completa (seixanta hist\u00f2ries: quatre novel\u00b7les i cinquanta-sis contes) del perspica\u00e7 i irrepetible Holmes. Han transcorregut deu anys d'en\u00e7\u00e0 de la publicaci\u00f3 de Els darrers aplaudiments, i Sir Arthur Conan Doyle (1859-1930), a contracor, ha anat publicant en diferents revistes les aventures i habilitats del detectiu m\u00e9s fam\u00f3s de la hist\u00f2ria. Aventures en les quals el lector es troba amb elements que recorden altres hist\u00f2ries ja resoltes: clients que li encarreguen que trobi persones desaparegudes (El soldat p\u00e0l\u00b7lid, Els tres Garridebs, El colorista jubilat), esclareixi obscures intencions d'estranyes personalitats (El client il\u00b7lustre, Els tres frontons, Thor Bridge, L'home que s'arrossegava, Shoscombe O\u00edd Place) i intervencions en casos que es mouen en el terreny del fant\u00e0stic (La cabellera de lle\u00f3, L'hostessa del vel) i una sorprenent hist\u00f2ria de vampirs (El vampir de Sussex). Conan Doyle no va poder imaginar-se mai la dimensi\u00f3 social i cultural que el seu detectiu arribaria a tenir: estudis de semi\u00f2tica, clubs de lectors en els racons m\u00e9s insospitats, un museu en el domicili de Baker Street, frases habituals (\u00abElemental, estimat Watson\u00bb), centenars de pel\u00b7l\u00edcules, etc. I si mai s'ho va imaginar devia pensar que els lectors de les seves novel\u00b7les (i de novel\u00b7la en general), a finals d'aquest mil\u00b7leni, segurament serien tan innocents, i se sentirien tan indefensos, com els personatges que acudien al despatx de Sherlock Holmes a aclarir uns misteris que per a una ment tan l\u00facida com la seva resultaven d'all\u00f2 m\u00e9s molestos en la mesura que el feien arribar tard a una \u00f2pera de Wagner al Covent Garden, o \u00e9l distreien de l'estudi de les arrels caldees en la llengua celta.","og_url":"https:\/\/www.laertes.es\/ca\/llibre\/els-arxius-de-sherlock-holmes\/","og_site_name":"Laertes ediciones","article_modified_time":"2024-08-21T06:01:42+00:00","og_image":[{"width":727,"height":1157,"url":"https:\/\/www.laertes.es\/wp-content\/uploads\/2023\/01\/9788475842059.jpg","type":"image\/jpeg"}],"schema":{"@context":"https:\/\/schema.org","@graph":[{"@type":"WebPage","@id":"https:\/\/www.laertes.es\/ca\/llibre\/els-arxius-de-sherlock-holmes\/","url":"https:\/\/www.laertes.es\/ca\/llibre\/els-arxius-de-sherlock-holmes\/","name":"Els arxius de Sherlock Holmes | Laertes ediciones","isPartOf":{"@id":"https:\/\/www.laertes.es\/ca\/#website"},"primaryImageOfPage":{"@id":"https:\/\/www.laertes.es\/ca\/llibre\/els-arxius-de-sherlock-holmes\/#primaryimage"},"image":{"@id":"https:\/\/www.laertes.es\/ca\/llibre\/els-arxius-de-sherlock-holmes\/#primaryimage"},"thumbnailUrl":"https:\/\/www.laertes.es\/wp-content\/uploads\/2023\/01\/9788475842059.jpg","datePublished":"2023-01-24T15:07:00+00:00","dateModified":"2024-08-21T06:01:42+00:00","breadcrumb":{"@id":"https:\/\/www.laertes.es\/ca\/llibre\/els-arxius-de-sherlock-holmes\/#breadcrumb"},"inLanguage":"ca","potentialAction":[{"@type":"ReadAction","target":["https:\/\/www.laertes.es\/ca\/llibre\/els-arxius-de-sherlock-holmes\/"]}]},{"@type":"ImageObject","inLanguage":"ca","@id":"https:\/\/www.laertes.es\/ca\/llibre\/els-arxius-de-sherlock-holmes\/#primaryimage","url":"https:\/\/www.laertes.es\/wp-content\/uploads\/2023\/01\/9788475842059.jpg","contentUrl":"https:\/\/www.laertes.es\/wp-content\/uploads\/2023\/01\/9788475842059.jpg","width":727,"height":1157},{"@type":"BreadcrumbList","@id":"https:\/\/www.laertes.es\/ca\/llibre\/els-arxius-de-sherlock-holmes\/#breadcrumb","itemListElement":[{"@type":"ListItem","position":1,"name":"Portada","item":"https:\/\/www.laertes.es\/ca\/"},{"@type":"ListItem","position":2,"name":"Tienda","item":"https:\/\/www.laertes.es\/tienda\/"},{"@type":"ListItem","position":3,"name":"Els arxius de Sherlock Holmes"}]},{"@type":"WebSite","@id":"https:\/\/www.laertes.es\/ca\/#website","url":"https:\/\/www.laertes.es\/ca\/","name":"Laertes Ediciones","description":"Editorial independiente desde 1975","alternateName":"Laertes","potentialAction":[{"@type":"SearchAction","target":{"@type":"EntryPoint","urlTemplate":"https:\/\/www.laertes.es\/ca\/?s={search_term_string}"},"query-input":{"@type":"PropertyValueSpecification","valueRequired":true,"valueName":"search_term_string"}}],"inLanguage":"ca"}]}},"_links":{"self":[{"href":"https:\/\/www.laertes.es\/ca\/wp-json\/wp\/v2\/product\/11882","targetHints":{"allow":["GET"]}}],"collection":[{"href":"https:\/\/www.laertes.es\/ca\/wp-json\/wp\/v2\/product"}],"about":[{"href":"https:\/\/www.laertes.es\/ca\/wp-json\/wp\/v2\/types\/product"}],"version-history":[{"count":1,"href":"https:\/\/www.laertes.es\/ca\/wp-json\/wp\/v2\/product\/11882\/revisions"}],"predecessor-version":[{"id":15283,"href":"https:\/\/www.laertes.es\/ca\/wp-json\/wp\/v2\/product\/11882\/revisions\/15283"}],"wp:featuredmedia":[{"embeddable":true,"href":"https:\/\/www.laertes.es\/ca\/wp-json\/wp\/v2\/media\/9982"}],"wp:attachment":[{"href":"https:\/\/www.laertes.es\/ca\/wp-json\/wp\/v2\/media?parent=11882"}],"wp:term":[{"taxonomy":"product_brand","embeddable":true,"href":"https:\/\/www.laertes.es\/ca\/wp-json\/wp\/v2\/product_brand?post=11882"},{"taxonomy":"product_cat","embeddable":true,"href":"https:\/\/www.laertes.es\/ca\/wp-json\/wp\/v2\/product_cat?post=11882"},{"taxonomy":"product_tag","embeddable":true,"href":"https:\/\/www.laertes.es\/ca\/wp-json\/wp\/v2\/product_tag?post=11882"},{"taxonomy":"autores","embeddable":true,"href":"https:\/\/www.laertes.es\/ca\/wp-json\/wp\/v2\/autores?post=11882"},{"taxonomy":"formatos","embeddable":true,"href":"https:\/\/www.laertes.es\/ca\/wp-json\/wp\/v2\/formatos?post=11882"},{"taxonomy":"materias","embeddable":true,"href":"https:\/\/www.laertes.es\/ca\/wp-json\/wp\/v2\/materias?post=11882"}],"curies":[{"name":"wp","href":"https:\/\/api.w.org\/{rel}","templated":true}]}}