{"id":11881,"date":"2023-01-24T15:07:00","date_gmt":"2023-01-24T15:07:00","guid":{"rendered":"https:\/libro\/lhome-invisible\/"},"modified":"2023-01-24T15:07:00","modified_gmt":"2023-01-24T15:07:00","slug":"lhome-invisible","status":"publish","type":"product","link":"https:\/\/www.laertes.es\/ca\/llibre\/lhome-invisible\/","title":{"rendered":"L&#8217;home invisible"},"content":{"rendered":"","protected":false},"excerpt":{"rendered":"<p>El 1901, i mentre es feia la traducci\u00f3 de The Invisible Man de HG. Wells, Jules Verne (1828-1905) iniciava El secret de W. Storitz, o l&#8217;Invisible, que acabaria el 1904 i no es publicaria fins al 1910, p\u00f2stumament. A L&#8217;home invisible, Jules Verne jugava amb una cosa inherent a la seva obra &#8220;el futur&#8221;, per\u00f2 emparant-se en el passat. Cosa que li permetia d&#8217;esmenar la p\u00e0gina a Wells, pel fet de buscar temes i motius que tenien origen en el passat. Emmarcada temporalment en el segle XVIII, aquesta novel\u00b7la de Verne t\u00e9 com a protagonista Storitz, el t\u00edpic \u00absavi boig\u00bb de tota la seva narrativa, fill d&#8217;un conegut alquimista. A m\u00e9s a m\u00e9s, L&#8217;home invisible compta amb tots els ingredients de les millors novel\u00b7les rom\u00e0ntiques: el lector podr\u00e0 acompanyar els protagonistes en una passejada en barca pel Danubi, deixar-se emportar per una passi\u00f3 desmesurada i no corresposta com la que viu Storitz amb Myra. Es tracta, en definitiva, d&#8217;una cosa que no sols no trobar\u00edem en Wells sin\u00f3 en cap escriptor de principis de segle. Al final de la seva carrera liter\u00e0ria, Verne sembla tornar-se m\u00e9s subtil: potser per aix\u00f2 les seves \u00faltimes obres no han arribat a aconseguir l&#8217;acceptaci\u00f3 dels seus primers llibres. En efecte: una novel\u00b7la com ara aquesta \u2014igual que tota gran novel\u00b7la o pel\u00b7l\u00edcula d&#8217;aventures: des d&#8217;El cor de les tenebres fins a Apocalypse Now\u2014 no solament  accepta sin\u00f3 que demana m\u00e9s d&#8217;un nivell de lectura, \u00e9s a dir que \u2014com uns finals d&#8217;escacs\u2014 arribar\u00e0 a satisfer tant els lectors que nom\u00e9s busquen en la lectura una diversi\u00f3, una distracci\u00f3, com aquells altres que hi voldrien trobar algun tipus de plaer intel\u00b7lectual. Per aix\u00f2 no ens hem d&#8217;estranyar que el gran novel\u00b7lista franc\u00e8s Raymond Roussel, tan admirat dels surrealistes i ell tamb\u00e9 un altre \u00absavi boig\u00bb \u2014com el nostre Ramon Llull\u2014, digu\u00e9s des de la seva pres\u00f3 port\u00e0til que li prenguessin el que volguessin, per\u00f2 que li deixessin al costat del tauler d&#8217;escacs les novel\u00b7les de Jules Verne. Recuperem, doncs, el vell plaer de la lectura amb aquesta novel\u00b7la de l&#8217;autor del Viatge al centre de la Terra segur que ens resultar\u00e0 m\u00e9s satisfact\u00f2ria que si torn\u00e9ssim llegir la novel\u00b7la de Wells.<\/p>\n","protected":false},"featured_media":9864,"template":"","meta":[],"product_brand":[],"product_cat":[296],"product_tag":[],"autores":[416],"formatos":[355],"materias":[356],"class_list":{"0":"post-11881","1":"product","2":"type-product","3":"status-publish","4":"has-post-thumbnail","6":"product_cat-larca-ca","7":"autores-verne-jules-ca","8":"formatos-llibre","9":"materias-cuentos-clasicos-de-generos-fantasticos-ca","11":"first","12":"instock","13":"purchasable","14":"product-type-simple"},"yoast_head":"<!-- This site is optimized with the Yoast SEO plugin v27.3 - https:\/\/yoast.com\/product\/yoast-seo-wordpress\/ -->\n<title>L&#039;home invisible | Laertes ediciones<\/title>\n<meta name=\"robots\" content=\"index, follow, max-snippet:-1, max-image-preview:large, max-video-preview:-1\" \/>\n<link rel=\"canonical\" href=\"https:\/\/www.laertes.es\/ca\/llibre\/lhome-invisible\/\" \/>\n<meta property=\"og:locale\" content=\"ca_ES\" \/>\n<meta property=\"og:type\" content=\"article\" \/>\n<meta property=\"og:title\" content=\"L&#039;home invisible | Laertes ediciones\" \/>\n<meta property=\"og:description\" content=\"El 1901, i mentre es feia la traducci\u00f3 de The Invisible Man de HG. Wells, Jules Verne (1828-1905) iniciava El secret de W. Storitz, o l&#039;Invisible, que acabaria el 1904 i no es publicaria fins al 1910, p\u00f2stumament. A L&#039;home invisible, Jules Verne jugava amb una cosa inherent a la seva obra &quot;el futur&quot;, per\u00f2 emparant-se en el passat. Cosa que li permetia d&#039;esmenar la p\u00e0gina a Wells, pel fet de buscar temes i motius que tenien origen en el passat. Emmarcada temporalment en el segle XVIII, aquesta novel\u00b7la de Verne t\u00e9 com a protagonista Storitz, el t\u00edpic \u00absavi boig\u00bb de tota la seva narrativa, fill d&#039;un conegut alquimista. A m\u00e9s a m\u00e9s, L&#039;home invisible compta amb tots els ingredients de les millors novel\u00b7les rom\u00e0ntiques: el lector podr\u00e0 acompanyar els protagonistes en una passejada en barca pel Danubi, deixar-se emportar per una passi\u00f3 desmesurada i no corresposta com la que viu Storitz amb Myra. Es tracta, en definitiva, d&#039;una cosa que no sols no trobar\u00edem en Wells sin\u00f3 en cap escriptor de principis de segle. Al final de la seva carrera liter\u00e0ria, Verne sembla tornar-se m\u00e9s subtil: potser per aix\u00f2 les seves \u00faltimes obres no han arribat a aconseguir l&#039;acceptaci\u00f3 dels seus primers llibres. En efecte: una novel\u00b7la com ara aquesta \u2014igual que tota gran novel\u00b7la o pel\u00b7l\u00edcula d&#039;aventures: des d&#039;El cor de les tenebres fins a Apocalypse Now\u2014 no solament accepta sin\u00f3 que demana m\u00e9s d&#039;un nivell de lectura, \u00e9s a dir que \u2014com uns finals d&#039;escacs\u2014 arribar\u00e0 a satisfer tant els lectors que nom\u00e9s busquen en la lectura una diversi\u00f3, una distracci\u00f3, com aquells altres que hi voldrien trobar algun tipus de plaer intel\u00b7lectual. Per aix\u00f2 no ens hem d&#039;estranyar que el gran novel\u00b7lista franc\u00e8s Raymond Roussel, tan admirat dels surrealistes i ell tamb\u00e9 un altre \u00absavi boig\u00bb \u2014com el nostre Ramon Llull\u2014, digu\u00e9s des de la seva pres\u00f3 port\u00e0til que li prenguessin el que volguessin, per\u00f2 que li deixessin al costat del tauler d&#039;escacs les novel\u00b7les de Jules Verne. Recuperem, doncs, el vell plaer de la lectura amb aquesta novel\u00b7la de l&#039;autor del Viatge al centre de la Terra segur que ens resultar\u00e0 m\u00e9s satisfact\u00f2ria que si torn\u00e9ssim llegir la novel\u00b7la de Wells.\" \/>\n<meta property=\"og:url\" content=\"https:\/\/www.laertes.es\/ca\/llibre\/lhome-invisible\/\" \/>\n<meta property=\"og:site_name\" content=\"Laertes ediciones\" \/>\n<meta property=\"og:image\" content=\"https:\/\/www.laertes.es\/wp-content\/uploads\/2023\/01\/9788475841458.jpg\" \/>\n\t<meta property=\"og:image:width\" content=\"727\" \/>\n\t<meta property=\"og:image:height\" content=\"1145\" \/>\n\t<meta property=\"og:image:type\" content=\"image\/jpeg\" \/>\n<script type=\"application\/ld+json\" class=\"yoast-schema-graph\">{\"@context\":\"https:\\\/\\\/schema.org\",\"@graph\":[{\"@type\":\"WebPage\",\"@id\":\"https:\\\/\\\/www.laertes.es\\\/ca\\\/llibre\\\/lhome-invisible\\\/\",\"url\":\"https:\\\/\\\/www.laertes.es\\\/ca\\\/llibre\\\/lhome-invisible\\\/\",\"name\":\"L'home invisible | Laertes ediciones\",\"isPartOf\":{\"@id\":\"https:\\\/\\\/www.laertes.es\\\/ca\\\/#website\"},\"primaryImageOfPage\":{\"@id\":\"https:\\\/\\\/www.laertes.es\\\/ca\\\/llibre\\\/lhome-invisible\\\/#primaryimage\"},\"image\":{\"@id\":\"https:\\\/\\\/www.laertes.es\\\/ca\\\/llibre\\\/lhome-invisible\\\/#primaryimage\"},\"thumbnailUrl\":\"https:\\\/\\\/www.laertes.es\\\/wp-content\\\/uploads\\\/2023\\\/01\\\/9788475841458.jpg\",\"datePublished\":\"2023-01-24T15:07:00+00:00\",\"breadcrumb\":{\"@id\":\"https:\\\/\\\/www.laertes.es\\\/ca\\\/llibre\\\/lhome-invisible\\\/#breadcrumb\"},\"inLanguage\":\"ca\",\"potentialAction\":[{\"@type\":\"ReadAction\",\"target\":[\"https:\\\/\\\/www.laertes.es\\\/ca\\\/llibre\\\/lhome-invisible\\\/\"]}]},{\"@type\":\"ImageObject\",\"inLanguage\":\"ca\",\"@id\":\"https:\\\/\\\/www.laertes.es\\\/ca\\\/llibre\\\/lhome-invisible\\\/#primaryimage\",\"url\":\"https:\\\/\\\/www.laertes.es\\\/wp-content\\\/uploads\\\/2023\\\/01\\\/9788475841458.jpg\",\"contentUrl\":\"https:\\\/\\\/www.laertes.es\\\/wp-content\\\/uploads\\\/2023\\\/01\\\/9788475841458.jpg\",\"width\":727,\"height\":1145},{\"@type\":\"BreadcrumbList\",\"@id\":\"https:\\\/\\\/www.laertes.es\\\/ca\\\/llibre\\\/lhome-invisible\\\/#breadcrumb\",\"itemListElement\":[{\"@type\":\"ListItem\",\"position\":1,\"name\":\"Portada\",\"item\":\"https:\\\/\\\/www.laertes.es\\\/ca\\\/\"},{\"@type\":\"ListItem\",\"position\":2,\"name\":\"Tienda\",\"item\":\"https:\\\/\\\/www.laertes.es\\\/tienda\\\/\"},{\"@type\":\"ListItem\",\"position\":3,\"name\":\"L&#8217;home invisible\"}]},{\"@type\":\"WebSite\",\"@id\":\"https:\\\/\\\/www.laertes.es\\\/ca\\\/#website\",\"url\":\"https:\\\/\\\/www.laertes.es\\\/ca\\\/\",\"name\":\"Laertes Ediciones\",\"description\":\"Editorial independiente desde 1975\",\"alternateName\":\"Laertes\",\"potentialAction\":[{\"@type\":\"SearchAction\",\"target\":{\"@type\":\"EntryPoint\",\"urlTemplate\":\"https:\\\/\\\/www.laertes.es\\\/ca\\\/?s={search_term_string}\"},\"query-input\":{\"@type\":\"PropertyValueSpecification\",\"valueRequired\":true,\"valueName\":\"search_term_string\"}}],\"inLanguage\":\"ca\"}]}<\/script>\n<!-- \/ Yoast SEO plugin. -->","yoast_head_json":{"title":"L'home invisible | Laertes ediciones","robots":{"index":"index","follow":"follow","max-snippet":"max-snippet:-1","max-image-preview":"max-image-preview:large","max-video-preview":"max-video-preview:-1"},"canonical":"https:\/\/www.laertes.es\/ca\/llibre\/lhome-invisible\/","og_locale":"ca_ES","og_type":"article","og_title":"L'home invisible | Laertes ediciones","og_description":"El 1901, i mentre es feia la traducci\u00f3 de The Invisible Man de HG. Wells, Jules Verne (1828-1905) iniciava El secret de W. Storitz, o l'Invisible, que acabaria el 1904 i no es publicaria fins al 1910, p\u00f2stumament. A L'home invisible, Jules Verne jugava amb una cosa inherent a la seva obra \"el futur\", per\u00f2 emparant-se en el passat. Cosa que li permetia d'esmenar la p\u00e0gina a Wells, pel fet de buscar temes i motius que tenien origen en el passat. Emmarcada temporalment en el segle XVIII, aquesta novel\u00b7la de Verne t\u00e9 com a protagonista Storitz, el t\u00edpic \u00absavi boig\u00bb de tota la seva narrativa, fill d'un conegut alquimista. A m\u00e9s a m\u00e9s, L'home invisible compta amb tots els ingredients de les millors novel\u00b7les rom\u00e0ntiques: el lector podr\u00e0 acompanyar els protagonistes en una passejada en barca pel Danubi, deixar-se emportar per una passi\u00f3 desmesurada i no corresposta com la que viu Storitz amb Myra. Es tracta, en definitiva, d'una cosa que no sols no trobar\u00edem en Wells sin\u00f3 en cap escriptor de principis de segle. Al final de la seva carrera liter\u00e0ria, Verne sembla tornar-se m\u00e9s subtil: potser per aix\u00f2 les seves \u00faltimes obres no han arribat a aconseguir l'acceptaci\u00f3 dels seus primers llibres. En efecte: una novel\u00b7la com ara aquesta \u2014igual que tota gran novel\u00b7la o pel\u00b7l\u00edcula d'aventures: des d'El cor de les tenebres fins a Apocalypse Now\u2014 no solament accepta sin\u00f3 que demana m\u00e9s d'un nivell de lectura, \u00e9s a dir que \u2014com uns finals d'escacs\u2014 arribar\u00e0 a satisfer tant els lectors que nom\u00e9s busquen en la lectura una diversi\u00f3, una distracci\u00f3, com aquells altres que hi voldrien trobar algun tipus de plaer intel\u00b7lectual. Per aix\u00f2 no ens hem d'estranyar que el gran novel\u00b7lista franc\u00e8s Raymond Roussel, tan admirat dels surrealistes i ell tamb\u00e9 un altre \u00absavi boig\u00bb \u2014com el nostre Ramon Llull\u2014, digu\u00e9s des de la seva pres\u00f3 port\u00e0til que li prenguessin el que volguessin, per\u00f2 que li deixessin al costat del tauler d'escacs les novel\u00b7les de Jules Verne. Recuperem, doncs, el vell plaer de la lectura amb aquesta novel\u00b7la de l'autor del Viatge al centre de la Terra segur que ens resultar\u00e0 m\u00e9s satisfact\u00f2ria que si torn\u00e9ssim llegir la novel\u00b7la de Wells.","og_url":"https:\/\/www.laertes.es\/ca\/llibre\/lhome-invisible\/","og_site_name":"Laertes ediciones","og_image":[{"width":727,"height":1145,"url":"https:\/\/www.laertes.es\/wp-content\/uploads\/2023\/01\/9788475841458.jpg","type":"image\/jpeg"}],"schema":{"@context":"https:\/\/schema.org","@graph":[{"@type":"WebPage","@id":"https:\/\/www.laertes.es\/ca\/llibre\/lhome-invisible\/","url":"https:\/\/www.laertes.es\/ca\/llibre\/lhome-invisible\/","name":"L'home invisible | Laertes ediciones","isPartOf":{"@id":"https:\/\/www.laertes.es\/ca\/#website"},"primaryImageOfPage":{"@id":"https:\/\/www.laertes.es\/ca\/llibre\/lhome-invisible\/#primaryimage"},"image":{"@id":"https:\/\/www.laertes.es\/ca\/llibre\/lhome-invisible\/#primaryimage"},"thumbnailUrl":"https:\/\/www.laertes.es\/wp-content\/uploads\/2023\/01\/9788475841458.jpg","datePublished":"2023-01-24T15:07:00+00:00","breadcrumb":{"@id":"https:\/\/www.laertes.es\/ca\/llibre\/lhome-invisible\/#breadcrumb"},"inLanguage":"ca","potentialAction":[{"@type":"ReadAction","target":["https:\/\/www.laertes.es\/ca\/llibre\/lhome-invisible\/"]}]},{"@type":"ImageObject","inLanguage":"ca","@id":"https:\/\/www.laertes.es\/ca\/llibre\/lhome-invisible\/#primaryimage","url":"https:\/\/www.laertes.es\/wp-content\/uploads\/2023\/01\/9788475841458.jpg","contentUrl":"https:\/\/www.laertes.es\/wp-content\/uploads\/2023\/01\/9788475841458.jpg","width":727,"height":1145},{"@type":"BreadcrumbList","@id":"https:\/\/www.laertes.es\/ca\/llibre\/lhome-invisible\/#breadcrumb","itemListElement":[{"@type":"ListItem","position":1,"name":"Portada","item":"https:\/\/www.laertes.es\/ca\/"},{"@type":"ListItem","position":2,"name":"Tienda","item":"https:\/\/www.laertes.es\/tienda\/"},{"@type":"ListItem","position":3,"name":"L&#8217;home invisible"}]},{"@type":"WebSite","@id":"https:\/\/www.laertes.es\/ca\/#website","url":"https:\/\/www.laertes.es\/ca\/","name":"Laertes Ediciones","description":"Editorial independiente desde 1975","alternateName":"Laertes","potentialAction":[{"@type":"SearchAction","target":{"@type":"EntryPoint","urlTemplate":"https:\/\/www.laertes.es\/ca\/?s={search_term_string}"},"query-input":{"@type":"PropertyValueSpecification","valueRequired":true,"valueName":"search_term_string"}}],"inLanguage":"ca"}]}},"_links":{"self":[{"href":"https:\/\/www.laertes.es\/ca\/wp-json\/wp\/v2\/product\/11881","targetHints":{"allow":["GET"]}}],"collection":[{"href":"https:\/\/www.laertes.es\/ca\/wp-json\/wp\/v2\/product"}],"about":[{"href":"https:\/\/www.laertes.es\/ca\/wp-json\/wp\/v2\/types\/product"}],"version-history":[{"count":0,"href":"https:\/\/www.laertes.es\/ca\/wp-json\/wp\/v2\/product\/11881\/revisions"}],"wp:featuredmedia":[{"embeddable":true,"href":"https:\/\/www.laertes.es\/ca\/wp-json\/wp\/v2\/media\/9864"}],"wp:attachment":[{"href":"https:\/\/www.laertes.es\/ca\/wp-json\/wp\/v2\/media?parent=11881"}],"wp:term":[{"taxonomy":"product_brand","embeddable":true,"href":"https:\/\/www.laertes.es\/ca\/wp-json\/wp\/v2\/product_brand?post=11881"},{"taxonomy":"product_cat","embeddable":true,"href":"https:\/\/www.laertes.es\/ca\/wp-json\/wp\/v2\/product_cat?post=11881"},{"taxonomy":"product_tag","embeddable":true,"href":"https:\/\/www.laertes.es\/ca\/wp-json\/wp\/v2\/product_tag?post=11881"},{"taxonomy":"autores","embeddable":true,"href":"https:\/\/www.laertes.es\/ca\/wp-json\/wp\/v2\/autores?post=11881"},{"taxonomy":"formatos","embeddable":true,"href":"https:\/\/www.laertes.es\/ca\/wp-json\/wp\/v2\/formatos?post=11881"},{"taxonomy":"materias","embeddable":true,"href":"https:\/\/www.laertes.es\/ca\/wp-json\/wp\/v2\/materias?post=11881"}],"curies":[{"name":"wp","href":"https:\/\/api.w.org\/{rel}","templated":true}]}}