{"id":11880,"date":"2023-01-24T15:07:00","date_gmt":"2023-01-24T15:07:00","guid":{"rendered":"https:\/libro\/el-retorn-de-sherlock-holmes-ii\/"},"modified":"2024-08-21T06:01:14","modified_gmt":"2024-08-21T06:01:14","slug":"el-retorn-de-sherlock-holmes-ii","status":"publish","type":"product","link":"https:\/\/www.laertes.es\/ca\/llibre\/el-retorn-de-sherlock-holmes-ii\/","title":{"rendered":"El retorn de Sherlock Holmes (II)"},"content":{"rendered":"","protected":false},"excerpt":{"rendered":"<p>Amb els relats titulats Charles Augustus Milverton, Els sis Napoleons, Els tres estudiants, El pin\u00e7a-nas d&#8217;or, El tres-quarts desaparegut, Abbey Grange i La segona taca es tanca la s\u00e8rie agrupada sota el t\u00edtol El retorn de Sherlock Holmes, de la qual vam oferir el primer volum en el n\u00famero 45 d&#8217;aquesta col\u00b7lecci\u00f3. En aquests relats Holmes continuar\u00e0 amb el seu t\u00edpic raonament i el seu proc\u00e9s de deducci\u00f3, sorprenent com sempre el Doctor Watson i, per descomptat, els lectors, als quals proporcionar\u00e0 fins i tot unes claus perqu\u00e8, si ho volen, el puguin imitar. En alguns dels darrers relats, Sir Arthur Conan Doyle ha anat introduint-hi reproduccions de textos cal\u00b7ligr\u00e0fics, gravats i dibuixos que es complementen amb el text. No cal pas ser un Peirce \u2014vegeu, si no, el llibre de Thomas A. Sebeok i Jean-Umiker-Sebeok, Sherlock Holmes i Charles S. Peirce. Un m\u00e8tode de la investigaci\u00f3, publicat fa uns tres anys en traducci\u00f3 castellana\u2014 o, \u00faltimament, un Umberto Eco, per detectar intencions semi\u00f2tiques en els relats Zlel creador de Sherlock Holmes. Intencions que queden prou expl\u00edcites en les xifres dels t\u00edtols: sis, tres, dos (pin\u00e7a-nas), tres-quarts i segona, i Abbey Grange i Charles Augustus Milverton, paraules de cinc, sis, set, vuit i nou lletres, respectivament. Tot plegat, per\u00f2, no deixa de ser una simple deducci\u00f3 holmesiana: \u00e9s al lector a qui correspon de fer altres deduccions, o simplement limitar-se al plaer de la lectura, lineal, d&#8217;aquestes divertides hist\u00f2ries.<\/p>\n","protected":false},"featured_media":9966,"template":"","meta":[],"product_brand":[],"product_cat":[296],"product_tag":[],"autores":[388],"formatos":[355],"materias":[356],"class_list":{"0":"post-11880","1":"product","2":"type-product","3":"status-publish","4":"has-post-thumbnail","6":"product_cat-larca-ca","7":"autores-doyle-sir-arthur-conan-ca","8":"formatos-llibre","9":"materias-cuentos-clasicos-de-generos-fantasticos-ca","11":"first","12":"outofstock","13":"purchasable","14":"product-type-simple"},"yoast_head":"<!-- This site is optimized with the Yoast SEO plugin v27.4 - https:\/\/yoast.com\/product\/yoast-seo-wordpress\/ -->\n<title>El retorn de Sherlock Holmes (II) | Laertes ediciones<\/title>\n<meta name=\"robots\" content=\"index, follow, max-snippet:-1, max-image-preview:large, max-video-preview:-1\" \/>\n<link rel=\"canonical\" href=\"https:\/\/www.laertes.es\/ca\/llibre\/el-retorn-de-sherlock-holmes-ii\/\" \/>\n<meta property=\"og:locale\" content=\"ca_ES\" \/>\n<meta property=\"og:type\" content=\"article\" \/>\n<meta property=\"og:title\" content=\"El retorn de Sherlock Holmes (II) | Laertes ediciones\" \/>\n<meta property=\"og:description\" content=\"Amb els relats titulats Charles Augustus Milverton, Els sis Napoleons, Els tres estudiants, El pin\u00e7a-nas d&#039;or, El tres-quarts desaparegut, Abbey Grange i La segona taca es tanca la s\u00e8rie agrupada sota el t\u00edtol El retorn de Sherlock Holmes, de la qual vam oferir el primer volum en el n\u00famero 45 d&#039;aquesta col\u00b7lecci\u00f3. En aquests relats Holmes continuar\u00e0 amb el seu t\u00edpic raonament i el seu proc\u00e9s de deducci\u00f3, sorprenent com sempre el Doctor Watson i, per descomptat, els lectors, als quals proporcionar\u00e0 fins i tot unes claus perqu\u00e8, si ho volen, el puguin imitar. En alguns dels darrers relats, Sir Arthur Conan Doyle ha anat introduint-hi reproduccions de textos cal\u00b7ligr\u00e0fics, gravats i dibuixos que es complementen amb el text. No cal pas ser un Peirce \u2014vegeu, si no, el llibre de Thomas A. Sebeok i Jean-Umiker-Sebeok, Sherlock Holmes i Charles S. Peirce. Un m\u00e8tode de la investigaci\u00f3, publicat fa uns tres anys en traducci\u00f3 castellana\u2014 o, \u00faltimament, un Umberto Eco, per detectar intencions semi\u00f2tiques en els relats Zlel creador de Sherlock Holmes. Intencions que queden prou expl\u00edcites en les xifres dels t\u00edtols: sis, tres, dos (pin\u00e7a-nas), tres-quarts i segona, i Abbey Grange i Charles Augustus Milverton, paraules de cinc, sis, set, vuit i nou lletres, respectivament. Tot plegat, per\u00f2, no deixa de ser una simple deducci\u00f3 holmesiana: \u00e9s al lector a qui correspon de fer altres deduccions, o simplement limitar-se al plaer de la lectura, lineal, d&#039;aquestes divertides hist\u00f2ries.\" \/>\n<meta property=\"og:url\" content=\"https:\/\/www.laertes.es\/ca\/llibre\/el-retorn-de-sherlock-holmes-ii\/\" \/>\n<meta property=\"og:site_name\" content=\"Laertes ediciones\" \/>\n<meta property=\"article:modified_time\" content=\"2024-08-21T06:01:14+00:00\" \/>\n<meta property=\"og:image\" content=\"https:\/\/www.laertes.es\/wp-content\/uploads\/2023\/01\/9788475841519.jpg\" \/>\n\t<meta property=\"og:image:width\" content=\"502\" \/>\n\t<meta property=\"og:image:height\" content=\"800\" \/>\n\t<meta property=\"og:image:type\" content=\"image\/jpeg\" \/>\n<script type=\"application\/ld+json\" class=\"yoast-schema-graph\">{\"@context\":\"https:\\\/\\\/schema.org\",\"@graph\":[{\"@type\":\"WebPage\",\"@id\":\"https:\\\/\\\/www.laertes.es\\\/ca\\\/llibre\\\/el-retorn-de-sherlock-holmes-ii\\\/\",\"url\":\"https:\\\/\\\/www.laertes.es\\\/ca\\\/llibre\\\/el-retorn-de-sherlock-holmes-ii\\\/\",\"name\":\"El retorn de Sherlock Holmes (II) | Laertes ediciones\",\"isPartOf\":{\"@id\":\"https:\\\/\\\/www.laertes.es\\\/ca\\\/#website\"},\"primaryImageOfPage\":{\"@id\":\"https:\\\/\\\/www.laertes.es\\\/ca\\\/llibre\\\/el-retorn-de-sherlock-holmes-ii\\\/#primaryimage\"},\"image\":{\"@id\":\"https:\\\/\\\/www.laertes.es\\\/ca\\\/llibre\\\/el-retorn-de-sherlock-holmes-ii\\\/#primaryimage\"},\"thumbnailUrl\":\"https:\\\/\\\/www.laertes.es\\\/wp-content\\\/uploads\\\/2023\\\/01\\\/9788475841519.jpg\",\"datePublished\":\"2023-01-24T15:07:00+00:00\",\"dateModified\":\"2024-08-21T06:01:14+00:00\",\"breadcrumb\":{\"@id\":\"https:\\\/\\\/www.laertes.es\\\/ca\\\/llibre\\\/el-retorn-de-sherlock-holmes-ii\\\/#breadcrumb\"},\"inLanguage\":\"ca\",\"potentialAction\":[{\"@type\":\"ReadAction\",\"target\":[\"https:\\\/\\\/www.laertes.es\\\/ca\\\/llibre\\\/el-retorn-de-sherlock-holmes-ii\\\/\"]}]},{\"@type\":\"ImageObject\",\"inLanguage\":\"ca\",\"@id\":\"https:\\\/\\\/www.laertes.es\\\/ca\\\/llibre\\\/el-retorn-de-sherlock-holmes-ii\\\/#primaryimage\",\"url\":\"https:\\\/\\\/www.laertes.es\\\/wp-content\\\/uploads\\\/2023\\\/01\\\/9788475841519.jpg\",\"contentUrl\":\"https:\\\/\\\/www.laertes.es\\\/wp-content\\\/uploads\\\/2023\\\/01\\\/9788475841519.jpg\",\"width\":502,\"height\":800},{\"@type\":\"BreadcrumbList\",\"@id\":\"https:\\\/\\\/www.laertes.es\\\/ca\\\/llibre\\\/el-retorn-de-sherlock-holmes-ii\\\/#breadcrumb\",\"itemListElement\":[{\"@type\":\"ListItem\",\"position\":1,\"name\":\"Portada\",\"item\":\"https:\\\/\\\/www.laertes.es\\\/ca\\\/\"},{\"@type\":\"ListItem\",\"position\":2,\"name\":\"Tienda\",\"item\":\"https:\\\/\\\/www.laertes.es\\\/tienda\\\/\"},{\"@type\":\"ListItem\",\"position\":3,\"name\":\"El retorn de Sherlock Holmes (II)\"}]},{\"@type\":\"WebSite\",\"@id\":\"https:\\\/\\\/www.laertes.es\\\/ca\\\/#website\",\"url\":\"https:\\\/\\\/www.laertes.es\\\/ca\\\/\",\"name\":\"Laertes Ediciones\",\"description\":\"Editorial independiente desde 1975\",\"alternateName\":\"Laertes\",\"potentialAction\":[{\"@type\":\"SearchAction\",\"target\":{\"@type\":\"EntryPoint\",\"urlTemplate\":\"https:\\\/\\\/www.laertes.es\\\/ca\\\/?s={search_term_string}\"},\"query-input\":{\"@type\":\"PropertyValueSpecification\",\"valueRequired\":true,\"valueName\":\"search_term_string\"}}],\"inLanguage\":\"ca\"}]}<\/script>\n<!-- \/ Yoast SEO plugin. -->","yoast_head_json":{"title":"El retorn de Sherlock Holmes (II) | Laertes ediciones","robots":{"index":"index","follow":"follow","max-snippet":"max-snippet:-1","max-image-preview":"max-image-preview:large","max-video-preview":"max-video-preview:-1"},"canonical":"https:\/\/www.laertes.es\/ca\/llibre\/el-retorn-de-sherlock-holmes-ii\/","og_locale":"ca_ES","og_type":"article","og_title":"El retorn de Sherlock Holmes (II) | Laertes ediciones","og_description":"Amb els relats titulats Charles Augustus Milverton, Els sis Napoleons, Els tres estudiants, El pin\u00e7a-nas d'or, El tres-quarts desaparegut, Abbey Grange i La segona taca es tanca la s\u00e8rie agrupada sota el t\u00edtol El retorn de Sherlock Holmes, de la qual vam oferir el primer volum en el n\u00famero 45 d'aquesta col\u00b7lecci\u00f3. En aquests relats Holmes continuar\u00e0 amb el seu t\u00edpic raonament i el seu proc\u00e9s de deducci\u00f3, sorprenent com sempre el Doctor Watson i, per descomptat, els lectors, als quals proporcionar\u00e0 fins i tot unes claus perqu\u00e8, si ho volen, el puguin imitar. En alguns dels darrers relats, Sir Arthur Conan Doyle ha anat introduint-hi reproduccions de textos cal\u00b7ligr\u00e0fics, gravats i dibuixos que es complementen amb el text. No cal pas ser un Peirce \u2014vegeu, si no, el llibre de Thomas A. Sebeok i Jean-Umiker-Sebeok, Sherlock Holmes i Charles S. Peirce. Un m\u00e8tode de la investigaci\u00f3, publicat fa uns tres anys en traducci\u00f3 castellana\u2014 o, \u00faltimament, un Umberto Eco, per detectar intencions semi\u00f2tiques en els relats Zlel creador de Sherlock Holmes. Intencions que queden prou expl\u00edcites en les xifres dels t\u00edtols: sis, tres, dos (pin\u00e7a-nas), tres-quarts i segona, i Abbey Grange i Charles Augustus Milverton, paraules de cinc, sis, set, vuit i nou lletres, respectivament. Tot plegat, per\u00f2, no deixa de ser una simple deducci\u00f3 holmesiana: \u00e9s al lector a qui correspon de fer altres deduccions, o simplement limitar-se al plaer de la lectura, lineal, d'aquestes divertides hist\u00f2ries.","og_url":"https:\/\/www.laertes.es\/ca\/llibre\/el-retorn-de-sherlock-holmes-ii\/","og_site_name":"Laertes ediciones","article_modified_time":"2024-08-21T06:01:14+00:00","og_image":[{"width":502,"height":800,"url":"https:\/\/www.laertes.es\/wp-content\/uploads\/2023\/01\/9788475841519.jpg","type":"image\/jpeg"}],"schema":{"@context":"https:\/\/schema.org","@graph":[{"@type":"WebPage","@id":"https:\/\/www.laertes.es\/ca\/llibre\/el-retorn-de-sherlock-holmes-ii\/","url":"https:\/\/www.laertes.es\/ca\/llibre\/el-retorn-de-sherlock-holmes-ii\/","name":"El retorn de Sherlock Holmes (II) | Laertes ediciones","isPartOf":{"@id":"https:\/\/www.laertes.es\/ca\/#website"},"primaryImageOfPage":{"@id":"https:\/\/www.laertes.es\/ca\/llibre\/el-retorn-de-sherlock-holmes-ii\/#primaryimage"},"image":{"@id":"https:\/\/www.laertes.es\/ca\/llibre\/el-retorn-de-sherlock-holmes-ii\/#primaryimage"},"thumbnailUrl":"https:\/\/www.laertes.es\/wp-content\/uploads\/2023\/01\/9788475841519.jpg","datePublished":"2023-01-24T15:07:00+00:00","dateModified":"2024-08-21T06:01:14+00:00","breadcrumb":{"@id":"https:\/\/www.laertes.es\/ca\/llibre\/el-retorn-de-sherlock-holmes-ii\/#breadcrumb"},"inLanguage":"ca","potentialAction":[{"@type":"ReadAction","target":["https:\/\/www.laertes.es\/ca\/llibre\/el-retorn-de-sherlock-holmes-ii\/"]}]},{"@type":"ImageObject","inLanguage":"ca","@id":"https:\/\/www.laertes.es\/ca\/llibre\/el-retorn-de-sherlock-holmes-ii\/#primaryimage","url":"https:\/\/www.laertes.es\/wp-content\/uploads\/2023\/01\/9788475841519.jpg","contentUrl":"https:\/\/www.laertes.es\/wp-content\/uploads\/2023\/01\/9788475841519.jpg","width":502,"height":800},{"@type":"BreadcrumbList","@id":"https:\/\/www.laertes.es\/ca\/llibre\/el-retorn-de-sherlock-holmes-ii\/#breadcrumb","itemListElement":[{"@type":"ListItem","position":1,"name":"Portada","item":"https:\/\/www.laertes.es\/ca\/"},{"@type":"ListItem","position":2,"name":"Tienda","item":"https:\/\/www.laertes.es\/tienda\/"},{"@type":"ListItem","position":3,"name":"El retorn de Sherlock Holmes (II)"}]},{"@type":"WebSite","@id":"https:\/\/www.laertes.es\/ca\/#website","url":"https:\/\/www.laertes.es\/ca\/","name":"Laertes Ediciones","description":"Editorial independiente desde 1975","alternateName":"Laertes","potentialAction":[{"@type":"SearchAction","target":{"@type":"EntryPoint","urlTemplate":"https:\/\/www.laertes.es\/ca\/?s={search_term_string}"},"query-input":{"@type":"PropertyValueSpecification","valueRequired":true,"valueName":"search_term_string"}}],"inLanguage":"ca"}]}},"_links":{"self":[{"href":"https:\/\/www.laertes.es\/ca\/wp-json\/wp\/v2\/product\/11880","targetHints":{"allow":["GET"]}}],"collection":[{"href":"https:\/\/www.laertes.es\/ca\/wp-json\/wp\/v2\/product"}],"about":[{"href":"https:\/\/www.laertes.es\/ca\/wp-json\/wp\/v2\/types\/product"}],"version-history":[{"count":1,"href":"https:\/\/www.laertes.es\/ca\/wp-json\/wp\/v2\/product\/11880\/revisions"}],"predecessor-version":[{"id":15280,"href":"https:\/\/www.laertes.es\/ca\/wp-json\/wp\/v2\/product\/11880\/revisions\/15280"}],"wp:featuredmedia":[{"embeddable":true,"href":"https:\/\/www.laertes.es\/ca\/wp-json\/wp\/v2\/media\/9966"}],"wp:attachment":[{"href":"https:\/\/www.laertes.es\/ca\/wp-json\/wp\/v2\/media?parent=11880"}],"wp:term":[{"taxonomy":"product_brand","embeddable":true,"href":"https:\/\/www.laertes.es\/ca\/wp-json\/wp\/v2\/product_brand?post=11880"},{"taxonomy":"product_cat","embeddable":true,"href":"https:\/\/www.laertes.es\/ca\/wp-json\/wp\/v2\/product_cat?post=11880"},{"taxonomy":"product_tag","embeddable":true,"href":"https:\/\/www.laertes.es\/ca\/wp-json\/wp\/v2\/product_tag?post=11880"},{"taxonomy":"autores","embeddable":true,"href":"https:\/\/www.laertes.es\/ca\/wp-json\/wp\/v2\/autores?post=11880"},{"taxonomy":"formatos","embeddable":true,"href":"https:\/\/www.laertes.es\/ca\/wp-json\/wp\/v2\/formatos?post=11880"},{"taxonomy":"materias","embeddable":true,"href":"https:\/\/www.laertes.es\/ca\/wp-json\/wp\/v2\/materias?post=11880"}],"curies":[{"name":"wp","href":"https:\/\/api.w.org\/{rel}","templated":true}]}}