{"id":11877,"date":"2023-01-24T15:07:00","date_gmt":"2023-01-24T15:07:00","guid":{"rendered":"https:\/libro\/les-memories-de-sherlock-holmes-i\/"},"modified":"2024-08-21T06:00:09","modified_gmt":"2024-08-21T06:00:09","slug":"les-memories-de-sherlock-holmes-i","status":"publish","type":"product","link":"https:\/\/www.laertes.es\/ca\/llibre\/les-memories-de-sherlock-holmes-i\/","title":{"rendered":"Les mem\u00f2ries de Sherlock Holmes (I)"},"content":{"rendered":"","protected":false},"excerpt":{"rendered":"<p>Malgrat el poc \u00e8xit inicial obtingut amb la publicaci\u00f3 d&#8217;Estudi en escarlata (1887; col\u00b7lecci\u00f3 \u00abL&#8217;Arc\u00e0, n\u00fam. 5) tant a Anglaterra com als Estats Units, el 1890 Sir Arthur Conan Doyle (1859-1930) es va veure obligat, a petici\u00f3 dels editors, a crear noves aventures protagonitzades per la parella formada per Sherlock Holmes i el doctor Watson: aix\u00ed va n\u00e9ixer la novel\u00b7la titulada El signe dels quatre (col. \u00abL&#8217;Arc\u00e0\u00bb, n\u00fam. 21). que va aconseguir, aquest cop s\u00ed. un \u00e8xit notable per\u00f2 encara no ressonant. Per aquest motiu, a partir d&#8217;aquest moments \u00e9s quan Conan Doyle considera la conveni\u00e8ncia d&#8217;escriure i publicar en revistes relats breus d&#8217;una forma peri\u00f2dica a fi que els lectors puguin admirar les qualitats detectivesques de Sherlock Holmes a cada episodi. Aix\u00ed \u00e9s com es forma el recull Les aventures de Sherlock Holmes, publicat origin\u00e0riament en volum el 1892, i en catal\u00e0 en dos volums dins la col\u00b7lecci\u00f3 \u00abL&#8217;Arc\u00e0\u00bb, n\u00fams. 35 i 38. Conan Doyle. aleshores, dominat pel seu personatge, se&#8217;n vol desempallegar per poder-se dedicar a la seva vocaci\u00f3 liter\u00e0ria frustrada &#8220;escriure novel\u00b7les hist\u00f2riques a la manera de Walter Scott&#8221;, per\u00f2 ja \u00e9s massa tard. Els editors, i els nombrosos seguidors, del fam\u00f3s detectiu de Baker Street 21 B en reclamen, assedegats, noves aventures. No li queda doncs, a Conan Doyle, altre remei que escriure un altre recull de dotze relats, publicats tots ells, fora de l&#8217;\u00faltim, amb el t\u00edtol de Les mem\u00f2ries de Sherlock Holmes (The mem\u00f2ries of Sherlock Holmes, 1894). En aquest volum, que inclou els sis primers relats de &#8220;Les mem\u00f2ries de Sherlock Holmes&#8221;, el lector tindr\u00e0 ocasi\u00f3, una vegada m\u00e9s. d&#8217;admirar les dots d&#8217;observaci\u00f3 i la l\u00f2gica implacable de Sherlock Holmes, gr\u00e0cies a la ploma del seu amic inseparable, el doctor Watson, que fa aqu\u00ed, com sempre, de narrador-memorialista. En efecte: la desaparici\u00f3 de Silver Blaze, un cavall de carreres, juntament amb la mort del seu entrenador; una casa deshabitada en la qual. cada cop que la lloguen, apareix una cara groga a les finestres que produeix esgarrifances i calfreds a l&#8217;esquena de Mr Grant Munro; un escrivent d&#8217;agent de borsa que \u00e9s contractat per un estrany personatge; el record de la destrucci\u00f3 de la barca Glor\u00eda Scott, que enfosquir\u00e0 els darrers anys de la vida d&#8217;un pac\u00edfic terratinent; un majordom atractiu i ben plantat, que desapareix despr\u00e9s d&#8217;intentar desxifrar el ritual Musgrave, i el cotxer dels terratinents de Reigate, que ser\u00e0 mort per un estany lladre, s\u00f3n els casos a qu\u00e8 s&#8217;ha d&#8217;enfrontar Sherlock Holmes en cadascuna de les hist\u00f2ries que componen aquest primer volum de Les mem\u00f2ries de Sherlock Holmes.<\/p>\n","protected":false},"featured_media":9928,"template":"","meta":[],"product_brand":[],"product_cat":[296],"product_tag":[],"autores":[388],"formatos":[355],"materias":[356],"class_list":{"0":"post-11877","1":"product","2":"type-product","3":"status-publish","4":"has-post-thumbnail","6":"product_cat-larca-ca","7":"autores-doyle-sir-arthur-conan-ca","8":"formatos-llibre","9":"materias-cuentos-clasicos-de-generos-fantasticos-ca","11":"first","12":"outofstock","13":"purchasable","14":"product-type-simple"},"yoast_head":"<!-- This site is optimized with the Yoast SEO plugin v27.4 - https:\/\/yoast.com\/product\/yoast-seo-wordpress\/ -->\n<title>Les mem\u00f2ries de Sherlock Holmes (I) | Laertes ediciones<\/title>\n<meta name=\"robots\" content=\"index, follow, max-snippet:-1, max-image-preview:large, max-video-preview:-1\" \/>\n<link rel=\"canonical\" href=\"https:\/\/www.laertes.es\/ca\/llibre\/les-memories-de-sherlock-holmes-i\/\" \/>\n<meta property=\"og:locale\" content=\"ca_ES\" \/>\n<meta property=\"og:type\" content=\"article\" \/>\n<meta property=\"og:title\" content=\"Les mem\u00f2ries de Sherlock Holmes (I) | Laertes ediciones\" \/>\n<meta property=\"og:description\" content=\"Malgrat el poc \u00e8xit inicial obtingut amb la publicaci\u00f3 d&#039;Estudi en escarlata (1887; col\u00b7lecci\u00f3 \u00abL&#039;Arc\u00e0, n\u00fam. 5) tant a Anglaterra com als Estats Units, el 1890 Sir Arthur Conan Doyle (1859-1930) es va veure obligat, a petici\u00f3 dels editors, a crear noves aventures protagonitzades per la parella formada per Sherlock Holmes i el doctor Watson: aix\u00ed va n\u00e9ixer la novel\u00b7la titulada El signe dels quatre (col. \u00abL&#039;Arc\u00e0\u00bb, n\u00fam. 21). que va aconseguir, aquest cop s\u00ed. un \u00e8xit notable per\u00f2 encara no ressonant. Per aquest motiu, a partir d&#039;aquest moments \u00e9s quan Conan Doyle considera la conveni\u00e8ncia d&#039;escriure i publicar en revistes relats breus d&#039;una forma peri\u00f2dica a fi que els lectors puguin admirar les qualitats detectivesques de Sherlock Holmes a cada episodi. Aix\u00ed \u00e9s com es forma el recull Les aventures de Sherlock Holmes, publicat origin\u00e0riament en volum el 1892, i en catal\u00e0 en dos volums dins la col\u00b7lecci\u00f3 \u00abL&#039;Arc\u00e0\u00bb, n\u00fams. 35 i 38. Conan Doyle. aleshores, dominat pel seu personatge, se&#039;n vol desempallegar per poder-se dedicar a la seva vocaci\u00f3 liter\u00e0ria frustrada &quot;escriure novel\u00b7les hist\u00f2riques a la manera de Walter Scott&quot;, per\u00f2 ja \u00e9s massa tard. Els editors, i els nombrosos seguidors, del fam\u00f3s detectiu de Baker Street 21 B en reclamen, assedegats, noves aventures. No li queda doncs, a Conan Doyle, altre remei que escriure un altre recull de dotze relats, publicats tots ells, fora de l&#039;\u00faltim, amb el t\u00edtol de Les mem\u00f2ries de Sherlock Holmes (The mem\u00f2ries of Sherlock Holmes, 1894). En aquest volum, que inclou els sis primers relats de &quot;Les mem\u00f2ries de Sherlock Holmes&quot;, el lector tindr\u00e0 ocasi\u00f3, una vegada m\u00e9s. d&#039;admirar les dots d&#039;observaci\u00f3 i la l\u00f2gica implacable de Sherlock Holmes, gr\u00e0cies a la ploma del seu amic inseparable, el doctor Watson, que fa aqu\u00ed, com sempre, de narrador-memorialista. En efecte: la desaparici\u00f3 de Silver Blaze, un cavall de carreres, juntament amb la mort del seu entrenador; una casa deshabitada en la qual. cada cop que la lloguen, apareix una cara groga a les finestres que produeix esgarrifances i calfreds a l&#039;esquena de Mr Grant Munro; un escrivent d&#039;agent de borsa que \u00e9s contractat per un estrany personatge; el record de la destrucci\u00f3 de la barca Glor\u00eda Scott, que enfosquir\u00e0 els darrers anys de la vida d&#039;un pac\u00edfic terratinent; un majordom atractiu i ben plantat, que desapareix despr\u00e9s d&#039;intentar desxifrar el ritual Musgrave, i el cotxer dels terratinents de Reigate, que ser\u00e0 mort per un estany lladre, s\u00f3n els casos a qu\u00e8 s&#039;ha d&#039;enfrontar Sherlock Holmes en cadascuna de les hist\u00f2ries que componen aquest primer volum de Les mem\u00f2ries de Sherlock Holmes.\" \/>\n<meta property=\"og:url\" content=\"https:\/\/www.laertes.es\/ca\/llibre\/les-memories-de-sherlock-holmes-i\/\" \/>\n<meta property=\"og:site_name\" content=\"Laertes ediciones\" \/>\n<meta property=\"article:modified_time\" content=\"2024-08-21T06:00:09+00:00\" \/>\n<meta property=\"og:image\" content=\"https:\/\/www.laertes.es\/wp-content\/uploads\/2023\/01\/9788475840895.jpg\" \/>\n\t<meta property=\"og:image:width\" content=\"727\" \/>\n\t<meta property=\"og:image:height\" content=\"1154\" \/>\n\t<meta property=\"og:image:type\" content=\"image\/jpeg\" \/>\n<script type=\"application\/ld+json\" class=\"yoast-schema-graph\">{\"@context\":\"https:\\\/\\\/schema.org\",\"@graph\":[{\"@type\":\"WebPage\",\"@id\":\"https:\\\/\\\/www.laertes.es\\\/ca\\\/llibre\\\/les-memories-de-sherlock-holmes-i\\\/\",\"url\":\"https:\\\/\\\/www.laertes.es\\\/ca\\\/llibre\\\/les-memories-de-sherlock-holmes-i\\\/\",\"name\":\"Les mem\u00f2ries de Sherlock Holmes (I) | Laertes ediciones\",\"isPartOf\":{\"@id\":\"https:\\\/\\\/www.laertes.es\\\/ca\\\/#website\"},\"primaryImageOfPage\":{\"@id\":\"https:\\\/\\\/www.laertes.es\\\/ca\\\/llibre\\\/les-memories-de-sherlock-holmes-i\\\/#primaryimage\"},\"image\":{\"@id\":\"https:\\\/\\\/www.laertes.es\\\/ca\\\/llibre\\\/les-memories-de-sherlock-holmes-i\\\/#primaryimage\"},\"thumbnailUrl\":\"https:\\\/\\\/www.laertes.es\\\/wp-content\\\/uploads\\\/2023\\\/01\\\/9788475840895.jpg\",\"datePublished\":\"2023-01-24T15:07:00+00:00\",\"dateModified\":\"2024-08-21T06:00:09+00:00\",\"breadcrumb\":{\"@id\":\"https:\\\/\\\/www.laertes.es\\\/ca\\\/llibre\\\/les-memories-de-sherlock-holmes-i\\\/#breadcrumb\"},\"inLanguage\":\"ca\",\"potentialAction\":[{\"@type\":\"ReadAction\",\"target\":[\"https:\\\/\\\/www.laertes.es\\\/ca\\\/llibre\\\/les-memories-de-sherlock-holmes-i\\\/\"]}]},{\"@type\":\"ImageObject\",\"inLanguage\":\"ca\",\"@id\":\"https:\\\/\\\/www.laertes.es\\\/ca\\\/llibre\\\/les-memories-de-sherlock-holmes-i\\\/#primaryimage\",\"url\":\"https:\\\/\\\/www.laertes.es\\\/wp-content\\\/uploads\\\/2023\\\/01\\\/9788475840895.jpg\",\"contentUrl\":\"https:\\\/\\\/www.laertes.es\\\/wp-content\\\/uploads\\\/2023\\\/01\\\/9788475840895.jpg\",\"width\":727,\"height\":1154},{\"@type\":\"BreadcrumbList\",\"@id\":\"https:\\\/\\\/www.laertes.es\\\/ca\\\/llibre\\\/les-memories-de-sherlock-holmes-i\\\/#breadcrumb\",\"itemListElement\":[{\"@type\":\"ListItem\",\"position\":1,\"name\":\"Portada\",\"item\":\"https:\\\/\\\/www.laertes.es\\\/ca\\\/\"},{\"@type\":\"ListItem\",\"position\":2,\"name\":\"Tienda\",\"item\":\"https:\\\/\\\/www.laertes.es\\\/tienda\\\/\"},{\"@type\":\"ListItem\",\"position\":3,\"name\":\"Les mem\u00f2ries de Sherlock Holmes (I)\"}]},{\"@type\":\"WebSite\",\"@id\":\"https:\\\/\\\/www.laertes.es\\\/ca\\\/#website\",\"url\":\"https:\\\/\\\/www.laertes.es\\\/ca\\\/\",\"name\":\"Laertes Ediciones\",\"description\":\"Editorial independiente desde 1975\",\"alternateName\":\"Laertes\",\"potentialAction\":[{\"@type\":\"SearchAction\",\"target\":{\"@type\":\"EntryPoint\",\"urlTemplate\":\"https:\\\/\\\/www.laertes.es\\\/ca\\\/?s={search_term_string}\"},\"query-input\":{\"@type\":\"PropertyValueSpecification\",\"valueRequired\":true,\"valueName\":\"search_term_string\"}}],\"inLanguage\":\"ca\"}]}<\/script>\n<!-- \/ Yoast SEO plugin. -->","yoast_head_json":{"title":"Les mem\u00f2ries de Sherlock Holmes (I) | Laertes ediciones","robots":{"index":"index","follow":"follow","max-snippet":"max-snippet:-1","max-image-preview":"max-image-preview:large","max-video-preview":"max-video-preview:-1"},"canonical":"https:\/\/www.laertes.es\/ca\/llibre\/les-memories-de-sherlock-holmes-i\/","og_locale":"ca_ES","og_type":"article","og_title":"Les mem\u00f2ries de Sherlock Holmes (I) | Laertes ediciones","og_description":"Malgrat el poc \u00e8xit inicial obtingut amb la publicaci\u00f3 d'Estudi en escarlata (1887; col\u00b7lecci\u00f3 \u00abL'Arc\u00e0, n\u00fam. 5) tant a Anglaterra com als Estats Units, el 1890 Sir Arthur Conan Doyle (1859-1930) es va veure obligat, a petici\u00f3 dels editors, a crear noves aventures protagonitzades per la parella formada per Sherlock Holmes i el doctor Watson: aix\u00ed va n\u00e9ixer la novel\u00b7la titulada El signe dels quatre (col. \u00abL'Arc\u00e0\u00bb, n\u00fam. 21). que va aconseguir, aquest cop s\u00ed. un \u00e8xit notable per\u00f2 encara no ressonant. Per aquest motiu, a partir d'aquest moments \u00e9s quan Conan Doyle considera la conveni\u00e8ncia d'escriure i publicar en revistes relats breus d'una forma peri\u00f2dica a fi que els lectors puguin admirar les qualitats detectivesques de Sherlock Holmes a cada episodi. Aix\u00ed \u00e9s com es forma el recull Les aventures de Sherlock Holmes, publicat origin\u00e0riament en volum el 1892, i en catal\u00e0 en dos volums dins la col\u00b7lecci\u00f3 \u00abL'Arc\u00e0\u00bb, n\u00fams. 35 i 38. Conan Doyle. aleshores, dominat pel seu personatge, se'n vol desempallegar per poder-se dedicar a la seva vocaci\u00f3 liter\u00e0ria frustrada \"escriure novel\u00b7les hist\u00f2riques a la manera de Walter Scott\", per\u00f2 ja \u00e9s massa tard. Els editors, i els nombrosos seguidors, del fam\u00f3s detectiu de Baker Street 21 B en reclamen, assedegats, noves aventures. No li queda doncs, a Conan Doyle, altre remei que escriure un altre recull de dotze relats, publicats tots ells, fora de l'\u00faltim, amb el t\u00edtol de Les mem\u00f2ries de Sherlock Holmes (The mem\u00f2ries of Sherlock Holmes, 1894). En aquest volum, que inclou els sis primers relats de \"Les mem\u00f2ries de Sherlock Holmes\", el lector tindr\u00e0 ocasi\u00f3, una vegada m\u00e9s. d'admirar les dots d'observaci\u00f3 i la l\u00f2gica implacable de Sherlock Holmes, gr\u00e0cies a la ploma del seu amic inseparable, el doctor Watson, que fa aqu\u00ed, com sempre, de narrador-memorialista. En efecte: la desaparici\u00f3 de Silver Blaze, un cavall de carreres, juntament amb la mort del seu entrenador; una casa deshabitada en la qual. cada cop que la lloguen, apareix una cara groga a les finestres que produeix esgarrifances i calfreds a l'esquena de Mr Grant Munro; un escrivent d'agent de borsa que \u00e9s contractat per un estrany personatge; el record de la destrucci\u00f3 de la barca Glor\u00eda Scott, que enfosquir\u00e0 els darrers anys de la vida d'un pac\u00edfic terratinent; un majordom atractiu i ben plantat, que desapareix despr\u00e9s d'intentar desxifrar el ritual Musgrave, i el cotxer dels terratinents de Reigate, que ser\u00e0 mort per un estany lladre, s\u00f3n els casos a qu\u00e8 s'ha d'enfrontar Sherlock Holmes en cadascuna de les hist\u00f2ries que componen aquest primer volum de Les mem\u00f2ries de Sherlock Holmes.","og_url":"https:\/\/www.laertes.es\/ca\/llibre\/les-memories-de-sherlock-holmes-i\/","og_site_name":"Laertes ediciones","article_modified_time":"2024-08-21T06:00:09+00:00","og_image":[{"width":727,"height":1154,"url":"https:\/\/www.laertes.es\/wp-content\/uploads\/2023\/01\/9788475840895.jpg","type":"image\/jpeg"}],"schema":{"@context":"https:\/\/schema.org","@graph":[{"@type":"WebPage","@id":"https:\/\/www.laertes.es\/ca\/llibre\/les-memories-de-sherlock-holmes-i\/","url":"https:\/\/www.laertes.es\/ca\/llibre\/les-memories-de-sherlock-holmes-i\/","name":"Les mem\u00f2ries de Sherlock Holmes (I) | Laertes ediciones","isPartOf":{"@id":"https:\/\/www.laertes.es\/ca\/#website"},"primaryImageOfPage":{"@id":"https:\/\/www.laertes.es\/ca\/llibre\/les-memories-de-sherlock-holmes-i\/#primaryimage"},"image":{"@id":"https:\/\/www.laertes.es\/ca\/llibre\/les-memories-de-sherlock-holmes-i\/#primaryimage"},"thumbnailUrl":"https:\/\/www.laertes.es\/wp-content\/uploads\/2023\/01\/9788475840895.jpg","datePublished":"2023-01-24T15:07:00+00:00","dateModified":"2024-08-21T06:00:09+00:00","breadcrumb":{"@id":"https:\/\/www.laertes.es\/ca\/llibre\/les-memories-de-sherlock-holmes-i\/#breadcrumb"},"inLanguage":"ca","potentialAction":[{"@type":"ReadAction","target":["https:\/\/www.laertes.es\/ca\/llibre\/les-memories-de-sherlock-holmes-i\/"]}]},{"@type":"ImageObject","inLanguage":"ca","@id":"https:\/\/www.laertes.es\/ca\/llibre\/les-memories-de-sherlock-holmes-i\/#primaryimage","url":"https:\/\/www.laertes.es\/wp-content\/uploads\/2023\/01\/9788475840895.jpg","contentUrl":"https:\/\/www.laertes.es\/wp-content\/uploads\/2023\/01\/9788475840895.jpg","width":727,"height":1154},{"@type":"BreadcrumbList","@id":"https:\/\/www.laertes.es\/ca\/llibre\/les-memories-de-sherlock-holmes-i\/#breadcrumb","itemListElement":[{"@type":"ListItem","position":1,"name":"Portada","item":"https:\/\/www.laertes.es\/ca\/"},{"@type":"ListItem","position":2,"name":"Tienda","item":"https:\/\/www.laertes.es\/tienda\/"},{"@type":"ListItem","position":3,"name":"Les mem\u00f2ries de Sherlock Holmes (I)"}]},{"@type":"WebSite","@id":"https:\/\/www.laertes.es\/ca\/#website","url":"https:\/\/www.laertes.es\/ca\/","name":"Laertes Ediciones","description":"Editorial independiente desde 1975","alternateName":"Laertes","potentialAction":[{"@type":"SearchAction","target":{"@type":"EntryPoint","urlTemplate":"https:\/\/www.laertes.es\/ca\/?s={search_term_string}"},"query-input":{"@type":"PropertyValueSpecification","valueRequired":true,"valueName":"search_term_string"}}],"inLanguage":"ca"}]}},"_links":{"self":[{"href":"https:\/\/www.laertes.es\/ca\/wp-json\/wp\/v2\/product\/11877","targetHints":{"allow":["GET"]}}],"collection":[{"href":"https:\/\/www.laertes.es\/ca\/wp-json\/wp\/v2\/product"}],"about":[{"href":"https:\/\/www.laertes.es\/ca\/wp-json\/wp\/v2\/types\/product"}],"version-history":[{"count":1,"href":"https:\/\/www.laertes.es\/ca\/wp-json\/wp\/v2\/product\/11877\/revisions"}],"predecessor-version":[{"id":15276,"href":"https:\/\/www.laertes.es\/ca\/wp-json\/wp\/v2\/product\/11877\/revisions\/15276"}],"wp:featuredmedia":[{"embeddable":true,"href":"https:\/\/www.laertes.es\/ca\/wp-json\/wp\/v2\/media\/9928"}],"wp:attachment":[{"href":"https:\/\/www.laertes.es\/ca\/wp-json\/wp\/v2\/media?parent=11877"}],"wp:term":[{"taxonomy":"product_brand","embeddable":true,"href":"https:\/\/www.laertes.es\/ca\/wp-json\/wp\/v2\/product_brand?post=11877"},{"taxonomy":"product_cat","embeddable":true,"href":"https:\/\/www.laertes.es\/ca\/wp-json\/wp\/v2\/product_cat?post=11877"},{"taxonomy":"product_tag","embeddable":true,"href":"https:\/\/www.laertes.es\/ca\/wp-json\/wp\/v2\/product_tag?post=11877"},{"taxonomy":"autores","embeddable":true,"href":"https:\/\/www.laertes.es\/ca\/wp-json\/wp\/v2\/autores?post=11877"},{"taxonomy":"formatos","embeddable":true,"href":"https:\/\/www.laertes.es\/ca\/wp-json\/wp\/v2\/formatos?post=11877"},{"taxonomy":"materias","embeddable":true,"href":"https:\/\/www.laertes.es\/ca\/wp-json\/wp\/v2\/materias?post=11877"}],"curies":[{"name":"wp","href":"https:\/\/api.w.org\/{rel}","templated":true}]}}