{"id":11875,"date":"2023-01-24T15:07:00","date_gmt":"2023-01-24T15:07:00","guid":{"rendered":"https:\/libro\/el-vel-alcat\/"},"modified":"2023-01-24T15:07:00","modified_gmt":"2023-01-24T15:07:00","slug":"el-vel-alcat","status":"publish","type":"product","link":"https:\/\/www.laertes.es\/ca\/llibre\/el-vel-alcat\/","title":{"rendered":"El vel al\u00e7at"},"content":{"rendered":"","protected":false},"excerpt":{"rendered":"<p>Latimer, un home sensible i intel\u00b7lectual, un bon dia s&#8217;adona que est\u00e0 dotat de poders de clarivid\u00e8ncia. Aleshores t\u00e9 la visi\u00f3 d&#8217;una dona, \u00abp\u00e0l\u00b7lida, de mirada fatal\u00bb, que posteriorment coneix: \u00e9s Bertha Qrant, la promesa del seu germ\u00e0. Captivat, desconcertat, Latimer cau sota el seu embruix, incapa\u00e7 de prestar atenci\u00f3 a les visions d&#8217;advert\u00e8ncia que el persegueixen. El 1859 George Eliot va interrompre la redacci\u00f3 de la novel\u00b7la The Mill on the Floss per escriure aquesta novel\u00b7la curta ins\u00f2lita. Obra que recorda Mary Shelley i Mary E. Braddon, El vel al\u00e7at (The Lifted Veil) va desconcertar els editors per l&#8217;exploraci\u00f3 que Qeorge Eliot hi fa de les pseudoci\u00e8ncies\u00b7, els quals per aquest motiu en van demorar la publicaci\u00f3. El vel al\u00e7at va apar\u00e8ixer en angl\u00e8s el 1878, juntament amb Sitas Marner i Brother Jacob, i no es va publicar com a volum solt fins al 1924. Relat de terror sobre l&#8217;alienaci\u00f3 moral i la desesperaci\u00f3, aquesta oblidada novel\u00b7la curta constitueix un testimoni de l&#8217;inter\u00e8s que George Eliot va tenir durant tota la vida pel misteri i el sobrenatural. George Eliot (1819-1880) era el pseud\u00f2nim de Marian Evans. Va viure a Midlands fins que la mort del seu pare, el 1849, li va permetre de viatjar a Europa i establir-se a Londres. Una de les novel\u00b7listes m\u00e9s importants del segle XIX, entre les seves obres sobresurten Adam Bede (1859), The Mill on the Floss (1860), Silas Marner (1861), magn\u00edficament tradu\u00efda al catal\u00e0 per Josep Carner, i Middlemarch (1871).<\/p>\n","protected":false},"featured_media":9930,"template":"","meta":[],"product_brand":[],"product_cat":[296],"product_tag":[],"autores":[413],"formatos":[355],"materias":[356],"class_list":{"0":"post-11875","1":"product","2":"type-product","3":"status-publish","4":"has-post-thumbnail","6":"product_cat-larca-ca","7":"autores-eliot-george-ca","8":"formatos-llibre","9":"materias-cuentos-clasicos-de-generos-fantasticos-ca","11":"first","12":"instock","13":"purchasable","14":"product-type-simple"},"yoast_head":"<!-- This site is optimized with the Yoast SEO plugin v27.4 - https:\/\/yoast.com\/product\/yoast-seo-wordpress\/ -->\n<title>El vel al\u00e7at | Laertes ediciones<\/title>\n<meta name=\"robots\" content=\"index, follow, max-snippet:-1, max-image-preview:large, max-video-preview:-1\" \/>\n<link rel=\"canonical\" href=\"https:\/\/www.laertes.es\/ca\/llibre\/el-vel-alcat\/\" \/>\n<meta property=\"og:locale\" content=\"ca_ES\" \/>\n<meta property=\"og:type\" content=\"article\" \/>\n<meta property=\"og:title\" content=\"El vel al\u00e7at | Laertes ediciones\" \/>\n<meta property=\"og:description\" content=\"Latimer, un home sensible i intel\u00b7lectual, un bon dia s&#039;adona que est\u00e0 dotat de poders de clarivid\u00e8ncia. Aleshores t\u00e9 la visi\u00f3 d&#039;una dona, \u00abp\u00e0l\u00b7lida, de mirada fatal\u00bb, que posteriorment coneix: \u00e9s Bertha Qrant, la promesa del seu germ\u00e0. Captivat, desconcertat, Latimer cau sota el seu embruix, incapa\u00e7 de prestar atenci\u00f3 a les visions d&#039;advert\u00e8ncia que el persegueixen. El 1859 George Eliot va interrompre la redacci\u00f3 de la novel\u00b7la The Mill on the Floss per escriure aquesta novel\u00b7la curta ins\u00f2lita. Obra que recorda Mary Shelley i Mary E. Braddon, El vel al\u00e7at (The Lifted Veil) va desconcertar els editors per l&#039;exploraci\u00f3 que Qeorge Eliot hi fa de les pseudoci\u00e8ncies\u00b7, els quals per aquest motiu en van demorar la publicaci\u00f3. El vel al\u00e7at va apar\u00e8ixer en angl\u00e8s el 1878, juntament amb Sitas Marner i Brother Jacob, i no es va publicar com a volum solt fins al 1924. Relat de terror sobre l&#039;alienaci\u00f3 moral i la desesperaci\u00f3, aquesta oblidada novel\u00b7la curta constitueix un testimoni de l&#039;inter\u00e8s que George Eliot va tenir durant tota la vida pel misteri i el sobrenatural. George Eliot (1819-1880) era el pseud\u00f2nim de Marian Evans. Va viure a Midlands fins que la mort del seu pare, el 1849, li va permetre de viatjar a Europa i establir-se a Londres. Una de les novel\u00b7listes m\u00e9s importants del segle XIX, entre les seves obres sobresurten Adam Bede (1859), The Mill on the Floss (1860), Silas Marner (1861), magn\u00edficament tradu\u00efda al catal\u00e0 per Josep Carner, i Middlemarch (1871).\" \/>\n<meta property=\"og:url\" content=\"https:\/\/www.laertes.es\/ca\/llibre\/el-vel-alcat\/\" \/>\n<meta property=\"og:site_name\" content=\"Laertes ediciones\" \/>\n<meta property=\"og:image\" content=\"https:\/\/www.laertes.es\/wp-content\/uploads\/2023\/01\/9788475840956.jpg\" \/>\n\t<meta property=\"og:image:width\" content=\"727\" \/>\n\t<meta property=\"og:image:height\" content=\"1148\" \/>\n\t<meta property=\"og:image:type\" content=\"image\/jpeg\" \/>\n<script type=\"application\/ld+json\" class=\"yoast-schema-graph\">{\"@context\":\"https:\\\/\\\/schema.org\",\"@graph\":[{\"@type\":\"WebPage\",\"@id\":\"https:\\\/\\\/www.laertes.es\\\/ca\\\/llibre\\\/el-vel-alcat\\\/\",\"url\":\"https:\\\/\\\/www.laertes.es\\\/ca\\\/llibre\\\/el-vel-alcat\\\/\",\"name\":\"El vel al\u00e7at | Laertes ediciones\",\"isPartOf\":{\"@id\":\"https:\\\/\\\/www.laertes.es\\\/ca\\\/#website\"},\"primaryImageOfPage\":{\"@id\":\"https:\\\/\\\/www.laertes.es\\\/ca\\\/llibre\\\/el-vel-alcat\\\/#primaryimage\"},\"image\":{\"@id\":\"https:\\\/\\\/www.laertes.es\\\/ca\\\/llibre\\\/el-vel-alcat\\\/#primaryimage\"},\"thumbnailUrl\":\"https:\\\/\\\/www.laertes.es\\\/wp-content\\\/uploads\\\/2023\\\/01\\\/9788475840956.jpg\",\"datePublished\":\"2023-01-24T15:07:00+00:00\",\"breadcrumb\":{\"@id\":\"https:\\\/\\\/www.laertes.es\\\/ca\\\/llibre\\\/el-vel-alcat\\\/#breadcrumb\"},\"inLanguage\":\"ca\",\"potentialAction\":[{\"@type\":\"ReadAction\",\"target\":[\"https:\\\/\\\/www.laertes.es\\\/ca\\\/llibre\\\/el-vel-alcat\\\/\"]}]},{\"@type\":\"ImageObject\",\"inLanguage\":\"ca\",\"@id\":\"https:\\\/\\\/www.laertes.es\\\/ca\\\/llibre\\\/el-vel-alcat\\\/#primaryimage\",\"url\":\"https:\\\/\\\/www.laertes.es\\\/wp-content\\\/uploads\\\/2023\\\/01\\\/9788475840956.jpg\",\"contentUrl\":\"https:\\\/\\\/www.laertes.es\\\/wp-content\\\/uploads\\\/2023\\\/01\\\/9788475840956.jpg\",\"width\":727,\"height\":1148},{\"@type\":\"BreadcrumbList\",\"@id\":\"https:\\\/\\\/www.laertes.es\\\/ca\\\/llibre\\\/el-vel-alcat\\\/#breadcrumb\",\"itemListElement\":[{\"@type\":\"ListItem\",\"position\":1,\"name\":\"Portada\",\"item\":\"https:\\\/\\\/www.laertes.es\\\/ca\\\/\"},{\"@type\":\"ListItem\",\"position\":2,\"name\":\"Tienda\",\"item\":\"https:\\\/\\\/www.laertes.es\\\/tienda\\\/\"},{\"@type\":\"ListItem\",\"position\":3,\"name\":\"El vel al\u00e7at\"}]},{\"@type\":\"WebSite\",\"@id\":\"https:\\\/\\\/www.laertes.es\\\/ca\\\/#website\",\"url\":\"https:\\\/\\\/www.laertes.es\\\/ca\\\/\",\"name\":\"Laertes Ediciones\",\"description\":\"Editorial independiente desde 1975\",\"alternateName\":\"Laertes\",\"potentialAction\":[{\"@type\":\"SearchAction\",\"target\":{\"@type\":\"EntryPoint\",\"urlTemplate\":\"https:\\\/\\\/www.laertes.es\\\/ca\\\/?s={search_term_string}\"},\"query-input\":{\"@type\":\"PropertyValueSpecification\",\"valueRequired\":true,\"valueName\":\"search_term_string\"}}],\"inLanguage\":\"ca\"}]}<\/script>\n<!-- \/ Yoast SEO plugin. -->","yoast_head_json":{"title":"El vel al\u00e7at | Laertes ediciones","robots":{"index":"index","follow":"follow","max-snippet":"max-snippet:-1","max-image-preview":"max-image-preview:large","max-video-preview":"max-video-preview:-1"},"canonical":"https:\/\/www.laertes.es\/ca\/llibre\/el-vel-alcat\/","og_locale":"ca_ES","og_type":"article","og_title":"El vel al\u00e7at | Laertes ediciones","og_description":"Latimer, un home sensible i intel\u00b7lectual, un bon dia s'adona que est\u00e0 dotat de poders de clarivid\u00e8ncia. Aleshores t\u00e9 la visi\u00f3 d'una dona, \u00abp\u00e0l\u00b7lida, de mirada fatal\u00bb, que posteriorment coneix: \u00e9s Bertha Qrant, la promesa del seu germ\u00e0. Captivat, desconcertat, Latimer cau sota el seu embruix, incapa\u00e7 de prestar atenci\u00f3 a les visions d'advert\u00e8ncia que el persegueixen. El 1859 George Eliot va interrompre la redacci\u00f3 de la novel\u00b7la The Mill on the Floss per escriure aquesta novel\u00b7la curta ins\u00f2lita. Obra que recorda Mary Shelley i Mary E. Braddon, El vel al\u00e7at (The Lifted Veil) va desconcertar els editors per l'exploraci\u00f3 que Qeorge Eliot hi fa de les pseudoci\u00e8ncies\u00b7, els quals per aquest motiu en van demorar la publicaci\u00f3. El vel al\u00e7at va apar\u00e8ixer en angl\u00e8s el 1878, juntament amb Sitas Marner i Brother Jacob, i no es va publicar com a volum solt fins al 1924. Relat de terror sobre l'alienaci\u00f3 moral i la desesperaci\u00f3, aquesta oblidada novel\u00b7la curta constitueix un testimoni de l'inter\u00e8s que George Eliot va tenir durant tota la vida pel misteri i el sobrenatural. George Eliot (1819-1880) era el pseud\u00f2nim de Marian Evans. Va viure a Midlands fins que la mort del seu pare, el 1849, li va permetre de viatjar a Europa i establir-se a Londres. Una de les novel\u00b7listes m\u00e9s importants del segle XIX, entre les seves obres sobresurten Adam Bede (1859), The Mill on the Floss (1860), Silas Marner (1861), magn\u00edficament tradu\u00efda al catal\u00e0 per Josep Carner, i Middlemarch (1871).","og_url":"https:\/\/www.laertes.es\/ca\/llibre\/el-vel-alcat\/","og_site_name":"Laertes ediciones","og_image":[{"width":727,"height":1148,"url":"https:\/\/www.laertes.es\/wp-content\/uploads\/2023\/01\/9788475840956.jpg","type":"image\/jpeg"}],"schema":{"@context":"https:\/\/schema.org","@graph":[{"@type":"WebPage","@id":"https:\/\/www.laertes.es\/ca\/llibre\/el-vel-alcat\/","url":"https:\/\/www.laertes.es\/ca\/llibre\/el-vel-alcat\/","name":"El vel al\u00e7at | Laertes ediciones","isPartOf":{"@id":"https:\/\/www.laertes.es\/ca\/#website"},"primaryImageOfPage":{"@id":"https:\/\/www.laertes.es\/ca\/llibre\/el-vel-alcat\/#primaryimage"},"image":{"@id":"https:\/\/www.laertes.es\/ca\/llibre\/el-vel-alcat\/#primaryimage"},"thumbnailUrl":"https:\/\/www.laertes.es\/wp-content\/uploads\/2023\/01\/9788475840956.jpg","datePublished":"2023-01-24T15:07:00+00:00","breadcrumb":{"@id":"https:\/\/www.laertes.es\/ca\/llibre\/el-vel-alcat\/#breadcrumb"},"inLanguage":"ca","potentialAction":[{"@type":"ReadAction","target":["https:\/\/www.laertes.es\/ca\/llibre\/el-vel-alcat\/"]}]},{"@type":"ImageObject","inLanguage":"ca","@id":"https:\/\/www.laertes.es\/ca\/llibre\/el-vel-alcat\/#primaryimage","url":"https:\/\/www.laertes.es\/wp-content\/uploads\/2023\/01\/9788475840956.jpg","contentUrl":"https:\/\/www.laertes.es\/wp-content\/uploads\/2023\/01\/9788475840956.jpg","width":727,"height":1148},{"@type":"BreadcrumbList","@id":"https:\/\/www.laertes.es\/ca\/llibre\/el-vel-alcat\/#breadcrumb","itemListElement":[{"@type":"ListItem","position":1,"name":"Portada","item":"https:\/\/www.laertes.es\/ca\/"},{"@type":"ListItem","position":2,"name":"Tienda","item":"https:\/\/www.laertes.es\/tienda\/"},{"@type":"ListItem","position":3,"name":"El vel al\u00e7at"}]},{"@type":"WebSite","@id":"https:\/\/www.laertes.es\/ca\/#website","url":"https:\/\/www.laertes.es\/ca\/","name":"Laertes Ediciones","description":"Editorial independiente desde 1975","alternateName":"Laertes","potentialAction":[{"@type":"SearchAction","target":{"@type":"EntryPoint","urlTemplate":"https:\/\/www.laertes.es\/ca\/?s={search_term_string}"},"query-input":{"@type":"PropertyValueSpecification","valueRequired":true,"valueName":"search_term_string"}}],"inLanguage":"ca"}]}},"_links":{"self":[{"href":"https:\/\/www.laertes.es\/ca\/wp-json\/wp\/v2\/product\/11875","targetHints":{"allow":["GET"]}}],"collection":[{"href":"https:\/\/www.laertes.es\/ca\/wp-json\/wp\/v2\/product"}],"about":[{"href":"https:\/\/www.laertes.es\/ca\/wp-json\/wp\/v2\/types\/product"}],"version-history":[{"count":0,"href":"https:\/\/www.laertes.es\/ca\/wp-json\/wp\/v2\/product\/11875\/revisions"}],"wp:featuredmedia":[{"embeddable":true,"href":"https:\/\/www.laertes.es\/ca\/wp-json\/wp\/v2\/media\/9930"}],"wp:attachment":[{"href":"https:\/\/www.laertes.es\/ca\/wp-json\/wp\/v2\/media?parent=11875"}],"wp:term":[{"taxonomy":"product_brand","embeddable":true,"href":"https:\/\/www.laertes.es\/ca\/wp-json\/wp\/v2\/product_brand?post=11875"},{"taxonomy":"product_cat","embeddable":true,"href":"https:\/\/www.laertes.es\/ca\/wp-json\/wp\/v2\/product_cat?post=11875"},{"taxonomy":"product_tag","embeddable":true,"href":"https:\/\/www.laertes.es\/ca\/wp-json\/wp\/v2\/product_tag?post=11875"},{"taxonomy":"autores","embeddable":true,"href":"https:\/\/www.laertes.es\/ca\/wp-json\/wp\/v2\/autores?post=11875"},{"taxonomy":"formatos","embeddable":true,"href":"https:\/\/www.laertes.es\/ca\/wp-json\/wp\/v2\/formatos?post=11875"},{"taxonomy":"materias","embeddable":true,"href":"https:\/\/www.laertes.es\/ca\/wp-json\/wp\/v2\/materias?post=11875"}],"curies":[{"name":"wp","href":"https:\/\/api.w.org\/{rel}","templated":true}]}}