{"id":11871,"date":"2023-01-24T15:07:00","date_gmt":"2023-01-24T15:07:00","guid":{"rendered":"https:\/libro\/la-calavera-que-xiscla\/"},"modified":"2023-01-24T15:07:00","modified_gmt":"2023-01-24T15:07:00","slug":"la-calavera-que-xiscla","status":"publish","type":"product","link":"https:\/\/www.laertes.es\/ca\/llibre\/la-calavera-que-xiscla\/","title":{"rendered":"La calavera que xiscla"},"content":{"rendered":"","protected":false},"excerpt":{"rendered":"<p>F. Marion Crawford fou considerat per H.P. Lovecraft com un dels pocs autors que han estat capa\u00e7os de reflectir una \u00abpor c\u00f2smica&#8217;. Novel\u00b7lista fam\u00f3s i erudit orientalista, Francis Mari\u00f3n Crawford uneix, en la seva narrativa fant\u00e0stico-terrorffica, la destresa de l&#8217;escriptor professional i la fecunditat imaginativa d&#8217;un gran. artista que \u00e9s alhora un savi. Ens submergeix a profunditats inexplorades i ens porta fins aquells racons foscos de la consci\u00e8ncia individual i col\u00b7lectiva on les angoixes dels malsons es fan coherents i es manifesten com el descobriment d&#8217;una realitat aterridora davant la qual reculen els amants de la placidesa.  Les obres de terror de Crawford han estat fins ara unes il\u00b7lustres desconegudes pel p\u00fablic de llengua catalana. A la\u00abPresentaci\u00f3\u00bb i a l&#8217;\u00abEp\u00edleg\u00bb, Emili Olcina, autor tamb\u00e9 de la traducci\u00f3, introdueix el lector a la figura de F. Mari\u00f3n Crawford i li proposa que contempli la narrativa fant\u00e0stico-terror\u00ed\u00edica com un mitj\u00e0 de violar les fronteres convencionals i prosaiques del\u00abbon sentit> quotidi\u00e0 i endinsar-se en un m\u00f3n de paoroses belleses que posseeixen tota la for\u00e7a de la veritat.<\/p>\n","protected":false},"featured_media":9950,"template":"","meta":[],"product_brand":[],"product_cat":[296],"product_tag":[],"autores":[415],"formatos":[355],"materias":[356],"class_list":{"0":"post-11871","1":"product","2":"type-product","3":"status-publish","4":"has-post-thumbnail","6":"product_cat-larca-ca","7":"autores-crawford-f-marion-ca","8":"formatos-llibre","9":"materias-cuentos-clasicos-de-generos-fantasticos-ca","11":"first","12":"instock","13":"purchasable","14":"product-type-simple"},"yoast_head":"<!-- This site is optimized with the Yoast SEO plugin v27.4 - https:\/\/yoast.com\/product\/yoast-seo-wordpress\/ -->\n<title>La calavera que xiscla | Laertes ediciones<\/title>\n<meta name=\"robots\" content=\"index, follow, max-snippet:-1, max-image-preview:large, max-video-preview:-1\" \/>\n<link rel=\"canonical\" href=\"https:\/\/www.laertes.es\/ca\/llibre\/la-calavera-que-xiscla\/\" \/>\n<meta property=\"og:locale\" content=\"ca_ES\" \/>\n<meta property=\"og:type\" content=\"article\" \/>\n<meta property=\"og:title\" content=\"La calavera que xiscla | Laertes ediciones\" \/>\n<meta property=\"og:description\" content=\"F. Marion Crawford fou considerat per H.P. Lovecraft com un dels pocs autors que han estat capa\u00e7os de reflectir una \u00abpor c\u00f2smica&#039;. Novel\u00b7lista fam\u00f3s i erudit orientalista, Francis Mari\u00f3n Crawford uneix, en la seva narrativa fant\u00e0stico-terrorffica, la destresa de l&#039;escriptor professional i la fecunditat imaginativa d&#039;un gran. artista que \u00e9s alhora un savi. Ens submergeix a profunditats inexplorades i ens porta fins aquells racons foscos de la consci\u00e8ncia individual i col\u00b7lectiva on les angoixes dels malsons es fan coherents i es manifesten com el descobriment d&#039;una realitat aterridora davant la qual reculen els amants de la placidesa. Les obres de terror de Crawford han estat fins ara unes il\u00b7lustres desconegudes pel p\u00fablic de llengua catalana. A la\u00abPresentaci\u00f3\u00bb i a l&#039;\u00abEp\u00edleg\u00bb, Emili Olcina, autor tamb\u00e9 de la traducci\u00f3, introdueix el lector a la figura de F. Mari\u00f3n Crawford i li proposa que contempli la narrativa fant\u00e0stico-terror\u00ed\u00edica com un mitj\u00e0 de violar les fronteres convencionals i prosaiques del\u00abbon sentit&gt; quotidi\u00e0 i endinsar-se en un m\u00f3n de paoroses belleses que posseeixen tota la for\u00e7a de la veritat.\" \/>\n<meta property=\"og:url\" content=\"https:\/\/www.laertes.es\/ca\/llibre\/la-calavera-que-xiscla\/\" \/>\n<meta property=\"og:site_name\" content=\"Laertes ediciones\" \/>\n<meta property=\"og:image\" content=\"https:\/\/www.laertes.es\/wp-content\/uploads\/2023\/01\/9788475841328.jpg\" \/>\n\t<meta property=\"og:image:width\" content=\"727\" \/>\n\t<meta property=\"og:image:height\" content=\"1145\" \/>\n\t<meta property=\"og:image:type\" content=\"image\/jpeg\" \/>\n<script type=\"application\/ld+json\" class=\"yoast-schema-graph\">{\"@context\":\"https:\\\/\\\/schema.org\",\"@graph\":[{\"@type\":\"WebPage\",\"@id\":\"https:\\\/\\\/www.laertes.es\\\/ca\\\/llibre\\\/la-calavera-que-xiscla\\\/\",\"url\":\"https:\\\/\\\/www.laertes.es\\\/ca\\\/llibre\\\/la-calavera-que-xiscla\\\/\",\"name\":\"La calavera que xiscla | Laertes ediciones\",\"isPartOf\":{\"@id\":\"https:\\\/\\\/www.laertes.es\\\/ca\\\/#website\"},\"primaryImageOfPage\":{\"@id\":\"https:\\\/\\\/www.laertes.es\\\/ca\\\/llibre\\\/la-calavera-que-xiscla\\\/#primaryimage\"},\"image\":{\"@id\":\"https:\\\/\\\/www.laertes.es\\\/ca\\\/llibre\\\/la-calavera-que-xiscla\\\/#primaryimage\"},\"thumbnailUrl\":\"https:\\\/\\\/www.laertes.es\\\/wp-content\\\/uploads\\\/2023\\\/01\\\/9788475841328.jpg\",\"datePublished\":\"2023-01-24T15:07:00+00:00\",\"breadcrumb\":{\"@id\":\"https:\\\/\\\/www.laertes.es\\\/ca\\\/llibre\\\/la-calavera-que-xiscla\\\/#breadcrumb\"},\"inLanguage\":\"ca\",\"potentialAction\":[{\"@type\":\"ReadAction\",\"target\":[\"https:\\\/\\\/www.laertes.es\\\/ca\\\/llibre\\\/la-calavera-que-xiscla\\\/\"]}]},{\"@type\":\"ImageObject\",\"inLanguage\":\"ca\",\"@id\":\"https:\\\/\\\/www.laertes.es\\\/ca\\\/llibre\\\/la-calavera-que-xiscla\\\/#primaryimage\",\"url\":\"https:\\\/\\\/www.laertes.es\\\/wp-content\\\/uploads\\\/2023\\\/01\\\/9788475841328.jpg\",\"contentUrl\":\"https:\\\/\\\/www.laertes.es\\\/wp-content\\\/uploads\\\/2023\\\/01\\\/9788475841328.jpg\",\"width\":727,\"height\":1145},{\"@type\":\"BreadcrumbList\",\"@id\":\"https:\\\/\\\/www.laertes.es\\\/ca\\\/llibre\\\/la-calavera-que-xiscla\\\/#breadcrumb\",\"itemListElement\":[{\"@type\":\"ListItem\",\"position\":1,\"name\":\"Portada\",\"item\":\"https:\\\/\\\/www.laertes.es\\\/ca\\\/\"},{\"@type\":\"ListItem\",\"position\":2,\"name\":\"Tienda\",\"item\":\"https:\\\/\\\/www.laertes.es\\\/tienda\\\/\"},{\"@type\":\"ListItem\",\"position\":3,\"name\":\"La calavera que xiscla\"}]},{\"@type\":\"WebSite\",\"@id\":\"https:\\\/\\\/www.laertes.es\\\/ca\\\/#website\",\"url\":\"https:\\\/\\\/www.laertes.es\\\/ca\\\/\",\"name\":\"Laertes Ediciones\",\"description\":\"Editorial independiente desde 1975\",\"alternateName\":\"Laertes\",\"potentialAction\":[{\"@type\":\"SearchAction\",\"target\":{\"@type\":\"EntryPoint\",\"urlTemplate\":\"https:\\\/\\\/www.laertes.es\\\/ca\\\/?s={search_term_string}\"},\"query-input\":{\"@type\":\"PropertyValueSpecification\",\"valueRequired\":true,\"valueName\":\"search_term_string\"}}],\"inLanguage\":\"ca\"}]}<\/script>\n<!-- \/ Yoast SEO plugin. -->","yoast_head_json":{"title":"La calavera que xiscla | Laertes ediciones","robots":{"index":"index","follow":"follow","max-snippet":"max-snippet:-1","max-image-preview":"max-image-preview:large","max-video-preview":"max-video-preview:-1"},"canonical":"https:\/\/www.laertes.es\/ca\/llibre\/la-calavera-que-xiscla\/","og_locale":"ca_ES","og_type":"article","og_title":"La calavera que xiscla | Laertes ediciones","og_description":"F. Marion Crawford fou considerat per H.P. Lovecraft com un dels pocs autors que han estat capa\u00e7os de reflectir una \u00abpor c\u00f2smica'. Novel\u00b7lista fam\u00f3s i erudit orientalista, Francis Mari\u00f3n Crawford uneix, en la seva narrativa fant\u00e0stico-terrorffica, la destresa de l'escriptor professional i la fecunditat imaginativa d'un gran. artista que \u00e9s alhora un savi. Ens submergeix a profunditats inexplorades i ens porta fins aquells racons foscos de la consci\u00e8ncia individual i col\u00b7lectiva on les angoixes dels malsons es fan coherents i es manifesten com el descobriment d'una realitat aterridora davant la qual reculen els amants de la placidesa. Les obres de terror de Crawford han estat fins ara unes il\u00b7lustres desconegudes pel p\u00fablic de llengua catalana. A la\u00abPresentaci\u00f3\u00bb i a l'\u00abEp\u00edleg\u00bb, Emili Olcina, autor tamb\u00e9 de la traducci\u00f3, introdueix el lector a la figura de F. Mari\u00f3n Crawford i li proposa que contempli la narrativa fant\u00e0stico-terror\u00ed\u00edica com un mitj\u00e0 de violar les fronteres convencionals i prosaiques del\u00abbon sentit> quotidi\u00e0 i endinsar-se en un m\u00f3n de paoroses belleses que posseeixen tota la for\u00e7a de la veritat.","og_url":"https:\/\/www.laertes.es\/ca\/llibre\/la-calavera-que-xiscla\/","og_site_name":"Laertes ediciones","og_image":[{"width":727,"height":1145,"url":"https:\/\/www.laertes.es\/wp-content\/uploads\/2023\/01\/9788475841328.jpg","type":"image\/jpeg"}],"schema":{"@context":"https:\/\/schema.org","@graph":[{"@type":"WebPage","@id":"https:\/\/www.laertes.es\/ca\/llibre\/la-calavera-que-xiscla\/","url":"https:\/\/www.laertes.es\/ca\/llibre\/la-calavera-que-xiscla\/","name":"La calavera que xiscla | Laertes ediciones","isPartOf":{"@id":"https:\/\/www.laertes.es\/ca\/#website"},"primaryImageOfPage":{"@id":"https:\/\/www.laertes.es\/ca\/llibre\/la-calavera-que-xiscla\/#primaryimage"},"image":{"@id":"https:\/\/www.laertes.es\/ca\/llibre\/la-calavera-que-xiscla\/#primaryimage"},"thumbnailUrl":"https:\/\/www.laertes.es\/wp-content\/uploads\/2023\/01\/9788475841328.jpg","datePublished":"2023-01-24T15:07:00+00:00","breadcrumb":{"@id":"https:\/\/www.laertes.es\/ca\/llibre\/la-calavera-que-xiscla\/#breadcrumb"},"inLanguage":"ca","potentialAction":[{"@type":"ReadAction","target":["https:\/\/www.laertes.es\/ca\/llibre\/la-calavera-que-xiscla\/"]}]},{"@type":"ImageObject","inLanguage":"ca","@id":"https:\/\/www.laertes.es\/ca\/llibre\/la-calavera-que-xiscla\/#primaryimage","url":"https:\/\/www.laertes.es\/wp-content\/uploads\/2023\/01\/9788475841328.jpg","contentUrl":"https:\/\/www.laertes.es\/wp-content\/uploads\/2023\/01\/9788475841328.jpg","width":727,"height":1145},{"@type":"BreadcrumbList","@id":"https:\/\/www.laertes.es\/ca\/llibre\/la-calavera-que-xiscla\/#breadcrumb","itemListElement":[{"@type":"ListItem","position":1,"name":"Portada","item":"https:\/\/www.laertes.es\/ca\/"},{"@type":"ListItem","position":2,"name":"Tienda","item":"https:\/\/www.laertes.es\/tienda\/"},{"@type":"ListItem","position":3,"name":"La calavera que xiscla"}]},{"@type":"WebSite","@id":"https:\/\/www.laertes.es\/ca\/#website","url":"https:\/\/www.laertes.es\/ca\/","name":"Laertes Ediciones","description":"Editorial independiente desde 1975","alternateName":"Laertes","potentialAction":[{"@type":"SearchAction","target":{"@type":"EntryPoint","urlTemplate":"https:\/\/www.laertes.es\/ca\/?s={search_term_string}"},"query-input":{"@type":"PropertyValueSpecification","valueRequired":true,"valueName":"search_term_string"}}],"inLanguage":"ca"}]}},"_links":{"self":[{"href":"https:\/\/www.laertes.es\/ca\/wp-json\/wp\/v2\/product\/11871","targetHints":{"allow":["GET"]}}],"collection":[{"href":"https:\/\/www.laertes.es\/ca\/wp-json\/wp\/v2\/product"}],"about":[{"href":"https:\/\/www.laertes.es\/ca\/wp-json\/wp\/v2\/types\/product"}],"version-history":[{"count":0,"href":"https:\/\/www.laertes.es\/ca\/wp-json\/wp\/v2\/product\/11871\/revisions"}],"wp:featuredmedia":[{"embeddable":true,"href":"https:\/\/www.laertes.es\/ca\/wp-json\/wp\/v2\/media\/9950"}],"wp:attachment":[{"href":"https:\/\/www.laertes.es\/ca\/wp-json\/wp\/v2\/media?parent=11871"}],"wp:term":[{"taxonomy":"product_brand","embeddable":true,"href":"https:\/\/www.laertes.es\/ca\/wp-json\/wp\/v2\/product_brand?post=11871"},{"taxonomy":"product_cat","embeddable":true,"href":"https:\/\/www.laertes.es\/ca\/wp-json\/wp\/v2\/product_cat?post=11871"},{"taxonomy":"product_tag","embeddable":true,"href":"https:\/\/www.laertes.es\/ca\/wp-json\/wp\/v2\/product_tag?post=11871"},{"taxonomy":"autores","embeddable":true,"href":"https:\/\/www.laertes.es\/ca\/wp-json\/wp\/v2\/autores?post=11871"},{"taxonomy":"formatos","embeddable":true,"href":"https:\/\/www.laertes.es\/ca\/wp-json\/wp\/v2\/formatos?post=11871"},{"taxonomy":"materias","embeddable":true,"href":"https:\/\/www.laertes.es\/ca\/wp-json\/wp\/v2\/materias?post=11871"}],"curies":[{"name":"wp","href":"https:\/\/api.w.org\/{rel}","templated":true}]}}