{"id":11865,"date":"2023-01-24T15:07:18","date_gmt":"2023-01-24T15:07:18","guid":{"rendered":"https:\/libro\/lodissea-barbara\/"},"modified":"2023-01-24T15:07:18","modified_gmt":"2023-01-24T15:07:18","slug":"lodissea-barbara","status":"publish","type":"product","link":"https:\/\/www.laertes.es\/ca\/llibre\/lodissea-barbara\/","title":{"rendered":"L&#8217;odissea b\u00e0rbara"},"content":{"rendered":"","protected":false},"excerpt":{"rendered":"<p>Policia en ciutats frontereres, minaire en ciutats conflictives, viatjant de productes innecessaris, periodista per a diaris locals, oficial del Set\u00e8 de Cavalleria, ocasionalment confiter, i finalment executiu de grans empreses, als trenta-cinc anys Edgar Rice Burroughs (1875-1950) va comen\u00e7ar a escriure hist\u00f2ries fant\u00e0stiques que des del primer moment havien de tenir una enorme acceptaci\u00f3 per part del p\u00fablic. \u00abAll Story Magazine\u00bb li publica el 1912 la primera de les aventures del capit\u00e0 John Carter (A Princess oi Mars), i el 1914, la primera de Tarzan (Tarzan of the Apes), personatges, tots dos, que el catapultaran a la fama. La saga marciana (que \u00e9s com es coneixen les nou novel\u00b7les que tenen John Carter com a protagonista) ha tingut continuadors i compta amb clubs de lectors arreu del m\u00f3n, i, pel que fa a Tarzan, els c\u00f2mics i el cinema (ja el 1918 es va filmar la primera pel\u00b7l\u00edcula sobre aquest personatge) l&#8217;han convertit en una icona de la cultura popular del segle XX. Les novel\u00b7les sobre John Carter i Tarzan, a m\u00e9s de les conegudes com la saga venusiana, han convertit E.R. Burroughs en un dels autors m\u00e9s llegits i tradu\u00efts.  L&#8217;Odissea b\u00e0rbara (Beyond Thirty) es va publicar a \u00abAll Around Magazine\u00bb el 1916, i \u00e9s una de les obres menys conegudes del seu autor, fins al punt que no havia estat mai tradu\u00efda a cap llengua hisp\u00e0nica, mentre que les sagues marciana i venusiana i totes les novel\u00b7les sobre Tarzan s\u00ed que ho han estat. A pesar d&#8217;aix\u00f2 les aventures d&#8217;un mariner americ\u00e0 que, contra les ordenances del seu pa\u00eds, traspassa la prohibida Longitud 30\u00b0 Est i s&#8217;endinsa en una Europa desconeguda (ens trobem en el segle XXII) contenen, sintetitzats, els exotismes i les fantasies que van fer famosos John Carter i Tarzan. Amb una gran facilitat i agilitat narratives, Burroughs ens explica una hist\u00f2ria ins\u00f2lita en qu\u00e8 els g\u00e8neres avent\u00farese i fant\u00e0stic anuncien, i proporcionen, les pautes dins les quals es mouran els primers llibres de ci\u00e8ncia-ficci\u00f3: inventiva, paisatges imaginaris i situacions sorprenents.<\/p>\n","protected":false},"featured_media":9988,"template":"","meta":[],"product_brand":[],"product_cat":[296],"product_tag":[],"autores":[423],"formatos":[355],"materias":[356],"class_list":{"0":"post-11865","1":"product","2":"type-product","3":"status-publish","4":"has-post-thumbnail","6":"product_cat-larca-ca","7":"autores-burroughs-edgar-rice-ca","8":"formatos-llibre","9":"materias-cuentos-clasicos-de-generos-fantasticos-ca","11":"first","12":"instock","13":"purchasable","14":"product-type-simple"},"yoast_head":"<!-- This site is optimized with the Yoast SEO plugin v27.3 - https:\/\/yoast.com\/product\/yoast-seo-wordpress\/ -->\n<title>L&#039;odissea b\u00e0rbara | Laertes ediciones<\/title>\n<meta name=\"robots\" content=\"index, follow, max-snippet:-1, max-image-preview:large, max-video-preview:-1\" \/>\n<link rel=\"canonical\" href=\"https:\/\/www.laertes.es\/ca\/llibre\/lodissea-barbara\/\" \/>\n<meta property=\"og:locale\" content=\"ca_ES\" \/>\n<meta property=\"og:type\" content=\"article\" \/>\n<meta property=\"og:title\" content=\"L&#039;odissea b\u00e0rbara | Laertes ediciones\" \/>\n<meta property=\"og:description\" content=\"Policia en ciutats frontereres, minaire en ciutats conflictives, viatjant de productes innecessaris, periodista per a diaris locals, oficial del Set\u00e8 de Cavalleria, ocasionalment confiter, i finalment executiu de grans empreses, als trenta-cinc anys Edgar Rice Burroughs (1875-1950) va comen\u00e7ar a escriure hist\u00f2ries fant\u00e0stiques que des del primer moment havien de tenir una enorme acceptaci\u00f3 per part del p\u00fablic. \u00abAll Story Magazine\u00bb li publica el 1912 la primera de les aventures del capit\u00e0 John Carter (A Princess oi Mars), i el 1914, la primera de Tarzan (Tarzan of the Apes), personatges, tots dos, que el catapultaran a la fama. La saga marciana (que \u00e9s com es coneixen les nou novel\u00b7les que tenen John Carter com a protagonista) ha tingut continuadors i compta amb clubs de lectors arreu del m\u00f3n, i, pel que fa a Tarzan, els c\u00f2mics i el cinema (ja el 1918 es va filmar la primera pel\u00b7l\u00edcula sobre aquest personatge) l&#039;han convertit en una icona de la cultura popular del segle XX. Les novel\u00b7les sobre John Carter i Tarzan, a m\u00e9s de les conegudes com la saga venusiana, han convertit E.R. Burroughs en un dels autors m\u00e9s llegits i tradu\u00efts. L&#039;Odissea b\u00e0rbara (Beyond Thirty) es va publicar a \u00abAll Around Magazine\u00bb el 1916, i \u00e9s una de les obres menys conegudes del seu autor, fins al punt que no havia estat mai tradu\u00efda a cap llengua hisp\u00e0nica, mentre que les sagues marciana i venusiana i totes les novel\u00b7les sobre Tarzan s\u00ed que ho han estat. A pesar d&#039;aix\u00f2 les aventures d&#039;un mariner americ\u00e0 que, contra les ordenances del seu pa\u00eds, traspassa la prohibida Longitud 30\u00b0 Est i s&#039;endinsa en una Europa desconeguda (ens trobem en el segle XXII) contenen, sintetitzats, els exotismes i les fantasies que van fer famosos John Carter i Tarzan. Amb una gran facilitat i agilitat narratives, Burroughs ens explica una hist\u00f2ria ins\u00f2lita en qu\u00e8 els g\u00e8neres avent\u00farese i fant\u00e0stic anuncien, i proporcionen, les pautes dins les quals es mouran els primers llibres de ci\u00e8ncia-ficci\u00f3: inventiva, paisatges imaginaris i situacions sorprenents.\" \/>\n<meta property=\"og:url\" content=\"https:\/\/www.laertes.es\/ca\/llibre\/lodissea-barbara\/\" \/>\n<meta property=\"og:site_name\" content=\"Laertes ediciones\" \/>\n<meta property=\"og:image\" content=\"https:\/\/www.laertes.es\/wp-content\/uploads\/2023\/01\/9788475842158.jpg\" \/>\n\t<meta property=\"og:image:width\" content=\"721\" \/>\n\t<meta property=\"og:image:height\" content=\"1163\" \/>\n\t<meta property=\"og:image:type\" content=\"image\/jpeg\" \/>\n<script type=\"application\/ld+json\" class=\"yoast-schema-graph\">{\"@context\":\"https:\\\/\\\/schema.org\",\"@graph\":[{\"@type\":\"WebPage\",\"@id\":\"https:\\\/\\\/www.laertes.es\\\/ca\\\/llibre\\\/lodissea-barbara\\\/\",\"url\":\"https:\\\/\\\/www.laertes.es\\\/ca\\\/llibre\\\/lodissea-barbara\\\/\",\"name\":\"L'odissea b\u00e0rbara | Laertes ediciones\",\"isPartOf\":{\"@id\":\"https:\\\/\\\/www.laertes.es\\\/ca\\\/#website\"},\"primaryImageOfPage\":{\"@id\":\"https:\\\/\\\/www.laertes.es\\\/ca\\\/llibre\\\/lodissea-barbara\\\/#primaryimage\"},\"image\":{\"@id\":\"https:\\\/\\\/www.laertes.es\\\/ca\\\/llibre\\\/lodissea-barbara\\\/#primaryimage\"},\"thumbnailUrl\":\"https:\\\/\\\/www.laertes.es\\\/wp-content\\\/uploads\\\/2023\\\/01\\\/9788475842158.jpg\",\"datePublished\":\"2023-01-24T15:07:18+00:00\",\"breadcrumb\":{\"@id\":\"https:\\\/\\\/www.laertes.es\\\/ca\\\/llibre\\\/lodissea-barbara\\\/#breadcrumb\"},\"inLanguage\":\"ca\",\"potentialAction\":[{\"@type\":\"ReadAction\",\"target\":[\"https:\\\/\\\/www.laertes.es\\\/ca\\\/llibre\\\/lodissea-barbara\\\/\"]}]},{\"@type\":\"ImageObject\",\"inLanguage\":\"ca\",\"@id\":\"https:\\\/\\\/www.laertes.es\\\/ca\\\/llibre\\\/lodissea-barbara\\\/#primaryimage\",\"url\":\"https:\\\/\\\/www.laertes.es\\\/wp-content\\\/uploads\\\/2023\\\/01\\\/9788475842158.jpg\",\"contentUrl\":\"https:\\\/\\\/www.laertes.es\\\/wp-content\\\/uploads\\\/2023\\\/01\\\/9788475842158.jpg\",\"width\":721,\"height\":1163},{\"@type\":\"BreadcrumbList\",\"@id\":\"https:\\\/\\\/www.laertes.es\\\/ca\\\/llibre\\\/lodissea-barbara\\\/#breadcrumb\",\"itemListElement\":[{\"@type\":\"ListItem\",\"position\":1,\"name\":\"Portada\",\"item\":\"https:\\\/\\\/www.laertes.es\\\/ca\\\/\"},{\"@type\":\"ListItem\",\"position\":2,\"name\":\"Tienda\",\"item\":\"https:\\\/\\\/www.laertes.es\\\/tienda\\\/\"},{\"@type\":\"ListItem\",\"position\":3,\"name\":\"L&#8217;odissea b\u00e0rbara\"}]},{\"@type\":\"WebSite\",\"@id\":\"https:\\\/\\\/www.laertes.es\\\/ca\\\/#website\",\"url\":\"https:\\\/\\\/www.laertes.es\\\/ca\\\/\",\"name\":\"Laertes Ediciones\",\"description\":\"Editorial independiente desde 1975\",\"alternateName\":\"Laertes\",\"potentialAction\":[{\"@type\":\"SearchAction\",\"target\":{\"@type\":\"EntryPoint\",\"urlTemplate\":\"https:\\\/\\\/www.laertes.es\\\/ca\\\/?s={search_term_string}\"},\"query-input\":{\"@type\":\"PropertyValueSpecification\",\"valueRequired\":true,\"valueName\":\"search_term_string\"}}],\"inLanguage\":\"ca\"}]}<\/script>\n<!-- \/ Yoast SEO plugin. -->","yoast_head_json":{"title":"L'odissea b\u00e0rbara | Laertes ediciones","robots":{"index":"index","follow":"follow","max-snippet":"max-snippet:-1","max-image-preview":"max-image-preview:large","max-video-preview":"max-video-preview:-1"},"canonical":"https:\/\/www.laertes.es\/ca\/llibre\/lodissea-barbara\/","og_locale":"ca_ES","og_type":"article","og_title":"L'odissea b\u00e0rbara | Laertes ediciones","og_description":"Policia en ciutats frontereres, minaire en ciutats conflictives, viatjant de productes innecessaris, periodista per a diaris locals, oficial del Set\u00e8 de Cavalleria, ocasionalment confiter, i finalment executiu de grans empreses, als trenta-cinc anys Edgar Rice Burroughs (1875-1950) va comen\u00e7ar a escriure hist\u00f2ries fant\u00e0stiques que des del primer moment havien de tenir una enorme acceptaci\u00f3 per part del p\u00fablic. \u00abAll Story Magazine\u00bb li publica el 1912 la primera de les aventures del capit\u00e0 John Carter (A Princess oi Mars), i el 1914, la primera de Tarzan (Tarzan of the Apes), personatges, tots dos, que el catapultaran a la fama. La saga marciana (que \u00e9s com es coneixen les nou novel\u00b7les que tenen John Carter com a protagonista) ha tingut continuadors i compta amb clubs de lectors arreu del m\u00f3n, i, pel que fa a Tarzan, els c\u00f2mics i el cinema (ja el 1918 es va filmar la primera pel\u00b7l\u00edcula sobre aquest personatge) l'han convertit en una icona de la cultura popular del segle XX. Les novel\u00b7les sobre John Carter i Tarzan, a m\u00e9s de les conegudes com la saga venusiana, han convertit E.R. Burroughs en un dels autors m\u00e9s llegits i tradu\u00efts. L'Odissea b\u00e0rbara (Beyond Thirty) es va publicar a \u00abAll Around Magazine\u00bb el 1916, i \u00e9s una de les obres menys conegudes del seu autor, fins al punt que no havia estat mai tradu\u00efda a cap llengua hisp\u00e0nica, mentre que les sagues marciana i venusiana i totes les novel\u00b7les sobre Tarzan s\u00ed que ho han estat. A pesar d'aix\u00f2 les aventures d'un mariner americ\u00e0 que, contra les ordenances del seu pa\u00eds, traspassa la prohibida Longitud 30\u00b0 Est i s'endinsa en una Europa desconeguda (ens trobem en el segle XXII) contenen, sintetitzats, els exotismes i les fantasies que van fer famosos John Carter i Tarzan. Amb una gran facilitat i agilitat narratives, Burroughs ens explica una hist\u00f2ria ins\u00f2lita en qu\u00e8 els g\u00e8neres avent\u00farese i fant\u00e0stic anuncien, i proporcionen, les pautes dins les quals es mouran els primers llibres de ci\u00e8ncia-ficci\u00f3: inventiva, paisatges imaginaris i situacions sorprenents.","og_url":"https:\/\/www.laertes.es\/ca\/llibre\/lodissea-barbara\/","og_site_name":"Laertes ediciones","og_image":[{"width":721,"height":1163,"url":"https:\/\/www.laertes.es\/wp-content\/uploads\/2023\/01\/9788475842158.jpg","type":"image\/jpeg"}],"schema":{"@context":"https:\/\/schema.org","@graph":[{"@type":"WebPage","@id":"https:\/\/www.laertes.es\/ca\/llibre\/lodissea-barbara\/","url":"https:\/\/www.laertes.es\/ca\/llibre\/lodissea-barbara\/","name":"L'odissea b\u00e0rbara | Laertes ediciones","isPartOf":{"@id":"https:\/\/www.laertes.es\/ca\/#website"},"primaryImageOfPage":{"@id":"https:\/\/www.laertes.es\/ca\/llibre\/lodissea-barbara\/#primaryimage"},"image":{"@id":"https:\/\/www.laertes.es\/ca\/llibre\/lodissea-barbara\/#primaryimage"},"thumbnailUrl":"https:\/\/www.laertes.es\/wp-content\/uploads\/2023\/01\/9788475842158.jpg","datePublished":"2023-01-24T15:07:18+00:00","breadcrumb":{"@id":"https:\/\/www.laertes.es\/ca\/llibre\/lodissea-barbara\/#breadcrumb"},"inLanguage":"ca","potentialAction":[{"@type":"ReadAction","target":["https:\/\/www.laertes.es\/ca\/llibre\/lodissea-barbara\/"]}]},{"@type":"ImageObject","inLanguage":"ca","@id":"https:\/\/www.laertes.es\/ca\/llibre\/lodissea-barbara\/#primaryimage","url":"https:\/\/www.laertes.es\/wp-content\/uploads\/2023\/01\/9788475842158.jpg","contentUrl":"https:\/\/www.laertes.es\/wp-content\/uploads\/2023\/01\/9788475842158.jpg","width":721,"height":1163},{"@type":"BreadcrumbList","@id":"https:\/\/www.laertes.es\/ca\/llibre\/lodissea-barbara\/#breadcrumb","itemListElement":[{"@type":"ListItem","position":1,"name":"Portada","item":"https:\/\/www.laertes.es\/ca\/"},{"@type":"ListItem","position":2,"name":"Tienda","item":"https:\/\/www.laertes.es\/tienda\/"},{"@type":"ListItem","position":3,"name":"L&#8217;odissea b\u00e0rbara"}]},{"@type":"WebSite","@id":"https:\/\/www.laertes.es\/ca\/#website","url":"https:\/\/www.laertes.es\/ca\/","name":"Laertes Ediciones","description":"Editorial independiente desde 1975","alternateName":"Laertes","potentialAction":[{"@type":"SearchAction","target":{"@type":"EntryPoint","urlTemplate":"https:\/\/www.laertes.es\/ca\/?s={search_term_string}"},"query-input":{"@type":"PropertyValueSpecification","valueRequired":true,"valueName":"search_term_string"}}],"inLanguage":"ca"}]}},"_links":{"self":[{"href":"https:\/\/www.laertes.es\/ca\/wp-json\/wp\/v2\/product\/11865","targetHints":{"allow":["GET"]}}],"collection":[{"href":"https:\/\/www.laertes.es\/ca\/wp-json\/wp\/v2\/product"}],"about":[{"href":"https:\/\/www.laertes.es\/ca\/wp-json\/wp\/v2\/types\/product"}],"version-history":[{"count":0,"href":"https:\/\/www.laertes.es\/ca\/wp-json\/wp\/v2\/product\/11865\/revisions"}],"wp:featuredmedia":[{"embeddable":true,"href":"https:\/\/www.laertes.es\/ca\/wp-json\/wp\/v2\/media\/9988"}],"wp:attachment":[{"href":"https:\/\/www.laertes.es\/ca\/wp-json\/wp\/v2\/media?parent=11865"}],"wp:term":[{"taxonomy":"product_brand","embeddable":true,"href":"https:\/\/www.laertes.es\/ca\/wp-json\/wp\/v2\/product_brand?post=11865"},{"taxonomy":"product_cat","embeddable":true,"href":"https:\/\/www.laertes.es\/ca\/wp-json\/wp\/v2\/product_cat?post=11865"},{"taxonomy":"product_tag","embeddable":true,"href":"https:\/\/www.laertes.es\/ca\/wp-json\/wp\/v2\/product_tag?post=11865"},{"taxonomy":"autores","embeddable":true,"href":"https:\/\/www.laertes.es\/ca\/wp-json\/wp\/v2\/autores?post=11865"},{"taxonomy":"formatos","embeddable":true,"href":"https:\/\/www.laertes.es\/ca\/wp-json\/wp\/v2\/formatos?post=11865"},{"taxonomy":"materias","embeddable":true,"href":"https:\/\/www.laertes.es\/ca\/wp-json\/wp\/v2\/materias?post=11865"}],"curies":[{"name":"wp","href":"https:\/\/api.w.org\/{rel}","templated":true}]}}