{"id":11864,"date":"2023-01-24T15:07:18","date_gmt":"2023-01-24T15:07:18","guid":{"rendered":"https:\/libro\/mes-que-huma\/"},"modified":"2024-08-21T05:55:48","modified_gmt":"2024-08-21T05:55:48","slug":"mes-que-huma","status":"publish","type":"product","link":"https:\/\/www.laertes.es\/ca\/llibre\/mes-que-huma\/","title":{"rendered":"M\u00e9s que hum\u00e0"},"content":{"rendered":"","protected":false},"excerpt":{"rendered":"<p>Un idiota a qui la gent tracta com un animal; una noia reclosa, amb la s\u00e8va germana, en un enorme casalot, per la por del seu pare a un m\u00f3n exterior hostil; una nena amb poders m\u00e0gics, que veu com la seva mare comparteix les hores de lleure amb diferents amants; dues nenes negres bessones que apareixen i desapareixen com follets, i un nen mong\u00f2lic, constitueixen els \u00abfreaks\u00bb principals de M\u00e9s que hum\u00e0, novel\u00b7la considerada com un dels relats fant\u00e0stics m\u00e9s interessants d&#8217;aquest segle. Theodore Sturgeon (Edward Hamilton Waldo, 1918-1985) va publicar a la revista \u00abGalaxy\u00bb, l&#8217;octubre de 1952, el relat \u00abEl nei\u00ef t\u00e9 tres anys\u00bb, que va causar un fort impacte entre els lectors, per la seva aud\u00e0cia i la seva qualitat narratives. M\u00e9s tard, Sturgeon li va afegir dos cap\u00edtols: una primera part, \u00abEl fabul\u00f3s idiota\u00bb, i una tercera, \u00abMoral\u00bb, conformant la novel\u00b7la M\u00e9s que hum\u00e0 amb la qual guanyaria l&#8217;International Fantasy Award el 1954 (un premi fuga\u00e7, de gran prestigi, que al cap de tres anys havia de guanyar J.R.R. Tolkien amb El senyor dels anells). Al llarg de la novel\u00b7la tamb\u00e9 veurem desfilar d&#8217;altres personatges: l&#8217;adolescent Gerard (Gerry), el psicoanalista Stern, la fam\u00edlia Prodd, el matem\u00e0tic Barrows, tots plegats no menys \u00abfreaks\u00bb que els anteriors, amb els quals formaran una galeria de personatges irrepetibles, \u00abuna memorable fantasia entorn al pr\u00f2xim pas en l&#8217;evoluci\u00f3 humana\u00bb (David Pringle). De l&#8217;extensa obra de Theodore Sturgeon cal destacar, a m\u00e9s de la novel\u00b7la que avui presentem i que el \u00abNew York Herald Tribune\u00bb va saludar com una obra mestra, Caviar, The Dreaming Jewels, Venus Plus X i Some of Your Blood.<\/p>\n","protected":false},"featured_media":9986,"template":"","meta":[],"product_brand":[],"product_cat":[296],"product_tag":[],"autores":[422],"formatos":[355],"materias":[356],"class_list":{"0":"post-11864","1":"product","2":"type-product","3":"status-publish","4":"has-post-thumbnail","6":"product_cat-larca-ca","7":"autores-sturgeon-theodore-ca","8":"formatos-llibre","9":"materias-cuentos-clasicos-de-generos-fantasticos-ca","11":"first","12":"outofstock","13":"purchasable","14":"product-type-simple"},"yoast_head":"<!-- This site is optimized with the Yoast SEO plugin v27.4 - https:\/\/yoast.com\/product\/yoast-seo-wordpress\/ -->\n<title>M\u00e9s que hum\u00e0 | Laertes ediciones<\/title>\n<meta name=\"robots\" content=\"index, follow, max-snippet:-1, max-image-preview:large, max-video-preview:-1\" \/>\n<link rel=\"canonical\" href=\"https:\/\/www.laertes.es\/ca\/llibre\/mes-que-huma\/\" \/>\n<meta property=\"og:locale\" content=\"ca_ES\" \/>\n<meta property=\"og:type\" content=\"article\" \/>\n<meta property=\"og:title\" content=\"M\u00e9s que hum\u00e0 | Laertes ediciones\" \/>\n<meta property=\"og:description\" content=\"Un idiota a qui la gent tracta com un animal; una noia reclosa, amb la s\u00e8va germana, en un enorme casalot, per la por del seu pare a un m\u00f3n exterior hostil; una nena amb poders m\u00e0gics, que veu com la seva mare comparteix les hores de lleure amb diferents amants; dues nenes negres bessones que apareixen i desapareixen com follets, i un nen mong\u00f2lic, constitueixen els \u00abfreaks\u00bb principals de M\u00e9s que hum\u00e0, novel\u00b7la considerada com un dels relats fant\u00e0stics m\u00e9s interessants d&#039;aquest segle. Theodore Sturgeon (Edward Hamilton Waldo, 1918-1985) va publicar a la revista \u00abGalaxy\u00bb, l&#039;octubre de 1952, el relat \u00abEl nei\u00ef t\u00e9 tres anys\u00bb, que va causar un fort impacte entre els lectors, per la seva aud\u00e0cia i la seva qualitat narratives. M\u00e9s tard, Sturgeon li va afegir dos cap\u00edtols: una primera part, \u00abEl fabul\u00f3s idiota\u00bb, i una tercera, \u00abMoral\u00bb, conformant la novel\u00b7la M\u00e9s que hum\u00e0 amb la qual guanyaria l&#039;International Fantasy Award el 1954 (un premi fuga\u00e7, de gran prestigi, que al cap de tres anys havia de guanyar J.R.R. Tolkien amb El senyor dels anells). Al llarg de la novel\u00b7la tamb\u00e9 veurem desfilar d&#039;altres personatges: l&#039;adolescent Gerard (Gerry), el psicoanalista Stern, la fam\u00edlia Prodd, el matem\u00e0tic Barrows, tots plegats no menys \u00abfreaks\u00bb que els anteriors, amb els quals formaran una galeria de personatges irrepetibles, \u00abuna memorable fantasia entorn al pr\u00f2xim pas en l&#039;evoluci\u00f3 humana\u00bb (David Pringle). De l&#039;extensa obra de Theodore Sturgeon cal destacar, a m\u00e9s de la novel\u00b7la que avui presentem i que el \u00abNew York Herald Tribune\u00bb va saludar com una obra mestra, Caviar, The Dreaming Jewels, Venus Plus X i Some of Your Blood.\" \/>\n<meta property=\"og:url\" content=\"https:\/\/www.laertes.es\/ca\/llibre\/mes-que-huma\/\" \/>\n<meta property=\"og:site_name\" content=\"Laertes ediciones\" \/>\n<meta property=\"article:modified_time\" content=\"2024-08-21T05:55:48+00:00\" \/>\n<meta property=\"og:image\" content=\"https:\/\/www.laertes.es\/wp-content\/uploads\/2023\/01\/9788475842141.jpg\" \/>\n\t<meta property=\"og:image:width\" content=\"715\" \/>\n\t<meta property=\"og:image:height\" content=\"1163\" \/>\n\t<meta property=\"og:image:type\" content=\"image\/jpeg\" \/>\n<script type=\"application\/ld+json\" class=\"yoast-schema-graph\">{\"@context\":\"https:\\\/\\\/schema.org\",\"@graph\":[{\"@type\":\"WebPage\",\"@id\":\"https:\\\/\\\/www.laertes.es\\\/ca\\\/llibre\\\/mes-que-huma\\\/\",\"url\":\"https:\\\/\\\/www.laertes.es\\\/ca\\\/llibre\\\/mes-que-huma\\\/\",\"name\":\"M\u00e9s que hum\u00e0 | Laertes ediciones\",\"isPartOf\":{\"@id\":\"https:\\\/\\\/www.laertes.es\\\/ca\\\/#website\"},\"primaryImageOfPage\":{\"@id\":\"https:\\\/\\\/www.laertes.es\\\/ca\\\/llibre\\\/mes-que-huma\\\/#primaryimage\"},\"image\":{\"@id\":\"https:\\\/\\\/www.laertes.es\\\/ca\\\/llibre\\\/mes-que-huma\\\/#primaryimage\"},\"thumbnailUrl\":\"https:\\\/\\\/www.laertes.es\\\/wp-content\\\/uploads\\\/2023\\\/01\\\/9788475842141.jpg\",\"datePublished\":\"2023-01-24T15:07:18+00:00\",\"dateModified\":\"2024-08-21T05:55:48+00:00\",\"breadcrumb\":{\"@id\":\"https:\\\/\\\/www.laertes.es\\\/ca\\\/llibre\\\/mes-que-huma\\\/#breadcrumb\"},\"inLanguage\":\"ca\",\"potentialAction\":[{\"@type\":\"ReadAction\",\"target\":[\"https:\\\/\\\/www.laertes.es\\\/ca\\\/llibre\\\/mes-que-huma\\\/\"]}]},{\"@type\":\"ImageObject\",\"inLanguage\":\"ca\",\"@id\":\"https:\\\/\\\/www.laertes.es\\\/ca\\\/llibre\\\/mes-que-huma\\\/#primaryimage\",\"url\":\"https:\\\/\\\/www.laertes.es\\\/wp-content\\\/uploads\\\/2023\\\/01\\\/9788475842141.jpg\",\"contentUrl\":\"https:\\\/\\\/www.laertes.es\\\/wp-content\\\/uploads\\\/2023\\\/01\\\/9788475842141.jpg\",\"width\":715,\"height\":1163},{\"@type\":\"BreadcrumbList\",\"@id\":\"https:\\\/\\\/www.laertes.es\\\/ca\\\/llibre\\\/mes-que-huma\\\/#breadcrumb\",\"itemListElement\":[{\"@type\":\"ListItem\",\"position\":1,\"name\":\"Portada\",\"item\":\"https:\\\/\\\/www.laertes.es\\\/ca\\\/\"},{\"@type\":\"ListItem\",\"position\":2,\"name\":\"Tienda\",\"item\":\"https:\\\/\\\/www.laertes.es\\\/tienda\\\/\"},{\"@type\":\"ListItem\",\"position\":3,\"name\":\"M\u00e9s que hum\u00e0\"}]},{\"@type\":\"WebSite\",\"@id\":\"https:\\\/\\\/www.laertes.es\\\/ca\\\/#website\",\"url\":\"https:\\\/\\\/www.laertes.es\\\/ca\\\/\",\"name\":\"Laertes Ediciones\",\"description\":\"Editorial independiente desde 1975\",\"alternateName\":\"Laertes\",\"potentialAction\":[{\"@type\":\"SearchAction\",\"target\":{\"@type\":\"EntryPoint\",\"urlTemplate\":\"https:\\\/\\\/www.laertes.es\\\/ca\\\/?s={search_term_string}\"},\"query-input\":{\"@type\":\"PropertyValueSpecification\",\"valueRequired\":true,\"valueName\":\"search_term_string\"}}],\"inLanguage\":\"ca\"}]}<\/script>\n<!-- \/ Yoast SEO plugin. -->","yoast_head_json":{"title":"M\u00e9s que hum\u00e0 | Laertes ediciones","robots":{"index":"index","follow":"follow","max-snippet":"max-snippet:-1","max-image-preview":"max-image-preview:large","max-video-preview":"max-video-preview:-1"},"canonical":"https:\/\/www.laertes.es\/ca\/llibre\/mes-que-huma\/","og_locale":"ca_ES","og_type":"article","og_title":"M\u00e9s que hum\u00e0 | Laertes ediciones","og_description":"Un idiota a qui la gent tracta com un animal; una noia reclosa, amb la s\u00e8va germana, en un enorme casalot, per la por del seu pare a un m\u00f3n exterior hostil; una nena amb poders m\u00e0gics, que veu com la seva mare comparteix les hores de lleure amb diferents amants; dues nenes negres bessones que apareixen i desapareixen com follets, i un nen mong\u00f2lic, constitueixen els \u00abfreaks\u00bb principals de M\u00e9s que hum\u00e0, novel\u00b7la considerada com un dels relats fant\u00e0stics m\u00e9s interessants d'aquest segle. Theodore Sturgeon (Edward Hamilton Waldo, 1918-1985) va publicar a la revista \u00abGalaxy\u00bb, l'octubre de 1952, el relat \u00abEl nei\u00ef t\u00e9 tres anys\u00bb, que va causar un fort impacte entre els lectors, per la seva aud\u00e0cia i la seva qualitat narratives. M\u00e9s tard, Sturgeon li va afegir dos cap\u00edtols: una primera part, \u00abEl fabul\u00f3s idiota\u00bb, i una tercera, \u00abMoral\u00bb, conformant la novel\u00b7la M\u00e9s que hum\u00e0 amb la qual guanyaria l'International Fantasy Award el 1954 (un premi fuga\u00e7, de gran prestigi, que al cap de tres anys havia de guanyar J.R.R. Tolkien amb El senyor dels anells). Al llarg de la novel\u00b7la tamb\u00e9 veurem desfilar d'altres personatges: l'adolescent Gerard (Gerry), el psicoanalista Stern, la fam\u00edlia Prodd, el matem\u00e0tic Barrows, tots plegats no menys \u00abfreaks\u00bb que els anteriors, amb els quals formaran una galeria de personatges irrepetibles, \u00abuna memorable fantasia entorn al pr\u00f2xim pas en l'evoluci\u00f3 humana\u00bb (David Pringle). De l'extensa obra de Theodore Sturgeon cal destacar, a m\u00e9s de la novel\u00b7la que avui presentem i que el \u00abNew York Herald Tribune\u00bb va saludar com una obra mestra, Caviar, The Dreaming Jewels, Venus Plus X i Some of Your Blood.","og_url":"https:\/\/www.laertes.es\/ca\/llibre\/mes-que-huma\/","og_site_name":"Laertes ediciones","article_modified_time":"2024-08-21T05:55:48+00:00","og_image":[{"width":715,"height":1163,"url":"https:\/\/www.laertes.es\/wp-content\/uploads\/2023\/01\/9788475842141.jpg","type":"image\/jpeg"}],"schema":{"@context":"https:\/\/schema.org","@graph":[{"@type":"WebPage","@id":"https:\/\/www.laertes.es\/ca\/llibre\/mes-que-huma\/","url":"https:\/\/www.laertes.es\/ca\/llibre\/mes-que-huma\/","name":"M\u00e9s que hum\u00e0 | Laertes ediciones","isPartOf":{"@id":"https:\/\/www.laertes.es\/ca\/#website"},"primaryImageOfPage":{"@id":"https:\/\/www.laertes.es\/ca\/llibre\/mes-que-huma\/#primaryimage"},"image":{"@id":"https:\/\/www.laertes.es\/ca\/llibre\/mes-que-huma\/#primaryimage"},"thumbnailUrl":"https:\/\/www.laertes.es\/wp-content\/uploads\/2023\/01\/9788475842141.jpg","datePublished":"2023-01-24T15:07:18+00:00","dateModified":"2024-08-21T05:55:48+00:00","breadcrumb":{"@id":"https:\/\/www.laertes.es\/ca\/llibre\/mes-que-huma\/#breadcrumb"},"inLanguage":"ca","potentialAction":[{"@type":"ReadAction","target":["https:\/\/www.laertes.es\/ca\/llibre\/mes-que-huma\/"]}]},{"@type":"ImageObject","inLanguage":"ca","@id":"https:\/\/www.laertes.es\/ca\/llibre\/mes-que-huma\/#primaryimage","url":"https:\/\/www.laertes.es\/wp-content\/uploads\/2023\/01\/9788475842141.jpg","contentUrl":"https:\/\/www.laertes.es\/wp-content\/uploads\/2023\/01\/9788475842141.jpg","width":715,"height":1163},{"@type":"BreadcrumbList","@id":"https:\/\/www.laertes.es\/ca\/llibre\/mes-que-huma\/#breadcrumb","itemListElement":[{"@type":"ListItem","position":1,"name":"Portada","item":"https:\/\/www.laertes.es\/ca\/"},{"@type":"ListItem","position":2,"name":"Tienda","item":"https:\/\/www.laertes.es\/tienda\/"},{"@type":"ListItem","position":3,"name":"M\u00e9s que hum\u00e0"}]},{"@type":"WebSite","@id":"https:\/\/www.laertes.es\/ca\/#website","url":"https:\/\/www.laertes.es\/ca\/","name":"Laertes Ediciones","description":"Editorial independiente desde 1975","alternateName":"Laertes","potentialAction":[{"@type":"SearchAction","target":{"@type":"EntryPoint","urlTemplate":"https:\/\/www.laertes.es\/ca\/?s={search_term_string}"},"query-input":{"@type":"PropertyValueSpecification","valueRequired":true,"valueName":"search_term_string"}}],"inLanguage":"ca"}]}},"_links":{"self":[{"href":"https:\/\/www.laertes.es\/ca\/wp-json\/wp\/v2\/product\/11864","targetHints":{"allow":["GET"]}}],"collection":[{"href":"https:\/\/www.laertes.es\/ca\/wp-json\/wp\/v2\/product"}],"about":[{"href":"https:\/\/www.laertes.es\/ca\/wp-json\/wp\/v2\/types\/product"}],"version-history":[{"count":1,"href":"https:\/\/www.laertes.es\/ca\/wp-json\/wp\/v2\/product\/11864\/revisions"}],"predecessor-version":[{"id":15266,"href":"https:\/\/www.laertes.es\/ca\/wp-json\/wp\/v2\/product\/11864\/revisions\/15266"}],"wp:featuredmedia":[{"embeddable":true,"href":"https:\/\/www.laertes.es\/ca\/wp-json\/wp\/v2\/media\/9986"}],"wp:attachment":[{"href":"https:\/\/www.laertes.es\/ca\/wp-json\/wp\/v2\/media?parent=11864"}],"wp:term":[{"taxonomy":"product_brand","embeddable":true,"href":"https:\/\/www.laertes.es\/ca\/wp-json\/wp\/v2\/product_brand?post=11864"},{"taxonomy":"product_cat","embeddable":true,"href":"https:\/\/www.laertes.es\/ca\/wp-json\/wp\/v2\/product_cat?post=11864"},{"taxonomy":"product_tag","embeddable":true,"href":"https:\/\/www.laertes.es\/ca\/wp-json\/wp\/v2\/product_tag?post=11864"},{"taxonomy":"autores","embeddable":true,"href":"https:\/\/www.laertes.es\/ca\/wp-json\/wp\/v2\/autores?post=11864"},{"taxonomy":"formatos","embeddable":true,"href":"https:\/\/www.laertes.es\/ca\/wp-json\/wp\/v2\/formatos?post=11864"},{"taxonomy":"materias","embeddable":true,"href":"https:\/\/www.laertes.es\/ca\/wp-json\/wp\/v2\/materias?post=11864"}],"curies":[{"name":"wp","href":"https:\/\/api.w.org\/{rel}","templated":true}]}}