{"id":11863,"date":"2023-01-24T15:07:18","date_gmt":"2023-01-24T15:07:18","guid":{"rendered":"https:\/libro\/la-cambra-de-la-torre\/"},"modified":"2023-05-08T11:02:16","modified_gmt":"2023-05-08T11:02:16","slug":"la-cambra-de-la-torre","status":"publish","type":"product","link":"https:\/\/www.laertes.es\/ca\/llibre\/la-cambra-de-la-torre\/","title":{"rendered":"La cambra de la torre"},"content":{"rendered":"<h1>La cambra de la torre<\/h1>\n<p>La cambra de la torre E(dward) F(rederick) Benson (1867- 1940), membre d&#8217;una singular fam\u00edlia liter\u00e0ria tant en el vessant inspirador com creatiu, va ser un escriptor d&#8217;\u00e8xit a la seva \u00e8poca, gr\u00e0cies a les seves novel\u00b7les humor\u00edstiques, hist\u00f2riques i d&#8217;aventures a l&#8217;estil d&#8217;El presoner de Zenda, i curiosament tamb\u00e9 autor de manuals encarregats pel ministeri de Defensa brit\u00e0nic. No tan curi\u00f3s, per\u00f2, \u00e9s el fet que se sent\u00eds atret, com molts altres escriptors anglesos coetanis seus, pels contes de fantasmes: la seva fam\u00edlia, i ell en particular, es movien en un r\u00edgid ambient victori\u00e0, preocupats i fascinats per llegendes transgressores, que prenien vida en els llocs i racons de la seva vida quotidiana. Pel que sembla, ell i la seva fam\u00edlia van ser els que van inspirar a Henry James la seva famosa novel\u00b7la <em>The Turn of the Screw<\/em> (<em>Un altre pas de rosca<\/em>). Aix\u00ed doncs, no \u00e9s estrany que el conte que obre aquesta antologia, <em>La cambra de la torre<\/em>, es desenrotlli a l&#8217;habitaci\u00f3 en qu\u00e8 el seu pare tenia l&#8217;estudi, i que el conte que la tanca, Mrs. Amworth, tingui com a protagonista una dama encantadora, amant de les flors, i que l&#8217;acci\u00f3 transcorri en un poble per on els caps de setmana passen tot de cotxes que fan cap a Brighton.<\/p>\n<p>E(dward) F(rederick) Benson (1867- 1940), membre d&#8217;una singular fam\u00edlia liter\u00e0ria tant en el vessant inspirador com creatiu, va ser un escriptor d&#8217;\u00e8xit a la seva \u00e8poca, gr\u00e0cies a les seves novel\u00b7les humor\u00edstiques, hist\u00f2riques i d&#8217;aventures a l&#8217;estil d&#8217;El presoner de Zenda, i curiosament tamb\u00e9 autor de manuals encarregats pel ministeri de Defensa brit\u00e0nic. No tan curi\u00f3s, per\u00f2, \u00e9s el fet que se sent\u00eds atret, com molts altres escriptors anglesos coetanis seus, pels contes de fantasmes: la seva fam\u00edlia, i ell en particular, es movien en un r\u00edgid ambient victori\u00e0, preocupats i fascinats per llegendes transgressores, que prenien vida en els llocs i racons de la seva vida quotidiana. Pel que sembla, ell i la seva fam\u00edlia van ser els que van inspirar a Henry James la seva famosa novel\u00b7la <em>The Turn of the Screw<\/em> (<em>Un altre pas de rosca<\/em>). Aix\u00ed doncs, no \u00e9s estrany que el conte que obre aquesta antologia, <em>La cambra de la torre<\/em>, es desenrotlli a l&#8217;habitaci\u00f3 en qu\u00e8 el seu pare tenia l&#8217;estudi, i que el conte que la tanca, Mrs. Amworth, tingui com a protagonista una dama encantadora, amant de les flors, i que l&#8217;acci\u00f3 transcorri en un poble per on els caps de setmana passen tot de cotxes que fan cap a Brighton.<\/p>\n","protected":false},"excerpt":{"rendered":"<p>E(dward) F(rederick) Benson (1867- 1940), membre d&#8217;una singular fam\u00edlia liter\u00e0ria tant en el vessant inspirador com creatiu, va ser un escriptor d&#8217;\u00e8xit a la seva \u00e8poca, gr\u00e0cies a les seves novel\u00b7les humor\u00edstiques, hist\u00f2riques i d&#8217;aventures a l&#8217;estil de El presoner de Zenda, i curiosament tamb\u00e9 autor de manuals encarregats pel ministeri de Defensa brit\u00e0nic. No tan curi\u00f3s, per\u00f2, \u00e9s el fet que se sent\u00eds atret, com molts altres escriptors anglesos coetanis seus, pels contes de fantasmes: la seva fam\u00edlia, i ell en particular, es movien en un r\u00edgid ambient victori\u00e0, preocupats i fascinats per llegendes transgressores, que prenien vida en els llocs i racons de la seva vida quotidiana. Pel que sembla, ell i la seva fam\u00edlia van ser els que van inspirar a Henry James la seva famosa novel\u00b7la The Turn of the Screw (Un altre pas de rosca).Aix\u00ed doncs, no \u00e9s estrany que el conte que obre aquesta antologia, La cambra de la torre, es desenrotlli a l&#8217;habitaci\u00f3 en qu\u00e8 el seu pare tenia l&#8217;estudi, i que el conte que la tanca, Mrs. Amworth, tingui com a protagonista una dama encantadora, amant de les flors, i que l&#8217;acci\u00f3 transcorri en un poble per on els caps de setmana passen tot de cotxes que fan cap a Brighton.<\/p>\n","protected":false},"featured_media":13629,"template":"","meta":[],"product_brand":[],"product_cat":[296],"product_tag":[672,1112],"autores":[420],"formatos":[355],"materias":[356],"class_list":{"0":"post-11863","1":"product","2":"type-product","3":"status-publish","4":"has-post-thumbnail","6":"product_cat-larca-ca","7":"product_tag-literatura-fantastica-ca","8":"product_tag-relats-ca","9":"autores-benson-edward-frederick-ca","10":"formatos-llibre","11":"materias-cuentos-clasicos-de-generos-fantasticos-ca","13":"first","14":"instock","15":"purchasable","16":"product-type-simple"},"yoast_head":"<!-- This site is optimized with the Yoast SEO plugin v27.4 - https:\/\/yoast.com\/product\/yoast-seo-wordpress\/ -->\n<title>La cambra de la torre | Laertes ediciones<\/title>\n<meta name=\"description\" content=\"La cambra de la torre, E(dward) F(rederick) Benson (1867- 1940), membre d&#039;una singular fam\u00edlia liter\u00e0ria tant en el vessant inspirador com creatiu.\" \/>\n<meta name=\"robots\" content=\"index, follow, max-snippet:-1, max-image-preview:large, max-video-preview:-1\" \/>\n<link rel=\"canonical\" href=\"https:\/\/www.laertes.es\/ca\/llibre\/la-cambra-de-la-torre\/\" \/>\n<meta property=\"og:locale\" content=\"ca_ES\" \/>\n<meta property=\"og:type\" content=\"article\" \/>\n<meta property=\"og:title\" content=\"La cambra de la torre | Laertes ediciones\" \/>\n<meta property=\"og:description\" content=\"La cambra de la torre, E(dward) F(rederick) Benson (1867- 1940), membre d&#039;una singular fam\u00edlia liter\u00e0ria tant en el vessant inspirador com creatiu.\" \/>\n<meta property=\"og:url\" content=\"https:\/\/www.laertes.es\/ca\/llibre\/la-cambra-de-la-torre\/\" \/>\n<meta property=\"og:site_name\" content=\"Laertes ediciones\" \/>\n<meta property=\"article:modified_time\" content=\"2023-05-08T11:02:16+00:00\" \/>\n<meta property=\"og:image\" content=\"https:\/\/www.laertes.es\/wp-content\/uploads\/2023\/01\/ARC059.webp\" \/>\n\t<meta property=\"og:image:width\" content=\"802\" \/>\n\t<meta property=\"og:image:height\" content=\"1200\" \/>\n\t<meta property=\"og:image:type\" content=\"image\/webp\" \/>\n<meta name=\"twitter:label1\" content=\"Temps estimat de lectura\" \/>\n\t<meta name=\"twitter:data1\" content=\"2 minuts\" \/>\n<script type=\"application\/ld+json\" class=\"yoast-schema-graph\">{\"@context\":\"https:\\\/\\\/schema.org\",\"@graph\":[{\"@type\":\"WebPage\",\"@id\":\"https:\\\/\\\/www.laertes.es\\\/ca\\\/llibre\\\/la-cambra-de-la-torre\\\/\",\"url\":\"https:\\\/\\\/www.laertes.es\\\/ca\\\/llibre\\\/la-cambra-de-la-torre\\\/\",\"name\":\"La cambra de la torre | Laertes ediciones\",\"isPartOf\":{\"@id\":\"https:\\\/\\\/www.laertes.es\\\/ca\\\/#website\"},\"primaryImageOfPage\":{\"@id\":\"https:\\\/\\\/www.laertes.es\\\/ca\\\/llibre\\\/la-cambra-de-la-torre\\\/#primaryimage\"},\"image\":{\"@id\":\"https:\\\/\\\/www.laertes.es\\\/ca\\\/llibre\\\/la-cambra-de-la-torre\\\/#primaryimage\"},\"thumbnailUrl\":\"https:\\\/\\\/www.laertes.es\\\/wp-content\\\/uploads\\\/2023\\\/01\\\/ARC059.webp\",\"datePublished\":\"2023-01-24T15:07:18+00:00\",\"dateModified\":\"2023-05-08T11:02:16+00:00\",\"description\":\"La cambra de la torre, E(dward) F(rederick) Benson (1867- 1940), membre d'una singular fam\u00edlia liter\u00e0ria tant en el vessant inspirador com creatiu.\",\"breadcrumb\":{\"@id\":\"https:\\\/\\\/www.laertes.es\\\/ca\\\/llibre\\\/la-cambra-de-la-torre\\\/#breadcrumb\"},\"inLanguage\":\"ca\",\"potentialAction\":[{\"@type\":\"ReadAction\",\"target\":[\"https:\\\/\\\/www.laertes.es\\\/ca\\\/llibre\\\/la-cambra-de-la-torre\\\/\"]}]},{\"@type\":\"ImageObject\",\"inLanguage\":\"ca\",\"@id\":\"https:\\\/\\\/www.laertes.es\\\/ca\\\/llibre\\\/la-cambra-de-la-torre\\\/#primaryimage\",\"url\":\"https:\\\/\\\/www.laertes.es\\\/wp-content\\\/uploads\\\/2023\\\/01\\\/ARC059.webp\",\"contentUrl\":\"https:\\\/\\\/www.laertes.es\\\/wp-content\\\/uploads\\\/2023\\\/01\\\/ARC059.webp\",\"width\":802,\"height\":1200,\"caption\":\"La cambra de la torre\"},{\"@type\":\"BreadcrumbList\",\"@id\":\"https:\\\/\\\/www.laertes.es\\\/ca\\\/llibre\\\/la-cambra-de-la-torre\\\/#breadcrumb\",\"itemListElement\":[{\"@type\":\"ListItem\",\"position\":1,\"name\":\"Portada\",\"item\":\"https:\\\/\\\/www.laertes.es\\\/ca\\\/\"},{\"@type\":\"ListItem\",\"position\":2,\"name\":\"Tienda\",\"item\":\"https:\\\/\\\/www.laertes.es\\\/tienda\\\/\"},{\"@type\":\"ListItem\",\"position\":3,\"name\":\"La cambra de la torre\"}]},{\"@type\":\"WebSite\",\"@id\":\"https:\\\/\\\/www.laertes.es\\\/ca\\\/#website\",\"url\":\"https:\\\/\\\/www.laertes.es\\\/ca\\\/\",\"name\":\"Laertes Ediciones\",\"description\":\"Editorial independiente desde 1975\",\"alternateName\":\"Laertes\",\"potentialAction\":[{\"@type\":\"SearchAction\",\"target\":{\"@type\":\"EntryPoint\",\"urlTemplate\":\"https:\\\/\\\/www.laertes.es\\\/ca\\\/?s={search_term_string}\"},\"query-input\":{\"@type\":\"PropertyValueSpecification\",\"valueRequired\":true,\"valueName\":\"search_term_string\"}}],\"inLanguage\":\"ca\"}]}<\/script>\n<!-- \/ Yoast SEO plugin. -->","yoast_head_json":{"title":"La cambra de la torre | Laertes ediciones","description":"La cambra de la torre, E(dward) F(rederick) Benson (1867- 1940), membre d'una singular fam\u00edlia liter\u00e0ria tant en el vessant inspirador com creatiu.","robots":{"index":"index","follow":"follow","max-snippet":"max-snippet:-1","max-image-preview":"max-image-preview:large","max-video-preview":"max-video-preview:-1"},"canonical":"https:\/\/www.laertes.es\/ca\/llibre\/la-cambra-de-la-torre\/","og_locale":"ca_ES","og_type":"article","og_title":"La cambra de la torre | Laertes ediciones","og_description":"La cambra de la torre, E(dward) F(rederick) Benson (1867- 1940), membre d'una singular fam\u00edlia liter\u00e0ria tant en el vessant inspirador com creatiu.","og_url":"https:\/\/www.laertes.es\/ca\/llibre\/la-cambra-de-la-torre\/","og_site_name":"Laertes ediciones","article_modified_time":"2023-05-08T11:02:16+00:00","og_image":[{"width":802,"height":1200,"url":"https:\/\/www.laertes.es\/wp-content\/uploads\/2023\/01\/ARC059.webp","type":"image\/webp"}],"twitter_misc":{"Temps estimat de lectura":"2 minuts"},"schema":{"@context":"https:\/\/schema.org","@graph":[{"@type":"WebPage","@id":"https:\/\/www.laertes.es\/ca\/llibre\/la-cambra-de-la-torre\/","url":"https:\/\/www.laertes.es\/ca\/llibre\/la-cambra-de-la-torre\/","name":"La cambra de la torre | Laertes ediciones","isPartOf":{"@id":"https:\/\/www.laertes.es\/ca\/#website"},"primaryImageOfPage":{"@id":"https:\/\/www.laertes.es\/ca\/llibre\/la-cambra-de-la-torre\/#primaryimage"},"image":{"@id":"https:\/\/www.laertes.es\/ca\/llibre\/la-cambra-de-la-torre\/#primaryimage"},"thumbnailUrl":"https:\/\/www.laertes.es\/wp-content\/uploads\/2023\/01\/ARC059.webp","datePublished":"2023-01-24T15:07:18+00:00","dateModified":"2023-05-08T11:02:16+00:00","description":"La cambra de la torre, E(dward) F(rederick) Benson (1867- 1940), membre d'una singular fam\u00edlia liter\u00e0ria tant en el vessant inspirador com creatiu.","breadcrumb":{"@id":"https:\/\/www.laertes.es\/ca\/llibre\/la-cambra-de-la-torre\/#breadcrumb"},"inLanguage":"ca","potentialAction":[{"@type":"ReadAction","target":["https:\/\/www.laertes.es\/ca\/llibre\/la-cambra-de-la-torre\/"]}]},{"@type":"ImageObject","inLanguage":"ca","@id":"https:\/\/www.laertes.es\/ca\/llibre\/la-cambra-de-la-torre\/#primaryimage","url":"https:\/\/www.laertes.es\/wp-content\/uploads\/2023\/01\/ARC059.webp","contentUrl":"https:\/\/www.laertes.es\/wp-content\/uploads\/2023\/01\/ARC059.webp","width":802,"height":1200,"caption":"La cambra de la torre"},{"@type":"BreadcrumbList","@id":"https:\/\/www.laertes.es\/ca\/llibre\/la-cambra-de-la-torre\/#breadcrumb","itemListElement":[{"@type":"ListItem","position":1,"name":"Portada","item":"https:\/\/www.laertes.es\/ca\/"},{"@type":"ListItem","position":2,"name":"Tienda","item":"https:\/\/www.laertes.es\/tienda\/"},{"@type":"ListItem","position":3,"name":"La cambra de la torre"}]},{"@type":"WebSite","@id":"https:\/\/www.laertes.es\/ca\/#website","url":"https:\/\/www.laertes.es\/ca\/","name":"Laertes Ediciones","description":"Editorial independiente desde 1975","alternateName":"Laertes","potentialAction":[{"@type":"SearchAction","target":{"@type":"EntryPoint","urlTemplate":"https:\/\/www.laertes.es\/ca\/?s={search_term_string}"},"query-input":{"@type":"PropertyValueSpecification","valueRequired":true,"valueName":"search_term_string"}}],"inLanguage":"ca"}]}},"_links":{"self":[{"href":"https:\/\/www.laertes.es\/ca\/wp-json\/wp\/v2\/product\/11863","targetHints":{"allow":["GET"]}}],"collection":[{"href":"https:\/\/www.laertes.es\/ca\/wp-json\/wp\/v2\/product"}],"about":[{"href":"https:\/\/www.laertes.es\/ca\/wp-json\/wp\/v2\/types\/product"}],"version-history":[{"count":1,"href":"https:\/\/www.laertes.es\/ca\/wp-json\/wp\/v2\/product\/11863\/revisions"}],"predecessor-version":[{"id":13631,"href":"https:\/\/www.laertes.es\/ca\/wp-json\/wp\/v2\/product\/11863\/revisions\/13631"}],"wp:featuredmedia":[{"embeddable":true,"href":"https:\/\/www.laertes.es\/ca\/wp-json\/wp\/v2\/media\/13629"}],"wp:attachment":[{"href":"https:\/\/www.laertes.es\/ca\/wp-json\/wp\/v2\/media?parent=11863"}],"wp:term":[{"taxonomy":"product_brand","embeddable":true,"href":"https:\/\/www.laertes.es\/ca\/wp-json\/wp\/v2\/product_brand?post=11863"},{"taxonomy":"product_cat","embeddable":true,"href":"https:\/\/www.laertes.es\/ca\/wp-json\/wp\/v2\/product_cat?post=11863"},{"taxonomy":"product_tag","embeddable":true,"href":"https:\/\/www.laertes.es\/ca\/wp-json\/wp\/v2\/product_tag?post=11863"},{"taxonomy":"autores","embeddable":true,"href":"https:\/\/www.laertes.es\/ca\/wp-json\/wp\/v2\/autores?post=11863"},{"taxonomy":"formatos","embeddable":true,"href":"https:\/\/www.laertes.es\/ca\/wp-json\/wp\/v2\/formatos?post=11863"},{"taxonomy":"materias","embeddable":true,"href":"https:\/\/www.laertes.es\/ca\/wp-json\/wp\/v2\/materias?post=11863"}],"curies":[{"name":"wp","href":"https:\/\/api.w.org\/{rel}","templated":true}]}}