{"id":11862,"date":"2023-01-24T15:07:18","date_gmt":"2023-01-24T15:07:18","guid":{"rendered":"https:\/libro\/la-verge-dels-set-punyals-la-veu-perversa\/"},"modified":"2023-05-08T12:52:34","modified_gmt":"2023-05-08T12:52:34","slug":"la-verge-dels-set-punyals-la-veu-perversa","status":"publish","type":"product","link":"https:\/\/www.laertes.es\/ca\/llibre\/la-verge-dels-set-punyals-la-veu-perversa\/","title":{"rendered":"La verge dels set punyals \/ La veu perversa"},"content":{"rendered":"","protected":false},"excerpt":{"rendered":"<p>Una de les m\u00e1s subtils escriptores d&#8217;hist\u00f2ries de fantasmes \u00e9s Vernon Lee. Al llarg de La Verge dels Set Punyals hi ha escampada l&#8217;efervesc\u00e8ncia de la m\u00e0gia negra i sempre hi plana perillosa, tenebrosa i fosca, a punt de tancar-se com una urpa, l&#8217;ombra del Sant Ofici. Aqu\u00ed Vernon Lee s&#8217;endinsa amb valent\u00eda en les llegendes castellanes i en el barroc espanyol. L&#8217;altre conte d&#8217;aquest volum, La veu perversa, \u00e9s de 1892 i va ser un dels \u00faltims que l&#8217;escriptora va escriure dins del vessant de la narrativa fant\u00e1stica. Hi \u00e9s present la m\u00fasica, que s&#8217;erigeix en la protagonista. Vernon Lee posa l&#8217;erudici\u00f3 directament al servei de la fantasia; en aquests dos contes hi ha tones de coneixement i de bon saber, geni creador i inventiva, esquitxada, aix\u00f2 sempre, amb grapats de gr\u00e0cia i selpebrada de fina ironia.<\/p>\n","protected":false},"featured_media":13643,"template":"","meta":[],"product_brand":[],"product_cat":[296],"product_tag":[],"autores":[407],"formatos":[355],"materias":[356],"class_list":{"0":"post-11862","1":"product","2":"type-product","3":"status-publish","4":"has-post-thumbnail","6":"product_cat-larca-ca","7":"autores-lee-vernon-ca","8":"formatos-llibre","9":"materias-cuentos-clasicos-de-generos-fantasticos-ca","11":"first","12":"instock","13":"purchasable","14":"product-type-simple"},"yoast_head":"<!-- This site is optimized with the Yoast SEO plugin v27.3 - https:\/\/yoast.com\/product\/yoast-seo-wordpress\/ -->\n<title>La verge dels set punyals \/ La veu perversa | Laertes ediciones<\/title>\n<meta name=\"robots\" content=\"index, follow, max-snippet:-1, max-image-preview:large, max-video-preview:-1\" \/>\n<link rel=\"canonical\" href=\"https:\/\/www.laertes.es\/ca\/llibre\/la-verge-dels-set-punyals-la-veu-perversa\/\" \/>\n<meta property=\"og:locale\" content=\"ca_ES\" \/>\n<meta property=\"og:type\" content=\"article\" \/>\n<meta property=\"og:title\" content=\"La verge dels set punyals \/ La veu perversa | Laertes ediciones\" \/>\n<meta property=\"og:description\" content=\"Una de les m\u00e1s subtils escriptores d&#039;hist\u00f2ries de fantasmes \u00e9s Vernon Lee. Al llarg de La Verge dels Set Punyals hi ha escampada l&#039;efervesc\u00e8ncia de la m\u00e0gia negra i sempre hi plana perillosa, tenebrosa i fosca, a punt de tancar-se com una urpa, l&#039;ombra del Sant Ofici. Aqu\u00ed Vernon Lee s&#039;endinsa amb valent\u00eda en les llegendes castellanes i en el barroc espanyol. L&#039;altre conte d&#039;aquest volum, La veu perversa, \u00e9s de 1892 i va ser un dels \u00faltims que l&#039;escriptora va escriure dins del vessant de la narrativa fant\u00e1stica. Hi \u00e9s present la m\u00fasica, que s&#039;erigeix en la protagonista. Vernon Lee posa l&#039;erudici\u00f3 directament al servei de la fantasia; en aquests dos contes hi ha tones de coneixement i de bon saber, geni creador i inventiva, esquitxada, aix\u00f2 sempre, amb grapats de gr\u00e0cia i selpebrada de fina ironia.\" \/>\n<meta property=\"og:url\" content=\"https:\/\/www.laertes.es\/ca\/llibre\/la-verge-dels-set-punyals-la-veu-perversa\/\" \/>\n<meta property=\"og:site_name\" content=\"Laertes ediciones\" \/>\n<meta property=\"article:modified_time\" content=\"2023-05-08T12:52:34+00:00\" \/>\n<meta property=\"og:image\" content=\"https:\/\/www.laertes.es\/wp-content\/uploads\/2023\/01\/ARC076.webp\" \/>\n\t<meta property=\"og:image:width\" content=\"802\" \/>\n\t<meta property=\"og:image:height\" content=\"1200\" \/>\n\t<meta property=\"og:image:type\" content=\"image\/webp\" \/>\n<script type=\"application\/ld+json\" class=\"yoast-schema-graph\">{\"@context\":\"https:\\\/\\\/schema.org\",\"@graph\":[{\"@type\":\"WebPage\",\"@id\":\"https:\\\/\\\/www.laertes.es\\\/ca\\\/llibre\\\/la-verge-dels-set-punyals-la-veu-perversa\\\/\",\"url\":\"https:\\\/\\\/www.laertes.es\\\/ca\\\/llibre\\\/la-verge-dels-set-punyals-la-veu-perversa\\\/\",\"name\":\"La verge dels set punyals \\\/ La veu perversa | Laertes ediciones\",\"isPartOf\":{\"@id\":\"https:\\\/\\\/www.laertes.es\\\/ca\\\/#website\"},\"primaryImageOfPage\":{\"@id\":\"https:\\\/\\\/www.laertes.es\\\/ca\\\/llibre\\\/la-verge-dels-set-punyals-la-veu-perversa\\\/#primaryimage\"},\"image\":{\"@id\":\"https:\\\/\\\/www.laertes.es\\\/ca\\\/llibre\\\/la-verge-dels-set-punyals-la-veu-perversa\\\/#primaryimage\"},\"thumbnailUrl\":\"https:\\\/\\\/www.laertes.es\\\/wp-content\\\/uploads\\\/2023\\\/01\\\/ARC076.webp\",\"datePublished\":\"2023-01-24T15:07:18+00:00\",\"dateModified\":\"2023-05-08T12:52:34+00:00\",\"breadcrumb\":{\"@id\":\"https:\\\/\\\/www.laertes.es\\\/ca\\\/llibre\\\/la-verge-dels-set-punyals-la-veu-perversa\\\/#breadcrumb\"},\"inLanguage\":\"ca\",\"potentialAction\":[{\"@type\":\"ReadAction\",\"target\":[\"https:\\\/\\\/www.laertes.es\\\/ca\\\/llibre\\\/la-verge-dels-set-punyals-la-veu-perversa\\\/\"]}]},{\"@type\":\"ImageObject\",\"inLanguage\":\"ca\",\"@id\":\"https:\\\/\\\/www.laertes.es\\\/ca\\\/llibre\\\/la-verge-dels-set-punyals-la-veu-perversa\\\/#primaryimage\",\"url\":\"https:\\\/\\\/www.laertes.es\\\/wp-content\\\/uploads\\\/2023\\\/01\\\/ARC076.webp\",\"contentUrl\":\"https:\\\/\\\/www.laertes.es\\\/wp-content\\\/uploads\\\/2023\\\/01\\\/ARC076.webp\",\"width\":802,\"height\":1200},{\"@type\":\"BreadcrumbList\",\"@id\":\"https:\\\/\\\/www.laertes.es\\\/ca\\\/llibre\\\/la-verge-dels-set-punyals-la-veu-perversa\\\/#breadcrumb\",\"itemListElement\":[{\"@type\":\"ListItem\",\"position\":1,\"name\":\"Portada\",\"item\":\"https:\\\/\\\/www.laertes.es\\\/ca\\\/\"},{\"@type\":\"ListItem\",\"position\":2,\"name\":\"Tienda\",\"item\":\"https:\\\/\\\/www.laertes.es\\\/tienda\\\/\"},{\"@type\":\"ListItem\",\"position\":3,\"name\":\"La verge dels set punyals \\\/ La veu perversa\"}]},{\"@type\":\"WebSite\",\"@id\":\"https:\\\/\\\/www.laertes.es\\\/ca\\\/#website\",\"url\":\"https:\\\/\\\/www.laertes.es\\\/ca\\\/\",\"name\":\"Laertes Ediciones\",\"description\":\"Editorial independiente desde 1975\",\"alternateName\":\"Laertes\",\"potentialAction\":[{\"@type\":\"SearchAction\",\"target\":{\"@type\":\"EntryPoint\",\"urlTemplate\":\"https:\\\/\\\/www.laertes.es\\\/ca\\\/?s={search_term_string}\"},\"query-input\":{\"@type\":\"PropertyValueSpecification\",\"valueRequired\":true,\"valueName\":\"search_term_string\"}}],\"inLanguage\":\"ca\"}]}<\/script>\n<!-- \/ Yoast SEO plugin. -->","yoast_head_json":{"title":"La verge dels set punyals \/ La veu perversa | Laertes ediciones","robots":{"index":"index","follow":"follow","max-snippet":"max-snippet:-1","max-image-preview":"max-image-preview:large","max-video-preview":"max-video-preview:-1"},"canonical":"https:\/\/www.laertes.es\/ca\/llibre\/la-verge-dels-set-punyals-la-veu-perversa\/","og_locale":"ca_ES","og_type":"article","og_title":"La verge dels set punyals \/ La veu perversa | Laertes ediciones","og_description":"Una de les m\u00e1s subtils escriptores d'hist\u00f2ries de fantasmes \u00e9s Vernon Lee. Al llarg de La Verge dels Set Punyals hi ha escampada l'efervesc\u00e8ncia de la m\u00e0gia negra i sempre hi plana perillosa, tenebrosa i fosca, a punt de tancar-se com una urpa, l'ombra del Sant Ofici. Aqu\u00ed Vernon Lee s'endinsa amb valent\u00eda en les llegendes castellanes i en el barroc espanyol. L'altre conte d'aquest volum, La veu perversa, \u00e9s de 1892 i va ser un dels \u00faltims que l'escriptora va escriure dins del vessant de la narrativa fant\u00e1stica. Hi \u00e9s present la m\u00fasica, que s'erigeix en la protagonista. Vernon Lee posa l'erudici\u00f3 directament al servei de la fantasia; en aquests dos contes hi ha tones de coneixement i de bon saber, geni creador i inventiva, esquitxada, aix\u00f2 sempre, amb grapats de gr\u00e0cia i selpebrada de fina ironia.","og_url":"https:\/\/www.laertes.es\/ca\/llibre\/la-verge-dels-set-punyals-la-veu-perversa\/","og_site_name":"Laertes ediciones","article_modified_time":"2023-05-08T12:52:34+00:00","og_image":[{"width":802,"height":1200,"url":"https:\/\/www.laertes.es\/wp-content\/uploads\/2023\/01\/ARC076.webp","type":"image\/webp"}],"schema":{"@context":"https:\/\/schema.org","@graph":[{"@type":"WebPage","@id":"https:\/\/www.laertes.es\/ca\/llibre\/la-verge-dels-set-punyals-la-veu-perversa\/","url":"https:\/\/www.laertes.es\/ca\/llibre\/la-verge-dels-set-punyals-la-veu-perversa\/","name":"La verge dels set punyals \/ La veu perversa | Laertes ediciones","isPartOf":{"@id":"https:\/\/www.laertes.es\/ca\/#website"},"primaryImageOfPage":{"@id":"https:\/\/www.laertes.es\/ca\/llibre\/la-verge-dels-set-punyals-la-veu-perversa\/#primaryimage"},"image":{"@id":"https:\/\/www.laertes.es\/ca\/llibre\/la-verge-dels-set-punyals-la-veu-perversa\/#primaryimage"},"thumbnailUrl":"https:\/\/www.laertes.es\/wp-content\/uploads\/2023\/01\/ARC076.webp","datePublished":"2023-01-24T15:07:18+00:00","dateModified":"2023-05-08T12:52:34+00:00","breadcrumb":{"@id":"https:\/\/www.laertes.es\/ca\/llibre\/la-verge-dels-set-punyals-la-veu-perversa\/#breadcrumb"},"inLanguage":"ca","potentialAction":[{"@type":"ReadAction","target":["https:\/\/www.laertes.es\/ca\/llibre\/la-verge-dels-set-punyals-la-veu-perversa\/"]}]},{"@type":"ImageObject","inLanguage":"ca","@id":"https:\/\/www.laertes.es\/ca\/llibre\/la-verge-dels-set-punyals-la-veu-perversa\/#primaryimage","url":"https:\/\/www.laertes.es\/wp-content\/uploads\/2023\/01\/ARC076.webp","contentUrl":"https:\/\/www.laertes.es\/wp-content\/uploads\/2023\/01\/ARC076.webp","width":802,"height":1200},{"@type":"BreadcrumbList","@id":"https:\/\/www.laertes.es\/ca\/llibre\/la-verge-dels-set-punyals-la-veu-perversa\/#breadcrumb","itemListElement":[{"@type":"ListItem","position":1,"name":"Portada","item":"https:\/\/www.laertes.es\/ca\/"},{"@type":"ListItem","position":2,"name":"Tienda","item":"https:\/\/www.laertes.es\/tienda\/"},{"@type":"ListItem","position":3,"name":"La verge dels set punyals \/ La veu perversa"}]},{"@type":"WebSite","@id":"https:\/\/www.laertes.es\/ca\/#website","url":"https:\/\/www.laertes.es\/ca\/","name":"Laertes Ediciones","description":"Editorial independiente desde 1975","alternateName":"Laertes","potentialAction":[{"@type":"SearchAction","target":{"@type":"EntryPoint","urlTemplate":"https:\/\/www.laertes.es\/ca\/?s={search_term_string}"},"query-input":{"@type":"PropertyValueSpecification","valueRequired":true,"valueName":"search_term_string"}}],"inLanguage":"ca"}]}},"_links":{"self":[{"href":"https:\/\/www.laertes.es\/ca\/wp-json\/wp\/v2\/product\/11862","targetHints":{"allow":["GET"]}}],"collection":[{"href":"https:\/\/www.laertes.es\/ca\/wp-json\/wp\/v2\/product"}],"about":[{"href":"https:\/\/www.laertes.es\/ca\/wp-json\/wp\/v2\/types\/product"}],"version-history":[{"count":1,"href":"https:\/\/www.laertes.es\/ca\/wp-json\/wp\/v2\/product\/11862\/revisions"}],"predecessor-version":[{"id":13645,"href":"https:\/\/www.laertes.es\/ca\/wp-json\/wp\/v2\/product\/11862\/revisions\/13645"}],"wp:featuredmedia":[{"embeddable":true,"href":"https:\/\/www.laertes.es\/ca\/wp-json\/wp\/v2\/media\/13643"}],"wp:attachment":[{"href":"https:\/\/www.laertes.es\/ca\/wp-json\/wp\/v2\/media?parent=11862"}],"wp:term":[{"taxonomy":"product_brand","embeddable":true,"href":"https:\/\/www.laertes.es\/ca\/wp-json\/wp\/v2\/product_brand?post=11862"},{"taxonomy":"product_cat","embeddable":true,"href":"https:\/\/www.laertes.es\/ca\/wp-json\/wp\/v2\/product_cat?post=11862"},{"taxonomy":"product_tag","embeddable":true,"href":"https:\/\/www.laertes.es\/ca\/wp-json\/wp\/v2\/product_tag?post=11862"},{"taxonomy":"autores","embeddable":true,"href":"https:\/\/www.laertes.es\/ca\/wp-json\/wp\/v2\/autores?post=11862"},{"taxonomy":"formatos","embeddable":true,"href":"https:\/\/www.laertes.es\/ca\/wp-json\/wp\/v2\/formatos?post=11862"},{"taxonomy":"materias","embeddable":true,"href":"https:\/\/www.laertes.es\/ca\/wp-json\/wp\/v2\/materias?post=11862"}],"curies":[{"name":"wp","href":"https:\/\/api.w.org\/{rel}","templated":true}]}}