{"id":11861,"date":"2023-01-24T15:07:18","date_gmt":"2023-01-24T15:07:18","guid":{"rendered":"https:\/libro\/antologia-de-narrativa-fantastica-catalana\/"},"modified":"2023-05-12T15:00:25","modified_gmt":"2023-05-12T15:00:25","slug":"antologia-de-narrativa-fantastica-catalana","status":"publish","type":"product","link":"https:\/\/www.laertes.es\/ca\/llibre\/antologia-de-narrativa-fantastica-catalana\/","title":{"rendered":"Antologia de narrativa fant\u00e0stica catalana"},"content":{"rendered":"<h1>Antologia de narrativa fant\u00e0stica catalana<\/h1>\n<p>Antologia de narrativa fant\u00e0stica catalana La literatura fant\u00e0stica catalana existeix des de fa molt de temps, per\u00f2 no n&#8217;\u00e9rem conscients i Emili Olcina ens va obrir els ulls amb la seva antologia, que ara es reedita amb un pr\u00f2leg actualitzat. Dif\u00edcilment haur\u00edem pogut arribar a l&#8217;actual moment d&#8217;or de la literatura fant\u00e0stica catalana, amb la superaci\u00f3 de timideses i de prevencions, sense el llibre que ens va descobrir la nostra tradici\u00f3. Totes les antologies que han vingut despr\u00e9s li s\u00f3n deutores. Considerem-lo, doncs, com un cl\u00e0ssic, en ell mateix una pe\u00e7a insubstitu\u00efble del fant\u00e0stic catal\u00e0, fixat en el temps i alhora font de noves aproximacions. Tornem-hi a entrar per gaudir de l&#8217;esgarrifan\u00e7a deliciosa, com en deia Joan Perucho, i per abocar-nos al vertigen de la modernitat que la literatura fant\u00e0stica inaugura.<\/p>\n<p>La literatura fant\u00e0stica catalana existeix des de fa molt de temps, per\u00f2 no n&#8217;\u00e9rem conscients i Emili Olcina ens va obrir els ulls amb la seva antologia, que ara es reedita amb un pr\u00f2leg actualitzat. Dif\u00edcilment haur\u00edem pogut arribar a l&#8217;actual moment d&#8217;or de la literatura fant\u00e0stica catalana, amb la superaci\u00f3 de timideses i de prevencions, sense el llibre que ens va descobrir la nostra tradici\u00f3. Totes les antologies que han vingut despr\u00e9s li s\u00f3n deutores. Considerem-lo, doncs, com un cl\u00e0ssic, en ell mateix una pe\u00e7a insubstitu\u00efble del fant\u00e0stic catal\u00e0, fixat en el temps i alhora font de noves aproximacions. Tornem-hi a entrar per gaudir de l&#8217;esgarrifan\u00e7a deliciosa, com en deia Joan Perucho, i per abocar-nos al vertigen de la modernitat que la literatura fant\u00e0stica inaugura.<\/p>\n<p>La literatura fant\u00e0stica catalana existeix des de fa molt de temps, per\u00f2 no n&#8217;\u00e9rem conscients i Emili Olcina ens va obrir els ulls amb la seva antologia, que ara es reedita amb un pr\u00f2leg actualitzat.\u00a0 Antologia de narrativa fant\u00e0stica catalana<\/p>\n","protected":false},"excerpt":{"rendered":"<p>La literatura fant\u00e0stica catalana existeix des de fa molt de temps, per\u00f2 no n&#8217;\u00e9rem conscients i Emili Olcina ens va obrir els ulls amb la seva antologia, que ara es reedita amb un pr\u00f2leg actualitzat. Dif\u00edcilment haur\u00edem pogut arribar a l&#8217;actual moment d&#8217;or de la literatura fant\u00e0stica catalana, amb la superaci\u00f3 de timideses i de prevencions, sense el llibre que ens va descobrir la nostra tradici\u00f3. Totes les antologies que han vingut despr\u00e9s li s\u00f3n deutores. Considerem-lo, doncs, com un cl\u00e0ssic, en ell mateix una pe\u00e7a insubstitu\u00efble del fant\u00e0stic catal\u00e0, fixat en el temps i alhora font de noves aproximacions. Tornem-hi a entrar per gaudir de l&#8217;esgarrifan\u00e7a deliciosa, com en deia Joan Perucho, i per abocar-nos al vertigen de la modernitat que la literatura fant\u00e0stica inaugura.<\/p>\n","protected":false},"featured_media":12994,"template":"","meta":[],"product_brand":[],"product_cat":[296],"product_tag":[707,708,1112],"autores":[743,433],"formatos":[355],"materias":[356],"class_list":{"0":"post-11861","1":"product","2":"type-product","3":"status-publish","4":"has-post-thumbnail","6":"product_cat-larca-ca","7":"product_tag-fantastic-catala-ca","8":"product_tag-literatura-classica-catalana-ca","9":"product_tag-relats-ca","10":"autores-olcina-i-aya-emili-ca","11":"autores-varios-autores-ca","12":"formatos-llibre","13":"materias-cuentos-clasicos-de-generos-fantasticos-ca","15":"first","16":"instock","17":"purchasable","18":"product-type-simple"},"yoast_head":"<!-- This site is optimized with the Yoast SEO plugin v27.3 - https:\/\/yoast.com\/product\/yoast-seo-wordpress\/ -->\n<title>Antologia de narrativa fant\u00e0stica catalana | Laertes ediciones<\/title>\n<meta name=\"description\" content=\"La literatura fant\u00e0stica catalana existeix des de fa molt de temps, per\u00f2 no n&#039;\u00e9rem conscients. Antologia de narrativa fant\u00e0stica catalana\" \/>\n<meta name=\"robots\" content=\"index, follow, max-snippet:-1, max-image-preview:large, max-video-preview:-1\" \/>\n<link rel=\"canonical\" href=\"https:\/\/www.laertes.es\/ca\/llibre\/antologia-de-narrativa-fantastica-catalana\/\" \/>\n<meta property=\"og:locale\" content=\"ca_ES\" \/>\n<meta property=\"og:type\" content=\"article\" \/>\n<meta property=\"og:title\" content=\"Antologia de narrativa fant\u00e0stica catalana | Laertes ediciones\" \/>\n<meta property=\"og:description\" content=\"La literatura fant\u00e0stica catalana existeix des de fa molt de temps, per\u00f2 no n&#039;\u00e9rem conscients. Antologia de narrativa fant\u00e0stica catalana\" \/>\n<meta property=\"og:url\" content=\"https:\/\/www.laertes.es\/ca\/llibre\/antologia-de-narrativa-fantastica-catalana\/\" \/>\n<meta property=\"og:site_name\" content=\"Laertes ediciones\" \/>\n<meta property=\"article:modified_time\" content=\"2023-05-12T15:00:25+00:00\" \/>\n<meta property=\"og:image\" content=\"https:\/\/www.laertes.es\/wp-content\/uploads\/2023\/01\/ARC075.webp\" \/>\n\t<meta property=\"og:image:width\" content=\"802\" \/>\n\t<meta property=\"og:image:height\" content=\"1200\" \/>\n\t<meta property=\"og:image:type\" content=\"image\/webp\" \/>\n<meta name=\"twitter:label1\" content=\"Temps estimat de lectura\" \/>\n\t<meta name=\"twitter:data1\" content=\"2 minuts\" \/>\n<script type=\"application\/ld+json\" class=\"yoast-schema-graph\">{\"@context\":\"https:\\\/\\\/schema.org\",\"@graph\":[{\"@type\":\"WebPage\",\"@id\":\"https:\\\/\\\/www.laertes.es\\\/ca\\\/llibre\\\/antologia-de-narrativa-fantastica-catalana\\\/\",\"url\":\"https:\\\/\\\/www.laertes.es\\\/ca\\\/llibre\\\/antologia-de-narrativa-fantastica-catalana\\\/\",\"name\":\"Antologia de narrativa fant\u00e0stica catalana | Laertes ediciones\",\"isPartOf\":{\"@id\":\"https:\\\/\\\/www.laertes.es\\\/ca\\\/#website\"},\"primaryImageOfPage\":{\"@id\":\"https:\\\/\\\/www.laertes.es\\\/ca\\\/llibre\\\/antologia-de-narrativa-fantastica-catalana\\\/#primaryimage\"},\"image\":{\"@id\":\"https:\\\/\\\/www.laertes.es\\\/ca\\\/llibre\\\/antologia-de-narrativa-fantastica-catalana\\\/#primaryimage\"},\"thumbnailUrl\":\"https:\\\/\\\/www.laertes.es\\\/wp-content\\\/uploads\\\/2023\\\/01\\\/ARC075.webp\",\"datePublished\":\"2023-01-24T15:07:18+00:00\",\"dateModified\":\"2023-05-12T15:00:25+00:00\",\"description\":\"La literatura fant\u00e0stica catalana existeix des de fa molt de temps, per\u00f2 no n'\u00e9rem conscients. Antologia de narrativa fant\u00e0stica catalana\",\"breadcrumb\":{\"@id\":\"https:\\\/\\\/www.laertes.es\\\/ca\\\/llibre\\\/antologia-de-narrativa-fantastica-catalana\\\/#breadcrumb\"},\"inLanguage\":\"ca\",\"potentialAction\":[{\"@type\":\"ReadAction\",\"target\":[\"https:\\\/\\\/www.laertes.es\\\/ca\\\/llibre\\\/antologia-de-narrativa-fantastica-catalana\\\/\"]}]},{\"@type\":\"ImageObject\",\"inLanguage\":\"ca\",\"@id\":\"https:\\\/\\\/www.laertes.es\\\/ca\\\/llibre\\\/antologia-de-narrativa-fantastica-catalana\\\/#primaryimage\",\"url\":\"https:\\\/\\\/www.laertes.es\\\/wp-content\\\/uploads\\\/2023\\\/01\\\/ARC075.webp\",\"contentUrl\":\"https:\\\/\\\/www.laertes.es\\\/wp-content\\\/uploads\\\/2023\\\/01\\\/ARC075.webp\",\"width\":802,\"height\":1200,\"caption\":\"Antologia de narrativa fant\u00e0stica catalana\"},{\"@type\":\"BreadcrumbList\",\"@id\":\"https:\\\/\\\/www.laertes.es\\\/ca\\\/llibre\\\/antologia-de-narrativa-fantastica-catalana\\\/#breadcrumb\",\"itemListElement\":[{\"@type\":\"ListItem\",\"position\":1,\"name\":\"Portada\",\"item\":\"https:\\\/\\\/www.laertes.es\\\/ca\\\/\"},{\"@type\":\"ListItem\",\"position\":2,\"name\":\"Tienda\",\"item\":\"https:\\\/\\\/www.laertes.es\\\/tienda\\\/\"},{\"@type\":\"ListItem\",\"position\":3,\"name\":\"Antologia de narrativa fant\u00e0stica catalana\"}]},{\"@type\":\"WebSite\",\"@id\":\"https:\\\/\\\/www.laertes.es\\\/ca\\\/#website\",\"url\":\"https:\\\/\\\/www.laertes.es\\\/ca\\\/\",\"name\":\"Laertes Ediciones\",\"description\":\"Editorial independiente desde 1975\",\"alternateName\":\"Laertes\",\"potentialAction\":[{\"@type\":\"SearchAction\",\"target\":{\"@type\":\"EntryPoint\",\"urlTemplate\":\"https:\\\/\\\/www.laertes.es\\\/ca\\\/?s={search_term_string}\"},\"query-input\":{\"@type\":\"PropertyValueSpecification\",\"valueRequired\":true,\"valueName\":\"search_term_string\"}}],\"inLanguage\":\"ca\"}]}<\/script>\n<!-- \/ Yoast SEO plugin. -->","yoast_head_json":{"title":"Antologia de narrativa fant\u00e0stica catalana | Laertes ediciones","description":"La literatura fant\u00e0stica catalana existeix des de fa molt de temps, per\u00f2 no n'\u00e9rem conscients. Antologia de narrativa fant\u00e0stica catalana","robots":{"index":"index","follow":"follow","max-snippet":"max-snippet:-1","max-image-preview":"max-image-preview:large","max-video-preview":"max-video-preview:-1"},"canonical":"https:\/\/www.laertes.es\/ca\/llibre\/antologia-de-narrativa-fantastica-catalana\/","og_locale":"ca_ES","og_type":"article","og_title":"Antologia de narrativa fant\u00e0stica catalana | Laertes ediciones","og_description":"La literatura fant\u00e0stica catalana existeix des de fa molt de temps, per\u00f2 no n'\u00e9rem conscients. Antologia de narrativa fant\u00e0stica catalana","og_url":"https:\/\/www.laertes.es\/ca\/llibre\/antologia-de-narrativa-fantastica-catalana\/","og_site_name":"Laertes ediciones","article_modified_time":"2023-05-12T15:00:25+00:00","og_image":[{"width":802,"height":1200,"url":"https:\/\/www.laertes.es\/wp-content\/uploads\/2023\/01\/ARC075.webp","type":"image\/webp"}],"twitter_misc":{"Temps estimat de lectura":"2 minuts"},"schema":{"@context":"https:\/\/schema.org","@graph":[{"@type":"WebPage","@id":"https:\/\/www.laertes.es\/ca\/llibre\/antologia-de-narrativa-fantastica-catalana\/","url":"https:\/\/www.laertes.es\/ca\/llibre\/antologia-de-narrativa-fantastica-catalana\/","name":"Antologia de narrativa fant\u00e0stica catalana | Laertes ediciones","isPartOf":{"@id":"https:\/\/www.laertes.es\/ca\/#website"},"primaryImageOfPage":{"@id":"https:\/\/www.laertes.es\/ca\/llibre\/antologia-de-narrativa-fantastica-catalana\/#primaryimage"},"image":{"@id":"https:\/\/www.laertes.es\/ca\/llibre\/antologia-de-narrativa-fantastica-catalana\/#primaryimage"},"thumbnailUrl":"https:\/\/www.laertes.es\/wp-content\/uploads\/2023\/01\/ARC075.webp","datePublished":"2023-01-24T15:07:18+00:00","dateModified":"2023-05-12T15:00:25+00:00","description":"La literatura fant\u00e0stica catalana existeix des de fa molt de temps, per\u00f2 no n'\u00e9rem conscients. Antologia de narrativa fant\u00e0stica catalana","breadcrumb":{"@id":"https:\/\/www.laertes.es\/ca\/llibre\/antologia-de-narrativa-fantastica-catalana\/#breadcrumb"},"inLanguage":"ca","potentialAction":[{"@type":"ReadAction","target":["https:\/\/www.laertes.es\/ca\/llibre\/antologia-de-narrativa-fantastica-catalana\/"]}]},{"@type":"ImageObject","inLanguage":"ca","@id":"https:\/\/www.laertes.es\/ca\/llibre\/antologia-de-narrativa-fantastica-catalana\/#primaryimage","url":"https:\/\/www.laertes.es\/wp-content\/uploads\/2023\/01\/ARC075.webp","contentUrl":"https:\/\/www.laertes.es\/wp-content\/uploads\/2023\/01\/ARC075.webp","width":802,"height":1200,"caption":"Antologia de narrativa fant\u00e0stica catalana"},{"@type":"BreadcrumbList","@id":"https:\/\/www.laertes.es\/ca\/llibre\/antologia-de-narrativa-fantastica-catalana\/#breadcrumb","itemListElement":[{"@type":"ListItem","position":1,"name":"Portada","item":"https:\/\/www.laertes.es\/ca\/"},{"@type":"ListItem","position":2,"name":"Tienda","item":"https:\/\/www.laertes.es\/tienda\/"},{"@type":"ListItem","position":3,"name":"Antologia de narrativa fant\u00e0stica catalana"}]},{"@type":"WebSite","@id":"https:\/\/www.laertes.es\/ca\/#website","url":"https:\/\/www.laertes.es\/ca\/","name":"Laertes Ediciones","description":"Editorial independiente desde 1975","alternateName":"Laertes","potentialAction":[{"@type":"SearchAction","target":{"@type":"EntryPoint","urlTemplate":"https:\/\/www.laertes.es\/ca\/?s={search_term_string}"},"query-input":{"@type":"PropertyValueSpecification","valueRequired":true,"valueName":"search_term_string"}}],"inLanguage":"ca"}]}},"_links":{"self":[{"href":"https:\/\/www.laertes.es\/ca\/wp-json\/wp\/v2\/product\/11861","targetHints":{"allow":["GET"]}}],"collection":[{"href":"https:\/\/www.laertes.es\/ca\/wp-json\/wp\/v2\/product"}],"about":[{"href":"https:\/\/www.laertes.es\/ca\/wp-json\/wp\/v2\/types\/product"}],"version-history":[{"count":2,"href":"https:\/\/www.laertes.es\/ca\/wp-json\/wp\/v2\/product\/11861\/revisions"}],"predecessor-version":[{"id":13626,"href":"https:\/\/www.laertes.es\/ca\/wp-json\/wp\/v2\/product\/11861\/revisions\/13626"}],"wp:featuredmedia":[{"embeddable":true,"href":"https:\/\/www.laertes.es\/ca\/wp-json\/wp\/v2\/media\/12994"}],"wp:attachment":[{"href":"https:\/\/www.laertes.es\/ca\/wp-json\/wp\/v2\/media?parent=11861"}],"wp:term":[{"taxonomy":"product_brand","embeddable":true,"href":"https:\/\/www.laertes.es\/ca\/wp-json\/wp\/v2\/product_brand?post=11861"},{"taxonomy":"product_cat","embeddable":true,"href":"https:\/\/www.laertes.es\/ca\/wp-json\/wp\/v2\/product_cat?post=11861"},{"taxonomy":"product_tag","embeddable":true,"href":"https:\/\/www.laertes.es\/ca\/wp-json\/wp\/v2\/product_tag?post=11861"},{"taxonomy":"autores","embeddable":true,"href":"https:\/\/www.laertes.es\/ca\/wp-json\/wp\/v2\/autores?post=11861"},{"taxonomy":"formatos","embeddable":true,"href":"https:\/\/www.laertes.es\/ca\/wp-json\/wp\/v2\/formatos?post=11861"},{"taxonomy":"materias","embeddable":true,"href":"https:\/\/www.laertes.es\/ca\/wp-json\/wp\/v2\/materias?post=11861"}],"curies":[{"name":"wp","href":"https:\/\/api.w.org\/{rel}","templated":true}]}}