{"id":11860,"date":"2023-01-24T15:07:18","date_gmt":"2023-01-24T15:07:18","guid":{"rendered":"https:\/libro\/la-princesa-que-creia-en-contes-de-fades\/"},"modified":"2023-05-08T10:46:07","modified_gmt":"2023-05-08T10:46:07","slug":"la-princesa-que-creia-en-contes-de-fades","status":"publish","type":"product","link":"https:\/\/www.laertes.es\/ca\/llibre\/la-princesa-que-creia-en-contes-de-fades\/","title":{"rendered":"La princesa que creia en contes de fades"},"content":{"rendered":"<h1>La princesa que creia en contes de fades<\/h1>\n<p>La princesa que creia en contes de fades Vet ac\u00ed un relat meravell\u00f3s que encisar\u00e0 el lector des de la primera p\u00e0gina, un relat modern per\u00f2 situat en una \u00e8poca remota, que simbolitza el viatge que tots fem a trav\u00e9s de la vida a mesura que separem la il\u00b7lusi\u00f3 de la realitat, ens adaptem als somnis i a les ferides de la nostra inf\u00e0ncia, i descobrim qui som en realitat i com funciona la vida. Per a tots aquells els qui han lluitat contra el dolor de la inf\u00e0ncia, contra els sentiments de no ser prou bo, o els qui han cedit el seu poder a un pr\u00edncep inadequat,<em> la princesa que creia en contes de fades<\/em> demostra que els finals feli\u00e7os \u2014i els nous comen\u00e7aments\u2014 s\u00f3n sempre possibles.<\/p>\n<p>Vet ac\u00ed un relat meravell\u00f3s que encisar\u00e0 el lector des de la primera p\u00e0gina, un relat modern per\u00f2 situat en una \u00e8poca remota, que simbolitza el viatge que tots fem a trav\u00e9s de la vida a mesura que separem la il\u00b7lusi\u00f3 de la realitat, ens adaptem als somnis i a les ferides de la nostra inf\u00e0ncia, i descobrim qui som en realitat i com funciona la vida. Per a tots aquells els qui han lluitat contra el dolor de la inf\u00e0ncia, contra els sentiments de no ser prou bo, o els qui han cedit el seu poder a un pr\u00edncep inadequat,<em> la princesa que creia en contes de fades<\/em> demostra que els finals feli\u00e7os \u2014i els nous comen\u00e7aments\u2014 s\u00f3n sempre possibles.<\/p>\n<p>Vet ac\u00ed un relat meravell\u00f3s que encisar\u00e0 el lector des de la primera p\u00e0gina, un relat modern per\u00f2 situat en una \u00e8poca remota, que simbolitza el viatge que tots fem a trav\u00e9s de la vida a mesura que separem la il\u00b7lusi\u00f3 de la realitat, ens adaptem als somnis i a les ferides de la nostra inf\u00e0ncia, i descobrim qui som en realitat i com funciona la vida. Per a tots aquells els qui han lluitat contra el dolor de la inf\u00e0ncia, contra els sentiments de no ser prou bo, o els qui han cedit el seu poder a un pr\u00edncep inadequat,<em> la princesa que creia en contes de fades<\/em> demostra que els finals feli\u00e7os \u2014i els nous comen\u00e7aments\u2014 s\u00f3n sempre possibles.<\/p>\n<p>&nbsp;<\/p>\n","protected":false},"excerpt":{"rendered":"<p>Vet ac\u00ed un relat meravell\u00f3s que encisar\u00e0 el lector des de la primera p\u00e0gina, un relat modern per\u00f2 situat en una \u00e8poca remota, que simbolitza el viatge que tots fem a trav\u00e9s de l avida a mesura que separem la il\u00b7lusi\u00f3 de la realitat, ens adaptem als somnis i a les ferides de la nostra inf\u00e0ncia, i descobrim qui som en realitat i com funciona la vida. Per a tots aquells els qui han lluitat contra el dolor de la inf\u00e0ncia, contra els sentiments de no ser prou bo, o els qui han cedit el seu poder a un pr\u00edncep inadequat, la princesa que creia en contes de fades demostra que els finals feli\u00e7os -i els nous comen\u00e7aments- s\u00f3n sempre possibles.<\/p>\n","protected":false},"featured_media":13621,"template":"","meta":[],"product_brand":[],"product_cat":[296],"product_tag":[672],"autores":[432],"formatos":[355],"materias":[356],"class_list":{"0":"post-11860","1":"product","2":"type-product","3":"status-publish","4":"has-post-thumbnail","6":"product_cat-larca-ca","7":"product_tag-literatura-fantastica-ca","8":"autores-grad-marcia-ca","9":"formatos-llibre","10":"materias-cuentos-clasicos-de-generos-fantasticos-ca","12":"first","13":"instock","14":"purchasable","15":"product-type-simple"},"yoast_head":"<!-- This site is optimized with the Yoast SEO plugin v27.4 - https:\/\/yoast.com\/product\/yoast-seo-wordpress\/ -->\n<title>La princesa que creia en contes de fades | Laertes ediciones<\/title>\n<meta name=\"description\" content=\"La princesa que creia en contes de fades demostra que els finals feli\u00e7os s\u00f3n sempre possibles. Simbolitza el viatge que tots fem a trav\u00e9s de la vida.\" \/>\n<meta name=\"robots\" content=\"index, follow, max-snippet:-1, max-image-preview:large, max-video-preview:-1\" \/>\n<link rel=\"canonical\" href=\"https:\/\/www.laertes.es\/ca\/llibre\/la-princesa-que-creia-en-contes-de-fades\/\" \/>\n<meta property=\"og:locale\" content=\"ca_ES\" \/>\n<meta property=\"og:type\" content=\"article\" \/>\n<meta property=\"og:title\" content=\"La princesa que creia en contes de fades | Laertes ediciones\" \/>\n<meta property=\"og:description\" content=\"La princesa que creia en contes de fades demostra que els finals feli\u00e7os s\u00f3n sempre possibles. Simbolitza el viatge que tots fem a trav\u00e9s de la vida.\" \/>\n<meta property=\"og:url\" content=\"https:\/\/www.laertes.es\/ca\/llibre\/la-princesa-que-creia-en-contes-de-fades\/\" \/>\n<meta property=\"og:site_name\" content=\"Laertes ediciones\" \/>\n<meta property=\"article:modified_time\" content=\"2023-05-08T10:46:07+00:00\" \/>\n<meta property=\"og:image\" content=\"https:\/\/www.laertes.es\/wp-content\/uploads\/2023\/01\/ARC074.webp\" \/>\n\t<meta property=\"og:image:width\" content=\"802\" \/>\n\t<meta property=\"og:image:height\" content=\"1200\" \/>\n\t<meta property=\"og:image:type\" content=\"image\/webp\" \/>\n<meta name=\"twitter:label1\" content=\"Temps estimat de lectura\" \/>\n\t<meta name=\"twitter:data1\" content=\"2 minuts\" \/>\n<script type=\"application\/ld+json\" class=\"yoast-schema-graph\">{\"@context\":\"https:\\\/\\\/schema.org\",\"@graph\":[{\"@type\":\"WebPage\",\"@id\":\"https:\\\/\\\/www.laertes.es\\\/ca\\\/llibre\\\/la-princesa-que-creia-en-contes-de-fades\\\/\",\"url\":\"https:\\\/\\\/www.laertes.es\\\/ca\\\/llibre\\\/la-princesa-que-creia-en-contes-de-fades\\\/\",\"name\":\"La princesa que creia en contes de fades | Laertes ediciones\",\"isPartOf\":{\"@id\":\"https:\\\/\\\/www.laertes.es\\\/ca\\\/#website\"},\"primaryImageOfPage\":{\"@id\":\"https:\\\/\\\/www.laertes.es\\\/ca\\\/llibre\\\/la-princesa-que-creia-en-contes-de-fades\\\/#primaryimage\"},\"image\":{\"@id\":\"https:\\\/\\\/www.laertes.es\\\/ca\\\/llibre\\\/la-princesa-que-creia-en-contes-de-fades\\\/#primaryimage\"},\"thumbnailUrl\":\"https:\\\/\\\/www.laertes.es\\\/wp-content\\\/uploads\\\/2023\\\/01\\\/ARC074.webp\",\"datePublished\":\"2023-01-24T15:07:18+00:00\",\"dateModified\":\"2023-05-08T10:46:07+00:00\",\"description\":\"La princesa que creia en contes de fades demostra que els finals feli\u00e7os s\u00f3n sempre possibles. Simbolitza el viatge que tots fem a trav\u00e9s de la vida.\",\"breadcrumb\":{\"@id\":\"https:\\\/\\\/www.laertes.es\\\/ca\\\/llibre\\\/la-princesa-que-creia-en-contes-de-fades\\\/#breadcrumb\"},\"inLanguage\":\"ca\",\"potentialAction\":[{\"@type\":\"ReadAction\",\"target\":[\"https:\\\/\\\/www.laertes.es\\\/ca\\\/llibre\\\/la-princesa-que-creia-en-contes-de-fades\\\/\"]}]},{\"@type\":\"ImageObject\",\"inLanguage\":\"ca\",\"@id\":\"https:\\\/\\\/www.laertes.es\\\/ca\\\/llibre\\\/la-princesa-que-creia-en-contes-de-fades\\\/#primaryimage\",\"url\":\"https:\\\/\\\/www.laertes.es\\\/wp-content\\\/uploads\\\/2023\\\/01\\\/ARC074.webp\",\"contentUrl\":\"https:\\\/\\\/www.laertes.es\\\/wp-content\\\/uploads\\\/2023\\\/01\\\/ARC074.webp\",\"width\":802,\"height\":1200,\"caption\":\"La princesa que creia en contes de fades\"},{\"@type\":\"BreadcrumbList\",\"@id\":\"https:\\\/\\\/www.laertes.es\\\/ca\\\/llibre\\\/la-princesa-que-creia-en-contes-de-fades\\\/#breadcrumb\",\"itemListElement\":[{\"@type\":\"ListItem\",\"position\":1,\"name\":\"Portada\",\"item\":\"https:\\\/\\\/www.laertes.es\\\/ca\\\/\"},{\"@type\":\"ListItem\",\"position\":2,\"name\":\"Tienda\",\"item\":\"https:\\\/\\\/www.laertes.es\\\/tienda\\\/\"},{\"@type\":\"ListItem\",\"position\":3,\"name\":\"La princesa que creia en contes de fades\"}]},{\"@type\":\"WebSite\",\"@id\":\"https:\\\/\\\/www.laertes.es\\\/ca\\\/#website\",\"url\":\"https:\\\/\\\/www.laertes.es\\\/ca\\\/\",\"name\":\"Laertes Ediciones\",\"description\":\"Editorial independiente desde 1975\",\"alternateName\":\"Laertes\",\"potentialAction\":[{\"@type\":\"SearchAction\",\"target\":{\"@type\":\"EntryPoint\",\"urlTemplate\":\"https:\\\/\\\/www.laertes.es\\\/ca\\\/?s={search_term_string}\"},\"query-input\":{\"@type\":\"PropertyValueSpecification\",\"valueRequired\":true,\"valueName\":\"search_term_string\"}}],\"inLanguage\":\"ca\"}]}<\/script>\n<!-- \/ Yoast SEO plugin. -->","yoast_head_json":{"title":"La princesa que creia en contes de fades | Laertes ediciones","description":"La princesa que creia en contes de fades demostra que els finals feli\u00e7os s\u00f3n sempre possibles. Simbolitza el viatge que tots fem a trav\u00e9s de la vida.","robots":{"index":"index","follow":"follow","max-snippet":"max-snippet:-1","max-image-preview":"max-image-preview:large","max-video-preview":"max-video-preview:-1"},"canonical":"https:\/\/www.laertes.es\/ca\/llibre\/la-princesa-que-creia-en-contes-de-fades\/","og_locale":"ca_ES","og_type":"article","og_title":"La princesa que creia en contes de fades | Laertes ediciones","og_description":"La princesa que creia en contes de fades demostra que els finals feli\u00e7os s\u00f3n sempre possibles. Simbolitza el viatge que tots fem a trav\u00e9s de la vida.","og_url":"https:\/\/www.laertes.es\/ca\/llibre\/la-princesa-que-creia-en-contes-de-fades\/","og_site_name":"Laertes ediciones","article_modified_time":"2023-05-08T10:46:07+00:00","og_image":[{"width":802,"height":1200,"url":"https:\/\/www.laertes.es\/wp-content\/uploads\/2023\/01\/ARC074.webp","type":"image\/webp"}],"twitter_misc":{"Temps estimat de lectura":"2 minuts"},"schema":{"@context":"https:\/\/schema.org","@graph":[{"@type":"WebPage","@id":"https:\/\/www.laertes.es\/ca\/llibre\/la-princesa-que-creia-en-contes-de-fades\/","url":"https:\/\/www.laertes.es\/ca\/llibre\/la-princesa-que-creia-en-contes-de-fades\/","name":"La princesa que creia en contes de fades | Laertes ediciones","isPartOf":{"@id":"https:\/\/www.laertes.es\/ca\/#website"},"primaryImageOfPage":{"@id":"https:\/\/www.laertes.es\/ca\/llibre\/la-princesa-que-creia-en-contes-de-fades\/#primaryimage"},"image":{"@id":"https:\/\/www.laertes.es\/ca\/llibre\/la-princesa-que-creia-en-contes-de-fades\/#primaryimage"},"thumbnailUrl":"https:\/\/www.laertes.es\/wp-content\/uploads\/2023\/01\/ARC074.webp","datePublished":"2023-01-24T15:07:18+00:00","dateModified":"2023-05-08T10:46:07+00:00","description":"La princesa que creia en contes de fades demostra que els finals feli\u00e7os s\u00f3n sempre possibles. Simbolitza el viatge que tots fem a trav\u00e9s de la vida.","breadcrumb":{"@id":"https:\/\/www.laertes.es\/ca\/llibre\/la-princesa-que-creia-en-contes-de-fades\/#breadcrumb"},"inLanguage":"ca","potentialAction":[{"@type":"ReadAction","target":["https:\/\/www.laertes.es\/ca\/llibre\/la-princesa-que-creia-en-contes-de-fades\/"]}]},{"@type":"ImageObject","inLanguage":"ca","@id":"https:\/\/www.laertes.es\/ca\/llibre\/la-princesa-que-creia-en-contes-de-fades\/#primaryimage","url":"https:\/\/www.laertes.es\/wp-content\/uploads\/2023\/01\/ARC074.webp","contentUrl":"https:\/\/www.laertes.es\/wp-content\/uploads\/2023\/01\/ARC074.webp","width":802,"height":1200,"caption":"La princesa que creia en contes de fades"},{"@type":"BreadcrumbList","@id":"https:\/\/www.laertes.es\/ca\/llibre\/la-princesa-que-creia-en-contes-de-fades\/#breadcrumb","itemListElement":[{"@type":"ListItem","position":1,"name":"Portada","item":"https:\/\/www.laertes.es\/ca\/"},{"@type":"ListItem","position":2,"name":"Tienda","item":"https:\/\/www.laertes.es\/tienda\/"},{"@type":"ListItem","position":3,"name":"La princesa que creia en contes de fades"}]},{"@type":"WebSite","@id":"https:\/\/www.laertes.es\/ca\/#website","url":"https:\/\/www.laertes.es\/ca\/","name":"Laertes Ediciones","description":"Editorial independiente desde 1975","alternateName":"Laertes","potentialAction":[{"@type":"SearchAction","target":{"@type":"EntryPoint","urlTemplate":"https:\/\/www.laertes.es\/ca\/?s={search_term_string}"},"query-input":{"@type":"PropertyValueSpecification","valueRequired":true,"valueName":"search_term_string"}}],"inLanguage":"ca"}]}},"_links":{"self":[{"href":"https:\/\/www.laertes.es\/ca\/wp-json\/wp\/v2\/product\/11860","targetHints":{"allow":["GET"]}}],"collection":[{"href":"https:\/\/www.laertes.es\/ca\/wp-json\/wp\/v2\/product"}],"about":[{"href":"https:\/\/www.laertes.es\/ca\/wp-json\/wp\/v2\/types\/product"}],"version-history":[{"count":1,"href":"https:\/\/www.laertes.es\/ca\/wp-json\/wp\/v2\/product\/11860\/revisions"}],"predecessor-version":[{"id":13623,"href":"https:\/\/www.laertes.es\/ca\/wp-json\/wp\/v2\/product\/11860\/revisions\/13623"}],"wp:featuredmedia":[{"embeddable":true,"href":"https:\/\/www.laertes.es\/ca\/wp-json\/wp\/v2\/media\/13621"}],"wp:attachment":[{"href":"https:\/\/www.laertes.es\/ca\/wp-json\/wp\/v2\/media?parent=11860"}],"wp:term":[{"taxonomy":"product_brand","embeddable":true,"href":"https:\/\/www.laertes.es\/ca\/wp-json\/wp\/v2\/product_brand?post=11860"},{"taxonomy":"product_cat","embeddable":true,"href":"https:\/\/www.laertes.es\/ca\/wp-json\/wp\/v2\/product_cat?post=11860"},{"taxonomy":"product_tag","embeddable":true,"href":"https:\/\/www.laertes.es\/ca\/wp-json\/wp\/v2\/product_tag?post=11860"},{"taxonomy":"autores","embeddable":true,"href":"https:\/\/www.laertes.es\/ca\/wp-json\/wp\/v2\/autores?post=11860"},{"taxonomy":"formatos","embeddable":true,"href":"https:\/\/www.laertes.es\/ca\/wp-json\/wp\/v2\/formatos?post=11860"},{"taxonomy":"materias","embeddable":true,"href":"https:\/\/www.laertes.es\/ca\/wp-json\/wp\/v2\/materias?post=11860"}],"curies":[{"name":"wp","href":"https:\/\/api.w.org\/{rel}","templated":true}]}}