{"id":11855,"date":"2023-01-24T15:07:18","date_gmt":"2023-01-24T15:07:18","guid":{"rendered":"https:\/libro\/els-esquitxos-del-mar\/"},"modified":"2023-05-08T10:00:45","modified_gmt":"2023-05-08T10:00:45","slug":"els-esquitxos-del-mar","status":"publish","type":"product","link":"https:\/\/www.laertes.es\/ca\/llibre\/els-esquitxos-del-mar\/","title":{"rendered":"Els esquitxos del mar"},"content":{"rendered":"<h1>Els esquitxos del mar<\/h1>\n<p>Els esquitxos del mar La ci\u00e8ncia ens diu, i aix\u00ed ens ho confirmen les sondes d\u2019exploraci\u00f3, que a les profunditats marines hi pul\u00b7lulen unes formes de vida que la imaginaci\u00f3 nom\u00e9s pot concebre en forma de deliri; s\u00f3n reals i naturals i ho admetem aix\u00ed, donant per descomptat, per a la nostra tranquil\u00b7litat, que no pertanyen a l\u2019\u00e0mbit hum\u00e0, pel qual la superf\u00edcie marina \u00e9s una xarxa de comunicacions; per\u00f2 les nostres embarcacions (embolcalls protectors del control i la ra\u00f3) corren el perill de ser engolides per les profunditats que, un cop perduda la tranquil\u00b7litat, reconeixem com a monstres. En aquest volum trobareu relats de: Edgar A. Poe, Herman Melville, Robert Louis Stevenson, F. Marion Crawford, Sir Arthur Conan Doyle, Joseph Conrad, Rudyard Kipling, William Hope Hodgson, Richard Middleton, H.P. Lovecraft i P. Schuyler Miller.<\/p>\n<p>La ci\u00e8ncia ens diu, i aix\u00ed ens ho confirmen les sondes d\u2019exploraci\u00f3, que a les profunditats marines hi pul\u00b7lulen unes formes de vida que la imaginaci\u00f3 nom\u00e9s pot concebre en forma de deliri; s\u00f3n reals i naturals i ho admetem aix\u00ed, donant per descomptat, per a la nostra tranquil\u00b7litat, que no pertanyen a l\u2019\u00e0mbit hum\u00e0, pel qual la superf\u00edcie marina \u00e9s una xarxa de comunicacions; per\u00f2 les nostres embarcacions (embolcalls protectors del control i la ra\u00f3) corren el perill de ser engolides per les profunditats que, un cop perduda la tranquil\u00b7litat, reconeixem com a monstres. En aquest volum trobareu relats de: Edgar A. Poe, Herman Melville, Robert Louis Stevenson, F. Marion Crawford, Sir Arthur Conan Doyle, Joseph Conrad, Rudyard Kipling, William Hope Hodgson, Richard Middleton, H.P. Lovecraft i P. Schuyler Miller.<\/p>\n<p>La ci\u00e8ncia ens diu, i aix\u00ed ens ho confirmen les sondes d\u2019exploraci\u00f3, que a les profunditats marines hi pul\u00b7lulen unes formes de vida que la imaginaci\u00f3 nom\u00e9s pot concebre en forma de deliri; s\u00f3n reals i naturals i ho admetem aix\u00ed, donant per descomptat, per a la nostra tranquil\u00b7litat, que no pertanyen a l\u2019\u00e0mbit hum\u00e0, pel qual la superf\u00edcie marina \u00e9s una xarxa de comunicacions; per\u00f2 les<\/p>\n","protected":false},"excerpt":{"rendered":"<p>La ci\u00e8ncia ens diu, i aix\u00ed ens ho confirmen les sondes d\u2019exploraci\u00f3, que a les profunditats marines hi pol\u00b7lulen unes formes de vida que la imaginaci\u00f3 nom\u00e9s pot concebre en forma de deliri; s\u00f3n reals i naturals i ho admetem aix\u00ed, donant per descomptat, per a la nostra tranquil\u00b7litat, que no pertanyen a l\u2019\u00e0mbit hum\u00e0, pel qual la superficie marina \u00e9s una xarxa de comunicacions; per\u00f2 les nostres embarcacions (embolcalls protectors del control i la ra\u00f3) corren el perill de ser engolides per les profunditats que, un cop perduda la tranquil\u00b7litat, reconeixem com a monstres. En aquest volum trobareu relats de: Edgar A. Poe, Herman Melville, Robert Louis Stevenson, F. Marion Crawford, Sir Arthur Conan Doyle, joseph Conrad, Rudyard Kipling, William Hope Hodgson, Richard Middleton, H.P. Lovecraft i P. Schuyler Miller.<\/p>\n","protected":false},"featured_media":13594,"template":"","meta":[],"product_brand":[],"product_cat":[296],"product_tag":[1111,672,1112],"autores":[428],"formatos":[355],"materias":[356],"class_list":{"0":"post-11855","1":"product","2":"type-product","3":"status-publish","4":"has-post-thumbnail","6":"product_cat-larca-ca","7":"product_tag-antologia-ca","8":"product_tag-literatura-fantastica-ca","9":"product_tag-relats-ca","10":"autores-aa-vv-ca","11":"formatos-llibre","12":"materias-cuentos-clasicos-de-generos-fantasticos-ca","14":"first","15":"instock","16":"purchasable","17":"product-type-simple"},"yoast_head":"<!-- This site is optimized with the Yoast SEO plugin v27.3 - https:\/\/yoast.com\/product\/yoast-seo-wordpress\/ -->\n<title>Els esquitxos del mar | Laertes ediciones<\/title>\n<meta name=\"description\" content=\"En Els esquitxos del mar trobareu relats de: Edgar A. Poe, Herman Melville, Robert Louis Stevenson, F. Marion Crawford, Sir Arthur Conan Doyle...\" \/>\n<meta name=\"robots\" content=\"index, follow, max-snippet:-1, max-image-preview:large, max-video-preview:-1\" \/>\n<link rel=\"canonical\" href=\"https:\/\/www.laertes.es\/ca\/llibre\/els-esquitxos-del-mar\/\" \/>\n<meta property=\"og:locale\" content=\"ca_ES\" \/>\n<meta property=\"og:type\" content=\"article\" \/>\n<meta property=\"og:title\" content=\"Els esquitxos del mar | Laertes ediciones\" \/>\n<meta property=\"og:description\" content=\"En Els esquitxos del mar trobareu relats de: Edgar A. Poe, Herman Melville, Robert Louis Stevenson, F. Marion Crawford, Sir Arthur Conan Doyle...\" \/>\n<meta property=\"og:url\" content=\"https:\/\/www.laertes.es\/ca\/llibre\/els-esquitxos-del-mar\/\" \/>\n<meta property=\"og:site_name\" content=\"Laertes ediciones\" \/>\n<meta property=\"article:modified_time\" content=\"2023-05-08T10:00:45+00:00\" \/>\n<meta property=\"og:image\" content=\"https:\/\/www.laertes.es\/wp-content\/uploads\/2023\/01\/ARC069.webp\" \/>\n\t<meta property=\"og:image:width\" content=\"802\" \/>\n\t<meta property=\"og:image:height\" content=\"1200\" \/>\n\t<meta property=\"og:image:type\" content=\"image\/webp\" \/>\n<meta name=\"twitter:label1\" content=\"Temps estimat de lectura\" \/>\n\t<meta name=\"twitter:data1\" content=\"2 minuts\" \/>\n<script type=\"application\/ld+json\" class=\"yoast-schema-graph\">{\"@context\":\"https:\\\/\\\/schema.org\",\"@graph\":[{\"@type\":\"WebPage\",\"@id\":\"https:\\\/\\\/www.laertes.es\\\/ca\\\/llibre\\\/els-esquitxos-del-mar\\\/\",\"url\":\"https:\\\/\\\/www.laertes.es\\\/ca\\\/llibre\\\/els-esquitxos-del-mar\\\/\",\"name\":\"Els esquitxos del mar | Laertes ediciones\",\"isPartOf\":{\"@id\":\"https:\\\/\\\/www.laertes.es\\\/ca\\\/#website\"},\"primaryImageOfPage\":{\"@id\":\"https:\\\/\\\/www.laertes.es\\\/ca\\\/llibre\\\/els-esquitxos-del-mar\\\/#primaryimage\"},\"image\":{\"@id\":\"https:\\\/\\\/www.laertes.es\\\/ca\\\/llibre\\\/els-esquitxos-del-mar\\\/#primaryimage\"},\"thumbnailUrl\":\"https:\\\/\\\/www.laertes.es\\\/wp-content\\\/uploads\\\/2023\\\/01\\\/ARC069.webp\",\"datePublished\":\"2023-01-24T15:07:18+00:00\",\"dateModified\":\"2023-05-08T10:00:45+00:00\",\"description\":\"En Els esquitxos del mar trobareu relats de: Edgar A. Poe, Herman Melville, Robert Louis Stevenson, F. Marion Crawford, Sir Arthur Conan Doyle...\",\"breadcrumb\":{\"@id\":\"https:\\\/\\\/www.laertes.es\\\/ca\\\/llibre\\\/els-esquitxos-del-mar\\\/#breadcrumb\"},\"inLanguage\":\"ca\",\"potentialAction\":[{\"@type\":\"ReadAction\",\"target\":[\"https:\\\/\\\/www.laertes.es\\\/ca\\\/llibre\\\/els-esquitxos-del-mar\\\/\"]}]},{\"@type\":\"ImageObject\",\"inLanguage\":\"ca\",\"@id\":\"https:\\\/\\\/www.laertes.es\\\/ca\\\/llibre\\\/els-esquitxos-del-mar\\\/#primaryimage\",\"url\":\"https:\\\/\\\/www.laertes.es\\\/wp-content\\\/uploads\\\/2023\\\/01\\\/ARC069.webp\",\"contentUrl\":\"https:\\\/\\\/www.laertes.es\\\/wp-content\\\/uploads\\\/2023\\\/01\\\/ARC069.webp\",\"width\":802,\"height\":1200,\"caption\":\"Els esquitxos del mar\"},{\"@type\":\"BreadcrumbList\",\"@id\":\"https:\\\/\\\/www.laertes.es\\\/ca\\\/llibre\\\/els-esquitxos-del-mar\\\/#breadcrumb\",\"itemListElement\":[{\"@type\":\"ListItem\",\"position\":1,\"name\":\"Portada\",\"item\":\"https:\\\/\\\/www.laertes.es\\\/ca\\\/\"},{\"@type\":\"ListItem\",\"position\":2,\"name\":\"Tienda\",\"item\":\"https:\\\/\\\/www.laertes.es\\\/tienda\\\/\"},{\"@type\":\"ListItem\",\"position\":3,\"name\":\"Els esquitxos del mar\"}]},{\"@type\":\"WebSite\",\"@id\":\"https:\\\/\\\/www.laertes.es\\\/ca\\\/#website\",\"url\":\"https:\\\/\\\/www.laertes.es\\\/ca\\\/\",\"name\":\"Laertes Ediciones\",\"description\":\"Editorial independiente desde 1975\",\"alternateName\":\"Laertes\",\"potentialAction\":[{\"@type\":\"SearchAction\",\"target\":{\"@type\":\"EntryPoint\",\"urlTemplate\":\"https:\\\/\\\/www.laertes.es\\\/ca\\\/?s={search_term_string}\"},\"query-input\":{\"@type\":\"PropertyValueSpecification\",\"valueRequired\":true,\"valueName\":\"search_term_string\"}}],\"inLanguage\":\"ca\"}]}<\/script>\n<!-- \/ Yoast SEO plugin. -->","yoast_head_json":{"title":"Els esquitxos del mar | Laertes ediciones","description":"En Els esquitxos del mar trobareu relats de: Edgar A. Poe, Herman Melville, Robert Louis Stevenson, F. Marion Crawford, Sir Arthur Conan Doyle...","robots":{"index":"index","follow":"follow","max-snippet":"max-snippet:-1","max-image-preview":"max-image-preview:large","max-video-preview":"max-video-preview:-1"},"canonical":"https:\/\/www.laertes.es\/ca\/llibre\/els-esquitxos-del-mar\/","og_locale":"ca_ES","og_type":"article","og_title":"Els esquitxos del mar | Laertes ediciones","og_description":"En Els esquitxos del mar trobareu relats de: Edgar A. Poe, Herman Melville, Robert Louis Stevenson, F. Marion Crawford, Sir Arthur Conan Doyle...","og_url":"https:\/\/www.laertes.es\/ca\/llibre\/els-esquitxos-del-mar\/","og_site_name":"Laertes ediciones","article_modified_time":"2023-05-08T10:00:45+00:00","og_image":[{"width":802,"height":1200,"url":"https:\/\/www.laertes.es\/wp-content\/uploads\/2023\/01\/ARC069.webp","type":"image\/webp"}],"twitter_misc":{"Temps estimat de lectura":"2 minuts"},"schema":{"@context":"https:\/\/schema.org","@graph":[{"@type":"WebPage","@id":"https:\/\/www.laertes.es\/ca\/llibre\/els-esquitxos-del-mar\/","url":"https:\/\/www.laertes.es\/ca\/llibre\/els-esquitxos-del-mar\/","name":"Els esquitxos del mar | Laertes ediciones","isPartOf":{"@id":"https:\/\/www.laertes.es\/ca\/#website"},"primaryImageOfPage":{"@id":"https:\/\/www.laertes.es\/ca\/llibre\/els-esquitxos-del-mar\/#primaryimage"},"image":{"@id":"https:\/\/www.laertes.es\/ca\/llibre\/els-esquitxos-del-mar\/#primaryimage"},"thumbnailUrl":"https:\/\/www.laertes.es\/wp-content\/uploads\/2023\/01\/ARC069.webp","datePublished":"2023-01-24T15:07:18+00:00","dateModified":"2023-05-08T10:00:45+00:00","description":"En Els esquitxos del mar trobareu relats de: Edgar A. Poe, Herman Melville, Robert Louis Stevenson, F. Marion Crawford, Sir Arthur Conan Doyle...","breadcrumb":{"@id":"https:\/\/www.laertes.es\/ca\/llibre\/els-esquitxos-del-mar\/#breadcrumb"},"inLanguage":"ca","potentialAction":[{"@type":"ReadAction","target":["https:\/\/www.laertes.es\/ca\/llibre\/els-esquitxos-del-mar\/"]}]},{"@type":"ImageObject","inLanguage":"ca","@id":"https:\/\/www.laertes.es\/ca\/llibre\/els-esquitxos-del-mar\/#primaryimage","url":"https:\/\/www.laertes.es\/wp-content\/uploads\/2023\/01\/ARC069.webp","contentUrl":"https:\/\/www.laertes.es\/wp-content\/uploads\/2023\/01\/ARC069.webp","width":802,"height":1200,"caption":"Els esquitxos del mar"},{"@type":"BreadcrumbList","@id":"https:\/\/www.laertes.es\/ca\/llibre\/els-esquitxos-del-mar\/#breadcrumb","itemListElement":[{"@type":"ListItem","position":1,"name":"Portada","item":"https:\/\/www.laertes.es\/ca\/"},{"@type":"ListItem","position":2,"name":"Tienda","item":"https:\/\/www.laertes.es\/tienda\/"},{"@type":"ListItem","position":3,"name":"Els esquitxos del mar"}]},{"@type":"WebSite","@id":"https:\/\/www.laertes.es\/ca\/#website","url":"https:\/\/www.laertes.es\/ca\/","name":"Laertes Ediciones","description":"Editorial independiente desde 1975","alternateName":"Laertes","potentialAction":[{"@type":"SearchAction","target":{"@type":"EntryPoint","urlTemplate":"https:\/\/www.laertes.es\/ca\/?s={search_term_string}"},"query-input":{"@type":"PropertyValueSpecification","valueRequired":true,"valueName":"search_term_string"}}],"inLanguage":"ca"}]}},"_links":{"self":[{"href":"https:\/\/www.laertes.es\/ca\/wp-json\/wp\/v2\/product\/11855","targetHints":{"allow":["GET"]}}],"collection":[{"href":"https:\/\/www.laertes.es\/ca\/wp-json\/wp\/v2\/product"}],"about":[{"href":"https:\/\/www.laertes.es\/ca\/wp-json\/wp\/v2\/types\/product"}],"version-history":[{"count":2,"href":"https:\/\/www.laertes.es\/ca\/wp-json\/wp\/v2\/product\/11855\/revisions"}],"predecessor-version":[{"id":13596,"href":"https:\/\/www.laertes.es\/ca\/wp-json\/wp\/v2\/product\/11855\/revisions\/13596"}],"wp:featuredmedia":[{"embeddable":true,"href":"https:\/\/www.laertes.es\/ca\/wp-json\/wp\/v2\/media\/13594"}],"wp:attachment":[{"href":"https:\/\/www.laertes.es\/ca\/wp-json\/wp\/v2\/media?parent=11855"}],"wp:term":[{"taxonomy":"product_brand","embeddable":true,"href":"https:\/\/www.laertes.es\/ca\/wp-json\/wp\/v2\/product_brand?post=11855"},{"taxonomy":"product_cat","embeddable":true,"href":"https:\/\/www.laertes.es\/ca\/wp-json\/wp\/v2\/product_cat?post=11855"},{"taxonomy":"product_tag","embeddable":true,"href":"https:\/\/www.laertes.es\/ca\/wp-json\/wp\/v2\/product_tag?post=11855"},{"taxonomy":"autores","embeddable":true,"href":"https:\/\/www.laertes.es\/ca\/wp-json\/wp\/v2\/autores?post=11855"},{"taxonomy":"formatos","embeddable":true,"href":"https:\/\/www.laertes.es\/ca\/wp-json\/wp\/v2\/formatos?post=11855"},{"taxonomy":"materias","embeddable":true,"href":"https:\/\/www.laertes.es\/ca\/wp-json\/wp\/v2\/materias?post=11855"}],"curies":[{"name":"wp","href":"https:\/\/api.w.org\/{rel}","templated":true}]}}