{"id":11854,"date":"2023-01-24T15:07:18","date_gmt":"2023-01-24T15:07:18","guid":{"rendered":"https:\/libro\/el-crepuscle-dels-deus\/"},"modified":"2023-01-24T15:07:18","modified_gmt":"2023-01-24T15:07:18","slug":"el-crepuscle-dels-deus","status":"publish","type":"product","link":"https:\/\/www.laertes.es\/ca\/llibre\/el-crepuscle-dels-deus\/","title":{"rendered":"El crepuscle dels d\u00e9us"},"content":{"rendered":"","protected":false},"excerpt":{"rendered":"<p>La publicaci\u00f3, el 1903, d&#8217;El crepuscle dels d\u00e9us va marcar una fita en la literatura fant\u00e0stica brit\u00e0nica. El llibre, que havia estat objecte d&#8217;una edici\u00f3 escur\u00e7ada quinze anys abans \u2014nom\u00e9s 16 hist\u00f2ries de les 28 que el componen\u2014, va produir una agradable sorpresa als lectors que no coneixien l&#8217;autor, per\u00f2 no pas als visitants habituals de la Biblioteca del Museu Brit\u00e0nic, que no ignoraven pas els seus coneixements, la seva erudici\u00f3 i la seva ironia. L&#8217;obra es va convertir en un llibre \u00abde culte\u00bb: les vuit edicions en quaranta anys en s\u00f3n una bona prova.  Richard Garnett (1835-1906), que va treballar bona part de la seva vida com a supervisor de la Sala de Lectura i conservador de l&#8217;esmentat Museu, atenia amb una gran amabilitat les consultes m\u00e9s extravagants (\u00absobre la cria de les abelles o sobre el bimetal lisme, mentre per dintre del cap se li anaven representant el Caucas o el Pandemoni i petites q\u00fcestions d&#8217;Albert d&#8217;Aix o d&#8217;Hesi- qui\u00bb, ens recorda T.E. Lawrence a la introducci\u00f3), i donava savis consells als escriptors i intel\u00b7lectuals contemporanis que acudien a ell. Era all\u00f2 que vulgarment se&#8217;n diu una \u00abrata de biblioteca\u00bb.  La majoria dels relats que componen aquest recull es basen en hist\u00f2ries i llegendes antigues i ens parlen de d\u00e9us, semid\u00e9us, mags, fetillers, alquimistes, papes eclesi\u00e0stics, herois, fil\u00f2sofs&#8230;; tot plegat contat amb una deliciosa crueltat i una ironia molt brit\u00e0nica, amb un gran sentit de l&#8217;humor i una enorme brillantor narrativa. Es pot dir que aquest llibre admet, com a m\u00ednim, tres nivells de lectura: el primer \u00e9s la lectura erudita, pr\u00f2pia dels lletraferits que solen descuidar-se, per exemple, el paraigua a la biblioteca; el segon seria el tipus de lectura que fan aquells que no acostumen a anar a les biblioteques (que desconeixen, per exemple, d&#8217;on procedeix el costum de besar els peus als papes), els quals podran accedir, aix\u00ed, a coneixements oblidats i desconeguts, i el tercer seria el dels que frueixen amb la lectura, que \u2014altre cop amb paraules de Lawrence\u2014 \u00abels far\u00e0 riure per sota el nas, cosa no gens vulgar. T\u00e9 (el llibre) una brillantor i una perfecci\u00f3 en la incongru\u00e8ncia com els busts antics amb ulleres d&#8217;aviador\u00bb. Aquests \u00faltims s\u00f3n aquells que dubten entre deixar el paraigua o un llibre com aquest, ja que, facin el que facin, probablement no recuperaran ni l&#8217;un ni l&#8217;altre.  Autor, com M.R.James, d&#8217;un sol llibre, i a m\u00e9s a m\u00e9s excel\u00b7lent, a Richard Garnett es deu el primer cat\u00e0leg de la Biblioteca del Museu Brit\u00e0nic, en el qual va treballar m\u00e9s de vint-i-cinc anys, i les edicions de poemes (in\u00e8dits aleshores) de Shelley i del Vathek de William Beckford.<\/p>\n","protected":false},"featured_media":9992,"template":"","meta":[],"product_brand":[],"product_cat":[296],"product_tag":[],"autores":[424],"formatos":[355],"materias":[356],"class_list":{"0":"post-11854","1":"product","2":"type-product","3":"status-publish","4":"has-post-thumbnail","6":"product_cat-larca-ca","7":"autores-garnett-richard-ca","8":"formatos-llibre","9":"materias-cuentos-clasicos-de-generos-fantasticos-ca","11":"first","12":"instock","13":"product-type-simple"},"yoast_head":"<!-- This site is optimized with the Yoast SEO plugin v27.4 - https:\/\/yoast.com\/product\/yoast-seo-wordpress\/ -->\n<title>El crepuscle dels d\u00e9us | Laertes ediciones<\/title>\n<meta name=\"robots\" content=\"index, follow, max-snippet:-1, max-image-preview:large, max-video-preview:-1\" \/>\n<link rel=\"canonical\" href=\"https:\/\/www.laertes.es\/ca\/llibre\/el-crepuscle-dels-deus\/\" \/>\n<meta property=\"og:locale\" content=\"ca_ES\" \/>\n<meta property=\"og:type\" content=\"article\" \/>\n<meta property=\"og:title\" content=\"El crepuscle dels d\u00e9us | Laertes ediciones\" \/>\n<meta property=\"og:description\" content=\"La publicaci\u00f3, el 1903, d&#039;El crepuscle dels d\u00e9us va marcar una fita en la literatura fant\u00e0stica brit\u00e0nica. El llibre, que havia estat objecte d&#039;una edici\u00f3 escur\u00e7ada quinze anys abans \u2014nom\u00e9s 16 hist\u00f2ries de les 28 que el componen\u2014, va produir una agradable sorpresa als lectors que no coneixien l&#039;autor, per\u00f2 no pas als visitants habituals de la Biblioteca del Museu Brit\u00e0nic, que no ignoraven pas els seus coneixements, la seva erudici\u00f3 i la seva ironia. L&#039;obra es va convertir en un llibre \u00abde culte\u00bb: les vuit edicions en quaranta anys en s\u00f3n una bona prova. Richard Garnett (1835-1906), que va treballar bona part de la seva vida com a supervisor de la Sala de Lectura i conservador de l&#039;esmentat Museu, atenia amb una gran amabilitat les consultes m\u00e9s extravagants (\u00absobre la cria de les abelles o sobre el bimetal lisme, mentre per dintre del cap se li anaven representant el Caucas o el Pandemoni i petites q\u00fcestions d&#039;Albert d&#039;Aix o d&#039;Hesi- qui\u00bb, ens recorda T.E. Lawrence a la introducci\u00f3), i donava savis consells als escriptors i intel\u00b7lectuals contemporanis que acudien a ell. Era all\u00f2 que vulgarment se&#039;n diu una \u00abrata de biblioteca\u00bb. La majoria dels relats que componen aquest recull es basen en hist\u00f2ries i llegendes antigues i ens parlen de d\u00e9us, semid\u00e9us, mags, fetillers, alquimistes, papes eclesi\u00e0stics, herois, fil\u00f2sofs...; tot plegat contat amb una deliciosa crueltat i una ironia molt brit\u00e0nica, amb un gran sentit de l&#039;humor i una enorme brillantor narrativa. Es pot dir que aquest llibre admet, com a m\u00ednim, tres nivells de lectura: el primer \u00e9s la lectura erudita, pr\u00f2pia dels lletraferits que solen descuidar-se, per exemple, el paraigua a la biblioteca; el segon seria el tipus de lectura que fan aquells que no acostumen a anar a les biblioteques (que desconeixen, per exemple, d&#039;on procedeix el costum de besar els peus als papes), els quals podran accedir, aix\u00ed, a coneixements oblidats i desconeguts, i el tercer seria el dels que frueixen amb la lectura, que \u2014altre cop amb paraules de Lawrence\u2014 \u00abels far\u00e0 riure per sota el nas, cosa no gens vulgar. T\u00e9 (el llibre) una brillantor i una perfecci\u00f3 en la incongru\u00e8ncia com els busts antics amb ulleres d&#039;aviador\u00bb. Aquests \u00faltims s\u00f3n aquells que dubten entre deixar el paraigua o un llibre com aquest, ja que, facin el que facin, probablement no recuperaran ni l&#039;un ni l&#039;altre. Autor, com M.R.James, d&#039;un sol llibre, i a m\u00e9s a m\u00e9s excel\u00b7lent, a Richard Garnett es deu el primer cat\u00e0leg de la Biblioteca del Museu Brit\u00e0nic, en el qual va treballar m\u00e9s de vint-i-cinc anys, i les edicions de poemes (in\u00e8dits aleshores) de Shelley i del Vathek de William Beckford.\" \/>\n<meta property=\"og:url\" content=\"https:\/\/www.laertes.es\/ca\/llibre\/el-crepuscle-dels-deus\/\" \/>\n<meta property=\"og:site_name\" content=\"Laertes ediciones\" \/>\n<meta property=\"og:image\" content=\"https:\/\/www.laertes.es\/wp-content\/uploads\/2023\/01\/9788475842370.jpg\" \/>\n\t<meta property=\"og:image:width\" content=\"721\" \/>\n\t<meta property=\"og:image:height\" content=\"1163\" \/>\n\t<meta property=\"og:image:type\" content=\"image\/jpeg\" \/>\n<script type=\"application\/ld+json\" class=\"yoast-schema-graph\">{\"@context\":\"https:\\\/\\\/schema.org\",\"@graph\":[{\"@type\":\"WebPage\",\"@id\":\"https:\\\/\\\/www.laertes.es\\\/ca\\\/llibre\\\/el-crepuscle-dels-deus\\\/\",\"url\":\"https:\\\/\\\/www.laertes.es\\\/ca\\\/llibre\\\/el-crepuscle-dels-deus\\\/\",\"name\":\"El crepuscle dels d\u00e9us | Laertes ediciones\",\"isPartOf\":{\"@id\":\"https:\\\/\\\/www.laertes.es\\\/ca\\\/#website\"},\"primaryImageOfPage\":{\"@id\":\"https:\\\/\\\/www.laertes.es\\\/ca\\\/llibre\\\/el-crepuscle-dels-deus\\\/#primaryimage\"},\"image\":{\"@id\":\"https:\\\/\\\/www.laertes.es\\\/ca\\\/llibre\\\/el-crepuscle-dels-deus\\\/#primaryimage\"},\"thumbnailUrl\":\"https:\\\/\\\/www.laertes.es\\\/wp-content\\\/uploads\\\/2023\\\/01\\\/9788475842370.jpg\",\"datePublished\":\"2023-01-24T15:07:18+00:00\",\"breadcrumb\":{\"@id\":\"https:\\\/\\\/www.laertes.es\\\/ca\\\/llibre\\\/el-crepuscle-dels-deus\\\/#breadcrumb\"},\"inLanguage\":\"ca\",\"potentialAction\":[{\"@type\":\"ReadAction\",\"target\":[\"https:\\\/\\\/www.laertes.es\\\/ca\\\/llibre\\\/el-crepuscle-dels-deus\\\/\"]}]},{\"@type\":\"ImageObject\",\"inLanguage\":\"ca\",\"@id\":\"https:\\\/\\\/www.laertes.es\\\/ca\\\/llibre\\\/el-crepuscle-dels-deus\\\/#primaryimage\",\"url\":\"https:\\\/\\\/www.laertes.es\\\/wp-content\\\/uploads\\\/2023\\\/01\\\/9788475842370.jpg\",\"contentUrl\":\"https:\\\/\\\/www.laertes.es\\\/wp-content\\\/uploads\\\/2023\\\/01\\\/9788475842370.jpg\",\"width\":721,\"height\":1163},{\"@type\":\"BreadcrumbList\",\"@id\":\"https:\\\/\\\/www.laertes.es\\\/ca\\\/llibre\\\/el-crepuscle-dels-deus\\\/#breadcrumb\",\"itemListElement\":[{\"@type\":\"ListItem\",\"position\":1,\"name\":\"Portada\",\"item\":\"https:\\\/\\\/www.laertes.es\\\/ca\\\/\"},{\"@type\":\"ListItem\",\"position\":2,\"name\":\"Tienda\",\"item\":\"https:\\\/\\\/www.laertes.es\\\/tienda\\\/\"},{\"@type\":\"ListItem\",\"position\":3,\"name\":\"El crepuscle dels d\u00e9us\"}]},{\"@type\":\"WebSite\",\"@id\":\"https:\\\/\\\/www.laertes.es\\\/ca\\\/#website\",\"url\":\"https:\\\/\\\/www.laertes.es\\\/ca\\\/\",\"name\":\"Laertes Ediciones\",\"description\":\"Editorial independiente desde 1975\",\"alternateName\":\"Laertes\",\"potentialAction\":[{\"@type\":\"SearchAction\",\"target\":{\"@type\":\"EntryPoint\",\"urlTemplate\":\"https:\\\/\\\/www.laertes.es\\\/ca\\\/?s={search_term_string}\"},\"query-input\":{\"@type\":\"PropertyValueSpecification\",\"valueRequired\":true,\"valueName\":\"search_term_string\"}}],\"inLanguage\":\"ca\"}]}<\/script>\n<!-- \/ Yoast SEO plugin. -->","yoast_head_json":{"title":"El crepuscle dels d\u00e9us | Laertes ediciones","robots":{"index":"index","follow":"follow","max-snippet":"max-snippet:-1","max-image-preview":"max-image-preview:large","max-video-preview":"max-video-preview:-1"},"canonical":"https:\/\/www.laertes.es\/ca\/llibre\/el-crepuscle-dels-deus\/","og_locale":"ca_ES","og_type":"article","og_title":"El crepuscle dels d\u00e9us | Laertes ediciones","og_description":"La publicaci\u00f3, el 1903, d'El crepuscle dels d\u00e9us va marcar una fita en la literatura fant\u00e0stica brit\u00e0nica. El llibre, que havia estat objecte d'una edici\u00f3 escur\u00e7ada quinze anys abans \u2014nom\u00e9s 16 hist\u00f2ries de les 28 que el componen\u2014, va produir una agradable sorpresa als lectors que no coneixien l'autor, per\u00f2 no pas als visitants habituals de la Biblioteca del Museu Brit\u00e0nic, que no ignoraven pas els seus coneixements, la seva erudici\u00f3 i la seva ironia. L'obra es va convertir en un llibre \u00abde culte\u00bb: les vuit edicions en quaranta anys en s\u00f3n una bona prova. Richard Garnett (1835-1906), que va treballar bona part de la seva vida com a supervisor de la Sala de Lectura i conservador de l'esmentat Museu, atenia amb una gran amabilitat les consultes m\u00e9s extravagants (\u00absobre la cria de les abelles o sobre el bimetal lisme, mentre per dintre del cap se li anaven representant el Caucas o el Pandemoni i petites q\u00fcestions d'Albert d'Aix o d'Hesi- qui\u00bb, ens recorda T.E. Lawrence a la introducci\u00f3), i donava savis consells als escriptors i intel\u00b7lectuals contemporanis que acudien a ell. Era all\u00f2 que vulgarment se'n diu una \u00abrata de biblioteca\u00bb. La majoria dels relats que componen aquest recull es basen en hist\u00f2ries i llegendes antigues i ens parlen de d\u00e9us, semid\u00e9us, mags, fetillers, alquimistes, papes eclesi\u00e0stics, herois, fil\u00f2sofs...; tot plegat contat amb una deliciosa crueltat i una ironia molt brit\u00e0nica, amb un gran sentit de l'humor i una enorme brillantor narrativa. Es pot dir que aquest llibre admet, com a m\u00ednim, tres nivells de lectura: el primer \u00e9s la lectura erudita, pr\u00f2pia dels lletraferits que solen descuidar-se, per exemple, el paraigua a la biblioteca; el segon seria el tipus de lectura que fan aquells que no acostumen a anar a les biblioteques (que desconeixen, per exemple, d'on procedeix el costum de besar els peus als papes), els quals podran accedir, aix\u00ed, a coneixements oblidats i desconeguts, i el tercer seria el dels que frueixen amb la lectura, que \u2014altre cop amb paraules de Lawrence\u2014 \u00abels far\u00e0 riure per sota el nas, cosa no gens vulgar. T\u00e9 (el llibre) una brillantor i una perfecci\u00f3 en la incongru\u00e8ncia com els busts antics amb ulleres d'aviador\u00bb. Aquests \u00faltims s\u00f3n aquells que dubten entre deixar el paraigua o un llibre com aquest, ja que, facin el que facin, probablement no recuperaran ni l'un ni l'altre. Autor, com M.R.James, d'un sol llibre, i a m\u00e9s a m\u00e9s excel\u00b7lent, a Richard Garnett es deu el primer cat\u00e0leg de la Biblioteca del Museu Brit\u00e0nic, en el qual va treballar m\u00e9s de vint-i-cinc anys, i les edicions de poemes (in\u00e8dits aleshores) de Shelley i del Vathek de William Beckford.","og_url":"https:\/\/www.laertes.es\/ca\/llibre\/el-crepuscle-dels-deus\/","og_site_name":"Laertes ediciones","og_image":[{"width":721,"height":1163,"url":"https:\/\/www.laertes.es\/wp-content\/uploads\/2023\/01\/9788475842370.jpg","type":"image\/jpeg"}],"schema":{"@context":"https:\/\/schema.org","@graph":[{"@type":"WebPage","@id":"https:\/\/www.laertes.es\/ca\/llibre\/el-crepuscle-dels-deus\/","url":"https:\/\/www.laertes.es\/ca\/llibre\/el-crepuscle-dels-deus\/","name":"El crepuscle dels d\u00e9us | Laertes ediciones","isPartOf":{"@id":"https:\/\/www.laertes.es\/ca\/#website"},"primaryImageOfPage":{"@id":"https:\/\/www.laertes.es\/ca\/llibre\/el-crepuscle-dels-deus\/#primaryimage"},"image":{"@id":"https:\/\/www.laertes.es\/ca\/llibre\/el-crepuscle-dels-deus\/#primaryimage"},"thumbnailUrl":"https:\/\/www.laertes.es\/wp-content\/uploads\/2023\/01\/9788475842370.jpg","datePublished":"2023-01-24T15:07:18+00:00","breadcrumb":{"@id":"https:\/\/www.laertes.es\/ca\/llibre\/el-crepuscle-dels-deus\/#breadcrumb"},"inLanguage":"ca","potentialAction":[{"@type":"ReadAction","target":["https:\/\/www.laertes.es\/ca\/llibre\/el-crepuscle-dels-deus\/"]}]},{"@type":"ImageObject","inLanguage":"ca","@id":"https:\/\/www.laertes.es\/ca\/llibre\/el-crepuscle-dels-deus\/#primaryimage","url":"https:\/\/www.laertes.es\/wp-content\/uploads\/2023\/01\/9788475842370.jpg","contentUrl":"https:\/\/www.laertes.es\/wp-content\/uploads\/2023\/01\/9788475842370.jpg","width":721,"height":1163},{"@type":"BreadcrumbList","@id":"https:\/\/www.laertes.es\/ca\/llibre\/el-crepuscle-dels-deus\/#breadcrumb","itemListElement":[{"@type":"ListItem","position":1,"name":"Portada","item":"https:\/\/www.laertes.es\/ca\/"},{"@type":"ListItem","position":2,"name":"Tienda","item":"https:\/\/www.laertes.es\/tienda\/"},{"@type":"ListItem","position":3,"name":"El crepuscle dels d\u00e9us"}]},{"@type":"WebSite","@id":"https:\/\/www.laertes.es\/ca\/#website","url":"https:\/\/www.laertes.es\/ca\/","name":"Laertes Ediciones","description":"Editorial independiente desde 1975","alternateName":"Laertes","potentialAction":[{"@type":"SearchAction","target":{"@type":"EntryPoint","urlTemplate":"https:\/\/www.laertes.es\/ca\/?s={search_term_string}"},"query-input":{"@type":"PropertyValueSpecification","valueRequired":true,"valueName":"search_term_string"}}],"inLanguage":"ca"}]}},"_links":{"self":[{"href":"https:\/\/www.laertes.es\/ca\/wp-json\/wp\/v2\/product\/11854","targetHints":{"allow":["GET"]}}],"collection":[{"href":"https:\/\/www.laertes.es\/ca\/wp-json\/wp\/v2\/product"}],"about":[{"href":"https:\/\/www.laertes.es\/ca\/wp-json\/wp\/v2\/types\/product"}],"version-history":[{"count":0,"href":"https:\/\/www.laertes.es\/ca\/wp-json\/wp\/v2\/product\/11854\/revisions"}],"wp:featuredmedia":[{"embeddable":true,"href":"https:\/\/www.laertes.es\/ca\/wp-json\/wp\/v2\/media\/9992"}],"wp:attachment":[{"href":"https:\/\/www.laertes.es\/ca\/wp-json\/wp\/v2\/media?parent=11854"}],"wp:term":[{"taxonomy":"product_brand","embeddable":true,"href":"https:\/\/www.laertes.es\/ca\/wp-json\/wp\/v2\/product_brand?post=11854"},{"taxonomy":"product_cat","embeddable":true,"href":"https:\/\/www.laertes.es\/ca\/wp-json\/wp\/v2\/product_cat?post=11854"},{"taxonomy":"product_tag","embeddable":true,"href":"https:\/\/www.laertes.es\/ca\/wp-json\/wp\/v2\/product_tag?post=11854"},{"taxonomy":"autores","embeddable":true,"href":"https:\/\/www.laertes.es\/ca\/wp-json\/wp\/v2\/autores?post=11854"},{"taxonomy":"formatos","embeddable":true,"href":"https:\/\/www.laertes.es\/ca\/wp-json\/wp\/v2\/formatos?post=11854"},{"taxonomy":"materias","embeddable":true,"href":"https:\/\/www.laertes.es\/ca\/wp-json\/wp\/v2\/materias?post=11854"}],"curies":[{"name":"wp","href":"https:\/\/api.w.org\/{rel}","templated":true}]}}