{"id":11853,"date":"2023-01-24T15:07:18","date_gmt":"2023-01-24T15:07:18","guid":{"rendered":"https:\/libro\/lassassi-moderat\/"},"modified":"2023-01-24T15:07:18","modified_gmt":"2023-01-24T15:07:18","slug":"lassassi-moderat","status":"publish","type":"product","link":"https:\/\/www.laertes.es\/ca\/llibre\/lassassi-moderat\/","title":{"rendered":"L&#8217;assass\u00ed moderat"},"content":{"rendered":"","protected":false},"excerpt":{"rendered":"<p>La vida transcorre mon\u00f2tona entre els components deJa col\u00f2nia anglesa de Polybia, un pac\u00edfic i tranquil pa\u00eds prop d&#8217;Egipte, quan un bon dia es comet un assassinat que posa en q\u00fcesti\u00f3 l&#8217;ordre establert. Barbara Traill t\u00e9 els cl\u00e0ssics prejudicis de la seva situaci\u00f3 cultural i econ\u00f2mica. Viu en una col\u00f2nia. El seu oncle \u00e9s el governador; el seu cunyat, el vicego- vernador. El seu patriotisme no li impedeix comprendre que l&#8217;\u00e8poca de les col\u00f2nies \u00e9s a les acaballes. El seu germ\u00e0 Tom t\u00e9 un professor particular, Hume, amb unes idees molt peculiars ja que defensa \u00abla filosofia de la moderaci\u00f3 en el camp de l&#8217;assassinat\u00bb&#8230; i es defensa com \u00abun home sensat. De fet \u2014diu\u2014, s\u00f3c un assass\u00ed moderat\u00bb. El relat de L&#8217;assass\u00ed moderat (publicat per primera vegada l&#8217;abril de 1929 en el \u00abCassell&#8217;s Magazine\u00bb), igual que les aventures del pare Brown i els misteris d&#8217;El club dels negocis estranys.<\/p>\n","protected":false},"featured_media":9990,"template":"","meta":[],"product_brand":[],"product_cat":[296],"product_tag":[],"autores":[404],"formatos":[355],"materias":[356],"class_list":{"0":"post-11853","1":"product","2":"type-product","3":"status-publish","4":"has-post-thumbnail","6":"product_cat-larca-ca","7":"autores-chesterton-gilbert-keith-ca","8":"formatos-llibre","9":"materias-cuentos-clasicos-de-generos-fantasticos-ca","11":"first","12":"instock","13":"purchasable","14":"product-type-simple"},"yoast_head":"<!-- This site is optimized with the Yoast SEO plugin v27.3 - https:\/\/yoast.com\/product\/yoast-seo-wordpress\/ -->\n<title>L&#039;assass\u00ed moderat | Laertes ediciones<\/title>\n<meta name=\"robots\" content=\"index, follow, max-snippet:-1, max-image-preview:large, max-video-preview:-1\" \/>\n<link rel=\"canonical\" href=\"https:\/\/www.laertes.es\/ca\/llibre\/lassassi-moderat\/\" \/>\n<meta property=\"og:locale\" content=\"ca_ES\" \/>\n<meta property=\"og:type\" content=\"article\" \/>\n<meta property=\"og:title\" content=\"L&#039;assass\u00ed moderat | Laertes ediciones\" \/>\n<meta property=\"og:description\" content=\"La vida transcorre mon\u00f2tona entre els components deJa col\u00f2nia anglesa de Polybia, un pac\u00edfic i tranquil pa\u00eds prop d&#039;Egipte, quan un bon dia es comet un assassinat que posa en q\u00fcesti\u00f3 l&#039;ordre establert. Barbara Traill t\u00e9 els cl\u00e0ssics prejudicis de la seva situaci\u00f3 cultural i econ\u00f2mica. Viu en una col\u00f2nia. El seu oncle \u00e9s el governador; el seu cunyat, el vicego- vernador. El seu patriotisme no li impedeix comprendre que l&#039;\u00e8poca de les col\u00f2nies \u00e9s a les acaballes. El seu germ\u00e0 Tom t\u00e9 un professor particular, Hume, amb unes idees molt peculiars ja que defensa \u00abla filosofia de la moderaci\u00f3 en el camp de l&#039;assassinat\u00bb... i es defensa com \u00abun home sensat. De fet \u2014diu\u2014, s\u00f3c un assass\u00ed moderat\u00bb. El relat de L&#039;assass\u00ed moderat (publicat per primera vegada l&#039;abril de 1929 en el \u00abCassell&#039;s Magazine\u00bb), igual que les aventures del pare Brown i els misteris d&#039;El club dels negocis estranys.\" \/>\n<meta property=\"og:url\" content=\"https:\/\/www.laertes.es\/ca\/llibre\/lassassi-moderat\/\" \/>\n<meta property=\"og:site_name\" content=\"Laertes ediciones\" \/>\n<meta property=\"og:image\" content=\"https:\/\/www.laertes.es\/wp-content\/uploads\/2023\/01\/9788475842325.jpg\" \/>\n\t<meta property=\"og:image:width\" content=\"721\" \/>\n\t<meta property=\"og:image:height\" content=\"1163\" \/>\n\t<meta property=\"og:image:type\" content=\"image\/jpeg\" \/>\n<script type=\"application\/ld+json\" class=\"yoast-schema-graph\">{\"@context\":\"https:\\\/\\\/schema.org\",\"@graph\":[{\"@type\":\"WebPage\",\"@id\":\"https:\\\/\\\/www.laertes.es\\\/ca\\\/llibre\\\/lassassi-moderat\\\/\",\"url\":\"https:\\\/\\\/www.laertes.es\\\/ca\\\/llibre\\\/lassassi-moderat\\\/\",\"name\":\"L'assass\u00ed moderat | Laertes ediciones\",\"isPartOf\":{\"@id\":\"https:\\\/\\\/www.laertes.es\\\/ca\\\/#website\"},\"primaryImageOfPage\":{\"@id\":\"https:\\\/\\\/www.laertes.es\\\/ca\\\/llibre\\\/lassassi-moderat\\\/#primaryimage\"},\"image\":{\"@id\":\"https:\\\/\\\/www.laertes.es\\\/ca\\\/llibre\\\/lassassi-moderat\\\/#primaryimage\"},\"thumbnailUrl\":\"https:\\\/\\\/www.laertes.es\\\/wp-content\\\/uploads\\\/2023\\\/01\\\/9788475842325.jpg\",\"datePublished\":\"2023-01-24T15:07:18+00:00\",\"breadcrumb\":{\"@id\":\"https:\\\/\\\/www.laertes.es\\\/ca\\\/llibre\\\/lassassi-moderat\\\/#breadcrumb\"},\"inLanguage\":\"ca\",\"potentialAction\":[{\"@type\":\"ReadAction\",\"target\":[\"https:\\\/\\\/www.laertes.es\\\/ca\\\/llibre\\\/lassassi-moderat\\\/\"]}]},{\"@type\":\"ImageObject\",\"inLanguage\":\"ca\",\"@id\":\"https:\\\/\\\/www.laertes.es\\\/ca\\\/llibre\\\/lassassi-moderat\\\/#primaryimage\",\"url\":\"https:\\\/\\\/www.laertes.es\\\/wp-content\\\/uploads\\\/2023\\\/01\\\/9788475842325.jpg\",\"contentUrl\":\"https:\\\/\\\/www.laertes.es\\\/wp-content\\\/uploads\\\/2023\\\/01\\\/9788475842325.jpg\",\"width\":721,\"height\":1163},{\"@type\":\"BreadcrumbList\",\"@id\":\"https:\\\/\\\/www.laertes.es\\\/ca\\\/llibre\\\/lassassi-moderat\\\/#breadcrumb\",\"itemListElement\":[{\"@type\":\"ListItem\",\"position\":1,\"name\":\"Portada\",\"item\":\"https:\\\/\\\/www.laertes.es\\\/ca\\\/\"},{\"@type\":\"ListItem\",\"position\":2,\"name\":\"Tienda\",\"item\":\"https:\\\/\\\/www.laertes.es\\\/tienda\\\/\"},{\"@type\":\"ListItem\",\"position\":3,\"name\":\"L&#8217;assass\u00ed moderat\"}]},{\"@type\":\"WebSite\",\"@id\":\"https:\\\/\\\/www.laertes.es\\\/ca\\\/#website\",\"url\":\"https:\\\/\\\/www.laertes.es\\\/ca\\\/\",\"name\":\"Laertes Ediciones\",\"description\":\"Editorial independiente desde 1975\",\"alternateName\":\"Laertes\",\"potentialAction\":[{\"@type\":\"SearchAction\",\"target\":{\"@type\":\"EntryPoint\",\"urlTemplate\":\"https:\\\/\\\/www.laertes.es\\\/ca\\\/?s={search_term_string}\"},\"query-input\":{\"@type\":\"PropertyValueSpecification\",\"valueRequired\":true,\"valueName\":\"search_term_string\"}}],\"inLanguage\":\"ca\"}]}<\/script>\n<!-- \/ Yoast SEO plugin. -->","yoast_head_json":{"title":"L'assass\u00ed moderat | Laertes ediciones","robots":{"index":"index","follow":"follow","max-snippet":"max-snippet:-1","max-image-preview":"max-image-preview:large","max-video-preview":"max-video-preview:-1"},"canonical":"https:\/\/www.laertes.es\/ca\/llibre\/lassassi-moderat\/","og_locale":"ca_ES","og_type":"article","og_title":"L'assass\u00ed moderat | Laertes ediciones","og_description":"La vida transcorre mon\u00f2tona entre els components deJa col\u00f2nia anglesa de Polybia, un pac\u00edfic i tranquil pa\u00eds prop d'Egipte, quan un bon dia es comet un assassinat que posa en q\u00fcesti\u00f3 l'ordre establert. Barbara Traill t\u00e9 els cl\u00e0ssics prejudicis de la seva situaci\u00f3 cultural i econ\u00f2mica. Viu en una col\u00f2nia. El seu oncle \u00e9s el governador; el seu cunyat, el vicego- vernador. El seu patriotisme no li impedeix comprendre que l'\u00e8poca de les col\u00f2nies \u00e9s a les acaballes. El seu germ\u00e0 Tom t\u00e9 un professor particular, Hume, amb unes idees molt peculiars ja que defensa \u00abla filosofia de la moderaci\u00f3 en el camp de l'assassinat\u00bb... i es defensa com \u00abun home sensat. De fet \u2014diu\u2014, s\u00f3c un assass\u00ed moderat\u00bb. El relat de L'assass\u00ed moderat (publicat per primera vegada l'abril de 1929 en el \u00abCassell's Magazine\u00bb), igual que les aventures del pare Brown i els misteris d'El club dels negocis estranys.","og_url":"https:\/\/www.laertes.es\/ca\/llibre\/lassassi-moderat\/","og_site_name":"Laertes ediciones","og_image":[{"width":721,"height":1163,"url":"https:\/\/www.laertes.es\/wp-content\/uploads\/2023\/01\/9788475842325.jpg","type":"image\/jpeg"}],"schema":{"@context":"https:\/\/schema.org","@graph":[{"@type":"WebPage","@id":"https:\/\/www.laertes.es\/ca\/llibre\/lassassi-moderat\/","url":"https:\/\/www.laertes.es\/ca\/llibre\/lassassi-moderat\/","name":"L'assass\u00ed moderat | Laertes ediciones","isPartOf":{"@id":"https:\/\/www.laertes.es\/ca\/#website"},"primaryImageOfPage":{"@id":"https:\/\/www.laertes.es\/ca\/llibre\/lassassi-moderat\/#primaryimage"},"image":{"@id":"https:\/\/www.laertes.es\/ca\/llibre\/lassassi-moderat\/#primaryimage"},"thumbnailUrl":"https:\/\/www.laertes.es\/wp-content\/uploads\/2023\/01\/9788475842325.jpg","datePublished":"2023-01-24T15:07:18+00:00","breadcrumb":{"@id":"https:\/\/www.laertes.es\/ca\/llibre\/lassassi-moderat\/#breadcrumb"},"inLanguage":"ca","potentialAction":[{"@type":"ReadAction","target":["https:\/\/www.laertes.es\/ca\/llibre\/lassassi-moderat\/"]}]},{"@type":"ImageObject","inLanguage":"ca","@id":"https:\/\/www.laertes.es\/ca\/llibre\/lassassi-moderat\/#primaryimage","url":"https:\/\/www.laertes.es\/wp-content\/uploads\/2023\/01\/9788475842325.jpg","contentUrl":"https:\/\/www.laertes.es\/wp-content\/uploads\/2023\/01\/9788475842325.jpg","width":721,"height":1163},{"@type":"BreadcrumbList","@id":"https:\/\/www.laertes.es\/ca\/llibre\/lassassi-moderat\/#breadcrumb","itemListElement":[{"@type":"ListItem","position":1,"name":"Portada","item":"https:\/\/www.laertes.es\/ca\/"},{"@type":"ListItem","position":2,"name":"Tienda","item":"https:\/\/www.laertes.es\/tienda\/"},{"@type":"ListItem","position":3,"name":"L&#8217;assass\u00ed moderat"}]},{"@type":"WebSite","@id":"https:\/\/www.laertes.es\/ca\/#website","url":"https:\/\/www.laertes.es\/ca\/","name":"Laertes Ediciones","description":"Editorial independiente desde 1975","alternateName":"Laertes","potentialAction":[{"@type":"SearchAction","target":{"@type":"EntryPoint","urlTemplate":"https:\/\/www.laertes.es\/ca\/?s={search_term_string}"},"query-input":{"@type":"PropertyValueSpecification","valueRequired":true,"valueName":"search_term_string"}}],"inLanguage":"ca"}]}},"_links":{"self":[{"href":"https:\/\/www.laertes.es\/ca\/wp-json\/wp\/v2\/product\/11853","targetHints":{"allow":["GET"]}}],"collection":[{"href":"https:\/\/www.laertes.es\/ca\/wp-json\/wp\/v2\/product"}],"about":[{"href":"https:\/\/www.laertes.es\/ca\/wp-json\/wp\/v2\/types\/product"}],"version-history":[{"count":0,"href":"https:\/\/www.laertes.es\/ca\/wp-json\/wp\/v2\/product\/11853\/revisions"}],"wp:featuredmedia":[{"embeddable":true,"href":"https:\/\/www.laertes.es\/ca\/wp-json\/wp\/v2\/media\/9990"}],"wp:attachment":[{"href":"https:\/\/www.laertes.es\/ca\/wp-json\/wp\/v2\/media?parent=11853"}],"wp:term":[{"taxonomy":"product_brand","embeddable":true,"href":"https:\/\/www.laertes.es\/ca\/wp-json\/wp\/v2\/product_brand?post=11853"},{"taxonomy":"product_cat","embeddable":true,"href":"https:\/\/www.laertes.es\/ca\/wp-json\/wp\/v2\/product_cat?post=11853"},{"taxonomy":"product_tag","embeddable":true,"href":"https:\/\/www.laertes.es\/ca\/wp-json\/wp\/v2\/product_tag?post=11853"},{"taxonomy":"autores","embeddable":true,"href":"https:\/\/www.laertes.es\/ca\/wp-json\/wp\/v2\/autores?post=11853"},{"taxonomy":"formatos","embeddable":true,"href":"https:\/\/www.laertes.es\/ca\/wp-json\/wp\/v2\/formatos?post=11853"},{"taxonomy":"materias","embeddable":true,"href":"https:\/\/www.laertes.es\/ca\/wp-json\/wp\/v2\/materias?post=11853"}],"curies":[{"name":"wp","href":"https:\/\/api.w.org\/{rel}","templated":true}]}}