{"id":11852,"date":"2023-01-24T15:07:18","date_gmt":"2023-01-24T15:07:18","guid":{"rendered":"https:\/libro\/guia-galactica-per-a-autoestopistes\/"},"modified":"2023-10-14T01:14:38","modified_gmt":"2023-10-14T01:14:38","slug":"guia-galactica-per-a-autoestopistes","status":"publish","type":"product","link":"https:\/\/www.laertes.es\/ca\/llibre\/guia-galactica-per-a-autoestopistes\/","title":{"rendered":"Guia gal\u00e0ctica per a autoestopistes"},"content":{"rendered":"<h1>Guia gal\u00e0ctica per a autoestopistes<\/h1>\n<p>Guia gal\u00e0ctica per a autoestopistes Un dijous, a l&#8217;hora de dinar, tot d&#8217;un plegat, de forma inesperada, la Terra \u00e9s destru\u00efda per tal d&#8217;obrir una ruta expr\u00e9s hiperespacial a trav\u00e9s del sistema solar. Per a Arthur Dent, a qui precisament aquell mat\u00ed li acaben de demolir la casa, la cosa resulta ser molt m\u00e9s del que ell pot afrontar. Tristament, per\u00f2, el cap de setmana amb prou feines ha comen\u00e7at, i la Gal\u00e0xia \u00e9s un lloc ben estrany i sorprenent.<\/p>\n<p>Un dijous, a l&#8217;hora de dinar, tot d&#8217;un plegat, de forma inesperada, la Terra \u00e9s destru\u00efda per tal d&#8217;obrir una ruta expr\u00e9s hiperespacial a trav\u00e9s del sistema solar. Per a Arthur Dent, a qui precisament aquell mat\u00ed li acaben de demolir la casa, la cosa resulta ser molt m\u00e9s del que ell pot afrontar. Tristament, per\u00f2, el cap de setmana amb prou feines ha comen\u00e7at, i la Gal\u00e0xia \u00e9s un lloc ben estrany i sorprenent.<\/p>\n<p>Un dijous, a l&#8217;hora de dinar, tot d&#8217;un plegat, de forma inesperada, la Terra \u00e9s destru\u00efda per tal d&#8217;obrir una ruta expr\u00e9s hiperespacial a trav\u00e9s del sistema solar. Per a Arthur Dent, a qui precisament aquell mat\u00ed li acaben de demolir la casa, la cosa resulta ser molt m\u00e9s del que ell pot afrontar. Tristament, per\u00f2, el cap de setmana amb prou feines ha comen\u00e7at, i la Gal\u00e0xia \u00e9s un lloc ben estrany i sorprenent.<\/p>\n<p>Un dijous, a l&#8217;hora de dinar, tot d&#8217;un plegat, de forma inesperada, la Terra \u00e9s destru\u00efda per tal d&#8217;obrir una ruta expr\u00e9s hiperespacial a trav\u00e9s del sistema solar. Per a Arthur Dent, a qui precisament aquell mat\u00ed li acaben de demolir la casa, la cosa resulta ser molt m\u00e9s del que ell pot afrontar. Tristament, per\u00f2, el cap de setmana amb prou feines ha comen\u00e7at, i la Gal\u00e0xia \u00e9s un lloc ben estrany i sorprenent.<\/p>\n","protected":false},"excerpt":{"rendered":"<p>Un dijous, a l&#8217;hora de dinar, tot d&#8217;un plegat, de forma inesperada, la Terra \u00e9s destruida per tal d&#8217;obrir una ruta expr\u00e9s hiperespacial a trav\u00e9s del sistema solar. Per a Arthur Dent, a qui precisament aquell mat\u00ed li acaben de demolir la casa, la cosa resulta ser molt m\u00e9s del que ell pot afrontar. Tristament, per\u00f2, el cap de setmana amb prou feines ha comen\u00e7at, i la Gal\u00e0xia \u00e9s un lloc ben estrany i sorprenent.<\/p>\n","protected":false},"featured_media":12990,"template":"","meta":[],"product_brand":[],"product_cat":[296],"product_tag":[676,693,672,694,695],"autores":[425],"formatos":[355],"materias":[356],"class_list":{"0":"post-11852","1":"product","2":"type-product","3":"status-publish","4":"has-post-thumbnail","6":"product_cat-larca-ca","7":"product_tag-ciencia-ficcio-ca","8":"product_tag-comedia-ca","9":"product_tag-literatura-fantastica-ca","10":"product_tag-monty-python-ca","11":"product_tag-surrealisme-ca","12":"autores-adams-douglas-ca","13":"formatos-llibre","14":"materias-cuentos-clasicos-de-generos-fantasticos-ca","16":"first","17":"instock","18":"purchasable","19":"product-type-simple"},"yoast_head":"<!-- This site is optimized with the Yoast SEO plugin v27.3 - https:\/\/yoast.com\/product\/yoast-seo-wordpress\/ -->\n<title>Guia gal\u00e0ctica per a autoestopistes | Laertes ediciones<\/title>\n<meta name=\"description\" content=\"Guia gal\u00e0ctica per a autoestopistes | Un dijous, la Terra \u00e9s destru\u00efda per tal d&#039;obrir una ruta hiperespacial a trav\u00e9s del sistema solar.\" \/>\n<meta name=\"robots\" content=\"index, follow, max-snippet:-1, max-image-preview:large, max-video-preview:-1\" \/>\n<link rel=\"canonical\" href=\"https:\/\/www.laertes.es\/ca\/llibre\/guia-galactica-per-a-autoestopistes\/\" \/>\n<meta property=\"og:locale\" content=\"ca_ES\" \/>\n<meta property=\"og:type\" content=\"article\" \/>\n<meta property=\"og:title\" content=\"Guia gal\u00e0ctica per a autoestopistes | Laertes ediciones\" \/>\n<meta property=\"og:description\" content=\"Guia gal\u00e0ctica per a autoestopistes | Un dijous, la Terra \u00e9s destru\u00efda per tal d&#039;obrir una ruta hiperespacial a trav\u00e9s del sistema solar.\" \/>\n<meta property=\"og:url\" content=\"https:\/\/www.laertes.es\/ca\/llibre\/guia-galactica-per-a-autoestopistes\/\" \/>\n<meta property=\"og:site_name\" content=\"Laertes ediciones\" \/>\n<meta property=\"article:modified_time\" content=\"2023-10-14T01:14:38+00:00\" \/>\n<meta property=\"og:image\" content=\"https:\/\/www.laertes.es\/wp-content\/uploads\/2023\/01\/ARC065.webp\" \/>\n\t<meta property=\"og:image:width\" content=\"802\" \/>\n\t<meta property=\"og:image:height\" content=\"1200\" \/>\n\t<meta property=\"og:image:type\" content=\"image\/webp\" \/>\n<meta name=\"twitter:label1\" content=\"Temps estimat de lectura\" \/>\n\t<meta name=\"twitter:data1\" content=\"2 minuts\" \/>\n<script type=\"application\/ld+json\" class=\"yoast-schema-graph\">{\"@context\":\"https:\\\/\\\/schema.org\",\"@graph\":[{\"@type\":\"WebPage\",\"@id\":\"https:\\\/\\\/www.laertes.es\\\/ca\\\/llibre\\\/guia-galactica-per-a-autoestopistes\\\/\",\"url\":\"https:\\\/\\\/www.laertes.es\\\/ca\\\/llibre\\\/guia-galactica-per-a-autoestopistes\\\/\",\"name\":\"Guia gal\u00e0ctica per a autoestopistes | Laertes ediciones\",\"isPartOf\":{\"@id\":\"https:\\\/\\\/www.laertes.es\\\/ca\\\/#website\"},\"primaryImageOfPage\":{\"@id\":\"https:\\\/\\\/www.laertes.es\\\/ca\\\/llibre\\\/guia-galactica-per-a-autoestopistes\\\/#primaryimage\"},\"image\":{\"@id\":\"https:\\\/\\\/www.laertes.es\\\/ca\\\/llibre\\\/guia-galactica-per-a-autoestopistes\\\/#primaryimage\"},\"thumbnailUrl\":\"https:\\\/\\\/www.laertes.es\\\/wp-content\\\/uploads\\\/2023\\\/01\\\/ARC065.webp\",\"datePublished\":\"2023-01-24T15:07:18+00:00\",\"dateModified\":\"2023-10-14T01:14:38+00:00\",\"description\":\"Guia gal\u00e0ctica per a autoestopistes | Un dijous, la Terra \u00e9s destru\u00efda per tal d'obrir una ruta hiperespacial a trav\u00e9s del sistema solar.\",\"breadcrumb\":{\"@id\":\"https:\\\/\\\/www.laertes.es\\\/ca\\\/llibre\\\/guia-galactica-per-a-autoestopistes\\\/#breadcrumb\"},\"inLanguage\":\"ca\",\"potentialAction\":[{\"@type\":\"ReadAction\",\"target\":[\"https:\\\/\\\/www.laertes.es\\\/ca\\\/llibre\\\/guia-galactica-per-a-autoestopistes\\\/\"]}]},{\"@type\":\"ImageObject\",\"inLanguage\":\"ca\",\"@id\":\"https:\\\/\\\/www.laertes.es\\\/ca\\\/llibre\\\/guia-galactica-per-a-autoestopistes\\\/#primaryimage\",\"url\":\"https:\\\/\\\/www.laertes.es\\\/wp-content\\\/uploads\\\/2023\\\/01\\\/ARC065.webp\",\"contentUrl\":\"https:\\\/\\\/www.laertes.es\\\/wp-content\\\/uploads\\\/2023\\\/01\\\/ARC065.webp\",\"width\":802,\"height\":1200,\"caption\":\"Guia gal\u00e0ctica per a autoestopistes\"},{\"@type\":\"BreadcrumbList\",\"@id\":\"https:\\\/\\\/www.laertes.es\\\/ca\\\/llibre\\\/guia-galactica-per-a-autoestopistes\\\/#breadcrumb\",\"itemListElement\":[{\"@type\":\"ListItem\",\"position\":1,\"name\":\"Portada\",\"item\":\"https:\\\/\\\/www.laertes.es\\\/ca\\\/\"},{\"@type\":\"ListItem\",\"position\":2,\"name\":\"Tienda\",\"item\":\"https:\\\/\\\/www.laertes.es\\\/tienda\\\/\"},{\"@type\":\"ListItem\",\"position\":3,\"name\":\"Guia gal\u00e0ctica per a autoestopistes\"}]},{\"@type\":\"WebSite\",\"@id\":\"https:\\\/\\\/www.laertes.es\\\/ca\\\/#website\",\"url\":\"https:\\\/\\\/www.laertes.es\\\/ca\\\/\",\"name\":\"Laertes Ediciones\",\"description\":\"Editorial independiente desde 1975\",\"alternateName\":\"Laertes\",\"potentialAction\":[{\"@type\":\"SearchAction\",\"target\":{\"@type\":\"EntryPoint\",\"urlTemplate\":\"https:\\\/\\\/www.laertes.es\\\/ca\\\/?s={search_term_string}\"},\"query-input\":{\"@type\":\"PropertyValueSpecification\",\"valueRequired\":true,\"valueName\":\"search_term_string\"}}],\"inLanguage\":\"ca\"}]}<\/script>\n<!-- \/ Yoast SEO plugin. -->","yoast_head_json":{"title":"Guia gal\u00e0ctica per a autoestopistes | Laertes ediciones","description":"Guia gal\u00e0ctica per a autoestopistes | Un dijous, la Terra \u00e9s destru\u00efda per tal d'obrir una ruta hiperespacial a trav\u00e9s del sistema solar.","robots":{"index":"index","follow":"follow","max-snippet":"max-snippet:-1","max-image-preview":"max-image-preview:large","max-video-preview":"max-video-preview:-1"},"canonical":"https:\/\/www.laertes.es\/ca\/llibre\/guia-galactica-per-a-autoestopistes\/","og_locale":"ca_ES","og_type":"article","og_title":"Guia gal\u00e0ctica per a autoestopistes | Laertes ediciones","og_description":"Guia gal\u00e0ctica per a autoestopistes | Un dijous, la Terra \u00e9s destru\u00efda per tal d'obrir una ruta hiperespacial a trav\u00e9s del sistema solar.","og_url":"https:\/\/www.laertes.es\/ca\/llibre\/guia-galactica-per-a-autoestopistes\/","og_site_name":"Laertes ediciones","article_modified_time":"2023-10-14T01:14:38+00:00","og_image":[{"width":802,"height":1200,"url":"https:\/\/www.laertes.es\/wp-content\/uploads\/2023\/01\/ARC065.webp","type":"image\/webp"}],"twitter_misc":{"Temps estimat de lectura":"2 minuts"},"schema":{"@context":"https:\/\/schema.org","@graph":[{"@type":"WebPage","@id":"https:\/\/www.laertes.es\/ca\/llibre\/guia-galactica-per-a-autoestopistes\/","url":"https:\/\/www.laertes.es\/ca\/llibre\/guia-galactica-per-a-autoestopistes\/","name":"Guia gal\u00e0ctica per a autoestopistes | Laertes ediciones","isPartOf":{"@id":"https:\/\/www.laertes.es\/ca\/#website"},"primaryImageOfPage":{"@id":"https:\/\/www.laertes.es\/ca\/llibre\/guia-galactica-per-a-autoestopistes\/#primaryimage"},"image":{"@id":"https:\/\/www.laertes.es\/ca\/llibre\/guia-galactica-per-a-autoestopistes\/#primaryimage"},"thumbnailUrl":"https:\/\/www.laertes.es\/wp-content\/uploads\/2023\/01\/ARC065.webp","datePublished":"2023-01-24T15:07:18+00:00","dateModified":"2023-10-14T01:14:38+00:00","description":"Guia gal\u00e0ctica per a autoestopistes | Un dijous, la Terra \u00e9s destru\u00efda per tal d'obrir una ruta hiperespacial a trav\u00e9s del sistema solar.","breadcrumb":{"@id":"https:\/\/www.laertes.es\/ca\/llibre\/guia-galactica-per-a-autoestopistes\/#breadcrumb"},"inLanguage":"ca","potentialAction":[{"@type":"ReadAction","target":["https:\/\/www.laertes.es\/ca\/llibre\/guia-galactica-per-a-autoestopistes\/"]}]},{"@type":"ImageObject","inLanguage":"ca","@id":"https:\/\/www.laertes.es\/ca\/llibre\/guia-galactica-per-a-autoestopistes\/#primaryimage","url":"https:\/\/www.laertes.es\/wp-content\/uploads\/2023\/01\/ARC065.webp","contentUrl":"https:\/\/www.laertes.es\/wp-content\/uploads\/2023\/01\/ARC065.webp","width":802,"height":1200,"caption":"Guia gal\u00e0ctica per a autoestopistes"},{"@type":"BreadcrumbList","@id":"https:\/\/www.laertes.es\/ca\/llibre\/guia-galactica-per-a-autoestopistes\/#breadcrumb","itemListElement":[{"@type":"ListItem","position":1,"name":"Portada","item":"https:\/\/www.laertes.es\/ca\/"},{"@type":"ListItem","position":2,"name":"Tienda","item":"https:\/\/www.laertes.es\/tienda\/"},{"@type":"ListItem","position":3,"name":"Guia gal\u00e0ctica per a autoestopistes"}]},{"@type":"WebSite","@id":"https:\/\/www.laertes.es\/ca\/#website","url":"https:\/\/www.laertes.es\/ca\/","name":"Laertes Ediciones","description":"Editorial independiente desde 1975","alternateName":"Laertes","potentialAction":[{"@type":"SearchAction","target":{"@type":"EntryPoint","urlTemplate":"https:\/\/www.laertes.es\/ca\/?s={search_term_string}"},"query-input":{"@type":"PropertyValueSpecification","valueRequired":true,"valueName":"search_term_string"}}],"inLanguage":"ca"}]}},"_links":{"self":[{"href":"https:\/\/www.laertes.es\/ca\/wp-json\/wp\/v2\/product\/11852","targetHints":{"allow":["GET"]}}],"collection":[{"href":"https:\/\/www.laertes.es\/ca\/wp-json\/wp\/v2\/product"}],"about":[{"href":"https:\/\/www.laertes.es\/ca\/wp-json\/wp\/v2\/types\/product"}],"version-history":[{"count":2,"href":"https:\/\/www.laertes.es\/ca\/wp-json\/wp\/v2\/product\/11852\/revisions"}],"predecessor-version":[{"id":13499,"href":"https:\/\/www.laertes.es\/ca\/wp-json\/wp\/v2\/product\/11852\/revisions\/13499"}],"wp:featuredmedia":[{"embeddable":true,"href":"https:\/\/www.laertes.es\/ca\/wp-json\/wp\/v2\/media\/12990"}],"wp:attachment":[{"href":"https:\/\/www.laertes.es\/ca\/wp-json\/wp\/v2\/media?parent=11852"}],"wp:term":[{"taxonomy":"product_brand","embeddable":true,"href":"https:\/\/www.laertes.es\/ca\/wp-json\/wp\/v2\/product_brand?post=11852"},{"taxonomy":"product_cat","embeddable":true,"href":"https:\/\/www.laertes.es\/ca\/wp-json\/wp\/v2\/product_cat?post=11852"},{"taxonomy":"product_tag","embeddable":true,"href":"https:\/\/www.laertes.es\/ca\/wp-json\/wp\/v2\/product_tag?post=11852"},{"taxonomy":"autores","embeddable":true,"href":"https:\/\/www.laertes.es\/ca\/wp-json\/wp\/v2\/autores?post=11852"},{"taxonomy":"formatos","embeddable":true,"href":"https:\/\/www.laertes.es\/ca\/wp-json\/wp\/v2\/formatos?post=11852"},{"taxonomy":"materias","embeddable":true,"href":"https:\/\/www.laertes.es\/ca\/wp-json\/wp\/v2\/materias?post=11852"}],"curies":[{"name":"wp","href":"https:\/\/api.w.org\/{rel}","templated":true}]}}