{"id":11851,"date":"2023-01-24T15:07:18","date_gmt":"2023-01-24T15:07:18","guid":{"rendered":"https:\/libro\/el-bocamoll-honrat\/"},"modified":"2023-05-28T16:15:00","modified_gmt":"2023-05-28T16:15:00","slug":"el-bocamoll-honrat","status":"publish","type":"product","link":"https:\/\/www.laertes.es\/ca\/llibre\/el-bocamoll-honrat\/","title":{"rendered":"El bocamoll honrat"},"content":{"rendered":"<h1><em>El bocamoll honrat<\/em><\/h1>\n<p><em>El bocamoll honrat<\/em>. Prop d&#8217;un apartat, vell i corpulent bruc, un poeta i pintor planta un jard\u00ed, hi construeix una casa i hi estableix la seva vida. Al cap d&#8217;uns anys veiem que hi viu amb la seva filla i que al seu voltant han aparegut d&#8217;altres cases. Londres ha crescut: hi ha tot de cotxes circulant i el pintor est\u00e0 a punt de ser atropellat, accident que evita un metge amb qui aquell iniciar\u00e0 una amistat en qu\u00e8 la discussi\u00f3 estableix un estret lligam entre ells. La filla del poeta no deixa de construir un punt d&#8217;inter\u00e8s per al cient\u00edfic ni la ra\u00f3 \u00faltima de les seves regulars visites. Per\u00f2 l&#8217;aparici\u00f3 d&#8217;un nou personatge i el posterior descobriment d&#8217;un cad\u00e0ver descompost crearan un ambient de frustraci\u00f3 i posaran al descobert els vicis capitals dels personatges. <em>El bocamoll honrat<\/em>\u00a0\u00e9s un s\u00f2lid i consistent relat en el qual G.K. Chesterton demostra la seva gran capacitat de polemista i humorista, com tamb\u00e9 el seu sentit anticient\u00edfic, exposat de manera desenfadada i desimbolta, i a contracorrent no sols en el moment en qu\u00e8 va ser escrit, sin\u00f3 fins i tot avui dia en qu\u00e8 els valors morals que apunten sonen, pel fet d&#8217;haver caigut en des\u00fas, quasi estranys.<\/p>\n<p>Prop d&#8217;un apartat, vell i corpulent bruc, un poeta i pintor planta un jard\u00ed, hi construeix una casa i hi estableix la seva vida. Al cap d&#8217;uns anys veiem que hi viu amb la seva filla i que al seu voltant han aparegut d&#8217;altres cases. Londres ha crescut: hi ha tot de cotxes circulant i el pintor est\u00e0 a punt de ser atropellat, accident que evita un metge amb qui aquell iniciar\u00e0 una amistat en qu\u00e8 la discussi\u00f3 estableix un estret lligam entre ells. La filla del poeta no deixa de construir un punt d&#8217;inter\u00e8s per al cient\u00edfic ni la ra\u00f3 \u00faltima de les seves regulars visites. Per\u00f2 l&#8217;aparici\u00f3 d&#8217;un nou personatge i el posterior descobriment d&#8217;un cad\u00e0ver descompost crearan un ambient de frustraci\u00f3 i posaran al descobert els vicis capitals dels personatges. <em>El bocamoll honrat<\/em>\u00a0\u00e9s un s\u00f2lid i consistent relat en el qual G.K. Chesterton demostra la seva gran capacitat de polemista i humorista, com tamb\u00e9 el seu sentit anticient\u00edfic, exposat de manera desenfadada i desimbolta, i a contracorrent no sols en el moment en qu\u00e8 va ser escrit, sin\u00f3 fins i tot avui dia en qu\u00e8 els valors morals que apunten sonen, pel fet d&#8217;haver caigut en des\u00fas, quasi estranys.<\/p>\n","protected":false},"excerpt":{"rendered":"<p>Estructurat a la manera de les hist\u00f2ries de Sherlock Holmes, El bocamoll honrat (publicat per primer cop el juliol de 1929 a \u00abStoryteller \u00bb) \u00e9s un s\u00f2lid i consistent relat en el qual G.K. Chesterton demostra la seva gran capacitat de polemista i humorista, com tamb\u00e9 el seu sentit anti-cient\u00edfic, exposat de manera desenfadada i desimbolta.<\/p>\n","protected":false},"featured_media":12948,"template":"","meta":[],"product_brand":[],"product_cat":[296],"product_tag":[672,677],"autores":[404],"formatos":[355],"materias":[356],"class_list":{"0":"post-11851","1":"product","2":"type-product","3":"status-publish","4":"has-post-thumbnail","6":"product_cat-larca-ca","7":"product_tag-literatura-fantastica-ca","8":"product_tag-misteri-ca","9":"autores-chesterton-gilbert-keith-ca","10":"formatos-llibre","11":"materias-cuentos-clasicos-de-generos-fantasticos-ca","13":"first","14":"instock","15":"purchasable","16":"product-type-simple"},"yoast_head":"<!-- This site is optimized with the Yoast SEO plugin v27.5 - https:\/\/yoast.com\/product\/yoast-seo-wordpress\/ -->\n<title>El bocamoll honrat | Laertes ediciones<\/title>\n<meta name=\"description\" content=\"El bocamoll honrat\u00a0\u00e9s un s\u00f2lid i consistent relat en el qual G.K. Chesterton demostra la seva gran capacitat de polemista i humorista\" \/>\n<meta name=\"robots\" content=\"index, follow, max-snippet:-1, max-image-preview:large, max-video-preview:-1\" \/>\n<link rel=\"canonical\" href=\"https:\/\/www.laertes.es\/ca\/llibre\/el-bocamoll-honrat\/\" \/>\n<meta property=\"og:locale\" content=\"ca_ES\" \/>\n<meta property=\"og:type\" content=\"article\" \/>\n<meta property=\"og:title\" content=\"El bocamoll honrat | Laertes ediciones\" \/>\n<meta property=\"og:description\" content=\"El bocamoll honrat\u00a0\u00e9s un s\u00f2lid i consistent relat en el qual G.K. Chesterton demostra la seva gran capacitat de polemista i humorista\" \/>\n<meta property=\"og:url\" content=\"https:\/\/www.laertes.es\/ca\/llibre\/el-bocamoll-honrat\/\" \/>\n<meta property=\"og:site_name\" content=\"Laertes ediciones\" \/>\n<meta property=\"article:modified_time\" content=\"2023-05-28T16:15:00+00:00\" \/>\n<meta property=\"og:image\" content=\"https:\/\/www.laertes.es\/wp-content\/uploads\/2023\/01\/ARC066.webp\" \/>\n\t<meta property=\"og:image:width\" content=\"802\" \/>\n\t<meta property=\"og:image:height\" content=\"1200\" \/>\n\t<meta property=\"og:image:type\" content=\"image\/webp\" \/>\n<meta name=\"twitter:label1\" content=\"Temps estimat de lectura\" \/>\n\t<meta name=\"twitter:data1\" content=\"2 minuts\" \/>\n<script type=\"application\/ld+json\" class=\"yoast-schema-graph\">{\"@context\":\"https:\\\/\\\/schema.org\",\"@graph\":[{\"@type\":\"WebPage\",\"@id\":\"https:\\\/\\\/www.laertes.es\\\/ca\\\/llibre\\\/el-bocamoll-honrat\\\/\",\"url\":\"https:\\\/\\\/www.laertes.es\\\/ca\\\/llibre\\\/el-bocamoll-honrat\\\/\",\"name\":\"El bocamoll honrat | Laertes ediciones\",\"isPartOf\":{\"@id\":\"https:\\\/\\\/www.laertes.es\\\/ca\\\/#website\"},\"primaryImageOfPage\":{\"@id\":\"https:\\\/\\\/www.laertes.es\\\/ca\\\/llibre\\\/el-bocamoll-honrat\\\/#primaryimage\"},\"image\":{\"@id\":\"https:\\\/\\\/www.laertes.es\\\/ca\\\/llibre\\\/el-bocamoll-honrat\\\/#primaryimage\"},\"thumbnailUrl\":\"https:\\\/\\\/www.laertes.es\\\/wp-content\\\/uploads\\\/2023\\\/01\\\/ARC066.webp\",\"datePublished\":\"2023-01-24T15:07:18+00:00\",\"dateModified\":\"2023-05-28T16:15:00+00:00\",\"description\":\"El bocamoll honrat\u00a0\u00e9s un s\u00f2lid i consistent relat en el qual G.K. Chesterton demostra la seva gran capacitat de polemista i humorista\",\"breadcrumb\":{\"@id\":\"https:\\\/\\\/www.laertes.es\\\/ca\\\/llibre\\\/el-bocamoll-honrat\\\/#breadcrumb\"},\"inLanguage\":\"ca\",\"potentialAction\":[{\"@type\":\"ReadAction\",\"target\":[\"https:\\\/\\\/www.laertes.es\\\/ca\\\/llibre\\\/el-bocamoll-honrat\\\/\"]}]},{\"@type\":\"ImageObject\",\"inLanguage\":\"ca\",\"@id\":\"https:\\\/\\\/www.laertes.es\\\/ca\\\/llibre\\\/el-bocamoll-honrat\\\/#primaryimage\",\"url\":\"https:\\\/\\\/www.laertes.es\\\/wp-content\\\/uploads\\\/2023\\\/01\\\/ARC066.webp\",\"contentUrl\":\"https:\\\/\\\/www.laertes.es\\\/wp-content\\\/uploads\\\/2023\\\/01\\\/ARC066.webp\",\"width\":802,\"height\":1200,\"caption\":\"El bocamoll honrat\u00a0\"},{\"@type\":\"BreadcrumbList\",\"@id\":\"https:\\\/\\\/www.laertes.es\\\/ca\\\/llibre\\\/el-bocamoll-honrat\\\/#breadcrumb\",\"itemListElement\":[{\"@type\":\"ListItem\",\"position\":1,\"name\":\"Portada\",\"item\":\"https:\\\/\\\/www.laertes.es\\\/ca\\\/\"},{\"@type\":\"ListItem\",\"position\":2,\"name\":\"Tienda\",\"item\":\"https:\\\/\\\/www.laertes.es\\\/tienda\\\/\"},{\"@type\":\"ListItem\",\"position\":3,\"name\":\"El bocamoll honrat\"}]},{\"@type\":\"WebSite\",\"@id\":\"https:\\\/\\\/www.laertes.es\\\/ca\\\/#website\",\"url\":\"https:\\\/\\\/www.laertes.es\\\/ca\\\/\",\"name\":\"Laertes Ediciones\",\"description\":\"Editorial independiente desde 1975\",\"alternateName\":\"Laertes\",\"potentialAction\":[{\"@type\":\"SearchAction\",\"target\":{\"@type\":\"EntryPoint\",\"urlTemplate\":\"https:\\\/\\\/www.laertes.es\\\/ca\\\/?s={search_term_string}\"},\"query-input\":{\"@type\":\"PropertyValueSpecification\",\"valueRequired\":true,\"valueName\":\"search_term_string\"}}],\"inLanguage\":\"ca\"}]}<\/script>\n<!-- \/ Yoast SEO plugin. -->","yoast_head_json":{"title":"El bocamoll honrat | Laertes ediciones","description":"El bocamoll honrat\u00a0\u00e9s un s\u00f2lid i consistent relat en el qual G.K. Chesterton demostra la seva gran capacitat de polemista i humorista","robots":{"index":"index","follow":"follow","max-snippet":"max-snippet:-1","max-image-preview":"max-image-preview:large","max-video-preview":"max-video-preview:-1"},"canonical":"https:\/\/www.laertes.es\/ca\/llibre\/el-bocamoll-honrat\/","og_locale":"ca_ES","og_type":"article","og_title":"El bocamoll honrat | Laertes ediciones","og_description":"El bocamoll honrat\u00a0\u00e9s un s\u00f2lid i consistent relat en el qual G.K. Chesterton demostra la seva gran capacitat de polemista i humorista","og_url":"https:\/\/www.laertes.es\/ca\/llibre\/el-bocamoll-honrat\/","og_site_name":"Laertes ediciones","article_modified_time":"2023-05-28T16:15:00+00:00","og_image":[{"width":802,"height":1200,"url":"https:\/\/www.laertes.es\/wp-content\/uploads\/2023\/01\/ARC066.webp","type":"image\/webp"}],"twitter_misc":{"Temps estimat de lectura":"2 minuts"},"schema":{"@context":"https:\/\/schema.org","@graph":[{"@type":"WebPage","@id":"https:\/\/www.laertes.es\/ca\/llibre\/el-bocamoll-honrat\/","url":"https:\/\/www.laertes.es\/ca\/llibre\/el-bocamoll-honrat\/","name":"El bocamoll honrat | Laertes ediciones","isPartOf":{"@id":"https:\/\/www.laertes.es\/ca\/#website"},"primaryImageOfPage":{"@id":"https:\/\/www.laertes.es\/ca\/llibre\/el-bocamoll-honrat\/#primaryimage"},"image":{"@id":"https:\/\/www.laertes.es\/ca\/llibre\/el-bocamoll-honrat\/#primaryimage"},"thumbnailUrl":"https:\/\/www.laertes.es\/wp-content\/uploads\/2023\/01\/ARC066.webp","datePublished":"2023-01-24T15:07:18+00:00","dateModified":"2023-05-28T16:15:00+00:00","description":"El bocamoll honrat\u00a0\u00e9s un s\u00f2lid i consistent relat en el qual G.K. Chesterton demostra la seva gran capacitat de polemista i humorista","breadcrumb":{"@id":"https:\/\/www.laertes.es\/ca\/llibre\/el-bocamoll-honrat\/#breadcrumb"},"inLanguage":"ca","potentialAction":[{"@type":"ReadAction","target":["https:\/\/www.laertes.es\/ca\/llibre\/el-bocamoll-honrat\/"]}]},{"@type":"ImageObject","inLanguage":"ca","@id":"https:\/\/www.laertes.es\/ca\/llibre\/el-bocamoll-honrat\/#primaryimage","url":"https:\/\/www.laertes.es\/wp-content\/uploads\/2023\/01\/ARC066.webp","contentUrl":"https:\/\/www.laertes.es\/wp-content\/uploads\/2023\/01\/ARC066.webp","width":802,"height":1200,"caption":"El bocamoll honrat\u00a0"},{"@type":"BreadcrumbList","@id":"https:\/\/www.laertes.es\/ca\/llibre\/el-bocamoll-honrat\/#breadcrumb","itemListElement":[{"@type":"ListItem","position":1,"name":"Portada","item":"https:\/\/www.laertes.es\/ca\/"},{"@type":"ListItem","position":2,"name":"Tienda","item":"https:\/\/www.laertes.es\/tienda\/"},{"@type":"ListItem","position":3,"name":"El bocamoll honrat"}]},{"@type":"WebSite","@id":"https:\/\/www.laertes.es\/ca\/#website","url":"https:\/\/www.laertes.es\/ca\/","name":"Laertes Ediciones","description":"Editorial independiente desde 1975","alternateName":"Laertes","potentialAction":[{"@type":"SearchAction","target":{"@type":"EntryPoint","urlTemplate":"https:\/\/www.laertes.es\/ca\/?s={search_term_string}"},"query-input":{"@type":"PropertyValueSpecification","valueRequired":true,"valueName":"search_term_string"}}],"inLanguage":"ca"}]}},"_links":{"self":[{"href":"https:\/\/www.laertes.es\/ca\/wp-json\/wp\/v2\/product\/11851","targetHints":{"allow":["GET"]}}],"collection":[{"href":"https:\/\/www.laertes.es\/ca\/wp-json\/wp\/v2\/product"}],"about":[{"href":"https:\/\/www.laertes.es\/ca\/wp-json\/wp\/v2\/types\/product"}],"version-history":[{"count":2,"href":"https:\/\/www.laertes.es\/ca\/wp-json\/wp\/v2\/product\/11851\/revisions"}],"predecessor-version":[{"id":13420,"href":"https:\/\/www.laertes.es\/ca\/wp-json\/wp\/v2\/product\/11851\/revisions\/13420"}],"wp:featuredmedia":[{"embeddable":true,"href":"https:\/\/www.laertes.es\/ca\/wp-json\/wp\/v2\/media\/12948"}],"wp:attachment":[{"href":"https:\/\/www.laertes.es\/ca\/wp-json\/wp\/v2\/media?parent=11851"}],"wp:term":[{"taxonomy":"product_brand","embeddable":true,"href":"https:\/\/www.laertes.es\/ca\/wp-json\/wp\/v2\/product_brand?post=11851"},{"taxonomy":"product_cat","embeddable":true,"href":"https:\/\/www.laertes.es\/ca\/wp-json\/wp\/v2\/product_cat?post=11851"},{"taxonomy":"product_tag","embeddable":true,"href":"https:\/\/www.laertes.es\/ca\/wp-json\/wp\/v2\/product_tag?post=11851"},{"taxonomy":"autores","embeddable":true,"href":"https:\/\/www.laertes.es\/ca\/wp-json\/wp\/v2\/autores?post=11851"},{"taxonomy":"formatos","embeddable":true,"href":"https:\/\/www.laertes.es\/ca\/wp-json\/wp\/v2\/formatos?post=11851"},{"taxonomy":"materias","embeddable":true,"href":"https:\/\/www.laertes.es\/ca\/wp-json\/wp\/v2\/materias?post=11851"}],"curies":[{"name":"wp","href":"https:\/\/api.w.org\/{rel}","templated":true}]}}