{"id":11850,"date":"2023-01-24T15:07:18","date_gmt":"2023-01-24T15:07:18","guid":{"rendered":"https:\/libro\/un-doble-misteri\/"},"modified":"2023-05-08T09:44:30","modified_gmt":"2023-05-08T09:44:30","slug":"un-doble-misteri","status":"publish","type":"product","link":"https:\/\/www.laertes.es\/ca\/llibre\/un-doble-misteri\/","title":{"rendered":"Un doble misteri"},"content":{"rendered":"<h1>Un doble misteri<\/h1>\n<p>Un doble misteri Les aventures de Sherlock Holmes eren literalment devorades per masses lectores. El seu \u00e8xit va sorprendre no nom\u00e9s el seu autor, Sir Arthur Conan Doyle, sin\u00f3 tamb\u00e9 la majoria dels escriptors del seu temps. Moguts per apostes personals, per gelosia en comptades ocasions, molts escriptors van incorporar Holmes als seus relats, ja fos com a protagonista o com a personatge. Mark Twain no es va voler quedar al marge del fenomen Sherlock Holmes i amb <em>Un doble misteri <\/em>va voler proposar-nos un subtil joc literari, a m\u00e9s d\u2019una excel\u00b7lent lectura, en qu\u00e8 no falten els elements de misteri, intriga i detecci\u00f3, per b\u00e9 que amb la ironia i la mal\u00edcia pr\u00f2pies dels millors relats del novel\u00b7lista nord-americ\u00e0.<\/p>\n<p>Les aventures de Sherlock Holmes eren literalment devorades per masses lectores. El seu \u00e8xit va sorprendre no nom\u00e9s el seu autor, Sir Arthur Conan Doyle, sin\u00f3 tamb\u00e9 la majoria dels escriptors del seu temps. Moguts per apostes personals, per gelosia en comptades ocasions, molts escriptors van incorporar Holmes als seus relats, ja fos com a protagonista o com a personatge. Mark Twain no es va voler quedar al marge del fenomen Sherlock Holmes i amb <em>Un doble misteri <\/em>va voler proposar-nos un subtil joc literari, a m\u00e9s d\u2019una excel\u00b7lent lectura, en qu\u00e8 no falten els elements de misteri, intriga i detecci\u00f3, per b\u00e9 que amb la ironia i la mal\u00edcia pr\u00f2pies dels millors relats del novel\u00b7lista nord-americ\u00e0.<\/p>\n<p>Les aventures de Sherlock Holmes eren literalment devorades per masses lectores. El seu \u00e8xit va sorprendre no nom\u00e9s el seu autor, Sir Arthur Conan Doyle, sin\u00f3 tamb\u00e9 la majoria dels escriptors del seu temps. Moguts per apostes personals, per gelosia en comptades ocasions, molts escriptors van incorporar Holmes als seus relats, ja fos com a protagonista o com a personatge. Mark Twain no es va voler quedar al marge del fenomen Sherlock Holmes i amb <em>Un doble misteri <\/em>va voler proposar-nos un subtil joc literari, a m\u00e9s d\u2019una excel\u00b7lent lectura, en qu\u00e8 no falten els elements de misteri, intriga i detecci\u00f3, per b\u00e9 que amb la ironia i la mal\u00edcia pr\u00f2pies dels millors relats del novel\u00b7lista nord-americ\u00e0.<\/p>\n","protected":false},"excerpt":{"rendered":"<p>Les aventures de Sherlock Holmes eren literalment devorades per masses lectores. El seu \u00e8xit va sorprendre no nom\u00e9s el seu autor, Sir Arthur Conan Doyle, sin\u00f3 tamb\u00e9 la majoria dels escriptors del seu temps. Moguts per apostes personals, per gelosia en comptades ocasions, molts escriptrs van incorporar Holmes als seus relats, ja fos com a protagonista o com a personatge. Mark Twain no es va voler quedar al marge del fenomen Sherlock Holmes i amb Un doble misteri va voler proposar-nos un subtil joc literari, a m\u00e9s d\u2019una excel\u00b7lent lectura, en qu\u00e8 no hi falten els elements de misteri, intriga i detecci\u00f3, per b\u00e9 que amb la ironia i la mal\u00edcia pr\u00f2pies dels millors relats del novel\u00b7lista nord-americ\u00e0.<\/p>\n","protected":false},"featured_media":13584,"template":"","meta":[],"product_brand":[],"product_cat":[296],"product_tag":[1108,727,677],"autores":[426],"formatos":[355],"materias":[356],"class_list":{"0":"post-11850","1":"product","2":"type-product","3":"status-publish","4":"has-post-thumbnail","6":"product_cat-larca-ca","7":"product_tag-detectius-ca","8":"product_tag-intriga-ca","9":"product_tag-misteri-ca","10":"autores-twain-mark-ca","11":"formatos-llibre","12":"materias-cuentos-clasicos-de-generos-fantasticos-ca","14":"first","15":"instock","16":"purchasable","17":"product-type-simple"},"yoast_head":"<!-- This site is optimized with the Yoast SEO plugin v27.5 - https:\/\/yoast.com\/product\/yoast-seo-wordpress\/ -->\n<title>Un doble misteri | Laertes ediciones<\/title>\n<meta name=\"description\" content=\"Un doble misteri \u00e9s una excel\u00b7lent lectura, no falten els elements de misteri, intriga i detecci\u00f3, amb la ironia i la mal\u00edcia pr\u00f2pies del novel\u00b7lista.\" \/>\n<meta name=\"robots\" content=\"index, follow, max-snippet:-1, max-image-preview:large, max-video-preview:-1\" \/>\n<link rel=\"canonical\" href=\"https:\/\/www.laertes.es\/ca\/llibre\/un-doble-misteri\/\" \/>\n<meta property=\"og:locale\" content=\"ca_ES\" \/>\n<meta property=\"og:type\" content=\"article\" \/>\n<meta property=\"og:title\" content=\"Un doble misteri | Laertes ediciones\" \/>\n<meta property=\"og:description\" content=\"Un doble misteri \u00e9s una excel\u00b7lent lectura, no falten els elements de misteri, intriga i detecci\u00f3, amb la ironia i la mal\u00edcia pr\u00f2pies del novel\u00b7lista.\" \/>\n<meta property=\"og:url\" content=\"https:\/\/www.laertes.es\/ca\/llibre\/un-doble-misteri\/\" \/>\n<meta property=\"og:site_name\" content=\"Laertes ediciones\" \/>\n<meta property=\"article:modified_time\" content=\"2023-05-08T09:44:30+00:00\" \/>\n<meta property=\"og:image\" content=\"https:\/\/aliceblue-magpie-467488.hostingersite.com\/wp-content\/uploads\/2023\/01\/ARC067.webp\" \/>\n\t<meta property=\"og:image:width\" content=\"802\" \/>\n\t<meta property=\"og:image:height\" content=\"1200\" \/>\n\t<meta property=\"og:image:type\" content=\"image\/webp\" \/>\n<meta name=\"twitter:label1\" content=\"Temps estimat de lectura\" \/>\n\t<meta name=\"twitter:data1\" content=\"2 minuts\" \/>\n<script type=\"application\/ld+json\" class=\"yoast-schema-graph\">{\"@context\":\"https:\\\/\\\/schema.org\",\"@graph\":[{\"@type\":\"WebPage\",\"@id\":\"https:\\\/\\\/www.laertes.es\\\/ca\\\/llibre\\\/un-doble-misteri\\\/\",\"url\":\"https:\\\/\\\/www.laertes.es\\\/ca\\\/llibre\\\/un-doble-misteri\\\/\",\"name\":\"Un doble misteri | Laertes ediciones\",\"isPartOf\":{\"@id\":\"https:\\\/\\\/www.laertes.es\\\/ca\\\/#website\"},\"primaryImageOfPage\":{\"@id\":\"https:\\\/\\\/www.laertes.es\\\/ca\\\/llibre\\\/un-doble-misteri\\\/#primaryimage\"},\"image\":{\"@id\":\"https:\\\/\\\/www.laertes.es\\\/ca\\\/llibre\\\/un-doble-misteri\\\/#primaryimage\"},\"thumbnailUrl\":\"https:\\\/\\\/www.laertes.es\\\/wp-content\\\/uploads\\\/2023\\\/01\\\/ARC067.webp\",\"datePublished\":\"2023-01-24T15:07:18+00:00\",\"dateModified\":\"2023-05-08T09:44:30+00:00\",\"description\":\"Un doble misteri \u00e9s una excel\u00b7lent lectura, no falten els elements de misteri, intriga i detecci\u00f3, amb la ironia i la mal\u00edcia pr\u00f2pies del novel\u00b7lista.\",\"breadcrumb\":{\"@id\":\"https:\\\/\\\/www.laertes.es\\\/ca\\\/llibre\\\/un-doble-misteri\\\/#breadcrumb\"},\"inLanguage\":\"ca\",\"potentialAction\":[{\"@type\":\"ReadAction\",\"target\":[\"https:\\\/\\\/www.laertes.es\\\/ca\\\/llibre\\\/un-doble-misteri\\\/\"]}]},{\"@type\":\"ImageObject\",\"inLanguage\":\"ca\",\"@id\":\"https:\\\/\\\/www.laertes.es\\\/ca\\\/llibre\\\/un-doble-misteri\\\/#primaryimage\",\"url\":\"https:\\\/\\\/www.laertes.es\\\/wp-content\\\/uploads\\\/2023\\\/01\\\/ARC067.webp\",\"contentUrl\":\"https:\\\/\\\/www.laertes.es\\\/wp-content\\\/uploads\\\/2023\\\/01\\\/ARC067.webp\",\"width\":802,\"height\":1200,\"caption\":\"Un doble misteri\"},{\"@type\":\"BreadcrumbList\",\"@id\":\"https:\\\/\\\/www.laertes.es\\\/ca\\\/llibre\\\/un-doble-misteri\\\/#breadcrumb\",\"itemListElement\":[{\"@type\":\"ListItem\",\"position\":1,\"name\":\"Portada\",\"item\":\"https:\\\/\\\/www.laertes.es\\\/ca\\\/\"},{\"@type\":\"ListItem\",\"position\":2,\"name\":\"Tienda\",\"item\":\"https:\\\/\\\/www.laertes.es\\\/tienda\\\/\"},{\"@type\":\"ListItem\",\"position\":3,\"name\":\"Un doble misteri\"}]},{\"@type\":\"WebSite\",\"@id\":\"https:\\\/\\\/www.laertes.es\\\/ca\\\/#website\",\"url\":\"https:\\\/\\\/www.laertes.es\\\/ca\\\/\",\"name\":\"Laertes Ediciones\",\"description\":\"Editorial independiente desde 1975\",\"alternateName\":\"Laertes\",\"potentialAction\":[{\"@type\":\"SearchAction\",\"target\":{\"@type\":\"EntryPoint\",\"urlTemplate\":\"https:\\\/\\\/www.laertes.es\\\/ca\\\/?s={search_term_string}\"},\"query-input\":{\"@type\":\"PropertyValueSpecification\",\"valueRequired\":true,\"valueName\":\"search_term_string\"}}],\"inLanguage\":\"ca\"}]}<\/script>\n<!-- \/ Yoast SEO plugin. -->","yoast_head_json":{"title":"Un doble misteri | Laertes ediciones","description":"Un doble misteri \u00e9s una excel\u00b7lent lectura, no falten els elements de misteri, intriga i detecci\u00f3, amb la ironia i la mal\u00edcia pr\u00f2pies del novel\u00b7lista.","robots":{"index":"index","follow":"follow","max-snippet":"max-snippet:-1","max-image-preview":"max-image-preview:large","max-video-preview":"max-video-preview:-1"},"canonical":"https:\/\/www.laertes.es\/ca\/llibre\/un-doble-misteri\/","og_locale":"ca_ES","og_type":"article","og_title":"Un doble misteri | Laertes ediciones","og_description":"Un doble misteri \u00e9s una excel\u00b7lent lectura, no falten els elements de misteri, intriga i detecci\u00f3, amb la ironia i la mal\u00edcia pr\u00f2pies del novel\u00b7lista.","og_url":"https:\/\/www.laertes.es\/ca\/llibre\/un-doble-misteri\/","og_site_name":"Laertes ediciones","article_modified_time":"2023-05-08T09:44:30+00:00","og_image":[{"width":802,"height":1200,"url":"https:\/\/aliceblue-magpie-467488.hostingersite.com\/wp-content\/uploads\/2023\/01\/ARC067.webp","type":"image\/webp"}],"twitter_misc":{"Temps estimat de lectura":"2 minuts"},"schema":{"@context":"https:\/\/schema.org","@graph":[{"@type":"WebPage","@id":"https:\/\/www.laertes.es\/ca\/llibre\/un-doble-misteri\/","url":"https:\/\/www.laertes.es\/ca\/llibre\/un-doble-misteri\/","name":"Un doble misteri | Laertes ediciones","isPartOf":{"@id":"https:\/\/www.laertes.es\/ca\/#website"},"primaryImageOfPage":{"@id":"https:\/\/www.laertes.es\/ca\/llibre\/un-doble-misteri\/#primaryimage"},"image":{"@id":"https:\/\/www.laertes.es\/ca\/llibre\/un-doble-misteri\/#primaryimage"},"thumbnailUrl":"https:\/\/www.laertes.es\/wp-content\/uploads\/2023\/01\/ARC067.webp","datePublished":"2023-01-24T15:07:18+00:00","dateModified":"2023-05-08T09:44:30+00:00","description":"Un doble misteri \u00e9s una excel\u00b7lent lectura, no falten els elements de misteri, intriga i detecci\u00f3, amb la ironia i la mal\u00edcia pr\u00f2pies del novel\u00b7lista.","breadcrumb":{"@id":"https:\/\/www.laertes.es\/ca\/llibre\/un-doble-misteri\/#breadcrumb"},"inLanguage":"ca","potentialAction":[{"@type":"ReadAction","target":["https:\/\/www.laertes.es\/ca\/llibre\/un-doble-misteri\/"]}]},{"@type":"ImageObject","inLanguage":"ca","@id":"https:\/\/www.laertes.es\/ca\/llibre\/un-doble-misteri\/#primaryimage","url":"https:\/\/www.laertes.es\/wp-content\/uploads\/2023\/01\/ARC067.webp","contentUrl":"https:\/\/www.laertes.es\/wp-content\/uploads\/2023\/01\/ARC067.webp","width":802,"height":1200,"caption":"Un doble misteri"},{"@type":"BreadcrumbList","@id":"https:\/\/www.laertes.es\/ca\/llibre\/un-doble-misteri\/#breadcrumb","itemListElement":[{"@type":"ListItem","position":1,"name":"Portada","item":"https:\/\/www.laertes.es\/ca\/"},{"@type":"ListItem","position":2,"name":"Tienda","item":"https:\/\/www.laertes.es\/tienda\/"},{"@type":"ListItem","position":3,"name":"Un doble misteri"}]},{"@type":"WebSite","@id":"https:\/\/www.laertes.es\/ca\/#website","url":"https:\/\/www.laertes.es\/ca\/","name":"Laertes Ediciones","description":"Editorial independiente desde 1975","alternateName":"Laertes","potentialAction":[{"@type":"SearchAction","target":{"@type":"EntryPoint","urlTemplate":"https:\/\/www.laertes.es\/ca\/?s={search_term_string}"},"query-input":{"@type":"PropertyValueSpecification","valueRequired":true,"valueName":"search_term_string"}}],"inLanguage":"ca"}]}},"_links":{"self":[{"href":"https:\/\/www.laertes.es\/ca\/wp-json\/wp\/v2\/product\/11850","targetHints":{"allow":["GET"]}}],"collection":[{"href":"https:\/\/www.laertes.es\/ca\/wp-json\/wp\/v2\/product"}],"about":[{"href":"https:\/\/www.laertes.es\/ca\/wp-json\/wp\/v2\/types\/product"}],"version-history":[{"count":2,"href":"https:\/\/www.laertes.es\/ca\/wp-json\/wp\/v2\/product\/11850\/revisions"}],"predecessor-version":[{"id":13586,"href":"https:\/\/www.laertes.es\/ca\/wp-json\/wp\/v2\/product\/11850\/revisions\/13586"}],"wp:featuredmedia":[{"embeddable":true,"href":"https:\/\/www.laertes.es\/ca\/wp-json\/wp\/v2\/media\/13584"}],"wp:attachment":[{"href":"https:\/\/www.laertes.es\/ca\/wp-json\/wp\/v2\/media?parent=11850"}],"wp:term":[{"taxonomy":"product_brand","embeddable":true,"href":"https:\/\/www.laertes.es\/ca\/wp-json\/wp\/v2\/product_brand?post=11850"},{"taxonomy":"product_cat","embeddable":true,"href":"https:\/\/www.laertes.es\/ca\/wp-json\/wp\/v2\/product_cat?post=11850"},{"taxonomy":"product_tag","embeddable":true,"href":"https:\/\/www.laertes.es\/ca\/wp-json\/wp\/v2\/product_tag?post=11850"},{"taxonomy":"autores","embeddable":true,"href":"https:\/\/www.laertes.es\/ca\/wp-json\/wp\/v2\/autores?post=11850"},{"taxonomy":"formatos","embeddable":true,"href":"https:\/\/www.laertes.es\/ca\/wp-json\/wp\/v2\/formatos?post=11850"},{"taxonomy":"materias","embeddable":true,"href":"https:\/\/www.laertes.es\/ca\/wp-json\/wp\/v2\/materias?post=11850"}],"curies":[{"name":"wp","href":"https:\/\/api.w.org\/{rel}","templated":true}]}}