{"id":11849,"date":"2023-01-24T15:07:18","date_gmt":"2023-01-24T15:07:18","guid":{"rendered":"https:\/libro\/vathek\/"},"modified":"2024-08-21T05:56:37","modified_gmt":"2024-08-21T05:56:37","slug":"vathek","status":"publish","type":"product","link":"https:\/\/www.laertes.es\/ca\/llibre\/vathek\/","title":{"rendered":"Vathek"},"content":{"rendered":"<h1>Vathek<\/h1>\n<p>Vathek Milionari i exc\u00e8ntric, William Beckford (1759-1844) va ser un dels personatges m\u00e9s curiosos i interessants del m\u00f3n cultural de la seva \u00e8poca. En algunes de les biografies de Beckford se li apliquen els qualificatius de viatger, bibli\u00f2fil, pervertit i pederasta, entre d\u2019altres, per\u00f2 tots els seus bi\u00f2grafs coincideixen que va ser l&#8217;autor d&#8217;una de les novel\u00b7les m\u00e9s originals de la hist\u00f2ria de la literatura. Efectivament, <em>Vathek<\/em>, escrita i publicada inicialment en franc\u00e8s i lloada per Jorge Luis Borges, \u00e9s considerada com la millor mostra de conte oriental de la literatura anglesa, i una de les primeres novel\u00b7les g\u00f2tiques.<\/p>\n<p>Milionari i exc\u00e8ntric, William Beckford (1759-1844) va ser un dels personatges m\u00e9s curiosos i interessants del m\u00f3n cultural de la seva \u00e8poca. En algunes de les biografies de Beckford se li apliquen els qualificatius de viatger, bibli\u00f2fil, pervertit i pederasta, entre d\u2019altres, per\u00f2 tots els seus bi\u00f2grafs coincideixen que va ser l&#8217;autor d&#8217;una de les novel\u00b7les m\u00e9s originals de la hist\u00f2ria de la literatura. Efectivament, <em>Vathek<\/em>, escrita i publicada inicialment en franc\u00e8s i lloada per Jorge Luis Borges, \u00e9s considerada com la millor mostra de conte oriental de la literatura anglesa, i una de les primeres novel\u00b7les g\u00f2tiques.<\/p>\n<p>Milionari i exc\u00e8ntric, William Beckford (1759-1844) va ser un dels personatges m\u00e9s curiosos i interessants del m\u00f3n cultural de la seva \u00e8poca. En algunes de les biografies de Beckford se li apliquen els qualificatius de viatger, bibli\u00f2fil, pervertit i pederasta, entre d\u2019altres, per\u00f2 tots els seus bi\u00f2grafs coincideixen que va ser l&#8217;autor d&#8217;una de les novel\u00b7les m\u00e9s originals de la hist\u00f2ria de la literatura. Efectivament, <em>Vathek<\/em>, escrita i publicada inicialment en franc\u00e8s i lloada per Jorge Luis Borges, \u00e9s considerada com la millor mostra de conte oriental de la literatura anglesa, i una de les primeres novel\u00b7les g\u00f2tiques. Vathek Vathek va ser un dels personatges m\u00e9s curios<\/p>\n","protected":false},"excerpt":{"rendered":"<p>Milionari i exc\u00e8ntric, William Beckford (1759-1844) va ser un dels personatges m\u00e9s curiosos I interessants del m\u00f3n cultural de la seva \u00e9poca. En algunes de les biograf\u00edes de Beckford se lo apliquen els qualificatius de viatger, bibli\u00f2fil, pervertit i pederasta, entre d\u2019altres, per\u00f2 tots els seus bi\u00f2grafs coincideixen que va ser l&#8217;autor d&#8217;una de les novel\u00b7les m\u00e9s originals de la hist\u00f2ria de la literatura. Efectivament, Vathek, escrita i publicada inicialment en franc\u00e9s i lloada per jorge luis Borges, est\u00e0 considerada com la millor mostra de conte oriental de la literatura inglesa, i una de les primeres novel\u00b7les g\u00f2tiques.<\/p>\n","protected":false},"featured_media":13589,"template":"","meta":[],"product_brand":[],"product_cat":[296],"product_tag":[],"autores":[427],"formatos":[355],"materias":[356],"class_list":{"0":"post-11849","1":"product","2":"type-product","3":"status-publish","4":"has-post-thumbnail","6":"product_cat-larca-ca","7":"autores-beckford-william-thomas-ca","8":"formatos-llibre","9":"materias-cuentos-clasicos-de-generos-fantasticos-ca","11":"first","12":"outofstock","13":"purchasable","14":"product-type-simple"},"yoast_head":"<!-- This site is optimized with the Yoast SEO plugin v27.3 - https:\/\/yoast.com\/product\/yoast-seo-wordpress\/ -->\n<title>Vathek | Laertes ediciones<\/title>\n<meta name=\"description\" content=\"Vathek \u00e9s considerada com la millor mostra de conte oriental de la literatura anglesa, i una de les primeres novel\u00b7les g\u00f2tiques.\" \/>\n<meta name=\"robots\" content=\"index, follow, max-snippet:-1, max-image-preview:large, max-video-preview:-1\" \/>\n<link rel=\"canonical\" href=\"https:\/\/www.laertes.es\/ca\/llibre\/vathek\/\" \/>\n<meta property=\"og:locale\" content=\"ca_ES\" \/>\n<meta property=\"og:type\" content=\"article\" \/>\n<meta property=\"og:title\" content=\"Vathek | Laertes ediciones\" \/>\n<meta property=\"og:description\" content=\"Vathek \u00e9s considerada com la millor mostra de conte oriental de la literatura anglesa, i una de les primeres novel\u00b7les g\u00f2tiques.\" \/>\n<meta property=\"og:url\" content=\"https:\/\/www.laertes.es\/ca\/llibre\/vathek\/\" \/>\n<meta property=\"og:site_name\" content=\"Laertes ediciones\" \/>\n<meta property=\"article:modified_time\" content=\"2024-08-21T05:56:37+00:00\" \/>\n<meta property=\"og:image\" content=\"https:\/\/www.laertes.es\/wp-content\/uploads\/2023\/01\/ARC068.webp\" \/>\n\t<meta property=\"og:image:width\" content=\"802\" \/>\n\t<meta property=\"og:image:height\" content=\"1200\" \/>\n\t<meta property=\"og:image:type\" content=\"image\/webp\" \/>\n<meta name=\"twitter:label1\" content=\"Temps estimat de lectura\" \/>\n\t<meta name=\"twitter:data1\" content=\"2 minuts\" \/>\n<script type=\"application\/ld+json\" class=\"yoast-schema-graph\">{\"@context\":\"https:\\\/\\\/schema.org\",\"@graph\":[{\"@type\":\"WebPage\",\"@id\":\"https:\\\/\\\/www.laertes.es\\\/ca\\\/llibre\\\/vathek\\\/\",\"url\":\"https:\\\/\\\/www.laertes.es\\\/ca\\\/llibre\\\/vathek\\\/\",\"name\":\"Vathek | Laertes ediciones\",\"isPartOf\":{\"@id\":\"https:\\\/\\\/www.laertes.es\\\/ca\\\/#website\"},\"primaryImageOfPage\":{\"@id\":\"https:\\\/\\\/www.laertes.es\\\/ca\\\/llibre\\\/vathek\\\/#primaryimage\"},\"image\":{\"@id\":\"https:\\\/\\\/www.laertes.es\\\/ca\\\/llibre\\\/vathek\\\/#primaryimage\"},\"thumbnailUrl\":\"https:\\\/\\\/www.laertes.es\\\/wp-content\\\/uploads\\\/2023\\\/01\\\/ARC068.webp\",\"datePublished\":\"2023-01-24T15:07:18+00:00\",\"dateModified\":\"2024-08-21T05:56:37+00:00\",\"description\":\"Vathek \u00e9s considerada com la millor mostra de conte oriental de la literatura anglesa, i una de les primeres novel\u00b7les g\u00f2tiques.\",\"breadcrumb\":{\"@id\":\"https:\\\/\\\/www.laertes.es\\\/ca\\\/llibre\\\/vathek\\\/#breadcrumb\"},\"inLanguage\":\"ca\",\"potentialAction\":[{\"@type\":\"ReadAction\",\"target\":[\"https:\\\/\\\/www.laertes.es\\\/ca\\\/llibre\\\/vathek\\\/\"]}]},{\"@type\":\"ImageObject\",\"inLanguage\":\"ca\",\"@id\":\"https:\\\/\\\/www.laertes.es\\\/ca\\\/llibre\\\/vathek\\\/#primaryimage\",\"url\":\"https:\\\/\\\/www.laertes.es\\\/wp-content\\\/uploads\\\/2023\\\/01\\\/ARC068.webp\",\"contentUrl\":\"https:\\\/\\\/www.laertes.es\\\/wp-content\\\/uploads\\\/2023\\\/01\\\/ARC068.webp\",\"width\":802,\"height\":1200,\"caption\":\"Vathek\"},{\"@type\":\"BreadcrumbList\",\"@id\":\"https:\\\/\\\/www.laertes.es\\\/ca\\\/llibre\\\/vathek\\\/#breadcrumb\",\"itemListElement\":[{\"@type\":\"ListItem\",\"position\":1,\"name\":\"Portada\",\"item\":\"https:\\\/\\\/www.laertes.es\\\/ca\\\/\"},{\"@type\":\"ListItem\",\"position\":2,\"name\":\"Tienda\",\"item\":\"https:\\\/\\\/www.laertes.es\\\/tienda\\\/\"},{\"@type\":\"ListItem\",\"position\":3,\"name\":\"Vathek\"}]},{\"@type\":\"WebSite\",\"@id\":\"https:\\\/\\\/www.laertes.es\\\/ca\\\/#website\",\"url\":\"https:\\\/\\\/www.laertes.es\\\/ca\\\/\",\"name\":\"Laertes Ediciones\",\"description\":\"Editorial independiente desde 1975\",\"alternateName\":\"Laertes\",\"potentialAction\":[{\"@type\":\"SearchAction\",\"target\":{\"@type\":\"EntryPoint\",\"urlTemplate\":\"https:\\\/\\\/www.laertes.es\\\/ca\\\/?s={search_term_string}\"},\"query-input\":{\"@type\":\"PropertyValueSpecification\",\"valueRequired\":true,\"valueName\":\"search_term_string\"}}],\"inLanguage\":\"ca\"}]}<\/script>\n<!-- \/ Yoast SEO plugin. -->","yoast_head_json":{"title":"Vathek | Laertes ediciones","description":"Vathek \u00e9s considerada com la millor mostra de conte oriental de la literatura anglesa, i una de les primeres novel\u00b7les g\u00f2tiques.","robots":{"index":"index","follow":"follow","max-snippet":"max-snippet:-1","max-image-preview":"max-image-preview:large","max-video-preview":"max-video-preview:-1"},"canonical":"https:\/\/www.laertes.es\/ca\/llibre\/vathek\/","og_locale":"ca_ES","og_type":"article","og_title":"Vathek | Laertes ediciones","og_description":"Vathek \u00e9s considerada com la millor mostra de conte oriental de la literatura anglesa, i una de les primeres novel\u00b7les g\u00f2tiques.","og_url":"https:\/\/www.laertes.es\/ca\/llibre\/vathek\/","og_site_name":"Laertes ediciones","article_modified_time":"2024-08-21T05:56:37+00:00","og_image":[{"width":802,"height":1200,"url":"https:\/\/www.laertes.es\/wp-content\/uploads\/2023\/01\/ARC068.webp","type":"image\/webp"}],"twitter_misc":{"Temps estimat de lectura":"2 minuts"},"schema":{"@context":"https:\/\/schema.org","@graph":[{"@type":"WebPage","@id":"https:\/\/www.laertes.es\/ca\/llibre\/vathek\/","url":"https:\/\/www.laertes.es\/ca\/llibre\/vathek\/","name":"Vathek | Laertes ediciones","isPartOf":{"@id":"https:\/\/www.laertes.es\/ca\/#website"},"primaryImageOfPage":{"@id":"https:\/\/www.laertes.es\/ca\/llibre\/vathek\/#primaryimage"},"image":{"@id":"https:\/\/www.laertes.es\/ca\/llibre\/vathek\/#primaryimage"},"thumbnailUrl":"https:\/\/www.laertes.es\/wp-content\/uploads\/2023\/01\/ARC068.webp","datePublished":"2023-01-24T15:07:18+00:00","dateModified":"2024-08-21T05:56:37+00:00","description":"Vathek \u00e9s considerada com la millor mostra de conte oriental de la literatura anglesa, i una de les primeres novel\u00b7les g\u00f2tiques.","breadcrumb":{"@id":"https:\/\/www.laertes.es\/ca\/llibre\/vathek\/#breadcrumb"},"inLanguage":"ca","potentialAction":[{"@type":"ReadAction","target":["https:\/\/www.laertes.es\/ca\/llibre\/vathek\/"]}]},{"@type":"ImageObject","inLanguage":"ca","@id":"https:\/\/www.laertes.es\/ca\/llibre\/vathek\/#primaryimage","url":"https:\/\/www.laertes.es\/wp-content\/uploads\/2023\/01\/ARC068.webp","contentUrl":"https:\/\/www.laertes.es\/wp-content\/uploads\/2023\/01\/ARC068.webp","width":802,"height":1200,"caption":"Vathek"},{"@type":"BreadcrumbList","@id":"https:\/\/www.laertes.es\/ca\/llibre\/vathek\/#breadcrumb","itemListElement":[{"@type":"ListItem","position":1,"name":"Portada","item":"https:\/\/www.laertes.es\/ca\/"},{"@type":"ListItem","position":2,"name":"Tienda","item":"https:\/\/www.laertes.es\/tienda\/"},{"@type":"ListItem","position":3,"name":"Vathek"}]},{"@type":"WebSite","@id":"https:\/\/www.laertes.es\/ca\/#website","url":"https:\/\/www.laertes.es\/ca\/","name":"Laertes Ediciones","description":"Editorial independiente desde 1975","alternateName":"Laertes","potentialAction":[{"@type":"SearchAction","target":{"@type":"EntryPoint","urlTemplate":"https:\/\/www.laertes.es\/ca\/?s={search_term_string}"},"query-input":{"@type":"PropertyValueSpecification","valueRequired":true,"valueName":"search_term_string"}}],"inLanguage":"ca"}]}},"_links":{"self":[{"href":"https:\/\/www.laertes.es\/ca\/wp-json\/wp\/v2\/product\/11849","targetHints":{"allow":["GET"]}}],"collection":[{"href":"https:\/\/www.laertes.es\/ca\/wp-json\/wp\/v2\/product"}],"about":[{"href":"https:\/\/www.laertes.es\/ca\/wp-json\/wp\/v2\/types\/product"}],"version-history":[{"count":2,"href":"https:\/\/www.laertes.es\/ca\/wp-json\/wp\/v2\/product\/11849\/revisions"}],"predecessor-version":[{"id":13591,"href":"https:\/\/www.laertes.es\/ca\/wp-json\/wp\/v2\/product\/11849\/revisions\/13591"}],"wp:featuredmedia":[{"embeddable":true,"href":"https:\/\/www.laertes.es\/ca\/wp-json\/wp\/v2\/media\/13589"}],"wp:attachment":[{"href":"https:\/\/www.laertes.es\/ca\/wp-json\/wp\/v2\/media?parent=11849"}],"wp:term":[{"taxonomy":"product_brand","embeddable":true,"href":"https:\/\/www.laertes.es\/ca\/wp-json\/wp\/v2\/product_brand?post=11849"},{"taxonomy":"product_cat","embeddable":true,"href":"https:\/\/www.laertes.es\/ca\/wp-json\/wp\/v2\/product_cat?post=11849"},{"taxonomy":"product_tag","embeddable":true,"href":"https:\/\/www.laertes.es\/ca\/wp-json\/wp\/v2\/product_tag?post=11849"},{"taxonomy":"autores","embeddable":true,"href":"https:\/\/www.laertes.es\/ca\/wp-json\/wp\/v2\/autores?post=11849"},{"taxonomy":"formatos","embeddable":true,"href":"https:\/\/www.laertes.es\/ca\/wp-json\/wp\/v2\/formatos?post=11849"},{"taxonomy":"materias","embeddable":true,"href":"https:\/\/www.laertes.es\/ca\/wp-json\/wp\/v2\/materias?post=11849"}],"curies":[{"name":"wp","href":"https:\/\/api.w.org\/{rel}","templated":true}]}}