{"id":11848,"date":"2023-01-24T15:07:36","date_gmt":"2023-01-24T15:07:36","guid":{"rendered":"https:\/libro\/els-salzes\/"},"modified":"2023-05-06T07:43:10","modified_gmt":"2023-05-06T07:43:10","slug":"els-salzes","status":"publish","type":"product","link":"https:\/\/www.laertes.es\/ca\/llibre\/els-salzes\/","title":{"rendered":"Els salzes"},"content":{"rendered":"<h1>Els salzes<\/h1>\n<p><em>Els salzes<\/em>, considerada per Lovecraft la millor obra d&#8217;\u00abhorror sobrenatural\u00bb de tots els temps, \u00e9s magistral pel que fa a la representaci\u00f3 d&#8217;una situaci\u00f3, un paisatge i un estat de consci\u00e8ncia en qu\u00e8 l&#8217;\u00e9sser hum\u00e0 entra en contacte amb entitats sobrehumanes. Blackwood \u00e9s un mestre del moment en qu\u00e8 mig s&#8217;obre la cortina que encercla l&#8217;experi\u00e8ncia ordin\u00e0ria i s&#8217;entreveuen, a l&#8217;altra banda, ombres i forces que no estan a l&#8217;abast de la comprensi\u00f3. El lector m\u00e9s esc\u00e8ptic admirar\u00e0 la narraci\u00f3 com la descripci\u00f3 d&#8217;una psicologia desballestada per un episodi delirant d&#8217;agoraf\u00f2bia davant d&#8217;un paisatge natural imponent, enmig d&#8217;un clima de tensi\u00f3 en el qual es potencien m\u00fatuament l&#8217;admiraci\u00f3 fascinada de la naturalesa salvatge i el p\u00e0nic davant d&#8217;aquesta mateixa naturalesa viscuda com el vehicle d&#8217;unes pot\u00e8ncies no-humanes hostils.<\/p>\n<p><em>Els salzes<\/em>, considerada per Lovecraft la millor obra d&#8217;\u00abhorror sobrenatural\u00bb de tots els temps, \u00e9s magistral pel que fa a la representaci\u00f3 d&#8217;una situaci\u00f3, un paisatge i un estat de consci\u00e8ncia en qu\u00e8 l&#8217;\u00e9sser hum\u00e0 entra en contacte amb entitats sobrehumanes. Blackwood \u00e9s un mestre del moment en qu\u00e8 mig s&#8217;obre la cortina que encercla l&#8217;experi\u00e8ncia ordin\u00e0ria i s&#8217;entreveuen, a l&#8217;altra banda, ombres i forces que no estan a l&#8217;abast de la comprensi\u00f3. El lector m\u00e9s esc\u00e8ptic admirar\u00e0 la narraci\u00f3 com la descripci\u00f3 d&#8217;una psicologia desballestada per un episodi delirant d&#8217;agoraf\u00f2bia davant d&#8217;un paisatge natural imponent, enmig d&#8217;un clima de tensi\u00f3 en el qual es potencien m\u00fatuament l&#8217;admiraci\u00f3 fascinada de la naturalesa salvatge i el p\u00e0nic davant d&#8217;aquesta mateixa naturalesa viscuda com el vehicle d&#8217;unes pot\u00e8ncies no-humanes hostils.<\/p>\n<p><em>Els salzes<\/em>, considerada per Lovecraft la millor obra d&#8217;\u00abhorror sobrenatural\u00bb de tots els temps, \u00e9s magistral pel que fa a la representaci\u00f3 d&#8217;una situaci\u00f3, un paisatge i un estat de consci\u00e8ncia en qu\u00e8 l&#8217;\u00e9sser hum\u00e0 entra en contacte amb entitats sobrehumanes. Blackwood \u00e9s un mestre del moment en qu\u00e8 mig s&#8217;obre la cortina que encercla l&#8217;experi\u00e8ncia ordin\u00e0ria i s&#8217;entreveuen, a l&#8217;altra banda, ombres i forces que no estan a l&#8217;abast de la comprensi\u00f3. El lector m\u00e9s esc\u00e8ptic admirar\u00e0 la narraci\u00f3 com la descripci\u00f3 d&#8217;una psicologia desballestada per un episodi delirant d&#8217;agoraf\u00f2bia davant d&#8217;un paisatge natural imponent, enmig d&#8217;un clima de tensi\u00f3 en el qual es potencien m\u00fatuament l&#8217;admiraci\u00f3 fascinada de la naturalesa salvatge i el p\u00e0nic davant d&#8217;aquesta mateixa naturalesa viscuda com el vehicle d&#8217;unes pot\u00e8ncies no-humanes hostils.<\/p>\n","protected":false},"excerpt":{"rendered":"<p>Els salzes, considerada per Lovecraft la millor obra d&#8217;\u00abhorror sobrenatural\u00bb de tots els temps, \u00e9s magistral pel que fa a la representaci\u00f3 d&#8217;una situaci\u00f3, un paisatge i un estat de consci\u00e8ncia en qu\u00e8 l&#8217;\u00e9sser hum\u00e0 entra en contacte amb entitats sobrehumanes. Blackwood \u00e9s un mestre del moment en qu\u00e8 mig s&#8217;obre la cortina que encercla l&#8217;experi\u00e8ncia ordin\u00e0ria i s&#8217;entreveuen, a l&#8217;altra banda, ombres i forces que no s\u00f3n a l&#8217;abast de la comprensi\u00f3. El lector m\u00e9s esc\u00e8ptic admirar\u00e0 la narraci\u00f3 com la descripci\u00f3 d&#8217;una psicologia desballestada per un episodi delirant d&#8217;agoraf\u00f2bia davant d&#8217;un paisatge natural imponent, enmig d&#8217;un clima de tensi\u00f3 en el qual es potencien m\u00fatuament l&#8217;admiraci\u00f3 fascinada de la naturalesa salvatge i el p\u00e0nic davant d&#8217;aquesta mateixa naturalesa viscuda com el vehicle d&#8217;unes pot\u00e8ncies no-humanes hostils.<\/p>\n","protected":false},"featured_media":13472,"template":"","meta":[],"product_brand":[],"product_cat":[296],"product_tag":[1036,672,985,673],"autores":[445],"formatos":[355],"materias":[356],"class_list":{"0":"post-11848","1":"product","2":"type-product","3":"status-publish","4":"has-post-thumbnail","6":"product_cat-larca-ca","7":"product_tag-literatura-classica-ca","8":"product_tag-literatura-fantastica-ca","9":"product_tag-literatura-sobrenatural-ca","10":"product_tag-terror-ca","11":"autores-blackwood-algernon-ca","12":"formatos-llibre","13":"materias-cuentos-clasicos-de-generos-fantasticos-ca","15":"first","16":"instock","17":"purchasable","18":"product-type-simple"},"yoast_head":"<!-- This site is optimized with the Yoast SEO plugin v27.3 - https:\/\/yoast.com\/product\/yoast-seo-wordpress\/ -->\n<title>Els salzes | Laertes ediciones<\/title>\n<meta name=\"description\" content=\"Els salzes, considerada per Lovecraft la millor obra d&#039;\u00abhorror sobrenatural\u00bb de tots els temps, \u00e9s magistral pel que fa a la representaci\u00f3...\" \/>\n<meta name=\"robots\" content=\"index, follow, max-snippet:-1, max-image-preview:large, max-video-preview:-1\" \/>\n<link rel=\"canonical\" href=\"https:\/\/www.laertes.es\/ca\/llibre\/els-salzes\/\" \/>\n<meta property=\"og:locale\" content=\"ca_ES\" \/>\n<meta property=\"og:type\" content=\"article\" \/>\n<meta property=\"og:title\" content=\"Els salzes | Laertes ediciones\" \/>\n<meta property=\"og:description\" content=\"Els salzes, considerada per Lovecraft la millor obra d&#039;\u00abhorror sobrenatural\u00bb de tots els temps, \u00e9s magistral pel que fa a la representaci\u00f3...\" \/>\n<meta property=\"og:url\" content=\"https:\/\/www.laertes.es\/ca\/llibre\/els-salzes\/\" \/>\n<meta property=\"og:site_name\" content=\"Laertes ediciones\" \/>\n<meta property=\"article:modified_time\" content=\"2023-05-06T07:43:10+00:00\" \/>\n<meta property=\"og:image\" content=\"https:\/\/www.laertes.es\/wp-content\/uploads\/2023\/01\/ARC095.webp\" \/>\n\t<meta property=\"og:image:width\" content=\"802\" \/>\n\t<meta property=\"og:image:height\" content=\"1200\" \/>\n\t<meta property=\"og:image:type\" content=\"image\/webp\" \/>\n<meta name=\"twitter:label1\" content=\"Temps estimat de lectura\" \/>\n\t<meta name=\"twitter:data1\" content=\"2 minuts\" \/>\n<script type=\"application\/ld+json\" class=\"yoast-schema-graph\">{\"@context\":\"https:\\\/\\\/schema.org\",\"@graph\":[{\"@type\":\"WebPage\",\"@id\":\"https:\\\/\\\/www.laertes.es\\\/ca\\\/llibre\\\/els-salzes\\\/\",\"url\":\"https:\\\/\\\/www.laertes.es\\\/ca\\\/llibre\\\/els-salzes\\\/\",\"name\":\"Els salzes | Laertes ediciones\",\"isPartOf\":{\"@id\":\"https:\\\/\\\/www.laertes.es\\\/ca\\\/#website\"},\"primaryImageOfPage\":{\"@id\":\"https:\\\/\\\/www.laertes.es\\\/ca\\\/llibre\\\/els-salzes\\\/#primaryimage\"},\"image\":{\"@id\":\"https:\\\/\\\/www.laertes.es\\\/ca\\\/llibre\\\/els-salzes\\\/#primaryimage\"},\"thumbnailUrl\":\"https:\\\/\\\/www.laertes.es\\\/wp-content\\\/uploads\\\/2023\\\/01\\\/ARC095.webp\",\"datePublished\":\"2023-01-24T15:07:36+00:00\",\"dateModified\":\"2023-05-06T07:43:10+00:00\",\"description\":\"Els salzes, considerada per Lovecraft la millor obra d'\u00abhorror sobrenatural\u00bb de tots els temps, \u00e9s magistral pel que fa a la representaci\u00f3...\",\"breadcrumb\":{\"@id\":\"https:\\\/\\\/www.laertes.es\\\/ca\\\/llibre\\\/els-salzes\\\/#breadcrumb\"},\"inLanguage\":\"ca\",\"potentialAction\":[{\"@type\":\"ReadAction\",\"target\":[\"https:\\\/\\\/www.laertes.es\\\/ca\\\/llibre\\\/els-salzes\\\/\"]}]},{\"@type\":\"ImageObject\",\"inLanguage\":\"ca\",\"@id\":\"https:\\\/\\\/www.laertes.es\\\/ca\\\/llibre\\\/els-salzes\\\/#primaryimage\",\"url\":\"https:\\\/\\\/www.laertes.es\\\/wp-content\\\/uploads\\\/2023\\\/01\\\/ARC095.webp\",\"contentUrl\":\"https:\\\/\\\/www.laertes.es\\\/wp-content\\\/uploads\\\/2023\\\/01\\\/ARC095.webp\",\"width\":802,\"height\":1200,\"caption\":\"Els salzes\"},{\"@type\":\"BreadcrumbList\",\"@id\":\"https:\\\/\\\/www.laertes.es\\\/ca\\\/llibre\\\/els-salzes\\\/#breadcrumb\",\"itemListElement\":[{\"@type\":\"ListItem\",\"position\":1,\"name\":\"Portada\",\"item\":\"https:\\\/\\\/www.laertes.es\\\/ca\\\/\"},{\"@type\":\"ListItem\",\"position\":2,\"name\":\"Tienda\",\"item\":\"https:\\\/\\\/www.laertes.es\\\/tienda\\\/\"},{\"@type\":\"ListItem\",\"position\":3,\"name\":\"Els salzes\"}]},{\"@type\":\"WebSite\",\"@id\":\"https:\\\/\\\/www.laertes.es\\\/ca\\\/#website\",\"url\":\"https:\\\/\\\/www.laertes.es\\\/ca\\\/\",\"name\":\"Laertes Ediciones\",\"description\":\"Editorial independiente desde 1975\",\"alternateName\":\"Laertes\",\"potentialAction\":[{\"@type\":\"SearchAction\",\"target\":{\"@type\":\"EntryPoint\",\"urlTemplate\":\"https:\\\/\\\/www.laertes.es\\\/ca\\\/?s={search_term_string}\"},\"query-input\":{\"@type\":\"PropertyValueSpecification\",\"valueRequired\":true,\"valueName\":\"search_term_string\"}}],\"inLanguage\":\"ca\"}]}<\/script>\n<!-- \/ Yoast SEO plugin. -->","yoast_head_json":{"title":"Els salzes | Laertes ediciones","description":"Els salzes, considerada per Lovecraft la millor obra d'\u00abhorror sobrenatural\u00bb de tots els temps, \u00e9s magistral pel que fa a la representaci\u00f3...","robots":{"index":"index","follow":"follow","max-snippet":"max-snippet:-1","max-image-preview":"max-image-preview:large","max-video-preview":"max-video-preview:-1"},"canonical":"https:\/\/www.laertes.es\/ca\/llibre\/els-salzes\/","og_locale":"ca_ES","og_type":"article","og_title":"Els salzes | Laertes ediciones","og_description":"Els salzes, considerada per Lovecraft la millor obra d'\u00abhorror sobrenatural\u00bb de tots els temps, \u00e9s magistral pel que fa a la representaci\u00f3...","og_url":"https:\/\/www.laertes.es\/ca\/llibre\/els-salzes\/","og_site_name":"Laertes ediciones","article_modified_time":"2023-05-06T07:43:10+00:00","og_image":[{"width":802,"height":1200,"url":"https:\/\/www.laertes.es\/wp-content\/uploads\/2023\/01\/ARC095.webp","type":"image\/webp"}],"twitter_misc":{"Temps estimat de lectura":"2 minuts"},"schema":{"@context":"https:\/\/schema.org","@graph":[{"@type":"WebPage","@id":"https:\/\/www.laertes.es\/ca\/llibre\/els-salzes\/","url":"https:\/\/www.laertes.es\/ca\/llibre\/els-salzes\/","name":"Els salzes | Laertes ediciones","isPartOf":{"@id":"https:\/\/www.laertes.es\/ca\/#website"},"primaryImageOfPage":{"@id":"https:\/\/www.laertes.es\/ca\/llibre\/els-salzes\/#primaryimage"},"image":{"@id":"https:\/\/www.laertes.es\/ca\/llibre\/els-salzes\/#primaryimage"},"thumbnailUrl":"https:\/\/www.laertes.es\/wp-content\/uploads\/2023\/01\/ARC095.webp","datePublished":"2023-01-24T15:07:36+00:00","dateModified":"2023-05-06T07:43:10+00:00","description":"Els salzes, considerada per Lovecraft la millor obra d'\u00abhorror sobrenatural\u00bb de tots els temps, \u00e9s magistral pel que fa a la representaci\u00f3...","breadcrumb":{"@id":"https:\/\/www.laertes.es\/ca\/llibre\/els-salzes\/#breadcrumb"},"inLanguage":"ca","potentialAction":[{"@type":"ReadAction","target":["https:\/\/www.laertes.es\/ca\/llibre\/els-salzes\/"]}]},{"@type":"ImageObject","inLanguage":"ca","@id":"https:\/\/www.laertes.es\/ca\/llibre\/els-salzes\/#primaryimage","url":"https:\/\/www.laertes.es\/wp-content\/uploads\/2023\/01\/ARC095.webp","contentUrl":"https:\/\/www.laertes.es\/wp-content\/uploads\/2023\/01\/ARC095.webp","width":802,"height":1200,"caption":"Els salzes"},{"@type":"BreadcrumbList","@id":"https:\/\/www.laertes.es\/ca\/llibre\/els-salzes\/#breadcrumb","itemListElement":[{"@type":"ListItem","position":1,"name":"Portada","item":"https:\/\/www.laertes.es\/ca\/"},{"@type":"ListItem","position":2,"name":"Tienda","item":"https:\/\/www.laertes.es\/tienda\/"},{"@type":"ListItem","position":3,"name":"Els salzes"}]},{"@type":"WebSite","@id":"https:\/\/www.laertes.es\/ca\/#website","url":"https:\/\/www.laertes.es\/ca\/","name":"Laertes Ediciones","description":"Editorial independiente desde 1975","alternateName":"Laertes","potentialAction":[{"@type":"SearchAction","target":{"@type":"EntryPoint","urlTemplate":"https:\/\/www.laertes.es\/ca\/?s={search_term_string}"},"query-input":{"@type":"PropertyValueSpecification","valueRequired":true,"valueName":"search_term_string"}}],"inLanguage":"ca"}]}},"_links":{"self":[{"href":"https:\/\/www.laertes.es\/ca\/wp-json\/wp\/v2\/product\/11848","targetHints":{"allow":["GET"]}}],"collection":[{"href":"https:\/\/www.laertes.es\/ca\/wp-json\/wp\/v2\/product"}],"about":[{"href":"https:\/\/www.laertes.es\/ca\/wp-json\/wp\/v2\/types\/product"}],"version-history":[{"count":1,"href":"https:\/\/www.laertes.es\/ca\/wp-json\/wp\/v2\/product\/11848\/revisions"}],"predecessor-version":[{"id":13475,"href":"https:\/\/www.laertes.es\/ca\/wp-json\/wp\/v2\/product\/11848\/revisions\/13475"}],"wp:featuredmedia":[{"embeddable":true,"href":"https:\/\/www.laertes.es\/ca\/wp-json\/wp\/v2\/media\/13472"}],"wp:attachment":[{"href":"https:\/\/www.laertes.es\/ca\/wp-json\/wp\/v2\/media?parent=11848"}],"wp:term":[{"taxonomy":"product_brand","embeddable":true,"href":"https:\/\/www.laertes.es\/ca\/wp-json\/wp\/v2\/product_brand?post=11848"},{"taxonomy":"product_cat","embeddable":true,"href":"https:\/\/www.laertes.es\/ca\/wp-json\/wp\/v2\/product_cat?post=11848"},{"taxonomy":"product_tag","embeddable":true,"href":"https:\/\/www.laertes.es\/ca\/wp-json\/wp\/v2\/product_tag?post=11848"},{"taxonomy":"autores","embeddable":true,"href":"https:\/\/www.laertes.es\/ca\/wp-json\/wp\/v2\/autores?post=11848"},{"taxonomy":"formatos","embeddable":true,"href":"https:\/\/www.laertes.es\/ca\/wp-json\/wp\/v2\/formatos?post=11848"},{"taxonomy":"materias","embeddable":true,"href":"https:\/\/www.laertes.es\/ca\/wp-json\/wp\/v2\/materias?post=11848"}],"curies":[{"name":"wp","href":"https:\/\/api.w.org\/{rel}","templated":true}]}}