{"id":11847,"date":"2023-01-24T15:07:36","date_gmt":"2023-01-24T15:07:36","guid":{"rendered":"https:\/libro\/lhorror-sobrenatural-en-la-literatura\/"},"modified":"2023-05-06T06:23:15","modified_gmt":"2023-05-06T06:23:15","slug":"horror-sobrenatural-en-la-literatura","status":"publish","type":"product","link":"https:\/\/www.laertes.es\/ca\/llibre\/horror-sobrenatural-en-la-literatura\/","title":{"rendered":"L&#8217;horror sobrenatural en la literatura"},"content":{"rendered":"<h1>L&#8217;horror sobrenatural en la literatura<\/h1>\n<p>L&#8217;horror sobrenatural en la literatura Howard Phillips Lovecraft va renovar completament el g\u00e8nere del terror amb la seva visi\u00f3 c\u00f2smica i la creaci\u00f3 dels mites de Cthulhu. Al llarg de la seva vida, a m\u00e9s de convertir-se en el mestre indiscutible del terror modern i d&#8217;exercir una influ\u00e8ncia incalculable sobre les generacions posteriors d&#8217;escriptors d&#8217;aquest g\u00e8nere, va reflexionar profundament sobre la literatura de terror i els mecanismes narratius que desperten la por en la ment del lector. El bo i millor d&#8217;aquestes consideracions qued\u00e0 plasmat en el que, probablement, sigui l&#8217;estudi sobre el g\u00e8nere m\u00e9s complet i influent que s&#8217;ha escrit mai, L&#8217;horror sobrenatural en la literatura. Amb la publicaci\u00f3 d&#8217;aquest assaig pretenem oferir, per primer cop en catal\u00e0, les millors reflexions sobre la hist\u00f2ria de la literatura de terror, de la m\u00e0 d&#8217;un dels seus millors conreadors, H. P. Lovecraft.<\/p>\n<p>Howard Phillips Lovecraft va renovar completament el g\u00e8nere del terror amb la seva visi\u00f3 c\u00f2smica i la creaci\u00f3 dels mites de Cthulhu. Al llarg de la seva vida, a m\u00e9s de convertir-se en el mestre indiscutible del terror modern i d&#8217;exercir una influ\u00e8ncia incalculable sobre les generacions posteriors d&#8217;escriptors d&#8217;aquest g\u00e8nere, va reflexionar profundament sobre la literatura de terror i els mecanismes narratius que desperten la por en la ment del lector. El bo i millor d&#8217;aquestes consideracions qued\u00e0 plasmat en el que, probablement, sigui l&#8217;estudi sobre el g\u00e8nere m\u00e9s complet i influent que s&#8217;ha escrit mai, L&#8217;horror sobrenatural en la literatura. Amb la publicaci\u00f3 d&#8217;aquest assaig pretenem oferir, per primer cop en catal\u00e0, les millors reflexions sobre la hist\u00f2ria de la literatura de terror, de la m\u00e0 d&#8217;un dels seus millors conreadors, H. P. Lovecraft.<\/p>\n<p>Howard Phillips Lovecraft va renovar completament el g\u00e8nere del terror amb la seva visi\u00f3 c\u00f2smica i la creaci\u00f3 dels mites de Cthulhu. Al llarg de la seva vida, a m\u00e9s de convertir-se en el mestre indiscutible del terror modern i d&#8217;exercir una influ\u00e8ncia incalculable sobre les generacions posteriors d&#8217;escriptors d&#8217;aquest g\u00e8nere, va reflexionar profundament sobre la literatura de terror i els mecanismes narratius que desperten la por en la ment del lector. El bo i millor d&#8217;aquestes consideracions qued\u00e0 plasmat en el que, probablement, sigui l&#8217;estudi sobre el g\u00e8nere m\u00e9s complet i influent que s&#8217;ha escrit mai, L&#8217;horror sobrenatural en la literatura. Amb la publicaci\u00f3 d&#8217;aquest assaig pretenem oferir, per primer cop en catal\u00e0, les millors reflexions sobre la hist\u00f2ria de la literatura de terror, de la m\u00e0 d&#8217;un dels seus millors conreadors, H. P. Lovecraft.<\/p>\n","protected":false},"excerpt":{"rendered":"<p>Howard Phillips Lovecraft va renovar completament el g\u00e8nere del terror amb la seva visi\u00f3 c\u00f2smica i la creaci\u00f3 dels mites de Cthulhu. Al llarg de la seva vida, a m\u00e9s de convertir-se en el mestre indiscutible del terror modern i d&#8217;exercir una influ\u00e8ncia incalculable sobre les generacions posteriors d&#8217;escriptors d&#8217;aquest g\u00e8nere, va reflexionar profundament sobre la literatura de terror i els mecanismes narratius que desperten la por en la ment del lector. El bo i millor d&#8217;aquestes consideracions qued\u00e0 plasmat en el que, probablement, sigui l&#8217;estudi sobre el g\u00e8nere m\u00e9s complet i influent que s&#8217;ha escrit mai, L&#8217;horror sobrenatural en la literatura. Amb la publicaci\u00f3 d&#8217;aquest assaig pretenem oferir, per primer cop en catal\u00e0, les millors reflexions sobre la hist\u00f2ria de la literatura de terror, de la m\u00e0 d&#8217;un dels seus millors conreadors, H. P. Lovecraft.<\/p>\n","protected":false},"featured_media":13409,"template":"","meta":[],"product_brand":[],"product_cat":[296],"product_tag":[669,672,714],"autores":[396],"formatos":[355],"materias":[356],"class_list":{"0":"post-11847","1":"product","2":"type-product","3":"status-publish","4":"has-post-thumbnail","6":"product_cat-larca-ca","7":"product_tag-assaig-ca","8":"product_tag-literatura-fantastica-ca","9":"product_tag-lovecraft-ca","10":"autores-lovecraft-howard-phillips-ca","11":"formatos-llibre","12":"materias-cuentos-clasicos-de-generos-fantasticos-ca","14":"first","15":"instock","16":"purchasable","17":"product-type-simple"},"yoast_head":"<!-- This site is optimized with the Yoast SEO plugin v27.3 - https:\/\/yoast.com\/product\/yoast-seo-wordpress\/ -->\n<title>L&#039;horror sobrenatural en la literatura | Laertes ediciones<\/title>\n<meta name=\"description\" content=\"L&#039;horror sobrenatural en la literatura | Howard Phillips Lovecraft va renovar completament el g\u00e8nere del terror amb la seva visi\u00f3 c\u00f2smica.\" \/>\n<meta name=\"robots\" content=\"index, follow, max-snippet:-1, max-image-preview:large, max-video-preview:-1\" \/>\n<link rel=\"canonical\" href=\"https:\/\/www.laertes.es\/ca\/llibre\/horror-sobrenatural-en-la-literatura\/\" \/>\n<meta property=\"og:locale\" content=\"ca_ES\" \/>\n<meta property=\"og:type\" content=\"article\" \/>\n<meta property=\"og:title\" content=\"L&#039;horror sobrenatural en la literatura | Laertes ediciones\" \/>\n<meta property=\"og:description\" content=\"L&#039;horror sobrenatural en la literatura | Howard Phillips Lovecraft va renovar completament el g\u00e8nere del terror amb la seva visi\u00f3 c\u00f2smica.\" \/>\n<meta property=\"og:url\" content=\"https:\/\/www.laertes.es\/ca\/llibre\/horror-sobrenatural-en-la-literatura\/\" \/>\n<meta property=\"og:site_name\" content=\"Laertes ediciones\" \/>\n<meta property=\"article:modified_time\" content=\"2023-05-06T06:23:15+00:00\" \/>\n<meta property=\"og:image\" content=\"https:\/\/www.laertes.es\/wp-content\/uploads\/2023\/01\/ARC094.webp\" \/>\n\t<meta property=\"og:image:width\" content=\"802\" \/>\n\t<meta property=\"og:image:height\" content=\"1200\" \/>\n\t<meta property=\"og:image:type\" content=\"image\/webp\" \/>\n<meta name=\"twitter:label1\" content=\"Temps estimat de lectura\" \/>\n\t<meta name=\"twitter:data1\" content=\"2 minuts\" \/>\n<script type=\"application\/ld+json\" class=\"yoast-schema-graph\">{\"@context\":\"https:\\\/\\\/schema.org\",\"@graph\":[{\"@type\":\"WebPage\",\"@id\":\"https:\\\/\\\/www.laertes.es\\\/ca\\\/llibre\\\/horror-sobrenatural-en-la-literatura\\\/\",\"url\":\"https:\\\/\\\/www.laertes.es\\\/ca\\\/llibre\\\/horror-sobrenatural-en-la-literatura\\\/\",\"name\":\"L'horror sobrenatural en la literatura | Laertes ediciones\",\"isPartOf\":{\"@id\":\"https:\\\/\\\/www.laertes.es\\\/ca\\\/#website\"},\"primaryImageOfPage\":{\"@id\":\"https:\\\/\\\/www.laertes.es\\\/ca\\\/llibre\\\/horror-sobrenatural-en-la-literatura\\\/#primaryimage\"},\"image\":{\"@id\":\"https:\\\/\\\/www.laertes.es\\\/ca\\\/llibre\\\/horror-sobrenatural-en-la-literatura\\\/#primaryimage\"},\"thumbnailUrl\":\"https:\\\/\\\/www.laertes.es\\\/wp-content\\\/uploads\\\/2023\\\/01\\\/ARC094.webp\",\"datePublished\":\"2023-01-24T15:07:36+00:00\",\"dateModified\":\"2023-05-06T06:23:15+00:00\",\"description\":\"L'horror sobrenatural en la literatura | Howard Phillips Lovecraft va renovar completament el g\u00e8nere del terror amb la seva visi\u00f3 c\u00f2smica.\",\"breadcrumb\":{\"@id\":\"https:\\\/\\\/www.laertes.es\\\/ca\\\/llibre\\\/horror-sobrenatural-en-la-literatura\\\/#breadcrumb\"},\"inLanguage\":\"ca\",\"potentialAction\":[{\"@type\":\"ReadAction\",\"target\":[\"https:\\\/\\\/www.laertes.es\\\/ca\\\/llibre\\\/horror-sobrenatural-en-la-literatura\\\/\"]}]},{\"@type\":\"ImageObject\",\"inLanguage\":\"ca\",\"@id\":\"https:\\\/\\\/www.laertes.es\\\/ca\\\/llibre\\\/horror-sobrenatural-en-la-literatura\\\/#primaryimage\",\"url\":\"https:\\\/\\\/www.laertes.es\\\/wp-content\\\/uploads\\\/2023\\\/01\\\/ARC094.webp\",\"contentUrl\":\"https:\\\/\\\/www.laertes.es\\\/wp-content\\\/uploads\\\/2023\\\/01\\\/ARC094.webp\",\"width\":802,\"height\":1200,\"caption\":\"horror sobrenatural en la literatura\"},{\"@type\":\"BreadcrumbList\",\"@id\":\"https:\\\/\\\/www.laertes.es\\\/ca\\\/llibre\\\/horror-sobrenatural-en-la-literatura\\\/#breadcrumb\",\"itemListElement\":[{\"@type\":\"ListItem\",\"position\":1,\"name\":\"Portada\",\"item\":\"https:\\\/\\\/www.laertes.es\\\/ca\\\/\"},{\"@type\":\"ListItem\",\"position\":2,\"name\":\"Tienda\",\"item\":\"https:\\\/\\\/www.laertes.es\\\/tienda\\\/\"},{\"@type\":\"ListItem\",\"position\":3,\"name\":\"L&#8217;horror sobrenatural en la literatura\"}]},{\"@type\":\"WebSite\",\"@id\":\"https:\\\/\\\/www.laertes.es\\\/ca\\\/#website\",\"url\":\"https:\\\/\\\/www.laertes.es\\\/ca\\\/\",\"name\":\"Laertes Ediciones\",\"description\":\"Editorial independiente desde 1975\",\"alternateName\":\"Laertes\",\"potentialAction\":[{\"@type\":\"SearchAction\",\"target\":{\"@type\":\"EntryPoint\",\"urlTemplate\":\"https:\\\/\\\/www.laertes.es\\\/ca\\\/?s={search_term_string}\"},\"query-input\":{\"@type\":\"PropertyValueSpecification\",\"valueRequired\":true,\"valueName\":\"search_term_string\"}}],\"inLanguage\":\"ca\"}]}<\/script>\n<!-- \/ Yoast SEO plugin. -->","yoast_head_json":{"title":"L'horror sobrenatural en la literatura | Laertes ediciones","description":"L'horror sobrenatural en la literatura | Howard Phillips Lovecraft va renovar completament el g\u00e8nere del terror amb la seva visi\u00f3 c\u00f2smica.","robots":{"index":"index","follow":"follow","max-snippet":"max-snippet:-1","max-image-preview":"max-image-preview:large","max-video-preview":"max-video-preview:-1"},"canonical":"https:\/\/www.laertes.es\/ca\/llibre\/horror-sobrenatural-en-la-literatura\/","og_locale":"ca_ES","og_type":"article","og_title":"L'horror sobrenatural en la literatura | Laertes ediciones","og_description":"L'horror sobrenatural en la literatura | Howard Phillips Lovecraft va renovar completament el g\u00e8nere del terror amb la seva visi\u00f3 c\u00f2smica.","og_url":"https:\/\/www.laertes.es\/ca\/llibre\/horror-sobrenatural-en-la-literatura\/","og_site_name":"Laertes ediciones","article_modified_time":"2023-05-06T06:23:15+00:00","og_image":[{"width":802,"height":1200,"url":"https:\/\/www.laertes.es\/wp-content\/uploads\/2023\/01\/ARC094.webp","type":"image\/webp"}],"twitter_misc":{"Temps estimat de lectura":"2 minuts"},"schema":{"@context":"https:\/\/schema.org","@graph":[{"@type":"WebPage","@id":"https:\/\/www.laertes.es\/ca\/llibre\/horror-sobrenatural-en-la-literatura\/","url":"https:\/\/www.laertes.es\/ca\/llibre\/horror-sobrenatural-en-la-literatura\/","name":"L'horror sobrenatural en la literatura | Laertes ediciones","isPartOf":{"@id":"https:\/\/www.laertes.es\/ca\/#website"},"primaryImageOfPage":{"@id":"https:\/\/www.laertes.es\/ca\/llibre\/horror-sobrenatural-en-la-literatura\/#primaryimage"},"image":{"@id":"https:\/\/www.laertes.es\/ca\/llibre\/horror-sobrenatural-en-la-literatura\/#primaryimage"},"thumbnailUrl":"https:\/\/www.laertes.es\/wp-content\/uploads\/2023\/01\/ARC094.webp","datePublished":"2023-01-24T15:07:36+00:00","dateModified":"2023-05-06T06:23:15+00:00","description":"L'horror sobrenatural en la literatura | Howard Phillips Lovecraft va renovar completament el g\u00e8nere del terror amb la seva visi\u00f3 c\u00f2smica.","breadcrumb":{"@id":"https:\/\/www.laertes.es\/ca\/llibre\/horror-sobrenatural-en-la-literatura\/#breadcrumb"},"inLanguage":"ca","potentialAction":[{"@type":"ReadAction","target":["https:\/\/www.laertes.es\/ca\/llibre\/horror-sobrenatural-en-la-literatura\/"]}]},{"@type":"ImageObject","inLanguage":"ca","@id":"https:\/\/www.laertes.es\/ca\/llibre\/horror-sobrenatural-en-la-literatura\/#primaryimage","url":"https:\/\/www.laertes.es\/wp-content\/uploads\/2023\/01\/ARC094.webp","contentUrl":"https:\/\/www.laertes.es\/wp-content\/uploads\/2023\/01\/ARC094.webp","width":802,"height":1200,"caption":"horror sobrenatural en la literatura"},{"@type":"BreadcrumbList","@id":"https:\/\/www.laertes.es\/ca\/llibre\/horror-sobrenatural-en-la-literatura\/#breadcrumb","itemListElement":[{"@type":"ListItem","position":1,"name":"Portada","item":"https:\/\/www.laertes.es\/ca\/"},{"@type":"ListItem","position":2,"name":"Tienda","item":"https:\/\/www.laertes.es\/tienda\/"},{"@type":"ListItem","position":3,"name":"L&#8217;horror sobrenatural en la literatura"}]},{"@type":"WebSite","@id":"https:\/\/www.laertes.es\/ca\/#website","url":"https:\/\/www.laertes.es\/ca\/","name":"Laertes Ediciones","description":"Editorial independiente desde 1975","alternateName":"Laertes","potentialAction":[{"@type":"SearchAction","target":{"@type":"EntryPoint","urlTemplate":"https:\/\/www.laertes.es\/ca\/?s={search_term_string}"},"query-input":{"@type":"PropertyValueSpecification","valueRequired":true,"valueName":"search_term_string"}}],"inLanguage":"ca"}]}},"_links":{"self":[{"href":"https:\/\/www.laertes.es\/ca\/wp-json\/wp\/v2\/product\/11847","targetHints":{"allow":["GET"]}}],"collection":[{"href":"https:\/\/www.laertes.es\/ca\/wp-json\/wp\/v2\/product"}],"about":[{"href":"https:\/\/www.laertes.es\/ca\/wp-json\/wp\/v2\/types\/product"}],"version-history":[{"count":1,"href":"https:\/\/www.laertes.es\/ca\/wp-json\/wp\/v2\/product\/11847\/revisions"}],"predecessor-version":[{"id":13412,"href":"https:\/\/www.laertes.es\/ca\/wp-json\/wp\/v2\/product\/11847\/revisions\/13412"}],"wp:featuredmedia":[{"embeddable":true,"href":"https:\/\/www.laertes.es\/ca\/wp-json\/wp\/v2\/media\/13409"}],"wp:attachment":[{"href":"https:\/\/www.laertes.es\/ca\/wp-json\/wp\/v2\/media?parent=11847"}],"wp:term":[{"taxonomy":"product_brand","embeddable":true,"href":"https:\/\/www.laertes.es\/ca\/wp-json\/wp\/v2\/product_brand?post=11847"},{"taxonomy":"product_cat","embeddable":true,"href":"https:\/\/www.laertes.es\/ca\/wp-json\/wp\/v2\/product_cat?post=11847"},{"taxonomy":"product_tag","embeddable":true,"href":"https:\/\/www.laertes.es\/ca\/wp-json\/wp\/v2\/product_tag?post=11847"},{"taxonomy":"autores","embeddable":true,"href":"https:\/\/www.laertes.es\/ca\/wp-json\/wp\/v2\/autores?post=11847"},{"taxonomy":"formatos","embeddable":true,"href":"https:\/\/www.laertes.es\/ca\/wp-json\/wp\/v2\/formatos?post=11847"},{"taxonomy":"materias","embeddable":true,"href":"https:\/\/www.laertes.es\/ca\/wp-json\/wp\/v2\/materias?post=11847"}],"curies":[{"name":"wp","href":"https:\/\/api.w.org\/{rel}","templated":true}]}}