{"id":11846,"date":"2023-01-24T15:07:36","date_gmt":"2023-01-24T15:07:36","guid":{"rendered":"https:\/libro\/els-somnis-a-la-casa-de-la-bruixa\/"},"modified":"2023-05-06T05:15:54","modified_gmt":"2023-05-06T05:15:54","slug":"els-somnis-a-la-casa-de-la-bruixa","status":"publish","type":"product","link":"https:\/\/www.laertes.es\/ca\/llibre\/els-somnis-a-la-casa-de-la-bruixa\/","title":{"rendered":"Els somnis a la casa de la bruixa"},"content":{"rendered":"<h1>Els somnis a la casa de la bruixa<\/h1>\n<p>Els somnis a la casa de la bruixa En el marc g\u00f2tic d&#8217;una casa ru\u00efnosa minada per recintes secrets i d&#8217;una ciutat decr\u00e8pita que al cap de segles mant\u00e9 vius els espants de la ca\u00e7a de bruixes a Massachusetts de 1692, un jove nervi\u00f3s se submergeix en el seu m\u00f3n on\u00edric i visita escenaris alhora terror\u00edfics i enlluernadors. A cavall entre el somni i la realitat, enmig d&#8217;aparicions atiades per l&#8217;entorn sinistre, sorgeixen figures tan esgarrifosament memorables com Brown Jenkin, la riallera rata antropomorfa. Un peculiar poder de fascinaci\u00f3 explica que Els somnis a la casa de la bruixa hagi estat repetidament adaptada al cine i al teatre i inspirat diverses versions musicals, inclosa una important \u00f2pera rock.<\/p>\n<p>En el marc g\u00f2tic d&#8217;una casa ru\u00efnosa minada per recintes secrets i d&#8217;una ciutat decr\u00e8pita que al cap de segles mant\u00e9 vius els espants de la ca\u00e7a de bruixes a Massachusetts de 1692, un jove nervi\u00f3s se submergeix en el seu m\u00f3n on\u00edric i visita escenaris alhora terror\u00edfics i enlluernadors. A cavall entre el somni i la realitat, enmig d&#8217;aparicions atiades per l&#8217;entorn sinistre, sorgeixen figures tan esgarrifosament memorables com Brown Jenkin, la riallera rata antropomorfa. Un peculiar poder de fascinaci\u00f3 explica que Els somnis a la casa de la bruixa hagi estat repetidament adaptada al cine i al teatre i inspirat diverses versions musicals, inclosa una important \u00f2pera rock.<\/p>\n<p>En el marc g\u00f2tic d&#8217;una casa ru\u00efnosa minada per recintes secrets i d&#8217;una ciutat decr\u00e8pita que al cap de segles mant\u00e9 vius els espants de la ca\u00e7a de bruixes a Massachusetts de 1692, un jove nervi\u00f3s se submergeix en el seu m\u00f3n on\u00edric i visita escenaris alhora terror\u00edfics i enlluernadors. A cavall entre el somni i la realitat, enmig d&#8217;aparicions atiades per l&#8217;entorn sinistre, sorgeixen figures tan esgarrifosament memorables com Brown Jenkin, la riallera rata antropomorfa. Un peculiar poder de fascinaci\u00f3 explica que Els somnis a la casa de la bruixa hagi estat repetidament adaptada al cine i al teatre i inspirat diverses versions musicals, inclosa una important \u00f2pera rock.<\/p>\n","protected":false},"excerpt":{"rendered":"<p>En el marc g\u00f2tic d&#8217;una casa ru\u00efnosa minada per recintes secrets i d&#8217;una ciutat decr\u00e8pita que al cap de segles mant\u00e9 vius els espants de la ca\u00e7a de bruixes a Massachusetts de 1692, un jove nervi\u00f3s se submergeix en el seu m\u00f3n on\u00edric i visita escenaris alhora terror\u00edfics i enlluernadors. A cavall entre el somni i la realitat, enmig d&#8217;aparicions atiades per l&#8217;entorn sinistre, sorgeixen figures tan esgarrifosament memorables com Brown Jenkin, la riallera rata antropomorfa. Un peculiar poder de fascinaci\u00f3 explica que Els somnis a la casa de la bruixa hagi estat repetidament adaptada al cine i al teatre i inspirat diverses versions musicals, inclosa una important \u00f2pera rock.<\/p>\n","protected":false},"featured_media":13295,"template":"","meta":[],"product_brand":[],"product_cat":[296],"product_tag":[989,714,673],"autores":[396],"formatos":[355],"materias":[356],"class_list":{"0":"post-11846","1":"product","2":"type-product","3":"status-publish","4":"has-post-thumbnail","6":"product_cat-larca-ca","7":"product_tag-bruixes-ca","8":"product_tag-lovecraft-ca","9":"product_tag-terror-ca","10":"autores-lovecraft-howard-phillips-ca","11":"formatos-llibre","12":"materias-cuentos-clasicos-de-generos-fantasticos-ca","14":"first","15":"instock","16":"purchasable","17":"product-type-simple"},"yoast_head":"<!-- This site is optimized with the Yoast SEO plugin v27.3 - https:\/\/yoast.com\/product\/yoast-seo-wordpress\/ -->\n<title>Els somnis a la casa de la bruixa | Laertes ediciones<\/title>\n<meta name=\"description\" content=\"Els somnis a la casa de la bruixa | En una casa ru\u00efnosa minada per recintes secrets i d&#039;una ciutat decr\u00e8pita que al cap de segles mant\u00e9 vius els espants.\" \/>\n<meta name=\"robots\" content=\"index, follow, max-snippet:-1, max-image-preview:large, max-video-preview:-1\" \/>\n<link rel=\"canonical\" href=\"https:\/\/www.laertes.es\/ca\/llibre\/els-somnis-a-la-casa-de-la-bruixa\/\" \/>\n<meta property=\"og:locale\" content=\"ca_ES\" \/>\n<meta property=\"og:type\" content=\"article\" \/>\n<meta property=\"og:title\" content=\"Els somnis a la casa de la bruixa | Laertes ediciones\" \/>\n<meta property=\"og:description\" content=\"Els somnis a la casa de la bruixa | En una casa ru\u00efnosa minada per recintes secrets i d&#039;una ciutat decr\u00e8pita que al cap de segles mant\u00e9 vius els espants.\" \/>\n<meta property=\"og:url\" content=\"https:\/\/www.laertes.es\/ca\/llibre\/els-somnis-a-la-casa-de-la-bruixa\/\" \/>\n<meta property=\"og:site_name\" content=\"Laertes ediciones\" \/>\n<meta property=\"article:modified_time\" content=\"2023-05-06T05:15:54+00:00\" \/>\n<meta property=\"og:image\" content=\"https:\/\/www.laertes.es\/wp-content\/uploads\/2023\/01\/ARC089.webp\" \/>\n\t<meta property=\"og:image:width\" content=\"802\" \/>\n\t<meta property=\"og:image:height\" content=\"1200\" \/>\n\t<meta property=\"og:image:type\" content=\"image\/webp\" \/>\n<meta name=\"twitter:label1\" content=\"Temps estimat de lectura\" \/>\n\t<meta name=\"twitter:data1\" content=\"2 minuts\" \/>\n<script type=\"application\/ld+json\" class=\"yoast-schema-graph\">{\"@context\":\"https:\\\/\\\/schema.org\",\"@graph\":[{\"@type\":\"WebPage\",\"@id\":\"https:\\\/\\\/www.laertes.es\\\/ca\\\/llibre\\\/els-somnis-a-la-casa-de-la-bruixa\\\/\",\"url\":\"https:\\\/\\\/www.laertes.es\\\/ca\\\/llibre\\\/els-somnis-a-la-casa-de-la-bruixa\\\/\",\"name\":\"Els somnis a la casa de la bruixa | Laertes ediciones\",\"isPartOf\":{\"@id\":\"https:\\\/\\\/www.laertes.es\\\/ca\\\/#website\"},\"primaryImageOfPage\":{\"@id\":\"https:\\\/\\\/www.laertes.es\\\/ca\\\/llibre\\\/els-somnis-a-la-casa-de-la-bruixa\\\/#primaryimage\"},\"image\":{\"@id\":\"https:\\\/\\\/www.laertes.es\\\/ca\\\/llibre\\\/els-somnis-a-la-casa-de-la-bruixa\\\/#primaryimage\"},\"thumbnailUrl\":\"https:\\\/\\\/www.laertes.es\\\/wp-content\\\/uploads\\\/2023\\\/01\\\/ARC089.webp\",\"datePublished\":\"2023-01-24T15:07:36+00:00\",\"dateModified\":\"2023-05-06T05:15:54+00:00\",\"description\":\"Els somnis a la casa de la bruixa | En una casa ru\u00efnosa minada per recintes secrets i d'una ciutat decr\u00e8pita que al cap de segles mant\u00e9 vius els espants.\",\"breadcrumb\":{\"@id\":\"https:\\\/\\\/www.laertes.es\\\/ca\\\/llibre\\\/els-somnis-a-la-casa-de-la-bruixa\\\/#breadcrumb\"},\"inLanguage\":\"ca\",\"potentialAction\":[{\"@type\":\"ReadAction\",\"target\":[\"https:\\\/\\\/www.laertes.es\\\/ca\\\/llibre\\\/els-somnis-a-la-casa-de-la-bruixa\\\/\"]}]},{\"@type\":\"ImageObject\",\"inLanguage\":\"ca\",\"@id\":\"https:\\\/\\\/www.laertes.es\\\/ca\\\/llibre\\\/els-somnis-a-la-casa-de-la-bruixa\\\/#primaryimage\",\"url\":\"https:\\\/\\\/www.laertes.es\\\/wp-content\\\/uploads\\\/2023\\\/01\\\/ARC089.webp\",\"contentUrl\":\"https:\\\/\\\/www.laertes.es\\\/wp-content\\\/uploads\\\/2023\\\/01\\\/ARC089.webp\",\"width\":802,\"height\":1200,\"caption\":\"Els somnis a la casa de la bruixa\"},{\"@type\":\"BreadcrumbList\",\"@id\":\"https:\\\/\\\/www.laertes.es\\\/ca\\\/llibre\\\/els-somnis-a-la-casa-de-la-bruixa\\\/#breadcrumb\",\"itemListElement\":[{\"@type\":\"ListItem\",\"position\":1,\"name\":\"Portada\",\"item\":\"https:\\\/\\\/www.laertes.es\\\/ca\\\/\"},{\"@type\":\"ListItem\",\"position\":2,\"name\":\"Tienda\",\"item\":\"https:\\\/\\\/www.laertes.es\\\/tienda\\\/\"},{\"@type\":\"ListItem\",\"position\":3,\"name\":\"Els somnis a la casa de la bruixa\"}]},{\"@type\":\"WebSite\",\"@id\":\"https:\\\/\\\/www.laertes.es\\\/ca\\\/#website\",\"url\":\"https:\\\/\\\/www.laertes.es\\\/ca\\\/\",\"name\":\"Laertes Ediciones\",\"description\":\"Editorial independiente desde 1975\",\"alternateName\":\"Laertes\",\"potentialAction\":[{\"@type\":\"SearchAction\",\"target\":{\"@type\":\"EntryPoint\",\"urlTemplate\":\"https:\\\/\\\/www.laertes.es\\\/ca\\\/?s={search_term_string}\"},\"query-input\":{\"@type\":\"PropertyValueSpecification\",\"valueRequired\":true,\"valueName\":\"search_term_string\"}}],\"inLanguage\":\"ca\"}]}<\/script>\n<!-- \/ Yoast SEO plugin. -->","yoast_head_json":{"title":"Els somnis a la casa de la bruixa | Laertes ediciones","description":"Els somnis a la casa de la bruixa | En una casa ru\u00efnosa minada per recintes secrets i d'una ciutat decr\u00e8pita que al cap de segles mant\u00e9 vius els espants.","robots":{"index":"index","follow":"follow","max-snippet":"max-snippet:-1","max-image-preview":"max-image-preview:large","max-video-preview":"max-video-preview:-1"},"canonical":"https:\/\/www.laertes.es\/ca\/llibre\/els-somnis-a-la-casa-de-la-bruixa\/","og_locale":"ca_ES","og_type":"article","og_title":"Els somnis a la casa de la bruixa | Laertes ediciones","og_description":"Els somnis a la casa de la bruixa | En una casa ru\u00efnosa minada per recintes secrets i d'una ciutat decr\u00e8pita que al cap de segles mant\u00e9 vius els espants.","og_url":"https:\/\/www.laertes.es\/ca\/llibre\/els-somnis-a-la-casa-de-la-bruixa\/","og_site_name":"Laertes ediciones","article_modified_time":"2023-05-06T05:15:54+00:00","og_image":[{"width":802,"height":1200,"url":"https:\/\/www.laertes.es\/wp-content\/uploads\/2023\/01\/ARC089.webp","type":"image\/webp"}],"twitter_misc":{"Temps estimat de lectura":"2 minuts"},"schema":{"@context":"https:\/\/schema.org","@graph":[{"@type":"WebPage","@id":"https:\/\/www.laertes.es\/ca\/llibre\/els-somnis-a-la-casa-de-la-bruixa\/","url":"https:\/\/www.laertes.es\/ca\/llibre\/els-somnis-a-la-casa-de-la-bruixa\/","name":"Els somnis a la casa de la bruixa | Laertes ediciones","isPartOf":{"@id":"https:\/\/www.laertes.es\/ca\/#website"},"primaryImageOfPage":{"@id":"https:\/\/www.laertes.es\/ca\/llibre\/els-somnis-a-la-casa-de-la-bruixa\/#primaryimage"},"image":{"@id":"https:\/\/www.laertes.es\/ca\/llibre\/els-somnis-a-la-casa-de-la-bruixa\/#primaryimage"},"thumbnailUrl":"https:\/\/www.laertes.es\/wp-content\/uploads\/2023\/01\/ARC089.webp","datePublished":"2023-01-24T15:07:36+00:00","dateModified":"2023-05-06T05:15:54+00:00","description":"Els somnis a la casa de la bruixa | En una casa ru\u00efnosa minada per recintes secrets i d'una ciutat decr\u00e8pita que al cap de segles mant\u00e9 vius els espants.","breadcrumb":{"@id":"https:\/\/www.laertes.es\/ca\/llibre\/els-somnis-a-la-casa-de-la-bruixa\/#breadcrumb"},"inLanguage":"ca","potentialAction":[{"@type":"ReadAction","target":["https:\/\/www.laertes.es\/ca\/llibre\/els-somnis-a-la-casa-de-la-bruixa\/"]}]},{"@type":"ImageObject","inLanguage":"ca","@id":"https:\/\/www.laertes.es\/ca\/llibre\/els-somnis-a-la-casa-de-la-bruixa\/#primaryimage","url":"https:\/\/www.laertes.es\/wp-content\/uploads\/2023\/01\/ARC089.webp","contentUrl":"https:\/\/www.laertes.es\/wp-content\/uploads\/2023\/01\/ARC089.webp","width":802,"height":1200,"caption":"Els somnis a la casa de la bruixa"},{"@type":"BreadcrumbList","@id":"https:\/\/www.laertes.es\/ca\/llibre\/els-somnis-a-la-casa-de-la-bruixa\/#breadcrumb","itemListElement":[{"@type":"ListItem","position":1,"name":"Portada","item":"https:\/\/www.laertes.es\/ca\/"},{"@type":"ListItem","position":2,"name":"Tienda","item":"https:\/\/www.laertes.es\/tienda\/"},{"@type":"ListItem","position":3,"name":"Els somnis a la casa de la bruixa"}]},{"@type":"WebSite","@id":"https:\/\/www.laertes.es\/ca\/#website","url":"https:\/\/www.laertes.es\/ca\/","name":"Laertes Ediciones","description":"Editorial independiente desde 1975","alternateName":"Laertes","potentialAction":[{"@type":"SearchAction","target":{"@type":"EntryPoint","urlTemplate":"https:\/\/www.laertes.es\/ca\/?s={search_term_string}"},"query-input":{"@type":"PropertyValueSpecification","valueRequired":true,"valueName":"search_term_string"}}],"inLanguage":"ca"}]}},"_links":{"self":[{"href":"https:\/\/www.laertes.es\/ca\/wp-json\/wp\/v2\/product\/11846","targetHints":{"allow":["GET"]}}],"collection":[{"href":"https:\/\/www.laertes.es\/ca\/wp-json\/wp\/v2\/product"}],"about":[{"href":"https:\/\/www.laertes.es\/ca\/wp-json\/wp\/v2\/types\/product"}],"version-history":[{"count":2,"href":"https:\/\/www.laertes.es\/ca\/wp-json\/wp\/v2\/product\/11846\/revisions"}],"predecessor-version":[{"id":13392,"href":"https:\/\/www.laertes.es\/ca\/wp-json\/wp\/v2\/product\/11846\/revisions\/13392"}],"wp:featuredmedia":[{"embeddable":true,"href":"https:\/\/www.laertes.es\/ca\/wp-json\/wp\/v2\/media\/13295"}],"wp:attachment":[{"href":"https:\/\/www.laertes.es\/ca\/wp-json\/wp\/v2\/media?parent=11846"}],"wp:term":[{"taxonomy":"product_brand","embeddable":true,"href":"https:\/\/www.laertes.es\/ca\/wp-json\/wp\/v2\/product_brand?post=11846"},{"taxonomy":"product_cat","embeddable":true,"href":"https:\/\/www.laertes.es\/ca\/wp-json\/wp\/v2\/product_cat?post=11846"},{"taxonomy":"product_tag","embeddable":true,"href":"https:\/\/www.laertes.es\/ca\/wp-json\/wp\/v2\/product_tag?post=11846"},{"taxonomy":"autores","embeddable":true,"href":"https:\/\/www.laertes.es\/ca\/wp-json\/wp\/v2\/autores?post=11846"},{"taxonomy":"formatos","embeddable":true,"href":"https:\/\/www.laertes.es\/ca\/wp-json\/wp\/v2\/formatos?post=11846"},{"taxonomy":"materias","embeddable":true,"href":"https:\/\/www.laertes.es\/ca\/wp-json\/wp\/v2\/materias?post=11846"}],"curies":[{"name":"wp","href":"https:\/\/api.w.org\/{rel}","templated":true}]}}