{"id":11845,"date":"2023-01-24T15:07:36","date_gmt":"2023-01-24T15:07:36","guid":{"rendered":"https:\/libro\/el-corb\/"},"modified":"2023-05-06T06:12:08","modified_gmt":"2023-05-06T06:12:08","slug":"el-corb","status":"publish","type":"product","link":"https:\/\/www.laertes.es\/ca\/llibre\/el-corb\/","title":{"rendered":"El corb"},"content":{"rendered":"<p>El corb i La caiguda de la casa Usher s\u00f3n possiblement les mostres m\u00e9s pures de l&#8217;estil \u00fanic d&#8217;Edgar Allan Poe. Totes dues combinen els ingredients caracter\u00edstics de les creacions de Poe: el clima t\u00e8tric, el culte er\u00f2tic de la mort, el trontoll de la ra\u00f3 davant d&#8217;horrors intensificats per pinzellades del grotesc. Totes dues arriben al cim m\u00e9s alt del vessant g\u00f2tic del romanticisme, i s\u00f3n fundacionals de la tradici\u00f3 liter\u00e0ria del &#8220;g\u00f2tic del Sud&#8221; en la qual se situen William Faulkner, Carson McCullers, Truman Capote o Flannery O&#8217;Connor.<\/p>\n<p>El corb i La caiguda de la casa Usher s\u00f3n possiblement les mostres m\u00e9s pures de l&#8217;estil \u00fanic d&#8217;Edgar Allan Poe. Totes dues combinen els ingredients caracter\u00edstics de les creacions de Poe: el clima t\u00e8tric, el culte er\u00f2tic de la mort, el trontoll de la ra\u00f3 davant d&#8217;horrors intensificats per pinzellades del grotesc. Totes dues arriben al cim m\u00e9s alt del vessant g\u00f2tic del romanticisme, i s\u00f3n fundacionals de la tradici\u00f3 liter\u00e0ria del &#8220;g\u00f2tic del Sud&#8221; en la qual se situen William Faulkner, Carson McCullers, Truman Capote o Flannery O&#8217;Connor.<\/p>\n<p>El corb i La caiguda de la casa Usher s\u00f3n possiblement les mostres m\u00e9s pures de l&#8217;estil \u00fanic d&#8217;Edgar Allan Poe. Totes dues combinen els ingredients caracter\u00edstics de les creacions de Poe: el clima t\u00e8tric, el culte er\u00f2tic de la mort, el trontoll de la ra\u00f3 davant d&#8217;horrors intensificats per pinzellades del grotesc. Totes dues arriben al cim m\u00e9s alt del vessant g\u00f2tic del romanticisme, i s\u00f3n fundacionals de la tradici\u00f3 liter\u00e0ria del &#8220;g\u00f2tic del Sud&#8221; en la qual se situen William Faulkner, Carson McCullers, Truman Capote o Flannery O&#8217;Connor.<\/p>\n<p>El corb i La caiguda de la casa Usher s\u00f3n possiblement les mostres m\u00e9s pures de l&#8217;estil \u00fanic d&#8217;Edgar Allan Poe. Totes dues combinen els ingredients caracter\u00edstics de les creacions de Poe: el clima t\u00e8tric, el culte er\u00f2tic de la mort, el trontoll de la ra\u00f3 davant d&#8217;horrors intensificats per pinzellades del grotesc. Totes dues arriben al cim m\u00e9s alt del vessant g\u00f2tic del romanticisme, i s\u00f3n fundacionals de la tradici\u00f3 liter\u00e0ria del &#8220;g\u00f2tic del Sud&#8221; en la qual se situen William Faulkner, Carson McCullers, Truman Capote o Flannery O&#8217;Connor.<\/p>\n<p>El corb i La caiguda de la casa Usher s\u00f3n possiblement les mostres m\u00e9s pures de l&#8217;estil \u00fanic d&#8217;Edgar Allan Poe. Totes dues combinen els ingredients caracter\u00edstics de les creacions de Poe: el clima t\u00e8tric, el culte er\u00f2tic de la mort, el trontoll de la ra\u00f3 davant d&#8217;horrors intensificats per pinzellades del grotesc. Totes dues arriben al cim m\u00e9s alt del vessant g\u00f2tic del romanticisme, i s\u00f3n fundacionals de la tradici\u00f3 liter\u00e0ria del &#8220;g\u00f2tic del Sud&#8221; en la qual se situen William Faulkner, Carson McCullers, Truman Capote o Flannery O&#8217;Connor.<\/p>\n","protected":false},"excerpt":{"rendered":"<p>El corb i La caiguda de la casa Usher s\u00f3n possiblement les mostres m\u00e9s pures de l&#8217;estil \u00fanic d&#8217;Edgar Allan Poe. Totes dues combinen els ingredients caracter\u00edstics de les creacions de Poe: el clima t\u00e8tric, el culte er\u00f2tic de la mort, el trontoll de la ra\u00f3 davant d&#8217;horrors intensificats per pinzellades del grotesc. Totes dues arriben al cim m\u00e9s alt del vessant g\u00f2tic del romanticisme, i s\u00f3n fundacionals de la tradici\u00f3 liter\u00e0ria del &#8220;g\u00f2tic del Sud&#8221; en la qual se situen William Faulkner, Carson McCullers, Truman Capote o Flannery O&#8217;Connor.<\/p>\n","protected":false},"featured_media":13299,"template":"","meta":[],"product_brand":[],"product_cat":[296],"product_tag":[672,985,673],"autores":[442],"formatos":[355],"materias":[356],"class_list":{"0":"post-11845","1":"product","2":"type-product","3":"status-publish","4":"has-post-thumbnail","6":"product_cat-larca-ca","7":"product_tag-literatura-fantastica-ca","8":"product_tag-literatura-sobrenatural-ca","9":"product_tag-terror-ca","10":"autores-poe-edgar-allan-ca","11":"formatos-llibre","12":"materias-cuentos-clasicos-de-generos-fantasticos-ca","14":"first","15":"instock","16":"purchasable","17":"product-type-simple"},"yoast_head":"<!-- This site is optimized with the Yoast SEO plugin v27.3 - https:\/\/yoast.com\/product\/yoast-seo-wordpress\/ -->\n<title>El corb | Laertes ediciones<\/title>\n<meta name=\"description\" content=\"El corb i La caiguda de la casa Usher s\u00f3n possiblement les mostres m\u00e9s pures de l&#039;estil \u00fanic d&#039;Edgar Allan Poe. | Laertes ediciones\" \/>\n<meta name=\"robots\" content=\"index, follow, max-snippet:-1, max-image-preview:large, max-video-preview:-1\" \/>\n<link rel=\"canonical\" href=\"https:\/\/www.laertes.es\/ca\/llibre\/el-corb\/\" \/>\n<meta property=\"og:locale\" content=\"ca_ES\" \/>\n<meta property=\"og:type\" content=\"article\" \/>\n<meta property=\"og:title\" content=\"El corb | Laertes ediciones\" \/>\n<meta property=\"og:description\" content=\"El corb i La caiguda de la casa Usher s\u00f3n possiblement les mostres m\u00e9s pures de l&#039;estil \u00fanic d&#039;Edgar Allan Poe. | Laertes ediciones\" \/>\n<meta property=\"og:url\" content=\"https:\/\/www.laertes.es\/ca\/llibre\/el-corb\/\" \/>\n<meta property=\"og:site_name\" content=\"Laertes ediciones\" \/>\n<meta property=\"article:modified_time\" content=\"2023-05-06T06:12:08+00:00\" \/>\n<meta property=\"og:image\" content=\"https:\/\/www.laertes.es\/wp-content\/uploads\/2023\/01\/ARC090.webp\" \/>\n\t<meta property=\"og:image:width\" content=\"802\" \/>\n\t<meta property=\"og:image:height\" content=\"1200\" \/>\n\t<meta property=\"og:image:type\" content=\"image\/webp\" \/>\n<meta name=\"twitter:label1\" content=\"Temps estimat de lectura\" \/>\n\t<meta name=\"twitter:data1\" content=\"3 minuts\" \/>\n<script type=\"application\/ld+json\" class=\"yoast-schema-graph\">{\"@context\":\"https:\\\/\\\/schema.org\",\"@graph\":[{\"@type\":\"WebPage\",\"@id\":\"https:\\\/\\\/www.laertes.es\\\/ca\\\/llibre\\\/el-corb\\\/\",\"url\":\"https:\\\/\\\/www.laertes.es\\\/ca\\\/llibre\\\/el-corb\\\/\",\"name\":\"El corb | Laertes ediciones\",\"isPartOf\":{\"@id\":\"https:\\\/\\\/www.laertes.es\\\/ca\\\/#website\"},\"primaryImageOfPage\":{\"@id\":\"https:\\\/\\\/www.laertes.es\\\/ca\\\/llibre\\\/el-corb\\\/#primaryimage\"},\"image\":{\"@id\":\"https:\\\/\\\/www.laertes.es\\\/ca\\\/llibre\\\/el-corb\\\/#primaryimage\"},\"thumbnailUrl\":\"https:\\\/\\\/www.laertes.es\\\/wp-content\\\/uploads\\\/2023\\\/01\\\/ARC090.webp\",\"datePublished\":\"2023-01-24T15:07:36+00:00\",\"dateModified\":\"2023-05-06T06:12:08+00:00\",\"description\":\"El corb i La caiguda de la casa Usher s\u00f3n possiblement les mostres m\u00e9s pures de l'estil \u00fanic d'Edgar Allan Poe. | Laertes ediciones\",\"breadcrumb\":{\"@id\":\"https:\\\/\\\/www.laertes.es\\\/ca\\\/llibre\\\/el-corb\\\/#breadcrumb\"},\"inLanguage\":\"ca\",\"potentialAction\":[{\"@type\":\"ReadAction\",\"target\":[\"https:\\\/\\\/www.laertes.es\\\/ca\\\/llibre\\\/el-corb\\\/\"]}]},{\"@type\":\"ImageObject\",\"inLanguage\":\"ca\",\"@id\":\"https:\\\/\\\/www.laertes.es\\\/ca\\\/llibre\\\/el-corb\\\/#primaryimage\",\"url\":\"https:\\\/\\\/www.laertes.es\\\/wp-content\\\/uploads\\\/2023\\\/01\\\/ARC090.webp\",\"contentUrl\":\"https:\\\/\\\/www.laertes.es\\\/wp-content\\\/uploads\\\/2023\\\/01\\\/ARC090.webp\",\"width\":802,\"height\":1200,\"caption\":\"El corb\"},{\"@type\":\"BreadcrumbList\",\"@id\":\"https:\\\/\\\/www.laertes.es\\\/ca\\\/llibre\\\/el-corb\\\/#breadcrumb\",\"itemListElement\":[{\"@type\":\"ListItem\",\"position\":1,\"name\":\"Portada\",\"item\":\"https:\\\/\\\/www.laertes.es\\\/ca\\\/\"},{\"@type\":\"ListItem\",\"position\":2,\"name\":\"Tienda\",\"item\":\"https:\\\/\\\/www.laertes.es\\\/tienda\\\/\"},{\"@type\":\"ListItem\",\"position\":3,\"name\":\"El corb\"}]},{\"@type\":\"WebSite\",\"@id\":\"https:\\\/\\\/www.laertes.es\\\/ca\\\/#website\",\"url\":\"https:\\\/\\\/www.laertes.es\\\/ca\\\/\",\"name\":\"Laertes Ediciones\",\"description\":\"Editorial independiente desde 1975\",\"alternateName\":\"Laertes\",\"potentialAction\":[{\"@type\":\"SearchAction\",\"target\":{\"@type\":\"EntryPoint\",\"urlTemplate\":\"https:\\\/\\\/www.laertes.es\\\/ca\\\/?s={search_term_string}\"},\"query-input\":{\"@type\":\"PropertyValueSpecification\",\"valueRequired\":true,\"valueName\":\"search_term_string\"}}],\"inLanguage\":\"ca\"}]}<\/script>\n<!-- \/ Yoast SEO plugin. -->","yoast_head_json":{"title":"El corb | Laertes ediciones","description":"El corb i La caiguda de la casa Usher s\u00f3n possiblement les mostres m\u00e9s pures de l'estil \u00fanic d'Edgar Allan Poe. | Laertes ediciones","robots":{"index":"index","follow":"follow","max-snippet":"max-snippet:-1","max-image-preview":"max-image-preview:large","max-video-preview":"max-video-preview:-1"},"canonical":"https:\/\/www.laertes.es\/ca\/llibre\/el-corb\/","og_locale":"ca_ES","og_type":"article","og_title":"El corb | Laertes ediciones","og_description":"El corb i La caiguda de la casa Usher s\u00f3n possiblement les mostres m\u00e9s pures de l'estil \u00fanic d'Edgar Allan Poe. | Laertes ediciones","og_url":"https:\/\/www.laertes.es\/ca\/llibre\/el-corb\/","og_site_name":"Laertes ediciones","article_modified_time":"2023-05-06T06:12:08+00:00","og_image":[{"width":802,"height":1200,"url":"https:\/\/www.laertes.es\/wp-content\/uploads\/2023\/01\/ARC090.webp","type":"image\/webp"}],"twitter_misc":{"Temps estimat de lectura":"3 minuts"},"schema":{"@context":"https:\/\/schema.org","@graph":[{"@type":"WebPage","@id":"https:\/\/www.laertes.es\/ca\/llibre\/el-corb\/","url":"https:\/\/www.laertes.es\/ca\/llibre\/el-corb\/","name":"El corb | Laertes ediciones","isPartOf":{"@id":"https:\/\/www.laertes.es\/ca\/#website"},"primaryImageOfPage":{"@id":"https:\/\/www.laertes.es\/ca\/llibre\/el-corb\/#primaryimage"},"image":{"@id":"https:\/\/www.laertes.es\/ca\/llibre\/el-corb\/#primaryimage"},"thumbnailUrl":"https:\/\/www.laertes.es\/wp-content\/uploads\/2023\/01\/ARC090.webp","datePublished":"2023-01-24T15:07:36+00:00","dateModified":"2023-05-06T06:12:08+00:00","description":"El corb i La caiguda de la casa Usher s\u00f3n possiblement les mostres m\u00e9s pures de l'estil \u00fanic d'Edgar Allan Poe. | Laertes ediciones","breadcrumb":{"@id":"https:\/\/www.laertes.es\/ca\/llibre\/el-corb\/#breadcrumb"},"inLanguage":"ca","potentialAction":[{"@type":"ReadAction","target":["https:\/\/www.laertes.es\/ca\/llibre\/el-corb\/"]}]},{"@type":"ImageObject","inLanguage":"ca","@id":"https:\/\/www.laertes.es\/ca\/llibre\/el-corb\/#primaryimage","url":"https:\/\/www.laertes.es\/wp-content\/uploads\/2023\/01\/ARC090.webp","contentUrl":"https:\/\/www.laertes.es\/wp-content\/uploads\/2023\/01\/ARC090.webp","width":802,"height":1200,"caption":"El corb"},{"@type":"BreadcrumbList","@id":"https:\/\/www.laertes.es\/ca\/llibre\/el-corb\/#breadcrumb","itemListElement":[{"@type":"ListItem","position":1,"name":"Portada","item":"https:\/\/www.laertes.es\/ca\/"},{"@type":"ListItem","position":2,"name":"Tienda","item":"https:\/\/www.laertes.es\/tienda\/"},{"@type":"ListItem","position":3,"name":"El corb"}]},{"@type":"WebSite","@id":"https:\/\/www.laertes.es\/ca\/#website","url":"https:\/\/www.laertes.es\/ca\/","name":"Laertes Ediciones","description":"Editorial independiente desde 1975","alternateName":"Laertes","potentialAction":[{"@type":"SearchAction","target":{"@type":"EntryPoint","urlTemplate":"https:\/\/www.laertes.es\/ca\/?s={search_term_string}"},"query-input":{"@type":"PropertyValueSpecification","valueRequired":true,"valueName":"search_term_string"}}],"inLanguage":"ca"}]}},"_links":{"self":[{"href":"https:\/\/www.laertes.es\/ca\/wp-json\/wp\/v2\/product\/11845","targetHints":{"allow":["GET"]}}],"collection":[{"href":"https:\/\/www.laertes.es\/ca\/wp-json\/wp\/v2\/product"}],"about":[{"href":"https:\/\/www.laertes.es\/ca\/wp-json\/wp\/v2\/types\/product"}],"version-history":[{"count":2,"href":"https:\/\/www.laertes.es\/ca\/wp-json\/wp\/v2\/product\/11845\/revisions"}],"predecessor-version":[{"id":13429,"href":"https:\/\/www.laertes.es\/ca\/wp-json\/wp\/v2\/product\/11845\/revisions\/13429"}],"wp:featuredmedia":[{"embeddable":true,"href":"https:\/\/www.laertes.es\/ca\/wp-json\/wp\/v2\/media\/13299"}],"wp:attachment":[{"href":"https:\/\/www.laertes.es\/ca\/wp-json\/wp\/v2\/media?parent=11845"}],"wp:term":[{"taxonomy":"product_brand","embeddable":true,"href":"https:\/\/www.laertes.es\/ca\/wp-json\/wp\/v2\/product_brand?post=11845"},{"taxonomy":"product_cat","embeddable":true,"href":"https:\/\/www.laertes.es\/ca\/wp-json\/wp\/v2\/product_cat?post=11845"},{"taxonomy":"product_tag","embeddable":true,"href":"https:\/\/www.laertes.es\/ca\/wp-json\/wp\/v2\/product_tag?post=11845"},{"taxonomy":"autores","embeddable":true,"href":"https:\/\/www.laertes.es\/ca\/wp-json\/wp\/v2\/autores?post=11845"},{"taxonomy":"formatos","embeddable":true,"href":"https:\/\/www.laertes.es\/ca\/wp-json\/wp\/v2\/formatos?post=11845"},{"taxonomy":"materias","embeddable":true,"href":"https:\/\/www.laertes.es\/ca\/wp-json\/wp\/v2\/materias?post=11845"}],"curies":[{"name":"wp","href":"https:\/\/api.w.org\/{rel}","templated":true}]}}