{"id":11843,"date":"2023-01-24T15:07:36","date_gmt":"2023-01-24T15:07:36","guid":{"rendered":"https:\/libro\/el-paper-de-paret-groc\/"},"modified":"2023-05-17T07:39:35","modified_gmt":"2023-05-17T07:39:35","slug":"el-paper-de-paret-groc","status":"publish","type":"product","link":"https:\/\/www.laertes.es\/ca\/llibre\/el-paper-de-paret-groc\/","title":{"rendered":"El paper de paret groc"},"content":{"rendered":"<h1>El paper de paret groc<\/h1>\n<p>El paper de paret groc El 1884 Charlotte Gilman, empesa en part pel sentit del deure, va decidir casar-se. Incapa\u00e7 d&#8217;emmotllar-se al model prescrit per a les dones d&#8217;aquell temps i esdevenir un \u00ab\u00e0ngel de la llar\u00bb, el seu estat mental va comen\u00e7ar a anar de mal borr\u00e0s. Al mar\u00e7 del 1885 va n\u00e9ixer la seva filla Katharine i la depressi\u00f3 no va fer m\u00e9s que agreujar-se. En aquella \u00e8poca la recepta per a les dones en aquesta situaci\u00f3 era: res d&#8217;escriure, res de llegir, res de pensar. Tractament que la va fer passar d&#8217;estar malament a literalment arrossegar-se. El paper de paret groc il\u00b7lustra una desfeta mental i la narra amb extraordinari i sostingut tremp, ull cl\u00ednic i agudesa psicol\u00f2gica. Inserit en el marc d&#8217;un conte g\u00f2tic, \u00e9s un esborronador al\u00b7legat a favor de la insubmissi\u00f3 de les dones respecte a la f\u00e8rula marital i al poder patriarcal. Tan bon punt es va publicar va causar una tremenda impressi\u00f3 i va ser considerat una obra cl\u00e0ssica de la literatura de terror. \u00c9s una pe\u00e7a indiscutible del c\u00e0non literari estatunidenc, aix\u00ed com una baula del de la literatura escrita per dones. Una obra mestra.<\/p>\n<p>El paper de paret groc El 1884 Charlotte Gilman, empesa en part pel sentit del deure, va decidir casar-se. Incapa\u00e7 d&#8217;emmotllar-se al model prescrit per a les dones d&#8217;aquell temps i esdevenir un \u00ab\u00e0ngel de la llar\u00bb, el seu estat mental va comen\u00e7ar a anar de mal borr\u00e0s. Al mar\u00e7 del 1885 va n\u00e9ixer la seva filla Katharine i la depressi\u00f3 no va fer m\u00e9s que agreujar-se. En aquella \u00e8poca la recepta per a les dones en aquesta situaci\u00f3 era: res d&#8217;escriure, res de llegir, res de pensar. Tractament que la va fer passar d&#8217;estar malament a literalment arrossegar-se. El paper de paret groc il\u00b7lustra una desfeta mental i la narra amb extraordinari i sostingut tremp, ull cl\u00ednic i agudesa psicol\u00f2gica. Inserit en el marc d&#8217;un conte g\u00f2tic, \u00e9s un esborronador al\u00b7legat a favor de la insubmissi\u00f3 de les dones respecte a la f\u00e8rula marital i al poder patriarcal. Tan bon punt es va publicar va causar una tremenda impressi\u00f3 i va ser considerat una obra cl\u00e0ssica de la literatura de terror. \u00c9s una pe\u00e7a indiscutible del c\u00e0non literari estatunidenc, aix\u00ed com una baula del de la literatura escrita per dones. Una obra mestra.<\/p>\n","protected":false},"excerpt":{"rendered":"<p>El 1884 Charlotte Gilman, empesa en part pel sentit del deure, va decidir casar-se. Incapa\u00e7 d&#8217;emmotllar-se al model prescrit per a les dones d&#8217;aquell temps i esdevenir un \u00ab\u00e0ngel de la llar\u00bb, el seu estat mental va comen\u00e7ar a anar de mal borr\u00e0s. Al mar\u00e7 del 1885 va n\u00e9ixer la seva filla Katharine i la depressi\u00f3 no va fer m\u00e9s que agreujar-se. En aquella \u00e8poca la recepta per a les dones en aquesta situaci\u00f3 era: res d&#8217;escriure, res de llegir, res de pensar. Tractament que la va fer passar d&#8217;estar malament a literalment arrossegar-se. El paper de paret groc il\u00b7lustra una desfeta mental i la narra amb extraordinari i sostingut tremp, ull cl\u00ednic i agudesa psicol\u00f2gica. Inserit en el marc d&#8217;un conte g\u00f2tic, \u00e9s un esborronador al\u00b7legat a favor de la insubmissi\u00f3 de les dones respecte a la f\u00e8rula marital i al poder patriarcal. Tan bon punt es va publicar va causar una tremenda impressi\u00f3 i va ser considerat una obra cl\u00e0ssica de la literatura de terror. \u00c9s una pe\u00e7a indiscutible del c\u00e0non literari estatunidenc, aix\u00ed com una baula del de la literatura escrita per dones. Una obra mestra.<\/p>\n","protected":false},"featured_media":13431,"template":"","meta":[],"product_brand":[],"product_cat":[296],"product_tag":[1043,993,1044,672,673],"autores":[443],"formatos":[355],"materias":[356],"class_list":{"0":"post-11843","1":"product","2":"type-product","3":"status-publish","4":"has-post-thumbnail","6":"product_cat-larca-ca","7":"product_tag-angoixa-ca","8":"product_tag-feminisme-ca","9":"product_tag-habitacio-ca","10":"product_tag-literatura-fantastica-ca","11":"product_tag-terror-ca","12":"autores-gilman-charlotte-perkins-ca","13":"formatos-llibre","14":"materias-cuentos-clasicos-de-generos-fantasticos-ca","16":"first","17":"instock","18":"purchasable","19":"product-type-simple"},"yoast_head":"<!-- This site is optimized with the Yoast SEO plugin v27.3 - https:\/\/yoast.com\/product\/yoast-seo-wordpress\/ -->\n<title>El paper de paret groc | Laertes ediciones<\/title>\n<meta name=\"description\" content=\"El paper de paret groc | Tan bon punt es va publicar va causar una tremenda impressi\u00f3 i va ser considerat una obra cl\u00e0ssica de la literatura de terror.\" \/>\n<meta name=\"robots\" content=\"index, follow, max-snippet:-1, max-image-preview:large, max-video-preview:-1\" \/>\n<link rel=\"canonical\" href=\"https:\/\/www.laertes.es\/ca\/llibre\/el-paper-de-paret-groc\/\" \/>\n<meta property=\"og:locale\" content=\"ca_ES\" \/>\n<meta property=\"og:type\" content=\"article\" \/>\n<meta property=\"og:title\" content=\"El paper de paret groc | Laertes ediciones\" \/>\n<meta property=\"og:description\" content=\"El paper de paret groc | Tan bon punt es va publicar va causar una tremenda impressi\u00f3 i va ser considerat una obra cl\u00e0ssica de la literatura de terror.\" \/>\n<meta property=\"og:url\" content=\"https:\/\/www.laertes.es\/ca\/llibre\/el-paper-de-paret-groc\/\" \/>\n<meta property=\"og:site_name\" content=\"Laertes ediciones\" \/>\n<meta property=\"article:modified_time\" content=\"2023-05-17T07:39:35+00:00\" \/>\n<meta property=\"og:image\" content=\"https:\/\/www.laertes.es\/wp-content\/uploads\/2023\/01\/ARC091.webp\" \/>\n\t<meta property=\"og:image:width\" content=\"802\" \/>\n\t<meta property=\"og:image:height\" content=\"1200\" \/>\n\t<meta property=\"og:image:type\" content=\"image\/webp\" \/>\n<meta name=\"twitter:label1\" content=\"Temps estimat de lectura\" \/>\n\t<meta name=\"twitter:data1\" content=\"2 minuts\" \/>\n<script type=\"application\/ld+json\" class=\"yoast-schema-graph\">{\"@context\":\"https:\\\/\\\/schema.org\",\"@graph\":[{\"@type\":\"WebPage\",\"@id\":\"https:\\\/\\\/www.laertes.es\\\/ca\\\/llibre\\\/el-paper-de-paret-groc\\\/\",\"url\":\"https:\\\/\\\/www.laertes.es\\\/ca\\\/llibre\\\/el-paper-de-paret-groc\\\/\",\"name\":\"El paper de paret groc | Laertes ediciones\",\"isPartOf\":{\"@id\":\"https:\\\/\\\/www.laertes.es\\\/ca\\\/#website\"},\"primaryImageOfPage\":{\"@id\":\"https:\\\/\\\/www.laertes.es\\\/ca\\\/llibre\\\/el-paper-de-paret-groc\\\/#primaryimage\"},\"image\":{\"@id\":\"https:\\\/\\\/www.laertes.es\\\/ca\\\/llibre\\\/el-paper-de-paret-groc\\\/#primaryimage\"},\"thumbnailUrl\":\"https:\\\/\\\/www.laertes.es\\\/wp-content\\\/uploads\\\/2023\\\/01\\\/ARC091.webp\",\"datePublished\":\"2023-01-24T15:07:36+00:00\",\"dateModified\":\"2023-05-17T07:39:35+00:00\",\"description\":\"El paper de paret groc | Tan bon punt es va publicar va causar una tremenda impressi\u00f3 i va ser considerat una obra cl\u00e0ssica de la literatura de terror.\",\"breadcrumb\":{\"@id\":\"https:\\\/\\\/www.laertes.es\\\/ca\\\/llibre\\\/el-paper-de-paret-groc\\\/#breadcrumb\"},\"inLanguage\":\"ca\",\"potentialAction\":[{\"@type\":\"ReadAction\",\"target\":[\"https:\\\/\\\/www.laertes.es\\\/ca\\\/llibre\\\/el-paper-de-paret-groc\\\/\"]}]},{\"@type\":\"ImageObject\",\"inLanguage\":\"ca\",\"@id\":\"https:\\\/\\\/www.laertes.es\\\/ca\\\/llibre\\\/el-paper-de-paret-groc\\\/#primaryimage\",\"url\":\"https:\\\/\\\/www.laertes.es\\\/wp-content\\\/uploads\\\/2023\\\/01\\\/ARC091.webp\",\"contentUrl\":\"https:\\\/\\\/www.laertes.es\\\/wp-content\\\/uploads\\\/2023\\\/01\\\/ARC091.webp\",\"width\":802,\"height\":1200,\"caption\":\"El paper de paret groc\"},{\"@type\":\"BreadcrumbList\",\"@id\":\"https:\\\/\\\/www.laertes.es\\\/ca\\\/llibre\\\/el-paper-de-paret-groc\\\/#breadcrumb\",\"itemListElement\":[{\"@type\":\"ListItem\",\"position\":1,\"name\":\"Portada\",\"item\":\"https:\\\/\\\/www.laertes.es\\\/ca\\\/\"},{\"@type\":\"ListItem\",\"position\":2,\"name\":\"Tienda\",\"item\":\"https:\\\/\\\/www.laertes.es\\\/tienda\\\/\"},{\"@type\":\"ListItem\",\"position\":3,\"name\":\"El paper de paret groc\"}]},{\"@type\":\"WebSite\",\"@id\":\"https:\\\/\\\/www.laertes.es\\\/ca\\\/#website\",\"url\":\"https:\\\/\\\/www.laertes.es\\\/ca\\\/\",\"name\":\"Laertes Ediciones\",\"description\":\"Editorial independiente desde 1975\",\"alternateName\":\"Laertes\",\"potentialAction\":[{\"@type\":\"SearchAction\",\"target\":{\"@type\":\"EntryPoint\",\"urlTemplate\":\"https:\\\/\\\/www.laertes.es\\\/ca\\\/?s={search_term_string}\"},\"query-input\":{\"@type\":\"PropertyValueSpecification\",\"valueRequired\":true,\"valueName\":\"search_term_string\"}}],\"inLanguage\":\"ca\"}]}<\/script>\n<!-- \/ Yoast SEO plugin. -->","yoast_head_json":{"title":"El paper de paret groc | Laertes ediciones","description":"El paper de paret groc | Tan bon punt es va publicar va causar una tremenda impressi\u00f3 i va ser considerat una obra cl\u00e0ssica de la literatura de terror.","robots":{"index":"index","follow":"follow","max-snippet":"max-snippet:-1","max-image-preview":"max-image-preview:large","max-video-preview":"max-video-preview:-1"},"canonical":"https:\/\/www.laertes.es\/ca\/llibre\/el-paper-de-paret-groc\/","og_locale":"ca_ES","og_type":"article","og_title":"El paper de paret groc | Laertes ediciones","og_description":"El paper de paret groc | Tan bon punt es va publicar va causar una tremenda impressi\u00f3 i va ser considerat una obra cl\u00e0ssica de la literatura de terror.","og_url":"https:\/\/www.laertes.es\/ca\/llibre\/el-paper-de-paret-groc\/","og_site_name":"Laertes ediciones","article_modified_time":"2023-05-17T07:39:35+00:00","og_image":[{"width":802,"height":1200,"url":"https:\/\/www.laertes.es\/wp-content\/uploads\/2023\/01\/ARC091.webp","type":"image\/webp"}],"twitter_misc":{"Temps estimat de lectura":"2 minuts"},"schema":{"@context":"https:\/\/schema.org","@graph":[{"@type":"WebPage","@id":"https:\/\/www.laertes.es\/ca\/llibre\/el-paper-de-paret-groc\/","url":"https:\/\/www.laertes.es\/ca\/llibre\/el-paper-de-paret-groc\/","name":"El paper de paret groc | Laertes ediciones","isPartOf":{"@id":"https:\/\/www.laertes.es\/ca\/#website"},"primaryImageOfPage":{"@id":"https:\/\/www.laertes.es\/ca\/llibre\/el-paper-de-paret-groc\/#primaryimage"},"image":{"@id":"https:\/\/www.laertes.es\/ca\/llibre\/el-paper-de-paret-groc\/#primaryimage"},"thumbnailUrl":"https:\/\/www.laertes.es\/wp-content\/uploads\/2023\/01\/ARC091.webp","datePublished":"2023-01-24T15:07:36+00:00","dateModified":"2023-05-17T07:39:35+00:00","description":"El paper de paret groc | Tan bon punt es va publicar va causar una tremenda impressi\u00f3 i va ser considerat una obra cl\u00e0ssica de la literatura de terror.","breadcrumb":{"@id":"https:\/\/www.laertes.es\/ca\/llibre\/el-paper-de-paret-groc\/#breadcrumb"},"inLanguage":"ca","potentialAction":[{"@type":"ReadAction","target":["https:\/\/www.laertes.es\/ca\/llibre\/el-paper-de-paret-groc\/"]}]},{"@type":"ImageObject","inLanguage":"ca","@id":"https:\/\/www.laertes.es\/ca\/llibre\/el-paper-de-paret-groc\/#primaryimage","url":"https:\/\/www.laertes.es\/wp-content\/uploads\/2023\/01\/ARC091.webp","contentUrl":"https:\/\/www.laertes.es\/wp-content\/uploads\/2023\/01\/ARC091.webp","width":802,"height":1200,"caption":"El paper de paret groc"},{"@type":"BreadcrumbList","@id":"https:\/\/www.laertes.es\/ca\/llibre\/el-paper-de-paret-groc\/#breadcrumb","itemListElement":[{"@type":"ListItem","position":1,"name":"Portada","item":"https:\/\/www.laertes.es\/ca\/"},{"@type":"ListItem","position":2,"name":"Tienda","item":"https:\/\/www.laertes.es\/tienda\/"},{"@type":"ListItem","position":3,"name":"El paper de paret groc"}]},{"@type":"WebSite","@id":"https:\/\/www.laertes.es\/ca\/#website","url":"https:\/\/www.laertes.es\/ca\/","name":"Laertes Ediciones","description":"Editorial independiente desde 1975","alternateName":"Laertes","potentialAction":[{"@type":"SearchAction","target":{"@type":"EntryPoint","urlTemplate":"https:\/\/www.laertes.es\/ca\/?s={search_term_string}"},"query-input":{"@type":"PropertyValueSpecification","valueRequired":true,"valueName":"search_term_string"}}],"inLanguage":"ca"}]}},"_links":{"self":[{"href":"https:\/\/www.laertes.es\/ca\/wp-json\/wp\/v2\/product\/11843","targetHints":{"allow":["GET"]}}],"collection":[{"href":"https:\/\/www.laertes.es\/ca\/wp-json\/wp\/v2\/product"}],"about":[{"href":"https:\/\/www.laertes.es\/ca\/wp-json\/wp\/v2\/types\/product"}],"version-history":[{"count":1,"href":"https:\/\/www.laertes.es\/ca\/wp-json\/wp\/v2\/product\/11843\/revisions"}],"predecessor-version":[{"id":13434,"href":"https:\/\/www.laertes.es\/ca\/wp-json\/wp\/v2\/product\/11843\/revisions\/13434"}],"wp:featuredmedia":[{"embeddable":true,"href":"https:\/\/www.laertes.es\/ca\/wp-json\/wp\/v2\/media\/13431"}],"wp:attachment":[{"href":"https:\/\/www.laertes.es\/ca\/wp-json\/wp\/v2\/media?parent=11843"}],"wp:term":[{"taxonomy":"product_brand","embeddable":true,"href":"https:\/\/www.laertes.es\/ca\/wp-json\/wp\/v2\/product_brand?post=11843"},{"taxonomy":"product_cat","embeddable":true,"href":"https:\/\/www.laertes.es\/ca\/wp-json\/wp\/v2\/product_cat?post=11843"},{"taxonomy":"product_tag","embeddable":true,"href":"https:\/\/www.laertes.es\/ca\/wp-json\/wp\/v2\/product_tag?post=11843"},{"taxonomy":"autores","embeddable":true,"href":"https:\/\/www.laertes.es\/ca\/wp-json\/wp\/v2\/autores?post=11843"},{"taxonomy":"formatos","embeddable":true,"href":"https:\/\/www.laertes.es\/ca\/wp-json\/wp\/v2\/formatos?post=11843"},{"taxonomy":"materias","embeddable":true,"href":"https:\/\/www.laertes.es\/ca\/wp-json\/wp\/v2\/materias?post=11843"}],"curies":[{"name":"wp","href":"https:\/\/api.w.org\/{rel}","templated":true}]}}