{"id":11842,"date":"2023-01-24T15:07:36","date_gmt":"2023-01-24T15:07:36","guid":{"rendered":"https:\/libro\/la-pota-de-mico\/"},"modified":"2023-05-06T05:43:57","modified_gmt":"2023-05-06T05:43:57","slug":"la-pota-de-mico","status":"publish","type":"product","link":"https:\/\/www.laertes.es\/ca\/llibre\/la-pota-de-mico\/","title":{"rendered":"La pota de mico"},"content":{"rendered":"<p>W. W. Jacobs \u00e9s fam\u00f3s com l&#8217;autor de <em>La pota de mico<\/em>, un dels relats de terror fantasmag\u00f2ric m\u00e9s esgarrifosos que s&#8217;han escrit, un dels pocs relats que amb una sola lectura es graven per sempre a la mem\u00f2ria. \u00c9s, per\u00f2, molt m\u00e9s que aix\u00f2. Admirat, entre molts altres, per G. K. Chesterton o per Evelyn Waugh (que el va qualificar d&#8217;\u00abartista pur\u00bb), va ser i \u00e9s un dels grans humoristes anglesos i un autor eminent en el camp del terror i el misteri. Les seves narracions continuen editant-se i, de vegades, adaptant-se en versions cinematogr\u00e0fiques. Amb aquest recull d&#8217;alguns dels seus relats m\u00e9s famosos pretenem, doncs, rescatar per al lector un autor, la millor porci\u00f3 de l&#8217;obra del qual continua plenament vigent. Per a un contemporani de Proust, Kafka, Woolf o Joyce, sobreviure liter\u00e0riament no \u00e9s un \u00e8xit negligible. W. W. Jacobs ho aconsegueix sobretot amb La pota de mico, per\u00f2 una bona part de la seva obra continua sent editada i admirada.<\/p>\n<p>W. W. Jacobs \u00e9s fam\u00f3s com l&#8217;autor de <em>La pota de mico<\/em>, un dels relats de terror fantasmag\u00f2ric m\u00e9s esgarrifosos que s&#8217;han escrit, un dels pocs relats que amb una sola lectura es graven per sempre a la mem\u00f2ria. \u00c9s, per\u00f2, molt m\u00e9s que aix\u00f2. Admirat, entre molts altres, per G. K. Chesterton o per Evelyn Waugh (que el va qualificar d&#8217;\u00abartista pur\u00bb), va ser i \u00e9s un dels grans humoristes anglesos i un autor eminent en el camp del terror i el misteri. Les seves narracions continuen editant-se i, de vegades, adaptant-se en versions cinematogr\u00e0fiques. Amb aquest recull d&#8217;alguns dels seus relats m\u00e9s famosos pretenem, doncs, rescatar per al lector un autor, la millor porci\u00f3 de l&#8217;obra del qual continua plenament vigent. Per a un contemporani de Proust, Kafka, Woolf o Joyce, sobreviure liter\u00e0riament no \u00e9s un \u00e8xit negligible. W. W. Jacobs ho aconsegueix sobretot amb La pota de mico, per\u00f2 una bona part de la seva obra continua sent editada i admirada.<\/p>\n<p>W. W. Jacobs \u00e9s fam\u00f3s com l&#8217;autor de <em>La pota de mico<\/em>, un dels relats de terror fantasmag\u00f2ric m\u00e9s esgarrifosos que s&#8217;han escrit, un dels pocs relats que amb una sola lectura es graven per sempre a la mem\u00f2ria. \u00c9s, per\u00f2, molt m\u00e9s que aix\u00f2. Admirat, entre molts altres, per G. K. Chesterton o per Evelyn Waugh (que el va qualificar d&#8217;\u00abartista pur\u00bb), va ser i \u00e9s un dels grans humoristes anglesos i un autor eminent en el camp del terror i el misteri. Les seves narracions continuen editant-se i, de vegades, adaptant-se en versions cinematogr\u00e0fiques. Amb aquest recull d&#8217;alguns dels seus relats m\u00e9s famosos pretenem, doncs, rescatar per al lector un autor, la millor porci\u00f3 de l&#8217;obra del qual continua plenament vigent. Per a un contemporani de Proust, Kafka, Woolf o Joyce, sobreviure liter\u00e0riament no \u00e9s un \u00e8xit negligible. W. W. Jacobs ho aconsegueix sobretot amb La pota de mico, per\u00f2 una bona part de la seva obra continua sent editada i admirada.<\/p>\n","protected":false},"excerpt":{"rendered":"<p>W. W. Jacobs \u00e9s fam\u00f3s com l&#8217;autor de La pota de mico, un dels relats de terror fantasmag\u00f2ric m\u00e9s esgarrifosos que s&#8217;han escrit, un dels pocs relats que amb una sola lectura es graven per sempre a la mem\u00f2ria. \u00c9s, per\u00f2, molt m\u00e9s que aix\u00f2. Admirat, entre molts altres, per G. K. Chesterton o per Evelyn Waugh (que el va qualificar d&#8217;\u00abartista pur\u00bb), va ser i \u00e9s un dels grans humoristes anglesos i un autor eminent en el camp del terror i el misteri. Les seves narracions continuen editant-se i, de vegades, adaptant-se en versions cinematogr\u00e0fiques. Amb aquest recull d&#8217;alguns dels seus relats m\u00e9s famosos pretenem, doncs, rescatar per al lector un autor, la millor porci\u00f3 de l&#8217;obra del qual continua plenament vigent. Per a un contemporani de Proust, Kafka, Woolf o Joyce, sobreviure liter\u00e0riament no \u00e9s un \u00e8xit negligible. W. W. Jacobs ho aconsegueix sobretot amb La pota de mico, per\u00f2 una bona part de la seva obra continua sent editada i admirada.<\/p>\n","protected":false},"featured_media":13404,"template":"","meta":[],"product_brand":[],"product_cat":[296],"product_tag":[672,677,673],"autores":[444],"formatos":[355],"materias":[356],"class_list":{"0":"post-11842","1":"product","2":"type-product","3":"status-publish","4":"has-post-thumbnail","6":"product_cat-larca-ca","7":"product_tag-literatura-fantastica-ca","8":"product_tag-misteri-ca","9":"product_tag-terror-ca","10":"autores-jacobs-william-wymark-ca","11":"formatos-llibre","12":"materias-cuentos-clasicos-de-generos-fantasticos-ca","14":"first","15":"instock","16":"purchasable","17":"product-type-simple"},"yoast_head":"<!-- This site is optimized with the Yoast SEO plugin v27.3 - https:\/\/yoast.com\/product\/yoast-seo-wordpress\/ -->\n<title>La pota de mico | Laertes ediciones<\/title>\n<meta name=\"description\" content=\"W. W. Jacobs \u00e9s fam\u00f3s com l&#039;autor de La pota de mico, un dels relats de terror fantasmag\u00f2ric m\u00e9s esgarrifosos que s&#039;han escrit.\" \/>\n<meta name=\"robots\" content=\"index, follow, max-snippet:-1, max-image-preview:large, max-video-preview:-1\" \/>\n<link rel=\"canonical\" href=\"https:\/\/www.laertes.es\/ca\/llibre\/la-pota-de-mico\/\" \/>\n<meta property=\"og:locale\" content=\"ca_ES\" \/>\n<meta property=\"og:type\" content=\"article\" \/>\n<meta property=\"og:title\" content=\"La pota de mico | Laertes ediciones\" \/>\n<meta property=\"og:description\" content=\"W. W. Jacobs \u00e9s fam\u00f3s com l&#039;autor de La pota de mico, un dels relats de terror fantasmag\u00f2ric m\u00e9s esgarrifosos que s&#039;han escrit.\" \/>\n<meta property=\"og:url\" content=\"https:\/\/www.laertes.es\/ca\/llibre\/la-pota-de-mico\/\" \/>\n<meta property=\"og:site_name\" content=\"Laertes ediciones\" \/>\n<meta property=\"article:modified_time\" content=\"2023-05-06T05:43:57+00:00\" \/>\n<meta property=\"og:image\" content=\"https:\/\/www.laertes.es\/wp-content\/uploads\/2023\/01\/ARC093.webp\" \/>\n\t<meta property=\"og:image:width\" content=\"802\" \/>\n\t<meta property=\"og:image:height\" content=\"1200\" \/>\n\t<meta property=\"og:image:type\" content=\"image\/webp\" \/>\n<meta name=\"twitter:label1\" content=\"Temps estimat de lectura\" \/>\n\t<meta name=\"twitter:data1\" content=\"3 minuts\" \/>\n<script type=\"application\/ld+json\" class=\"yoast-schema-graph\">{\"@context\":\"https:\\\/\\\/schema.org\",\"@graph\":[{\"@type\":\"WebPage\",\"@id\":\"https:\\\/\\\/www.laertes.es\\\/ca\\\/llibre\\\/la-pota-de-mico\\\/\",\"url\":\"https:\\\/\\\/www.laertes.es\\\/ca\\\/llibre\\\/la-pota-de-mico\\\/\",\"name\":\"La pota de mico | Laertes ediciones\",\"isPartOf\":{\"@id\":\"https:\\\/\\\/www.laertes.es\\\/ca\\\/#website\"},\"primaryImageOfPage\":{\"@id\":\"https:\\\/\\\/www.laertes.es\\\/ca\\\/llibre\\\/la-pota-de-mico\\\/#primaryimage\"},\"image\":{\"@id\":\"https:\\\/\\\/www.laertes.es\\\/ca\\\/llibre\\\/la-pota-de-mico\\\/#primaryimage\"},\"thumbnailUrl\":\"https:\\\/\\\/www.laertes.es\\\/wp-content\\\/uploads\\\/2023\\\/01\\\/ARC093.webp\",\"datePublished\":\"2023-01-24T15:07:36+00:00\",\"dateModified\":\"2023-05-06T05:43:57+00:00\",\"description\":\"W. W. Jacobs \u00e9s fam\u00f3s com l'autor de La pota de mico, un dels relats de terror fantasmag\u00f2ric m\u00e9s esgarrifosos que s'han escrit.\",\"breadcrumb\":{\"@id\":\"https:\\\/\\\/www.laertes.es\\\/ca\\\/llibre\\\/la-pota-de-mico\\\/#breadcrumb\"},\"inLanguage\":\"ca\",\"potentialAction\":[{\"@type\":\"ReadAction\",\"target\":[\"https:\\\/\\\/www.laertes.es\\\/ca\\\/llibre\\\/la-pota-de-mico\\\/\"]}]},{\"@type\":\"ImageObject\",\"inLanguage\":\"ca\",\"@id\":\"https:\\\/\\\/www.laertes.es\\\/ca\\\/llibre\\\/la-pota-de-mico\\\/#primaryimage\",\"url\":\"https:\\\/\\\/www.laertes.es\\\/wp-content\\\/uploads\\\/2023\\\/01\\\/ARC093.webp\",\"contentUrl\":\"https:\\\/\\\/www.laertes.es\\\/wp-content\\\/uploads\\\/2023\\\/01\\\/ARC093.webp\",\"width\":802,\"height\":1200,\"caption\":\"La pota del mico\"},{\"@type\":\"BreadcrumbList\",\"@id\":\"https:\\\/\\\/www.laertes.es\\\/ca\\\/llibre\\\/la-pota-de-mico\\\/#breadcrumb\",\"itemListElement\":[{\"@type\":\"ListItem\",\"position\":1,\"name\":\"Portada\",\"item\":\"https:\\\/\\\/www.laertes.es\\\/ca\\\/\"},{\"@type\":\"ListItem\",\"position\":2,\"name\":\"Tienda\",\"item\":\"https:\\\/\\\/www.laertes.es\\\/tienda\\\/\"},{\"@type\":\"ListItem\",\"position\":3,\"name\":\"La pota de mico\"}]},{\"@type\":\"WebSite\",\"@id\":\"https:\\\/\\\/www.laertes.es\\\/ca\\\/#website\",\"url\":\"https:\\\/\\\/www.laertes.es\\\/ca\\\/\",\"name\":\"Laertes Ediciones\",\"description\":\"Editorial independiente desde 1975\",\"alternateName\":\"Laertes\",\"potentialAction\":[{\"@type\":\"SearchAction\",\"target\":{\"@type\":\"EntryPoint\",\"urlTemplate\":\"https:\\\/\\\/www.laertes.es\\\/ca\\\/?s={search_term_string}\"},\"query-input\":{\"@type\":\"PropertyValueSpecification\",\"valueRequired\":true,\"valueName\":\"search_term_string\"}}],\"inLanguage\":\"ca\"}]}<\/script>\n<!-- \/ Yoast SEO plugin. -->","yoast_head_json":{"title":"La pota de mico | Laertes ediciones","description":"W. W. Jacobs \u00e9s fam\u00f3s com l'autor de La pota de mico, un dels relats de terror fantasmag\u00f2ric m\u00e9s esgarrifosos que s'han escrit.","robots":{"index":"index","follow":"follow","max-snippet":"max-snippet:-1","max-image-preview":"max-image-preview:large","max-video-preview":"max-video-preview:-1"},"canonical":"https:\/\/www.laertes.es\/ca\/llibre\/la-pota-de-mico\/","og_locale":"ca_ES","og_type":"article","og_title":"La pota de mico | Laertes ediciones","og_description":"W. W. Jacobs \u00e9s fam\u00f3s com l'autor de La pota de mico, un dels relats de terror fantasmag\u00f2ric m\u00e9s esgarrifosos que s'han escrit.","og_url":"https:\/\/www.laertes.es\/ca\/llibre\/la-pota-de-mico\/","og_site_name":"Laertes ediciones","article_modified_time":"2023-05-06T05:43:57+00:00","og_image":[{"width":802,"height":1200,"url":"https:\/\/www.laertes.es\/wp-content\/uploads\/2023\/01\/ARC093.webp","type":"image\/webp"}],"twitter_misc":{"Temps estimat de lectura":"3 minuts"},"schema":{"@context":"https:\/\/schema.org","@graph":[{"@type":"WebPage","@id":"https:\/\/www.laertes.es\/ca\/llibre\/la-pota-de-mico\/","url":"https:\/\/www.laertes.es\/ca\/llibre\/la-pota-de-mico\/","name":"La pota de mico | Laertes ediciones","isPartOf":{"@id":"https:\/\/www.laertes.es\/ca\/#website"},"primaryImageOfPage":{"@id":"https:\/\/www.laertes.es\/ca\/llibre\/la-pota-de-mico\/#primaryimage"},"image":{"@id":"https:\/\/www.laertes.es\/ca\/llibre\/la-pota-de-mico\/#primaryimage"},"thumbnailUrl":"https:\/\/www.laertes.es\/wp-content\/uploads\/2023\/01\/ARC093.webp","datePublished":"2023-01-24T15:07:36+00:00","dateModified":"2023-05-06T05:43:57+00:00","description":"W. W. Jacobs \u00e9s fam\u00f3s com l'autor de La pota de mico, un dels relats de terror fantasmag\u00f2ric m\u00e9s esgarrifosos que s'han escrit.","breadcrumb":{"@id":"https:\/\/www.laertes.es\/ca\/llibre\/la-pota-de-mico\/#breadcrumb"},"inLanguage":"ca","potentialAction":[{"@type":"ReadAction","target":["https:\/\/www.laertes.es\/ca\/llibre\/la-pota-de-mico\/"]}]},{"@type":"ImageObject","inLanguage":"ca","@id":"https:\/\/www.laertes.es\/ca\/llibre\/la-pota-de-mico\/#primaryimage","url":"https:\/\/www.laertes.es\/wp-content\/uploads\/2023\/01\/ARC093.webp","contentUrl":"https:\/\/www.laertes.es\/wp-content\/uploads\/2023\/01\/ARC093.webp","width":802,"height":1200,"caption":"La pota del mico"},{"@type":"BreadcrumbList","@id":"https:\/\/www.laertes.es\/ca\/llibre\/la-pota-de-mico\/#breadcrumb","itemListElement":[{"@type":"ListItem","position":1,"name":"Portada","item":"https:\/\/www.laertes.es\/ca\/"},{"@type":"ListItem","position":2,"name":"Tienda","item":"https:\/\/www.laertes.es\/tienda\/"},{"@type":"ListItem","position":3,"name":"La pota de mico"}]},{"@type":"WebSite","@id":"https:\/\/www.laertes.es\/ca\/#website","url":"https:\/\/www.laertes.es\/ca\/","name":"Laertes Ediciones","description":"Editorial independiente desde 1975","alternateName":"Laertes","potentialAction":[{"@type":"SearchAction","target":{"@type":"EntryPoint","urlTemplate":"https:\/\/www.laertes.es\/ca\/?s={search_term_string}"},"query-input":{"@type":"PropertyValueSpecification","valueRequired":true,"valueName":"search_term_string"}}],"inLanguage":"ca"}]}},"_links":{"self":[{"href":"https:\/\/www.laertes.es\/ca\/wp-json\/wp\/v2\/product\/11842","targetHints":{"allow":["GET"]}}],"collection":[{"href":"https:\/\/www.laertes.es\/ca\/wp-json\/wp\/v2\/product"}],"about":[{"href":"https:\/\/www.laertes.es\/ca\/wp-json\/wp\/v2\/types\/product"}],"version-history":[{"count":1,"href":"https:\/\/www.laertes.es\/ca\/wp-json\/wp\/v2\/product\/11842\/revisions"}],"predecessor-version":[{"id":13407,"href":"https:\/\/www.laertes.es\/ca\/wp-json\/wp\/v2\/product\/11842\/revisions\/13407"}],"wp:featuredmedia":[{"embeddable":true,"href":"https:\/\/www.laertes.es\/ca\/wp-json\/wp\/v2\/media\/13404"}],"wp:attachment":[{"href":"https:\/\/www.laertes.es\/ca\/wp-json\/wp\/v2\/media?parent=11842"}],"wp:term":[{"taxonomy":"product_brand","embeddable":true,"href":"https:\/\/www.laertes.es\/ca\/wp-json\/wp\/v2\/product_brand?post=11842"},{"taxonomy":"product_cat","embeddable":true,"href":"https:\/\/www.laertes.es\/ca\/wp-json\/wp\/v2\/product_cat?post=11842"},{"taxonomy":"product_tag","embeddable":true,"href":"https:\/\/www.laertes.es\/ca\/wp-json\/wp\/v2\/product_tag?post=11842"},{"taxonomy":"autores","embeddable":true,"href":"https:\/\/www.laertes.es\/ca\/wp-json\/wp\/v2\/autores?post=11842"},{"taxonomy":"formatos","embeddable":true,"href":"https:\/\/www.laertes.es\/ca\/wp-json\/wp\/v2\/formatos?post=11842"},{"taxonomy":"materias","embeddable":true,"href":"https:\/\/www.laertes.es\/ca\/wp-json\/wp\/v2\/materias?post=11842"}],"curies":[{"name":"wp","href":"https:\/\/api.w.org\/{rel}","templated":true}]}}