{"id":11841,"date":"2023-01-24T15:07:36","date_gmt":"2023-01-24T15:07:36","guid":{"rendered":"https:\/libro\/el-viatge-a-lestranger\/"},"modified":"2023-05-06T07:35:55","modified_gmt":"2023-05-06T07:35:55","slug":"el-viatge-a-lestranger","status":"publish","type":"product","link":"https:\/\/www.laertes.es\/ca\/llibre\/el-viatge-a-lestranger\/","title":{"rendered":"El viatge a l&#8217;estranger"},"content":{"rendered":"<h1><em>El viatge a l&#8217;estranger<\/em><\/h1>\n<p><em>El viatge a l&#8217;estranger<\/em>\u00a0 La famosa frase de F. Scott Fitzgerald: \u00abApropa la cadira a la vora del precipici i t&#8217;explicar\u00e9 un conte\u00bb, alhora que \u00e9s aplicable al conjunt de la seva narrativa, reflecteix un accentuat gust pel fant\u00e0stic. El va cultivar poc, perqu\u00e8 el seu p\u00fablic li demanava altres coses, per\u00f2 sempre que ho va fer va obtenir uns resultats magistrals. <em>El viatge a l&#8217;estranger<\/em> s&#8217;arrenglera al costat d&#8217;<em>El curi\u00f3s cas de Benjamin Button<\/em> i d&#8217;<em>Un breu retorn a la llar en el cim<\/em> de la producci\u00f3 fant\u00e0stica de Fitzgerald.<\/p>\n<p>La famosa frase de F. Scott Fitzgerald: \u00abApropa la cadira a la vora del precipici i t&#8217;explicar\u00e9 un conte\u00bb, alhora que \u00e9s aplicable al conjunt de la seva narrativa, reflecteix un accentuat gust pel fant\u00e0stic. El va cultivar poc, perqu\u00e8 el seu p\u00fablic li demanava altres coses, per\u00f2 sempre que ho va fer va obtenir uns resultats magistrals. <em>El viatge a l&#8217;estranger<\/em> s&#8217;arrenglera al costat d&#8217;<em>El curi\u00f3s cas de Benjamin Button<\/em> i d&#8217;<em>Un breu retorn a la llar en el cim<\/em> de la producci\u00f3 fant\u00e0stica de Fitzgerald.<\/p>\n<p>La famosa frase de F. Scott Fitzgerald: \u00abApropa la cadira a la vora del precipici i t&#8217;explicar\u00e9 un conte\u00bb, alhora que \u00e9s aplicable al conjunt de la seva narrativa, reflecteix un accentuat gust pel fant\u00e0stic. El va cultivar poc, perqu\u00e8 el seu p\u00fablic li demanava altres coses, per\u00f2 sempre que ho va fer va obtenir uns resultats magistrals. <em>El viatge a l&#8217;estranger<\/em> s&#8217;arrenglera al costat d&#8217;<em>El curi\u00f3s cas de Benjamin Button<\/em> i d&#8217;<em>Un breu retorn a la llar en el cim<\/em> de la producci\u00f3 fant\u00e0stica de Fitzgerald.<\/p>\n<p>La famosa frase de F. Scott Fitzgerald: \u00abApropa la cadira a la vora del precipici i t&#8217;explicar\u00e9 un conte\u00bb, alhora que \u00e9s aplicable al conjunt de la seva narrativa, reflecteix un accentuat gust pel fant\u00e0stic. El va cultivar poc, perqu\u00e8 el seu p\u00fablic li demanava altres coses, per\u00f2 sempre que ho va fer va obtenir uns resultats magistrals. <em>El viatge a l&#8217;estranger<\/em> s&#8217;arrenglera al costat d&#8217;<em>El curi\u00f3s cas de Benjamin Button<\/em> i d&#8217;<em>Un breu retorn a la llar en el cim<\/em> de la producci\u00f3 fant\u00e0stica de Fitzgerald.<\/p>\n","protected":false},"excerpt":{"rendered":"<p>La famosa frase de F. Scott Fitzgerald: \u00abApropa la cadira a la vora del precipici i t&#8217;explicar\u00e9 un conte\u00bb, alhora que \u00e9s aplicable al conjunt de la seva narrativa, reflecteix un accentuat gust pel fant\u00e0stic. El va cultivar poc, perqu\u00e8 el seu p\u00fablic li demanava altres coses, per\u00f2 sempre que ho va fer va obtenir uns resultats magistrals. El viatge a l&#8217;estranger s&#8217;arrenglera al costat d&#8217;El curi\u00f3s cas de Benjamin Button i d&#8217;Un breu retorn a la llar en el cim de la producci\u00f3 fant\u00e0stica de Fitzgerald.<\/p>\n","protected":false},"featured_media":12986,"template":"","meta":[],"product_brand":[],"product_cat":[296],"product_tag":[672,677],"autores":[441],"formatos":[355],"materias":[356],"class_list":{"0":"post-11841","1":"product","2":"type-product","3":"status-publish","4":"has-post-thumbnail","6":"product_cat-larca-ca","7":"product_tag-literatura-fantastica-ca","8":"product_tag-misteri-ca","9":"autores-fitzgerald-francis-scott-ca","10":"formatos-llibre","11":"materias-cuentos-clasicos-de-generos-fantasticos-ca","13":"first","14":"instock","15":"purchasable","16":"product-type-simple"},"yoast_head":"<!-- This site is optimized with the Yoast SEO plugin v27.4 - https:\/\/yoast.com\/product\/yoast-seo-wordpress\/ -->\n<title>El viatge a l&#039;estranger | Laertes ediciones<\/title>\n<meta name=\"description\" content=\"El viatge a l&#039;estranger | \u00abApropa la cadira a la vora del precipici i t&#039;explicar\u00e9 un conte\u00bb, reflecteix un accentuat gust pel fant\u00e0stic.\" \/>\n<meta name=\"robots\" content=\"index, follow, max-snippet:-1, max-image-preview:large, max-video-preview:-1\" \/>\n<link rel=\"canonical\" href=\"https:\/\/www.laertes.es\/ca\/llibre\/el-viatge-a-lestranger\/\" \/>\n<meta property=\"og:locale\" content=\"ca_ES\" \/>\n<meta property=\"og:type\" content=\"article\" \/>\n<meta property=\"og:title\" content=\"El viatge a l&#039;estranger | Laertes ediciones\" \/>\n<meta property=\"og:description\" content=\"El viatge a l&#039;estranger | \u00abApropa la cadira a la vora del precipici i t&#039;explicar\u00e9 un conte\u00bb, reflecteix un accentuat gust pel fant\u00e0stic.\" \/>\n<meta property=\"og:url\" content=\"https:\/\/www.laertes.es\/ca\/llibre\/el-viatge-a-lestranger\/\" \/>\n<meta property=\"og:site_name\" content=\"Laertes ediciones\" \/>\n<meta property=\"article:modified_time\" content=\"2023-05-06T07:35:55+00:00\" \/>\n<meta property=\"og:image\" content=\"https:\/\/www.laertes.es\/wp-content\/uploads\/2023\/01\/ARC088.webp\" \/>\n\t<meta property=\"og:image:width\" content=\"802\" \/>\n\t<meta property=\"og:image:height\" content=\"1200\" \/>\n\t<meta property=\"og:image:type\" content=\"image\/webp\" \/>\n<meta name=\"twitter:label1\" content=\"Temps estimat de lectura\" \/>\n\t<meta name=\"twitter:data1\" content=\"2 minuts\" \/>\n<script type=\"application\/ld+json\" class=\"yoast-schema-graph\">{\"@context\":\"https:\\\/\\\/schema.org\",\"@graph\":[{\"@type\":\"WebPage\",\"@id\":\"https:\\\/\\\/www.laertes.es\\\/ca\\\/llibre\\\/el-viatge-a-lestranger\\\/\",\"url\":\"https:\\\/\\\/www.laertes.es\\\/ca\\\/llibre\\\/el-viatge-a-lestranger\\\/\",\"name\":\"El viatge a l'estranger | Laertes ediciones\",\"isPartOf\":{\"@id\":\"https:\\\/\\\/www.laertes.es\\\/ca\\\/#website\"},\"primaryImageOfPage\":{\"@id\":\"https:\\\/\\\/www.laertes.es\\\/ca\\\/llibre\\\/el-viatge-a-lestranger\\\/#primaryimage\"},\"image\":{\"@id\":\"https:\\\/\\\/www.laertes.es\\\/ca\\\/llibre\\\/el-viatge-a-lestranger\\\/#primaryimage\"},\"thumbnailUrl\":\"https:\\\/\\\/www.laertes.es\\\/wp-content\\\/uploads\\\/2023\\\/01\\\/ARC088.webp\",\"datePublished\":\"2023-01-24T15:07:36+00:00\",\"dateModified\":\"2023-05-06T07:35:55+00:00\",\"description\":\"El viatge a l'estranger | \u00abApropa la cadira a la vora del precipici i t'explicar\u00e9 un conte\u00bb, reflecteix un accentuat gust pel fant\u00e0stic.\",\"breadcrumb\":{\"@id\":\"https:\\\/\\\/www.laertes.es\\\/ca\\\/llibre\\\/el-viatge-a-lestranger\\\/#breadcrumb\"},\"inLanguage\":\"ca\",\"potentialAction\":[{\"@type\":\"ReadAction\",\"target\":[\"https:\\\/\\\/www.laertes.es\\\/ca\\\/llibre\\\/el-viatge-a-lestranger\\\/\"]}]},{\"@type\":\"ImageObject\",\"inLanguage\":\"ca\",\"@id\":\"https:\\\/\\\/www.laertes.es\\\/ca\\\/llibre\\\/el-viatge-a-lestranger\\\/#primaryimage\",\"url\":\"https:\\\/\\\/www.laertes.es\\\/wp-content\\\/uploads\\\/2023\\\/01\\\/ARC088.webp\",\"contentUrl\":\"https:\\\/\\\/www.laertes.es\\\/wp-content\\\/uploads\\\/2023\\\/01\\\/ARC088.webp\",\"width\":802,\"height\":1200,\"caption\":\"El viatge a l'estranger\"},{\"@type\":\"BreadcrumbList\",\"@id\":\"https:\\\/\\\/www.laertes.es\\\/ca\\\/llibre\\\/el-viatge-a-lestranger\\\/#breadcrumb\",\"itemListElement\":[{\"@type\":\"ListItem\",\"position\":1,\"name\":\"Portada\",\"item\":\"https:\\\/\\\/www.laertes.es\\\/ca\\\/\"},{\"@type\":\"ListItem\",\"position\":2,\"name\":\"Tienda\",\"item\":\"https:\\\/\\\/www.laertes.es\\\/tienda\\\/\"},{\"@type\":\"ListItem\",\"position\":3,\"name\":\"El viatge a l&#8217;estranger\"}]},{\"@type\":\"WebSite\",\"@id\":\"https:\\\/\\\/www.laertes.es\\\/ca\\\/#website\",\"url\":\"https:\\\/\\\/www.laertes.es\\\/ca\\\/\",\"name\":\"Laertes Ediciones\",\"description\":\"Editorial independiente desde 1975\",\"alternateName\":\"Laertes\",\"potentialAction\":[{\"@type\":\"SearchAction\",\"target\":{\"@type\":\"EntryPoint\",\"urlTemplate\":\"https:\\\/\\\/www.laertes.es\\\/ca\\\/?s={search_term_string}\"},\"query-input\":{\"@type\":\"PropertyValueSpecification\",\"valueRequired\":true,\"valueName\":\"search_term_string\"}}],\"inLanguage\":\"ca\"}]}<\/script>\n<!-- \/ Yoast SEO plugin. -->","yoast_head_json":{"title":"El viatge a l'estranger | Laertes ediciones","description":"El viatge a l'estranger | \u00abApropa la cadira a la vora del precipici i t'explicar\u00e9 un conte\u00bb, reflecteix un accentuat gust pel fant\u00e0stic.","robots":{"index":"index","follow":"follow","max-snippet":"max-snippet:-1","max-image-preview":"max-image-preview:large","max-video-preview":"max-video-preview:-1"},"canonical":"https:\/\/www.laertes.es\/ca\/llibre\/el-viatge-a-lestranger\/","og_locale":"ca_ES","og_type":"article","og_title":"El viatge a l'estranger | Laertes ediciones","og_description":"El viatge a l'estranger | \u00abApropa la cadira a la vora del precipici i t'explicar\u00e9 un conte\u00bb, reflecteix un accentuat gust pel fant\u00e0stic.","og_url":"https:\/\/www.laertes.es\/ca\/llibre\/el-viatge-a-lestranger\/","og_site_name":"Laertes ediciones","article_modified_time":"2023-05-06T07:35:55+00:00","og_image":[{"width":802,"height":1200,"url":"https:\/\/www.laertes.es\/wp-content\/uploads\/2023\/01\/ARC088.webp","type":"image\/webp"}],"twitter_misc":{"Temps estimat de lectura":"2 minuts"},"schema":{"@context":"https:\/\/schema.org","@graph":[{"@type":"WebPage","@id":"https:\/\/www.laertes.es\/ca\/llibre\/el-viatge-a-lestranger\/","url":"https:\/\/www.laertes.es\/ca\/llibre\/el-viatge-a-lestranger\/","name":"El viatge a l'estranger | Laertes ediciones","isPartOf":{"@id":"https:\/\/www.laertes.es\/ca\/#website"},"primaryImageOfPage":{"@id":"https:\/\/www.laertes.es\/ca\/llibre\/el-viatge-a-lestranger\/#primaryimage"},"image":{"@id":"https:\/\/www.laertes.es\/ca\/llibre\/el-viatge-a-lestranger\/#primaryimage"},"thumbnailUrl":"https:\/\/www.laertes.es\/wp-content\/uploads\/2023\/01\/ARC088.webp","datePublished":"2023-01-24T15:07:36+00:00","dateModified":"2023-05-06T07:35:55+00:00","description":"El viatge a l'estranger | \u00abApropa la cadira a la vora del precipici i t'explicar\u00e9 un conte\u00bb, reflecteix un accentuat gust pel fant\u00e0stic.","breadcrumb":{"@id":"https:\/\/www.laertes.es\/ca\/llibre\/el-viatge-a-lestranger\/#breadcrumb"},"inLanguage":"ca","potentialAction":[{"@type":"ReadAction","target":["https:\/\/www.laertes.es\/ca\/llibre\/el-viatge-a-lestranger\/"]}]},{"@type":"ImageObject","inLanguage":"ca","@id":"https:\/\/www.laertes.es\/ca\/llibre\/el-viatge-a-lestranger\/#primaryimage","url":"https:\/\/www.laertes.es\/wp-content\/uploads\/2023\/01\/ARC088.webp","contentUrl":"https:\/\/www.laertes.es\/wp-content\/uploads\/2023\/01\/ARC088.webp","width":802,"height":1200,"caption":"El viatge a l'estranger"},{"@type":"BreadcrumbList","@id":"https:\/\/www.laertes.es\/ca\/llibre\/el-viatge-a-lestranger\/#breadcrumb","itemListElement":[{"@type":"ListItem","position":1,"name":"Portada","item":"https:\/\/www.laertes.es\/ca\/"},{"@type":"ListItem","position":2,"name":"Tienda","item":"https:\/\/www.laertes.es\/tienda\/"},{"@type":"ListItem","position":3,"name":"El viatge a l&#8217;estranger"}]},{"@type":"WebSite","@id":"https:\/\/www.laertes.es\/ca\/#website","url":"https:\/\/www.laertes.es\/ca\/","name":"Laertes Ediciones","description":"Editorial independiente desde 1975","alternateName":"Laertes","potentialAction":[{"@type":"SearchAction","target":{"@type":"EntryPoint","urlTemplate":"https:\/\/www.laertes.es\/ca\/?s={search_term_string}"},"query-input":{"@type":"PropertyValueSpecification","valueRequired":true,"valueName":"search_term_string"}}],"inLanguage":"ca"}]}},"_links":{"self":[{"href":"https:\/\/www.laertes.es\/ca\/wp-json\/wp\/v2\/product\/11841","targetHints":{"allow":["GET"]}}],"collection":[{"href":"https:\/\/www.laertes.es\/ca\/wp-json\/wp\/v2\/product"}],"about":[{"href":"https:\/\/www.laertes.es\/ca\/wp-json\/wp\/v2\/types\/product"}],"version-history":[{"count":2,"href":"https:\/\/www.laertes.es\/ca\/wp-json\/wp\/v2\/product\/11841\/revisions"}],"predecessor-version":[{"id":13483,"href":"https:\/\/www.laertes.es\/ca\/wp-json\/wp\/v2\/product\/11841\/revisions\/13483"}],"wp:featuredmedia":[{"embeddable":true,"href":"https:\/\/www.laertes.es\/ca\/wp-json\/wp\/v2\/media\/12986"}],"wp:attachment":[{"href":"https:\/\/www.laertes.es\/ca\/wp-json\/wp\/v2\/media?parent=11841"}],"wp:term":[{"taxonomy":"product_brand","embeddable":true,"href":"https:\/\/www.laertes.es\/ca\/wp-json\/wp\/v2\/product_brand?post=11841"},{"taxonomy":"product_cat","embeddable":true,"href":"https:\/\/www.laertes.es\/ca\/wp-json\/wp\/v2\/product_cat?post=11841"},{"taxonomy":"product_tag","embeddable":true,"href":"https:\/\/www.laertes.es\/ca\/wp-json\/wp\/v2\/product_tag?post=11841"},{"taxonomy":"autores","embeddable":true,"href":"https:\/\/www.laertes.es\/ca\/wp-json\/wp\/v2\/autores?post=11841"},{"taxonomy":"formatos","embeddable":true,"href":"https:\/\/www.laertes.es\/ca\/wp-json\/wp\/v2\/formatos?post=11841"},{"taxonomy":"materias","embeddable":true,"href":"https:\/\/www.laertes.es\/ca\/wp-json\/wp\/v2\/materias?post=11841"}],"curies":[{"name":"wp","href":"https:\/\/api.w.org\/{rel}","templated":true}]}}