{"id":11840,"date":"2023-01-24T15:07:36","date_gmt":"2023-01-24T15:07:36","guid":{"rendered":"https:\/libro\/el-bevedor-de-vi-de-palma\/"},"modified":"2023-05-06T07:52:30","modified_gmt":"2023-05-06T07:52:30","slug":"el-bevedor-de-vi-de-palma","status":"publish","type":"product","link":"https:\/\/www.laertes.es\/ca\/llibre\/el-bevedor-de-vi-de-palma\/","title":{"rendered":"El bevedor de vi de palma"},"content":{"rendered":"<p>El bevedor de vi de palma<\/p>\n<p>En el curs del viatge a la Ciutat dels Morts, en el cor d&#8217;una selva africana plena a\u00a0vessar de fantasmes, monstres i &#8220;\u00e9ssers curiosos&#8221;, l&#8217;heroi i l&#8217;hero\u00efna d&#8217;<em>El bevedor de vi de palma<\/em> s&#8217;enfronten a proves a trav\u00e9s de les quals defineixen la mateixa identitat i assoleixen els valors humans, culturals i c\u00edvics de l&#8217;africanitat.<br \/>\n<strong>\u00a0\u00a0\u00a0\u00a0<\/strong>Les narracions d&#8217;Amos Tutuola, que relaten hist\u00f2ries fant\u00e0stiques en un pidgin English\u00a0ing\u00e8nuament posat per escrit, van ser rebutjades pels intel\u00b7lectuals nigerians de la\u00a0primera generaci\u00f3, que maldaven pel reconeixement de les seves literatures\u00a0mitjan\u00e7ant la hipercorrecci\u00f3 ling\u00fc\u00edstica i una reproducci\u00f3 de les normes narratives occidentals. No obstant, Tutuola \u00e9s reivindicat per escriptors nigerians contemporanis com Chinua Achebe o Wole Soyinka (premi Nobel de 1986), per a qui el llenguatge popular de Tutuola representa una mena de punt l\u00edmit per a les categories de l&#8217;enteniment literari occidental: &#8220;Aquesta classe d&#8217;angl\u00e8s salvatgement espontani fereix els cr\u00edtics europeus en el seu punt flac, l&#8217;avorriment davant la seva pr\u00f2pia llengua i la cerca de noves emocions&#8221;.<br \/>\n<strong>\u00a0\u00a0\u00a0\u00a0<\/strong><em>El bevedor de vi de palma<\/em>, acollida per Dylan Thomas com una &#8220;formidable hist\u00f2ria\u00a0diab\u00f2lica&#8221;, va irrompre a la literatura mundial amb la frescor i la pot\u00e8ncia d&#8217;una obra mestra fundacional, perqu\u00e8 amb ella naixia la narrativa negroafricana postcolonial.<\/p>\n","protected":false},"excerpt":{"rendered":"<p>En el curs del viatge a la Ciutat dels Morts, en el cor d&#8217;una selva africana plena a\u00a0vessar de fantasmes, monstres i &#8220;\u00e9ssers curiosos&#8221;, l&#8217;heroi i l&#8217;hero\u00efna d&#8217;El bevedor de vi de palma s&#8217;enfronten a proves a trav\u00e9s de les quals defineixen la pr\u00f2pia identitat i assoleixen els valors humans, culturals i c\u00edvics de l&#8217;africanitat.<\/p>\n<p>Les narracions d&#8217;Amos Tutuola, que relaten hist\u00f2ries fant\u00e0stiques en un pidgin English\u00a0ing\u00e8nuament posat per escrit, van ser rebutjades pels intel\u00b7lectuals nigerians de la\u00a0primera generaci\u00f3, que maldaven pel reconeixement de les seves literatures\u00a0mitjan\u00e7ant la hipercorrecci\u00f3 ling\u00fc\u00edstica i una reproducci\u00f3 de les normes narratives occidentals. No obstant, Tutuola \u00e9s reivindicat per escriptors nigerians contemporanis com Chinua Achebe o Wole Soyinka (premi Nobel de 1986), per a qui el llenguatge popular de Tutuola representa una mena de punt l\u00edmit per a les categories de l&#8217;enteniment literari occidental: &#8220;Aquesta classe d&#8217;angl\u00e8s salvatgement espontani fereix els cr\u00edtics europeus en el seu punt flac, l&#8217;avorriment davant la seva pr\u00f2pia llengua i la cerca de noves emocions&#8221;.<\/p>\n<p>El bevedor de vi de palma, acollida per Dylan Thomas com una &#8220;formidable hist\u00f2ria\u00a0diab\u00f2lica&#8221;, va irrompre a la literatura mundial amb la frescor i la pot\u00e8ncia d&#8217;una obra mestra fundacional, perqu\u00e8 amb ella naixia la narrativa negroafricana postcolonial.<\/p>\n","protected":false},"featured_media":13493,"template":"","meta":[],"product_brand":[],"product_cat":[296],"product_tag":[984,1040,672,677,673],"autores":[439],"formatos":[355],"materias":[356],"class_list":{"0":"post-11840","1":"product","2":"type-product","3":"status-publish","4":"has-post-thumbnail","6":"product_cat-larca-ca","7":"product_tag-fantasmes-ca","8":"product_tag-literatura-africana-ca","9":"product_tag-literatura-fantastica-ca","10":"product_tag-misteri-ca","11":"product_tag-terror-ca","12":"autores-tutuola-amos-ca","13":"formatos-llibre","14":"materias-cuentos-clasicos-de-generos-fantasticos-ca","16":"first","17":"instock","18":"purchasable","19":"product-type-simple"},"yoast_head":"<!-- This site is optimized with the Yoast SEO plugin v27.3 - https:\/\/yoast.com\/product\/yoast-seo-wordpress\/ -->\n<title>El bevedor de vi de palma | Laertes ediciones<\/title>\n<meta name=\"description\" content=\"El bevedor de vi de palma va irrompre a la literatura mundial amb la frescor i la pot\u00e8ncia d&#039;una obra mestra fundacional.\" \/>\n<meta name=\"robots\" content=\"index, follow, max-snippet:-1, max-image-preview:large, max-video-preview:-1\" \/>\n<link rel=\"canonical\" href=\"https:\/\/www.laertes.es\/ca\/llibre\/el-bevedor-de-vi-de-palma\/\" \/>\n<meta property=\"og:locale\" content=\"ca_ES\" \/>\n<meta property=\"og:type\" content=\"article\" \/>\n<meta property=\"og:title\" content=\"El bevedor de vi de palma | Laertes ediciones\" \/>\n<meta property=\"og:description\" content=\"El bevedor de vi de palma va irrompre a la literatura mundial amb la frescor i la pot\u00e8ncia d&#039;una obra mestra fundacional.\" \/>\n<meta property=\"og:url\" content=\"https:\/\/www.laertes.es\/ca\/llibre\/el-bevedor-de-vi-de-palma\/\" \/>\n<meta property=\"og:site_name\" content=\"Laertes ediciones\" \/>\n<meta property=\"article:modified_time\" content=\"2023-05-06T07:52:30+00:00\" \/>\n<meta property=\"og:image\" content=\"https:\/\/www.laertes.es\/wp-content\/uploads\/2023\/01\/ARC085.webp\" \/>\n\t<meta property=\"og:image:width\" content=\"802\" \/>\n\t<meta property=\"og:image:height\" content=\"1200\" \/>\n\t<meta property=\"og:image:type\" content=\"image\/webp\" \/>\n<meta name=\"twitter:label1\" content=\"Temps estimat de lectura\" \/>\n\t<meta name=\"twitter:data1\" content=\"1 minut\" \/>\n<script type=\"application\/ld+json\" class=\"yoast-schema-graph\">{\"@context\":\"https:\\\/\\\/schema.org\",\"@graph\":[{\"@type\":\"WebPage\",\"@id\":\"https:\\\/\\\/www.laertes.es\\\/ca\\\/llibre\\\/el-bevedor-de-vi-de-palma\\\/\",\"url\":\"https:\\\/\\\/www.laertes.es\\\/ca\\\/llibre\\\/el-bevedor-de-vi-de-palma\\\/\",\"name\":\"El bevedor de vi de palma | Laertes ediciones\",\"isPartOf\":{\"@id\":\"https:\\\/\\\/www.laertes.es\\\/ca\\\/#website\"},\"primaryImageOfPage\":{\"@id\":\"https:\\\/\\\/www.laertes.es\\\/ca\\\/llibre\\\/el-bevedor-de-vi-de-palma\\\/#primaryimage\"},\"image\":{\"@id\":\"https:\\\/\\\/www.laertes.es\\\/ca\\\/llibre\\\/el-bevedor-de-vi-de-palma\\\/#primaryimage\"},\"thumbnailUrl\":\"https:\\\/\\\/www.laertes.es\\\/wp-content\\\/uploads\\\/2023\\\/01\\\/ARC085.webp\",\"datePublished\":\"2023-01-24T15:07:36+00:00\",\"dateModified\":\"2023-05-06T07:52:30+00:00\",\"description\":\"El bevedor de vi de palma va irrompre a la literatura mundial amb la frescor i la pot\u00e8ncia d'una obra mestra fundacional.\",\"breadcrumb\":{\"@id\":\"https:\\\/\\\/www.laertes.es\\\/ca\\\/llibre\\\/el-bevedor-de-vi-de-palma\\\/#breadcrumb\"},\"inLanguage\":\"ca\",\"potentialAction\":[{\"@type\":\"ReadAction\",\"target\":[\"https:\\\/\\\/www.laertes.es\\\/ca\\\/llibre\\\/el-bevedor-de-vi-de-palma\\\/\"]}]},{\"@type\":\"ImageObject\",\"inLanguage\":\"ca\",\"@id\":\"https:\\\/\\\/www.laertes.es\\\/ca\\\/llibre\\\/el-bevedor-de-vi-de-palma\\\/#primaryimage\",\"url\":\"https:\\\/\\\/www.laertes.es\\\/wp-content\\\/uploads\\\/2023\\\/01\\\/ARC085.webp\",\"contentUrl\":\"https:\\\/\\\/www.laertes.es\\\/wp-content\\\/uploads\\\/2023\\\/01\\\/ARC085.webp\",\"width\":802,\"height\":1200,\"caption\":\"El bevedor de vi de palma\"},{\"@type\":\"BreadcrumbList\",\"@id\":\"https:\\\/\\\/www.laertes.es\\\/ca\\\/llibre\\\/el-bevedor-de-vi-de-palma\\\/#breadcrumb\",\"itemListElement\":[{\"@type\":\"ListItem\",\"position\":1,\"name\":\"Portada\",\"item\":\"https:\\\/\\\/www.laertes.es\\\/ca\\\/\"},{\"@type\":\"ListItem\",\"position\":2,\"name\":\"Tienda\",\"item\":\"https:\\\/\\\/www.laertes.es\\\/tienda\\\/\"},{\"@type\":\"ListItem\",\"position\":3,\"name\":\"El bevedor de vi de palma\"}]},{\"@type\":\"WebSite\",\"@id\":\"https:\\\/\\\/www.laertes.es\\\/ca\\\/#website\",\"url\":\"https:\\\/\\\/www.laertes.es\\\/ca\\\/\",\"name\":\"Laertes Ediciones\",\"description\":\"Editorial independiente desde 1975\",\"alternateName\":\"Laertes\",\"potentialAction\":[{\"@type\":\"SearchAction\",\"target\":{\"@type\":\"EntryPoint\",\"urlTemplate\":\"https:\\\/\\\/www.laertes.es\\\/ca\\\/?s={search_term_string}\"},\"query-input\":{\"@type\":\"PropertyValueSpecification\",\"valueRequired\":true,\"valueName\":\"search_term_string\"}}],\"inLanguage\":\"ca\"}]}<\/script>\n<!-- \/ Yoast SEO plugin. -->","yoast_head_json":{"title":"El bevedor de vi de palma | Laertes ediciones","description":"El bevedor de vi de palma va irrompre a la literatura mundial amb la frescor i la pot\u00e8ncia d'una obra mestra fundacional.","robots":{"index":"index","follow":"follow","max-snippet":"max-snippet:-1","max-image-preview":"max-image-preview:large","max-video-preview":"max-video-preview:-1"},"canonical":"https:\/\/www.laertes.es\/ca\/llibre\/el-bevedor-de-vi-de-palma\/","og_locale":"ca_ES","og_type":"article","og_title":"El bevedor de vi de palma | Laertes ediciones","og_description":"El bevedor de vi de palma va irrompre a la literatura mundial amb la frescor i la pot\u00e8ncia d'una obra mestra fundacional.","og_url":"https:\/\/www.laertes.es\/ca\/llibre\/el-bevedor-de-vi-de-palma\/","og_site_name":"Laertes ediciones","article_modified_time":"2023-05-06T07:52:30+00:00","og_image":[{"width":802,"height":1200,"url":"https:\/\/www.laertes.es\/wp-content\/uploads\/2023\/01\/ARC085.webp","type":"image\/webp"}],"twitter_misc":{"Temps estimat de lectura":"1 minut"},"schema":{"@context":"https:\/\/schema.org","@graph":[{"@type":"WebPage","@id":"https:\/\/www.laertes.es\/ca\/llibre\/el-bevedor-de-vi-de-palma\/","url":"https:\/\/www.laertes.es\/ca\/llibre\/el-bevedor-de-vi-de-palma\/","name":"El bevedor de vi de palma | Laertes ediciones","isPartOf":{"@id":"https:\/\/www.laertes.es\/ca\/#website"},"primaryImageOfPage":{"@id":"https:\/\/www.laertes.es\/ca\/llibre\/el-bevedor-de-vi-de-palma\/#primaryimage"},"image":{"@id":"https:\/\/www.laertes.es\/ca\/llibre\/el-bevedor-de-vi-de-palma\/#primaryimage"},"thumbnailUrl":"https:\/\/www.laertes.es\/wp-content\/uploads\/2023\/01\/ARC085.webp","datePublished":"2023-01-24T15:07:36+00:00","dateModified":"2023-05-06T07:52:30+00:00","description":"El bevedor de vi de palma va irrompre a la literatura mundial amb la frescor i la pot\u00e8ncia d'una obra mestra fundacional.","breadcrumb":{"@id":"https:\/\/www.laertes.es\/ca\/llibre\/el-bevedor-de-vi-de-palma\/#breadcrumb"},"inLanguage":"ca","potentialAction":[{"@type":"ReadAction","target":["https:\/\/www.laertes.es\/ca\/llibre\/el-bevedor-de-vi-de-palma\/"]}]},{"@type":"ImageObject","inLanguage":"ca","@id":"https:\/\/www.laertes.es\/ca\/llibre\/el-bevedor-de-vi-de-palma\/#primaryimage","url":"https:\/\/www.laertes.es\/wp-content\/uploads\/2023\/01\/ARC085.webp","contentUrl":"https:\/\/www.laertes.es\/wp-content\/uploads\/2023\/01\/ARC085.webp","width":802,"height":1200,"caption":"El bevedor de vi de palma"},{"@type":"BreadcrumbList","@id":"https:\/\/www.laertes.es\/ca\/llibre\/el-bevedor-de-vi-de-palma\/#breadcrumb","itemListElement":[{"@type":"ListItem","position":1,"name":"Portada","item":"https:\/\/www.laertes.es\/ca\/"},{"@type":"ListItem","position":2,"name":"Tienda","item":"https:\/\/www.laertes.es\/tienda\/"},{"@type":"ListItem","position":3,"name":"El bevedor de vi de palma"}]},{"@type":"WebSite","@id":"https:\/\/www.laertes.es\/ca\/#website","url":"https:\/\/www.laertes.es\/ca\/","name":"Laertes Ediciones","description":"Editorial independiente desde 1975","alternateName":"Laertes","potentialAction":[{"@type":"SearchAction","target":{"@type":"EntryPoint","urlTemplate":"https:\/\/www.laertes.es\/ca\/?s={search_term_string}"},"query-input":{"@type":"PropertyValueSpecification","valueRequired":true,"valueName":"search_term_string"}}],"inLanguage":"ca"}]}},"_links":{"self":[{"href":"https:\/\/www.laertes.es\/ca\/wp-json\/wp\/v2\/product\/11840","targetHints":{"allow":["GET"]}}],"collection":[{"href":"https:\/\/www.laertes.es\/ca\/wp-json\/wp\/v2\/product"}],"about":[{"href":"https:\/\/www.laertes.es\/ca\/wp-json\/wp\/v2\/types\/product"}],"version-history":[{"count":1,"href":"https:\/\/www.laertes.es\/ca\/wp-json\/wp\/v2\/product\/11840\/revisions"}],"predecessor-version":[{"id":13496,"href":"https:\/\/www.laertes.es\/ca\/wp-json\/wp\/v2\/product\/11840\/revisions\/13496"}],"wp:featuredmedia":[{"embeddable":true,"href":"https:\/\/www.laertes.es\/ca\/wp-json\/wp\/v2\/media\/13493"}],"wp:attachment":[{"href":"https:\/\/www.laertes.es\/ca\/wp-json\/wp\/v2\/media?parent=11840"}],"wp:term":[{"taxonomy":"product_brand","embeddable":true,"href":"https:\/\/www.laertes.es\/ca\/wp-json\/wp\/v2\/product_brand?post=11840"},{"taxonomy":"product_cat","embeddable":true,"href":"https:\/\/www.laertes.es\/ca\/wp-json\/wp\/v2\/product_cat?post=11840"},{"taxonomy":"product_tag","embeddable":true,"href":"https:\/\/www.laertes.es\/ca\/wp-json\/wp\/v2\/product_tag?post=11840"},{"taxonomy":"autores","embeddable":true,"href":"https:\/\/www.laertes.es\/ca\/wp-json\/wp\/v2\/autores?post=11840"},{"taxonomy":"formatos","embeddable":true,"href":"https:\/\/www.laertes.es\/ca\/wp-json\/wp\/v2\/formatos?post=11840"},{"taxonomy":"materias","embeddable":true,"href":"https:\/\/www.laertes.es\/ca\/wp-json\/wp\/v2\/materias?post=11840"}],"curies":[{"name":"wp","href":"https:\/\/api.w.org\/{rel}","templated":true}]}}