{"id":11839,"date":"2023-01-24T15:07:36","date_gmt":"2023-01-24T15:07:36","guid":{"rendered":"https:\/libro\/te-verd\/"},"modified":"2023-05-06T07:23:05","modified_gmt":"2023-05-06T07:23:05","slug":"te-verd","status":"publish","type":"product","link":"https:\/\/www.laertes.es\/ca\/llibre\/te-verd\/","title":{"rendered":"Te verd"},"content":{"rendered":"<h1><strong>Te verd <\/strong><\/h1>\n<p><strong>Te verd Joseph Sheridan Le Fanu<\/strong> (1814-1873), irland\u00e8s nascut a Dubl\u00edn, va comen\u00e7ar la seva carrera escrivint balades i llegendes irlandeses per ser aclamat m\u00e9s tard com un dels millors escriptors de novel\u00b7les i contes de terror, de misteri i de fantasmes. Autor de la magn\u00edfica novel\u00b7la de terror <em>Carmilla<\/em>, publicada tamb\u00e9 en aquesta col\u00b7lecci\u00f3, Sheridan Le Fanu \u00e9s un mestre en la creaci\u00f3 del desassossec que causen pres\u00e8ncies indefinibles, en la descripci\u00f3 d&#8217;ambients, paisatges i escenes t\u00e8rboles i en les aliances prematures entre el que \u00e9s mortal i el que \u00e9s immortal. En aquest llibre s&#8217;han tradu\u00eft cinc contes on no manquen els pactes amb el diable ni, sobretot, els fantasmes, tot plegat farcit amb un humor agre i sard\u00f2nic on es barreja la sordidesa, crueltat i lleugeresa d&#8217;un m\u00f3n canviant.<\/p>\n<p><strong>Joseph Sheridan Le Fanu<\/strong> (1814-1873), irland\u00e8s nascut a Dubl\u00edn, va comen\u00e7ar la seva carrera escrivint balades i llegendes irlandeses per ser aclamat m\u00e9s tard com un dels millors escriptors de novel\u00b7les i contes de terror, de misteri i de fantasmes. Autor de la magn\u00edfica novel\u00b7la de terror <em>Carmilla<\/em>, publicada tamb\u00e9 en aquesta col\u00b7lecci\u00f3, Sheridan Le Fanu \u00e9s un mestre en la creaci\u00f3 del desassossec que causen pres\u00e8ncies indefinibles, en la descripci\u00f3 d&#8217;ambients, paisatges i escenes t\u00e8rboles i en les aliances prematures entre el que \u00e9s mortal i el que \u00e9s immortal. En aquest llibre s&#8217;han tradu\u00eft cinc contes on no manquen els pactes amb el diable ni, sobretot, els fantasmes, tot plegat farcit amb un humor agre i sard\u00f2nic on es barreja la sordidesa, crueltat i lleugeresa d&#8217;un m\u00f3n canviant.<\/p>\n<p><strong>Joseph Sheridan Le Fanu<\/strong> (1814-1873), irland\u00e8s nascut a Dubl\u00edn, va comen\u00e7ar la seva carrera escrivint balades i llegendes irlandeses per ser aclamat m\u00e9s tard com un dels millors escriptors de novel\u00b7les i contes de terror, de misteri i de fantasmes. Autor de la magn\u00edfica novel\u00b7la de terror <em>Carmilla<\/em>, publicada tamb\u00e9 en aquesta col\u00b7lecci\u00f3, Sheridan Le Fanu \u00e9s un mestre en la creaci\u00f3 del desassossec que causen pres\u00e8ncies indefinibles, en la descripci\u00f3 d&#8217;ambients, paisatges i escenes t\u00e8rboles i en les aliances prematures entre el que \u00e9s mortal i el que \u00e9s immortal. En aquest llibre s&#8217;han tradu\u00eft cinc contes on no manquen els pactes amb el diable ni, sobretot, els fantasmes, tot plegat farcit amb un humor agre i sard\u00f2nic on es barreja la sordidesa, crueltat i lleugeresa d&#8217;un m\u00f3n canviant.<\/p>\n","protected":false},"excerpt":{"rendered":"<p>Joseph Sheridan Le Fanu (1814-1873), irland\u00e9s nascut a Dubl\u00edn, va comen\u00e7ar la seva carrera escrivint balades i llegendes irlandeses per ser aclamat m\u00e9s tard com un dels millors escriptors de novel\u00b7les i contes de terror, de misteri i de fantasmes. Autor de la magn\u00edfica novel\u00b7la de terror Carmilla, publicada tamb\u00e9 en aquesta col\u00b7lecci\u00f3, Sheridan Le Fanu \u00e9s un mestre en la creaci\u00f3 del desassossec que causen pres\u00e8ncies indefinibles, en la descripci\u00f3 d&#8217;ambients, paisatges i escenes t\u00e8rboles i en les aliances prematures entre el que \u00e9s mortal i el que \u00e9s inmortal. En aquest llibre s&#8217;han tradu\u00eft cinc contes on no hi manquen els pactes amb el diable ni, sobretot, els fantasmes, tot plegat farcit amb un humor agre i sard\u00f2nic on es barreja la sordidesa, crueltat i lleugeresa d&#8217;un m\u00f3n canviant.<\/p>\n","protected":false},"featured_media":13468,"template":"","meta":[],"product_brand":[],"product_cat":[296],"product_tag":[984,1028,672,673],"autores":[389],"formatos":[355],"materias":[356],"class_list":{"0":"post-11839","1":"product","2":"type-product","3":"status-publish","4":"has-post-thumbnail","6":"product_cat-larca-ca","7":"product_tag-fantasmes-ca","8":"product_tag-humor-negre-ca","9":"product_tag-literatura-fantastica-ca","10":"product_tag-terror-ca","11":"autores-le-fanu-joseph-sheridan-ca","12":"formatos-llibre","13":"materias-cuentos-clasicos-de-generos-fantasticos-ca","15":"first","16":"instock","17":"purchasable","18":"product-type-simple"},"yoast_head":"<!-- This site is optimized with the Yoast SEO plugin v27.3 - https:\/\/yoast.com\/product\/yoast-seo-wordpress\/ -->\n<title>Te verd | Laertes ediciones<\/title>\n<meta name=\"description\" content=\"En Te verd s&#039;han tradu\u00eft cinc contes on no manquen els pactes amb el diable ni, sobretot, els fantasmes, tot plegat farcit amb un humor agre.\" \/>\n<meta name=\"robots\" content=\"index, follow, max-snippet:-1, max-image-preview:large, max-video-preview:-1\" \/>\n<link rel=\"canonical\" href=\"https:\/\/www.laertes.es\/ca\/llibre\/te-verd\/\" \/>\n<meta property=\"og:locale\" content=\"ca_ES\" \/>\n<meta property=\"og:type\" content=\"article\" \/>\n<meta property=\"og:title\" content=\"Te verd | Laertes ediciones\" \/>\n<meta property=\"og:description\" content=\"En Te verd s&#039;han tradu\u00eft cinc contes on no manquen els pactes amb el diable ni, sobretot, els fantasmes, tot plegat farcit amb un humor agre.\" \/>\n<meta property=\"og:url\" content=\"https:\/\/www.laertes.es\/ca\/llibre\/te-verd\/\" \/>\n<meta property=\"og:site_name\" content=\"Laertes ediciones\" \/>\n<meta property=\"article:modified_time\" content=\"2023-05-06T07:23:05+00:00\" \/>\n<meta property=\"og:image\" content=\"https:\/\/www.laertes.es\/wp-content\/uploads\/2023\/01\/ARC078.webp\" \/>\n\t<meta property=\"og:image:width\" content=\"802\" \/>\n\t<meta property=\"og:image:height\" content=\"1200\" \/>\n\t<meta property=\"og:image:type\" content=\"image\/webp\" \/>\n<meta name=\"twitter:label1\" content=\"Temps estimat de lectura\" \/>\n\t<meta name=\"twitter:data1\" content=\"2 minuts\" \/>\n<script type=\"application\/ld+json\" class=\"yoast-schema-graph\">{\"@context\":\"https:\\\/\\\/schema.org\",\"@graph\":[{\"@type\":\"WebPage\",\"@id\":\"https:\\\/\\\/www.laertes.es\\\/ca\\\/llibre\\\/te-verd\\\/\",\"url\":\"https:\\\/\\\/www.laertes.es\\\/ca\\\/llibre\\\/te-verd\\\/\",\"name\":\"Te verd | Laertes ediciones\",\"isPartOf\":{\"@id\":\"https:\\\/\\\/www.laertes.es\\\/ca\\\/#website\"},\"primaryImageOfPage\":{\"@id\":\"https:\\\/\\\/www.laertes.es\\\/ca\\\/llibre\\\/te-verd\\\/#primaryimage\"},\"image\":{\"@id\":\"https:\\\/\\\/www.laertes.es\\\/ca\\\/llibre\\\/te-verd\\\/#primaryimage\"},\"thumbnailUrl\":\"https:\\\/\\\/www.laertes.es\\\/wp-content\\\/uploads\\\/2023\\\/01\\\/ARC078.webp\",\"datePublished\":\"2023-01-24T15:07:36+00:00\",\"dateModified\":\"2023-05-06T07:23:05+00:00\",\"description\":\"En Te verd s'han tradu\u00eft cinc contes on no manquen els pactes amb el diable ni, sobretot, els fantasmes, tot plegat farcit amb un humor agre.\",\"breadcrumb\":{\"@id\":\"https:\\\/\\\/www.laertes.es\\\/ca\\\/llibre\\\/te-verd\\\/#breadcrumb\"},\"inLanguage\":\"ca\",\"potentialAction\":[{\"@type\":\"ReadAction\",\"target\":[\"https:\\\/\\\/www.laertes.es\\\/ca\\\/llibre\\\/te-verd\\\/\"]}]},{\"@type\":\"ImageObject\",\"inLanguage\":\"ca\",\"@id\":\"https:\\\/\\\/www.laertes.es\\\/ca\\\/llibre\\\/te-verd\\\/#primaryimage\",\"url\":\"https:\\\/\\\/www.laertes.es\\\/wp-content\\\/uploads\\\/2023\\\/01\\\/ARC078.webp\",\"contentUrl\":\"https:\\\/\\\/www.laertes.es\\\/wp-content\\\/uploads\\\/2023\\\/01\\\/ARC078.webp\",\"width\":802,\"height\":1200,\"caption\":\"te verd\"},{\"@type\":\"BreadcrumbList\",\"@id\":\"https:\\\/\\\/www.laertes.es\\\/ca\\\/llibre\\\/te-verd\\\/#breadcrumb\",\"itemListElement\":[{\"@type\":\"ListItem\",\"position\":1,\"name\":\"Portada\",\"item\":\"https:\\\/\\\/www.laertes.es\\\/ca\\\/\"},{\"@type\":\"ListItem\",\"position\":2,\"name\":\"Tienda\",\"item\":\"https:\\\/\\\/www.laertes.es\\\/tienda\\\/\"},{\"@type\":\"ListItem\",\"position\":3,\"name\":\"Te verd\"}]},{\"@type\":\"WebSite\",\"@id\":\"https:\\\/\\\/www.laertes.es\\\/ca\\\/#website\",\"url\":\"https:\\\/\\\/www.laertes.es\\\/ca\\\/\",\"name\":\"Laertes Ediciones\",\"description\":\"Editorial independiente desde 1975\",\"alternateName\":\"Laertes\",\"potentialAction\":[{\"@type\":\"SearchAction\",\"target\":{\"@type\":\"EntryPoint\",\"urlTemplate\":\"https:\\\/\\\/www.laertes.es\\\/ca\\\/?s={search_term_string}\"},\"query-input\":{\"@type\":\"PropertyValueSpecification\",\"valueRequired\":true,\"valueName\":\"search_term_string\"}}],\"inLanguage\":\"ca\"}]}<\/script>\n<!-- \/ Yoast SEO plugin. -->","yoast_head_json":{"title":"Te verd | Laertes ediciones","description":"En Te verd s'han tradu\u00eft cinc contes on no manquen els pactes amb el diable ni, sobretot, els fantasmes, tot plegat farcit amb un humor agre.","robots":{"index":"index","follow":"follow","max-snippet":"max-snippet:-1","max-image-preview":"max-image-preview:large","max-video-preview":"max-video-preview:-1"},"canonical":"https:\/\/www.laertes.es\/ca\/llibre\/te-verd\/","og_locale":"ca_ES","og_type":"article","og_title":"Te verd | Laertes ediciones","og_description":"En Te verd s'han tradu\u00eft cinc contes on no manquen els pactes amb el diable ni, sobretot, els fantasmes, tot plegat farcit amb un humor agre.","og_url":"https:\/\/www.laertes.es\/ca\/llibre\/te-verd\/","og_site_name":"Laertes ediciones","article_modified_time":"2023-05-06T07:23:05+00:00","og_image":[{"width":802,"height":1200,"url":"https:\/\/www.laertes.es\/wp-content\/uploads\/2023\/01\/ARC078.webp","type":"image\/webp"}],"twitter_misc":{"Temps estimat de lectura":"2 minuts"},"schema":{"@context":"https:\/\/schema.org","@graph":[{"@type":"WebPage","@id":"https:\/\/www.laertes.es\/ca\/llibre\/te-verd\/","url":"https:\/\/www.laertes.es\/ca\/llibre\/te-verd\/","name":"Te verd | Laertes ediciones","isPartOf":{"@id":"https:\/\/www.laertes.es\/ca\/#website"},"primaryImageOfPage":{"@id":"https:\/\/www.laertes.es\/ca\/llibre\/te-verd\/#primaryimage"},"image":{"@id":"https:\/\/www.laertes.es\/ca\/llibre\/te-verd\/#primaryimage"},"thumbnailUrl":"https:\/\/www.laertes.es\/wp-content\/uploads\/2023\/01\/ARC078.webp","datePublished":"2023-01-24T15:07:36+00:00","dateModified":"2023-05-06T07:23:05+00:00","description":"En Te verd s'han tradu\u00eft cinc contes on no manquen els pactes amb el diable ni, sobretot, els fantasmes, tot plegat farcit amb un humor agre.","breadcrumb":{"@id":"https:\/\/www.laertes.es\/ca\/llibre\/te-verd\/#breadcrumb"},"inLanguage":"ca","potentialAction":[{"@type":"ReadAction","target":["https:\/\/www.laertes.es\/ca\/llibre\/te-verd\/"]}]},{"@type":"ImageObject","inLanguage":"ca","@id":"https:\/\/www.laertes.es\/ca\/llibre\/te-verd\/#primaryimage","url":"https:\/\/www.laertes.es\/wp-content\/uploads\/2023\/01\/ARC078.webp","contentUrl":"https:\/\/www.laertes.es\/wp-content\/uploads\/2023\/01\/ARC078.webp","width":802,"height":1200,"caption":"te verd"},{"@type":"BreadcrumbList","@id":"https:\/\/www.laertes.es\/ca\/llibre\/te-verd\/#breadcrumb","itemListElement":[{"@type":"ListItem","position":1,"name":"Portada","item":"https:\/\/www.laertes.es\/ca\/"},{"@type":"ListItem","position":2,"name":"Tienda","item":"https:\/\/www.laertes.es\/tienda\/"},{"@type":"ListItem","position":3,"name":"Te verd"}]},{"@type":"WebSite","@id":"https:\/\/www.laertes.es\/ca\/#website","url":"https:\/\/www.laertes.es\/ca\/","name":"Laertes Ediciones","description":"Editorial independiente desde 1975","alternateName":"Laertes","potentialAction":[{"@type":"SearchAction","target":{"@type":"EntryPoint","urlTemplate":"https:\/\/www.laertes.es\/ca\/?s={search_term_string}"},"query-input":{"@type":"PropertyValueSpecification","valueRequired":true,"valueName":"search_term_string"}}],"inLanguage":"ca"}]}},"_links":{"self":[{"href":"https:\/\/www.laertes.es\/ca\/wp-json\/wp\/v2\/product\/11839","targetHints":{"allow":["GET"]}}],"collection":[{"href":"https:\/\/www.laertes.es\/ca\/wp-json\/wp\/v2\/product"}],"about":[{"href":"https:\/\/www.laertes.es\/ca\/wp-json\/wp\/v2\/types\/product"}],"version-history":[{"count":1,"href":"https:\/\/www.laertes.es\/ca\/wp-json\/wp\/v2\/product\/11839\/revisions"}],"predecessor-version":[{"id":13470,"href":"https:\/\/www.laertes.es\/ca\/wp-json\/wp\/v2\/product\/11839\/revisions\/13470"}],"wp:featuredmedia":[{"embeddable":true,"href":"https:\/\/www.laertes.es\/ca\/wp-json\/wp\/v2\/media\/13468"}],"wp:attachment":[{"href":"https:\/\/www.laertes.es\/ca\/wp-json\/wp\/v2\/media?parent=11839"}],"wp:term":[{"taxonomy":"product_brand","embeddable":true,"href":"https:\/\/www.laertes.es\/ca\/wp-json\/wp\/v2\/product_brand?post=11839"},{"taxonomy":"product_cat","embeddable":true,"href":"https:\/\/www.laertes.es\/ca\/wp-json\/wp\/v2\/product_cat?post=11839"},{"taxonomy":"product_tag","embeddable":true,"href":"https:\/\/www.laertes.es\/ca\/wp-json\/wp\/v2\/product_tag?post=11839"},{"taxonomy":"autores","embeddable":true,"href":"https:\/\/www.laertes.es\/ca\/wp-json\/wp\/v2\/autores?post=11839"},{"taxonomy":"formatos","embeddable":true,"href":"https:\/\/www.laertes.es\/ca\/wp-json\/wp\/v2\/formatos?post=11839"},{"taxonomy":"materias","embeddable":true,"href":"https:\/\/www.laertes.es\/ca\/wp-json\/wp\/v2\/materias?post=11839"}],"curies":[{"name":"wp","href":"https:\/\/api.w.org\/{rel}","templated":true}]}}