{"id":11836,"date":"2023-01-24T15:07:36","date_gmt":"2023-01-24T15:07:36","guid":{"rendered":"https:\/libro\/terra-delles\/"},"modified":"2023-05-06T05:30:11","modified_gmt":"2023-05-06T05:30:11","slug":"terra-delles","status":"publish","type":"product","link":"https:\/\/www.laertes.es\/ca\/llibre\/terra-delles\/","title":{"rendered":"Terra d&#8217;Elles"},"content":{"rendered":"<p>A <em>Terra d&#8217;Elles<\/em>, l\u00facida visi\u00f3 d&#8217;una utopia feminista, Gilman fa servir un fecund enginy a l&#8217;hora de relatar el \u00abdescobriment\u00bb per part de tres exploradors d&#8217;una societat exclusivament femenina a\u00efllada en algun indret d&#8217;Am\u00e8rica del Sud. El llibre, una fantasia ben estructurada, permet a Gilman articular les seves idees, poc convencionals a l&#8217;\u00e8poca, sobre les aptituds i els rols femenins i masculins, la maternitat, l&#8217;individualisme, la sororitat, la intimitat, el sentiment de comunitat, la sexualitat i molts altres temes: les relacions mare-filla, l&#8217;educaci\u00f3, la religi\u00f3, la pau, el patriotisme, el desenvolupament sostenible&#8230; <em>Terra d&#8217;Elles<\/em> captivar\u00e0 les lectores i els lectors pel punt de vista altament intel\u00b7ligent empeltat d&#8217;ironia al llarg de tota la novel\u00b7la. A <em>Terra d&#8217;Elles<\/em>, una de les seves obres cabdals, Gilman utilitza un relat d&#8217;aventures original\u00edssim per combatre les injust\u00edcies i desigualtats que va veure i analitzar durant tota la seva vida i perqu\u00e8 puguem imaginar com seria un m\u00f3n on les dones no tinguessin por.<\/p>\n<p>A <em>Terra d&#8217;Elles<\/em>, l\u00facida visi\u00f3 d&#8217;una utopia feminista, Gilman fa servir un fecund enginy a l&#8217;hora de relatar el \u00abdescobriment\u00bb per part de tres exploradors d&#8217;una societat exclusivament femenina a\u00efllada en algun indret d&#8217;Am\u00e8rica del Sud. El llibre, una fantasia ben estructurada, permet a Gilman articular les seves idees, poc convencionals a l&#8217;\u00e8poca, sobre les aptituds i els rols femenins i masculins, la maternitat, l&#8217;individualisme, la sororitat, la intimitat, el sentiment de comunitat, la sexualitat i molts altres temes: les relacions mare-filla, l&#8217;educaci\u00f3, la religi\u00f3, la pau, el patriotisme, el desenvolupament sostenible&#8230; <em>Terra d&#8217;Elles<\/em> captivar\u00e0 les lectores i els lectors pel punt de vista altament intel\u00b7ligent empeltat d&#8217;ironia al llarg de tota la novel\u00b7la. A <em>Terra d&#8217;Elles<\/em>, una de les seves obres cabdals, Gilman utilitza un relat d&#8217;aventures original\u00edssim per combatre les injust\u00edcies i desigualtats que va veure i analitzar durant tota la seva vida i perqu\u00e8 puguem imaginar com seria un m\u00f3n on les dones no tinguessin por.<\/p>\n","protected":false},"excerpt":{"rendered":"<p>A Terra d&#8217;Elles, l\u00facida visi\u00f3 d&#8217;una utopia feminista, Gilman fa servir un fecund enginy a l&#8217;hora de relatar el \u00abdescobriment\u00bb per part de tres exploradors d&#8217;una societat exclusivament femenina a\u00efllada en algun indret d&#8217;Am\u00e8rica del Sud. El llibre, una fantasia ben estructurada, permet a Gilman articular les seves idees, poc convencionals a l&#8217;\u00e8poca, sobre les aptituds i els rols femenins i masculins, la maternitat, l&#8217;individualisme, la sororitat, la intimitat, el sentiment de comunitat, la sexualitat i molts altres temes: les relacions mare-filla, l&#8217;educaci\u00f3, la religi\u00f3, la pau, el patriotisme, el desenvolupament sostenible&#8230; Terra d&#8217;Elles captivar\u00e0 les lectores i els lectors pel punt de vista altament intel\u00b7ligent empeltat d&#8217;ironia al llarg de tota la novel\u00b7la. A Terra d&#8217;Elles, una de les seves obres cabdals, Gilman utilitza un relat d&#8217;aventures original\u00edssim per combatre les injust\u00edcies i desigualtats que va veure i analitzar durant tota la seva vida i perqu\u00e8 puguem imaginar com seria un m\u00f3n on les dones no tinguessin por.<\/p>\n","protected":false},"featured_media":13399,"template":"","meta":[],"product_brand":[],"product_cat":[296],"product_tag":[992,703,993,672],"autores":[436],"formatos":[355],"materias":[356],"class_list":{"0":"post-11836","1":"product","2":"type-product","3":"status-publish","4":"has-post-thumbnail","6":"product_cat-larca-ca","7":"product_tag-critica-social-ca","8":"product_tag-distopia-ca","9":"product_tag-feminisme-ca","10":"product_tag-literatura-fantastica-ca","11":"autores-perkins-gilman-charlotte-ca","12":"formatos-llibre","13":"materias-cuentos-clasicos-de-generos-fantasticos-ca","15":"first","16":"instock","17":"purchasable","18":"product-type-simple"},"yoast_head":"<!-- This site is optimized with the Yoast SEO plugin v27.4 - https:\/\/yoast.com\/product\/yoast-seo-wordpress\/ -->\n<title>Terra d&#039;Elles | Laertes ediciones<\/title>\n<meta name=\"description\" content=\"Terra d&#039;Elles, l\u00facida visi\u00f3 d&#039;una utopia feminista, Gilman fa servir un enginy a l&#039;hora de relatar el \u00abdescobriment\u00bb d&#039;una societat exclusivament femenina.\" \/>\n<meta name=\"robots\" content=\"index, follow, max-snippet:-1, max-image-preview:large, max-video-preview:-1\" \/>\n<link rel=\"canonical\" href=\"https:\/\/www.laertes.es\/ca\/llibre\/terra-delles\/\" \/>\n<meta property=\"og:locale\" content=\"ca_ES\" \/>\n<meta property=\"og:type\" content=\"article\" \/>\n<meta property=\"og:title\" content=\"Terra d&#039;Elles | Laertes ediciones\" \/>\n<meta property=\"og:description\" content=\"Terra d&#039;Elles, l\u00facida visi\u00f3 d&#039;una utopia feminista, Gilman fa servir un enginy a l&#039;hora de relatar el \u00abdescobriment\u00bb d&#039;una societat exclusivament femenina.\" \/>\n<meta property=\"og:url\" content=\"https:\/\/www.laertes.es\/ca\/llibre\/terra-delles\/\" \/>\n<meta property=\"og:site_name\" content=\"Laertes ediciones\" \/>\n<meta property=\"article:modified_time\" content=\"2023-05-06T05:30:11+00:00\" \/>\n<meta property=\"og:image\" content=\"https:\/\/www.laertes.es\/wp-content\/uploads\/2023\/01\/ARC081.webp\" \/>\n\t<meta property=\"og:image:width\" content=\"802\" \/>\n\t<meta property=\"og:image:height\" content=\"1200\" \/>\n\t<meta property=\"og:image:type\" content=\"image\/webp\" \/>\n<meta name=\"twitter:label1\" content=\"Temps estimat de lectura\" \/>\n\t<meta name=\"twitter:data1\" content=\"2 minuts\" \/>\n<script type=\"application\/ld+json\" class=\"yoast-schema-graph\">{\"@context\":\"https:\\\/\\\/schema.org\",\"@graph\":[{\"@type\":\"WebPage\",\"@id\":\"https:\\\/\\\/www.laertes.es\\\/ca\\\/llibre\\\/terra-delles\\\/\",\"url\":\"https:\\\/\\\/www.laertes.es\\\/ca\\\/llibre\\\/terra-delles\\\/\",\"name\":\"Terra d'Elles | Laertes ediciones\",\"isPartOf\":{\"@id\":\"https:\\\/\\\/www.laertes.es\\\/ca\\\/#website\"},\"primaryImageOfPage\":{\"@id\":\"https:\\\/\\\/www.laertes.es\\\/ca\\\/llibre\\\/terra-delles\\\/#primaryimage\"},\"image\":{\"@id\":\"https:\\\/\\\/www.laertes.es\\\/ca\\\/llibre\\\/terra-delles\\\/#primaryimage\"},\"thumbnailUrl\":\"https:\\\/\\\/www.laertes.es\\\/wp-content\\\/uploads\\\/2023\\\/01\\\/ARC081.webp\",\"datePublished\":\"2023-01-24T15:07:36+00:00\",\"dateModified\":\"2023-05-06T05:30:11+00:00\",\"description\":\"Terra d'Elles, l\u00facida visi\u00f3 d'una utopia feminista, Gilman fa servir un enginy a l'hora de relatar el \u00abdescobriment\u00bb d'una societat exclusivament femenina.\",\"breadcrumb\":{\"@id\":\"https:\\\/\\\/www.laertes.es\\\/ca\\\/llibre\\\/terra-delles\\\/#breadcrumb\"},\"inLanguage\":\"ca\",\"potentialAction\":[{\"@type\":\"ReadAction\",\"target\":[\"https:\\\/\\\/www.laertes.es\\\/ca\\\/llibre\\\/terra-delles\\\/\"]}]},{\"@type\":\"ImageObject\",\"inLanguage\":\"ca\",\"@id\":\"https:\\\/\\\/www.laertes.es\\\/ca\\\/llibre\\\/terra-delles\\\/#primaryimage\",\"url\":\"https:\\\/\\\/www.laertes.es\\\/wp-content\\\/uploads\\\/2023\\\/01\\\/ARC081.webp\",\"contentUrl\":\"https:\\\/\\\/www.laertes.es\\\/wp-content\\\/uploads\\\/2023\\\/01\\\/ARC081.webp\",\"width\":802,\"height\":1200,\"caption\":\"Terra d'elles\"},{\"@type\":\"BreadcrumbList\",\"@id\":\"https:\\\/\\\/www.laertes.es\\\/ca\\\/llibre\\\/terra-delles\\\/#breadcrumb\",\"itemListElement\":[{\"@type\":\"ListItem\",\"position\":1,\"name\":\"Portada\",\"item\":\"https:\\\/\\\/www.laertes.es\\\/ca\\\/\"},{\"@type\":\"ListItem\",\"position\":2,\"name\":\"Tienda\",\"item\":\"https:\\\/\\\/www.laertes.es\\\/tienda\\\/\"},{\"@type\":\"ListItem\",\"position\":3,\"name\":\"Terra d&#8217;Elles\"}]},{\"@type\":\"WebSite\",\"@id\":\"https:\\\/\\\/www.laertes.es\\\/ca\\\/#website\",\"url\":\"https:\\\/\\\/www.laertes.es\\\/ca\\\/\",\"name\":\"Laertes Ediciones\",\"description\":\"Editorial independiente desde 1975\",\"alternateName\":\"Laertes\",\"potentialAction\":[{\"@type\":\"SearchAction\",\"target\":{\"@type\":\"EntryPoint\",\"urlTemplate\":\"https:\\\/\\\/www.laertes.es\\\/ca\\\/?s={search_term_string}\"},\"query-input\":{\"@type\":\"PropertyValueSpecification\",\"valueRequired\":true,\"valueName\":\"search_term_string\"}}],\"inLanguage\":\"ca\"}]}<\/script>\n<!-- \/ Yoast SEO plugin. -->","yoast_head_json":{"title":"Terra d'Elles | Laertes ediciones","description":"Terra d'Elles, l\u00facida visi\u00f3 d'una utopia feminista, Gilman fa servir un enginy a l'hora de relatar el \u00abdescobriment\u00bb d'una societat exclusivament femenina.","robots":{"index":"index","follow":"follow","max-snippet":"max-snippet:-1","max-image-preview":"max-image-preview:large","max-video-preview":"max-video-preview:-1"},"canonical":"https:\/\/www.laertes.es\/ca\/llibre\/terra-delles\/","og_locale":"ca_ES","og_type":"article","og_title":"Terra d'Elles | Laertes ediciones","og_description":"Terra d'Elles, l\u00facida visi\u00f3 d'una utopia feminista, Gilman fa servir un enginy a l'hora de relatar el \u00abdescobriment\u00bb d'una societat exclusivament femenina.","og_url":"https:\/\/www.laertes.es\/ca\/llibre\/terra-delles\/","og_site_name":"Laertes ediciones","article_modified_time":"2023-05-06T05:30:11+00:00","og_image":[{"width":802,"height":1200,"url":"https:\/\/www.laertes.es\/wp-content\/uploads\/2023\/01\/ARC081.webp","type":"image\/webp"}],"twitter_misc":{"Temps estimat de lectura":"2 minuts"},"schema":{"@context":"https:\/\/schema.org","@graph":[{"@type":"WebPage","@id":"https:\/\/www.laertes.es\/ca\/llibre\/terra-delles\/","url":"https:\/\/www.laertes.es\/ca\/llibre\/terra-delles\/","name":"Terra d'Elles | Laertes ediciones","isPartOf":{"@id":"https:\/\/www.laertes.es\/ca\/#website"},"primaryImageOfPage":{"@id":"https:\/\/www.laertes.es\/ca\/llibre\/terra-delles\/#primaryimage"},"image":{"@id":"https:\/\/www.laertes.es\/ca\/llibre\/terra-delles\/#primaryimage"},"thumbnailUrl":"https:\/\/www.laertes.es\/wp-content\/uploads\/2023\/01\/ARC081.webp","datePublished":"2023-01-24T15:07:36+00:00","dateModified":"2023-05-06T05:30:11+00:00","description":"Terra d'Elles, l\u00facida visi\u00f3 d'una utopia feminista, Gilman fa servir un enginy a l'hora de relatar el \u00abdescobriment\u00bb d'una societat exclusivament femenina.","breadcrumb":{"@id":"https:\/\/www.laertes.es\/ca\/llibre\/terra-delles\/#breadcrumb"},"inLanguage":"ca","potentialAction":[{"@type":"ReadAction","target":["https:\/\/www.laertes.es\/ca\/llibre\/terra-delles\/"]}]},{"@type":"ImageObject","inLanguage":"ca","@id":"https:\/\/www.laertes.es\/ca\/llibre\/terra-delles\/#primaryimage","url":"https:\/\/www.laertes.es\/wp-content\/uploads\/2023\/01\/ARC081.webp","contentUrl":"https:\/\/www.laertes.es\/wp-content\/uploads\/2023\/01\/ARC081.webp","width":802,"height":1200,"caption":"Terra d'elles"},{"@type":"BreadcrumbList","@id":"https:\/\/www.laertes.es\/ca\/llibre\/terra-delles\/#breadcrumb","itemListElement":[{"@type":"ListItem","position":1,"name":"Portada","item":"https:\/\/www.laertes.es\/ca\/"},{"@type":"ListItem","position":2,"name":"Tienda","item":"https:\/\/www.laertes.es\/tienda\/"},{"@type":"ListItem","position":3,"name":"Terra d&#8217;Elles"}]},{"@type":"WebSite","@id":"https:\/\/www.laertes.es\/ca\/#website","url":"https:\/\/www.laertes.es\/ca\/","name":"Laertes Ediciones","description":"Editorial independiente desde 1975","alternateName":"Laertes","potentialAction":[{"@type":"SearchAction","target":{"@type":"EntryPoint","urlTemplate":"https:\/\/www.laertes.es\/ca\/?s={search_term_string}"},"query-input":{"@type":"PropertyValueSpecification","valueRequired":true,"valueName":"search_term_string"}}],"inLanguage":"ca"}]}},"_links":{"self":[{"href":"https:\/\/www.laertes.es\/ca\/wp-json\/wp\/v2\/product\/11836","targetHints":{"allow":["GET"]}}],"collection":[{"href":"https:\/\/www.laertes.es\/ca\/wp-json\/wp\/v2\/product"}],"about":[{"href":"https:\/\/www.laertes.es\/ca\/wp-json\/wp\/v2\/types\/product"}],"version-history":[{"count":1,"href":"https:\/\/www.laertes.es\/ca\/wp-json\/wp\/v2\/product\/11836\/revisions"}],"predecessor-version":[{"id":13402,"href":"https:\/\/www.laertes.es\/ca\/wp-json\/wp\/v2\/product\/11836\/revisions\/13402"}],"wp:featuredmedia":[{"embeddable":true,"href":"https:\/\/www.laertes.es\/ca\/wp-json\/wp\/v2\/media\/13399"}],"wp:attachment":[{"href":"https:\/\/www.laertes.es\/ca\/wp-json\/wp\/v2\/media?parent=11836"}],"wp:term":[{"taxonomy":"product_brand","embeddable":true,"href":"https:\/\/www.laertes.es\/ca\/wp-json\/wp\/v2\/product_brand?post=11836"},{"taxonomy":"product_cat","embeddable":true,"href":"https:\/\/www.laertes.es\/ca\/wp-json\/wp\/v2\/product_cat?post=11836"},{"taxonomy":"product_tag","embeddable":true,"href":"https:\/\/www.laertes.es\/ca\/wp-json\/wp\/v2\/product_tag?post=11836"},{"taxonomy":"autores","embeddable":true,"href":"https:\/\/www.laertes.es\/ca\/wp-json\/wp\/v2\/autores?post=11836"},{"taxonomy":"formatos","embeddable":true,"href":"https:\/\/www.laertes.es\/ca\/wp-json\/wp\/v2\/formatos?post=11836"},{"taxonomy":"materias","embeddable":true,"href":"https:\/\/www.laertes.es\/ca\/wp-json\/wp\/v2\/materias?post=11836"}],"curies":[{"name":"wp","href":"https:\/\/api.w.org\/{rel}","templated":true}]}}