{"id":11835,"date":"2023-01-24T15:07:36","date_gmt":"2023-01-24T15:07:36","guid":{"rendered":"https:\/libro\/el-llit-sota-la-tomba\/"},"modified":"2023-05-06T07:46:55","modified_gmt":"2023-05-06T07:46:55","slug":"el-llit-sota-la-tomba","status":"publish","type":"product","link":"https:\/\/www.laertes.es\/ca\/llibre\/el-llit-sota-la-tomba\/","title":{"rendered":"El llit sota la tomba"},"content":{"rendered":"<h1>El llit sota la tomba<\/h1>\n<p>El llit sota la tomba El lector en catal\u00e0 t\u00e9 a l&#8217;abast, per primera vegada, el nucli essencial de la narrativa de vampirs escrita dins l&#8217;\u00e0mbit cultural europeu. Figuren a l&#8217;antologia els autors i els t\u00edtols que no hi poden faltar: Goethe, l&#8217;inaugurador de la narrativa de vampirs a Europa, els relats punters de Polidori, Gautier, Tolstoi, Crawford o Stroker, el creador de Dr\u00e0cula, el merescudament fam\u00f3s, per\u00f2 escassament dif\u00f3s relat de vampis de Fritz-James O&#8217;Brien; per\u00f2 hi ha tamb\u00e9 inclusions ins\u00f2lites: l&#8217;aportaci\u00f3 catalana de Joaquim Ruyra a la narrativa de vampirs, i els magn\u00edfics relats de D.H. Lawrence i F. Scott Fitzgerald. La ra\u00f3 de cenyir la selecci\u00f3 al per\u00edode 1797-1927 \u00e9s exposada en el pr\u00f2leg pel novel\u00b7lista i assagista Emili Olcina, el qual formula una soluci\u00f3 clara i concreta al vell problema del vampirisme i enfoca sota una llum nova la rica branca de la ficci\u00f3 fant\u00e0stica que \u00e9s la narrativa de vampirs.<\/p>\n<p>El lector en catal\u00e0 t\u00e9 a l&#8217;abast, per primera vegada, el nucli essencial de la narrativa de vampirs escrita dins l&#8217;\u00e0mbit cultural europeu. Figuren a l&#8217;antologia els autors i els t\u00edtols que no hi poden faltar: Goethe, l&#8217;inaugurador de la narrativa de vampirs a Europa, els relats punters de Polidori, Gautier, Tolstoi, Crawford o Stroker, el creador de Dr\u00e0cula, el merescudament fam\u00f3s, per\u00f2 escassament dif\u00f3s relat de vampis de Fritz-James O&#8217;Brien; per\u00f2 hi ha tamb\u00e9 inclusions ins\u00f2lites: l&#8217;aportaci\u00f3 catalana de Joaquim Ruyra a la narrativa de vampirs, i els magn\u00edfics relats de D.H. Lawrence i F. Scott Fitzgerald. La ra\u00f3 de cenyir la selecci\u00f3 al per\u00edode 1797-1927 \u00e9s exposada en el pr\u00f2leg pel novel\u00b7lista i assagista Emili Olcina, el qual formula una soluci\u00f3 clara i concreta al vell problema del vampirisme i enfoca sota una llum nova la rica branca de la ficci\u00f3 fant\u00e0stica que \u00e9s la narrativa de vampirs.<\/p>\n","protected":false},"excerpt":{"rendered":"<p>El lector en catal\u00e0 t\u00e9 a l&#8217;abast, per primera vegada, el nucli essencial de la narrativa de vampirs escrita dins l&#8217;\u00e0mbit cultural europeu. Figuren a l&#8217;antologia els autors i els t\u00edtols que no hi poden faltar: Goethe, l&#8217;inaugurador de la narrativa de vampirs a Europa, els relats punters de Polidori, Gautier, Tolstoi, Crawford o Stroker, el creador de Dr\u00e0cula, el merescudament fam\u00f3s per\u00f2 escassament dif\u00f3s relat de vampis de Fritz-James O&#8217;Brien; per\u00f2 hi ha tamb\u00e9 inclusions ins\u00f2lites: l&#8217;aportaci\u00f3 catalana de Joaquim Ruyra a la narrativa de vampirs, i els magn\u00edfics relats de D.H. Lawrence i F. Scott Fitzgerald. La ra\u00f3 de cenyir la selecci\u00f3 al per\u00edode 1797-1927 \u00e9s exposada en el pr\u00f2leg pel novel\u00b7lista i assagista Emili Olcina, el qual formula una soluci\u00f3 clara i concreta al vell problema del vampirisme i enfoca sota una llum nova la rica branca de la ficci\u00f3 fant\u00e0stica que \u00e9s la narrativa de vampirs<\/p>\n","protected":false},"featured_media":13291,"template":"","meta":[],"product_brand":[],"product_cat":[296],"product_tag":[672,673,1038],"autores":[433],"formatos":[355],"materias":[356],"class_list":{"0":"post-11835","1":"product","2":"type-product","3":"status-publish","4":"has-post-thumbnail","6":"product_cat-larca-ca","7":"product_tag-literatura-fantastica-ca","8":"product_tag-terror-ca","9":"product_tag-vampirs-ca","10":"autores-varios-autores-ca","11":"formatos-llibre","12":"materias-cuentos-clasicos-de-generos-fantasticos-ca","14":"first","15":"instock","16":"purchasable","17":"product-type-simple"},"yoast_head":"<!-- This site is optimized with the Yoast SEO plugin v27.4 - https:\/\/yoast.com\/product\/yoast-seo-wordpress\/ -->\n<title>El llit sota la tomba | Laertes ediciones<\/title>\n<meta name=\"description\" content=\"El llit sota la tomba | El lector en catal\u00e0 t\u00e9 a l&#039;abast, per primera vegada, el nucli essencial de la narrativa de vampirs escrita dins l&#039;\u00e0mbit europeu.\" \/>\n<meta name=\"robots\" content=\"index, follow, max-snippet:-1, max-image-preview:large, max-video-preview:-1\" \/>\n<link rel=\"canonical\" href=\"https:\/\/www.laertes.es\/ca\/llibre\/el-llit-sota-la-tomba\/\" \/>\n<meta property=\"og:locale\" content=\"ca_ES\" \/>\n<meta property=\"og:type\" content=\"article\" \/>\n<meta property=\"og:title\" content=\"El llit sota la tomba | Laertes ediciones\" \/>\n<meta property=\"og:description\" content=\"El llit sota la tomba | El lector en catal\u00e0 t\u00e9 a l&#039;abast, per primera vegada, el nucli essencial de la narrativa de vampirs escrita dins l&#039;\u00e0mbit europeu.\" \/>\n<meta property=\"og:url\" content=\"https:\/\/www.laertes.es\/ca\/llibre\/el-llit-sota-la-tomba\/\" \/>\n<meta property=\"og:site_name\" content=\"Laertes ediciones\" \/>\n<meta property=\"article:modified_time\" content=\"2023-05-06T07:46:55+00:00\" \/>\n<meta property=\"og:image\" content=\"https:\/\/www.laertes.es\/wp-content\/uploads\/2023\/01\/ARC082.webp\" \/>\n\t<meta property=\"og:image:width\" content=\"802\" \/>\n\t<meta property=\"og:image:height\" content=\"1200\" \/>\n\t<meta property=\"og:image:type\" content=\"image\/webp\" \/>\n<meta name=\"twitter:label1\" content=\"Temps estimat de lectura\" \/>\n\t<meta name=\"twitter:data1\" content=\"2 minuts\" \/>\n<script type=\"application\/ld+json\" class=\"yoast-schema-graph\">{\"@context\":\"https:\\\/\\\/schema.org\",\"@graph\":[{\"@type\":\"WebPage\",\"@id\":\"https:\\\/\\\/www.laertes.es\\\/ca\\\/llibre\\\/el-llit-sota-la-tomba\\\/\",\"url\":\"https:\\\/\\\/www.laertes.es\\\/ca\\\/llibre\\\/el-llit-sota-la-tomba\\\/\",\"name\":\"El llit sota la tomba | Laertes ediciones\",\"isPartOf\":{\"@id\":\"https:\\\/\\\/www.laertes.es\\\/ca\\\/#website\"},\"primaryImageOfPage\":{\"@id\":\"https:\\\/\\\/www.laertes.es\\\/ca\\\/llibre\\\/el-llit-sota-la-tomba\\\/#primaryimage\"},\"image\":{\"@id\":\"https:\\\/\\\/www.laertes.es\\\/ca\\\/llibre\\\/el-llit-sota-la-tomba\\\/#primaryimage\"},\"thumbnailUrl\":\"https:\\\/\\\/www.laertes.es\\\/wp-content\\\/uploads\\\/2023\\\/01\\\/ARC082.webp\",\"datePublished\":\"2023-01-24T15:07:36+00:00\",\"dateModified\":\"2023-05-06T07:46:55+00:00\",\"description\":\"El llit sota la tomba | El lector en catal\u00e0 t\u00e9 a l'abast, per primera vegada, el nucli essencial de la narrativa de vampirs escrita dins l'\u00e0mbit europeu.\",\"breadcrumb\":{\"@id\":\"https:\\\/\\\/www.laertes.es\\\/ca\\\/llibre\\\/el-llit-sota-la-tomba\\\/#breadcrumb\"},\"inLanguage\":\"ca\",\"potentialAction\":[{\"@type\":\"ReadAction\",\"target\":[\"https:\\\/\\\/www.laertes.es\\\/ca\\\/llibre\\\/el-llit-sota-la-tomba\\\/\"]}]},{\"@type\":\"ImageObject\",\"inLanguage\":\"ca\",\"@id\":\"https:\\\/\\\/www.laertes.es\\\/ca\\\/llibre\\\/el-llit-sota-la-tomba\\\/#primaryimage\",\"url\":\"https:\\\/\\\/www.laertes.es\\\/wp-content\\\/uploads\\\/2023\\\/01\\\/ARC082.webp\",\"contentUrl\":\"https:\\\/\\\/www.laertes.es\\\/wp-content\\\/uploads\\\/2023\\\/01\\\/ARC082.webp\",\"width\":802,\"height\":1200,\"caption\":\"El llit sota la tomba\"},{\"@type\":\"BreadcrumbList\",\"@id\":\"https:\\\/\\\/www.laertes.es\\\/ca\\\/llibre\\\/el-llit-sota-la-tomba\\\/#breadcrumb\",\"itemListElement\":[{\"@type\":\"ListItem\",\"position\":1,\"name\":\"Portada\",\"item\":\"https:\\\/\\\/www.laertes.es\\\/ca\\\/\"},{\"@type\":\"ListItem\",\"position\":2,\"name\":\"Tienda\",\"item\":\"https:\\\/\\\/www.laertes.es\\\/tienda\\\/\"},{\"@type\":\"ListItem\",\"position\":3,\"name\":\"El llit sota la tomba\"}]},{\"@type\":\"WebSite\",\"@id\":\"https:\\\/\\\/www.laertes.es\\\/ca\\\/#website\",\"url\":\"https:\\\/\\\/www.laertes.es\\\/ca\\\/\",\"name\":\"Laertes Ediciones\",\"description\":\"Editorial independiente desde 1975\",\"alternateName\":\"Laertes\",\"potentialAction\":[{\"@type\":\"SearchAction\",\"target\":{\"@type\":\"EntryPoint\",\"urlTemplate\":\"https:\\\/\\\/www.laertes.es\\\/ca\\\/?s={search_term_string}\"},\"query-input\":{\"@type\":\"PropertyValueSpecification\",\"valueRequired\":true,\"valueName\":\"search_term_string\"}}],\"inLanguage\":\"ca\"}]}<\/script>\n<!-- \/ Yoast SEO plugin. -->","yoast_head_json":{"title":"El llit sota la tomba | Laertes ediciones","description":"El llit sota la tomba | El lector en catal\u00e0 t\u00e9 a l'abast, per primera vegada, el nucli essencial de la narrativa de vampirs escrita dins l'\u00e0mbit europeu.","robots":{"index":"index","follow":"follow","max-snippet":"max-snippet:-1","max-image-preview":"max-image-preview:large","max-video-preview":"max-video-preview:-1"},"canonical":"https:\/\/www.laertes.es\/ca\/llibre\/el-llit-sota-la-tomba\/","og_locale":"ca_ES","og_type":"article","og_title":"El llit sota la tomba | Laertes ediciones","og_description":"El llit sota la tomba | El lector en catal\u00e0 t\u00e9 a l'abast, per primera vegada, el nucli essencial de la narrativa de vampirs escrita dins l'\u00e0mbit europeu.","og_url":"https:\/\/www.laertes.es\/ca\/llibre\/el-llit-sota-la-tomba\/","og_site_name":"Laertes ediciones","article_modified_time":"2023-05-06T07:46:55+00:00","og_image":[{"width":802,"height":1200,"url":"https:\/\/www.laertes.es\/wp-content\/uploads\/2023\/01\/ARC082.webp","type":"image\/webp"}],"twitter_misc":{"Temps estimat de lectura":"2 minuts"},"schema":{"@context":"https:\/\/schema.org","@graph":[{"@type":"WebPage","@id":"https:\/\/www.laertes.es\/ca\/llibre\/el-llit-sota-la-tomba\/","url":"https:\/\/www.laertes.es\/ca\/llibre\/el-llit-sota-la-tomba\/","name":"El llit sota la tomba | Laertes ediciones","isPartOf":{"@id":"https:\/\/www.laertes.es\/ca\/#website"},"primaryImageOfPage":{"@id":"https:\/\/www.laertes.es\/ca\/llibre\/el-llit-sota-la-tomba\/#primaryimage"},"image":{"@id":"https:\/\/www.laertes.es\/ca\/llibre\/el-llit-sota-la-tomba\/#primaryimage"},"thumbnailUrl":"https:\/\/www.laertes.es\/wp-content\/uploads\/2023\/01\/ARC082.webp","datePublished":"2023-01-24T15:07:36+00:00","dateModified":"2023-05-06T07:46:55+00:00","description":"El llit sota la tomba | El lector en catal\u00e0 t\u00e9 a l'abast, per primera vegada, el nucli essencial de la narrativa de vampirs escrita dins l'\u00e0mbit europeu.","breadcrumb":{"@id":"https:\/\/www.laertes.es\/ca\/llibre\/el-llit-sota-la-tomba\/#breadcrumb"},"inLanguage":"ca","potentialAction":[{"@type":"ReadAction","target":["https:\/\/www.laertes.es\/ca\/llibre\/el-llit-sota-la-tomba\/"]}]},{"@type":"ImageObject","inLanguage":"ca","@id":"https:\/\/www.laertes.es\/ca\/llibre\/el-llit-sota-la-tomba\/#primaryimage","url":"https:\/\/www.laertes.es\/wp-content\/uploads\/2023\/01\/ARC082.webp","contentUrl":"https:\/\/www.laertes.es\/wp-content\/uploads\/2023\/01\/ARC082.webp","width":802,"height":1200,"caption":"El llit sota la tomba"},{"@type":"BreadcrumbList","@id":"https:\/\/www.laertes.es\/ca\/llibre\/el-llit-sota-la-tomba\/#breadcrumb","itemListElement":[{"@type":"ListItem","position":1,"name":"Portada","item":"https:\/\/www.laertes.es\/ca\/"},{"@type":"ListItem","position":2,"name":"Tienda","item":"https:\/\/www.laertes.es\/tienda\/"},{"@type":"ListItem","position":3,"name":"El llit sota la tomba"}]},{"@type":"WebSite","@id":"https:\/\/www.laertes.es\/ca\/#website","url":"https:\/\/www.laertes.es\/ca\/","name":"Laertes Ediciones","description":"Editorial independiente desde 1975","alternateName":"Laertes","potentialAction":[{"@type":"SearchAction","target":{"@type":"EntryPoint","urlTemplate":"https:\/\/www.laertes.es\/ca\/?s={search_term_string}"},"query-input":{"@type":"PropertyValueSpecification","valueRequired":true,"valueName":"search_term_string"}}],"inLanguage":"ca"}]}},"_links":{"self":[{"href":"https:\/\/www.laertes.es\/ca\/wp-json\/wp\/v2\/product\/11835","targetHints":{"allow":["GET"]}}],"collection":[{"href":"https:\/\/www.laertes.es\/ca\/wp-json\/wp\/v2\/product"}],"about":[{"href":"https:\/\/www.laertes.es\/ca\/wp-json\/wp\/v2\/types\/product"}],"version-history":[{"count":2,"href":"https:\/\/www.laertes.es\/ca\/wp-json\/wp\/v2\/product\/11835\/revisions"}],"predecessor-version":[{"id":13491,"href":"https:\/\/www.laertes.es\/ca\/wp-json\/wp\/v2\/product\/11835\/revisions\/13491"}],"wp:featuredmedia":[{"embeddable":true,"href":"https:\/\/www.laertes.es\/ca\/wp-json\/wp\/v2\/media\/13291"}],"wp:attachment":[{"href":"https:\/\/www.laertes.es\/ca\/wp-json\/wp\/v2\/media?parent=11835"}],"wp:term":[{"taxonomy":"product_brand","embeddable":true,"href":"https:\/\/www.laertes.es\/ca\/wp-json\/wp\/v2\/product_brand?post=11835"},{"taxonomy":"product_cat","embeddable":true,"href":"https:\/\/www.laertes.es\/ca\/wp-json\/wp\/v2\/product_cat?post=11835"},{"taxonomy":"product_tag","embeddable":true,"href":"https:\/\/www.laertes.es\/ca\/wp-json\/wp\/v2\/product_tag?post=11835"},{"taxonomy":"autores","embeddable":true,"href":"https:\/\/www.laertes.es\/ca\/wp-json\/wp\/v2\/autores?post=11835"},{"taxonomy":"formatos","embeddable":true,"href":"https:\/\/www.laertes.es\/ca\/wp-json\/wp\/v2\/formatos?post=11835"},{"taxonomy":"materias","embeddable":true,"href":"https:\/\/www.laertes.es\/ca\/wp-json\/wp\/v2\/materias?post=11835"}],"curies":[{"name":"wp","href":"https:\/\/api.w.org\/{rel}","templated":true}]}}